{"id":55761,"date":"2019-03-13T11:45:55","date_gmt":"2019-03-13T10:45:55","guid":{"rendered":"https:\/\/worldofflowerpots.com\/sklep\/bruno\/"},"modified":"2019-04-16T10:25:44","modified_gmt":"2019-04-16T08:25:44","slug":"pflanzkuebel-in-grau-bruno","status":"publish","type":"product","link":"https:\/\/worldofflowerpots.com\/de\/sortiment\/pflanzkuebel-in-grau-bruno\/","title":{"rendered":"Pflanzk\u00fcbel in Grau Bruno"},"content":{"rendered":"<p>Dieser Pflanzk\u00fcbel in Grau ist im Kern aus GFK bzw. Fiberglas gefertigt und dadurch besonders stabil. Die Oberfl\u00e4che besteht aus einer Schicht Quarz, welche auf das Fiberglas in einem \u00e4hnlichen Verfahren wie Putz auf Fassaden aufgetragen wird. Das verleiht dem Pflanzk\u00fcbel in Betonoptik eine sehr robuste und wetterfeste Oberfl\u00e4che. Ein weiterer Vorteil dieser Beschichtung aus Quarz ist, dass sie bei Bedarf in beliebigen Farben mit Fassadenfarben gestrichen werden kann. So l\u00e4sst sich die Farbe vom Pflanzk\u00fcbel von Grau zu jeder beliebigen Farbe \u00e4ndern. Das macht ihr sehr vielseitig, da er nahezu an jede Umgebung angepasst werden kann. Au\u00dferdem ist die Verbindung aus mit Quarz beschichtetem GFK sehr best\u00e4ndig gegen UV-Strahlung. Eine zus\u00e4tzliche Eigenschaft dieser Materialkombination ist, dass dieser Pflanzk\u00fcbel in Betonoptik zudem frostbest\u00e4ndig ist. Dabei ist selbstverst\u00e4ndlich ein Wasserablauf stets gew\u00e4hrleistet.<\/p>\n<h3>Details zum Pflanzk\u00fcbel in Betonoptik<\/h3>\n<p>Unser vielseitiger Pflanzk\u00fcbel &#8222;Bruno&#8220; besitzt die Abmessungen 500 x 500 x 1500 Millimeter (Breite x H\u00f6he x L\u00e4nge). Dadurch ist er im Au\u00dfenbereich auch f\u00fcr die Best\u00fcckung mit gr\u00f6\u00dferen Pflanzen oder zum Gem\u00fcseanbau geeignet. Das Gewicht von ca. 37,5 Kilogramm macht ihn zudem sehr stabil und widerstandsf\u00e4hig gegen Wind oder B\u00f6en. Im Auslieferungszustand ist unser Pflanzk\u00fcbel in Grau und weiteren Farben wie Wei\u00df, Braun oder Schwarz erh\u00e4ltlich. Als weitere Anpassungsm\u00f6glichkeit bieten wir Ihnen verschiedene Oberfl\u00e4chenbeschaffenheiten des Pflanzk\u00fcbels &#8222;Bruno&#8220;. W\u00e4hlen Sie selbst aus verschiedenen glatten Oberfl\u00e4chen oder einigen Strukturen aus. Nat\u00fcrlich k\u00f6nnen Sie wie bereits erw\u00e4hnt die Farbe dieses Pflanzk\u00fcbels selbst mit Fassadenfarbe in Ihrer Wunschfarbe streichen. Aber auch ohne aufgetragene Farbe ist unser Pflanzk\u00fcbel in Grau, Schwarz, Wei\u00df oder Braunt\u00f6nen selbstverst\u00e4ndlich direkt einsatzbereit in Ihrem Garten oder auf der Terrasse. Er l\u00e4sst sich \u00fcbrigens hervorragend mit vielen anderen unserer im Shop erh\u00e4ltlichen Modelle kombinieren. Mit diesem K\u00fcbel erhalten Sie also nicht nur einen frostbest\u00e4ndigen, stabilen und robusten Pflanzk\u00fcbel, sondern auch ein besonders vielseitiges und flexibles Modell f\u00fcr Ihren Garten.<\/p>\n","protected":false},"excerpt":{"rendered":"<p>Material: Kern Fiberglas Oberfl\u00e4che Quarz- Stein<br \/>\nFarben: wei\u00df, grau, schwarz und 2 braune Farbt\u00f6ne<br \/>\nUV-resistent<\/p>\n<p>Gewicht: 37,5 kg<br \/>\nAbmessungen: B500mm H500mm L1500mm<br \/>\nWetterfest<\/p>\n<p>Robust und Stabil<br \/>\nFrostbest\u00e4ndig bei gew\u00e4hrleistetem Wasserablauf<\/p>\n","protected":false},"featured_media":59508,"template":"","meta":{"_acf_changed":false},"product_brand":[],"product_cat":[386],"product_tag":[],"class_list":{"0":"post-55761","1":"product","2":"type-product","3":"status-publish","4":"has-post-thumbnail","6":"product_cat-pflanzkuebel-fiberglas-stone","7":"description-off","8":"tm-has-options","10":"first","11":"instock","12":"shipping-taxable","13":"purchasable","14":"product-type-simple"},"acf":[],"yoast_head":"<!-- This site is optimized with the Yoast SEO plugin v27.5 - https:\/\/yoast.com\/product\/yoast-seo-wordpress\/ -->\n<title>Pflanzk\u00fcbel in Grau mit eine sehr robuste und wetterfeste Oberfl\u00e4che<\/title>\n<meta name=\"description\" content=\"Pflanzk\u00fcbel in Grau hat weiterer Vorteil dieser Beschichtung aus Quarz ist, dass sie bei Bedarf in beliebigen Fassadenfarben gestrichen werden kann.\" \/>\n<meta name=\"robots\" content=\"index, follow, max-snippet:-1, max-image-preview:large, max-video-preview:-1\" \/>\n<link rel=\"canonical\" href=\"https:\/\/worldofflowerpots.com\/sklep\/pflanzkuebel-in-grau-bruno\/\" \/>\n<meta property=\"og:locale\" content=\"de_DE\" \/>\n<meta property=\"og:type\" content=\"article\" \/>\n<meta property=\"og:title\" content=\"Pflanzk\u00fcbel in Grau mit eine sehr robuste und wetterfeste Oberfl\u00e4che\" \/>\n<meta property=\"og:description\" content=\"Pflanzk\u00fcbel in Grau hat weiterer Vorteil dieser Beschichtung aus Quarz ist, dass sie bei Bedarf in beliebigen Fassadenfarben gestrichen werden kann.\" \/>\n<meta property=\"og:url\" content=\"https:\/\/worldofflowerpots.com\/sklep\/pflanzkuebel-in-grau-bruno\/\" \/>\n<meta property=\"og:site_name\" content=\"Blumenk\u00fcbel World of Flowerpots\" \/>\n<meta property=\"article:modified_time\" content=\"2019-04-16T08:25:44+00:00\" \/>\n<meta property=\"og:image\" content=\"https:\/\/worldofflowerpots.com\/wp-content\/uploads\/2019\/03\/pflanzk\u00fcbel-grau-Bruno.jpg\" \/>\n\t<meta property=\"og:image:width\" content=\"2280\" \/>\n\t<meta property=\"og:image:height\" content=\"1612\" \/>\n\t<meta property=\"og:image:type\" content=\"image\/jpeg\" \/>\n<meta name=\"twitter:card\" content=\"summary_large_image\" \/>\n<meta name=\"twitter:label1\" content=\"Gesch\u00e4tzte Lesezeit\" \/>\n\t<meta name=\"twitter:data1\" content=\"2\u00a0Minuten\" \/>\n<script type=\"application\/ld+json\" class=\"yoast-schema-graph\">{\"@context\":\"https:\\\/\\\/schema.org\",\"@graph\":[{\"@type\":\"WebPage\",\"@id\":\"https:\\\/\\\/worldofflowerpots.com\\\/sklep\\\/pflanzkuebel-in-grau-bruno\\\/\",\"url\":\"https:\\\/\\\/worldofflowerpots.com\\\/sklep\\\/pflanzkuebel-in-grau-bruno\\\/\",\"name\":\"Pflanzk\u00fcbel in Grau mit eine sehr robuste und wetterfeste Oberfl\u00e4che\",\"isPartOf\":{\"@id\":\"https:\\\/\\\/worldofflowerpots.com\\\/#website\"},\"primaryImageOfPage\":{\"@id\":\"https:\\\/\\\/worldofflowerpots.com\\\/sklep\\\/pflanzkuebel-in-grau-bruno\\\/#primaryimage\"},\"image\":{\"@id\":\"https:\\\/\\\/worldofflowerpots.com\\\/sklep\\\/pflanzkuebel-in-grau-bruno\\\/#primaryimage\"},\"thumbnailUrl\":\"https:\\\/\\\/worldofflowerpots.com\\\/wp-content\\\/uploads\\\/2019\\\/03\\\/pflanzk\u00fcbel-grau-Bruno.jpg\",\"datePublished\":\"2019-03-13T10:45:55+00:00\",\"dateModified\":\"2019-04-16T08:25:44+00:00\",\"description\":\"Pflanzk\u00fcbel in Grau hat weiterer Vorteil dieser Beschichtung aus Quarz ist, dass sie bei Bedarf in beliebigen Fassadenfarben gestrichen werden kann.\",\"breadcrumb\":{\"@id\":\"https:\\\/\\\/worldofflowerpots.com\\\/sklep\\\/pflanzkuebel-in-grau-bruno\\\/#breadcrumb\"},\"inLanguage\":\"de\",\"potentialAction\":[{\"@type\":\"ReadAction\",\"target\":[\"https:\\\/\\\/worldofflowerpots.com\\\/sklep\\\/pflanzkuebel-in-grau-bruno\\\/\"]}]},{\"@type\":\"ImageObject\",\"inLanguage\":\"de\",\"@id\":\"https:\\\/\\\/worldofflowerpots.com\\\/sklep\\\/pflanzkuebel-in-grau-bruno\\\/#primaryimage\",\"url\":\"https:\\\/\\\/worldofflowerpots.com\\\/wp-content\\\/uploads\\\/2019\\\/03\\\/pflanzk\u00fcbel-grau-Bruno.jpg\",\"contentUrl\":\"https:\\\/\\\/worldofflowerpots.com\\\/wp-content\\\/uploads\\\/2019\\\/03\\\/pflanzk\u00fcbel-grau-Bruno.jpg\",\"width\":2280,\"height\":1612},{\"@type\":\"BreadcrumbList\",\"@id\":\"https:\\\/\\\/worldofflowerpots.com\\\/sklep\\\/pflanzkuebel-in-grau-bruno\\\/#breadcrumb\",\"itemListElement\":[{\"@type\":\"ListItem\",\"position\":1,\"name\":\"Strona g\u0142\u00f3wna\",\"item\":\"https:\\\/\\\/worldofflowerpots.com\\\/blumenkuebel-grosse-auswahl\\\/\"},{\"@type\":\"ListItem\",\"position\":2,\"name\":\"Shop\",\"item\":\"https:\\\/\\\/worldofflowerpots.com\\\/sortiment\\\/\"},{\"@type\":\"ListItem\",\"position\":3,\"name\":\"Pflanzk\u00fcbel in Grau Bruno\"}]},{\"@type\":\"WebSite\",\"@id\":\"https:\\\/\\\/worldofflowerpots.com\\\/#website\",\"url\":\"https:\\\/\\\/worldofflowerpots.com\\\/\",\"name\":\"Blumenk\u00fcbel World of Flowerpots\",\"description\":\"Pflanzk\u00fcbel beton, blumentr\u00f6ge, blumenk\u00fcbel gro\u00df, cortenstahl, fiberglas\",\"potentialAction\":[{\"@type\":\"SearchAction\",\"target\":{\"@type\":\"EntryPoint\",\"urlTemplate\":\"https:\\\/\\\/worldofflowerpots.com\\\/?s={search_term_string}\"},\"query-input\":{\"@type\":\"PropertyValueSpecification\",\"valueRequired\":true,\"valueName\":\"search_term_string\"}}],\"inLanguage\":\"de\"}]}<\/script>\n<!-- \/ Yoast SEO plugin. -->","yoast_head_json":{"title":"Pflanzk\u00fcbel in Grau mit eine sehr robuste und wetterfeste Oberfl\u00e4che","description":"Pflanzk\u00fcbel in Grau hat weiterer Vorteil dieser Beschichtung aus Quarz ist, dass sie bei Bedarf in beliebigen Fassadenfarben gestrichen werden kann.","robots":{"index":"index","follow":"follow","max-snippet":"max-snippet:-1","max-image-preview":"max-image-preview:large","max-video-preview":"max-video-preview:-1"},"canonical":"https:\/\/worldofflowerpots.com\/sklep\/pflanzkuebel-in-grau-bruno\/","og_locale":"de_DE","og_type":"article","og_title":"Pflanzk\u00fcbel in Grau mit eine sehr robuste und wetterfeste Oberfl\u00e4che","og_description":"Pflanzk\u00fcbel in Grau hat weiterer Vorteil dieser Beschichtung aus Quarz ist, dass sie bei Bedarf in beliebigen Fassadenfarben gestrichen werden kann.","og_url":"https:\/\/worldofflowerpots.com\/sklep\/pflanzkuebel-in-grau-bruno\/","og_site_name":"Blumenk\u00fcbel World of Flowerpots","article_modified_time":"2019-04-16T08:25:44+00:00","og_image":[{"width":2280,"height":1612,"url":"https:\/\/worldofflowerpots.com\/wp-content\/uploads\/2019\/03\/pflanzk\u00fcbel-grau-Bruno.jpg","type":"image\/jpeg"}],"twitter_card":"summary_large_image","twitter_misc":{"Gesch\u00e4tzte Lesezeit":"2\u00a0Minuten"},"schema":{"@context":"https:\/\/schema.org","@graph":[{"@type":"WebPage","@id":"https:\/\/worldofflowerpots.com\/sklep\/pflanzkuebel-in-grau-bruno\/","url":"https:\/\/worldofflowerpots.com\/sklep\/pflanzkuebel-in-grau-bruno\/","name":"Pflanzk\u00fcbel in Grau mit eine sehr robuste und wetterfeste Oberfl\u00e4che","isPartOf":{"@id":"https:\/\/worldofflowerpots.com\/#website"},"primaryImageOfPage":{"@id":"https:\/\/worldofflowerpots.com\/sklep\/pflanzkuebel-in-grau-bruno\/#primaryimage"},"image":{"@id":"https:\/\/worldofflowerpots.com\/sklep\/pflanzkuebel-in-grau-bruno\/#primaryimage"},"thumbnailUrl":"https:\/\/worldofflowerpots.com\/wp-content\/uploads\/2019\/03\/pflanzk\u00fcbel-grau-Bruno.jpg","datePublished":"2019-03-13T10:45:55+00:00","dateModified":"2019-04-16T08:25:44+00:00","description":"Pflanzk\u00fcbel in Grau hat weiterer Vorteil dieser Beschichtung aus Quarz ist, dass sie bei Bedarf in beliebigen Fassadenfarben gestrichen werden kann.","breadcrumb":{"@id":"https:\/\/worldofflowerpots.com\/sklep\/pflanzkuebel-in-grau-bruno\/#breadcrumb"},"inLanguage":"de","potentialAction":[{"@type":"ReadAction","target":["https:\/\/worldofflowerpots.com\/sklep\/pflanzkuebel-in-grau-bruno\/"]}]},{"@type":"ImageObject","inLanguage":"de","@id":"https:\/\/worldofflowerpots.com\/sklep\/pflanzkuebel-in-grau-bruno\/#primaryimage","url":"https:\/\/worldofflowerpots.com\/wp-content\/uploads\/2019\/03\/pflanzk\u00fcbel-grau-Bruno.jpg","contentUrl":"https:\/\/worldofflowerpots.com\/wp-content\/uploads\/2019\/03\/pflanzk\u00fcbel-grau-Bruno.jpg","width":2280,"height":1612},{"@type":"BreadcrumbList","@id":"https:\/\/worldofflowerpots.com\/sklep\/pflanzkuebel-in-grau-bruno\/#breadcrumb","itemListElement":[{"@type":"ListItem","position":1,"name":"Strona g\u0142\u00f3wna","item":"https:\/\/worldofflowerpots.com\/blumenkuebel-grosse-auswahl\/"},{"@type":"ListItem","position":2,"name":"Shop","item":"https:\/\/worldofflowerpots.com\/sortiment\/"},{"@type":"ListItem","position":3,"name":"Pflanzk\u00fcbel in Grau Bruno"}]},{"@type":"WebSite","@id":"https:\/\/worldofflowerpots.com\/#website","url":"https:\/\/worldofflowerpots.com\/","name":"Blumenk\u00fcbel World of Flowerpots","description":"Pflanzk\u00fcbel beton, blumentr\u00f6ge, blumenk\u00fcbel gro\u00df, cortenstahl, fiberglas","potentialAction":[{"@type":"SearchAction","target":{"@type":"EntryPoint","urlTemplate":"https:\/\/worldofflowerpots.com\/?s={search_term_string}"},"query-input":{"@type":"PropertyValueSpecification","valueRequired":true,"valueName":"search_term_string"}}],"inLanguage":"de"}]}},"_links":{"self":[{"href":"https:\/\/worldofflowerpots.com\/de\/wp-json\/wp\/v2\/product\/55761","targetHints":{"allow":["GET"]}}],"collection":[{"href":"https:\/\/worldofflowerpots.com\/de\/wp-json\/wp\/v2\/product"}],"about":[{"href":"https:\/\/worldofflowerpots.com\/de\/wp-json\/wp\/v2\/types\/product"}],"wp:featuredmedia":[{"embeddable":true,"href":"https:\/\/worldofflowerpots.com\/de\/wp-json\/wp\/v2\/media\/59508"}],"wp:attachment":[{"href":"https:\/\/worldofflowerpots.com\/de\/wp-json\/wp\/v2\/media?parent=55761"}],"wp:term":[{"taxonomy":"product_brand","embeddable":true,"href":"https:\/\/worldofflowerpots.com\/de\/wp-json\/wp\/v2\/product_brand?post=55761"},{"taxonomy":"product_cat","embeddable":true,"href":"https:\/\/worldofflowerpots.com\/de\/wp-json\/wp\/v2\/product_cat?post=55761"},{"taxonomy":"product_tag","embeddable":true,"href":"https:\/\/worldofflowerpots.com\/de\/wp-json\/wp\/v2\/product_tag?post=55761"}],"curies":[{"name":"wp","href":"https:\/\/api.w.org\/{rel}","templated":true}]}}