{"id":55762,"date":"2019-03-13T12:39:58","date_gmt":"2019-03-13T11:39:58","guid":{"rendered":"https:\/\/worldofflowerpots.com\/sklep\/enzo\/"},"modified":"2019-04-16T09:45:51","modified_gmt":"2019-04-16T07:45:51","slug":"blumenkasten-betonoptik","status":"publish","type":"product","link":"https:\/\/worldofflowerpots.com\/de\/sortiment\/blumenkasten-betonoptik\/","title":{"rendered":"Blumenkasten mit Betonoptik Enzo f\u00fcr Bl\u00fchpflanzen und Gr\u00fcnpflanzen"},"content":{"rendered":"<div id=\"text_highlighted\">\n<div>\n<div class=\"preview\">\n<p>Der Enzo Blumenkasten Betonoptik der Serie Stone besticht durch das schlichte, moderne Design. Betonoptik ist derzeit f\u00fcr Haus und Garten im Trend. Das Design bew\u00e4hrt sich an den unterschiedlichsten Stellpl\u00e4tzen. Die Entfaltung von Pracht und Farben \u00fcberl\u00e4sst diese Optik Ihren Pflanzen.<\/p>\n<h3>Pflanzk\u00fcbel Betonoptik f\u00fcr Balkon, Terrasse und Garten<\/h3>\n<p>Der Blumenkasten Betonoptik Enzo besteht im Kern aus GFK (glasfaserverst\u00e4rktem Kunststoff), die Oberfl\u00e4chen bestehen aus Quarz. Die Materialkombination sichert Witterungsbest\u00e4ndigkeit, Schutz vor Korrosion und UV-Schutz. Den schicken Pflanzk\u00fcbel Betonoptik gibt es in den Farben Schwarz, Wei\u00df, Grau und zwei Braunt\u00f6nen. Die H\u00f6he von 50 cm erlaubt Ihnen, auch Pflanzen mit tiefreichenden Wurzeln einzusetzen. Bei 50 cm Breite und 120 cm L\u00e4nge bietet der K\u00fcbel auch gen\u00fcgend Entfaltungsraum f\u00fcr mehrere Pflanzen. Sie k\u00f6nnen den Enzo Pflanzk\u00fcbel Betonoptik auf dem Balkon oder im Garten aufstellen. Sehr dekorativ l\u00e4sst sich die Terrasse mit mehreren Blumenk\u00e4sten Enzo umrahmen. Auch auf dem Rasen oder am Eingang verfehlt der schicke Pflanzk\u00fcbel seine Wirkung nicht. Ein Vorteil des widerstandsf\u00e4higen Materials ist, dass Sie sp\u00e4ter den Blumenk\u00fcbel einfach mit einer Fassadenfarbe neu streichen k\u00f6nnen. Mit 30 kg ist der K\u00fcbel gut zu handhaben. Ist der gro\u00dfe Kasten mit Erde gef\u00fcllt und gepflanzt, sichert das Gesamtgewicht eine enorme Standsicherheit. Der Wasserablauf sch\u00fctzt Ihre Pflanzen vor Staun\u00e4sse. Fiberglas und Quarz sorgen f\u00fcr ein gleichm\u00e4\u00dfig guten Bodenklima im K\u00fcbel.<\/p>\n<h3>Bepflanzung f\u00fcr den Blumenkasten Betonoptik Enzo<\/h3>\n<p>Die schlichte, lineare Optik in dezenten Farben eignet sehr gut f\u00fcr eine farbenfrohe Bepflanzung. Sie k\u00f6nnen in den Blumenkasten bunte, bl\u00fchende Fr\u00fchlings- und Sommerblumen setzen. Gut geeignet sind hohe Bepflanzungen, z.B. mit Dahlien, hohe Margeriten, Rittersporn oder Hibiskus. Auf dem Balkon k\u00f6nnen Sie auch Ihre hohen Tomatenpflanzen im Pflanzk\u00fcbel Betonoptik ziehen. Auf einer Mauer oder einem ausreichend langem Sockel aufgestellt, kann der schicke Pflanzkasten auch mit Rankpflanzen besetzt werden. F\u00fcr Bl\u00fchpflanzen eignet sich besonders gut der Blumenkasten Betonoptik Enzo in Braun oder Schwarz. Sch\u00f6ne, dichte Gr\u00fcnpflanzen kommen in den helleren Farben Wei\u00df oder Grau hervorragend zu Geltung.<\/p>\n<\/div>\n<\/div>\n<\/div>\n","protected":false},"excerpt":{"rendered":"<p>Material: Kern Fiberglas Oberfl\u00e4che Quarz- Stein<br \/>\nFarben: wei\u00df, grau, schwarz und 2 braune Farbt\u00f6ne<br \/>\nUV-resistent<\/p>\n<p>Gewicht: 30 kg<br \/>\nAbmessungen: B500mm H500mm L1200mm<br \/>\nWetterfest<\/p>\n<p>Robust und Stabil<br \/>\nFrostbest\u00e4ndig bei gew\u00e4hrleistetem Wasserablauf<\/p>\n","protected":false},"featured_media":59319,"template":"","meta":{"_acf_changed":false},"product_brand":[],"product_cat":[386],"product_tag":[],"class_list":{"0":"post-55762","1":"product","2":"type-product","3":"status-publish","4":"has-post-thumbnail","6":"product_cat-pflanzkuebel-fiberglas-stone","7":"description-off","8":"tm-has-options","10":"first","11":"instock","12":"shipping-taxable","13":"purchasable","14":"product-type-simple"},"acf":[],"yoast_head":"<!-- This site is optimized with the Yoast SEO plugin v27.5 - https:\/\/yoast.com\/product\/yoast-seo-wordpress\/ -->\n<title>Blumenkasten mit Betonoptik Enzo f\u00fcr Bl\u00fchpflanzen und Gr\u00fcnpflanzen |<\/title>\n<meta name=\"description\" content=\"Der Blumenkasten Betonoptik Enzo besteht im Kern aus GFK (glasfaserverst\u00e4rktem Kunststoff), die Oberfl\u00e4chen bestehen aus Quarz.\" \/>\n<meta name=\"robots\" content=\"index, follow, max-snippet:-1, max-image-preview:large, max-video-preview:-1\" \/>\n<link rel=\"canonical\" href=\"https:\/\/worldofflowerpots.com\/sklep\/blumenkasten-betonoptik\/\" \/>\n<meta property=\"og:locale\" content=\"de_DE\" \/>\n<meta property=\"og:type\" content=\"article\" \/>\n<meta property=\"og:title\" content=\"Blumenkasten mit Betonoptik Enzo f\u00fcr Bl\u00fchpflanzen und Gr\u00fcnpflanzen |\" \/>\n<meta property=\"og:description\" content=\"Der Blumenkasten Betonoptik Enzo besteht im Kern aus GFK (glasfaserverst\u00e4rktem Kunststoff), die Oberfl\u00e4chen bestehen aus Quarz.\" \/>\n<meta property=\"og:url\" content=\"https:\/\/worldofflowerpots.com\/sklep\/blumenkasten-betonoptik\/\" \/>\n<meta property=\"og:site_name\" content=\"Blumenk\u00fcbel World of Flowerpots\" \/>\n<meta property=\"article:modified_time\" content=\"2019-04-16T07:45:51+00:00\" \/>\n<meta property=\"og:image\" content=\"https:\/\/worldofflowerpots.com\/wp-content\/uploads\/2019\/03\/blumenkasten-betonoptik-Enzo.jpg\" \/>\n\t<meta property=\"og:image:width\" content=\"2280\" \/>\n\t<meta property=\"og:image:height\" content=\"1612\" \/>\n\t<meta property=\"og:image:type\" content=\"image\/jpeg\" \/>\n<meta name=\"twitter:card\" content=\"summary_large_image\" \/>\n<meta name=\"twitter:label1\" content=\"Gesch\u00e4tzte Lesezeit\" \/>\n\t<meta name=\"twitter:data1\" content=\"2\u00a0Minuten\" \/>\n<script type=\"application\/ld+json\" class=\"yoast-schema-graph\">{\"@context\":\"https:\\\/\\\/schema.org\",\"@graph\":[{\"@type\":\"WebPage\",\"@id\":\"https:\\\/\\\/worldofflowerpots.com\\\/sklep\\\/blumenkasten-betonoptik\\\/\",\"url\":\"https:\\\/\\\/worldofflowerpots.com\\\/sklep\\\/blumenkasten-betonoptik\\\/\",\"name\":\"Blumenkasten mit Betonoptik Enzo f\u00fcr Bl\u00fchpflanzen und Gr\u00fcnpflanzen |\",\"isPartOf\":{\"@id\":\"https:\\\/\\\/worldofflowerpots.com\\\/#website\"},\"primaryImageOfPage\":{\"@id\":\"https:\\\/\\\/worldofflowerpots.com\\\/sklep\\\/blumenkasten-betonoptik\\\/#primaryimage\"},\"image\":{\"@id\":\"https:\\\/\\\/worldofflowerpots.com\\\/sklep\\\/blumenkasten-betonoptik\\\/#primaryimage\"},\"thumbnailUrl\":\"https:\\\/\\\/worldofflowerpots.com\\\/wp-content\\\/uploads\\\/2019\\\/03\\\/blumenkasten-betonoptik-Enzo.jpg\",\"datePublished\":\"2019-03-13T11:39:58+00:00\",\"dateModified\":\"2019-04-16T07:45:51+00:00\",\"description\":\"Der Blumenkasten Betonoptik Enzo besteht im Kern aus GFK (glasfaserverst\u00e4rktem Kunststoff), die Oberfl\u00e4chen bestehen aus Quarz.\",\"breadcrumb\":{\"@id\":\"https:\\\/\\\/worldofflowerpots.com\\\/sklep\\\/blumenkasten-betonoptik\\\/#breadcrumb\"},\"inLanguage\":\"de\",\"potentialAction\":[{\"@type\":\"ReadAction\",\"target\":[\"https:\\\/\\\/worldofflowerpots.com\\\/sklep\\\/blumenkasten-betonoptik\\\/\"]}]},{\"@type\":\"ImageObject\",\"inLanguage\":\"de\",\"@id\":\"https:\\\/\\\/worldofflowerpots.com\\\/sklep\\\/blumenkasten-betonoptik\\\/#primaryimage\",\"url\":\"https:\\\/\\\/worldofflowerpots.com\\\/wp-content\\\/uploads\\\/2019\\\/03\\\/blumenkasten-betonoptik-Enzo.jpg\",\"contentUrl\":\"https:\\\/\\\/worldofflowerpots.com\\\/wp-content\\\/uploads\\\/2019\\\/03\\\/blumenkasten-betonoptik-Enzo.jpg\",\"width\":2280,\"height\":1612},{\"@type\":\"BreadcrumbList\",\"@id\":\"https:\\\/\\\/worldofflowerpots.com\\\/sklep\\\/blumenkasten-betonoptik\\\/#breadcrumb\",\"itemListElement\":[{\"@type\":\"ListItem\",\"position\":1,\"name\":\"Strona g\u0142\u00f3wna\",\"item\":\"https:\\\/\\\/worldofflowerpots.com\\\/blumenkuebel-grosse-auswahl\\\/\"},{\"@type\":\"ListItem\",\"position\":2,\"name\":\"Shop\",\"item\":\"https:\\\/\\\/worldofflowerpots.com\\\/sortiment\\\/\"},{\"@type\":\"ListItem\",\"position\":3,\"name\":\"Blumenkasten mit Betonoptik Enzo f\u00fcr Bl\u00fchpflanzen und Gr\u00fcnpflanzen\"}]},{\"@type\":\"WebSite\",\"@id\":\"https:\\\/\\\/worldofflowerpots.com\\\/#website\",\"url\":\"https:\\\/\\\/worldofflowerpots.com\\\/\",\"name\":\"Blumenk\u00fcbel World of Flowerpots\",\"description\":\"Pflanzk\u00fcbel beton, blumentr\u00f6ge, blumenk\u00fcbel gro\u00df, cortenstahl, fiberglas\",\"potentialAction\":[{\"@type\":\"SearchAction\",\"target\":{\"@type\":\"EntryPoint\",\"urlTemplate\":\"https:\\\/\\\/worldofflowerpots.com\\\/?s={search_term_string}\"},\"query-input\":{\"@type\":\"PropertyValueSpecification\",\"valueRequired\":true,\"valueName\":\"search_term_string\"}}],\"inLanguage\":\"de\"}]}<\/script>\n<!-- \/ Yoast SEO plugin. -->","yoast_head_json":{"title":"Blumenkasten mit Betonoptik Enzo f\u00fcr Bl\u00fchpflanzen und Gr\u00fcnpflanzen |","description":"Der Blumenkasten Betonoptik Enzo besteht im Kern aus GFK (glasfaserverst\u00e4rktem Kunststoff), die Oberfl\u00e4chen bestehen aus Quarz.","robots":{"index":"index","follow":"follow","max-snippet":"max-snippet:-1","max-image-preview":"max-image-preview:large","max-video-preview":"max-video-preview:-1"},"canonical":"https:\/\/worldofflowerpots.com\/sklep\/blumenkasten-betonoptik\/","og_locale":"de_DE","og_type":"article","og_title":"Blumenkasten mit Betonoptik Enzo f\u00fcr Bl\u00fchpflanzen und Gr\u00fcnpflanzen |","og_description":"Der Blumenkasten Betonoptik Enzo besteht im Kern aus GFK (glasfaserverst\u00e4rktem Kunststoff), die Oberfl\u00e4chen bestehen aus Quarz.","og_url":"https:\/\/worldofflowerpots.com\/sklep\/blumenkasten-betonoptik\/","og_site_name":"Blumenk\u00fcbel World of Flowerpots","article_modified_time":"2019-04-16T07:45:51+00:00","og_image":[{"width":2280,"height":1612,"url":"https:\/\/worldofflowerpots.com\/wp-content\/uploads\/2019\/03\/blumenkasten-betonoptik-Enzo.jpg","type":"image\/jpeg"}],"twitter_card":"summary_large_image","twitter_misc":{"Gesch\u00e4tzte Lesezeit":"2\u00a0Minuten"},"schema":{"@context":"https:\/\/schema.org","@graph":[{"@type":"WebPage","@id":"https:\/\/worldofflowerpots.com\/sklep\/blumenkasten-betonoptik\/","url":"https:\/\/worldofflowerpots.com\/sklep\/blumenkasten-betonoptik\/","name":"Blumenkasten mit Betonoptik Enzo f\u00fcr Bl\u00fchpflanzen und Gr\u00fcnpflanzen |","isPartOf":{"@id":"https:\/\/worldofflowerpots.com\/#website"},"primaryImageOfPage":{"@id":"https:\/\/worldofflowerpots.com\/sklep\/blumenkasten-betonoptik\/#primaryimage"},"image":{"@id":"https:\/\/worldofflowerpots.com\/sklep\/blumenkasten-betonoptik\/#primaryimage"},"thumbnailUrl":"https:\/\/worldofflowerpots.com\/wp-content\/uploads\/2019\/03\/blumenkasten-betonoptik-Enzo.jpg","datePublished":"2019-03-13T11:39:58+00:00","dateModified":"2019-04-16T07:45:51+00:00","description":"Der Blumenkasten Betonoptik Enzo besteht im Kern aus GFK (glasfaserverst\u00e4rktem Kunststoff), die Oberfl\u00e4chen bestehen aus Quarz.","breadcrumb":{"@id":"https:\/\/worldofflowerpots.com\/sklep\/blumenkasten-betonoptik\/#breadcrumb"},"inLanguage":"de","potentialAction":[{"@type":"ReadAction","target":["https:\/\/worldofflowerpots.com\/sklep\/blumenkasten-betonoptik\/"]}]},{"@type":"ImageObject","inLanguage":"de","@id":"https:\/\/worldofflowerpots.com\/sklep\/blumenkasten-betonoptik\/#primaryimage","url":"https:\/\/worldofflowerpots.com\/wp-content\/uploads\/2019\/03\/blumenkasten-betonoptik-Enzo.jpg","contentUrl":"https:\/\/worldofflowerpots.com\/wp-content\/uploads\/2019\/03\/blumenkasten-betonoptik-Enzo.jpg","width":2280,"height":1612},{"@type":"BreadcrumbList","@id":"https:\/\/worldofflowerpots.com\/sklep\/blumenkasten-betonoptik\/#breadcrumb","itemListElement":[{"@type":"ListItem","position":1,"name":"Strona g\u0142\u00f3wna","item":"https:\/\/worldofflowerpots.com\/blumenkuebel-grosse-auswahl\/"},{"@type":"ListItem","position":2,"name":"Shop","item":"https:\/\/worldofflowerpots.com\/sortiment\/"},{"@type":"ListItem","position":3,"name":"Blumenkasten mit Betonoptik Enzo f\u00fcr Bl\u00fchpflanzen und Gr\u00fcnpflanzen"}]},{"@type":"WebSite","@id":"https:\/\/worldofflowerpots.com\/#website","url":"https:\/\/worldofflowerpots.com\/","name":"Blumenk\u00fcbel World of Flowerpots","description":"Pflanzk\u00fcbel beton, blumentr\u00f6ge, blumenk\u00fcbel gro\u00df, cortenstahl, fiberglas","potentialAction":[{"@type":"SearchAction","target":{"@type":"EntryPoint","urlTemplate":"https:\/\/worldofflowerpots.com\/?s={search_term_string}"},"query-input":{"@type":"PropertyValueSpecification","valueRequired":true,"valueName":"search_term_string"}}],"inLanguage":"de"}]}},"_links":{"self":[{"href":"https:\/\/worldofflowerpots.com\/de\/wp-json\/wp\/v2\/product\/55762","targetHints":{"allow":["GET"]}}],"collection":[{"href":"https:\/\/worldofflowerpots.com\/de\/wp-json\/wp\/v2\/product"}],"about":[{"href":"https:\/\/worldofflowerpots.com\/de\/wp-json\/wp\/v2\/types\/product"}],"wp:featuredmedia":[{"embeddable":true,"href":"https:\/\/worldofflowerpots.com\/de\/wp-json\/wp\/v2\/media\/59319"}],"wp:attachment":[{"href":"https:\/\/worldofflowerpots.com\/de\/wp-json\/wp\/v2\/media?parent=55762"}],"wp:term":[{"taxonomy":"product_brand","embeddable":true,"href":"https:\/\/worldofflowerpots.com\/de\/wp-json\/wp\/v2\/product_brand?post=55762"},{"taxonomy":"product_cat","embeddable":true,"href":"https:\/\/worldofflowerpots.com\/de\/wp-json\/wp\/v2\/product_cat?post=55762"},{"taxonomy":"product_tag","embeddable":true,"href":"https:\/\/worldofflowerpots.com\/de\/wp-json\/wp\/v2\/product_tag?post=55762"}],"curies":[{"name":"wp","href":"https:\/\/api.w.org\/{rel}","templated":true}]}}