{"id":55763,"date":"2019-03-13T12:51:36","date_gmt":"2019-03-13T11:51:36","guid":{"rendered":"https:\/\/worldofflowerpots.com\/sklep\/leonardo\/"},"modified":"2019-04-16T10:24:19","modified_gmt":"2019-04-16T08:24:19","slug":"pflanzkuebel-in-steinoptik","status":"publish","type":"product","link":"https:\/\/worldofflowerpots.com\/de\/sortiment\/pflanzkuebel-in-steinoptik\/","title":{"rendered":"Leonardo Pflanzk\u00fcbel in Steinoptik f\u00fcr Terrasse und Garten"},"content":{"rendered":"<p>Mit dem ger\u00e4umigen Pflanzk\u00fcbel Leonardo k\u00f6nnen Ihre Pflanzentr\u00e4ume auch auf kleinsten Raum wahr werden, denn er eignet sich auch f\u00fcr Balkon und Terrasse oder kleine G\u00e4rten. Wenn Sie einen Wasserablauf installieren, ist der Pflanzk\u00fcbel hundertprozentig frostfest. Mit einer Gr\u00f6\u00dfe von 50 x 100 Zentimetern haben Sie genug Fl\u00e4che zur Bepflanzung mit K\u00fcchenkr\u00e4utern, Blumen, Minikoniferen oder was immer in einen K\u00fcbel gepflanzt werden kann. In gesch\u00fctzten Lagen und bei guter Pflege gedeihen auch Minitomaten, Minipaprika oder anderes mediterrane Gem\u00fcse. Sie k\u00f6nnen aber auch Blumenzwiebeln, Steingartenpflanzen und \u00c4hnliches darin in eine kleine bl\u00fchende Oase verwandeln.<\/p>\n<p><strong>Moderne, robuste Materialien und freie Gestaltungsm\u00f6glichkeiten<\/strong><\/p>\n<p>Der 25 Kilogramm schwere Pflanzk\u00fcbel in Betonoptik besteht in seinem Kern aus robustem Fiberglas, dessen Oberfl\u00e4che mit Quarzstein veredelt wurde. Der Pflanzk\u00fcbel mit Steinoptik ist in einem Farbmix von wei\u00df, grau, schwarz und 2 braunen Farbt\u00f6nen gestaltet. Au\u00dferdem k\u00f6nnen Sie den Pflanzk\u00fcbel, falls Betonoptik nicht Ihren Geschmack trifft, problemlos mit einer passenden Fassadenfarbe streichen. Betonoptik liegt jedoch aktuell voll im Trend und passt zu jedem modernen Gartenstil. Bei dem Einsatz auf einem Balkon sollten Sie jedoch die Tragf\u00e4higkeit beachten, besonders bei mehreren K\u00fcbeln kann es schnell zu schwer werden, denn es passt auch Einiges an Erde hinein, die je nach Zusammensetzung ebenfalls einige Kilogramm an Gewicht mit sich bringt.<\/p>\n<p><strong>Pflanzk\u00fcbel in Steinoptik harmonieren mit vielen Terrassenbel\u00e4gen<\/strong><\/p>\n<p>Pflanzk\u00fcbel in Betonoptik oder Steinoptik passen zu vielen Bodenbel\u00e4gen. Sie harmonieren mit WPC oder Holzdielen, mit Polygonalplatten genauso wie mit schlichtem Splitt oder Kies. Sehr edel wirkt der Pflanzk\u00fcbel Leonardo auf schiefergrauen oder anthrazitfarbenen Terrassenplatten. In diesem Zusammenspiel kommt eine gr\u00fcne oder farbenfrohe Bepflanzung des Pflanzk\u00fcbels Leonardo besonders sch\u00f6n zur Geltung. Vor allem wenn Sie mehrere Pflanzk\u00fcbel auf Ihrer Terrasse aufstellen beispielsweise um Sitzbereiche oder den Poolbereich optisch abzutrennen. Mit dem Pflanzk\u00fcbel in Steinoptik Leonardo setzen Sie Akzente und Pflanzk\u00fcbel in Betonoptik liegen derzeit voll im Trend.<\/p>\n","protected":false},"excerpt":{"rendered":"<p>Material: Kern Fiberglas Oberfl\u00e4che Quarz- Stein<br \/>\nFarben: wei\u00df, grau, schwarz und 2 braune Farbt\u00f6ne<br \/>\nUV-resistent<\/p>\n<p>Gewicht: 25 kg<br \/>\nAbmessungen: B500mm H500mm L1000mm<br \/>\nWetterfest<\/p>\n<p>Robust und Stabil<br \/>\nFrostbest\u00e4ndig bei gew\u00e4hrleistetem Wasserablauf<\/p>\n","protected":false},"featured_media":59498,"template":"","meta":{"_acf_changed":false},"product_brand":[],"product_cat":[386],"product_tag":[],"class_list":{"0":"post-55763","1":"product","2":"type-product","3":"status-publish","4":"has-post-thumbnail","6":"product_cat-pflanzkuebel-fiberglas-stone","7":"description-off","8":"tm-has-options","10":"first","11":"instock","12":"shipping-taxable","13":"purchasable","14":"product-type-simple"},"acf":[],"yoast_head":"<!-- This site is optimized with the Yoast SEO plugin v27.5 - https:\/\/yoast.com\/product\/yoast-seo-wordpress\/ -->\n<title>Pflanzk\u00fcbel in Steinoptik f\u00fcr Terrasse und Garten leicht und robust<\/title>\n<meta name=\"description\" content=\"Pflanzk\u00fcbel in Steinoptik besteht in seinem Kern aus robustem Fiberglas, dessen Oberfl\u00e4che mit Quarzstein veredelt wurde.\" \/>\n<meta name=\"robots\" content=\"index, follow, max-snippet:-1, max-image-preview:large, max-video-preview:-1\" \/>\n<link rel=\"canonical\" href=\"https:\/\/worldofflowerpots.com\/sklep\/pflanzkuebel-in-steinoptik\/\" \/>\n<meta property=\"og:locale\" content=\"de_DE\" \/>\n<meta property=\"og:type\" content=\"article\" \/>\n<meta property=\"og:title\" content=\"Pflanzk\u00fcbel in Steinoptik f\u00fcr Terrasse und Garten leicht und robust\" \/>\n<meta property=\"og:description\" content=\"Pflanzk\u00fcbel in Steinoptik besteht in seinem Kern aus robustem Fiberglas, dessen Oberfl\u00e4che mit Quarzstein veredelt wurde.\" \/>\n<meta property=\"og:url\" content=\"https:\/\/worldofflowerpots.com\/sklep\/pflanzkuebel-in-steinoptik\/\" \/>\n<meta property=\"og:site_name\" content=\"Blumenk\u00fcbel World of Flowerpots\" \/>\n<meta property=\"article:modified_time\" content=\"2019-04-16T08:24:19+00:00\" \/>\n<meta property=\"og:image\" content=\"https:\/\/worldofflowerpots.com\/wp-content\/uploads\/2019\/03\/pflanzk\u00fcbel-steinoptik-Leonardo.jpg\" \/>\n\t<meta property=\"og:image:width\" content=\"2280\" \/>\n\t<meta property=\"og:image:height\" content=\"1612\" \/>\n\t<meta property=\"og:image:type\" content=\"image\/jpeg\" \/>\n<meta name=\"twitter:card\" content=\"summary_large_image\" \/>\n<meta name=\"twitter:label1\" content=\"Gesch\u00e4tzte Lesezeit\" \/>\n\t<meta name=\"twitter:data1\" content=\"2\u00a0Minuten\" \/>\n<script type=\"application\/ld+json\" class=\"yoast-schema-graph\">{\"@context\":\"https:\\\/\\\/schema.org\",\"@graph\":[{\"@type\":\"WebPage\",\"@id\":\"https:\\\/\\\/worldofflowerpots.com\\\/sklep\\\/pflanzkuebel-in-steinoptik\\\/\",\"url\":\"https:\\\/\\\/worldofflowerpots.com\\\/sklep\\\/pflanzkuebel-in-steinoptik\\\/\",\"name\":\"Pflanzk\u00fcbel in Steinoptik f\u00fcr Terrasse und Garten leicht und robust\",\"isPartOf\":{\"@id\":\"https:\\\/\\\/worldofflowerpots.com\\\/#website\"},\"primaryImageOfPage\":{\"@id\":\"https:\\\/\\\/worldofflowerpots.com\\\/sklep\\\/pflanzkuebel-in-steinoptik\\\/#primaryimage\"},\"image\":{\"@id\":\"https:\\\/\\\/worldofflowerpots.com\\\/sklep\\\/pflanzkuebel-in-steinoptik\\\/#primaryimage\"},\"thumbnailUrl\":\"https:\\\/\\\/worldofflowerpots.com\\\/wp-content\\\/uploads\\\/2019\\\/03\\\/pflanzk\u00fcbel-steinoptik-Leonardo.jpg\",\"datePublished\":\"2019-03-13T11:51:36+00:00\",\"dateModified\":\"2019-04-16T08:24:19+00:00\",\"description\":\"Pflanzk\u00fcbel in Steinoptik besteht in seinem Kern aus robustem Fiberglas, dessen Oberfl\u00e4che mit Quarzstein veredelt wurde.\",\"breadcrumb\":{\"@id\":\"https:\\\/\\\/worldofflowerpots.com\\\/sklep\\\/pflanzkuebel-in-steinoptik\\\/#breadcrumb\"},\"inLanguage\":\"de\",\"potentialAction\":[{\"@type\":\"ReadAction\",\"target\":[\"https:\\\/\\\/worldofflowerpots.com\\\/sklep\\\/pflanzkuebel-in-steinoptik\\\/\"]}]},{\"@type\":\"ImageObject\",\"inLanguage\":\"de\",\"@id\":\"https:\\\/\\\/worldofflowerpots.com\\\/sklep\\\/pflanzkuebel-in-steinoptik\\\/#primaryimage\",\"url\":\"https:\\\/\\\/worldofflowerpots.com\\\/wp-content\\\/uploads\\\/2019\\\/03\\\/pflanzk\u00fcbel-steinoptik-Leonardo.jpg\",\"contentUrl\":\"https:\\\/\\\/worldofflowerpots.com\\\/wp-content\\\/uploads\\\/2019\\\/03\\\/pflanzk\u00fcbel-steinoptik-Leonardo.jpg\",\"width\":2280,\"height\":1612},{\"@type\":\"BreadcrumbList\",\"@id\":\"https:\\\/\\\/worldofflowerpots.com\\\/sklep\\\/pflanzkuebel-in-steinoptik\\\/#breadcrumb\",\"itemListElement\":[{\"@type\":\"ListItem\",\"position\":1,\"name\":\"Strona g\u0142\u00f3wna\",\"item\":\"https:\\\/\\\/worldofflowerpots.com\\\/blumenkuebel-grosse-auswahl\\\/\"},{\"@type\":\"ListItem\",\"position\":2,\"name\":\"Shop\",\"item\":\"https:\\\/\\\/worldofflowerpots.com\\\/sortiment\\\/\"},{\"@type\":\"ListItem\",\"position\":3,\"name\":\"Leonardo Pflanzk\u00fcbel in Steinoptik f\u00fcr Terrasse und Garten\"}]},{\"@type\":\"WebSite\",\"@id\":\"https:\\\/\\\/worldofflowerpots.com\\\/#website\",\"url\":\"https:\\\/\\\/worldofflowerpots.com\\\/\",\"name\":\"Blumenk\u00fcbel World of Flowerpots\",\"description\":\"Pflanzk\u00fcbel beton, blumentr\u00f6ge, blumenk\u00fcbel gro\u00df, cortenstahl, fiberglas\",\"potentialAction\":[{\"@type\":\"SearchAction\",\"target\":{\"@type\":\"EntryPoint\",\"urlTemplate\":\"https:\\\/\\\/worldofflowerpots.com\\\/?s={search_term_string}\"},\"query-input\":{\"@type\":\"PropertyValueSpecification\",\"valueRequired\":true,\"valueName\":\"search_term_string\"}}],\"inLanguage\":\"de\"}]}<\/script>\n<!-- \/ Yoast SEO plugin. -->","yoast_head_json":{"title":"Pflanzk\u00fcbel in Steinoptik f\u00fcr Terrasse und Garten leicht und robust","description":"Pflanzk\u00fcbel in Steinoptik besteht in seinem Kern aus robustem Fiberglas, dessen Oberfl\u00e4che mit Quarzstein veredelt wurde.","robots":{"index":"index","follow":"follow","max-snippet":"max-snippet:-1","max-image-preview":"max-image-preview:large","max-video-preview":"max-video-preview:-1"},"canonical":"https:\/\/worldofflowerpots.com\/sklep\/pflanzkuebel-in-steinoptik\/","og_locale":"de_DE","og_type":"article","og_title":"Pflanzk\u00fcbel in Steinoptik f\u00fcr Terrasse und Garten leicht und robust","og_description":"Pflanzk\u00fcbel in Steinoptik besteht in seinem Kern aus robustem Fiberglas, dessen Oberfl\u00e4che mit Quarzstein veredelt wurde.","og_url":"https:\/\/worldofflowerpots.com\/sklep\/pflanzkuebel-in-steinoptik\/","og_site_name":"Blumenk\u00fcbel World of Flowerpots","article_modified_time":"2019-04-16T08:24:19+00:00","og_image":[{"width":2280,"height":1612,"url":"https:\/\/worldofflowerpots.com\/wp-content\/uploads\/2019\/03\/pflanzk\u00fcbel-steinoptik-Leonardo.jpg","type":"image\/jpeg"}],"twitter_card":"summary_large_image","twitter_misc":{"Gesch\u00e4tzte Lesezeit":"2\u00a0Minuten"},"schema":{"@context":"https:\/\/schema.org","@graph":[{"@type":"WebPage","@id":"https:\/\/worldofflowerpots.com\/sklep\/pflanzkuebel-in-steinoptik\/","url":"https:\/\/worldofflowerpots.com\/sklep\/pflanzkuebel-in-steinoptik\/","name":"Pflanzk\u00fcbel in Steinoptik f\u00fcr Terrasse und Garten leicht und robust","isPartOf":{"@id":"https:\/\/worldofflowerpots.com\/#website"},"primaryImageOfPage":{"@id":"https:\/\/worldofflowerpots.com\/sklep\/pflanzkuebel-in-steinoptik\/#primaryimage"},"image":{"@id":"https:\/\/worldofflowerpots.com\/sklep\/pflanzkuebel-in-steinoptik\/#primaryimage"},"thumbnailUrl":"https:\/\/worldofflowerpots.com\/wp-content\/uploads\/2019\/03\/pflanzk\u00fcbel-steinoptik-Leonardo.jpg","datePublished":"2019-03-13T11:51:36+00:00","dateModified":"2019-04-16T08:24:19+00:00","description":"Pflanzk\u00fcbel in Steinoptik besteht in seinem Kern aus robustem Fiberglas, dessen Oberfl\u00e4che mit Quarzstein veredelt wurde.","breadcrumb":{"@id":"https:\/\/worldofflowerpots.com\/sklep\/pflanzkuebel-in-steinoptik\/#breadcrumb"},"inLanguage":"de","potentialAction":[{"@type":"ReadAction","target":["https:\/\/worldofflowerpots.com\/sklep\/pflanzkuebel-in-steinoptik\/"]}]},{"@type":"ImageObject","inLanguage":"de","@id":"https:\/\/worldofflowerpots.com\/sklep\/pflanzkuebel-in-steinoptik\/#primaryimage","url":"https:\/\/worldofflowerpots.com\/wp-content\/uploads\/2019\/03\/pflanzk\u00fcbel-steinoptik-Leonardo.jpg","contentUrl":"https:\/\/worldofflowerpots.com\/wp-content\/uploads\/2019\/03\/pflanzk\u00fcbel-steinoptik-Leonardo.jpg","width":2280,"height":1612},{"@type":"BreadcrumbList","@id":"https:\/\/worldofflowerpots.com\/sklep\/pflanzkuebel-in-steinoptik\/#breadcrumb","itemListElement":[{"@type":"ListItem","position":1,"name":"Strona g\u0142\u00f3wna","item":"https:\/\/worldofflowerpots.com\/blumenkuebel-grosse-auswahl\/"},{"@type":"ListItem","position":2,"name":"Shop","item":"https:\/\/worldofflowerpots.com\/sortiment\/"},{"@type":"ListItem","position":3,"name":"Leonardo Pflanzk\u00fcbel in Steinoptik f\u00fcr Terrasse und Garten"}]},{"@type":"WebSite","@id":"https:\/\/worldofflowerpots.com\/#website","url":"https:\/\/worldofflowerpots.com\/","name":"Blumenk\u00fcbel World of Flowerpots","description":"Pflanzk\u00fcbel beton, blumentr\u00f6ge, blumenk\u00fcbel gro\u00df, cortenstahl, fiberglas","potentialAction":[{"@type":"SearchAction","target":{"@type":"EntryPoint","urlTemplate":"https:\/\/worldofflowerpots.com\/?s={search_term_string}"},"query-input":{"@type":"PropertyValueSpecification","valueRequired":true,"valueName":"search_term_string"}}],"inLanguage":"de"}]}},"_links":{"self":[{"href":"https:\/\/worldofflowerpots.com\/de\/wp-json\/wp\/v2\/product\/55763","targetHints":{"allow":["GET"]}}],"collection":[{"href":"https:\/\/worldofflowerpots.com\/de\/wp-json\/wp\/v2\/product"}],"about":[{"href":"https:\/\/worldofflowerpots.com\/de\/wp-json\/wp\/v2\/types\/product"}],"wp:featuredmedia":[{"embeddable":true,"href":"https:\/\/worldofflowerpots.com\/de\/wp-json\/wp\/v2\/media\/59498"}],"wp:attachment":[{"href":"https:\/\/worldofflowerpots.com\/de\/wp-json\/wp\/v2\/media?parent=55763"}],"wp:term":[{"taxonomy":"product_brand","embeddable":true,"href":"https:\/\/worldofflowerpots.com\/de\/wp-json\/wp\/v2\/product_brand?post=55763"},{"taxonomy":"product_cat","embeddable":true,"href":"https:\/\/worldofflowerpots.com\/de\/wp-json\/wp\/v2\/product_cat?post=55763"},{"taxonomy":"product_tag","embeddable":true,"href":"https:\/\/worldofflowerpots.com\/de\/wp-json\/wp\/v2\/product_tag?post=55763"}],"curies":[{"name":"wp","href":"https:\/\/api.w.org\/{rel}","templated":true}]}}