{"id":55764,"date":"2019-03-13T13:04:24","date_gmt":"2019-03-13T12:04:24","guid":{"rendered":"https:\/\/worldofflowerpots.com\/sklep\/55764\/"},"modified":"2019-04-16T10:22:32","modified_gmt":"2019-04-16T08:22:32","slug":"pflanzkuebel-stein-beton-urano","status":"publish","type":"product","link":"https:\/\/worldofflowerpots.com\/de\/sortiment\/pflanzkuebel-stein-beton-urano\/","title":{"rendered":"Pflanzk\u00fcbel Stein Beton  Model Urano"},"content":{"rendered":"<h3>Der Pflanzk\u00fcbel Stein Beton &#8222;Urano&#8220;: robust und formsch\u00f6n!<\/h3>\n<p>Der Pflanzk\u00fcbel Betonoptik &#8222;Urano&#8220; ist aus der Serie &#8222;Stone&#8220;. Diese Serie ist f\u00fcr Ihren besonderen Einsatz f\u00fcr s\u00e4mtliche Bl\u00fchpflanzen und Gr\u00fcnpflanzen geeignet. Der Kern dieser Pflanzk\u00fcbel Stein Beton ist aus GFK w\u00e4hrend die Oberfl\u00e4che aus Quarz besteht. Bei der Herstellung der Modelle aus der Serie &#8222;Stone&#8220; wird das Material so aufgetragen, wie Putz auf eine Fassade.<\/p>\n<h3>Vorteile beim Pflanzk\u00fcbel &#8222;Urano&#8220;<\/h3>\n<p>Einer der Vorteile des Pflanzk\u00fcbels Betonoptik &#8222;Urano&#8220; ist, dass Sie eine sehr robuste Oberfl\u00e4che haben. Sie k\u00f6nnen au\u00dferdem diesen Pflanzk\u00fcbel in Ihrer individuellen Fassadenfarbe streichen. Der Pflanzk\u00fcbel besteht aus Kern Fiberglas und die Quarz-Stein Oberfl\u00e4che sorgt f\u00fcr Langlebigkeit und Stabilit\u00e4t. Sie k\u00f6nnen den Pflanzk\u00fcbel Betonoptik &#8222;Urano&#8220; in den Farben grau, schwarz, wei\u00df oder zwei braunen Farbt\u00f6nen kaufen.<\/p>\n<h3>Weitere positive Produkteigenschaften des Pflanzk\u00fcbels &#8222;Urano&#8220; in Betonoptik<\/h3>\n<p>Der Pflanzk\u00fcbel Betonoptik &#8222;Urano&#8220; ist zudem UV-resistent. Er wiegt 15 Kilogramm und hat die Ma\u00dfe: Breite: 500 mm, H\u00f6he 500mm, L\u00e4nge 500mm. Sie entscheiden sich beim Stein Beton Pflanzk\u00fcbel &#8222;Urano&#8220; f\u00fcr ein wetterfestes Modell, das Ihnen lange Freude machen wird durch die Robustheit und Stabilit\u00e4t. Wenn Sie f\u00fcr einen Wasserablauf auch im Winter sorgen, ist die Frostbest\u00e4ndigkeit bei diesem Modell ebenfalls garantiert.<\/p>\n<h3>Der &#8222;Urano&#8220; l\u00e4sst sich optimal in Ihre Umgebung integrieren<\/h3>\n<p>Sie k\u00f6nnen den Pflanzk\u00fcbel Stein Beton &#8222;Urano&#8220; durch seinen zeitlosen Stil in ihre individuelle Umgebung integrieren. Er wirkt neutral und ist im Garten, vor dem Haus oder auch im Garagenbereich vielseitig einsetzbar. Auch auf der Terrasse und sogar im Innenraum k\u00f6nnen sie ihn nutzen. Der Pflanzk\u00fcbel &#8222;Urano&#8220; in Betonoptik passt sich sowohl an eine modern gestaltete Umgebung, als auch auf eine eher klassische Umgebung an. Auch in gewerblichen R\u00e4umen (B\u00fcro, Empfangsbereich) passt er je nach ausgew\u00e4hltem Farbton perfekt. Durch diesen Pflanzk\u00fcbel Stein Beton setzen Sie attraktive Kontraste. Dadurch wird der jeweilige Einrichtungsstil im Innenbereich positiv betont, da der Pflanzk\u00fcbel Betonoptik an und f\u00fcr sich sehr schlicht gehalten ist.<\/p>\n","protected":false},"excerpt":{"rendered":"<p>Material: Kern Fiberglas Oberfl\u00e4che Quarz- Stein<br \/>\nFarben: wei\u00df, grau, schwarz und 2 braune Farbt\u00f6ne<br \/>\nUV-resistent<\/p>\n<p>Gewicht: 15 kg<br \/>\nAbmessungen: B500mm H500mm L500mm<br \/>\nWetterfest<\/p>\n<p>Robust und Stabil<br \/>\nFrostbest\u00e4ndig bei gew\u00e4hrleistetem Wasserablauf<\/p>\n","protected":false},"featured_media":59488,"template":"","meta":{"_acf_changed":false},"product_brand":[],"product_cat":[386],"product_tag":[],"class_list":{"0":"post-55764","1":"product","2":"type-product","3":"status-publish","4":"has-post-thumbnail","6":"product_cat-pflanzkuebel-fiberglas-stone","7":"description-off","8":"tm-has-options","10":"first","11":"instock","12":"shipping-taxable","13":"purchasable","14":"product-type-simple"},"acf":[],"yoast_head":"<!-- This site is optimized with the Yoast SEO plugin v27.5 - https:\/\/yoast.com\/product\/yoast-seo-wordpress\/ -->\n<title>Der Pflanzk\u00fcbel mit Stein Beton Oberfl\u00e4che aus GFK<\/title>\n<meta name=\"description\" content=\"Der Kern dieser Pflanzk\u00fcbel mit Stein Beton Oberfl\u00e4che ist aus GFK w\u00e4hrend die Oberfl\u00e4che aus Quarz.Sie k\u00f6nnen der Pflanzk\u00fcbel mit Fassadenfarbe streichen\" \/>\n<meta name=\"robots\" content=\"index, follow, max-snippet:-1, max-image-preview:large, max-video-preview:-1\" \/>\n<link rel=\"canonical\" href=\"https:\/\/worldofflowerpots.com\/sklep\/pflanzkuebel-stein-beton-urano\/\" \/>\n<meta property=\"og:locale\" content=\"de_DE\" \/>\n<meta property=\"og:type\" content=\"article\" \/>\n<meta property=\"og:title\" content=\"Der Pflanzk\u00fcbel mit Stein Beton Oberfl\u00e4che aus GFK\" \/>\n<meta property=\"og:description\" content=\"Der Kern dieser Pflanzk\u00fcbel mit Stein Beton Oberfl\u00e4che ist aus GFK w\u00e4hrend die Oberfl\u00e4che aus Quarz.Sie k\u00f6nnen der Pflanzk\u00fcbel mit Fassadenfarbe streichen\" \/>\n<meta property=\"og:url\" content=\"https:\/\/worldofflowerpots.com\/sklep\/pflanzkuebel-stein-beton-urano\/\" \/>\n<meta property=\"og:site_name\" content=\"Blumenk\u00fcbel World of Flowerpots\" \/>\n<meta property=\"article:modified_time\" content=\"2019-04-16T08:22:32+00:00\" \/>\n<meta property=\"og:image\" content=\"https:\/\/worldofflowerpots.com\/wp-content\/uploads\/2019\/03\/pflanzk\u00fcbel-stein-beton-Urano.jpg\" \/>\n\t<meta property=\"og:image:width\" content=\"2280\" \/>\n\t<meta property=\"og:image:height\" content=\"1612\" \/>\n\t<meta property=\"og:image:type\" content=\"image\/jpeg\" \/>\n<meta name=\"twitter:card\" content=\"summary_large_image\" \/>\n<meta name=\"twitter:label1\" content=\"Gesch\u00e4tzte Lesezeit\" \/>\n\t<meta name=\"twitter:data1\" content=\"2\u00a0Minuten\" \/>\n<script type=\"application\/ld+json\" class=\"yoast-schema-graph\">{\"@context\":\"https:\\\/\\\/schema.org\",\"@graph\":[{\"@type\":\"WebPage\",\"@id\":\"https:\\\/\\\/worldofflowerpots.com\\\/sklep\\\/pflanzkuebel-stein-beton-urano\\\/\",\"url\":\"https:\\\/\\\/worldofflowerpots.com\\\/sklep\\\/pflanzkuebel-stein-beton-urano\\\/\",\"name\":\"Der Pflanzk\u00fcbel mit Stein Beton Oberfl\u00e4che aus GFK\",\"isPartOf\":{\"@id\":\"https:\\\/\\\/worldofflowerpots.com\\\/#website\"},\"primaryImageOfPage\":{\"@id\":\"https:\\\/\\\/worldofflowerpots.com\\\/sklep\\\/pflanzkuebel-stein-beton-urano\\\/#primaryimage\"},\"image\":{\"@id\":\"https:\\\/\\\/worldofflowerpots.com\\\/sklep\\\/pflanzkuebel-stein-beton-urano\\\/#primaryimage\"},\"thumbnailUrl\":\"https:\\\/\\\/worldofflowerpots.com\\\/wp-content\\\/uploads\\\/2019\\\/03\\\/pflanzk\u00fcbel-stein-beton-Urano.jpg\",\"datePublished\":\"2019-03-13T12:04:24+00:00\",\"dateModified\":\"2019-04-16T08:22:32+00:00\",\"description\":\"Der Kern dieser Pflanzk\u00fcbel mit Stein Beton Oberfl\u00e4che ist aus GFK w\u00e4hrend die Oberfl\u00e4che aus Quarz.Sie k\u00f6nnen der Pflanzk\u00fcbel mit Fassadenfarbe streichen\",\"breadcrumb\":{\"@id\":\"https:\\\/\\\/worldofflowerpots.com\\\/sklep\\\/pflanzkuebel-stein-beton-urano\\\/#breadcrumb\"},\"inLanguage\":\"de\",\"potentialAction\":[{\"@type\":\"ReadAction\",\"target\":[\"https:\\\/\\\/worldofflowerpots.com\\\/sklep\\\/pflanzkuebel-stein-beton-urano\\\/\"]}]},{\"@type\":\"ImageObject\",\"inLanguage\":\"de\",\"@id\":\"https:\\\/\\\/worldofflowerpots.com\\\/sklep\\\/pflanzkuebel-stein-beton-urano\\\/#primaryimage\",\"url\":\"https:\\\/\\\/worldofflowerpots.com\\\/wp-content\\\/uploads\\\/2019\\\/03\\\/pflanzk\u00fcbel-stein-beton-Urano.jpg\",\"contentUrl\":\"https:\\\/\\\/worldofflowerpots.com\\\/wp-content\\\/uploads\\\/2019\\\/03\\\/pflanzk\u00fcbel-stein-beton-Urano.jpg\",\"width\":2280,\"height\":1612},{\"@type\":\"BreadcrumbList\",\"@id\":\"https:\\\/\\\/worldofflowerpots.com\\\/sklep\\\/pflanzkuebel-stein-beton-urano\\\/#breadcrumb\",\"itemListElement\":[{\"@type\":\"ListItem\",\"position\":1,\"name\":\"Strona g\u0142\u00f3wna\",\"item\":\"https:\\\/\\\/worldofflowerpots.com\\\/blumenkuebel-grosse-auswahl\\\/\"},{\"@type\":\"ListItem\",\"position\":2,\"name\":\"Shop\",\"item\":\"https:\\\/\\\/worldofflowerpots.com\\\/sortiment\\\/\"},{\"@type\":\"ListItem\",\"position\":3,\"name\":\"Pflanzk\u00fcbel Stein Beton Model Urano\"}]},{\"@type\":\"WebSite\",\"@id\":\"https:\\\/\\\/worldofflowerpots.com\\\/#website\",\"url\":\"https:\\\/\\\/worldofflowerpots.com\\\/\",\"name\":\"Blumenk\u00fcbel World of Flowerpots\",\"description\":\"Pflanzk\u00fcbel beton, blumentr\u00f6ge, blumenk\u00fcbel gro\u00df, cortenstahl, fiberglas\",\"potentialAction\":[{\"@type\":\"SearchAction\",\"target\":{\"@type\":\"EntryPoint\",\"urlTemplate\":\"https:\\\/\\\/worldofflowerpots.com\\\/?s={search_term_string}\"},\"query-input\":{\"@type\":\"PropertyValueSpecification\",\"valueRequired\":true,\"valueName\":\"search_term_string\"}}],\"inLanguage\":\"de\"}]}<\/script>\n<!-- \/ Yoast SEO plugin. -->","yoast_head_json":{"title":"Der Pflanzk\u00fcbel mit Stein Beton Oberfl\u00e4che aus GFK","description":"Der Kern dieser Pflanzk\u00fcbel mit Stein Beton Oberfl\u00e4che ist aus GFK w\u00e4hrend die Oberfl\u00e4che aus Quarz.Sie k\u00f6nnen der Pflanzk\u00fcbel mit Fassadenfarbe streichen","robots":{"index":"index","follow":"follow","max-snippet":"max-snippet:-1","max-image-preview":"max-image-preview:large","max-video-preview":"max-video-preview:-1"},"canonical":"https:\/\/worldofflowerpots.com\/sklep\/pflanzkuebel-stein-beton-urano\/","og_locale":"de_DE","og_type":"article","og_title":"Der Pflanzk\u00fcbel mit Stein Beton Oberfl\u00e4che aus GFK","og_description":"Der Kern dieser Pflanzk\u00fcbel mit Stein Beton Oberfl\u00e4che ist aus GFK w\u00e4hrend die Oberfl\u00e4che aus Quarz.Sie k\u00f6nnen der Pflanzk\u00fcbel mit Fassadenfarbe streichen","og_url":"https:\/\/worldofflowerpots.com\/sklep\/pflanzkuebel-stein-beton-urano\/","og_site_name":"Blumenk\u00fcbel World of Flowerpots","article_modified_time":"2019-04-16T08:22:32+00:00","og_image":[{"width":2280,"height":1612,"url":"https:\/\/worldofflowerpots.com\/wp-content\/uploads\/2019\/03\/pflanzk\u00fcbel-stein-beton-Urano.jpg","type":"image\/jpeg"}],"twitter_card":"summary_large_image","twitter_misc":{"Gesch\u00e4tzte Lesezeit":"2\u00a0Minuten"},"schema":{"@context":"https:\/\/schema.org","@graph":[{"@type":"WebPage","@id":"https:\/\/worldofflowerpots.com\/sklep\/pflanzkuebel-stein-beton-urano\/","url":"https:\/\/worldofflowerpots.com\/sklep\/pflanzkuebel-stein-beton-urano\/","name":"Der Pflanzk\u00fcbel mit Stein Beton Oberfl\u00e4che aus GFK","isPartOf":{"@id":"https:\/\/worldofflowerpots.com\/#website"},"primaryImageOfPage":{"@id":"https:\/\/worldofflowerpots.com\/sklep\/pflanzkuebel-stein-beton-urano\/#primaryimage"},"image":{"@id":"https:\/\/worldofflowerpots.com\/sklep\/pflanzkuebel-stein-beton-urano\/#primaryimage"},"thumbnailUrl":"https:\/\/worldofflowerpots.com\/wp-content\/uploads\/2019\/03\/pflanzk\u00fcbel-stein-beton-Urano.jpg","datePublished":"2019-03-13T12:04:24+00:00","dateModified":"2019-04-16T08:22:32+00:00","description":"Der Kern dieser Pflanzk\u00fcbel mit Stein Beton Oberfl\u00e4che ist aus GFK w\u00e4hrend die Oberfl\u00e4che aus Quarz.Sie k\u00f6nnen der Pflanzk\u00fcbel mit Fassadenfarbe streichen","breadcrumb":{"@id":"https:\/\/worldofflowerpots.com\/sklep\/pflanzkuebel-stein-beton-urano\/#breadcrumb"},"inLanguage":"de","potentialAction":[{"@type":"ReadAction","target":["https:\/\/worldofflowerpots.com\/sklep\/pflanzkuebel-stein-beton-urano\/"]}]},{"@type":"ImageObject","inLanguage":"de","@id":"https:\/\/worldofflowerpots.com\/sklep\/pflanzkuebel-stein-beton-urano\/#primaryimage","url":"https:\/\/worldofflowerpots.com\/wp-content\/uploads\/2019\/03\/pflanzk\u00fcbel-stein-beton-Urano.jpg","contentUrl":"https:\/\/worldofflowerpots.com\/wp-content\/uploads\/2019\/03\/pflanzk\u00fcbel-stein-beton-Urano.jpg","width":2280,"height":1612},{"@type":"BreadcrumbList","@id":"https:\/\/worldofflowerpots.com\/sklep\/pflanzkuebel-stein-beton-urano\/#breadcrumb","itemListElement":[{"@type":"ListItem","position":1,"name":"Strona g\u0142\u00f3wna","item":"https:\/\/worldofflowerpots.com\/blumenkuebel-grosse-auswahl\/"},{"@type":"ListItem","position":2,"name":"Shop","item":"https:\/\/worldofflowerpots.com\/sortiment\/"},{"@type":"ListItem","position":3,"name":"Pflanzk\u00fcbel Stein Beton Model Urano"}]},{"@type":"WebSite","@id":"https:\/\/worldofflowerpots.com\/#website","url":"https:\/\/worldofflowerpots.com\/","name":"Blumenk\u00fcbel World of Flowerpots","description":"Pflanzk\u00fcbel beton, blumentr\u00f6ge, blumenk\u00fcbel gro\u00df, cortenstahl, fiberglas","potentialAction":[{"@type":"SearchAction","target":{"@type":"EntryPoint","urlTemplate":"https:\/\/worldofflowerpots.com\/?s={search_term_string}"},"query-input":{"@type":"PropertyValueSpecification","valueRequired":true,"valueName":"search_term_string"}}],"inLanguage":"de"}]}},"_links":{"self":[{"href":"https:\/\/worldofflowerpots.com\/de\/wp-json\/wp\/v2\/product\/55764","targetHints":{"allow":["GET"]}}],"collection":[{"href":"https:\/\/worldofflowerpots.com\/de\/wp-json\/wp\/v2\/product"}],"about":[{"href":"https:\/\/worldofflowerpots.com\/de\/wp-json\/wp\/v2\/types\/product"}],"wp:featuredmedia":[{"embeddable":true,"href":"https:\/\/worldofflowerpots.com\/de\/wp-json\/wp\/v2\/media\/59488"}],"wp:attachment":[{"href":"https:\/\/worldofflowerpots.com\/de\/wp-json\/wp\/v2\/media?parent=55764"}],"wp:term":[{"taxonomy":"product_brand","embeddable":true,"href":"https:\/\/worldofflowerpots.com\/de\/wp-json\/wp\/v2\/product_brand?post=55764"},{"taxonomy":"product_cat","embeddable":true,"href":"https:\/\/worldofflowerpots.com\/de\/wp-json\/wp\/v2\/product_cat?post=55764"},{"taxonomy":"product_tag","embeddable":true,"href":"https:\/\/worldofflowerpots.com\/de\/wp-json\/wp\/v2\/product_tag?post=55764"}],"curies":[{"name":"wp","href":"https:\/\/api.w.org\/{rel}","templated":true}]}}