{"id":56321,"date":"2019-03-15T10:04:24","date_gmt":"2019-03-15T09:04:24","guid":{"rendered":"https:\/\/worldofflowerpots.com\/sklep\/seria-5\/"},"modified":"2019-04-16T20:01:44","modified_gmt":"2019-04-16T18:01:44","slug":"pflanzkuebel-aus-beton-rechteckig-seria-5","status":"publish","type":"product","link":"https:\/\/worldofflowerpots.com\/de\/sortiment\/pflanzkuebel-aus-beton-rechteckig-seria-5\/","title":{"rendered":"Seria 5"},"content":{"rendered":"<h3>Der anpassungsf\u00e4hige Seria 5<\/h3>\n<p>Der Pflanzk\u00fcbel aus Beton ist rechteckig und besitzt gerade Linien, was ihn sehr klassisch macht. Erh\u00e4ltlich ist er in den Farben anthrazit, grau und wei\u00df und kann dadurch wunderbar mit anderen T\u00f6pfen kombiniert werden. Die drei zeitlosen T\u00f6ne machen den Pflanzk\u00fcbel aus Beton in jeder Umgebung passend und stilvoll. Sowohl an der Hauswand als auch im Gr\u00fcnen wirkt der Pflanztrog durch seine unkomplizierte Erscheinung ganz nat\u00fcrlich. Im inneren Wohnbereich sorgt der Blumenk\u00fcbel f\u00fcr eine ansprechende Raumoptik. Sein dezentes \u00c4u\u00dferes macht eine vielf\u00e4ltige Bepflanzung m\u00f6glich: Zimmerpflanzen f\u00fcr das Treppenhaus, Stiefm\u00fctterchen f\u00fcr den Balkon oder auch kleinere B\u00e4umchen f\u00fcr den Au\u00dfenbereich sind im Pflanztrog geschmackvoll aufgehoben. Er verf\u00fcgt \u00fcber eine H\u00f6he sowie Breite von 500 mm. Damit verf\u00fcgt der Pflanzk\u00fcbel trotz seiner l\u00e4nglichen Form \u00fcber eine ausreichende Tiefe f\u00fcr Wurzeln gr\u00f6\u00dferer Pflanzen, die f\u00fcr Blumentr\u00f6ge un\u00fcblich sind. Der klassische Pflanzk\u00fcbel ist dar\u00fcber hinaus offen f\u00fcr viele weitere Dekorationsideen wie etwa Solarleuchten oder Glaskugeln.<\/p>\n<h3>Seria 5 aus Ultrahochfestem Beton<\/h3>\n<p>Der Pflanzk\u00fcbel aus Beton wirkt rechteckig noch eine Spur eleganter als \u00e4hnliche T\u00f6pfe in gerundetem Design, ist aber mindestens von gleicher Stabilit\u00e4t und Robustheit. Der Ultrahochfeste Beton zeichnet sich durch besonders hohe Dichtigkeit und Druckfestigkeit aus. Das verspricht eine \u00e4u\u00dferst lange Lebensdauer. Da der Pflanzk\u00fcbel aus Beton zus\u00e4tzlich UV- und frostgesch\u00fctzt ist, ist er sowohl f\u00fcr den Garten als Wintergarten perfekt geeignet. Dank des Materials verf\u00fcgt der Pflanzk\u00fcbel aus Beton auch rechteckig \u00fcber ein hohes Eigengewicht. Des Weiteren ist er in mehreren L\u00e4ngen beginnend von 1000 mm bis 2000 mm w\u00e4hlbar, was sein Fassungsverm\u00f6gen enorm ansteigen l\u00e4sst. Bepflanzt ist der Pflanztrog daher so massiv, dass kein Sturm ihn aus dem Gleichgewicht bringen kann. Da der Pflanzk\u00fcbel aus Beton rechteckig und schmal geformt ist, besitzt er zudem eine breite Auflagefl\u00e4che, die das beg\u00fcnstigt. Diese ganzen Eigenschaften machen den Pflanzk\u00fcbel aus Beton zu jeder Jahreszeit an jedem Ort des Grundst\u00fccks einsetzbar. Auch als Gartenbegrenzung etwa am Beet oder als S\u00e4umung von Wegen oder Sitzecken ist der Pflanzk\u00fcbel aus Beton aufgrund seiner L\u00e4nge passend. Bepflanzt werden kann er hierbei mit Kr\u00e4utern ebenso gut wie mit kleinen B\u00fcschen. Daher bietet der Seria 5 sowohl praktische Verwendungsm\u00f6glichkeiten als auch eine Basis f\u00fcr kreative Gestaltungsideen.<\/p>\n<div id=\"attachment_58959\" style=\"width: 1034px\" class=\"wp-caption aligncenter\"><img loading=\"lazy\" decoding=\"async\" aria-describedby=\"caption-attachment-58959\" class=\"wp-image-58959 size-large\" src=\"https:\/\/worldofflowerpots.de\/wp-content\/uploads\/\/2017\/01\/Richtig-bepflanzen--1024x576.jpg\" alt=\"\" width=\"1024\" height=\"576\" srcset=\"https:\/\/worldofflowerpots.com\/wp-content\/uploads\/2017\/01\/Richtig-bepflanzen--1024x576.jpg 1024w, https:\/\/worldofflowerpots.com\/wp-content\/uploads\/2017\/01\/Richtig-bepflanzen--300x169.jpg 300w, https:\/\/worldofflowerpots.com\/wp-content\/uploads\/2017\/01\/Richtig-bepflanzen--768x432.jpg 768w, https:\/\/worldofflowerpots.com\/wp-content\/uploads\/2017\/01\/Richtig-bepflanzen--600x338.jpg 600w, https:\/\/worldofflowerpots.com\/wp-content\/uploads\/2017\/01\/Richtig-bepflanzen-.jpg 1920w\" sizes=\"auto, (max-width: 1024px) 100vw, 1024px\" \/><p id=\"caption-attachment-58959\" class=\"wp-caption-text\">Richtig bepflanzen<\/p><\/div>\n","protected":false},"excerpt":{"rendered":"<p>Pflanzk\u00fcbel beton Seria 5<br \/>\nMaterial Beton (UHPC)<br \/>\nGewicht : abh\u00e4ngig von der Gr\u00f6\u00dfe<\/p>\n<p>Abmessungen B500mm H500mm L1000-2000mm<br \/>\nFarben: Grau, Schwarz, Weiss<br \/>\nUV-resistent<br \/>\nRobust und Stabil<br \/>\nWetterfest<br \/>\nFrostbest\u00e4ndig bei gew\u00e4hrleistetem Wasserablauf<\/p>\n<p><strong>Wir Liefern nicht nach Schweiz<\/strong><\/p>\n","protected":false},"featured_media":59550,"template":"","meta":{"_acf_changed":false},"product_brand":[],"product_cat":[267],"product_tag":[],"class_list":{"0":"post-56321","1":"product","2":"type-product","3":"status-publish","4":"has-post-thumbnail","6":"product_cat-pflanzkuebel-beton","7":"description-off","8":"tm-has-options","10":"first","11":"instock","12":"shipping-taxable","13":"purchasable","14":"product-type-simple"},"acf":[],"yoast_head":"<!-- This site is optimized with the Yoast SEO plugin v27.5 - https:\/\/yoast.com\/product\/yoast-seo-wordpress\/ -->\n<title>Pflanzk\u00fcbel aus Beton rechteckig und schmal geformt<\/title>\n<meta name=\"description\" content=\"Pflanztrog aus Beton schmal variabel in der l\u00e4nge, erh\u00e4ltlich ist er in den Farben anthrazit, grau und wei\u00df f\u00fcr den Aussenbereich\" \/>\n<meta name=\"robots\" content=\"index, follow, max-snippet:-1, max-image-preview:large, max-video-preview:-1\" \/>\n<link rel=\"canonical\" href=\"https:\/\/worldofflowerpots.com\/sklep\/pflanzkuebel-aus-beton-rechteckig-seria-5\/\" \/>\n<meta property=\"og:locale\" content=\"de_DE\" \/>\n<meta property=\"og:type\" content=\"article\" \/>\n<meta property=\"og:title\" content=\"Pflanzk\u00fcbel aus Beton rechteckig und schmal geformt\" \/>\n<meta property=\"og:description\" content=\"Pflanztrog aus Beton schmal variabel in der l\u00e4nge, erh\u00e4ltlich ist er in den Farben anthrazit, grau und wei\u00df f\u00fcr den Aussenbereich\" \/>\n<meta property=\"og:url\" content=\"https:\/\/worldofflowerpots.com\/sklep\/pflanzkuebel-aus-beton-rechteckig-seria-5\/\" \/>\n<meta property=\"og:site_name\" content=\"Blumenk\u00fcbel World of Flowerpots\" \/>\n<meta property=\"article:modified_time\" content=\"2019-04-16T18:01:44+00:00\" \/>\n<meta property=\"og:image\" content=\"https:\/\/worldofflowerpots.com\/wp-content\/uploads\/2019\/03\/pflanzk\u00fcbel-beton-rechteckig-Seria-5.jpg\" \/>\n\t<meta property=\"og:image:width\" content=\"2280\" \/>\n\t<meta property=\"og:image:height\" content=\"1612\" \/>\n\t<meta property=\"og:image:type\" content=\"image\/jpeg\" \/>\n<meta name=\"twitter:card\" content=\"summary_large_image\" \/>\n<meta name=\"twitter:label1\" content=\"Gesch\u00e4tzte Lesezeit\" \/>\n\t<meta name=\"twitter:data1\" content=\"2\u00a0Minuten\" \/>\n<script type=\"application\/ld+json\" class=\"yoast-schema-graph\">{\"@context\":\"https:\\\/\\\/schema.org\",\"@graph\":[{\"@type\":\"WebPage\",\"@id\":\"https:\\\/\\\/worldofflowerpots.com\\\/sklep\\\/pflanzkuebel-aus-beton-rechteckig-seria-5\\\/\",\"url\":\"https:\\\/\\\/worldofflowerpots.com\\\/sklep\\\/pflanzkuebel-aus-beton-rechteckig-seria-5\\\/\",\"name\":\"Pflanzk\u00fcbel aus Beton rechteckig und schmal geformt\",\"isPartOf\":{\"@id\":\"https:\\\/\\\/worldofflowerpots.com\\\/#website\"},\"primaryImageOfPage\":{\"@id\":\"https:\\\/\\\/worldofflowerpots.com\\\/sklep\\\/pflanzkuebel-aus-beton-rechteckig-seria-5\\\/#primaryimage\"},\"image\":{\"@id\":\"https:\\\/\\\/worldofflowerpots.com\\\/sklep\\\/pflanzkuebel-aus-beton-rechteckig-seria-5\\\/#primaryimage\"},\"thumbnailUrl\":\"https:\\\/\\\/worldofflowerpots.com\\\/wp-content\\\/uploads\\\/2019\\\/03\\\/pflanzk\u00fcbel-beton-rechteckig-Seria-5.jpg\",\"datePublished\":\"2019-03-15T09:04:24+00:00\",\"dateModified\":\"2019-04-16T18:01:44+00:00\",\"description\":\"Pflanztrog aus Beton schmal variabel in der l\u00e4nge, erh\u00e4ltlich ist er in den Farben anthrazit, grau und wei\u00df f\u00fcr den Aussenbereich\",\"breadcrumb\":{\"@id\":\"https:\\\/\\\/worldofflowerpots.com\\\/sklep\\\/pflanzkuebel-aus-beton-rechteckig-seria-5\\\/#breadcrumb\"},\"inLanguage\":\"de\",\"potentialAction\":[{\"@type\":\"ReadAction\",\"target\":[\"https:\\\/\\\/worldofflowerpots.com\\\/sklep\\\/pflanzkuebel-aus-beton-rechteckig-seria-5\\\/\"]}]},{\"@type\":\"ImageObject\",\"inLanguage\":\"de\",\"@id\":\"https:\\\/\\\/worldofflowerpots.com\\\/sklep\\\/pflanzkuebel-aus-beton-rechteckig-seria-5\\\/#primaryimage\",\"url\":\"https:\\\/\\\/worldofflowerpots.com\\\/wp-content\\\/uploads\\\/2019\\\/03\\\/pflanzk\u00fcbel-beton-rechteckig-Seria-5.jpg\",\"contentUrl\":\"https:\\\/\\\/worldofflowerpots.com\\\/wp-content\\\/uploads\\\/2019\\\/03\\\/pflanzk\u00fcbel-beton-rechteckig-Seria-5.jpg\",\"width\":2280,\"height\":1612},{\"@type\":\"BreadcrumbList\",\"@id\":\"https:\\\/\\\/worldofflowerpots.com\\\/sklep\\\/pflanzkuebel-aus-beton-rechteckig-seria-5\\\/#breadcrumb\",\"itemListElement\":[{\"@type\":\"ListItem\",\"position\":1,\"name\":\"Strona g\u0142\u00f3wna\",\"item\":\"https:\\\/\\\/worldofflowerpots.com\\\/blumenkuebel-grosse-auswahl\\\/\"},{\"@type\":\"ListItem\",\"position\":2,\"name\":\"Shop\",\"item\":\"https:\\\/\\\/worldofflowerpots.com\\\/sortiment\\\/\"},{\"@type\":\"ListItem\",\"position\":3,\"name\":\"Seria 5\"}]},{\"@type\":\"WebSite\",\"@id\":\"https:\\\/\\\/worldofflowerpots.com\\\/#website\",\"url\":\"https:\\\/\\\/worldofflowerpots.com\\\/\",\"name\":\"Blumenk\u00fcbel World of Flowerpots\",\"description\":\"Pflanzk\u00fcbel beton, blumentr\u00f6ge, blumenk\u00fcbel gro\u00df, cortenstahl, fiberglas\",\"potentialAction\":[{\"@type\":\"SearchAction\",\"target\":{\"@type\":\"EntryPoint\",\"urlTemplate\":\"https:\\\/\\\/worldofflowerpots.com\\\/?s={search_term_string}\"},\"query-input\":{\"@type\":\"PropertyValueSpecification\",\"valueRequired\":true,\"valueName\":\"search_term_string\"}}],\"inLanguage\":\"de\"}]}<\/script>\n<!-- \/ Yoast SEO plugin. -->","yoast_head_json":{"title":"Pflanzk\u00fcbel aus Beton rechteckig und schmal geformt","description":"Pflanztrog aus Beton schmal variabel in der l\u00e4nge, erh\u00e4ltlich ist er in den Farben anthrazit, grau und wei\u00df f\u00fcr den Aussenbereich","robots":{"index":"index","follow":"follow","max-snippet":"max-snippet:-1","max-image-preview":"max-image-preview:large","max-video-preview":"max-video-preview:-1"},"canonical":"https:\/\/worldofflowerpots.com\/sklep\/pflanzkuebel-aus-beton-rechteckig-seria-5\/","og_locale":"de_DE","og_type":"article","og_title":"Pflanzk\u00fcbel aus Beton rechteckig und schmal geformt","og_description":"Pflanztrog aus Beton schmal variabel in der l\u00e4nge, erh\u00e4ltlich ist er in den Farben anthrazit, grau und wei\u00df f\u00fcr den Aussenbereich","og_url":"https:\/\/worldofflowerpots.com\/sklep\/pflanzkuebel-aus-beton-rechteckig-seria-5\/","og_site_name":"Blumenk\u00fcbel World of Flowerpots","article_modified_time":"2019-04-16T18:01:44+00:00","og_image":[{"width":2280,"height":1612,"url":"https:\/\/worldofflowerpots.com\/wp-content\/uploads\/2019\/03\/pflanzk\u00fcbel-beton-rechteckig-Seria-5.jpg","type":"image\/jpeg"}],"twitter_card":"summary_large_image","twitter_misc":{"Gesch\u00e4tzte Lesezeit":"2\u00a0Minuten"},"schema":{"@context":"https:\/\/schema.org","@graph":[{"@type":"WebPage","@id":"https:\/\/worldofflowerpots.com\/sklep\/pflanzkuebel-aus-beton-rechteckig-seria-5\/","url":"https:\/\/worldofflowerpots.com\/sklep\/pflanzkuebel-aus-beton-rechteckig-seria-5\/","name":"Pflanzk\u00fcbel aus Beton rechteckig und schmal geformt","isPartOf":{"@id":"https:\/\/worldofflowerpots.com\/#website"},"primaryImageOfPage":{"@id":"https:\/\/worldofflowerpots.com\/sklep\/pflanzkuebel-aus-beton-rechteckig-seria-5\/#primaryimage"},"image":{"@id":"https:\/\/worldofflowerpots.com\/sklep\/pflanzkuebel-aus-beton-rechteckig-seria-5\/#primaryimage"},"thumbnailUrl":"https:\/\/worldofflowerpots.com\/wp-content\/uploads\/2019\/03\/pflanzk\u00fcbel-beton-rechteckig-Seria-5.jpg","datePublished":"2019-03-15T09:04:24+00:00","dateModified":"2019-04-16T18:01:44+00:00","description":"Pflanztrog aus Beton schmal variabel in der l\u00e4nge, erh\u00e4ltlich ist er in den Farben anthrazit, grau und wei\u00df f\u00fcr den Aussenbereich","breadcrumb":{"@id":"https:\/\/worldofflowerpots.com\/sklep\/pflanzkuebel-aus-beton-rechteckig-seria-5\/#breadcrumb"},"inLanguage":"de","potentialAction":[{"@type":"ReadAction","target":["https:\/\/worldofflowerpots.com\/sklep\/pflanzkuebel-aus-beton-rechteckig-seria-5\/"]}]},{"@type":"ImageObject","inLanguage":"de","@id":"https:\/\/worldofflowerpots.com\/sklep\/pflanzkuebel-aus-beton-rechteckig-seria-5\/#primaryimage","url":"https:\/\/worldofflowerpots.com\/wp-content\/uploads\/2019\/03\/pflanzk\u00fcbel-beton-rechteckig-Seria-5.jpg","contentUrl":"https:\/\/worldofflowerpots.com\/wp-content\/uploads\/2019\/03\/pflanzk\u00fcbel-beton-rechteckig-Seria-5.jpg","width":2280,"height":1612},{"@type":"BreadcrumbList","@id":"https:\/\/worldofflowerpots.com\/sklep\/pflanzkuebel-aus-beton-rechteckig-seria-5\/#breadcrumb","itemListElement":[{"@type":"ListItem","position":1,"name":"Strona g\u0142\u00f3wna","item":"https:\/\/worldofflowerpots.com\/blumenkuebel-grosse-auswahl\/"},{"@type":"ListItem","position":2,"name":"Shop","item":"https:\/\/worldofflowerpots.com\/sortiment\/"},{"@type":"ListItem","position":3,"name":"Seria 5"}]},{"@type":"WebSite","@id":"https:\/\/worldofflowerpots.com\/#website","url":"https:\/\/worldofflowerpots.com\/","name":"Blumenk\u00fcbel World of Flowerpots","description":"Pflanzk\u00fcbel beton, blumentr\u00f6ge, blumenk\u00fcbel gro\u00df, cortenstahl, fiberglas","potentialAction":[{"@type":"SearchAction","target":{"@type":"EntryPoint","urlTemplate":"https:\/\/worldofflowerpots.com\/?s={search_term_string}"},"query-input":{"@type":"PropertyValueSpecification","valueRequired":true,"valueName":"search_term_string"}}],"inLanguage":"de"}]}},"_links":{"self":[{"href":"https:\/\/worldofflowerpots.com\/de\/wp-json\/wp\/v2\/product\/56321","targetHints":{"allow":["GET"]}}],"collection":[{"href":"https:\/\/worldofflowerpots.com\/de\/wp-json\/wp\/v2\/product"}],"about":[{"href":"https:\/\/worldofflowerpots.com\/de\/wp-json\/wp\/v2\/types\/product"}],"wp:featuredmedia":[{"embeddable":true,"href":"https:\/\/worldofflowerpots.com\/de\/wp-json\/wp\/v2\/media\/59550"}],"wp:attachment":[{"href":"https:\/\/worldofflowerpots.com\/de\/wp-json\/wp\/v2\/media?parent=56321"}],"wp:term":[{"taxonomy":"product_brand","embeddable":true,"href":"https:\/\/worldofflowerpots.com\/de\/wp-json\/wp\/v2\/product_brand?post=56321"},{"taxonomy":"product_cat","embeddable":true,"href":"https:\/\/worldofflowerpots.com\/de\/wp-json\/wp\/v2\/product_cat?post=56321"},{"taxonomy":"product_tag","embeddable":true,"href":"https:\/\/worldofflowerpots.com\/de\/wp-json\/wp\/v2\/product_tag?post=56321"}],"curies":[{"name":"wp","href":"https:\/\/api.w.org\/{rel}","templated":true}]}}