{"id":56322,"date":"2019-03-15T10:17:41","date_gmt":"2019-03-15T09:17:41","guid":{"rendered":"https:\/\/worldofflowerpots.com\/sklep\/matino\/"},"modified":"2019-04-16T20:45:26","modified_gmt":"2019-04-16T18:45:26","slug":"pflanztopf-aus-beton-matino","status":"publish","type":"product","link":"https:\/\/worldofflowerpots.com\/de\/sortiment\/pflanztopf-aus-beton-matino\/","title":{"rendered":"Pflanztopf aus Beton Model Matino"},"content":{"rendered":"<div id=\"attachment_58959\" style=\"width: 1034px\" class=\"wp-caption aligncenter\"><img loading=\"lazy\" decoding=\"async\" aria-describedby=\"caption-attachment-58959\" class=\"wp-image-58959 size-large\" src=\"https:\/\/worldofflowerpots.de\/wp-content\/uploads\/\/2017\/01\/Richtig-bepflanzen--1024x576.jpg\" alt=\"\" width=\"1024\" height=\"576\" srcset=\"https:\/\/worldofflowerpots.com\/wp-content\/uploads\/2017\/01\/Richtig-bepflanzen--1024x576.jpg 1024w, https:\/\/worldofflowerpots.com\/wp-content\/uploads\/2017\/01\/Richtig-bepflanzen--300x169.jpg 300w, https:\/\/worldofflowerpots.com\/wp-content\/uploads\/2017\/01\/Richtig-bepflanzen--768x432.jpg 768w, https:\/\/worldofflowerpots.com\/wp-content\/uploads\/2017\/01\/Richtig-bepflanzen--600x338.jpg 600w, https:\/\/worldofflowerpots.com\/wp-content\/uploads\/2017\/01\/Richtig-bepflanzen-.jpg 1920w\" sizes=\"auto, (max-width: 1024px) 100vw, 1024px\" \/><p id=\"caption-attachment-58959\" class=\"wp-caption-text\">Richtig bepflanzen<\/p><\/div>\n<p>Dieser Pflanztopf ist aus Beton gefertigt und dadurch besonders stabil und wetterfest. Die robuste Oberfl\u00e4che kann bei Bedarf in beliebigen Farben mit Fassadenfarben angestrichen werden. So l\u00e4sst sich die Farbe des K\u00fcbels zu jeder beliebigen Farbe \u00e4ndern. Das macht diesen Pflanzk\u00fcbel aus Beton sehr vielseitig, da er nahezu an jede Umgebung angepasst werden kann. Au\u00dferdem Material Beton (UHPC) sehr widerstandsf\u00e4hig gegen UV-Strahlung. Eine weitere Eigenschaft dieser Materialkombination ist, dass sie diesen Pflanzk\u00fcbel aus Beton zudem frostbest\u00e4ndig macht. Dabei ist selbstverst\u00e4ndlich stets ein Wasserablauf gew\u00e4hrleistet.<\/p>\n<h2>Details zum Pflanztopf aus Beton<\/h2>\n<p>Unser vielseitiger Pflanzk\u00fcbel &#8222;Matino&#8220; besitzt die Abmessungen 500 x 500 x 2000 Millimeter (Breite x H\u00f6he x L\u00e4nge). Dadurch ist er auch f\u00fcr die Best\u00fcckung mit gr\u00f6\u00dferen Pflanzen oder zum Gem\u00fcseanbau geeignet. Das Gewicht von ca. 240 Kilogramm macht ihn zudem extrem widerstandsf\u00e4hig und stabil gegen Wind oder B\u00f6en. Im Auslieferungszustand ist unser Pflanzk\u00fcbel aus Beton in Farben wie Grau, Wei\u00df oder Schwarz erh\u00e4ltlich. Selbstverst\u00e4ndlich k\u00f6nnen Sie, wie bereits erw\u00e4hnt, die Farbe dieses Pflanzk\u00fcbels selbst mit Fassadenfarbe in Ihrer gew\u00fcnschten Farbe streichen. Aber auch ohne aufgetragene Farbe ist unser Pflanztopf aus Beton nat\u00fcrlich direkt einsatzbereit auf Ihrer Terrasse oder im Garten. Er l\u00e4sst sich hervorragend mit vielen anderen unserer im Shop erh\u00e4ltlichen Modelle kombinieren. Der Pflanztopf aus Beton ist als ein Viertelkreis gefertigt, 4 St\u00fcck davon ergeben also einen exakten Kreis im Durchmesser von 4 Metern. Mit diesem Modell erhalten Sie also nicht nur einen frostbest\u00e4ndigen, stabilen und robusten Pflanzk\u00fcbel, sondern auch ein besonders flexibles und vielseitiges Modell f\u00fcr Ihren Garten. Vor allem in weitl\u00e4ufigen G\u00e4rten und modern gestalteten Terrassen bildet der Blumenk\u00fcbel &#8222;Matino&#8220;, durch seine gro\u00dfen Abmessungen und das moderne, schlichte Design, einen hervorragenden Blickfang. Die M\u00f6glichkeit, einen kompletten Kreis mit 4 Exemplaren zu erstellen, macht diesen K\u00fcbel auch sehr gut einsetzbar f\u00fcr \u00f6ffentliche Pl\u00e4tze, Firmengel\u00e4nde und \u00e4hnliches.<\/p>\n","protected":false},"excerpt":{"rendered":"<p>Pflanzk\u00fcbel beton Matino<br \/>\nMaterial Beton (UHPC)<br \/>\nGewicht :240 kg<br \/>\nAbmessungen B500mm H500mm L2000mm<br \/>\nFarben: Grau, Schwarz, Weiss<br \/>\nUV-resistent<br \/>\nRobust und Stabil<br \/>\nWetterfest<br \/>\nFrostbest\u00e4ndig bei gew\u00e4hrleistetem Wasserablauf<\/p>\n<p><strong>Wir Liefern nicht nach Schweiz<\/strong><\/p>\n","protected":false},"featured_media":59540,"template":"","meta":{"_acf_changed":false},"product_brand":[],"product_cat":[267],"product_tag":[],"class_list":{"0":"post-56322","1":"product","2":"type-product","3":"status-publish","4":"has-post-thumbnail","6":"product_cat-pflanzkuebel-beton","7":"description-off","8":"tm-has-options","10":"first","11":"instock","12":"shipping-taxable","13":"purchasable","14":"product-type-simple"},"acf":[],"yoast_head":"<!-- This site is optimized with the Yoast SEO plugin v27.5 - https:\/\/yoast.com\/product\/yoast-seo-wordpress\/ -->\n<title>Pflanztopf aus Beton Model Matino | Blumenk\u00fcbel World of Flowerpots<\/title>\n<meta name=\"description\" content=\"Pflanzk\u00fcbel aus Beton ist als ein Viertelkreis gefertigt, 4 St\u00fcck davon ergeben also einen exakten Kreis im Durchmesser von 4 Metern\" \/>\n<meta name=\"robots\" content=\"index, follow, max-snippet:-1, max-image-preview:large, max-video-preview:-1\" \/>\n<link rel=\"canonical\" href=\"https:\/\/worldofflowerpots.com\/sklep\/pflanztopf-aus-beton-matino\/\" \/>\n<meta property=\"og:locale\" content=\"de_DE\" \/>\n<meta property=\"og:type\" content=\"article\" \/>\n<meta property=\"og:title\" content=\"Pflanztopf aus Beton Model Matino | Blumenk\u00fcbel World of Flowerpots\" \/>\n<meta property=\"og:description\" content=\"Pflanzk\u00fcbel aus Beton ist als ein Viertelkreis gefertigt, 4 St\u00fcck davon ergeben also einen exakten Kreis im Durchmesser von 4 Metern\" \/>\n<meta property=\"og:url\" content=\"https:\/\/worldofflowerpots.com\/sklep\/pflanztopf-aus-beton-matino\/\" \/>\n<meta property=\"og:site_name\" content=\"Blumenk\u00fcbel World of Flowerpots\" \/>\n<meta property=\"article:modified_time\" content=\"2019-04-16T18:45:26+00:00\" \/>\n<meta property=\"og:image\" content=\"https:\/\/worldofflowerpots.com\/wp-content\/uploads\/2019\/03\/pflanztopf-beton-Matino.jpg\" \/>\n\t<meta property=\"og:image:width\" content=\"2280\" \/>\n\t<meta property=\"og:image:height\" content=\"1612\" \/>\n\t<meta property=\"og:image:type\" content=\"image\/jpeg\" \/>\n<meta name=\"twitter:card\" content=\"summary_large_image\" \/>\n<meta name=\"twitter:label1\" content=\"Gesch\u00e4tzte Lesezeit\" \/>\n\t<meta name=\"twitter:data1\" content=\"2\u00a0Minuten\" \/>\n<script type=\"application\/ld+json\" class=\"yoast-schema-graph\">{\"@context\":\"https:\\\/\\\/schema.org\",\"@graph\":[{\"@type\":\"WebPage\",\"@id\":\"https:\\\/\\\/worldofflowerpots.com\\\/sklep\\\/pflanztopf-aus-beton-matino\\\/\",\"url\":\"https:\\\/\\\/worldofflowerpots.com\\\/sklep\\\/pflanztopf-aus-beton-matino\\\/\",\"name\":\"Pflanztopf aus Beton Model Matino | Blumenk\u00fcbel World of Flowerpots\",\"isPartOf\":{\"@id\":\"https:\\\/\\\/worldofflowerpots.com\\\/#website\"},\"primaryImageOfPage\":{\"@id\":\"https:\\\/\\\/worldofflowerpots.com\\\/sklep\\\/pflanztopf-aus-beton-matino\\\/#primaryimage\"},\"image\":{\"@id\":\"https:\\\/\\\/worldofflowerpots.com\\\/sklep\\\/pflanztopf-aus-beton-matino\\\/#primaryimage\"},\"thumbnailUrl\":\"https:\\\/\\\/worldofflowerpots.com\\\/wp-content\\\/uploads\\\/2019\\\/03\\\/pflanztopf-beton-Matino.jpg\",\"datePublished\":\"2019-03-15T09:17:41+00:00\",\"dateModified\":\"2019-04-16T18:45:26+00:00\",\"description\":\"Pflanzk\u00fcbel aus Beton ist als ein Viertelkreis gefertigt, 4 St\u00fcck davon ergeben also einen exakten Kreis im Durchmesser von 4 Metern\",\"breadcrumb\":{\"@id\":\"https:\\\/\\\/worldofflowerpots.com\\\/sklep\\\/pflanztopf-aus-beton-matino\\\/#breadcrumb\"},\"inLanguage\":\"de\",\"potentialAction\":[{\"@type\":\"ReadAction\",\"target\":[\"https:\\\/\\\/worldofflowerpots.com\\\/sklep\\\/pflanztopf-aus-beton-matino\\\/\"]}]},{\"@type\":\"ImageObject\",\"inLanguage\":\"de\",\"@id\":\"https:\\\/\\\/worldofflowerpots.com\\\/sklep\\\/pflanztopf-aus-beton-matino\\\/#primaryimage\",\"url\":\"https:\\\/\\\/worldofflowerpots.com\\\/wp-content\\\/uploads\\\/2019\\\/03\\\/pflanztopf-beton-Matino.jpg\",\"contentUrl\":\"https:\\\/\\\/worldofflowerpots.com\\\/wp-content\\\/uploads\\\/2019\\\/03\\\/pflanztopf-beton-Matino.jpg\",\"width\":2280,\"height\":1612},{\"@type\":\"BreadcrumbList\",\"@id\":\"https:\\\/\\\/worldofflowerpots.com\\\/sklep\\\/pflanztopf-aus-beton-matino\\\/#breadcrumb\",\"itemListElement\":[{\"@type\":\"ListItem\",\"position\":1,\"name\":\"Strona g\u0142\u00f3wna\",\"item\":\"https:\\\/\\\/worldofflowerpots.com\\\/blumenkuebel-grosse-auswahl\\\/\"},{\"@type\":\"ListItem\",\"position\":2,\"name\":\"Shop\",\"item\":\"https:\\\/\\\/worldofflowerpots.com\\\/sortiment\\\/\"},{\"@type\":\"ListItem\",\"position\":3,\"name\":\"Pflanztopf aus Beton Model Matino\"}]},{\"@type\":\"WebSite\",\"@id\":\"https:\\\/\\\/worldofflowerpots.com\\\/#website\",\"url\":\"https:\\\/\\\/worldofflowerpots.com\\\/\",\"name\":\"Blumenk\u00fcbel World of Flowerpots\",\"description\":\"Pflanzk\u00fcbel beton, blumentr\u00f6ge, blumenk\u00fcbel gro\u00df, cortenstahl, fiberglas\",\"potentialAction\":[{\"@type\":\"SearchAction\",\"target\":{\"@type\":\"EntryPoint\",\"urlTemplate\":\"https:\\\/\\\/worldofflowerpots.com\\\/?s={search_term_string}\"},\"query-input\":{\"@type\":\"PropertyValueSpecification\",\"valueRequired\":true,\"valueName\":\"search_term_string\"}}],\"inLanguage\":\"de\"}]}<\/script>\n<!-- \/ Yoast SEO plugin. -->","yoast_head_json":{"title":"Pflanztopf aus Beton Model Matino | Blumenk\u00fcbel World of Flowerpots","description":"Pflanzk\u00fcbel aus Beton ist als ein Viertelkreis gefertigt, 4 St\u00fcck davon ergeben also einen exakten Kreis im Durchmesser von 4 Metern","robots":{"index":"index","follow":"follow","max-snippet":"max-snippet:-1","max-image-preview":"max-image-preview:large","max-video-preview":"max-video-preview:-1"},"canonical":"https:\/\/worldofflowerpots.com\/sklep\/pflanztopf-aus-beton-matino\/","og_locale":"de_DE","og_type":"article","og_title":"Pflanztopf aus Beton Model Matino | Blumenk\u00fcbel World of Flowerpots","og_description":"Pflanzk\u00fcbel aus Beton ist als ein Viertelkreis gefertigt, 4 St\u00fcck davon ergeben also einen exakten Kreis im Durchmesser von 4 Metern","og_url":"https:\/\/worldofflowerpots.com\/sklep\/pflanztopf-aus-beton-matino\/","og_site_name":"Blumenk\u00fcbel World of Flowerpots","article_modified_time":"2019-04-16T18:45:26+00:00","og_image":[{"width":2280,"height":1612,"url":"https:\/\/worldofflowerpots.com\/wp-content\/uploads\/2019\/03\/pflanztopf-beton-Matino.jpg","type":"image\/jpeg"}],"twitter_card":"summary_large_image","twitter_misc":{"Gesch\u00e4tzte Lesezeit":"2\u00a0Minuten"},"schema":{"@context":"https:\/\/schema.org","@graph":[{"@type":"WebPage","@id":"https:\/\/worldofflowerpots.com\/sklep\/pflanztopf-aus-beton-matino\/","url":"https:\/\/worldofflowerpots.com\/sklep\/pflanztopf-aus-beton-matino\/","name":"Pflanztopf aus Beton Model Matino | Blumenk\u00fcbel World of Flowerpots","isPartOf":{"@id":"https:\/\/worldofflowerpots.com\/#website"},"primaryImageOfPage":{"@id":"https:\/\/worldofflowerpots.com\/sklep\/pflanztopf-aus-beton-matino\/#primaryimage"},"image":{"@id":"https:\/\/worldofflowerpots.com\/sklep\/pflanztopf-aus-beton-matino\/#primaryimage"},"thumbnailUrl":"https:\/\/worldofflowerpots.com\/wp-content\/uploads\/2019\/03\/pflanztopf-beton-Matino.jpg","datePublished":"2019-03-15T09:17:41+00:00","dateModified":"2019-04-16T18:45:26+00:00","description":"Pflanzk\u00fcbel aus Beton ist als ein Viertelkreis gefertigt, 4 St\u00fcck davon ergeben also einen exakten Kreis im Durchmesser von 4 Metern","breadcrumb":{"@id":"https:\/\/worldofflowerpots.com\/sklep\/pflanztopf-aus-beton-matino\/#breadcrumb"},"inLanguage":"de","potentialAction":[{"@type":"ReadAction","target":["https:\/\/worldofflowerpots.com\/sklep\/pflanztopf-aus-beton-matino\/"]}]},{"@type":"ImageObject","inLanguage":"de","@id":"https:\/\/worldofflowerpots.com\/sklep\/pflanztopf-aus-beton-matino\/#primaryimage","url":"https:\/\/worldofflowerpots.com\/wp-content\/uploads\/2019\/03\/pflanztopf-beton-Matino.jpg","contentUrl":"https:\/\/worldofflowerpots.com\/wp-content\/uploads\/2019\/03\/pflanztopf-beton-Matino.jpg","width":2280,"height":1612},{"@type":"BreadcrumbList","@id":"https:\/\/worldofflowerpots.com\/sklep\/pflanztopf-aus-beton-matino\/#breadcrumb","itemListElement":[{"@type":"ListItem","position":1,"name":"Strona g\u0142\u00f3wna","item":"https:\/\/worldofflowerpots.com\/blumenkuebel-grosse-auswahl\/"},{"@type":"ListItem","position":2,"name":"Shop","item":"https:\/\/worldofflowerpots.com\/sortiment\/"},{"@type":"ListItem","position":3,"name":"Pflanztopf aus Beton Model Matino"}]},{"@type":"WebSite","@id":"https:\/\/worldofflowerpots.com\/#website","url":"https:\/\/worldofflowerpots.com\/","name":"Blumenk\u00fcbel World of Flowerpots","description":"Pflanzk\u00fcbel beton, blumentr\u00f6ge, blumenk\u00fcbel gro\u00df, cortenstahl, fiberglas","potentialAction":[{"@type":"SearchAction","target":{"@type":"EntryPoint","urlTemplate":"https:\/\/worldofflowerpots.com\/?s={search_term_string}"},"query-input":{"@type":"PropertyValueSpecification","valueRequired":true,"valueName":"search_term_string"}}],"inLanguage":"de"}]}},"_links":{"self":[{"href":"https:\/\/worldofflowerpots.com\/de\/wp-json\/wp\/v2\/product\/56322","targetHints":{"allow":["GET"]}}],"collection":[{"href":"https:\/\/worldofflowerpots.com\/de\/wp-json\/wp\/v2\/product"}],"about":[{"href":"https:\/\/worldofflowerpots.com\/de\/wp-json\/wp\/v2\/types\/product"}],"wp:featuredmedia":[{"embeddable":true,"href":"https:\/\/worldofflowerpots.com\/de\/wp-json\/wp\/v2\/media\/59540"}],"wp:attachment":[{"href":"https:\/\/worldofflowerpots.com\/de\/wp-json\/wp\/v2\/media?parent=56322"}],"wp:term":[{"taxonomy":"product_brand","embeddable":true,"href":"https:\/\/worldofflowerpots.com\/de\/wp-json\/wp\/v2\/product_brand?post=56322"},{"taxonomy":"product_cat","embeddable":true,"href":"https:\/\/worldofflowerpots.com\/de\/wp-json\/wp\/v2\/product_cat?post=56322"},{"taxonomy":"product_tag","embeddable":true,"href":"https:\/\/worldofflowerpots.com\/de\/wp-json\/wp\/v2\/product_tag?post=56322"}],"curies":[{"name":"wp","href":"https:\/\/api.w.org\/{rel}","templated":true}]}}