{"id":56387,"date":"2019-03-15T11:01:24","date_gmt":"2019-03-15T10:01:24","guid":{"rendered":"https:\/\/worldofflowerpots.com\/sklep\/alessio-10\/"},"modified":"2019-04-23T20:46:45","modified_gmt":"2019-04-23T18:46:45","slug":"grosse-blumenkuebel-alessio-10","status":"publish","type":"product","link":"https:\/\/worldofflowerpots.com\/de\/sortiment\/grosse-blumenkuebel-alessio-10\/","title":{"rendered":"Grosse Blumenk\u00fcbel  Alessio 10"},"content":{"rendered":"<h2>Der gro\u00dfe Blumenk\u00fcbel aus bester Qualit\u00e4t<\/h2>\n<p>Der Pflanzk\u00fcbel wirkt elegant, ist aber von stabiler und robuster Beschaffenheit. Die \u00e4u\u00dfere Pulverbeschichtung verspricht eine lange Lebensdauer, dar\u00fcber hinaus ist der Pflanzk\u00fcbel aus Aluminium UV-resistent und frostgesch\u00fctzt. Alle Alessio Modelle sind deshalb sowohl im Au\u00dfenbereich als auch im Wintergarten oder Wohnbereich wunderbar geeignet. Auch der quadratische Pflanztrog verf\u00fcgt \u00fcber ein hohes Eigengewicht von 29 kg. Im bepflanzten Zustand ist er daher sehr massiv und h\u00e4lt einem Sturm ohne Probleme stand. H\u00f6here T\u00f6pfe mit einer kleinen Auflagefl\u00e4che geraten bei Wind leicht ins Wanken. Da der Pflanzk\u00fcbel aus Aluminium aber quadratisch geformt ist und H\u00f6he und Breite identisch sind, besitzt er einen stabilen Stand. Zu jeder Jahreszeit kann der h\u00fcbsche Pflanzk\u00fcbel aus Aluminium daher \u00fcberall auf dem Grundst\u00fcck eingesetzt werden. Mit einer H\u00f6he, L\u00e4nge und Breite von 800 mm verf\u00fcgt der gro\u00dfe Blumenk\u00fcbel \u00fcber viel Platz f\u00fcr mehrere Pflanzen. Zudem ist seine Tiefe ausreichend f\u00fcr die Wurzeln gr\u00f6\u00dferer Pflanzen, die normalerweise weniger in Blumentr\u00f6ge gepflanzt werden. Der Alessio 10 bietet durch seine Optik und Machart alles in allem sehr viele kreative und praktische Verwendungsm\u00f6glichkeiten.<\/p>\n<p><strong>Der edle Alessio 10<\/strong><\/p>\n<p>Der Pflanzk\u00fcbel aus Aluminium im quadratischen Design dr\u00fcckt durch seine gerade Linien klassische Eleganz aus. Seine Au\u00dfenfl\u00e4che in Hochglanz l\u00e4sst ihn besonders edel erscheinen. Erh\u00e4ltlich ist der gro\u00dfe Blumenk\u00fcbel in Wei\u00df, Anthrazit und Grau. Das macht ihn mit vielen T\u00f6pfen kombinierbar. Ab einer Bestellmenge von f\u00fcnf St\u00fcck kann der Alessio 10 au\u00dferdem farblich individuell gestaltet werden. Seine zeitlosen Farbt\u00f6ne verschaffen ihm in jedem Umfeld ein stilvolles Aussehen. In R\u00e4umen erzeugt er ein ansprechendes Ambiente. Auch drau\u00dfen \u00fcberzeugt der Pflanztrog: Sowohl als Detail an der Hauswand als auch zur Wegs\u00e4umung ist der gro\u00dfe Blumenk\u00fcbel wunderbar geeignet. Dank seines unkomplizierten \u00c4u\u00dferen ist er offen f\u00fcr unterschiedliche Pflanzen: Eine Zimmerpalme f\u00fcr das B\u00fcro, Jasmin f\u00fcr den Balkon oder auch ein kleines Nadelb\u00e4umchen f\u00fcr den Au\u00dfenbereich: Alle Varianten kommen in dem Pflanztrog geschmackvoll zur Geltung.<\/p>\n","protected":false},"excerpt":{"rendered":"<p>Material: 2 mm Aluminiumblech<br \/>\nFarbe: Pulverbeschichtung<br \/>\nStandard: RAL9016,7012,7021<br \/>\nAb 5 St\u00fcck jede Ral Farbe m\u00f6glich<br \/>\nGewicht : 29kg<br \/>\nAbmessungen B800mm H800mm L800mm<br \/>\nUV-resistent, Wetterfest<br \/>\nFrostbest\u00e4ndig bei gew\u00e4hrleistetem Wasserablauf<\/p>\n","protected":false},"featured_media":57261,"template":"","meta":{"_acf_changed":false},"product_brand":[],"product_cat":[269],"product_tag":[],"class_list":{"0":"post-56387","1":"product","2":"type-product","3":"status-publish","4":"has-post-thumbnail","6":"product_cat-pflanzkuebel-aluminium","7":"description-off","8":"tm-has-options","10":"first","11":"instock","12":"shipping-taxable","13":"purchasable","14":"product-type-simple"},"acf":[],"yoast_head":"<!-- This site is optimized with the Yoast SEO plugin v27.5 - https:\/\/yoast.com\/product\/yoast-seo-wordpress\/ -->\n<title>Der gro\u00dfe Blumenk\u00fcbel aus Aluminium wirkt stabil<\/title>\n<meta name=\"description\" content=\"Pulverbeschichtung verspricht eine lange Lebensdauer, dar\u00fcber hinaus ist der Pflanzk\u00fcbel aus Aluminium UV-resistent und frostgesch\u00fctzt.\" \/>\n<meta name=\"robots\" content=\"index, follow, max-snippet:-1, max-image-preview:large, max-video-preview:-1\" \/>\n<link rel=\"canonical\" href=\"https:\/\/worldofflowerpots.com\/sklep\/grosse-blumenkuebel-alessio-10\/\" \/>\n<meta property=\"og:locale\" content=\"de_DE\" \/>\n<meta property=\"og:type\" content=\"article\" \/>\n<meta property=\"og:title\" content=\"Der gro\u00dfe Blumenk\u00fcbel aus Aluminium wirkt stabil\" \/>\n<meta property=\"og:description\" content=\"Pulverbeschichtung verspricht eine lange Lebensdauer, dar\u00fcber hinaus ist der Pflanzk\u00fcbel aus Aluminium UV-resistent und frostgesch\u00fctzt.\" \/>\n<meta property=\"og:url\" content=\"https:\/\/worldofflowerpots.com\/sklep\/grosse-blumenkuebel-alessio-10\/\" \/>\n<meta property=\"og:site_name\" content=\"Blumenk\u00fcbel World of Flowerpots\" \/>\n<meta property=\"article:modified_time\" content=\"2019-04-23T18:46:45+00:00\" \/>\n<meta property=\"og:image\" content=\"https:\/\/worldofflowerpots.com\/wp-content\/uploads\/2019\/03\/doniczki-tarasowe-du\u017ce-Alessio_10.jpg\" \/>\n\t<meta property=\"og:image:width\" content=\"2280\" \/>\n\t<meta property=\"og:image:height\" content=\"1612\" \/>\n\t<meta property=\"og:image:type\" content=\"image\/jpeg\" \/>\n<meta name=\"twitter:card\" content=\"summary_large_image\" \/>\n<meta name=\"twitter:label1\" content=\"Gesch\u00e4tzte Lesezeit\" \/>\n\t<meta name=\"twitter:data1\" content=\"2\u00a0Minuten\" \/>\n<script type=\"application\/ld+json\" class=\"yoast-schema-graph\">{\"@context\":\"https:\\\/\\\/schema.org\",\"@graph\":[{\"@type\":\"WebPage\",\"@id\":\"https:\\\/\\\/worldofflowerpots.com\\\/sklep\\\/grosse-blumenkuebel-alessio-10\\\/\",\"url\":\"https:\\\/\\\/worldofflowerpots.com\\\/sklep\\\/grosse-blumenkuebel-alessio-10\\\/\",\"name\":\"Der gro\u00dfe Blumenk\u00fcbel aus Aluminium wirkt stabil\",\"isPartOf\":{\"@id\":\"https:\\\/\\\/worldofflowerpots.com\\\/#website\"},\"primaryImageOfPage\":{\"@id\":\"https:\\\/\\\/worldofflowerpots.com\\\/sklep\\\/grosse-blumenkuebel-alessio-10\\\/#primaryimage\"},\"image\":{\"@id\":\"https:\\\/\\\/worldofflowerpots.com\\\/sklep\\\/grosse-blumenkuebel-alessio-10\\\/#primaryimage\"},\"thumbnailUrl\":\"https:\\\/\\\/worldofflowerpots.com\\\/wp-content\\\/uploads\\\/2019\\\/03\\\/doniczki-tarasowe-du\u017ce-Alessio_10.jpg\",\"datePublished\":\"2019-03-15T10:01:24+00:00\",\"dateModified\":\"2019-04-23T18:46:45+00:00\",\"description\":\"Pulverbeschichtung verspricht eine lange Lebensdauer, dar\u00fcber hinaus ist der Pflanzk\u00fcbel aus Aluminium UV-resistent und frostgesch\u00fctzt.\",\"breadcrumb\":{\"@id\":\"https:\\\/\\\/worldofflowerpots.com\\\/sklep\\\/grosse-blumenkuebel-alessio-10\\\/#breadcrumb\"},\"inLanguage\":\"de\",\"potentialAction\":[{\"@type\":\"ReadAction\",\"target\":[\"https:\\\/\\\/worldofflowerpots.com\\\/sklep\\\/grosse-blumenkuebel-alessio-10\\\/\"]}]},{\"@type\":\"ImageObject\",\"inLanguage\":\"de\",\"@id\":\"https:\\\/\\\/worldofflowerpots.com\\\/sklep\\\/grosse-blumenkuebel-alessio-10\\\/#primaryimage\",\"url\":\"https:\\\/\\\/worldofflowerpots.com\\\/wp-content\\\/uploads\\\/2019\\\/03\\\/doniczki-tarasowe-du\u017ce-Alessio_10.jpg\",\"contentUrl\":\"https:\\\/\\\/worldofflowerpots.com\\\/wp-content\\\/uploads\\\/2019\\\/03\\\/doniczki-tarasowe-du\u017ce-Alessio_10.jpg\",\"width\":2280,\"height\":1612},{\"@type\":\"BreadcrumbList\",\"@id\":\"https:\\\/\\\/worldofflowerpots.com\\\/sklep\\\/grosse-blumenkuebel-alessio-10\\\/#breadcrumb\",\"itemListElement\":[{\"@type\":\"ListItem\",\"position\":1,\"name\":\"Strona g\u0142\u00f3wna\",\"item\":\"https:\\\/\\\/worldofflowerpots.com\\\/blumenkuebel-grosse-auswahl\\\/\"},{\"@type\":\"ListItem\",\"position\":2,\"name\":\"Shop\",\"item\":\"https:\\\/\\\/worldofflowerpots.com\\\/sortiment\\\/\"},{\"@type\":\"ListItem\",\"position\":3,\"name\":\"Grosse Blumenk\u00fcbel Alessio 10\"}]},{\"@type\":\"WebSite\",\"@id\":\"https:\\\/\\\/worldofflowerpots.com\\\/#website\",\"url\":\"https:\\\/\\\/worldofflowerpots.com\\\/\",\"name\":\"Blumenk\u00fcbel World of Flowerpots\",\"description\":\"Pflanzk\u00fcbel beton, blumentr\u00f6ge, blumenk\u00fcbel gro\u00df, cortenstahl, fiberglas\",\"potentialAction\":[{\"@type\":\"SearchAction\",\"target\":{\"@type\":\"EntryPoint\",\"urlTemplate\":\"https:\\\/\\\/worldofflowerpots.com\\\/?s={search_term_string}\"},\"query-input\":{\"@type\":\"PropertyValueSpecification\",\"valueRequired\":true,\"valueName\":\"search_term_string\"}}],\"inLanguage\":\"de\"}]}<\/script>\n<!-- \/ Yoast SEO plugin. -->","yoast_head_json":{"title":"Der gro\u00dfe Blumenk\u00fcbel aus Aluminium wirkt stabil","description":"Pulverbeschichtung verspricht eine lange Lebensdauer, dar\u00fcber hinaus ist der Pflanzk\u00fcbel aus Aluminium UV-resistent und frostgesch\u00fctzt.","robots":{"index":"index","follow":"follow","max-snippet":"max-snippet:-1","max-image-preview":"max-image-preview:large","max-video-preview":"max-video-preview:-1"},"canonical":"https:\/\/worldofflowerpots.com\/sklep\/grosse-blumenkuebel-alessio-10\/","og_locale":"de_DE","og_type":"article","og_title":"Der gro\u00dfe Blumenk\u00fcbel aus Aluminium wirkt stabil","og_description":"Pulverbeschichtung verspricht eine lange Lebensdauer, dar\u00fcber hinaus ist der Pflanzk\u00fcbel aus Aluminium UV-resistent und frostgesch\u00fctzt.","og_url":"https:\/\/worldofflowerpots.com\/sklep\/grosse-blumenkuebel-alessio-10\/","og_site_name":"Blumenk\u00fcbel World of Flowerpots","article_modified_time":"2019-04-23T18:46:45+00:00","og_image":[{"width":2280,"height":1612,"url":"https:\/\/worldofflowerpots.com\/wp-content\/uploads\/2019\/03\/doniczki-tarasowe-du\u017ce-Alessio_10.jpg","type":"image\/jpeg"}],"twitter_card":"summary_large_image","twitter_misc":{"Gesch\u00e4tzte Lesezeit":"2\u00a0Minuten"},"schema":{"@context":"https:\/\/schema.org","@graph":[{"@type":"WebPage","@id":"https:\/\/worldofflowerpots.com\/sklep\/grosse-blumenkuebel-alessio-10\/","url":"https:\/\/worldofflowerpots.com\/sklep\/grosse-blumenkuebel-alessio-10\/","name":"Der gro\u00dfe Blumenk\u00fcbel aus Aluminium wirkt stabil","isPartOf":{"@id":"https:\/\/worldofflowerpots.com\/#website"},"primaryImageOfPage":{"@id":"https:\/\/worldofflowerpots.com\/sklep\/grosse-blumenkuebel-alessio-10\/#primaryimage"},"image":{"@id":"https:\/\/worldofflowerpots.com\/sklep\/grosse-blumenkuebel-alessio-10\/#primaryimage"},"thumbnailUrl":"https:\/\/worldofflowerpots.com\/wp-content\/uploads\/2019\/03\/doniczki-tarasowe-du\u017ce-Alessio_10.jpg","datePublished":"2019-03-15T10:01:24+00:00","dateModified":"2019-04-23T18:46:45+00:00","description":"Pulverbeschichtung verspricht eine lange Lebensdauer, dar\u00fcber hinaus ist der Pflanzk\u00fcbel aus Aluminium UV-resistent und frostgesch\u00fctzt.","breadcrumb":{"@id":"https:\/\/worldofflowerpots.com\/sklep\/grosse-blumenkuebel-alessio-10\/#breadcrumb"},"inLanguage":"de","potentialAction":[{"@type":"ReadAction","target":["https:\/\/worldofflowerpots.com\/sklep\/grosse-blumenkuebel-alessio-10\/"]}]},{"@type":"ImageObject","inLanguage":"de","@id":"https:\/\/worldofflowerpots.com\/sklep\/grosse-blumenkuebel-alessio-10\/#primaryimage","url":"https:\/\/worldofflowerpots.com\/wp-content\/uploads\/2019\/03\/doniczki-tarasowe-du\u017ce-Alessio_10.jpg","contentUrl":"https:\/\/worldofflowerpots.com\/wp-content\/uploads\/2019\/03\/doniczki-tarasowe-du\u017ce-Alessio_10.jpg","width":2280,"height":1612},{"@type":"BreadcrumbList","@id":"https:\/\/worldofflowerpots.com\/sklep\/grosse-blumenkuebel-alessio-10\/#breadcrumb","itemListElement":[{"@type":"ListItem","position":1,"name":"Strona g\u0142\u00f3wna","item":"https:\/\/worldofflowerpots.com\/blumenkuebel-grosse-auswahl\/"},{"@type":"ListItem","position":2,"name":"Shop","item":"https:\/\/worldofflowerpots.com\/sortiment\/"},{"@type":"ListItem","position":3,"name":"Grosse Blumenk\u00fcbel Alessio 10"}]},{"@type":"WebSite","@id":"https:\/\/worldofflowerpots.com\/#website","url":"https:\/\/worldofflowerpots.com\/","name":"Blumenk\u00fcbel World of Flowerpots","description":"Pflanzk\u00fcbel beton, blumentr\u00f6ge, blumenk\u00fcbel gro\u00df, cortenstahl, fiberglas","potentialAction":[{"@type":"SearchAction","target":{"@type":"EntryPoint","urlTemplate":"https:\/\/worldofflowerpots.com\/?s={search_term_string}"},"query-input":{"@type":"PropertyValueSpecification","valueRequired":true,"valueName":"search_term_string"}}],"inLanguage":"de"}]}},"_links":{"self":[{"href":"https:\/\/worldofflowerpots.com\/de\/wp-json\/wp\/v2\/product\/56387","targetHints":{"allow":["GET"]}}],"collection":[{"href":"https:\/\/worldofflowerpots.com\/de\/wp-json\/wp\/v2\/product"}],"about":[{"href":"https:\/\/worldofflowerpots.com\/de\/wp-json\/wp\/v2\/types\/product"}],"wp:featuredmedia":[{"embeddable":true,"href":"https:\/\/worldofflowerpots.com\/de\/wp-json\/wp\/v2\/media\/57261"}],"wp:attachment":[{"href":"https:\/\/worldofflowerpots.com\/de\/wp-json\/wp\/v2\/media?parent=56387"}],"wp:term":[{"taxonomy":"product_brand","embeddable":true,"href":"https:\/\/worldofflowerpots.com\/de\/wp-json\/wp\/v2\/product_brand?post=56387"},{"taxonomy":"product_cat","embeddable":true,"href":"https:\/\/worldofflowerpots.com\/de\/wp-json\/wp\/v2\/product_cat?post=56387"},{"taxonomy":"product_tag","embeddable":true,"href":"https:\/\/worldofflowerpots.com\/de\/wp-json\/wp\/v2\/product_tag?post=56387"}],"curies":[{"name":"wp","href":"https:\/\/api.w.org\/{rel}","templated":true}]}}