{"id":56560,"date":"2019-03-18T13:23:15","date_gmt":"2019-03-18T12:23:15","guid":{"rendered":"https:\/\/worldofflowerpots.com\/sklep\/seria-4\/"},"modified":"2019-04-18T11:24:44","modified_gmt":"2019-04-18T09:24:44","slug":"beton-blumenkasten-seria-4","status":"publish","type":"product","link":"https:\/\/worldofflowerpots.com\/de\/sortiment\/beton-blumenkasten-seria-4\/","title":{"rendered":"Beton Blumenkasten Seria 4"},"content":{"rendered":"<div id=\"attachment_58959\" style=\"width: 1034px\" class=\"wp-caption aligncenter\"><img loading=\"lazy\" decoding=\"async\" aria-describedby=\"caption-attachment-58959\" class=\"wp-image-58959 size-large\" src=\"https:\/\/worldofflowerpots.de\/wp-content\/uploads\/\/2017\/01\/Richtig-bepflanzen--1024x576.jpg\" alt=\"\" width=\"1024\" height=\"576\" srcset=\"https:\/\/worldofflowerpots.com\/wp-content\/uploads\/2017\/01\/Richtig-bepflanzen--1024x576.jpg 1024w, https:\/\/worldofflowerpots.com\/wp-content\/uploads\/2017\/01\/Richtig-bepflanzen--300x169.jpg 300w, https:\/\/worldofflowerpots.com\/wp-content\/uploads\/2017\/01\/Richtig-bepflanzen--768x432.jpg 768w, https:\/\/worldofflowerpots.com\/wp-content\/uploads\/2017\/01\/Richtig-bepflanzen--600x338.jpg 600w, https:\/\/worldofflowerpots.com\/wp-content\/uploads\/2017\/01\/Richtig-bepflanzen-.jpg 1920w\" sizes=\"auto, (max-width: 1024px) 100vw, 1024px\" \/><p id=\"caption-attachment-58959\" class=\"wp-caption-text\">Richtig bepflanzen<\/p><\/div>\n<div id=\"text_highlighted\">\n<div>\n<div class=\"preview\">\n<h3 style=\"text-align: center;\">Der Seria 4 in klassischem Design und zeitlosen Farben<\/h3>\n<p>Mit seiner gerade geschnittenen Form ist der Seria 4 ein klassischer Pflanzk\u00fcbel, der sich unkompliziert in viele Szenerien einf\u00fcgt. Dadurch und aufgrund seiner einfachen Farben kann er au\u00dferdem wunderbar mit anderen Blumenk\u00e4sten kombiniert werden. Der Pflanzk\u00fcbel Beton ist in anthrazit, grau und wei\u00df erh\u00e4ltlich und wirkt dadurch in jeder Variante zeitlos und elegant. Ob auf der Terrasse, im Bad oder Wohnbereich: Der Seria 4 wertet durch seine stilvolle Optik die Atmosph\u00e4re jeder Umgebung auf. Farblich darf die Bepflanzung des dezenten Pflanzk\u00fcbels ruhig ausgesch\u00f6pft werden, hierbei sind keine Grenzen gesetzt: Von bunten Balkonpflanzen \u00fcber edle Jasmin bis hin zu mediterranen Orangenb\u00e4umchen kommen in dem Beton Blumenkasten alle m\u00f6glichen Pflanzen zur Geltung und zaubern ein wunderbares Ambiente, je nach individueller Vorliebe. Der Pflanztrog besitzt eine H\u00f6he von 400 mm sowie eine Breite von 400 mm und besitzt daher auch eine ausreichende Tiefe f\u00fcr Wurzeln gr\u00f6\u00dfere Pflanzen. Der Seria 4 Pflanzk\u00fcbel ist durch seine l\u00e4ngliche Form dar\u00fcber hinaus super f\u00fcr weitere Dekorationsideen wie zum Beispiel Solarl\u00e4mpchen, Gartenkugeln oder Tonfiguren geeignet.<\/p>\n<h3 style=\"text-align: center;\">Das robuste Material des Seria 4<\/h3>\n<p>Eine zus\u00e4tzliche Besonderheit des Seria 4 Beton Blumenkasten ist das individuell anpassbare Fassungsverm\u00f6gen, das mit der Wahl der L\u00e4nge des Kastens von 1000 bis 2000 mm erweitert werden kann. Das macht den Pflanzk\u00fcbel Beton noch einmal flexibler gegen\u00fcber seiner Umwelt und der Bepflanzung. Mit dem Seria 4 erwerben Sie aufgrund seines robusten Materials au\u00dferdem ein wahres Qualit\u00e4tsprodukt. Der Betonstein garantiert eine lange Lebensdauer. Der Pflanzk\u00fcbel Beton ist des Weiteren frostbest\u00e4ndig sowie UV-resistent und somit sowohl f\u00fcr den Garten als auch f\u00fcr den Wintergarten einwandfrei geeignet. Bepflanzt hat der Seria 4 durch sein Betonmaterial zudem ein starkes Eigengewicht. Zusammen mit seiner schnittigen, ebenen Form kann daher auch ein schwerer Sturm den Beton Blumenkasten nicht aus seiner Balance bringen. Dadurch h\u00e4lt der hartn\u00e4ckige Pflanzk\u00fcbel Beton Wind und Wetter stand. Aufgrund dessen und durch die individuell festlegbare L\u00e4nge kann der Beton Blumenkasten im Au\u00dfenbereichen auch super als Begrenzung verwendet werden, beispielsweise bepflanzt mit Kr\u00e4utern als S\u00e4umung von Beetbereichen. Insgesamt ist der Seria 4 die perfekte Wahl sowohl f\u00fcr die kreative Gestaltung des Gartens als auch zum Aussch\u00f6pfen praktischer M\u00f6glichkeiten.<\/p>\n<\/div>\n<\/div>\n<\/div>\n","protected":false},"excerpt":{"rendered":"<p>Pflanzk\u00fcbel beton Seria 4<br \/>\nMaterial Beton (UHPC)<br \/>\nGewicht : abh\u00e4ngig von der Gr\u00f6\u00dfe<\/p>\n<p>Abmessungen B400mm H400mm L1000-2000mm<br \/>\nFarben: Grau, Schwarz, Weiss<br \/>\nUV-resistent<br \/>\nRobust und Stabil<br \/>\nWetterfest<br \/>\nFrostbest\u00e4ndig bei gew\u00e4hrleistetem Wasserablauf<\/p>\n<p>&nbsp;<\/p>\n","protected":false},"featured_media":59530,"template":"","meta":{"_acf_changed":false},"product_brand":[],"product_cat":[267],"product_tag":[],"class_list":{"0":"post-56560","1":"product","2":"type-product","3":"status-publish","4":"has-post-thumbnail","6":"product_cat-pflanzkuebel-beton","7":"description-off","8":"tm-has-options","10":"first","11":"instock","12":"shipping-taxable","13":"purchasable","14":"product-type-simple"},"acf":[],"yoast_head":"<!-- This site is optimized with the Yoast SEO plugin v27.5 - https:\/\/yoast.com\/product\/yoast-seo-wordpress\/ -->\n<title>Beton Blumenkasten im Au\u00dfenbereichen auch super als Begrenzung<\/title>\n<meta name=\"description\" content=\"Beton Blumenkasten Seria4 ist das individuell anpassbare Fassungsverm\u00f6gen, das mit der Wahl der L\u00e4nge des Kastens von 1000 bis 2000 mm erweitert werden kann\" \/>\n<meta name=\"robots\" content=\"index, follow, max-snippet:-1, max-image-preview:large, max-video-preview:-1\" \/>\n<link rel=\"canonical\" href=\"https:\/\/worldofflowerpots.com\/sklep\/beton-blumenkasten-seria-4\/\" \/>\n<meta property=\"og:locale\" content=\"de_DE\" \/>\n<meta property=\"og:type\" content=\"article\" \/>\n<meta property=\"og:title\" content=\"Beton Blumenkasten im Au\u00dfenbereichen auch super als Begrenzung\" \/>\n<meta property=\"og:description\" content=\"Beton Blumenkasten Seria4 ist das individuell anpassbare Fassungsverm\u00f6gen, das mit der Wahl der L\u00e4nge des Kastens von 1000 bis 2000 mm erweitert werden kann\" \/>\n<meta property=\"og:url\" content=\"https:\/\/worldofflowerpots.com\/sklep\/beton-blumenkasten-seria-4\/\" \/>\n<meta property=\"og:site_name\" content=\"Blumenk\u00fcbel World of Flowerpots\" \/>\n<meta property=\"article:modified_time\" content=\"2019-04-18T09:24:44+00:00\" \/>\n<meta property=\"og:image\" content=\"https:\/\/worldofflowerpots.com\/wp-content\/uploads\/2019\/03\/beton-blumenkasten-Seria-4.jpg\" \/>\n\t<meta property=\"og:image:width\" content=\"2280\" \/>\n\t<meta property=\"og:image:height\" content=\"1612\" \/>\n\t<meta property=\"og:image:type\" content=\"image\/jpeg\" \/>\n<meta name=\"twitter:card\" content=\"summary_large_image\" \/>\n<meta name=\"twitter:label1\" content=\"Gesch\u00e4tzte Lesezeit\" \/>\n\t<meta name=\"twitter:data1\" content=\"2\u00a0Minuten\" \/>\n<script type=\"application\/ld+json\" class=\"yoast-schema-graph\">{\"@context\":\"https:\\\/\\\/schema.org\",\"@graph\":[{\"@type\":\"WebPage\",\"@id\":\"https:\\\/\\\/worldofflowerpots.com\\\/sklep\\\/beton-blumenkasten-seria-4\\\/\",\"url\":\"https:\\\/\\\/worldofflowerpots.com\\\/sklep\\\/beton-blumenkasten-seria-4\\\/\",\"name\":\"Beton Blumenkasten im Au\u00dfenbereichen auch super als Begrenzung\",\"isPartOf\":{\"@id\":\"https:\\\/\\\/worldofflowerpots.com\\\/#website\"},\"primaryImageOfPage\":{\"@id\":\"https:\\\/\\\/worldofflowerpots.com\\\/sklep\\\/beton-blumenkasten-seria-4\\\/#primaryimage\"},\"image\":{\"@id\":\"https:\\\/\\\/worldofflowerpots.com\\\/sklep\\\/beton-blumenkasten-seria-4\\\/#primaryimage\"},\"thumbnailUrl\":\"https:\\\/\\\/worldofflowerpots.com\\\/wp-content\\\/uploads\\\/2019\\\/03\\\/beton-blumenkasten-Seria-4.jpg\",\"datePublished\":\"2019-03-18T12:23:15+00:00\",\"dateModified\":\"2019-04-18T09:24:44+00:00\",\"description\":\"Beton Blumenkasten Seria4 ist das individuell anpassbare Fassungsverm\u00f6gen, das mit der Wahl der L\u00e4nge des Kastens von 1000 bis 2000 mm erweitert werden kann\",\"breadcrumb\":{\"@id\":\"https:\\\/\\\/worldofflowerpots.com\\\/sklep\\\/beton-blumenkasten-seria-4\\\/#breadcrumb\"},\"inLanguage\":\"de\",\"potentialAction\":[{\"@type\":\"ReadAction\",\"target\":[\"https:\\\/\\\/worldofflowerpots.com\\\/sklep\\\/beton-blumenkasten-seria-4\\\/\"]}]},{\"@type\":\"ImageObject\",\"inLanguage\":\"de\",\"@id\":\"https:\\\/\\\/worldofflowerpots.com\\\/sklep\\\/beton-blumenkasten-seria-4\\\/#primaryimage\",\"url\":\"https:\\\/\\\/worldofflowerpots.com\\\/wp-content\\\/uploads\\\/2019\\\/03\\\/beton-blumenkasten-Seria-4.jpg\",\"contentUrl\":\"https:\\\/\\\/worldofflowerpots.com\\\/wp-content\\\/uploads\\\/2019\\\/03\\\/beton-blumenkasten-Seria-4.jpg\",\"width\":2280,\"height\":1612},{\"@type\":\"BreadcrumbList\",\"@id\":\"https:\\\/\\\/worldofflowerpots.com\\\/sklep\\\/beton-blumenkasten-seria-4\\\/#breadcrumb\",\"itemListElement\":[{\"@type\":\"ListItem\",\"position\":1,\"name\":\"Strona g\u0142\u00f3wna\",\"item\":\"https:\\\/\\\/worldofflowerpots.com\\\/blumenkuebel-grosse-auswahl\\\/\"},{\"@type\":\"ListItem\",\"position\":2,\"name\":\"Shop\",\"item\":\"https:\\\/\\\/worldofflowerpots.com\\\/sortiment\\\/\"},{\"@type\":\"ListItem\",\"position\":3,\"name\":\"Beton Blumenkasten Seria 4\"}]},{\"@type\":\"WebSite\",\"@id\":\"https:\\\/\\\/worldofflowerpots.com\\\/#website\",\"url\":\"https:\\\/\\\/worldofflowerpots.com\\\/\",\"name\":\"Blumenk\u00fcbel World of Flowerpots\",\"description\":\"Pflanzk\u00fcbel beton, blumentr\u00f6ge, blumenk\u00fcbel gro\u00df, cortenstahl, fiberglas\",\"potentialAction\":[{\"@type\":\"SearchAction\",\"target\":{\"@type\":\"EntryPoint\",\"urlTemplate\":\"https:\\\/\\\/worldofflowerpots.com\\\/?s={search_term_string}\"},\"query-input\":{\"@type\":\"PropertyValueSpecification\",\"valueRequired\":true,\"valueName\":\"search_term_string\"}}],\"inLanguage\":\"de\"}]}<\/script>\n<!-- \/ Yoast SEO plugin. -->","yoast_head_json":{"title":"Beton Blumenkasten im Au\u00dfenbereichen auch super als Begrenzung","description":"Beton Blumenkasten Seria4 ist das individuell anpassbare Fassungsverm\u00f6gen, das mit der Wahl der L\u00e4nge des Kastens von 1000 bis 2000 mm erweitert werden kann","robots":{"index":"index","follow":"follow","max-snippet":"max-snippet:-1","max-image-preview":"max-image-preview:large","max-video-preview":"max-video-preview:-1"},"canonical":"https:\/\/worldofflowerpots.com\/sklep\/beton-blumenkasten-seria-4\/","og_locale":"de_DE","og_type":"article","og_title":"Beton Blumenkasten im Au\u00dfenbereichen auch super als Begrenzung","og_description":"Beton Blumenkasten Seria4 ist das individuell anpassbare Fassungsverm\u00f6gen, das mit der Wahl der L\u00e4nge des Kastens von 1000 bis 2000 mm erweitert werden kann","og_url":"https:\/\/worldofflowerpots.com\/sklep\/beton-blumenkasten-seria-4\/","og_site_name":"Blumenk\u00fcbel World of Flowerpots","article_modified_time":"2019-04-18T09:24:44+00:00","og_image":[{"width":2280,"height":1612,"url":"https:\/\/worldofflowerpots.com\/wp-content\/uploads\/2019\/03\/beton-blumenkasten-Seria-4.jpg","type":"image\/jpeg"}],"twitter_card":"summary_large_image","twitter_misc":{"Gesch\u00e4tzte Lesezeit":"2\u00a0Minuten"},"schema":{"@context":"https:\/\/schema.org","@graph":[{"@type":"WebPage","@id":"https:\/\/worldofflowerpots.com\/sklep\/beton-blumenkasten-seria-4\/","url":"https:\/\/worldofflowerpots.com\/sklep\/beton-blumenkasten-seria-4\/","name":"Beton Blumenkasten im Au\u00dfenbereichen auch super als Begrenzung","isPartOf":{"@id":"https:\/\/worldofflowerpots.com\/#website"},"primaryImageOfPage":{"@id":"https:\/\/worldofflowerpots.com\/sklep\/beton-blumenkasten-seria-4\/#primaryimage"},"image":{"@id":"https:\/\/worldofflowerpots.com\/sklep\/beton-blumenkasten-seria-4\/#primaryimage"},"thumbnailUrl":"https:\/\/worldofflowerpots.com\/wp-content\/uploads\/2019\/03\/beton-blumenkasten-Seria-4.jpg","datePublished":"2019-03-18T12:23:15+00:00","dateModified":"2019-04-18T09:24:44+00:00","description":"Beton Blumenkasten Seria4 ist das individuell anpassbare Fassungsverm\u00f6gen, das mit der Wahl der L\u00e4nge des Kastens von 1000 bis 2000 mm erweitert werden kann","breadcrumb":{"@id":"https:\/\/worldofflowerpots.com\/sklep\/beton-blumenkasten-seria-4\/#breadcrumb"},"inLanguage":"de","potentialAction":[{"@type":"ReadAction","target":["https:\/\/worldofflowerpots.com\/sklep\/beton-blumenkasten-seria-4\/"]}]},{"@type":"ImageObject","inLanguage":"de","@id":"https:\/\/worldofflowerpots.com\/sklep\/beton-blumenkasten-seria-4\/#primaryimage","url":"https:\/\/worldofflowerpots.com\/wp-content\/uploads\/2019\/03\/beton-blumenkasten-Seria-4.jpg","contentUrl":"https:\/\/worldofflowerpots.com\/wp-content\/uploads\/2019\/03\/beton-blumenkasten-Seria-4.jpg","width":2280,"height":1612},{"@type":"BreadcrumbList","@id":"https:\/\/worldofflowerpots.com\/sklep\/beton-blumenkasten-seria-4\/#breadcrumb","itemListElement":[{"@type":"ListItem","position":1,"name":"Strona g\u0142\u00f3wna","item":"https:\/\/worldofflowerpots.com\/blumenkuebel-grosse-auswahl\/"},{"@type":"ListItem","position":2,"name":"Shop","item":"https:\/\/worldofflowerpots.com\/sortiment\/"},{"@type":"ListItem","position":3,"name":"Beton Blumenkasten Seria 4"}]},{"@type":"WebSite","@id":"https:\/\/worldofflowerpots.com\/#website","url":"https:\/\/worldofflowerpots.com\/","name":"Blumenk\u00fcbel World of Flowerpots","description":"Pflanzk\u00fcbel beton, blumentr\u00f6ge, blumenk\u00fcbel gro\u00df, cortenstahl, fiberglas","potentialAction":[{"@type":"SearchAction","target":{"@type":"EntryPoint","urlTemplate":"https:\/\/worldofflowerpots.com\/?s={search_term_string}"},"query-input":{"@type":"PropertyValueSpecification","valueRequired":true,"valueName":"search_term_string"}}],"inLanguage":"de"}]}},"_links":{"self":[{"href":"https:\/\/worldofflowerpots.com\/de\/wp-json\/wp\/v2\/product\/56560","targetHints":{"allow":["GET"]}}],"collection":[{"href":"https:\/\/worldofflowerpots.com\/de\/wp-json\/wp\/v2\/product"}],"about":[{"href":"https:\/\/worldofflowerpots.com\/de\/wp-json\/wp\/v2\/types\/product"}],"wp:featuredmedia":[{"embeddable":true,"href":"https:\/\/worldofflowerpots.com\/de\/wp-json\/wp\/v2\/media\/59530"}],"wp:attachment":[{"href":"https:\/\/worldofflowerpots.com\/de\/wp-json\/wp\/v2\/media?parent=56560"}],"wp:term":[{"taxonomy":"product_brand","embeddable":true,"href":"https:\/\/worldofflowerpots.com\/de\/wp-json\/wp\/v2\/product_brand?post=56560"},{"taxonomy":"product_cat","embeddable":true,"href":"https:\/\/worldofflowerpots.com\/de\/wp-json\/wp\/v2\/product_cat?post=56560"},{"taxonomy":"product_tag","embeddable":true,"href":"https:\/\/worldofflowerpots.com\/de\/wp-json\/wp\/v2\/product_tag?post=56560"}],"curies":[{"name":"wp","href":"https:\/\/api.w.org\/{rel}","templated":true}]}}