{"id":56562,"date":"2019-03-18T14:32:31","date_gmt":"2019-03-18T13:32:31","guid":{"rendered":"https:\/\/worldofflowerpots.com\/sklep\/alessio-14\/"},"modified":"2019-04-24T12:22:43","modified_gmt":"2019-04-24T10:22:43","slug":"alessio-14","status":"publish","type":"product","link":"https:\/\/worldofflowerpots.com\/de\/sortiment\/alessio-14\/","title":{"rendered":"Winterfeste Pflanzk\u00fcbel Model Alessio 14"},"content":{"rendered":"<div id=\"text_highlighted\">\n<h3>Pflanzk\u00fcbel f\u00fcr vielf\u00e4ltige Befplanzungen im Freien<\/h3>\n<div>\n<p class=\"preview\">Fr\u00fchling hei\u00dft Pflanzzeit. Bl\u00fcht es im Garten noch nicht allzu \u00fcppig, k\u00f6nnen Sie das Bild durch bl\u00fchende K\u00fcbelpflanzen bunter gestalten. Dieser hohe, winterfeste Pflanzk\u00fcbel eignet sich f\u00fcr Pflanzen mit gro\u00dfen, tiefen Wurzeln wie auch f\u00fcr kunterbunte Blumenbepflanzung. Der wetterfeste Pflanzk\u00fcbel aus Aluminium kann im Fr\u00fchling mit vielfarbigen Stiefm\u00fctterchen, ersten Margeriten oder bl\u00fchenden Rankpflanzen besetzt werden.<\/p>\n<h4>Grosser, eleganter Pflanzk\u00fcbel Alessio 14<\/h4>\n<p>Den grossen, quaderf\u00f6rmigen Pflanzk\u00fcbel k\u00f6nnen Sie auf einer Rasenfl\u00e4che, \u00a0oder auf der grosse Terrasse aufstellen. Mit mehreren K\u00fcbeln lassen sich der Gartensitzplatz auf Dachterrasse gestallten. Der K\u00fcbel bringt mit 160cm L\u00e4nge, 160 cm H\u00f6he und 50 cm Breite perfekte Ma\u00dfe f\u00fcr vielf\u00e4ltige Pflanzgestaltungen mit. Gefertigt ist der Pflanzk\u00fcbel aus Aluminium, einem sehr leichten, wetterfesten, nicht rostenden Metall. Er bringt nur ein Eigengewicht von 68 kg mit. Das Material ist UV-resistent und frostbest\u00e4ndig. Ein Wasserablauf verhindert die Bildung von Staun\u00e4sse. Die Au\u00dfenw\u00e4nde sind farbig pulverbeschichtet. Bei einer Bestellung ab 5 Pflanzk\u00fcbeln k\u00f6nnen Sie die Farbe Ihrer K\u00fcbel frei aus der RAL Tabelle w\u00e4hlen. Der elegante, winterfeste Pflanzk\u00fcbel bietet Raum f\u00fcr vielseitige Bepflanzungen und erweist sich als schickes Highlight im Garten.<\/p>\n<h5>Pflanzideen f\u00fcr winterfeste Pflanzk\u00fcbel Alessio 14<\/h5>\n<p>Dauerhaft bepflanzen k\u00f6nnen Sie den Pflanzk\u00fcbel aus Aluminium mit wintergr\u00fcner, rankender Clematis, die rosa und wei\u00df bl\u00fchen. Winterhart ist auch die toll in Pink bl\u00fchende Mittagsblume. Schaffen Sie einen gr\u00fcnen, bl\u00fchenden Platz f\u00fcr die Dachterrasse mit Kletterpflanzen am Rankgitter im K\u00fcbel. Auf einem freien Platz oder Hotel Lobby nimmt sich im Pflanzk\u00fcbel Alessio 14 sehr sch\u00f6n ein Oleander, eine Palme oder ein Zwergflieder aus. Hortensie und Rhododendron f\u00fchlen sich ebenfalls in dem tiefen Pflanztopf wohl. Die Yucca kann vom Fr\u00fchling bis zum sp\u00e4ten Herbst im K\u00fcbel im Freien bleiben. Trotz des gesicherten Wasserablaufs sollten Sie winterfeste Pflanzk\u00fcbel immer mit einer Bodenschicht Kies oder Bl\u00e4hton ausstatten. Bei der H\u00f6he dieses K\u00fcbels darf diese Schicht bis zu 12 cm hoch sein. Umso angenehmer entwickelt sich das Wurzelklima im schicken Pflanzk\u00fcbel aus Aluminium.<\/p>\n<\/div>\n<\/div>\n","protected":false},"excerpt":{"rendered":"<p>Material: 2 mm Aluminiumblech<br \/>\nFarbe: Pulverbeschichtung<br \/>\nStandard: RAL9016,7012,7021<br \/>\nAb 5 St\u00fcck jede Ral Farbe m\u00f6glich<br \/>\nGewicht : 68 kg<br \/>\nAbmessungen B1600mm H500mm L1600mm<br \/>\nUV-resistent, Wetterfest<br \/>\nFrostbest\u00e4ndig bei gew\u00e4hrleistetem Wasserablauf<\/p>\n","protected":false},"featured_media":57240,"template":"","meta":{"_acf_changed":false},"product_brand":[],"product_cat":[269],"product_tag":[],"class_list":{"0":"post-56562","1":"product","2":"type-product","3":"status-publish","4":"has-post-thumbnail","6":"product_cat-pflanzkuebel-aluminium","7":"description-off","8":"tm-has-options","10":"first","11":"instock","12":"shipping-taxable","13":"purchasable","14":"product-type-simple"},"acf":[],"yoast_head":"<!-- This site is optimized with the Yoast SEO plugin v27.5 - https:\/\/yoast.com\/product\/yoast-seo-wordpress\/ -->\n<title>Winterfeste Pflanzk\u00fcbel Model Alessio | Blumenk\u00fcbel World of Flowerpots<\/title>\n<meta name=\"description\" content=\"Der elegante, winterfeste Pflanzk\u00fcbel bietet Raum f\u00fcr vielseitige Bepflanzungen und erweist sich als schickes Highlight im Garten.\" \/>\n<meta name=\"robots\" content=\"index, follow, max-snippet:-1, max-image-preview:large, max-video-preview:-1\" \/>\n<link rel=\"canonical\" href=\"https:\/\/worldofflowerpots.com\/sklep\/alessio-14\/\" \/>\n<meta property=\"og:locale\" content=\"de_DE\" \/>\n<meta property=\"og:type\" content=\"article\" \/>\n<meta property=\"og:title\" content=\"Winterfeste Pflanzk\u00fcbel Model Alessio | Blumenk\u00fcbel World of Flowerpots\" \/>\n<meta property=\"og:description\" content=\"Der elegante, winterfeste Pflanzk\u00fcbel bietet Raum f\u00fcr vielseitige Bepflanzungen und erweist sich als schickes Highlight im Garten.\" \/>\n<meta property=\"og:url\" content=\"https:\/\/worldofflowerpots.com\/sklep\/alessio-14\/\" \/>\n<meta property=\"og:site_name\" content=\"Blumenk\u00fcbel World of Flowerpots\" \/>\n<meta property=\"article:modified_time\" content=\"2019-04-24T10:22:43+00:00\" \/>\n<meta property=\"og:image\" content=\"https:\/\/worldofflowerpots.com\/wp-content\/uploads\/2019\/03\/donice-do-kwiat\u00f3w-du\u017ce-Alessio_14.jpg\" \/>\n\t<meta property=\"og:image:width\" content=\"2280\" \/>\n\t<meta property=\"og:image:height\" content=\"1612\" \/>\n\t<meta property=\"og:image:type\" content=\"image\/jpeg\" \/>\n<meta name=\"twitter:card\" content=\"summary_large_image\" \/>\n<meta name=\"twitter:label1\" content=\"Gesch\u00e4tzte Lesezeit\" \/>\n\t<meta name=\"twitter:data1\" content=\"2\u00a0Minuten\" \/>\n<script type=\"application\/ld+json\" class=\"yoast-schema-graph\">{\"@context\":\"https:\\\/\\\/schema.org\",\"@graph\":[{\"@type\":\"WebPage\",\"@id\":\"https:\\\/\\\/worldofflowerpots.com\\\/sklep\\\/alessio-14\\\/\",\"url\":\"https:\\\/\\\/worldofflowerpots.com\\\/sklep\\\/alessio-14\\\/\",\"name\":\"Winterfeste Pflanzk\u00fcbel Model Alessio | Blumenk\u00fcbel World of Flowerpots\",\"isPartOf\":{\"@id\":\"https:\\\/\\\/worldofflowerpots.com\\\/#website\"},\"primaryImageOfPage\":{\"@id\":\"https:\\\/\\\/worldofflowerpots.com\\\/sklep\\\/alessio-14\\\/#primaryimage\"},\"image\":{\"@id\":\"https:\\\/\\\/worldofflowerpots.com\\\/sklep\\\/alessio-14\\\/#primaryimage\"},\"thumbnailUrl\":\"https:\\\/\\\/worldofflowerpots.com\\\/wp-content\\\/uploads\\\/2019\\\/03\\\/donice-do-kwiat\u00f3w-du\u017ce-Alessio_14.jpg\",\"datePublished\":\"2019-03-18T13:32:31+00:00\",\"dateModified\":\"2019-04-24T10:22:43+00:00\",\"description\":\"Der elegante, winterfeste Pflanzk\u00fcbel bietet Raum f\u00fcr vielseitige Bepflanzungen und erweist sich als schickes Highlight im Garten.\",\"breadcrumb\":{\"@id\":\"https:\\\/\\\/worldofflowerpots.com\\\/sklep\\\/alessio-14\\\/#breadcrumb\"},\"inLanguage\":\"de\",\"potentialAction\":[{\"@type\":\"ReadAction\",\"target\":[\"https:\\\/\\\/worldofflowerpots.com\\\/sklep\\\/alessio-14\\\/\"]}]},{\"@type\":\"ImageObject\",\"inLanguage\":\"de\",\"@id\":\"https:\\\/\\\/worldofflowerpots.com\\\/sklep\\\/alessio-14\\\/#primaryimage\",\"url\":\"https:\\\/\\\/worldofflowerpots.com\\\/wp-content\\\/uploads\\\/2019\\\/03\\\/donice-do-kwiat\u00f3w-du\u017ce-Alessio_14.jpg\",\"contentUrl\":\"https:\\\/\\\/worldofflowerpots.com\\\/wp-content\\\/uploads\\\/2019\\\/03\\\/donice-do-kwiat\u00f3w-du\u017ce-Alessio_14.jpg\",\"width\":2280,\"height\":1612},{\"@type\":\"BreadcrumbList\",\"@id\":\"https:\\\/\\\/worldofflowerpots.com\\\/sklep\\\/alessio-14\\\/#breadcrumb\",\"itemListElement\":[{\"@type\":\"ListItem\",\"position\":1,\"name\":\"Strona g\u0142\u00f3wna\",\"item\":\"https:\\\/\\\/worldofflowerpots.com\\\/blumenkuebel-grosse-auswahl\\\/\"},{\"@type\":\"ListItem\",\"position\":2,\"name\":\"Shop\",\"item\":\"https:\\\/\\\/worldofflowerpots.com\\\/sortiment\\\/\"},{\"@type\":\"ListItem\",\"position\":3,\"name\":\"Winterfeste Pflanzk\u00fcbel Model Alessio 14\"}]},{\"@type\":\"WebSite\",\"@id\":\"https:\\\/\\\/worldofflowerpots.com\\\/#website\",\"url\":\"https:\\\/\\\/worldofflowerpots.com\\\/\",\"name\":\"Blumenk\u00fcbel World of Flowerpots\",\"description\":\"Pflanzk\u00fcbel beton, blumentr\u00f6ge, blumenk\u00fcbel gro\u00df, cortenstahl, fiberglas\",\"potentialAction\":[{\"@type\":\"SearchAction\",\"target\":{\"@type\":\"EntryPoint\",\"urlTemplate\":\"https:\\\/\\\/worldofflowerpots.com\\\/?s={search_term_string}\"},\"query-input\":{\"@type\":\"PropertyValueSpecification\",\"valueRequired\":true,\"valueName\":\"search_term_string\"}}],\"inLanguage\":\"de\"}]}<\/script>\n<!-- \/ Yoast SEO plugin. -->","yoast_head_json":{"title":"Winterfeste Pflanzk\u00fcbel Model Alessio | Blumenk\u00fcbel World of Flowerpots","description":"Der elegante, winterfeste Pflanzk\u00fcbel bietet Raum f\u00fcr vielseitige Bepflanzungen und erweist sich als schickes Highlight im Garten.","robots":{"index":"index","follow":"follow","max-snippet":"max-snippet:-1","max-image-preview":"max-image-preview:large","max-video-preview":"max-video-preview:-1"},"canonical":"https:\/\/worldofflowerpots.com\/sklep\/alessio-14\/","og_locale":"de_DE","og_type":"article","og_title":"Winterfeste Pflanzk\u00fcbel Model Alessio | Blumenk\u00fcbel World of Flowerpots","og_description":"Der elegante, winterfeste Pflanzk\u00fcbel bietet Raum f\u00fcr vielseitige Bepflanzungen und erweist sich als schickes Highlight im Garten.","og_url":"https:\/\/worldofflowerpots.com\/sklep\/alessio-14\/","og_site_name":"Blumenk\u00fcbel World of Flowerpots","article_modified_time":"2019-04-24T10:22:43+00:00","og_image":[{"width":2280,"height":1612,"url":"https:\/\/worldofflowerpots.com\/wp-content\/uploads\/2019\/03\/donice-do-kwiat\u00f3w-du\u017ce-Alessio_14.jpg","type":"image\/jpeg"}],"twitter_card":"summary_large_image","twitter_misc":{"Gesch\u00e4tzte Lesezeit":"2\u00a0Minuten"},"schema":{"@context":"https:\/\/schema.org","@graph":[{"@type":"WebPage","@id":"https:\/\/worldofflowerpots.com\/sklep\/alessio-14\/","url":"https:\/\/worldofflowerpots.com\/sklep\/alessio-14\/","name":"Winterfeste Pflanzk\u00fcbel Model Alessio | Blumenk\u00fcbel World of Flowerpots","isPartOf":{"@id":"https:\/\/worldofflowerpots.com\/#website"},"primaryImageOfPage":{"@id":"https:\/\/worldofflowerpots.com\/sklep\/alessio-14\/#primaryimage"},"image":{"@id":"https:\/\/worldofflowerpots.com\/sklep\/alessio-14\/#primaryimage"},"thumbnailUrl":"https:\/\/worldofflowerpots.com\/wp-content\/uploads\/2019\/03\/donice-do-kwiat\u00f3w-du\u017ce-Alessio_14.jpg","datePublished":"2019-03-18T13:32:31+00:00","dateModified":"2019-04-24T10:22:43+00:00","description":"Der elegante, winterfeste Pflanzk\u00fcbel bietet Raum f\u00fcr vielseitige Bepflanzungen und erweist sich als schickes Highlight im Garten.","breadcrumb":{"@id":"https:\/\/worldofflowerpots.com\/sklep\/alessio-14\/#breadcrumb"},"inLanguage":"de","potentialAction":[{"@type":"ReadAction","target":["https:\/\/worldofflowerpots.com\/sklep\/alessio-14\/"]}]},{"@type":"ImageObject","inLanguage":"de","@id":"https:\/\/worldofflowerpots.com\/sklep\/alessio-14\/#primaryimage","url":"https:\/\/worldofflowerpots.com\/wp-content\/uploads\/2019\/03\/donice-do-kwiat\u00f3w-du\u017ce-Alessio_14.jpg","contentUrl":"https:\/\/worldofflowerpots.com\/wp-content\/uploads\/2019\/03\/donice-do-kwiat\u00f3w-du\u017ce-Alessio_14.jpg","width":2280,"height":1612},{"@type":"BreadcrumbList","@id":"https:\/\/worldofflowerpots.com\/sklep\/alessio-14\/#breadcrumb","itemListElement":[{"@type":"ListItem","position":1,"name":"Strona g\u0142\u00f3wna","item":"https:\/\/worldofflowerpots.com\/blumenkuebel-grosse-auswahl\/"},{"@type":"ListItem","position":2,"name":"Shop","item":"https:\/\/worldofflowerpots.com\/sortiment\/"},{"@type":"ListItem","position":3,"name":"Winterfeste Pflanzk\u00fcbel Model Alessio 14"}]},{"@type":"WebSite","@id":"https:\/\/worldofflowerpots.com\/#website","url":"https:\/\/worldofflowerpots.com\/","name":"Blumenk\u00fcbel World of Flowerpots","description":"Pflanzk\u00fcbel beton, blumentr\u00f6ge, blumenk\u00fcbel gro\u00df, cortenstahl, fiberglas","potentialAction":[{"@type":"SearchAction","target":{"@type":"EntryPoint","urlTemplate":"https:\/\/worldofflowerpots.com\/?s={search_term_string}"},"query-input":{"@type":"PropertyValueSpecification","valueRequired":true,"valueName":"search_term_string"}}],"inLanguage":"de"}]}},"_links":{"self":[{"href":"https:\/\/worldofflowerpots.com\/de\/wp-json\/wp\/v2\/product\/56562","targetHints":{"allow":["GET"]}}],"collection":[{"href":"https:\/\/worldofflowerpots.com\/de\/wp-json\/wp\/v2\/product"}],"about":[{"href":"https:\/\/worldofflowerpots.com\/de\/wp-json\/wp\/v2\/types\/product"}],"wp:featuredmedia":[{"embeddable":true,"href":"https:\/\/worldofflowerpots.com\/de\/wp-json\/wp\/v2\/media\/57240"}],"wp:attachment":[{"href":"https:\/\/worldofflowerpots.com\/de\/wp-json\/wp\/v2\/media?parent=56562"}],"wp:term":[{"taxonomy":"product_brand","embeddable":true,"href":"https:\/\/worldofflowerpots.com\/de\/wp-json\/wp\/v2\/product_brand?post=56562"},{"taxonomy":"product_cat","embeddable":true,"href":"https:\/\/worldofflowerpots.com\/de\/wp-json\/wp\/v2\/product_cat?post=56562"},{"taxonomy":"product_tag","embeddable":true,"href":"https:\/\/worldofflowerpots.com\/de\/wp-json\/wp\/v2\/product_tag?post=56562"}],"curies":[{"name":"wp","href":"https:\/\/api.w.org\/{rel}","templated":true}]}}