{"id":56563,"date":"2019-03-19T10:30:35","date_gmt":"2019-03-19T09:30:35","guid":{"rendered":"https:\/\/worldofflowerpots.com\/sklep\/alessio-9\/"},"modified":"2019-04-24T15:42:12","modified_gmt":"2019-04-24T13:42:12","slug":"alessio-9","status":"publish","type":"product","link":"https:\/\/worldofflowerpots.com\/de\/sortiment\/alessio-9\/","title":{"rendered":"Lange Blument\u00f6pfe Model Alessio 9"},"content":{"rendered":"<h3>Der wetterfeste Pflanzk\u00fcbel Alessio 9 macht es Ihnen drau\u00dfen dauerhaft sch\u00f6ner<\/h3>\n<p>&nbsp;<\/p>\n<div>\n<p class=\"preview\">Lange Blument\u00f6pfe, die gleichzeitig gut aussehen und wetterresistent sind, k\u00f6nnen Sie jetzt kaufen. Egal ob auf dem Balkon, der Terrasse oder der Fensterbank, der wetterfeste Pflanzk\u00fcbel Alessio 9 bietet Ihnen beste Qualit\u00e4t. Die spezielle Herstellung aus Aluminiumblech mit Pulverbeschichtung sorgt f\u00fcr Wetterfestigkeit und eine lange Lebensdauer des Blumentopfs. Hinzu kommt, dass der Alessio 9 durch sein sch\u00f6nes Design ein echter Hingucker ist!<\/p>\n<h4>Alessio 9 &#8211; Wetterfeste Pflanzk\u00fcbel in bester Qualit\u00e4t<\/h4>\n<p>Der wetterfeste Pflanzk\u00fcbel Alessio 9 ist aus 2 Millimeter dickem Aluminiumblech gefertigt. Dieses Blech ist mit einer Pulverbeschichtung versehen. Diese Herstellung macht ihn zu einem Blumentopf mit sehr hoher Qualit\u00e4t. Durch die Beschichtung und die Herstellung aus Aluminiumblech ist er UV-Strahlungs- und wetterresistent. Der Alessio 9 ist au\u00dferdem frostresistent. Dabei gew\u00e4hrleistet der wetterfeste Pflanzk\u00fcbel auch bei kalten Temperaturen den Wasserablauf. Das erm\u00f6glicht es, den Blumenk\u00fcbel auch im Winter drau\u00dfen stehen zu lassen. So m\u00fcssen keine Aufebwahrungsorte des Blumenk\u00fcbels f\u00fcr den Winter gefunden werden. Die gro\u00dfen Ma\u00dfe des Alessio 9 von 50 cm mal 50 cm mal 230 cm, sorgen f\u00fcr etwas Gewicht. Durch die Herstellung aus Aluminiumblech wiegt der Alessio 9 37 Kilogramm. Da der Blumentopf allerdings nicht verstellt werden muss, macht sich dieses Gewicht kaum bemerkbar.<\/p>\n<h5>Lange Blument\u00f6pfe der Sorte Alessio 9 &#8211; Eine dauerhafte Investition<\/h5>\n<p>Wenn Sie lange Blument\u00f6pfe der Sorte Alessio 9 kaufen, investieren Sie in etwas Dauerhaftes. Durch ihre qualitativ hochwertige Herstellung sind Alessio 9 Blument\u00f6pfe robust und garantieren auch nach jahrelangem Einsatz noch volle Funktionsf\u00e4higkeit. Dank der Herstellung aus Aluminiumblech sind lange Blument\u00f6pfe der Sorte Alessio 9 fast unzerst\u00f6rbar. Au\u00dferdem sehen die Blument\u00f6pfe durch ihre spezielle Beschichtung auch nach jahrelangem Einsatz noch wie neu aus. Das sch\u00f6ne Design der Alessio 9 Blument\u00f6pfe macht zus\u00e4tzlich Freude. Es k\u00f6nnen 3 verschiedene Farben der Blument\u00f6pfe ausgew\u00e4hlt werden. Dadurch wird das Design flexibel und passt auf jeden Balkon und auf jede Terrasse. Mit diesen Blument\u00f6pfen sind ein dauerhaft sch\u00f6ner Balkon und eine dauerhaft sch\u00f6ne Terrasse garantiert.<\/p>\n<\/div>\n","protected":false},"excerpt":{"rendered":"<p>Material: 2 mm Aluminiumblech<br \/>\nFarbe: Pulverbeschichtung<br \/>\nStandard: RAL9016,7012,7021<br \/>\nAb 5 St\u00fcck jede Ral Farbe m\u00f6glich<br \/>\nGewicht : 37 kg<br \/>\nAbmessungen B500mm H500mm L2300mm<br \/>\nUV-resistent, Wetterfest<br \/>\nFrostbest\u00e4ndig bei gew\u00e4hrleistetem Wasserablauf<\/p>\n","protected":false},"featured_media":57230,"template":"","meta":{"_acf_changed":false},"product_brand":[],"product_cat":[269],"product_tag":[],"class_list":{"0":"post-56563","1":"product","2":"type-product","3":"status-publish","4":"has-post-thumbnail","6":"product_cat-pflanzkuebel-aluminium","7":"description-off","8":"tm-has-options","10":"first","11":"instock","12":"shipping-taxable","13":"purchasable","14":"product-type-simple"},"acf":[],"yoast_head":"<!-- This site is optimized with the Yoast SEO plugin v27.5 - https:\/\/yoast.com\/product\/yoast-seo-wordpress\/ -->\n<title>Lange Blument\u00f6pfe Model Alessio 9 | Blumenk\u00fcbel World of Flowerpots<\/title>\n<meta name=\"description\" content=\"Lange Blument\u00f6pfe, die gleichzeitig gut aussehen und wetterresistent sind aus 2 Millimeter dickem Aluminiumblech gefertigt Pulverbeschicht\u00e4t\" \/>\n<meta name=\"robots\" content=\"index, follow, max-snippet:-1, max-image-preview:large, max-video-preview:-1\" \/>\n<link rel=\"canonical\" href=\"https:\/\/worldofflowerpots.com\/sklep\/alessio-9\/\" \/>\n<meta property=\"og:locale\" content=\"de_DE\" \/>\n<meta property=\"og:type\" content=\"article\" \/>\n<meta property=\"og:title\" content=\"Lange Blument\u00f6pfe Model Alessio 9 | Blumenk\u00fcbel World of Flowerpots\" \/>\n<meta property=\"og:description\" content=\"Lange Blument\u00f6pfe, die gleichzeitig gut aussehen und wetterresistent sind aus 2 Millimeter dickem Aluminiumblech gefertigt Pulverbeschicht\u00e4t\" \/>\n<meta property=\"og:url\" content=\"https:\/\/worldofflowerpots.com\/sklep\/alessio-9\/\" \/>\n<meta property=\"og:site_name\" content=\"Blumenk\u00fcbel World of Flowerpots\" \/>\n<meta property=\"article:modified_time\" content=\"2019-04-24T13:42:12+00:00\" \/>\n<meta property=\"og:image\" content=\"https:\/\/worldofflowerpots.com\/wp-content\/uploads\/2019\/03\/d\u0142uga-doniczka-Alessio_9.jpg\" \/>\n\t<meta property=\"og:image:width\" content=\"2280\" \/>\n\t<meta property=\"og:image:height\" content=\"1612\" \/>\n\t<meta property=\"og:image:type\" content=\"image\/jpeg\" \/>\n<meta name=\"twitter:card\" content=\"summary_large_image\" \/>\n<meta name=\"twitter:label1\" content=\"Gesch\u00e4tzte Lesezeit\" \/>\n\t<meta name=\"twitter:data1\" content=\"2\u00a0Minuten\" \/>\n<script type=\"application\/ld+json\" class=\"yoast-schema-graph\">{\"@context\":\"https:\\\/\\\/schema.org\",\"@graph\":[{\"@type\":\"WebPage\",\"@id\":\"https:\\\/\\\/worldofflowerpots.com\\\/sklep\\\/alessio-9\\\/\",\"url\":\"https:\\\/\\\/worldofflowerpots.com\\\/sklep\\\/alessio-9\\\/\",\"name\":\"Lange Blument\u00f6pfe Model Alessio 9 | Blumenk\u00fcbel World of Flowerpots\",\"isPartOf\":{\"@id\":\"https:\\\/\\\/worldofflowerpots.com\\\/#website\"},\"primaryImageOfPage\":{\"@id\":\"https:\\\/\\\/worldofflowerpots.com\\\/sklep\\\/alessio-9\\\/#primaryimage\"},\"image\":{\"@id\":\"https:\\\/\\\/worldofflowerpots.com\\\/sklep\\\/alessio-9\\\/#primaryimage\"},\"thumbnailUrl\":\"https:\\\/\\\/worldofflowerpots.com\\\/wp-content\\\/uploads\\\/2019\\\/03\\\/d\u0142uga-doniczka-Alessio_9.jpg\",\"datePublished\":\"2019-03-19T09:30:35+00:00\",\"dateModified\":\"2019-04-24T13:42:12+00:00\",\"description\":\"Lange Blument\u00f6pfe, die gleichzeitig gut aussehen und wetterresistent sind aus 2 Millimeter dickem Aluminiumblech gefertigt Pulverbeschicht\u00e4t\",\"breadcrumb\":{\"@id\":\"https:\\\/\\\/worldofflowerpots.com\\\/sklep\\\/alessio-9\\\/#breadcrumb\"},\"inLanguage\":\"de\",\"potentialAction\":[{\"@type\":\"ReadAction\",\"target\":[\"https:\\\/\\\/worldofflowerpots.com\\\/sklep\\\/alessio-9\\\/\"]}]},{\"@type\":\"ImageObject\",\"inLanguage\":\"de\",\"@id\":\"https:\\\/\\\/worldofflowerpots.com\\\/sklep\\\/alessio-9\\\/#primaryimage\",\"url\":\"https:\\\/\\\/worldofflowerpots.com\\\/wp-content\\\/uploads\\\/2019\\\/03\\\/d\u0142uga-doniczka-Alessio_9.jpg\",\"contentUrl\":\"https:\\\/\\\/worldofflowerpots.com\\\/wp-content\\\/uploads\\\/2019\\\/03\\\/d\u0142uga-doniczka-Alessio_9.jpg\",\"width\":2280,\"height\":1612},{\"@type\":\"BreadcrumbList\",\"@id\":\"https:\\\/\\\/worldofflowerpots.com\\\/sklep\\\/alessio-9\\\/#breadcrumb\",\"itemListElement\":[{\"@type\":\"ListItem\",\"position\":1,\"name\":\"Strona g\u0142\u00f3wna\",\"item\":\"https:\\\/\\\/worldofflowerpots.com\\\/blumenkuebel-grosse-auswahl\\\/\"},{\"@type\":\"ListItem\",\"position\":2,\"name\":\"Shop\",\"item\":\"https:\\\/\\\/worldofflowerpots.com\\\/sortiment\\\/\"},{\"@type\":\"ListItem\",\"position\":3,\"name\":\"Lange Blument\u00f6pfe Model Alessio 9\"}]},{\"@type\":\"WebSite\",\"@id\":\"https:\\\/\\\/worldofflowerpots.com\\\/#website\",\"url\":\"https:\\\/\\\/worldofflowerpots.com\\\/\",\"name\":\"Blumenk\u00fcbel World of Flowerpots\",\"description\":\"Pflanzk\u00fcbel beton, blumentr\u00f6ge, blumenk\u00fcbel gro\u00df, cortenstahl, fiberglas\",\"potentialAction\":[{\"@type\":\"SearchAction\",\"target\":{\"@type\":\"EntryPoint\",\"urlTemplate\":\"https:\\\/\\\/worldofflowerpots.com\\\/?s={search_term_string}\"},\"query-input\":{\"@type\":\"PropertyValueSpecification\",\"valueRequired\":true,\"valueName\":\"search_term_string\"}}],\"inLanguage\":\"de\"}]}<\/script>\n<!-- \/ Yoast SEO plugin. -->","yoast_head_json":{"title":"Lange Blument\u00f6pfe Model Alessio 9 | Blumenk\u00fcbel World of Flowerpots","description":"Lange Blument\u00f6pfe, die gleichzeitig gut aussehen und wetterresistent sind aus 2 Millimeter dickem Aluminiumblech gefertigt Pulverbeschicht\u00e4t","robots":{"index":"index","follow":"follow","max-snippet":"max-snippet:-1","max-image-preview":"max-image-preview:large","max-video-preview":"max-video-preview:-1"},"canonical":"https:\/\/worldofflowerpots.com\/sklep\/alessio-9\/","og_locale":"de_DE","og_type":"article","og_title":"Lange Blument\u00f6pfe Model Alessio 9 | Blumenk\u00fcbel World of Flowerpots","og_description":"Lange Blument\u00f6pfe, die gleichzeitig gut aussehen und wetterresistent sind aus 2 Millimeter dickem Aluminiumblech gefertigt Pulverbeschicht\u00e4t","og_url":"https:\/\/worldofflowerpots.com\/sklep\/alessio-9\/","og_site_name":"Blumenk\u00fcbel World of Flowerpots","article_modified_time":"2019-04-24T13:42:12+00:00","og_image":[{"width":2280,"height":1612,"url":"https:\/\/worldofflowerpots.com\/wp-content\/uploads\/2019\/03\/d\u0142uga-doniczka-Alessio_9.jpg","type":"image\/jpeg"}],"twitter_card":"summary_large_image","twitter_misc":{"Gesch\u00e4tzte Lesezeit":"2\u00a0Minuten"},"schema":{"@context":"https:\/\/schema.org","@graph":[{"@type":"WebPage","@id":"https:\/\/worldofflowerpots.com\/sklep\/alessio-9\/","url":"https:\/\/worldofflowerpots.com\/sklep\/alessio-9\/","name":"Lange Blument\u00f6pfe Model Alessio 9 | Blumenk\u00fcbel World of Flowerpots","isPartOf":{"@id":"https:\/\/worldofflowerpots.com\/#website"},"primaryImageOfPage":{"@id":"https:\/\/worldofflowerpots.com\/sklep\/alessio-9\/#primaryimage"},"image":{"@id":"https:\/\/worldofflowerpots.com\/sklep\/alessio-9\/#primaryimage"},"thumbnailUrl":"https:\/\/worldofflowerpots.com\/wp-content\/uploads\/2019\/03\/d\u0142uga-doniczka-Alessio_9.jpg","datePublished":"2019-03-19T09:30:35+00:00","dateModified":"2019-04-24T13:42:12+00:00","description":"Lange Blument\u00f6pfe, die gleichzeitig gut aussehen und wetterresistent sind aus 2 Millimeter dickem Aluminiumblech gefertigt Pulverbeschicht\u00e4t","breadcrumb":{"@id":"https:\/\/worldofflowerpots.com\/sklep\/alessio-9\/#breadcrumb"},"inLanguage":"de","potentialAction":[{"@type":"ReadAction","target":["https:\/\/worldofflowerpots.com\/sklep\/alessio-9\/"]}]},{"@type":"ImageObject","inLanguage":"de","@id":"https:\/\/worldofflowerpots.com\/sklep\/alessio-9\/#primaryimage","url":"https:\/\/worldofflowerpots.com\/wp-content\/uploads\/2019\/03\/d\u0142uga-doniczka-Alessio_9.jpg","contentUrl":"https:\/\/worldofflowerpots.com\/wp-content\/uploads\/2019\/03\/d\u0142uga-doniczka-Alessio_9.jpg","width":2280,"height":1612},{"@type":"BreadcrumbList","@id":"https:\/\/worldofflowerpots.com\/sklep\/alessio-9\/#breadcrumb","itemListElement":[{"@type":"ListItem","position":1,"name":"Strona g\u0142\u00f3wna","item":"https:\/\/worldofflowerpots.com\/blumenkuebel-grosse-auswahl\/"},{"@type":"ListItem","position":2,"name":"Shop","item":"https:\/\/worldofflowerpots.com\/sortiment\/"},{"@type":"ListItem","position":3,"name":"Lange Blument\u00f6pfe Model Alessio 9"}]},{"@type":"WebSite","@id":"https:\/\/worldofflowerpots.com\/#website","url":"https:\/\/worldofflowerpots.com\/","name":"Blumenk\u00fcbel World of Flowerpots","description":"Pflanzk\u00fcbel beton, blumentr\u00f6ge, blumenk\u00fcbel gro\u00df, cortenstahl, fiberglas","potentialAction":[{"@type":"SearchAction","target":{"@type":"EntryPoint","urlTemplate":"https:\/\/worldofflowerpots.com\/?s={search_term_string}"},"query-input":{"@type":"PropertyValueSpecification","valueRequired":true,"valueName":"search_term_string"}}],"inLanguage":"de"}]}},"_links":{"self":[{"href":"https:\/\/worldofflowerpots.com\/de\/wp-json\/wp\/v2\/product\/56563","targetHints":{"allow":["GET"]}}],"collection":[{"href":"https:\/\/worldofflowerpots.com\/de\/wp-json\/wp\/v2\/product"}],"about":[{"href":"https:\/\/worldofflowerpots.com\/de\/wp-json\/wp\/v2\/types\/product"}],"wp:featuredmedia":[{"embeddable":true,"href":"https:\/\/worldofflowerpots.com\/de\/wp-json\/wp\/v2\/media\/57230"}],"wp:attachment":[{"href":"https:\/\/worldofflowerpots.com\/de\/wp-json\/wp\/v2\/media?parent=56563"}],"wp:term":[{"taxonomy":"product_brand","embeddable":true,"href":"https:\/\/worldofflowerpots.com\/de\/wp-json\/wp\/v2\/product_brand?post=56563"},{"taxonomy":"product_cat","embeddable":true,"href":"https:\/\/worldofflowerpots.com\/de\/wp-json\/wp\/v2\/product_cat?post=56563"},{"taxonomy":"product_tag","embeddable":true,"href":"https:\/\/worldofflowerpots.com\/de\/wp-json\/wp\/v2\/product_tag?post=56563"}],"curies":[{"name":"wp","href":"https:\/\/api.w.org\/{rel}","templated":true}]}}