{"id":56566,"date":"2019-03-19T11:54:07","date_gmt":"2019-03-19T10:54:07","guid":{"rendered":"https:\/\/worldofflowerpots.com\/sklep\/alessio-13\/"},"modified":"2019-04-24T16:39:01","modified_gmt":"2019-04-24T14:39:01","slug":"pflanzkuebel-aus-aluminium-alessio-13","status":"publish","type":"product","link":"https:\/\/worldofflowerpots.com\/de\/sortiment\/pflanzkuebel-aus-aluminium-alessio-13\/","title":{"rendered":"Pflanzk\u00fcbel gro\u00df f\u00fcr au\u00dfen Alessio 13"},"content":{"rendered":"<h3>Extra gro\u00dfer Pflanzk\u00fcbel f\u00fcr vielseitige Bepflanzungen<\/h3>\n<div>\n<div class=\"preview\">\n<p>Sie suchen einen sch\u00f6nen Pflanzk\u00fcbel f\u00fcr viele gr\u00fcne und bl\u00fchende, gro\u00dfe Gew\u00e4chse im Garten? Dann k\u00f6nnte dieser Pflanzk\u00fcbel gro\u00df f\u00fcr au\u00dfen Alessio 13 genau der richtige Platz f\u00fcr Ihre Pflanzen sein. Hergestellt ist der sch\u00f6ne Pflanzk\u00fcbel aus Aluminium. Der hochwertige Gro\u00dfk\u00fcbel ist vollst\u00e4ndig winterhart, besitzt einen sicheren Wasserablauf und ist bestens gegen UV-Strahlen gesch\u00fctzt. Wir f\u00fchren den Pflanzk\u00fcbel in drei Standardfarben, Wei\u00df, Hellgrau und Schwarz. Bei einer Bestellung ab 5 Gro\u00dft\u00f6pfen haben Sie die freie Farbwahl f\u00fcr die Pulverbeschichtung nach der RAL Tabelle.<\/p>\n<h4>Viel Platz f\u00fcr sch\u00f6nste Pflanzen &#8211; Pflanzk\u00fcbel gro\u00df f\u00fcr au\u00dfen<\/h4>\n<p>Der Pflanzk\u00fcbel aus Aluminium pr\u00e4sentiert sich mit Seitenma\u00dfen von 1,20 m und einer H\u00f6he von 60 cm. Da sind Ihren Ideen f\u00fcr eine Bepflanzung keine Grenzen gesetzt. Entscheiden Sie sich f\u00fcr eine bunte, dichte Pracht von Fr\u00fchlings- oder Sommerblumen oder f\u00fcr gro\u00dfe, winterharte Pflanzen f\u00fcr Ihren Pflanzk\u00fcbel gro\u00df f\u00fcr au\u00dfen. Keine Sorge, Staun\u00e4sse hat in dem gro\u00dfen Topf keine Chance. Unsere K\u00fcbel haben alle einen integrierten Wasserablauf. Trotzdem sollten Sie unbedingt auf dem K\u00fcbelboden eine ausreichend hohe Schicht von wasserdurchl\u00e4ssigem Material auslegen. Gut geeignet sind Kies, Bl\u00e4hton oder eine Sandschicht. Die Schicht sollte einige Zentimeter hoch sein. Dann k\u00f6nnen unbesorgt darauf Erde und Pflanzen in den K\u00fcbel gegeben werden. Aufgrund der Gr\u00f6\u00dfe sollten Sie f\u00fcr diesen sch\u00f6nen Pflanzk\u00fcbel aus Aluminium einen besonderen Stellplatz w\u00e4hlen. Am besten lassen sich solche gro\u00dfen K\u00fcbel auf einer freien Rasenfl\u00e4che, in einem Vorgarten, als Hingucker auf der Terrasse oder auf einem Vorplatz platzieren. Dann k\u00f6nnen Sie unter vielen tollen Bepflanzungen f\u00fcr den Gro\u00dfk\u00fcbel w\u00e4hlen.<\/p>\n<h5>Gro\u00dfer, dekorativer Pflanzk\u00fcbel aus Aluminium<\/h5>\n<p>Sehr gut geeignet sind Pflanzk\u00fcbel gro\u00df f\u00fcr au\u00dfen f\u00fcr eine dekorative Staudenbepflanzung. Best\u00fccken Sie den Gro\u00dftopf mit sch\u00f6nen winterharten Stauden, die im Fr\u00fchling oder\/und Sommer farbenfroh bl\u00fchen. Nicht immer muss es bl\u00fchen. Dicht mit Bambus bepflanzt ist der Gro\u00dfk\u00fcbel im Garten garantiert eine Augenweide. Alternativ k\u00f6nnen Sie mit einem Rankgitter auch eine duftende Kletterrose oder andere Bl\u00fchranken in den Pflanzk\u00fcbel setzen.<\/p>\n<\/div>\n<\/div>\n","protected":false},"excerpt":{"rendered":"<p>Material: 2 mm Aluminiumblech<br \/>\nFarbe: Pulverbeschichtung<br \/>\nStandard: RAL9016,7012,7021<br \/>\nAb 5 St\u00fcck jede Ral Farbe m\u00f6glich<br \/>\nGewicht : 33 kg<br \/>\nAbmessungen B1200mm H600mm L1200mm<br \/>\nUV-resistent, Wetterfest<br \/>\nFrostbest\u00e4ndig bei gew\u00e4hrleistetem Wasserablauf<\/p>\n","protected":false},"featured_media":57220,"template":"","meta":{"_acf_changed":false},"product_brand":[],"product_cat":[269],"product_tag":[],"class_list":{"0":"post-56566","1":"product","2":"type-product","3":"status-publish","4":"has-post-thumbnail","6":"product_cat-pflanzkuebel-aluminium","7":"description-off","8":"tm-has-options","10":"first","11":"instock","12":"shipping-taxable","13":"purchasable","14":"product-type-simple"},"acf":[],"yoast_head":"<!-- This site is optimized with the Yoast SEO plugin v27.5 - https:\/\/yoast.com\/product\/yoast-seo-wordpress\/ -->\n<title>Pflanzk\u00fcbel gro\u00df f\u00fcr au\u00dfen Alessio 13 | Blumenk\u00fcbel World of Flowerpots<\/title>\n<meta name=\"description\" content=\"Sehr gut geeignet sind Pflanzk\u00fcbel gro\u00df f\u00fcr au\u00dfen f\u00fcr eine dekorative Staudenbepflanzung. Wir f\u00fchren den Pflanzk\u00fcbel in drei Standardfarben\" \/>\n<meta name=\"robots\" content=\"index, follow, max-snippet:-1, max-image-preview:large, max-video-preview:-1\" \/>\n<link rel=\"canonical\" href=\"https:\/\/worldofflowerpots.com\/sklep\/pflanzkuebel-aus-aluminium-alessio-13\/\" \/>\n<meta property=\"og:locale\" content=\"de_DE\" \/>\n<meta property=\"og:type\" content=\"article\" \/>\n<meta property=\"og:title\" content=\"Pflanzk\u00fcbel gro\u00df f\u00fcr au\u00dfen Alessio 13 | Blumenk\u00fcbel World of Flowerpots\" \/>\n<meta property=\"og:description\" content=\"Sehr gut geeignet sind Pflanzk\u00fcbel gro\u00df f\u00fcr au\u00dfen f\u00fcr eine dekorative Staudenbepflanzung. Wir f\u00fchren den Pflanzk\u00fcbel in drei Standardfarben\" \/>\n<meta property=\"og:url\" content=\"https:\/\/worldofflowerpots.com\/sklep\/pflanzkuebel-aus-aluminium-alessio-13\/\" \/>\n<meta property=\"og:site_name\" content=\"Blumenk\u00fcbel World of Flowerpots\" \/>\n<meta property=\"article:modified_time\" content=\"2019-04-24T14:39:01+00:00\" \/>\n<meta property=\"og:image\" content=\"https:\/\/worldofflowerpots.com\/wp-content\/uploads\/2019\/03\/du\u017ca-donica-do-kwiat\u00f3w-Alessio_13.jpg\" \/>\n\t<meta property=\"og:image:width\" content=\"2280\" \/>\n\t<meta property=\"og:image:height\" content=\"1612\" \/>\n\t<meta property=\"og:image:type\" content=\"image\/jpeg\" \/>\n<meta name=\"twitter:card\" content=\"summary_large_image\" \/>\n<meta name=\"twitter:label1\" content=\"Gesch\u00e4tzte Lesezeit\" \/>\n\t<meta name=\"twitter:data1\" content=\"2\u00a0Minuten\" \/>\n<script type=\"application\/ld+json\" class=\"yoast-schema-graph\">{\"@context\":\"https:\\\/\\\/schema.org\",\"@graph\":[{\"@type\":\"WebPage\",\"@id\":\"https:\\\/\\\/worldofflowerpots.com\\\/sklep\\\/pflanzkuebel-aus-aluminium-alessio-13\\\/\",\"url\":\"https:\\\/\\\/worldofflowerpots.com\\\/sklep\\\/pflanzkuebel-aus-aluminium-alessio-13\\\/\",\"name\":\"Pflanzk\u00fcbel gro\u00df f\u00fcr au\u00dfen Alessio 13 | Blumenk\u00fcbel World of Flowerpots\",\"isPartOf\":{\"@id\":\"https:\\\/\\\/worldofflowerpots.com\\\/#website\"},\"primaryImageOfPage\":{\"@id\":\"https:\\\/\\\/worldofflowerpots.com\\\/sklep\\\/pflanzkuebel-aus-aluminium-alessio-13\\\/#primaryimage\"},\"image\":{\"@id\":\"https:\\\/\\\/worldofflowerpots.com\\\/sklep\\\/pflanzkuebel-aus-aluminium-alessio-13\\\/#primaryimage\"},\"thumbnailUrl\":\"https:\\\/\\\/worldofflowerpots.com\\\/wp-content\\\/uploads\\\/2019\\\/03\\\/du\u017ca-donica-do-kwiat\u00f3w-Alessio_13.jpg\",\"datePublished\":\"2019-03-19T10:54:07+00:00\",\"dateModified\":\"2019-04-24T14:39:01+00:00\",\"description\":\"Sehr gut geeignet sind Pflanzk\u00fcbel gro\u00df f\u00fcr au\u00dfen f\u00fcr eine dekorative Staudenbepflanzung. Wir f\u00fchren den Pflanzk\u00fcbel in drei Standardfarben\",\"breadcrumb\":{\"@id\":\"https:\\\/\\\/worldofflowerpots.com\\\/sklep\\\/pflanzkuebel-aus-aluminium-alessio-13\\\/#breadcrumb\"},\"inLanguage\":\"de\",\"potentialAction\":[{\"@type\":\"ReadAction\",\"target\":[\"https:\\\/\\\/worldofflowerpots.com\\\/sklep\\\/pflanzkuebel-aus-aluminium-alessio-13\\\/\"]}]},{\"@type\":\"ImageObject\",\"inLanguage\":\"de\",\"@id\":\"https:\\\/\\\/worldofflowerpots.com\\\/sklep\\\/pflanzkuebel-aus-aluminium-alessio-13\\\/#primaryimage\",\"url\":\"https:\\\/\\\/worldofflowerpots.com\\\/wp-content\\\/uploads\\\/2019\\\/03\\\/du\u017ca-donica-do-kwiat\u00f3w-Alessio_13.jpg\",\"contentUrl\":\"https:\\\/\\\/worldofflowerpots.com\\\/wp-content\\\/uploads\\\/2019\\\/03\\\/du\u017ca-donica-do-kwiat\u00f3w-Alessio_13.jpg\",\"width\":2280,\"height\":1612},{\"@type\":\"BreadcrumbList\",\"@id\":\"https:\\\/\\\/worldofflowerpots.com\\\/sklep\\\/pflanzkuebel-aus-aluminium-alessio-13\\\/#breadcrumb\",\"itemListElement\":[{\"@type\":\"ListItem\",\"position\":1,\"name\":\"Strona g\u0142\u00f3wna\",\"item\":\"https:\\\/\\\/worldofflowerpots.com\\\/blumenkuebel-grosse-auswahl\\\/\"},{\"@type\":\"ListItem\",\"position\":2,\"name\":\"Shop\",\"item\":\"https:\\\/\\\/worldofflowerpots.com\\\/sortiment\\\/\"},{\"@type\":\"ListItem\",\"position\":3,\"name\":\"Pflanzk\u00fcbel gro\u00df f\u00fcr au\u00dfen Alessio 13\"}]},{\"@type\":\"WebSite\",\"@id\":\"https:\\\/\\\/worldofflowerpots.com\\\/#website\",\"url\":\"https:\\\/\\\/worldofflowerpots.com\\\/\",\"name\":\"Blumenk\u00fcbel World of Flowerpots\",\"description\":\"Pflanzk\u00fcbel beton, blumentr\u00f6ge, blumenk\u00fcbel gro\u00df, cortenstahl, fiberglas\",\"potentialAction\":[{\"@type\":\"SearchAction\",\"target\":{\"@type\":\"EntryPoint\",\"urlTemplate\":\"https:\\\/\\\/worldofflowerpots.com\\\/?s={search_term_string}\"},\"query-input\":{\"@type\":\"PropertyValueSpecification\",\"valueRequired\":true,\"valueName\":\"search_term_string\"}}],\"inLanguage\":\"de\"}]}<\/script>\n<!-- \/ Yoast SEO plugin. -->","yoast_head_json":{"title":"Pflanzk\u00fcbel gro\u00df f\u00fcr au\u00dfen Alessio 13 | Blumenk\u00fcbel World of Flowerpots","description":"Sehr gut geeignet sind Pflanzk\u00fcbel gro\u00df f\u00fcr au\u00dfen f\u00fcr eine dekorative Staudenbepflanzung. Wir f\u00fchren den Pflanzk\u00fcbel in drei Standardfarben","robots":{"index":"index","follow":"follow","max-snippet":"max-snippet:-1","max-image-preview":"max-image-preview:large","max-video-preview":"max-video-preview:-1"},"canonical":"https:\/\/worldofflowerpots.com\/sklep\/pflanzkuebel-aus-aluminium-alessio-13\/","og_locale":"de_DE","og_type":"article","og_title":"Pflanzk\u00fcbel gro\u00df f\u00fcr au\u00dfen Alessio 13 | Blumenk\u00fcbel World of Flowerpots","og_description":"Sehr gut geeignet sind Pflanzk\u00fcbel gro\u00df f\u00fcr au\u00dfen f\u00fcr eine dekorative Staudenbepflanzung. Wir f\u00fchren den Pflanzk\u00fcbel in drei Standardfarben","og_url":"https:\/\/worldofflowerpots.com\/sklep\/pflanzkuebel-aus-aluminium-alessio-13\/","og_site_name":"Blumenk\u00fcbel World of Flowerpots","article_modified_time":"2019-04-24T14:39:01+00:00","og_image":[{"width":2280,"height":1612,"url":"https:\/\/worldofflowerpots.com\/wp-content\/uploads\/2019\/03\/du\u017ca-donica-do-kwiat\u00f3w-Alessio_13.jpg","type":"image\/jpeg"}],"twitter_card":"summary_large_image","twitter_misc":{"Gesch\u00e4tzte Lesezeit":"2\u00a0Minuten"},"schema":{"@context":"https:\/\/schema.org","@graph":[{"@type":"WebPage","@id":"https:\/\/worldofflowerpots.com\/sklep\/pflanzkuebel-aus-aluminium-alessio-13\/","url":"https:\/\/worldofflowerpots.com\/sklep\/pflanzkuebel-aus-aluminium-alessio-13\/","name":"Pflanzk\u00fcbel gro\u00df f\u00fcr au\u00dfen Alessio 13 | Blumenk\u00fcbel World of Flowerpots","isPartOf":{"@id":"https:\/\/worldofflowerpots.com\/#website"},"primaryImageOfPage":{"@id":"https:\/\/worldofflowerpots.com\/sklep\/pflanzkuebel-aus-aluminium-alessio-13\/#primaryimage"},"image":{"@id":"https:\/\/worldofflowerpots.com\/sklep\/pflanzkuebel-aus-aluminium-alessio-13\/#primaryimage"},"thumbnailUrl":"https:\/\/worldofflowerpots.com\/wp-content\/uploads\/2019\/03\/du\u017ca-donica-do-kwiat\u00f3w-Alessio_13.jpg","datePublished":"2019-03-19T10:54:07+00:00","dateModified":"2019-04-24T14:39:01+00:00","description":"Sehr gut geeignet sind Pflanzk\u00fcbel gro\u00df f\u00fcr au\u00dfen f\u00fcr eine dekorative Staudenbepflanzung. Wir f\u00fchren den Pflanzk\u00fcbel in drei Standardfarben","breadcrumb":{"@id":"https:\/\/worldofflowerpots.com\/sklep\/pflanzkuebel-aus-aluminium-alessio-13\/#breadcrumb"},"inLanguage":"de","potentialAction":[{"@type":"ReadAction","target":["https:\/\/worldofflowerpots.com\/sklep\/pflanzkuebel-aus-aluminium-alessio-13\/"]}]},{"@type":"ImageObject","inLanguage":"de","@id":"https:\/\/worldofflowerpots.com\/sklep\/pflanzkuebel-aus-aluminium-alessio-13\/#primaryimage","url":"https:\/\/worldofflowerpots.com\/wp-content\/uploads\/2019\/03\/du\u017ca-donica-do-kwiat\u00f3w-Alessio_13.jpg","contentUrl":"https:\/\/worldofflowerpots.com\/wp-content\/uploads\/2019\/03\/du\u017ca-donica-do-kwiat\u00f3w-Alessio_13.jpg","width":2280,"height":1612},{"@type":"BreadcrumbList","@id":"https:\/\/worldofflowerpots.com\/sklep\/pflanzkuebel-aus-aluminium-alessio-13\/#breadcrumb","itemListElement":[{"@type":"ListItem","position":1,"name":"Strona g\u0142\u00f3wna","item":"https:\/\/worldofflowerpots.com\/blumenkuebel-grosse-auswahl\/"},{"@type":"ListItem","position":2,"name":"Shop","item":"https:\/\/worldofflowerpots.com\/sortiment\/"},{"@type":"ListItem","position":3,"name":"Pflanzk\u00fcbel gro\u00df f\u00fcr au\u00dfen Alessio 13"}]},{"@type":"WebSite","@id":"https:\/\/worldofflowerpots.com\/#website","url":"https:\/\/worldofflowerpots.com\/","name":"Blumenk\u00fcbel World of Flowerpots","description":"Pflanzk\u00fcbel beton, blumentr\u00f6ge, blumenk\u00fcbel gro\u00df, cortenstahl, fiberglas","potentialAction":[{"@type":"SearchAction","target":{"@type":"EntryPoint","urlTemplate":"https:\/\/worldofflowerpots.com\/?s={search_term_string}"},"query-input":{"@type":"PropertyValueSpecification","valueRequired":true,"valueName":"search_term_string"}}],"inLanguage":"de"}]}},"_links":{"self":[{"href":"https:\/\/worldofflowerpots.com\/de\/wp-json\/wp\/v2\/product\/56566","targetHints":{"allow":["GET"]}}],"collection":[{"href":"https:\/\/worldofflowerpots.com\/de\/wp-json\/wp\/v2\/product"}],"about":[{"href":"https:\/\/worldofflowerpots.com\/de\/wp-json\/wp\/v2\/types\/product"}],"wp:featuredmedia":[{"embeddable":true,"href":"https:\/\/worldofflowerpots.com\/de\/wp-json\/wp\/v2\/media\/57220"}],"wp:attachment":[{"href":"https:\/\/worldofflowerpots.com\/de\/wp-json\/wp\/v2\/media?parent=56566"}],"wp:term":[{"taxonomy":"product_brand","embeddable":true,"href":"https:\/\/worldofflowerpots.com\/de\/wp-json\/wp\/v2\/product_brand?post=56566"},{"taxonomy":"product_cat","embeddable":true,"href":"https:\/\/worldofflowerpots.com\/de\/wp-json\/wp\/v2\/product_cat?post=56566"},{"taxonomy":"product_tag","embeddable":true,"href":"https:\/\/worldofflowerpots.com\/de\/wp-json\/wp\/v2\/product_tag?post=56566"}],"curies":[{"name":"wp","href":"https:\/\/api.w.org\/{rel}","templated":true}]}}