{"id":56568,"date":"2019-03-19T14:22:12","date_gmt":"2019-03-19T13:22:12","guid":{"rendered":"https:\/\/worldofflowerpots.com\/sklep\/alessio-11\/"},"modified":"2019-04-24T15:49:03","modified_gmt":"2019-04-24T13:49:03","slug":"alessio-11","status":"publish","type":"product","link":"https:\/\/worldofflowerpots.com\/de\/sortiment\/alessio-11\/","title":{"rendered":"Pflanztopf eckig Model Alessio 11"},"content":{"rendered":"<h3>Ger\u00e4umiger Pflanzk\u00fcbel aus Aluminium &#8211; winterfest und pflegeleicht<\/h3>\n<div>\n<p>Dieser schicke Pflanztopf ist eckig, breit und ger\u00e4umig. Hier finden Ihre K\u00fcbelpflanzen einen idealen Platz zum Wurzeln und Gedeihen. Der Pflanzk\u00fcbel aus Aluminium widersteht jedem Wetter und ist absolut winterfest. Au\u00dferdem sind die Wurzeln Ihrer Pflanzen in dem hochwertigen K\u00fcbel gegen UV-Strahlen gut gesch\u00fctzt. Einen guten Platz kann der elegante Pflanzk\u00fcbel auf Ihrer Terrasse oder auf einer Freifl\u00e4che im Garten finden. Standardm\u00e4\u00dfig k\u00f6nnen Sie unter drei Farben w\u00e4hlen von Wei\u00df bis Schwarz. Bestellen Sie im Shop mindestens f\u00fcnf Pflanzt\u00f6pfe Alessio 11, bieten wir Ihnen die freie Auswahl unter den Farben nach der RAL Tabelle.<\/p>\n<h4 class=\"preview\">Pflanztopf eckig und vielseitig zu bepflanzen<\/h4>\n<p>Mit einer Tiefe von 40 cm haben die verschiedensten Pflanzen in dem eckigen Topf gen\u00fcgend Wurzeltiefe. Der Pflanzk\u00fcbel aus Aluminium ist jeweils 60 cm lang und breit. Bei einem Gewicht von 17 kg kann eher von einem leichten Gro\u00dftopf gesprochen werden. Bef\u00fcllen Sie den Topf mit Erde und besetzen ihn mit Pflanzen, bietet das Gewicht allerdings eine sehr hohe Standfestigkeit. Die mittlere Pflanztiefe erm\u00f6glicht Ihnen, die unterschiedlichsten Gew\u00e4chse in den h\u00fcbschen eckigen Topf einzusetzen. Sie k\u00f6nnen die K\u00fcbel je nach Jahreszeit mit bl\u00fchenden Pflanzen bepflanzen oder sich f\u00fcr eine winterharte, dauerhafte Bepflanzung entscheiden. Sogar eine bl\u00fchende Sichtschutzwand f\u00fcr die Terrasse l\u00e4sst sich mit einigen K\u00fcbeln nebeneinander erreichen. Setzen Sie einfach dichte Kletterpflanzen mit passenden Rankgittern in die Pflanzt\u00f6pfe ein. Das k\u00f6nnen immergr\u00fcner Efeu, Bambus, Kletterrosen oder die sch\u00f6n bl\u00fchende Clematis sein. Dekorativ wirken in dem breiten Pflanzk\u00fcbel aus Aluminium auch eine Zwergkiefer oder sch\u00f6ne, bl\u00fchende Stauden.<\/p>\n<h5>Vorteile von eckigen Pflanzt\u00f6pfen<\/h5>\n<p>Ist ein gro\u00dfer Pflanztopf eckig, eignet er sich ausgezeichnet f\u00fcr die geschlossene Reihenaufstellung. In dem eckigen Pflanzk\u00fcbel aus Aluminium lassen sich viele kleinere Pflanzen dicht einsetzen. Eckige Pflanzk\u00fcbel k\u00f6nnen zudem ausgezeichnet an einer Wand, Mauer oder an einem kleinen Zaun aufgestellt werden. Sofern Sie Pflanzen w\u00e4hlen, die drinnen \u00fcberwintern m\u00fcssen, l\u00e4sst sich der Pflanztopf eckig gut transportieren und findet garantiert einen sch\u00f6nen Stellplatz. Der Pflanztopf Alessio 11 ist rostresistent und pflegeleicht.<\/p>\n<\/div>\n","protected":false},"excerpt":{"rendered":"<p>Material: 2 mm Aluminiumblech<br \/>\nFarbe: Pulverbeschichtung<br \/>\nStandard: RAL9016,7012,7021<br \/>\nAb 5 St\u00fcck jede Ral Farbe m\u00f6glich<br \/>\nGewicht: 17 kg<br \/>\nAbmessungen B600mm H400mm L600mm<br \/>\nUV-resistent, Wetterfest<br \/>\nFrostbest\u00e4ndig bei gew\u00e4hrleistetem Wasserablauf<\/p>\n","protected":false},"featured_media":57200,"template":"","meta":{"_acf_changed":false},"product_brand":[],"product_cat":[269],"product_tag":[],"class_list":{"0":"post-56568","1":"product","2":"type-product","3":"status-publish","4":"has-post-thumbnail","6":"product_cat-pflanzkuebel-aluminium","7":"description-off","8":"tm-has-options","10":"first","11":"instock","12":"shipping-taxable","13":"purchasable","14":"product-type-simple"},"acf":[],"yoast_head":"<!-- This site is optimized with the Yoast SEO plugin v27.5 - https:\/\/yoast.com\/product\/yoast-seo-wordpress\/ -->\n<title>Pflanztopf eckig Model Alessio 11 | Blumenk\u00fcbel World of Flowerpots<\/title>\n<meta name=\"description\" content=\"Pflanztopf eckig und vielseitig zu bepflanzen eignet er sich ausgezeichnet f\u00fcr die geschlossene Reihenaufstellung. Winterfest und pflegeleicht.\" \/>\n<meta name=\"robots\" content=\"index, follow, max-snippet:-1, max-image-preview:large, max-video-preview:-1\" \/>\n<link rel=\"canonical\" href=\"https:\/\/worldofflowerpots.com\/sklep\/alessio-11\/\" \/>\n<meta property=\"og:locale\" content=\"de_DE\" \/>\n<meta property=\"og:type\" content=\"article\" \/>\n<meta property=\"og:title\" content=\"Pflanztopf eckig Model Alessio 11 | Blumenk\u00fcbel World of Flowerpots\" \/>\n<meta property=\"og:description\" content=\"Pflanztopf eckig und vielseitig zu bepflanzen eignet er sich ausgezeichnet f\u00fcr die geschlossene Reihenaufstellung. Winterfest und pflegeleicht.\" \/>\n<meta property=\"og:url\" content=\"https:\/\/worldofflowerpots.com\/sklep\/alessio-11\/\" \/>\n<meta property=\"og:site_name\" content=\"Blumenk\u00fcbel World of Flowerpots\" \/>\n<meta property=\"article:modified_time\" content=\"2019-04-24T13:49:03+00:00\" \/>\n<meta property=\"og:image\" content=\"https:\/\/worldofflowerpots.com\/wp-content\/uploads\/2019\/03\/donice-do-biura-Alessio_11.jpg\" \/>\n\t<meta property=\"og:image:width\" content=\"2280\" \/>\n\t<meta property=\"og:image:height\" content=\"1612\" \/>\n\t<meta property=\"og:image:type\" content=\"image\/jpeg\" \/>\n<meta name=\"twitter:card\" content=\"summary_large_image\" \/>\n<meta name=\"twitter:label1\" content=\"Gesch\u00e4tzte Lesezeit\" \/>\n\t<meta name=\"twitter:data1\" content=\"2\u00a0Minuten\" \/>\n<script type=\"application\/ld+json\" class=\"yoast-schema-graph\">{\"@context\":\"https:\\\/\\\/schema.org\",\"@graph\":[{\"@type\":\"WebPage\",\"@id\":\"https:\\\/\\\/worldofflowerpots.com\\\/sklep\\\/alessio-11\\\/\",\"url\":\"https:\\\/\\\/worldofflowerpots.com\\\/sklep\\\/alessio-11\\\/\",\"name\":\"Pflanztopf eckig Model Alessio 11 | Blumenk\u00fcbel World of Flowerpots\",\"isPartOf\":{\"@id\":\"https:\\\/\\\/worldofflowerpots.com\\\/#website\"},\"primaryImageOfPage\":{\"@id\":\"https:\\\/\\\/worldofflowerpots.com\\\/sklep\\\/alessio-11\\\/#primaryimage\"},\"image\":{\"@id\":\"https:\\\/\\\/worldofflowerpots.com\\\/sklep\\\/alessio-11\\\/#primaryimage\"},\"thumbnailUrl\":\"https:\\\/\\\/worldofflowerpots.com\\\/wp-content\\\/uploads\\\/2019\\\/03\\\/donice-do-biura-Alessio_11.jpg\",\"datePublished\":\"2019-03-19T13:22:12+00:00\",\"dateModified\":\"2019-04-24T13:49:03+00:00\",\"description\":\"Pflanztopf eckig und vielseitig zu bepflanzen eignet er sich ausgezeichnet f\u00fcr die geschlossene Reihenaufstellung. Winterfest und pflegeleicht.\",\"breadcrumb\":{\"@id\":\"https:\\\/\\\/worldofflowerpots.com\\\/sklep\\\/alessio-11\\\/#breadcrumb\"},\"inLanguage\":\"de\",\"potentialAction\":[{\"@type\":\"ReadAction\",\"target\":[\"https:\\\/\\\/worldofflowerpots.com\\\/sklep\\\/alessio-11\\\/\"]}]},{\"@type\":\"ImageObject\",\"inLanguage\":\"de\",\"@id\":\"https:\\\/\\\/worldofflowerpots.com\\\/sklep\\\/alessio-11\\\/#primaryimage\",\"url\":\"https:\\\/\\\/worldofflowerpots.com\\\/wp-content\\\/uploads\\\/2019\\\/03\\\/donice-do-biura-Alessio_11.jpg\",\"contentUrl\":\"https:\\\/\\\/worldofflowerpots.com\\\/wp-content\\\/uploads\\\/2019\\\/03\\\/donice-do-biura-Alessio_11.jpg\",\"width\":2280,\"height\":1612},{\"@type\":\"BreadcrumbList\",\"@id\":\"https:\\\/\\\/worldofflowerpots.com\\\/sklep\\\/alessio-11\\\/#breadcrumb\",\"itemListElement\":[{\"@type\":\"ListItem\",\"position\":1,\"name\":\"Strona g\u0142\u00f3wna\",\"item\":\"https:\\\/\\\/worldofflowerpots.com\\\/blumenkuebel-grosse-auswahl\\\/\"},{\"@type\":\"ListItem\",\"position\":2,\"name\":\"Shop\",\"item\":\"https:\\\/\\\/worldofflowerpots.com\\\/sortiment\\\/\"},{\"@type\":\"ListItem\",\"position\":3,\"name\":\"Pflanztopf eckig Model Alessio 11\"}]},{\"@type\":\"WebSite\",\"@id\":\"https:\\\/\\\/worldofflowerpots.com\\\/#website\",\"url\":\"https:\\\/\\\/worldofflowerpots.com\\\/\",\"name\":\"Blumenk\u00fcbel World of Flowerpots\",\"description\":\"Pflanzk\u00fcbel beton, blumentr\u00f6ge, blumenk\u00fcbel gro\u00df, cortenstahl, fiberglas\",\"potentialAction\":[{\"@type\":\"SearchAction\",\"target\":{\"@type\":\"EntryPoint\",\"urlTemplate\":\"https:\\\/\\\/worldofflowerpots.com\\\/?s={search_term_string}\"},\"query-input\":{\"@type\":\"PropertyValueSpecification\",\"valueRequired\":true,\"valueName\":\"search_term_string\"}}],\"inLanguage\":\"de\"}]}<\/script>\n<!-- \/ Yoast SEO plugin. -->","yoast_head_json":{"title":"Pflanztopf eckig Model Alessio 11 | Blumenk\u00fcbel World of Flowerpots","description":"Pflanztopf eckig und vielseitig zu bepflanzen eignet er sich ausgezeichnet f\u00fcr die geschlossene Reihenaufstellung. Winterfest und pflegeleicht.","robots":{"index":"index","follow":"follow","max-snippet":"max-snippet:-1","max-image-preview":"max-image-preview:large","max-video-preview":"max-video-preview:-1"},"canonical":"https:\/\/worldofflowerpots.com\/sklep\/alessio-11\/","og_locale":"de_DE","og_type":"article","og_title":"Pflanztopf eckig Model Alessio 11 | Blumenk\u00fcbel World of Flowerpots","og_description":"Pflanztopf eckig und vielseitig zu bepflanzen eignet er sich ausgezeichnet f\u00fcr die geschlossene Reihenaufstellung. Winterfest und pflegeleicht.","og_url":"https:\/\/worldofflowerpots.com\/sklep\/alessio-11\/","og_site_name":"Blumenk\u00fcbel World of Flowerpots","article_modified_time":"2019-04-24T13:49:03+00:00","og_image":[{"width":2280,"height":1612,"url":"https:\/\/worldofflowerpots.com\/wp-content\/uploads\/2019\/03\/donice-do-biura-Alessio_11.jpg","type":"image\/jpeg"}],"twitter_card":"summary_large_image","twitter_misc":{"Gesch\u00e4tzte Lesezeit":"2\u00a0Minuten"},"schema":{"@context":"https:\/\/schema.org","@graph":[{"@type":"WebPage","@id":"https:\/\/worldofflowerpots.com\/sklep\/alessio-11\/","url":"https:\/\/worldofflowerpots.com\/sklep\/alessio-11\/","name":"Pflanztopf eckig Model Alessio 11 | Blumenk\u00fcbel World of Flowerpots","isPartOf":{"@id":"https:\/\/worldofflowerpots.com\/#website"},"primaryImageOfPage":{"@id":"https:\/\/worldofflowerpots.com\/sklep\/alessio-11\/#primaryimage"},"image":{"@id":"https:\/\/worldofflowerpots.com\/sklep\/alessio-11\/#primaryimage"},"thumbnailUrl":"https:\/\/worldofflowerpots.com\/wp-content\/uploads\/2019\/03\/donice-do-biura-Alessio_11.jpg","datePublished":"2019-03-19T13:22:12+00:00","dateModified":"2019-04-24T13:49:03+00:00","description":"Pflanztopf eckig und vielseitig zu bepflanzen eignet er sich ausgezeichnet f\u00fcr die geschlossene Reihenaufstellung. Winterfest und pflegeleicht.","breadcrumb":{"@id":"https:\/\/worldofflowerpots.com\/sklep\/alessio-11\/#breadcrumb"},"inLanguage":"de","potentialAction":[{"@type":"ReadAction","target":["https:\/\/worldofflowerpots.com\/sklep\/alessio-11\/"]}]},{"@type":"ImageObject","inLanguage":"de","@id":"https:\/\/worldofflowerpots.com\/sklep\/alessio-11\/#primaryimage","url":"https:\/\/worldofflowerpots.com\/wp-content\/uploads\/2019\/03\/donice-do-biura-Alessio_11.jpg","contentUrl":"https:\/\/worldofflowerpots.com\/wp-content\/uploads\/2019\/03\/donice-do-biura-Alessio_11.jpg","width":2280,"height":1612},{"@type":"BreadcrumbList","@id":"https:\/\/worldofflowerpots.com\/sklep\/alessio-11\/#breadcrumb","itemListElement":[{"@type":"ListItem","position":1,"name":"Strona g\u0142\u00f3wna","item":"https:\/\/worldofflowerpots.com\/blumenkuebel-grosse-auswahl\/"},{"@type":"ListItem","position":2,"name":"Shop","item":"https:\/\/worldofflowerpots.com\/sortiment\/"},{"@type":"ListItem","position":3,"name":"Pflanztopf eckig Model Alessio 11"}]},{"@type":"WebSite","@id":"https:\/\/worldofflowerpots.com\/#website","url":"https:\/\/worldofflowerpots.com\/","name":"Blumenk\u00fcbel World of Flowerpots","description":"Pflanzk\u00fcbel beton, blumentr\u00f6ge, blumenk\u00fcbel gro\u00df, cortenstahl, fiberglas","potentialAction":[{"@type":"SearchAction","target":{"@type":"EntryPoint","urlTemplate":"https:\/\/worldofflowerpots.com\/?s={search_term_string}"},"query-input":{"@type":"PropertyValueSpecification","valueRequired":true,"valueName":"search_term_string"}}],"inLanguage":"de"}]}},"_links":{"self":[{"href":"https:\/\/worldofflowerpots.com\/de\/wp-json\/wp\/v2\/product\/56568","targetHints":{"allow":["GET"]}}],"collection":[{"href":"https:\/\/worldofflowerpots.com\/de\/wp-json\/wp\/v2\/product"}],"about":[{"href":"https:\/\/worldofflowerpots.com\/de\/wp-json\/wp\/v2\/types\/product"}],"wp:featuredmedia":[{"embeddable":true,"href":"https:\/\/worldofflowerpots.com\/de\/wp-json\/wp\/v2\/media\/57200"}],"wp:attachment":[{"href":"https:\/\/worldofflowerpots.com\/de\/wp-json\/wp\/v2\/media?parent=56568"}],"wp:term":[{"taxonomy":"product_brand","embeddable":true,"href":"https:\/\/worldofflowerpots.com\/de\/wp-json\/wp\/v2\/product_brand?post=56568"},{"taxonomy":"product_cat","embeddable":true,"href":"https:\/\/worldofflowerpots.com\/de\/wp-json\/wp\/v2\/product_cat?post=56568"},{"taxonomy":"product_tag","embeddable":true,"href":"https:\/\/worldofflowerpots.com\/de\/wp-json\/wp\/v2\/product_tag?post=56568"}],"curies":[{"name":"wp","href":"https:\/\/api.w.org\/{rel}","templated":true}]}}