{"id":56570,"date":"2019-03-20T10:55:31","date_gmt":"2019-03-20T09:55:31","guid":{"rendered":"https:\/\/worldofflowerpots.com\/sklep\/vittorio-5\/"},"modified":"2019-04-24T18:13:24","modified_gmt":"2019-04-24T16:13:24","slug":"pflanzkuebel-aus-aluminium-vittorio-5","status":"publish","type":"product","link":"https:\/\/worldofflowerpots.com\/de\/sortiment\/pflanzkuebel-aus-aluminium-vittorio-5\/","title":{"rendered":"Hohe Pflanzt\u00f6pfe Model  Vittorio 5"},"content":{"rendered":"<div id=\"text_highlighted\">\n<div id=\"attachment_58959\" style=\"width: 1034px\" class=\"wp-caption aligncenter\"><img loading=\"lazy\" decoding=\"async\" aria-describedby=\"caption-attachment-58959\" class=\"wp-image-58959 size-large\" src=\"https:\/\/worldofflowerpots.de\/wp-content\/uploads\/\/2017\/01\/Richtig-bepflanzen--1024x576.jpg\" alt=\"\" width=\"1024\" height=\"576\" srcset=\"https:\/\/worldofflowerpots.com\/wp-content\/uploads\/2017\/01\/Richtig-bepflanzen--1024x576.jpg 1024w, https:\/\/worldofflowerpots.com\/wp-content\/uploads\/2017\/01\/Richtig-bepflanzen--300x169.jpg 300w, https:\/\/worldofflowerpots.com\/wp-content\/uploads\/2017\/01\/Richtig-bepflanzen--768x432.jpg 768w, https:\/\/worldofflowerpots.com\/wp-content\/uploads\/2017\/01\/Richtig-bepflanzen--600x338.jpg 600w, https:\/\/worldofflowerpots.com\/wp-content\/uploads\/2017\/01\/Richtig-bepflanzen-.jpg 1920w\" sizes=\"auto, (max-width: 1024px) 100vw, 1024px\" \/><p id=\"caption-attachment-58959\" class=\"wp-caption-text\">Richtig bepflanzen<\/p><\/div>\n<h2>Hoher, schlanker Pflanzk\u00fcbel aus Alu &#8211; Blumendeko f\u00fcr Garten und Terrasse<\/h2>\n<div>\n<p class=\"preview\">Mit einer H\u00f6he von 1,20 m ist der S\u00e4ulenk\u00fcbel ein beeindruckendes Element zur Garten- und Terrassendekoration. Hohe Pflanzt\u00f6pfe wie der Vitorio 5 eignen sich sch\u00f6n bepflanzt auch ausgezeichnet zur Eingangsdekoration. Die elegante Pflanzs\u00e4ule k\u00f6nnen Sie mit gr\u00fcnen oder bl\u00fchenden Pflanzen mit H\u00e4ngeranken oder Bl\u00fchpflanzen der Jahreszeit schm\u00fccken. In einer Reihe aufgestellt eignen sich die Pflanzs\u00e4ulen auch als Alternative zu einer kleinen Terrassenmauer. Bei Bestellungen von 5 T\u00f6pfen aufw\u00e4rts k\u00f6nnen Sie die K\u00fcbel in jeder Farbe der RAL Tabelle bei uns online bestellen.<\/p>\n<h3>Pflanzk\u00fcbel aus Aluminium &#8211; dauerhaft und witterungsstabil<\/h3>\n<p>Ein Pflanzk\u00fcbel aus Aluminium hat viele Vorteile. Das Metall ist sehr leicht. Der eckige hohe K\u00fcbel hat ohne Erdf\u00fcllung nur 21 Gewicht. Alu rostet nicht. Das Material ist von h\u00f6chster Witterungsbest\u00e4ndigkeit. Weder Starkregen noch Hagel und strenger Frost k\u00f6nnen diesem Topf etwas anhaben. Daher sind hohe Pflanzt\u00f6pfe wie Vittorio 5 besonders gut f\u00fcr mehrj\u00e4hrige und immergr\u00fcne Bepflanzungen geeignet. Die Au\u00dfenw\u00e4nde sind pulverbeschichtet. Diese F\u00e4rbungen sind von besonders guter Best\u00e4ndigkeit, verblassen nicht und sind auch wenig kratzempfindlich. Die Alu-T\u00f6pfe vertragen jede Nassreinigung, auch den Wasserstrahl unter hohem Druck.<\/p>\n<h4>Farbenfrohe Gartengestaltung mit dem Alu Pflanzk\u00fcbel<\/h4>\n<p>Hohe Pflanzt\u00f6pfe profitieren von der guten Sichtbarkeit im Garten. Mit den Seitenma\u00dfen von 40 cm x 40 cm k\u00f6nnen Sie die hohe Blumens\u00e4ule fantasievoll bepflanzen. Besonders gut eignen sich H\u00e4ngeranken mit leuchtenden Bl\u00fcten. Sehr h\u00fcbsch sehen darin H\u00e4ngepetunien, Blaukissen, wei\u00dfe, rankende Glockenblumen, H\u00e4ngegeranien oder rankender Phlox aus. Auch kleine buschige Stauden oder immergr\u00fcne Gew\u00e4chse wie eine h\u00fcbsche Kugelkiefer passen gut in hohe Pflanzt\u00f6pfe. F\u00fcr Sukkulenten und Kakteen ist der schlanke, hohe Pflanzk\u00fcbel aus Aluminium ebenfalls sehr gut geeignet.<\/p>\n<h5>Drainage f\u00fcr S\u00e4ulenk\u00fcbel<\/h5>\n<p>Bei einem so hohen Pflanzk\u00fcbel wie dem Vittorio 5 kommt es trotz Wasserablauf auf eine sehr gute Drainage an, damit sich keine N\u00e4sse stauen kann. Sie k\u00f6nnen den Boden mit gekr\u00fcmmten Tonscherben bedecken, dar\u00fcber ein Drainagegitter anbringen ober Mineralgranulat dar\u00fcber streuen. Die Drainageschicht darf bei dem schmalen hohen Pflanzk\u00fcbel aus Aluminium ruhig mehr als 12 cm haben.<\/p>\n<\/div>\n<\/div>\n","protected":false},"excerpt":{"rendered":"<p>Material: 2 mm Aluminiumblech<br \/>\nFarbe: Pulverbeschichtung<br \/>\nStandard: RAL9016,7012,7021<br \/>\nAb 5 St\u00fcck jede Ral Farbe m\u00f6glich<br \/>\nGewicht: 21 kg<br \/>\nAbmessungen B400mm H1200mm L400mm<br \/>\nUV-resistent, Wetterfest<br \/>\nFrostbest\u00e4ndig bei gew\u00e4hrleistetem Wasserablauf<\/p>\n","protected":false},"featured_media":57190,"template":"","meta":{"_acf_changed":false},"product_brand":[],"product_cat":[269],"product_tag":[],"class_list":{"0":"post-56570","1":"product","2":"type-product","3":"status-publish","4":"has-post-thumbnail","6":"product_cat-pflanzkuebel-aluminium","7":"description-off","8":"tm-has-options","10":"first","11":"instock","12":"shipping-taxable","13":"purchasable","14":"product-type-simple"},"acf":[],"yoast_head":"<!-- This site is optimized with the Yoast SEO plugin v27.5 - https:\/\/yoast.com\/product\/yoast-seo-wordpress\/ -->\n<title>Hohe Pflanzt\u00f6pfe Model Vittorio 5 | Blumenk\u00fcbel World of Flowerpots<\/title>\n<meta name=\"description\" content=\"Daher sind hohe Pflanzt\u00f6pfe wie Vittorio 5 besonders gut f\u00fcr mehrj\u00e4hrige und immergr\u00fcne Bepflanzungen geeignet. 1,20 m ist der ein beeindruckendes Element\" \/>\n<meta name=\"robots\" content=\"index, follow, max-snippet:-1, max-image-preview:large, max-video-preview:-1\" \/>\n<link rel=\"canonical\" href=\"https:\/\/worldofflowerpots.com\/sklep\/pflanzkuebel-aus-aluminium-vittorio-5\/\" \/>\n<meta property=\"og:locale\" content=\"de_DE\" \/>\n<meta property=\"og:type\" content=\"article\" \/>\n<meta property=\"og:title\" content=\"Hohe Pflanzt\u00f6pfe Model Vittorio 5 | Blumenk\u00fcbel World of Flowerpots\" \/>\n<meta property=\"og:description\" content=\"Daher sind hohe Pflanzt\u00f6pfe wie Vittorio 5 besonders gut f\u00fcr mehrj\u00e4hrige und immergr\u00fcne Bepflanzungen geeignet. 1,20 m ist der ein beeindruckendes Element\" \/>\n<meta property=\"og:url\" content=\"https:\/\/worldofflowerpots.com\/sklep\/pflanzkuebel-aus-aluminium-vittorio-5\/\" \/>\n<meta property=\"og:site_name\" content=\"Blumenk\u00fcbel World of Flowerpots\" \/>\n<meta property=\"article:modified_time\" content=\"2019-04-24T16:13:24+00:00\" \/>\n<meta property=\"og:image\" content=\"https:\/\/worldofflowerpots.com\/wp-content\/uploads\/2019\/03\/donice-wysokie-Vittorio_5.jpg\" \/>\n\t<meta property=\"og:image:width\" content=\"2280\" \/>\n\t<meta property=\"og:image:height\" content=\"1612\" \/>\n\t<meta property=\"og:image:type\" content=\"image\/jpeg\" \/>\n<meta name=\"twitter:card\" content=\"summary_large_image\" \/>\n<meta name=\"twitter:label1\" content=\"Gesch\u00e4tzte Lesezeit\" \/>\n\t<meta name=\"twitter:data1\" content=\"2\u00a0Minuten\" \/>\n<script type=\"application\/ld+json\" class=\"yoast-schema-graph\">{\"@context\":\"https:\\\/\\\/schema.org\",\"@graph\":[{\"@type\":\"WebPage\",\"@id\":\"https:\\\/\\\/worldofflowerpots.com\\\/sklep\\\/pflanzkuebel-aus-aluminium-vittorio-5\\\/\",\"url\":\"https:\\\/\\\/worldofflowerpots.com\\\/sklep\\\/pflanzkuebel-aus-aluminium-vittorio-5\\\/\",\"name\":\"Hohe Pflanzt\u00f6pfe Model Vittorio 5 | Blumenk\u00fcbel World of Flowerpots\",\"isPartOf\":{\"@id\":\"https:\\\/\\\/worldofflowerpots.com\\\/#website\"},\"primaryImageOfPage\":{\"@id\":\"https:\\\/\\\/worldofflowerpots.com\\\/sklep\\\/pflanzkuebel-aus-aluminium-vittorio-5\\\/#primaryimage\"},\"image\":{\"@id\":\"https:\\\/\\\/worldofflowerpots.com\\\/sklep\\\/pflanzkuebel-aus-aluminium-vittorio-5\\\/#primaryimage\"},\"thumbnailUrl\":\"https:\\\/\\\/worldofflowerpots.com\\\/wp-content\\\/uploads\\\/2019\\\/03\\\/donice-wysokie-Vittorio_5.jpg\",\"datePublished\":\"2019-03-20T09:55:31+00:00\",\"dateModified\":\"2019-04-24T16:13:24+00:00\",\"description\":\"Daher sind hohe Pflanzt\u00f6pfe wie Vittorio 5 besonders gut f\u00fcr mehrj\u00e4hrige und immergr\u00fcne Bepflanzungen geeignet. 1,20 m ist der ein beeindruckendes Element\",\"breadcrumb\":{\"@id\":\"https:\\\/\\\/worldofflowerpots.com\\\/sklep\\\/pflanzkuebel-aus-aluminium-vittorio-5\\\/#breadcrumb\"},\"inLanguage\":\"de\",\"potentialAction\":[{\"@type\":\"ReadAction\",\"target\":[\"https:\\\/\\\/worldofflowerpots.com\\\/sklep\\\/pflanzkuebel-aus-aluminium-vittorio-5\\\/\"]}]},{\"@type\":\"ImageObject\",\"inLanguage\":\"de\",\"@id\":\"https:\\\/\\\/worldofflowerpots.com\\\/sklep\\\/pflanzkuebel-aus-aluminium-vittorio-5\\\/#primaryimage\",\"url\":\"https:\\\/\\\/worldofflowerpots.com\\\/wp-content\\\/uploads\\\/2019\\\/03\\\/donice-wysokie-Vittorio_5.jpg\",\"contentUrl\":\"https:\\\/\\\/worldofflowerpots.com\\\/wp-content\\\/uploads\\\/2019\\\/03\\\/donice-wysokie-Vittorio_5.jpg\",\"width\":2280,\"height\":1612},{\"@type\":\"BreadcrumbList\",\"@id\":\"https:\\\/\\\/worldofflowerpots.com\\\/sklep\\\/pflanzkuebel-aus-aluminium-vittorio-5\\\/#breadcrumb\",\"itemListElement\":[{\"@type\":\"ListItem\",\"position\":1,\"name\":\"Strona g\u0142\u00f3wna\",\"item\":\"https:\\\/\\\/worldofflowerpots.com\\\/blumenkuebel-grosse-auswahl\\\/\"},{\"@type\":\"ListItem\",\"position\":2,\"name\":\"Shop\",\"item\":\"https:\\\/\\\/worldofflowerpots.com\\\/sortiment\\\/\"},{\"@type\":\"ListItem\",\"position\":3,\"name\":\"Hohe Pflanzt\u00f6pfe Model Vittorio 5\"}]},{\"@type\":\"WebSite\",\"@id\":\"https:\\\/\\\/worldofflowerpots.com\\\/#website\",\"url\":\"https:\\\/\\\/worldofflowerpots.com\\\/\",\"name\":\"Blumenk\u00fcbel World of Flowerpots\",\"description\":\"Pflanzk\u00fcbel beton, blumentr\u00f6ge, blumenk\u00fcbel gro\u00df, cortenstahl, fiberglas\",\"potentialAction\":[{\"@type\":\"SearchAction\",\"target\":{\"@type\":\"EntryPoint\",\"urlTemplate\":\"https:\\\/\\\/worldofflowerpots.com\\\/?s={search_term_string}\"},\"query-input\":{\"@type\":\"PropertyValueSpecification\",\"valueRequired\":true,\"valueName\":\"search_term_string\"}}],\"inLanguage\":\"de\"}]}<\/script>\n<!-- \/ Yoast SEO plugin. -->","yoast_head_json":{"title":"Hohe Pflanzt\u00f6pfe Model Vittorio 5 | Blumenk\u00fcbel World of Flowerpots","description":"Daher sind hohe Pflanzt\u00f6pfe wie Vittorio 5 besonders gut f\u00fcr mehrj\u00e4hrige und immergr\u00fcne Bepflanzungen geeignet. 1,20 m ist der ein beeindruckendes Element","robots":{"index":"index","follow":"follow","max-snippet":"max-snippet:-1","max-image-preview":"max-image-preview:large","max-video-preview":"max-video-preview:-1"},"canonical":"https:\/\/worldofflowerpots.com\/sklep\/pflanzkuebel-aus-aluminium-vittorio-5\/","og_locale":"de_DE","og_type":"article","og_title":"Hohe Pflanzt\u00f6pfe Model Vittorio 5 | Blumenk\u00fcbel World of Flowerpots","og_description":"Daher sind hohe Pflanzt\u00f6pfe wie Vittorio 5 besonders gut f\u00fcr mehrj\u00e4hrige und immergr\u00fcne Bepflanzungen geeignet. 1,20 m ist der ein beeindruckendes Element","og_url":"https:\/\/worldofflowerpots.com\/sklep\/pflanzkuebel-aus-aluminium-vittorio-5\/","og_site_name":"Blumenk\u00fcbel World of Flowerpots","article_modified_time":"2019-04-24T16:13:24+00:00","og_image":[{"width":2280,"height":1612,"url":"https:\/\/worldofflowerpots.com\/wp-content\/uploads\/2019\/03\/donice-wysokie-Vittorio_5.jpg","type":"image\/jpeg"}],"twitter_card":"summary_large_image","twitter_misc":{"Gesch\u00e4tzte Lesezeit":"2\u00a0Minuten"},"schema":{"@context":"https:\/\/schema.org","@graph":[{"@type":"WebPage","@id":"https:\/\/worldofflowerpots.com\/sklep\/pflanzkuebel-aus-aluminium-vittorio-5\/","url":"https:\/\/worldofflowerpots.com\/sklep\/pflanzkuebel-aus-aluminium-vittorio-5\/","name":"Hohe Pflanzt\u00f6pfe Model Vittorio 5 | Blumenk\u00fcbel World of Flowerpots","isPartOf":{"@id":"https:\/\/worldofflowerpots.com\/#website"},"primaryImageOfPage":{"@id":"https:\/\/worldofflowerpots.com\/sklep\/pflanzkuebel-aus-aluminium-vittorio-5\/#primaryimage"},"image":{"@id":"https:\/\/worldofflowerpots.com\/sklep\/pflanzkuebel-aus-aluminium-vittorio-5\/#primaryimage"},"thumbnailUrl":"https:\/\/worldofflowerpots.com\/wp-content\/uploads\/2019\/03\/donice-wysokie-Vittorio_5.jpg","datePublished":"2019-03-20T09:55:31+00:00","dateModified":"2019-04-24T16:13:24+00:00","description":"Daher sind hohe Pflanzt\u00f6pfe wie Vittorio 5 besonders gut f\u00fcr mehrj\u00e4hrige und immergr\u00fcne Bepflanzungen geeignet. 1,20 m ist der ein beeindruckendes Element","breadcrumb":{"@id":"https:\/\/worldofflowerpots.com\/sklep\/pflanzkuebel-aus-aluminium-vittorio-5\/#breadcrumb"},"inLanguage":"de","potentialAction":[{"@type":"ReadAction","target":["https:\/\/worldofflowerpots.com\/sklep\/pflanzkuebel-aus-aluminium-vittorio-5\/"]}]},{"@type":"ImageObject","inLanguage":"de","@id":"https:\/\/worldofflowerpots.com\/sklep\/pflanzkuebel-aus-aluminium-vittorio-5\/#primaryimage","url":"https:\/\/worldofflowerpots.com\/wp-content\/uploads\/2019\/03\/donice-wysokie-Vittorio_5.jpg","contentUrl":"https:\/\/worldofflowerpots.com\/wp-content\/uploads\/2019\/03\/donice-wysokie-Vittorio_5.jpg","width":2280,"height":1612},{"@type":"BreadcrumbList","@id":"https:\/\/worldofflowerpots.com\/sklep\/pflanzkuebel-aus-aluminium-vittorio-5\/#breadcrumb","itemListElement":[{"@type":"ListItem","position":1,"name":"Strona g\u0142\u00f3wna","item":"https:\/\/worldofflowerpots.com\/blumenkuebel-grosse-auswahl\/"},{"@type":"ListItem","position":2,"name":"Shop","item":"https:\/\/worldofflowerpots.com\/sortiment\/"},{"@type":"ListItem","position":3,"name":"Hohe Pflanzt\u00f6pfe Model Vittorio 5"}]},{"@type":"WebSite","@id":"https:\/\/worldofflowerpots.com\/#website","url":"https:\/\/worldofflowerpots.com\/","name":"Blumenk\u00fcbel World of Flowerpots","description":"Pflanzk\u00fcbel beton, blumentr\u00f6ge, blumenk\u00fcbel gro\u00df, cortenstahl, fiberglas","potentialAction":[{"@type":"SearchAction","target":{"@type":"EntryPoint","urlTemplate":"https:\/\/worldofflowerpots.com\/?s={search_term_string}"},"query-input":{"@type":"PropertyValueSpecification","valueRequired":true,"valueName":"search_term_string"}}],"inLanguage":"de"}]}},"_links":{"self":[{"href":"https:\/\/worldofflowerpots.com\/de\/wp-json\/wp\/v2\/product\/56570","targetHints":{"allow":["GET"]}}],"collection":[{"href":"https:\/\/worldofflowerpots.com\/de\/wp-json\/wp\/v2\/product"}],"about":[{"href":"https:\/\/worldofflowerpots.com\/de\/wp-json\/wp\/v2\/types\/product"}],"wp:featuredmedia":[{"embeddable":true,"href":"https:\/\/worldofflowerpots.com\/de\/wp-json\/wp\/v2\/media\/57190"}],"wp:attachment":[{"href":"https:\/\/worldofflowerpots.com\/de\/wp-json\/wp\/v2\/media?parent=56570"}],"wp:term":[{"taxonomy":"product_brand","embeddable":true,"href":"https:\/\/worldofflowerpots.com\/de\/wp-json\/wp\/v2\/product_brand?post=56570"},{"taxonomy":"product_cat","embeddable":true,"href":"https:\/\/worldofflowerpots.com\/de\/wp-json\/wp\/v2\/product_cat?post=56570"},{"taxonomy":"product_tag","embeddable":true,"href":"https:\/\/worldofflowerpots.com\/de\/wp-json\/wp\/v2\/product_tag?post=56570"}],"curies":[{"name":"wp","href":"https:\/\/api.w.org\/{rel}","templated":true}]}}