{"id":56571,"date":"2019-03-20T11:17:10","date_gmt":"2019-03-20T10:17:10","guid":{"rendered":"https:\/\/worldofflowerpots.com\/sklep\/vittorio-4\/"},"modified":"2019-04-24T12:32:05","modified_gmt":"2019-04-24T10:32:05","slug":"model-vittorio-4","status":"publish","type":"product","link":"https:\/\/worldofflowerpots.com\/de\/sortiment\/model-vittorio-4\/","title":{"rendered":"Pflanzk\u00fcbel Metall Au\u00dfenbereich  Model Vittorio 4"},"content":{"rendered":"<div id=\"text_highlighted\">\n<div>\n<h3>Eckiger Pflanzk\u00fcbel f\u00fcr Garten oder Terrasse<\/h3>\n<div><\/div>\n<p class=\"preview\">Dieser schicke Pflanzk\u00fcbel aus Aluminium eignet sich hervorragend f\u00fcr die heimische Terrasse. Der hohe Pflanzk\u00fcbel ist winterfest. Somit finden darin auch Ihre ganzj\u00e4hrigen Gew\u00e4chse einen guten Pflanzplatz. Das schlichte, moderne Design vom Pflanzk\u00fcbel Metall f\u00fcr den Au\u00dfenbereich passt zu jeder Terrassen- und Gartengestaltung. Sie k\u00f6nnen in unserem Shop den Pflanzk\u00fcbel Vittorio 4 als Einzeltopf bestellen oder mehrere K\u00fcbel f\u00fcr Sichtschutzbepflanzungen.<\/p>\n<h4>Hoher Pflanzk\u00fcbel aus Metall f\u00fcr den Au\u00dfenbereich<\/h4>\n<p>Gefertigt ist dieser hohe, eckige Pflanzk\u00fcbel aus Aluminium. Dieses Metall eignet sich perfekt f\u00fcr Gro\u00dft\u00f6pfe im Garten, auf der Terrasse oder f\u00fcr den ger\u00e4umigen Balkon. Alu ist dauerhaft absolut rostbest\u00e4ndig. Das pulverbeschichtete Leichtmetall ist pflegeleicht. Es reicht, den K\u00fcbel nass abzuwischen oder mit dem Schlauch abzuspritzen. Die Au\u00dfenschicht neigt nicht zu Flecken und ist von h\u00f6chster Dauerhaftigkeit. In Hellgrau oder Dunkelgrau stiehlt der schicke Pflanzk\u00fcbel aus Metall f\u00fcr den Au\u00dfenbereich auch Ihren Bl\u00fchpflanzen nicht die Schau. Der K\u00fcbel hat Breiten- und L\u00e4ngenma\u00dfe von 50 cm und ist 80 cm hoch. Die Au\u00dfenschicht ist UV-resistent und widersteht jedem Wetter. Bei dieser Gr\u00f6\u00dfe ist der K\u00fcbel mit 15 cm ein Leichtgewicht. Das n\u00f6tige Standgewicht erh\u00e4lt er durch feuchte Erde und Bepflanzung.<\/p>\n<h5>Pflanzk\u00fcbel aus Aluminium f\u00fcr Sichtschutz-Bepflanzung<\/h5>\n<p>Stellen Sie mehrere der sch\u00f6nen Pflanzk\u00fcbel in der Reihe f\u00fcr einen dekorativen Sichtschutz auf der Terrasse auf. Auch der Sitzplatz im Garten l\u00e4sst sich dekorativ eingrenzen. Sie k\u00f6nnen in die K\u00fcbel Rankgitter einsetzen und die T\u00f6pfe mit immergr\u00fcnen und bl\u00fchenden Kletterpflanzen dicht bepflanzen. Auch dichte Stauden, Kugelkiefern oder Schirmbambus eignen sich gut als Bepflanzung zum Sichtschutz. Die Tiefe des Pflanztopfes bietet allen Pflanzen ausreichend Raum f\u00fcr eine gesunde Wurzelentwicklung. Der Pflanzk\u00fcbel aus Metall f\u00fcr den Au\u00dfenbereich ist mit einem Wasserablauf versehen. Dennoch sollten Sie den Boden unbedingt mit Sand, Bl\u00e4hton oder Kies bedecken, bevor die Erde eingesch\u00fcttet wird. Die Durchlassschicht f\u00fcr Wasser sollte 6 cm bis 12 cm hoch unter der Erde eingef\u00fcllt werden. So sind Ihre Pflanzen im Pflanzk\u00fcbel aus Aluminium auch bei Starkregen gegen eine \u00dcberw\u00e4sserung gesch\u00fctzt.<\/p>\n<\/div>\n<\/div>\n<p>&nbsp;<\/p>\n","protected":false},"excerpt":{"rendered":"<p>Material: 2 mm Aluminiumblech<br \/>\nFarbe: Pulverbeschichtung<br \/>\nStandard: RAL9016,7012,7021<br \/>\nAb 5 St\u00fcck jede Ral Farbe m\u00f6glich<br \/>\nGewicht: 15 kg<br \/>\nAbmessungen B500mm H800mm L500mm<br \/>\nUV-resistent, Wetterfest<br \/>\nFrostbest\u00e4ndig bei gew\u00e4hrleistetem Wasserablauf<\/p>\n","protected":false},"featured_media":57179,"template":"","meta":{"_acf_changed":false},"product_brand":[],"product_cat":[269],"product_tag":[],"class_list":{"0":"post-56571","1":"product","2":"type-product","3":"status-publish","4":"has-post-thumbnail","6":"product_cat-pflanzkuebel-aluminium","7":"description-off","8":"tm-has-options","10":"first","11":"instock","12":"shipping-taxable","13":"purchasable","14":"product-type-simple"},"acf":[],"yoast_head":"<!-- This site is optimized with the Yoast SEO plugin v27.5 - https:\/\/yoast.com\/product\/yoast-seo-wordpress\/ -->\n<title>Pflanzk\u00fcbel Metall Au\u00dfenbereich | Blumenk\u00fcbel World of Flowerpots<\/title>\n<meta name=\"description\" content=\"Das schlichte, moderne Design vom Pflanzk\u00fcbel Metall f\u00fcr den Au\u00dfenbereich passt zu jeder Terrassen- und Gartengestaltung.\" \/>\n<meta name=\"robots\" content=\"index, follow, max-snippet:-1, max-image-preview:large, max-video-preview:-1\" \/>\n<link rel=\"canonical\" href=\"https:\/\/worldofflowerpots.com\/sklep\/model-vittorio-4\/\" \/>\n<meta property=\"og:locale\" content=\"de_DE\" \/>\n<meta property=\"og:type\" content=\"article\" \/>\n<meta property=\"og:title\" content=\"Pflanzk\u00fcbel Metall Au\u00dfenbereich | Blumenk\u00fcbel World of Flowerpots\" \/>\n<meta property=\"og:description\" content=\"Das schlichte, moderne Design vom Pflanzk\u00fcbel Metall f\u00fcr den Au\u00dfenbereich passt zu jeder Terrassen- und Gartengestaltung.\" \/>\n<meta property=\"og:url\" content=\"https:\/\/worldofflowerpots.com\/sklep\/model-vittorio-4\/\" \/>\n<meta property=\"og:site_name\" content=\"Blumenk\u00fcbel World of Flowerpots\" \/>\n<meta property=\"article:modified_time\" content=\"2019-04-24T10:32:05+00:00\" \/>\n<meta property=\"og:image\" content=\"https:\/\/worldofflowerpots.com\/wp-content\/uploads\/2019\/03\/donice-do-kwiat\u00f3w-Vittorio_4.jpg\" \/>\n\t<meta property=\"og:image:width\" content=\"2280\" \/>\n\t<meta property=\"og:image:height\" content=\"1612\" \/>\n\t<meta property=\"og:image:type\" content=\"image\/jpeg\" \/>\n<meta name=\"twitter:card\" content=\"summary_large_image\" \/>\n<meta name=\"twitter:label1\" content=\"Gesch\u00e4tzte Lesezeit\" \/>\n\t<meta name=\"twitter:data1\" content=\"2\u00a0Minuten\" \/>\n<script type=\"application\/ld+json\" class=\"yoast-schema-graph\">{\"@context\":\"https:\\\/\\\/schema.org\",\"@graph\":[{\"@type\":\"WebPage\",\"@id\":\"https:\\\/\\\/worldofflowerpots.com\\\/sklep\\\/model-vittorio-4\\\/\",\"url\":\"https:\\\/\\\/worldofflowerpots.com\\\/sklep\\\/model-vittorio-4\\\/\",\"name\":\"Pflanzk\u00fcbel Metall Au\u00dfenbereich | Blumenk\u00fcbel World of Flowerpots\",\"isPartOf\":{\"@id\":\"https:\\\/\\\/worldofflowerpots.com\\\/#website\"},\"primaryImageOfPage\":{\"@id\":\"https:\\\/\\\/worldofflowerpots.com\\\/sklep\\\/model-vittorio-4\\\/#primaryimage\"},\"image\":{\"@id\":\"https:\\\/\\\/worldofflowerpots.com\\\/sklep\\\/model-vittorio-4\\\/#primaryimage\"},\"thumbnailUrl\":\"https:\\\/\\\/worldofflowerpots.com\\\/wp-content\\\/uploads\\\/2019\\\/03\\\/donice-do-kwiat\u00f3w-Vittorio_4.jpg\",\"datePublished\":\"2019-03-20T10:17:10+00:00\",\"dateModified\":\"2019-04-24T10:32:05+00:00\",\"description\":\"Das schlichte, moderne Design vom Pflanzk\u00fcbel Metall f\u00fcr den Au\u00dfenbereich passt zu jeder Terrassen- und Gartengestaltung.\",\"breadcrumb\":{\"@id\":\"https:\\\/\\\/worldofflowerpots.com\\\/sklep\\\/model-vittorio-4\\\/#breadcrumb\"},\"inLanguage\":\"de\",\"potentialAction\":[{\"@type\":\"ReadAction\",\"target\":[\"https:\\\/\\\/worldofflowerpots.com\\\/sklep\\\/model-vittorio-4\\\/\"]}]},{\"@type\":\"ImageObject\",\"inLanguage\":\"de\",\"@id\":\"https:\\\/\\\/worldofflowerpots.com\\\/sklep\\\/model-vittorio-4\\\/#primaryimage\",\"url\":\"https:\\\/\\\/worldofflowerpots.com\\\/wp-content\\\/uploads\\\/2019\\\/03\\\/donice-do-kwiat\u00f3w-Vittorio_4.jpg\",\"contentUrl\":\"https:\\\/\\\/worldofflowerpots.com\\\/wp-content\\\/uploads\\\/2019\\\/03\\\/donice-do-kwiat\u00f3w-Vittorio_4.jpg\",\"width\":2280,\"height\":1612},{\"@type\":\"BreadcrumbList\",\"@id\":\"https:\\\/\\\/worldofflowerpots.com\\\/sklep\\\/model-vittorio-4\\\/#breadcrumb\",\"itemListElement\":[{\"@type\":\"ListItem\",\"position\":1,\"name\":\"Strona g\u0142\u00f3wna\",\"item\":\"https:\\\/\\\/worldofflowerpots.com\\\/blumenkuebel-grosse-auswahl\\\/\"},{\"@type\":\"ListItem\",\"position\":2,\"name\":\"Shop\",\"item\":\"https:\\\/\\\/worldofflowerpots.com\\\/sortiment\\\/\"},{\"@type\":\"ListItem\",\"position\":3,\"name\":\"Pflanzk\u00fcbel Metall Au\u00dfenbereich Model Vittorio 4\"}]},{\"@type\":\"WebSite\",\"@id\":\"https:\\\/\\\/worldofflowerpots.com\\\/#website\",\"url\":\"https:\\\/\\\/worldofflowerpots.com\\\/\",\"name\":\"Blumenk\u00fcbel World of Flowerpots\",\"description\":\"Pflanzk\u00fcbel beton, blumentr\u00f6ge, blumenk\u00fcbel gro\u00df, cortenstahl, fiberglas\",\"potentialAction\":[{\"@type\":\"SearchAction\",\"target\":{\"@type\":\"EntryPoint\",\"urlTemplate\":\"https:\\\/\\\/worldofflowerpots.com\\\/?s={search_term_string}\"},\"query-input\":{\"@type\":\"PropertyValueSpecification\",\"valueRequired\":true,\"valueName\":\"search_term_string\"}}],\"inLanguage\":\"de\"}]}<\/script>\n<!-- \/ Yoast SEO plugin. -->","yoast_head_json":{"title":"Pflanzk\u00fcbel Metall Au\u00dfenbereich | Blumenk\u00fcbel World of Flowerpots","description":"Das schlichte, moderne Design vom Pflanzk\u00fcbel Metall f\u00fcr den Au\u00dfenbereich passt zu jeder Terrassen- und Gartengestaltung.","robots":{"index":"index","follow":"follow","max-snippet":"max-snippet:-1","max-image-preview":"max-image-preview:large","max-video-preview":"max-video-preview:-1"},"canonical":"https:\/\/worldofflowerpots.com\/sklep\/model-vittorio-4\/","og_locale":"de_DE","og_type":"article","og_title":"Pflanzk\u00fcbel Metall Au\u00dfenbereich | Blumenk\u00fcbel World of Flowerpots","og_description":"Das schlichte, moderne Design vom Pflanzk\u00fcbel Metall f\u00fcr den Au\u00dfenbereich passt zu jeder Terrassen- und Gartengestaltung.","og_url":"https:\/\/worldofflowerpots.com\/sklep\/model-vittorio-4\/","og_site_name":"Blumenk\u00fcbel World of Flowerpots","article_modified_time":"2019-04-24T10:32:05+00:00","og_image":[{"width":2280,"height":1612,"url":"https:\/\/worldofflowerpots.com\/wp-content\/uploads\/2019\/03\/donice-do-kwiat\u00f3w-Vittorio_4.jpg","type":"image\/jpeg"}],"twitter_card":"summary_large_image","twitter_misc":{"Gesch\u00e4tzte Lesezeit":"2\u00a0Minuten"},"schema":{"@context":"https:\/\/schema.org","@graph":[{"@type":"WebPage","@id":"https:\/\/worldofflowerpots.com\/sklep\/model-vittorio-4\/","url":"https:\/\/worldofflowerpots.com\/sklep\/model-vittorio-4\/","name":"Pflanzk\u00fcbel Metall Au\u00dfenbereich | Blumenk\u00fcbel World of Flowerpots","isPartOf":{"@id":"https:\/\/worldofflowerpots.com\/#website"},"primaryImageOfPage":{"@id":"https:\/\/worldofflowerpots.com\/sklep\/model-vittorio-4\/#primaryimage"},"image":{"@id":"https:\/\/worldofflowerpots.com\/sklep\/model-vittorio-4\/#primaryimage"},"thumbnailUrl":"https:\/\/worldofflowerpots.com\/wp-content\/uploads\/2019\/03\/donice-do-kwiat\u00f3w-Vittorio_4.jpg","datePublished":"2019-03-20T10:17:10+00:00","dateModified":"2019-04-24T10:32:05+00:00","description":"Das schlichte, moderne Design vom Pflanzk\u00fcbel Metall f\u00fcr den Au\u00dfenbereich passt zu jeder Terrassen- und Gartengestaltung.","breadcrumb":{"@id":"https:\/\/worldofflowerpots.com\/sklep\/model-vittorio-4\/#breadcrumb"},"inLanguage":"de","potentialAction":[{"@type":"ReadAction","target":["https:\/\/worldofflowerpots.com\/sklep\/model-vittorio-4\/"]}]},{"@type":"ImageObject","inLanguage":"de","@id":"https:\/\/worldofflowerpots.com\/sklep\/model-vittorio-4\/#primaryimage","url":"https:\/\/worldofflowerpots.com\/wp-content\/uploads\/2019\/03\/donice-do-kwiat\u00f3w-Vittorio_4.jpg","contentUrl":"https:\/\/worldofflowerpots.com\/wp-content\/uploads\/2019\/03\/donice-do-kwiat\u00f3w-Vittorio_4.jpg","width":2280,"height":1612},{"@type":"BreadcrumbList","@id":"https:\/\/worldofflowerpots.com\/sklep\/model-vittorio-4\/#breadcrumb","itemListElement":[{"@type":"ListItem","position":1,"name":"Strona g\u0142\u00f3wna","item":"https:\/\/worldofflowerpots.com\/blumenkuebel-grosse-auswahl\/"},{"@type":"ListItem","position":2,"name":"Shop","item":"https:\/\/worldofflowerpots.com\/sortiment\/"},{"@type":"ListItem","position":3,"name":"Pflanzk\u00fcbel Metall Au\u00dfenbereich Model Vittorio 4"}]},{"@type":"WebSite","@id":"https:\/\/worldofflowerpots.com\/#website","url":"https:\/\/worldofflowerpots.com\/","name":"Blumenk\u00fcbel World of Flowerpots","description":"Pflanzk\u00fcbel beton, blumentr\u00f6ge, blumenk\u00fcbel gro\u00df, cortenstahl, fiberglas","potentialAction":[{"@type":"SearchAction","target":{"@type":"EntryPoint","urlTemplate":"https:\/\/worldofflowerpots.com\/?s={search_term_string}"},"query-input":{"@type":"PropertyValueSpecification","valueRequired":true,"valueName":"search_term_string"}}],"inLanguage":"de"}]}},"_links":{"self":[{"href":"https:\/\/worldofflowerpots.com\/de\/wp-json\/wp\/v2\/product\/56571","targetHints":{"allow":["GET"]}}],"collection":[{"href":"https:\/\/worldofflowerpots.com\/de\/wp-json\/wp\/v2\/product"}],"about":[{"href":"https:\/\/worldofflowerpots.com\/de\/wp-json\/wp\/v2\/types\/product"}],"wp:featuredmedia":[{"embeddable":true,"href":"https:\/\/worldofflowerpots.com\/de\/wp-json\/wp\/v2\/media\/57179"}],"wp:attachment":[{"href":"https:\/\/worldofflowerpots.com\/de\/wp-json\/wp\/v2\/media?parent=56571"}],"wp:term":[{"taxonomy":"product_brand","embeddable":true,"href":"https:\/\/worldofflowerpots.com\/de\/wp-json\/wp\/v2\/product_brand?post=56571"},{"taxonomy":"product_cat","embeddable":true,"href":"https:\/\/worldofflowerpots.com\/de\/wp-json\/wp\/v2\/product_cat?post=56571"},{"taxonomy":"product_tag","embeddable":true,"href":"https:\/\/worldofflowerpots.com\/de\/wp-json\/wp\/v2\/product_tag?post=56571"}],"curies":[{"name":"wp","href":"https:\/\/api.w.org\/{rel}","templated":true}]}}