{"id":56581,"date":"2019-03-25T10:00:21","date_gmt":"2019-03-25T09:00:21","guid":{"rendered":"https:\/\/worldofflowerpots.com\/sklep\/alessio-15\/"},"modified":"2019-04-24T16:52:48","modified_gmt":"2019-04-24T14:52:48","slug":"pflanzkuebel-aus-aluminium-alessio-15","status":"publish","type":"product","link":"https:\/\/worldofflowerpots.com\/de\/sortiment\/pflanzkuebel-aus-aluminium-alessio-15\/","title":{"rendered":"Grosser Blumentopf Model Alessio 15"},"content":{"rendered":"<div id=\"text_highlighted\">\n<h3>Alessio 15 &#8211; ein Glanzst\u00fcck f\u00fcr drinnen und drau\u00dfen<\/h3>\n<div>\n<p class=\"preview\">Der stilvolle Blumenk\u00fcbel Alessio 15 ist ein gro\u00dfer Blumentopf f\u00fcr den Innen- und Au\u00dfenbereich. Er versch\u00f6nt den Garten, eine Dachterrasse oder den Innenbereich von Arztpraxen und Beh\u00f6rden. Der neue Alessio 15 eignet sich f\u00fcr eine langj\u00e4hrige Dauerbepflanzung und kann je nach Farbwahl ein dekorativer Blickfang oder ein L\u00fcckenf\u00fcller im Hintergrund sein, der im Garten oder in Innenr\u00e4umen sinnvoll das Interieur erg\u00e4nzt.<\/p>\n<h4>Ausstattung des Pflanzk\u00fcbel aus Aluminium<\/h4>\n<div class=\"preview\">\n<p>Der Pflanztopf Alessio 15 besteht als gro\u00dfer Blumentopf aus 2 mm starkem Aluminiumblech. Seine Ma\u00dfe liegen (LxBxH) bei 1200x1200x1200 mm. Der quadratische Blumentopf wiegt 45 kg. Er ist uv-resistent, wetterfest und frostsicher, wenn das Gie\u00dfwasser nach unten ablaufen kann.<\/p>\n<h5>Alessio 15 &#8211; Viele Farbvarianten<\/h5>\n<\/div>\n<div class=\"preview\">\n<p>Der moderne Pflanzk\u00fcbel aus Aluminium wird per Pulverlackierung beschichtet. Der Farbauftrag gilt als extrem kratzfest und langlebig, weil viel mehr Farbpartikel als bei einer normalen Lackierung aufgebracht werden. Als Standardfarben werden die RAL-Farben 9016 (wei\u00df), 7012 (hellgrau) und 7021 (dunkelgrau) angeboten. Ab einer Bestellung von f\u00fcnf Pflanzk\u00fcbel Aluminium pulverbeschichtet ist jede RAL-Farbgebung m\u00f6glich. Auch Sonderlackierungen sind ab dieser Bestellmenge m\u00f6glich.<\/p>\n<h6>Vorteile Pflanzk\u00fcbel aus Aluminium<\/h6>\n<\/div>\n<div class=\"preview\">\n<p>Aluminium ist ein Material, das anders als Kunststoff Ressourcen schont und recycelt werden kann. Alessio 15 z\u00e4hlt zu den rechteckigen Pflanzt\u00f6pfen. Er l\u00e4sst sich vorteilhaft in einer Ecke platzieren und kann als separater gro\u00dfer BlumentopfSitzgelegenheiten dekorativ in Szene setzen. Eingesetzte Profile versteifen die Seitenw\u00e4nde des Pflanztroges, damit der gro\u00dfe Blumentopf Alessio 15 nicht ausbeult. Ein schmaler nach innen gebogener oberer Rand vermeidet scharfe Ecken und Kanten. Die w\u00fcrfelf\u00f6rmige Formgebung von Alessio 15 gilt als zeitlos. Sie bleibt viele Jahre im Trend. Made in Germany garantiert eine hohe Wertbest\u00e4ndigkeit.<\/p>\n<p>Stilvolle Bepflanzungen<\/p>\n<\/div>\n<div class=\"preview\">Ein gro\u00dfer Blumentopf muss nicht wie ein Monstrum wirken. Alessio 15 wirkt trotz seiner Gr\u00f6\u00dfe dezent und wertet seinen Aufstellort auf. Er verleiht Ihrem Zuhause einen modernen Look, den Sie mit passenden Gartenm\u00f6beln erg\u00e4nzen k\u00f6nnen. Besonders gut l\u00e4sst sich der Pflanzk\u00fcbel Alessio in einer Gruppe mit Blument\u00f6pfen aus der gleichen Serie vervollst\u00e4ndigen.<\/div>\n<\/div>\n<\/div>\n","protected":false},"excerpt":{"rendered":"<p>Material: 2 mm Aluminiumblech<br \/>\nFarbe: Pulverbeschichtung<br \/>\nStandard: RAL9016,7012,7021<br \/>\nAb 5 St\u00fcck jede Ral Farbe m\u00f6glich<br \/>\nGewicht: 45 kg<br \/>\nAbmessungen B1200mm H1200mm L1200mm<br \/>\nUV-resistent, Wetterfest<br \/>\nFrostbest\u00e4ndig bei gew\u00e4hrleistetem Wasserablauf<\/p>\n","protected":false},"featured_media":57159,"template":"","meta":{"_acf_changed":false},"product_brand":[],"product_cat":[269],"product_tag":[],"class_list":{"0":"post-56581","1":"product","2":"type-product","3":"status-publish","4":"has-post-thumbnail","6":"product_cat-pflanzkuebel-aluminium","7":"description-off","8":"tm-has-options","10":"first","11":"instock","12":"shipping-taxable","13":"purchasable","14":"product-type-simple"},"acf":[],"yoast_head":"<!-- This site is optimized with the Yoast SEO plugin v27.5 - https:\/\/yoast.com\/product\/yoast-seo-wordpress\/ -->\n<title>Grosser Blumentopf Model Alessio 15 | Blumenk\u00fcbel World of Flowerpots<\/title>\n<meta name=\"description\" content=\"Der stilvolle Blumenk\u00fcbel Alessio 15 ist ein gro\u00dfer Blumentopf f\u00fcr den Innen- und Au\u00dfenbereich.Er ist uv-resistent, wetterfest und frostsicher\" \/>\n<meta name=\"robots\" content=\"index, follow, max-snippet:-1, max-image-preview:large, max-video-preview:-1\" \/>\n<link rel=\"canonical\" href=\"https:\/\/worldofflowerpots.com\/sklep\/pflanzkuebel-aus-aluminium-alessio-15\/\" \/>\n<meta property=\"og:locale\" content=\"de_DE\" \/>\n<meta property=\"og:type\" content=\"article\" \/>\n<meta property=\"og:title\" content=\"Grosser Blumentopf Model Alessio 15 | Blumenk\u00fcbel World of Flowerpots\" \/>\n<meta property=\"og:description\" content=\"Der stilvolle Blumenk\u00fcbel Alessio 15 ist ein gro\u00dfer Blumentopf f\u00fcr den Innen- und Au\u00dfenbereich.Er ist uv-resistent, wetterfest und frostsicher\" \/>\n<meta property=\"og:url\" content=\"https:\/\/worldofflowerpots.com\/sklep\/pflanzkuebel-aus-aluminium-alessio-15\/\" \/>\n<meta property=\"og:site_name\" content=\"Blumenk\u00fcbel World of Flowerpots\" \/>\n<meta property=\"article:modified_time\" content=\"2019-04-24T14:52:48+00:00\" \/>\n<meta property=\"og:image\" content=\"https:\/\/worldofflowerpots.com\/wp-content\/uploads\/2019\/03\/donice-xxl-Alessio_15.jpg\" \/>\n\t<meta property=\"og:image:width\" content=\"2280\" \/>\n\t<meta property=\"og:image:height\" content=\"1612\" \/>\n\t<meta property=\"og:image:type\" content=\"image\/jpeg\" \/>\n<meta name=\"twitter:card\" content=\"summary_large_image\" \/>\n<meta name=\"twitter:label1\" content=\"Gesch\u00e4tzte Lesezeit\" \/>\n\t<meta name=\"twitter:data1\" content=\"2\u00a0Minuten\" \/>\n<script type=\"application\/ld+json\" class=\"yoast-schema-graph\">{\"@context\":\"https:\\\/\\\/schema.org\",\"@graph\":[{\"@type\":\"WebPage\",\"@id\":\"https:\\\/\\\/worldofflowerpots.com\\\/sklep\\\/pflanzkuebel-aus-aluminium-alessio-15\\\/\",\"url\":\"https:\\\/\\\/worldofflowerpots.com\\\/sklep\\\/pflanzkuebel-aus-aluminium-alessio-15\\\/\",\"name\":\"Grosser Blumentopf Model Alessio 15 | Blumenk\u00fcbel World of Flowerpots\",\"isPartOf\":{\"@id\":\"https:\\\/\\\/worldofflowerpots.com\\\/#website\"},\"primaryImageOfPage\":{\"@id\":\"https:\\\/\\\/worldofflowerpots.com\\\/sklep\\\/pflanzkuebel-aus-aluminium-alessio-15\\\/#primaryimage\"},\"image\":{\"@id\":\"https:\\\/\\\/worldofflowerpots.com\\\/sklep\\\/pflanzkuebel-aus-aluminium-alessio-15\\\/#primaryimage\"},\"thumbnailUrl\":\"https:\\\/\\\/worldofflowerpots.com\\\/wp-content\\\/uploads\\\/2019\\\/03\\\/donice-xxl-Alessio_15.jpg\",\"datePublished\":\"2019-03-25T09:00:21+00:00\",\"dateModified\":\"2019-04-24T14:52:48+00:00\",\"description\":\"Der stilvolle Blumenk\u00fcbel Alessio 15 ist ein gro\u00dfer Blumentopf f\u00fcr den Innen- und Au\u00dfenbereich.Er ist uv-resistent, wetterfest und frostsicher\",\"breadcrumb\":{\"@id\":\"https:\\\/\\\/worldofflowerpots.com\\\/sklep\\\/pflanzkuebel-aus-aluminium-alessio-15\\\/#breadcrumb\"},\"inLanguage\":\"de\",\"potentialAction\":[{\"@type\":\"ReadAction\",\"target\":[\"https:\\\/\\\/worldofflowerpots.com\\\/sklep\\\/pflanzkuebel-aus-aluminium-alessio-15\\\/\"]}]},{\"@type\":\"ImageObject\",\"inLanguage\":\"de\",\"@id\":\"https:\\\/\\\/worldofflowerpots.com\\\/sklep\\\/pflanzkuebel-aus-aluminium-alessio-15\\\/#primaryimage\",\"url\":\"https:\\\/\\\/worldofflowerpots.com\\\/wp-content\\\/uploads\\\/2019\\\/03\\\/donice-xxl-Alessio_15.jpg\",\"contentUrl\":\"https:\\\/\\\/worldofflowerpots.com\\\/wp-content\\\/uploads\\\/2019\\\/03\\\/donice-xxl-Alessio_15.jpg\",\"width\":2280,\"height\":1612},{\"@type\":\"BreadcrumbList\",\"@id\":\"https:\\\/\\\/worldofflowerpots.com\\\/sklep\\\/pflanzkuebel-aus-aluminium-alessio-15\\\/#breadcrumb\",\"itemListElement\":[{\"@type\":\"ListItem\",\"position\":1,\"name\":\"Strona g\u0142\u00f3wna\",\"item\":\"https:\\\/\\\/worldofflowerpots.com\\\/blumenkuebel-grosse-auswahl\\\/\"},{\"@type\":\"ListItem\",\"position\":2,\"name\":\"Shop\",\"item\":\"https:\\\/\\\/worldofflowerpots.com\\\/sortiment\\\/\"},{\"@type\":\"ListItem\",\"position\":3,\"name\":\"Grosser Blumentopf Model Alessio 15\"}]},{\"@type\":\"WebSite\",\"@id\":\"https:\\\/\\\/worldofflowerpots.com\\\/#website\",\"url\":\"https:\\\/\\\/worldofflowerpots.com\\\/\",\"name\":\"Blumenk\u00fcbel World of Flowerpots\",\"description\":\"Pflanzk\u00fcbel beton, blumentr\u00f6ge, blumenk\u00fcbel gro\u00df, cortenstahl, fiberglas\",\"potentialAction\":[{\"@type\":\"SearchAction\",\"target\":{\"@type\":\"EntryPoint\",\"urlTemplate\":\"https:\\\/\\\/worldofflowerpots.com\\\/?s={search_term_string}\"},\"query-input\":{\"@type\":\"PropertyValueSpecification\",\"valueRequired\":true,\"valueName\":\"search_term_string\"}}],\"inLanguage\":\"de\"}]}<\/script>\n<!-- \/ Yoast SEO plugin. -->","yoast_head_json":{"title":"Grosser Blumentopf Model Alessio 15 | Blumenk\u00fcbel World of Flowerpots","description":"Der stilvolle Blumenk\u00fcbel Alessio 15 ist ein gro\u00dfer Blumentopf f\u00fcr den Innen- und Au\u00dfenbereich.Er ist uv-resistent, wetterfest und frostsicher","robots":{"index":"index","follow":"follow","max-snippet":"max-snippet:-1","max-image-preview":"max-image-preview:large","max-video-preview":"max-video-preview:-1"},"canonical":"https:\/\/worldofflowerpots.com\/sklep\/pflanzkuebel-aus-aluminium-alessio-15\/","og_locale":"de_DE","og_type":"article","og_title":"Grosser Blumentopf Model Alessio 15 | Blumenk\u00fcbel World of Flowerpots","og_description":"Der stilvolle Blumenk\u00fcbel Alessio 15 ist ein gro\u00dfer Blumentopf f\u00fcr den Innen- und Au\u00dfenbereich.Er ist uv-resistent, wetterfest und frostsicher","og_url":"https:\/\/worldofflowerpots.com\/sklep\/pflanzkuebel-aus-aluminium-alessio-15\/","og_site_name":"Blumenk\u00fcbel World of Flowerpots","article_modified_time":"2019-04-24T14:52:48+00:00","og_image":[{"width":2280,"height":1612,"url":"https:\/\/worldofflowerpots.com\/wp-content\/uploads\/2019\/03\/donice-xxl-Alessio_15.jpg","type":"image\/jpeg"}],"twitter_card":"summary_large_image","twitter_misc":{"Gesch\u00e4tzte Lesezeit":"2\u00a0Minuten"},"schema":{"@context":"https:\/\/schema.org","@graph":[{"@type":"WebPage","@id":"https:\/\/worldofflowerpots.com\/sklep\/pflanzkuebel-aus-aluminium-alessio-15\/","url":"https:\/\/worldofflowerpots.com\/sklep\/pflanzkuebel-aus-aluminium-alessio-15\/","name":"Grosser Blumentopf Model Alessio 15 | Blumenk\u00fcbel World of Flowerpots","isPartOf":{"@id":"https:\/\/worldofflowerpots.com\/#website"},"primaryImageOfPage":{"@id":"https:\/\/worldofflowerpots.com\/sklep\/pflanzkuebel-aus-aluminium-alessio-15\/#primaryimage"},"image":{"@id":"https:\/\/worldofflowerpots.com\/sklep\/pflanzkuebel-aus-aluminium-alessio-15\/#primaryimage"},"thumbnailUrl":"https:\/\/worldofflowerpots.com\/wp-content\/uploads\/2019\/03\/donice-xxl-Alessio_15.jpg","datePublished":"2019-03-25T09:00:21+00:00","dateModified":"2019-04-24T14:52:48+00:00","description":"Der stilvolle Blumenk\u00fcbel Alessio 15 ist ein gro\u00dfer Blumentopf f\u00fcr den Innen- und Au\u00dfenbereich.Er ist uv-resistent, wetterfest und frostsicher","breadcrumb":{"@id":"https:\/\/worldofflowerpots.com\/sklep\/pflanzkuebel-aus-aluminium-alessio-15\/#breadcrumb"},"inLanguage":"de","potentialAction":[{"@type":"ReadAction","target":["https:\/\/worldofflowerpots.com\/sklep\/pflanzkuebel-aus-aluminium-alessio-15\/"]}]},{"@type":"ImageObject","inLanguage":"de","@id":"https:\/\/worldofflowerpots.com\/sklep\/pflanzkuebel-aus-aluminium-alessio-15\/#primaryimage","url":"https:\/\/worldofflowerpots.com\/wp-content\/uploads\/2019\/03\/donice-xxl-Alessio_15.jpg","contentUrl":"https:\/\/worldofflowerpots.com\/wp-content\/uploads\/2019\/03\/donice-xxl-Alessio_15.jpg","width":2280,"height":1612},{"@type":"BreadcrumbList","@id":"https:\/\/worldofflowerpots.com\/sklep\/pflanzkuebel-aus-aluminium-alessio-15\/#breadcrumb","itemListElement":[{"@type":"ListItem","position":1,"name":"Strona g\u0142\u00f3wna","item":"https:\/\/worldofflowerpots.com\/blumenkuebel-grosse-auswahl\/"},{"@type":"ListItem","position":2,"name":"Shop","item":"https:\/\/worldofflowerpots.com\/sortiment\/"},{"@type":"ListItem","position":3,"name":"Grosser Blumentopf Model Alessio 15"}]},{"@type":"WebSite","@id":"https:\/\/worldofflowerpots.com\/#website","url":"https:\/\/worldofflowerpots.com\/","name":"Blumenk\u00fcbel World of Flowerpots","description":"Pflanzk\u00fcbel beton, blumentr\u00f6ge, blumenk\u00fcbel gro\u00df, cortenstahl, fiberglas","potentialAction":[{"@type":"SearchAction","target":{"@type":"EntryPoint","urlTemplate":"https:\/\/worldofflowerpots.com\/?s={search_term_string}"},"query-input":{"@type":"PropertyValueSpecification","valueRequired":true,"valueName":"search_term_string"}}],"inLanguage":"de"}]}},"_links":{"self":[{"href":"https:\/\/worldofflowerpots.com\/de\/wp-json\/wp\/v2\/product\/56581","targetHints":{"allow":["GET"]}}],"collection":[{"href":"https:\/\/worldofflowerpots.com\/de\/wp-json\/wp\/v2\/product"}],"about":[{"href":"https:\/\/worldofflowerpots.com\/de\/wp-json\/wp\/v2\/types\/product"}],"wp:featuredmedia":[{"embeddable":true,"href":"https:\/\/worldofflowerpots.com\/de\/wp-json\/wp\/v2\/media\/57159"}],"wp:attachment":[{"href":"https:\/\/worldofflowerpots.com\/de\/wp-json\/wp\/v2\/media?parent=56581"}],"wp:term":[{"taxonomy":"product_brand","embeddable":true,"href":"https:\/\/worldofflowerpots.com\/de\/wp-json\/wp\/v2\/product_brand?post=56581"},{"taxonomy":"product_cat","embeddable":true,"href":"https:\/\/worldofflowerpots.com\/de\/wp-json\/wp\/v2\/product_cat?post=56581"},{"taxonomy":"product_tag","embeddable":true,"href":"https:\/\/worldofflowerpots.com\/de\/wp-json\/wp\/v2\/product_tag?post=56581"}],"curies":[{"name":"wp","href":"https:\/\/api.w.org\/{rel}","templated":true}]}}