{"id":56582,"date":"2019-03-18T12:43:54","date_gmt":"2019-03-18T11:43:54","guid":{"rendered":"https:\/\/worldofflowerpots.com\/sklep\/alessio-12\/"},"modified":"2019-04-24T16:04:59","modified_gmt":"2019-04-24T14:04:59","slug":"pflanzkuebel-aus-aluminium-alessio-12","status":"publish","type":"product","link":"https:\/\/worldofflowerpots.com\/de\/sortiment\/pflanzkuebel-aus-aluminium-alessio-12\/","title":{"rendered":"Ein Blumentopf in Grau von Format  Model Alessio 12"},"content":{"rendered":"<h3>Alessio 12 &#8211; ein Pflanzenk\u00fcbel, der es in sich hat<\/h3>\n<div>\n<p class=\"preview\">Pflanzk\u00fcbel aus Aluminium erfreuen sich immer gr\u00f6\u00dferer Beliebtheit &#8211; sie stecken voller Vorteile und \u00fcberzeugen durch ihre elegante Optik. Der Alessio 12 ist aus 2 mm starkem Aluminiumblech gefertigt und pulverbeschichtet. Seine Ma\u00dfe betragen 1000 x 1000 x 400 mm (BxHxL) bei einem Gewicht von 21 kg. In der Standardausf\u00fchrung k\u00f6nnen Sie den Blumentopf in Grau(RAL 7021 schwarzgrau, RAL 7012 basaltgrau) oder in Wei\u00df (RAL 9016 verkehrswei\u00df) bestellen. F\u00fcr die Umsetzung eines gr\u00f6\u00dferen Projektes haben Sie die M\u00f6glichkeit, ihn in jeder beliebigen RAL-Farbe zu ordern. Dies gilt bei einer Abnahme ab f\u00fcnf St\u00fcck. Die Vorz\u00fcge von diesem Pflanzgef\u00e4\u00df m\u00f6chten wir Ihnen nachfolgend genauer vorstellen.<\/p>\n<h4>Pflanzk\u00fcbel aus Aluminium sind wetterfest und eignen sich hervorragend f\u00fcr Au\u00dfenbereiche<\/h4>\n<p>Dank seines Materials \u00fcberzeugt der Blumentopf in Grau nicht nur durch seine hohe Stabilit\u00e4t und Belastungsf\u00e4higkeit, sondern auch durch seine Korrosionsbest\u00e4ndigkeit. Aluminium hat den Vorteil, dass es auf nat\u00fcrliche Weise oxidiert und eine Schutzschicht bildet, die ein Rosten verhindert. Durch diese wird das Material auch gegen\u00fcber UV-Strahlung absolut unempfindlich. Egal, welchen Witterungsbedingungen dieser Pflanzk\u00fcbel aus Aluminium in Ihrem Garten, auf der Terrasse oder in sonstigen Au\u00dfenbereichen ausgesetzt ist: Er l\u00e4sst sich nicht aus der Fassung bringen und b\u00fc\u00dft dabei nichts an seinem tadellosen Aussehen ein. Zus\u00e4tzlich sind unsere Blument\u00f6pfe aus Aluminium mit Styropor ausgestattet. So sind auch Ihre Pflanzen optimal vor K\u00e4lte gesch\u00fctzt.<\/p>\n<h5>Leichte Reinigung und Nachhaltigkeit<\/h5>\n<p>Der Alessio Blumentopf in Grau ist wunderbar pflegeleicht. Um seine nat\u00fcrliche Sch\u00f6nheit zu erhalten, reinigen Sie ihn am besten regelm\u00e4\u00dfig mit klarem Wasser und Sp\u00fclmittel. Zum Schluss ledern Sie ihn ab. Obendrein ist Aluminium recycelbar und somit umweltfreundlich.<\/p>\n<p>Der Alessio Pflanzk\u00fcbel aus Aluminium \u00fcberzeugt optisch wie funktional in Innen- und Au\u00dfenbereichen. Dank seiner unaufdringlich eleganten Ausstrahlung und den klaren Konturen integriert er sich in klassisch wie modern eingerichtete Wohn- und Gesch\u00e4ftsr\u00e4ume. Dort gibt er Bl\u00fch- und Gr\u00fcnpflanzen einen zeitlos sch\u00f6nen Rahmen, in dem sie sich voll und ganz entfalten k\u00f6nnen.<\/p>\n<\/div>\n","protected":false},"excerpt":{"rendered":"<p>Material: 2 mm Aluminiumblech<br \/>\nFarbe: Pulverbeschichtung<br \/>\nStandard: RAL9016,7012,7021<br \/>\nAb 5 St\u00fcck jede Ral Farbe m\u00f6glich<br \/>\nGewicht : 21 kg<br \/>\nAbmessungen B1000mm H1000mm L400mm<br \/>\nUV-resistent, Wetterfest<br \/>\nFrostbest\u00e4ndig bei gew\u00e4hrleistetem Wasserablauf<\/p>\n","protected":false},"featured_media":57250,"template":"","meta":{"_acf_changed":false},"product_brand":[],"product_cat":[269],"product_tag":[],"class_list":{"0":"post-56582","1":"product","2":"type-product","3":"status-publish","4":"has-post-thumbnail","6":"product_cat-pflanzkuebel-aluminium","7":"description-off","8":"tm-has-options","10":"first","11":"instock","12":"shipping-taxable","13":"purchasable","14":"product-type-simple"},"acf":[],"yoast_head":"<!-- This site is optimized with the Yoast SEO plugin v27.5 - https:\/\/yoast.com\/product\/yoast-seo-wordpress\/ -->\n<title>Ein Blumentopf in Grau von Format Model Alessio 12<\/title>\n<meta name=\"description\" content=\"Dank seines Materials \u00fcberzeugt der Blumentopf in Grau nicht nur durch seine hohe Stabilit\u00e4t, auch gegen\u00fcber UV-Strahlung absolut unempfindlich\" \/>\n<meta name=\"robots\" content=\"index, follow, max-snippet:-1, max-image-preview:large, max-video-preview:-1\" \/>\n<link rel=\"canonical\" href=\"https:\/\/worldofflowerpots.com\/sklep\/pflanzkuebel-aus-aluminium-alessio-12\/\" \/>\n<meta property=\"og:locale\" content=\"de_DE\" \/>\n<meta property=\"og:type\" content=\"article\" \/>\n<meta property=\"og:title\" content=\"Ein Blumentopf in Grau von Format Model Alessio 12\" \/>\n<meta property=\"og:description\" content=\"Dank seines Materials \u00fcberzeugt der Blumentopf in Grau nicht nur durch seine hohe Stabilit\u00e4t, auch gegen\u00fcber UV-Strahlung absolut unempfindlich\" \/>\n<meta property=\"og:url\" content=\"https:\/\/worldofflowerpots.com\/sklep\/pflanzkuebel-aus-aluminium-alessio-12\/\" \/>\n<meta property=\"og:site_name\" content=\"Blumenk\u00fcbel World of Flowerpots\" \/>\n<meta property=\"article:modified_time\" content=\"2019-04-24T14:04:59+00:00\" \/>\n<meta property=\"og:image\" content=\"https:\/\/worldofflowerpots.com\/wp-content\/uploads\/2019\/03\/du\u017ce-donice-do-salonu-Alessio_12.jpg\" \/>\n\t<meta property=\"og:image:width\" content=\"2280\" \/>\n\t<meta property=\"og:image:height\" content=\"1612\" \/>\n\t<meta property=\"og:image:type\" content=\"image\/jpeg\" \/>\n<meta name=\"twitter:card\" content=\"summary_large_image\" \/>\n<meta name=\"twitter:label1\" content=\"Gesch\u00e4tzte Lesezeit\" \/>\n\t<meta name=\"twitter:data1\" content=\"2\u00a0Minuten\" \/>\n<script type=\"application\/ld+json\" class=\"yoast-schema-graph\">{\"@context\":\"https:\\\/\\\/schema.org\",\"@graph\":[{\"@type\":\"WebPage\",\"@id\":\"https:\\\/\\\/worldofflowerpots.com\\\/sklep\\\/pflanzkuebel-aus-aluminium-alessio-12\\\/\",\"url\":\"https:\\\/\\\/worldofflowerpots.com\\\/sklep\\\/pflanzkuebel-aus-aluminium-alessio-12\\\/\",\"name\":\"Ein Blumentopf in Grau von Format Model Alessio 12\",\"isPartOf\":{\"@id\":\"https:\\\/\\\/worldofflowerpots.com\\\/#website\"},\"primaryImageOfPage\":{\"@id\":\"https:\\\/\\\/worldofflowerpots.com\\\/sklep\\\/pflanzkuebel-aus-aluminium-alessio-12\\\/#primaryimage\"},\"image\":{\"@id\":\"https:\\\/\\\/worldofflowerpots.com\\\/sklep\\\/pflanzkuebel-aus-aluminium-alessio-12\\\/#primaryimage\"},\"thumbnailUrl\":\"https:\\\/\\\/worldofflowerpots.com\\\/wp-content\\\/uploads\\\/2019\\\/03\\\/du\u017ce-donice-do-salonu-Alessio_12.jpg\",\"datePublished\":\"2019-03-18T11:43:54+00:00\",\"dateModified\":\"2019-04-24T14:04:59+00:00\",\"description\":\"Dank seines Materials \u00fcberzeugt der Blumentopf in Grau nicht nur durch seine hohe Stabilit\u00e4t, auch gegen\u00fcber UV-Strahlung absolut unempfindlich\",\"breadcrumb\":{\"@id\":\"https:\\\/\\\/worldofflowerpots.com\\\/sklep\\\/pflanzkuebel-aus-aluminium-alessio-12\\\/#breadcrumb\"},\"inLanguage\":\"de\",\"potentialAction\":[{\"@type\":\"ReadAction\",\"target\":[\"https:\\\/\\\/worldofflowerpots.com\\\/sklep\\\/pflanzkuebel-aus-aluminium-alessio-12\\\/\"]}]},{\"@type\":\"ImageObject\",\"inLanguage\":\"de\",\"@id\":\"https:\\\/\\\/worldofflowerpots.com\\\/sklep\\\/pflanzkuebel-aus-aluminium-alessio-12\\\/#primaryimage\",\"url\":\"https:\\\/\\\/worldofflowerpots.com\\\/wp-content\\\/uploads\\\/2019\\\/03\\\/du\u017ce-donice-do-salonu-Alessio_12.jpg\",\"contentUrl\":\"https:\\\/\\\/worldofflowerpots.com\\\/wp-content\\\/uploads\\\/2019\\\/03\\\/du\u017ce-donice-do-salonu-Alessio_12.jpg\",\"width\":2280,\"height\":1612},{\"@type\":\"BreadcrumbList\",\"@id\":\"https:\\\/\\\/worldofflowerpots.com\\\/sklep\\\/pflanzkuebel-aus-aluminium-alessio-12\\\/#breadcrumb\",\"itemListElement\":[{\"@type\":\"ListItem\",\"position\":1,\"name\":\"Strona g\u0142\u00f3wna\",\"item\":\"https:\\\/\\\/worldofflowerpots.com\\\/blumenkuebel-grosse-auswahl\\\/\"},{\"@type\":\"ListItem\",\"position\":2,\"name\":\"Shop\",\"item\":\"https:\\\/\\\/worldofflowerpots.com\\\/sortiment\\\/\"},{\"@type\":\"ListItem\",\"position\":3,\"name\":\"Ein Blumentopf in Grau von Format Model Alessio 12\"}]},{\"@type\":\"WebSite\",\"@id\":\"https:\\\/\\\/worldofflowerpots.com\\\/#website\",\"url\":\"https:\\\/\\\/worldofflowerpots.com\\\/\",\"name\":\"Blumenk\u00fcbel World of Flowerpots\",\"description\":\"Pflanzk\u00fcbel beton, blumentr\u00f6ge, blumenk\u00fcbel gro\u00df, cortenstahl, fiberglas\",\"potentialAction\":[{\"@type\":\"SearchAction\",\"target\":{\"@type\":\"EntryPoint\",\"urlTemplate\":\"https:\\\/\\\/worldofflowerpots.com\\\/?s={search_term_string}\"},\"query-input\":{\"@type\":\"PropertyValueSpecification\",\"valueRequired\":true,\"valueName\":\"search_term_string\"}}],\"inLanguage\":\"de\"}]}<\/script>\n<!-- \/ Yoast SEO plugin. -->","yoast_head_json":{"title":"Ein Blumentopf in Grau von Format Model Alessio 12","description":"Dank seines Materials \u00fcberzeugt der Blumentopf in Grau nicht nur durch seine hohe Stabilit\u00e4t, auch gegen\u00fcber UV-Strahlung absolut unempfindlich","robots":{"index":"index","follow":"follow","max-snippet":"max-snippet:-1","max-image-preview":"max-image-preview:large","max-video-preview":"max-video-preview:-1"},"canonical":"https:\/\/worldofflowerpots.com\/sklep\/pflanzkuebel-aus-aluminium-alessio-12\/","og_locale":"de_DE","og_type":"article","og_title":"Ein Blumentopf in Grau von Format Model Alessio 12","og_description":"Dank seines Materials \u00fcberzeugt der Blumentopf in Grau nicht nur durch seine hohe Stabilit\u00e4t, auch gegen\u00fcber UV-Strahlung absolut unempfindlich","og_url":"https:\/\/worldofflowerpots.com\/sklep\/pflanzkuebel-aus-aluminium-alessio-12\/","og_site_name":"Blumenk\u00fcbel World of Flowerpots","article_modified_time":"2019-04-24T14:04:59+00:00","og_image":[{"width":2280,"height":1612,"url":"https:\/\/worldofflowerpots.com\/wp-content\/uploads\/2019\/03\/du\u017ce-donice-do-salonu-Alessio_12.jpg","type":"image\/jpeg"}],"twitter_card":"summary_large_image","twitter_misc":{"Gesch\u00e4tzte Lesezeit":"2\u00a0Minuten"},"schema":{"@context":"https:\/\/schema.org","@graph":[{"@type":"WebPage","@id":"https:\/\/worldofflowerpots.com\/sklep\/pflanzkuebel-aus-aluminium-alessio-12\/","url":"https:\/\/worldofflowerpots.com\/sklep\/pflanzkuebel-aus-aluminium-alessio-12\/","name":"Ein Blumentopf in Grau von Format Model Alessio 12","isPartOf":{"@id":"https:\/\/worldofflowerpots.com\/#website"},"primaryImageOfPage":{"@id":"https:\/\/worldofflowerpots.com\/sklep\/pflanzkuebel-aus-aluminium-alessio-12\/#primaryimage"},"image":{"@id":"https:\/\/worldofflowerpots.com\/sklep\/pflanzkuebel-aus-aluminium-alessio-12\/#primaryimage"},"thumbnailUrl":"https:\/\/worldofflowerpots.com\/wp-content\/uploads\/2019\/03\/du\u017ce-donice-do-salonu-Alessio_12.jpg","datePublished":"2019-03-18T11:43:54+00:00","dateModified":"2019-04-24T14:04:59+00:00","description":"Dank seines Materials \u00fcberzeugt der Blumentopf in Grau nicht nur durch seine hohe Stabilit\u00e4t, auch gegen\u00fcber UV-Strahlung absolut unempfindlich","breadcrumb":{"@id":"https:\/\/worldofflowerpots.com\/sklep\/pflanzkuebel-aus-aluminium-alessio-12\/#breadcrumb"},"inLanguage":"de","potentialAction":[{"@type":"ReadAction","target":["https:\/\/worldofflowerpots.com\/sklep\/pflanzkuebel-aus-aluminium-alessio-12\/"]}]},{"@type":"ImageObject","inLanguage":"de","@id":"https:\/\/worldofflowerpots.com\/sklep\/pflanzkuebel-aus-aluminium-alessio-12\/#primaryimage","url":"https:\/\/worldofflowerpots.com\/wp-content\/uploads\/2019\/03\/du\u017ce-donice-do-salonu-Alessio_12.jpg","contentUrl":"https:\/\/worldofflowerpots.com\/wp-content\/uploads\/2019\/03\/du\u017ce-donice-do-salonu-Alessio_12.jpg","width":2280,"height":1612},{"@type":"BreadcrumbList","@id":"https:\/\/worldofflowerpots.com\/sklep\/pflanzkuebel-aus-aluminium-alessio-12\/#breadcrumb","itemListElement":[{"@type":"ListItem","position":1,"name":"Strona g\u0142\u00f3wna","item":"https:\/\/worldofflowerpots.com\/blumenkuebel-grosse-auswahl\/"},{"@type":"ListItem","position":2,"name":"Shop","item":"https:\/\/worldofflowerpots.com\/sortiment\/"},{"@type":"ListItem","position":3,"name":"Ein Blumentopf in Grau von Format Model Alessio 12"}]},{"@type":"WebSite","@id":"https:\/\/worldofflowerpots.com\/#website","url":"https:\/\/worldofflowerpots.com\/","name":"Blumenk\u00fcbel World of Flowerpots","description":"Pflanzk\u00fcbel beton, blumentr\u00f6ge, blumenk\u00fcbel gro\u00df, cortenstahl, fiberglas","potentialAction":[{"@type":"SearchAction","target":{"@type":"EntryPoint","urlTemplate":"https:\/\/worldofflowerpots.com\/?s={search_term_string}"},"query-input":{"@type":"PropertyValueSpecification","valueRequired":true,"valueName":"search_term_string"}}],"inLanguage":"de"}]}},"_links":{"self":[{"href":"https:\/\/worldofflowerpots.com\/de\/wp-json\/wp\/v2\/product\/56582","targetHints":{"allow":["GET"]}}],"collection":[{"href":"https:\/\/worldofflowerpots.com\/de\/wp-json\/wp\/v2\/product"}],"about":[{"href":"https:\/\/worldofflowerpots.com\/de\/wp-json\/wp\/v2\/types\/product"}],"wp:featuredmedia":[{"embeddable":true,"href":"https:\/\/worldofflowerpots.com\/de\/wp-json\/wp\/v2\/media\/57250"}],"wp:attachment":[{"href":"https:\/\/worldofflowerpots.com\/de\/wp-json\/wp\/v2\/media?parent=56582"}],"wp:term":[{"taxonomy":"product_brand","embeddable":true,"href":"https:\/\/worldofflowerpots.com\/de\/wp-json\/wp\/v2\/product_brand?post=56582"},{"taxonomy":"product_cat","embeddable":true,"href":"https:\/\/worldofflowerpots.com\/de\/wp-json\/wp\/v2\/product_cat?post=56582"},{"taxonomy":"product_tag","embeddable":true,"href":"https:\/\/worldofflowerpots.com\/de\/wp-json\/wp\/v2\/product_tag?post=56582"}],"curies":[{"name":"wp","href":"https:\/\/api.w.org\/{rel}","templated":true}]}}