{"id":59181,"date":"2019-01-18T15:06:24","date_gmt":"2019-01-18T14:06:24","guid":{"rendered":"https:\/\/worldofflowerpots.com\/sklep\/duze-donice-ogrodowe-z-betonu-architektonicznego-o-roznej-dlugosci-seria-leocadia\/"},"modified":"2019-04-16T10:42:14","modified_gmt":"2019-04-16T08:42:14","slug":"pflanzgefaesse-aus-beton-leocadia","status":"publish","type":"product","link":"https:\/\/worldofflowerpots.com\/de\/sortiment\/pflanzgefaesse-aus-beton-leocadia\/","title":{"rendered":"Leocadia"},"content":{"rendered":"<div id=\"attachment_58959\" style=\"width: 1034px\" class=\"wp-caption aligncenter\"><img loading=\"lazy\" decoding=\"async\" aria-describedby=\"caption-attachment-58959\" class=\"wp-image-58959 size-large\" src=\"https:\/\/worldofflowerpots.com\/wp-content\/uploads\/2017\/01\/Richtig-bepflanzen--1024x576.jpg\" alt=\"\" width=\"1024\" height=\"576\" srcset=\"https:\/\/worldofflowerpots.com\/wp-content\/uploads\/2017\/01\/Richtig-bepflanzen--1024x576.jpg 1024w, https:\/\/worldofflowerpots.com\/wp-content\/uploads\/2017\/01\/Richtig-bepflanzen--300x169.jpg 300w, https:\/\/worldofflowerpots.com\/wp-content\/uploads\/2017\/01\/Richtig-bepflanzen--768x432.jpg 768w, https:\/\/worldofflowerpots.com\/wp-content\/uploads\/2017\/01\/Richtig-bepflanzen--600x338.jpg 600w, https:\/\/worldofflowerpots.com\/wp-content\/uploads\/2017\/01\/Richtig-bepflanzen-.jpg 1920w\" sizes=\"auto, (max-width: 1024px) 100vw, 1024px\" \/><p id=\"caption-attachment-58959\" class=\"wp-caption-text\">Richtig bepflanzen<\/p><\/div>\n<h3>Der klassische Leocadia und seine Verwendungsm\u00f6glichkeiten<\/h3>\n<p>Gerade Linien und ein l\u00e4nglicher Schnitt: Leocadia ist eines der Pflanzgef\u00e4\u00dfe aus Beton, das stilvoll und elegant wirkt. Ganz unkompliziert f\u00fcgt sich der Pflanzk\u00fcbel aus Beton durch sein schlankes Design und die klassischen Farben in seine Umwelt ein. Zu erhalten ist er in anthrazit, grau und wei\u00df und kann daher wunderbar kombiniert werden. Durch seine zeitlose Optik wertet er sowohl auf der Terrasse als auch im B\u00fcro stilvoll seine Umgebung auf. Sein dezentes \u00c4u\u00dferes erlaubt eine Vielzahl von Pflanzen und Farben: Sowohl mit farbenpr\u00e4chtigen Geranien als auch nordischen Waldb\u00e4umchen sorgt der Pflanzk\u00fcbel aus Beton f\u00fcr ein ansprechendes Ambiente, je nach Geschmack. Er verf\u00fcgt \u00fcber eine H\u00f6he sowie Breite von 400 mm. Damit ist der Leocadia eines der Pflanzgef\u00e4\u00dfe aus Beton, die auch eine ausreichende Wurzeltiefe f\u00fcr gr\u00f6\u00dfere Pflanzen besitzen. Durch seine Form k\u00f6nnen Sie den Pflanzk\u00fcbel au\u00dferdem wunderbar f\u00fcr weitere Dekorationsideen verwenden, beispielsweise f\u00fcr Solarleuchten oder Miniatur-Figuren.<\/p>\n<h3>Die hohe Qualit\u00e4t des Leocadia<\/h3>\n<p>Durch die Auswahl an f\u00fcnf verschiedenen L\u00e4ngen kann das Fassungsverm\u00f6gen des Pflanzk\u00fcbels angepasst werden. Mit 2000 mm ist ein Volumen bis zu 252 l w\u00e4hlbar. Das macht den Pflanzk\u00fcbel aus Beton sehr flexibel hinsichtlich seiner Bepflanzung. Die Qualit\u00e4t des Blumenkastens ist au\u00dferdem sehr hoch. Wie viele andere Pflanzgef\u00e4\u00dfe aus Beton garantiert der Pflanzk\u00fcbel durch den robusten Stein eine lange Lebensdauer. Dank seiner Frost- und UV-Resistenz kann er sowohl im Garten als auch im Wintergarten platziert werden. Schon durch sein Eigengewicht ab 103 kg ist der Pflanzkasten wie Pflanzgef\u00e4\u00dfe aus Betonallgemein schon sehr massiv. Bepflanzt trotzt er daher jedem Sturm hartn\u00e4ckig, was auch seine lange, ebene Auflagefl\u00e4che beg\u00fcnstigt. Aufgrund dessen und durch seine anpassbare L\u00e4nge ist der Pflanzk\u00fcbel aus Beton im nat\u00fcrlichen Terrain auch toll als Begrenzung geeignet. Sitzecken auf der Terrasse oder Wege ums Haus werden durch diesen Pflanzentrog geschmackvoll ges\u00e4umt. Der Leocadia vereint eine Vielzahl praktischer Einsatzm\u00f6glichkeiten mit ebenso zahlreichen Gestaltungsoptionen<\/p>\n","protected":false},"excerpt":{"rendered":"<p>Pflanzk\u00fcbel beton Leocadia<br \/>\nMaterial Beton (UHPC)<br \/>\nLeocadia 1000 \u00a0 1000x400xh:400 \u00a0Gewicht 103 kg, Volumen 123 l<br \/>\nLeocadia 1200 \u00a0 1200x400xh:400 \u00a0Gewicht 119 kg, Volumen 149 l<br \/>\nLeocadia 1500 \u00a0 1500x400xh:400 \u00a0Gewicht 144 kg, Volumen 187 l<br \/>\nLeocadia 1800 \u00a0 1800x400xh:400 \u00a0Gewicht 168 kg, Volumen 220 l<br \/>\nLeocadia 2000 \u00a0 2000x400xh:400 \u00a0Gewicht 185 kg, Volumen 252 l<\/p>\n<p>Farben: Grau, Schwarz, Weiss<br \/>\nUV-resistent<br \/>\nRobust und Stabil<br \/>\nWetterfest<br \/>\nFrostbest\u00e4ndig bei gew\u00e4hrleistetem Wasserablau<\/p>\n","protected":false},"featured_media":59561,"template":"","meta":{"_acf_changed":false},"product_brand":[],"product_cat":[267],"product_tag":[],"class_list":{"0":"post-59181","1":"product","2":"type-product","3":"status-publish","4":"has-post-thumbnail","6":"product_cat-pflanzkuebel-beton","7":"description-off","8":"tm-has-options","10":"first","11":"instock","12":"shipping-taxable","13":"purchasable","14":"product-type-simple"},"acf":[],"yoast_head":"<!-- This site is optimized with the Yoast SEO plugin v27.5 - https:\/\/yoast.com\/product\/yoast-seo-wordpress\/ -->\n<title>Pflanzgef\u00e4\u00dfe aus Beton in f\u00fcnf verschiedenen L\u00e4ngen<\/title>\n<meta name=\"description\" content=\"Pflanzgef\u00e4\u00dfe aus Beton wo das Fassungsverm\u00f6gen sehr flexibel ist. F\u00fcnf verschiedenen L\u00e4ngen stehen zur Ausfahl in drei Farben\" \/>\n<meta name=\"robots\" content=\"index, follow, max-snippet:-1, max-image-preview:large, max-video-preview:-1\" \/>\n<link rel=\"canonical\" href=\"https:\/\/worldofflowerpots.com\/sklep\/pflanzgefaesse-aus-beton-leocadia\/\" \/>\n<meta property=\"og:locale\" content=\"de_DE\" \/>\n<meta property=\"og:type\" content=\"article\" \/>\n<meta property=\"og:title\" content=\"Pflanzgef\u00e4\u00dfe aus Beton in f\u00fcnf verschiedenen L\u00e4ngen\" \/>\n<meta property=\"og:description\" content=\"Pflanzgef\u00e4\u00dfe aus Beton wo das Fassungsverm\u00f6gen sehr flexibel ist. F\u00fcnf verschiedenen L\u00e4ngen stehen zur Ausfahl in drei Farben\" \/>\n<meta property=\"og:url\" content=\"https:\/\/worldofflowerpots.com\/sklep\/pflanzgefaesse-aus-beton-leocadia\/\" \/>\n<meta property=\"og:site_name\" content=\"Blumenk\u00fcbel World of Flowerpots\" \/>\n<meta property=\"article:modified_time\" content=\"2019-04-16T08:42:14+00:00\" \/>\n<meta property=\"og:image\" content=\"https:\/\/worldofflowerpots.com\/wp-content\/uploads\/2019\/01\/pflanzgef\u00e4\u00dfe-aus-beton-Leocadia.jpg\" \/>\n\t<meta property=\"og:image:width\" content=\"2280\" \/>\n\t<meta property=\"og:image:height\" content=\"1612\" \/>\n\t<meta property=\"og:image:type\" content=\"image\/jpeg\" \/>\n<meta name=\"twitter:card\" content=\"summary_large_image\" \/>\n<meta name=\"twitter:label1\" content=\"Gesch\u00e4tzte Lesezeit\" \/>\n\t<meta name=\"twitter:data1\" content=\"2\u00a0Minuten\" \/>\n<script type=\"application\/ld+json\" class=\"yoast-schema-graph\">{\"@context\":\"https:\\\/\\\/schema.org\",\"@graph\":[{\"@type\":\"WebPage\",\"@id\":\"https:\\\/\\\/worldofflowerpots.com\\\/sklep\\\/pflanzgefaesse-aus-beton-leocadia\\\/\",\"url\":\"https:\\\/\\\/worldofflowerpots.com\\\/sklep\\\/pflanzgefaesse-aus-beton-leocadia\\\/\",\"name\":\"Pflanzgef\u00e4\u00dfe aus Beton in f\u00fcnf verschiedenen L\u00e4ngen\",\"isPartOf\":{\"@id\":\"https:\\\/\\\/worldofflowerpots.com\\\/#website\"},\"primaryImageOfPage\":{\"@id\":\"https:\\\/\\\/worldofflowerpots.com\\\/sklep\\\/pflanzgefaesse-aus-beton-leocadia\\\/#primaryimage\"},\"image\":{\"@id\":\"https:\\\/\\\/worldofflowerpots.com\\\/sklep\\\/pflanzgefaesse-aus-beton-leocadia\\\/#primaryimage\"},\"thumbnailUrl\":\"https:\\\/\\\/worldofflowerpots.com\\\/wp-content\\\/uploads\\\/2019\\\/01\\\/pflanzgef\u00e4\u00dfe-aus-beton-Leocadia.jpg\",\"datePublished\":\"2019-01-18T14:06:24+00:00\",\"dateModified\":\"2019-04-16T08:42:14+00:00\",\"description\":\"Pflanzgef\u00e4\u00dfe aus Beton wo das Fassungsverm\u00f6gen sehr flexibel ist. F\u00fcnf verschiedenen L\u00e4ngen stehen zur Ausfahl in drei Farben\",\"breadcrumb\":{\"@id\":\"https:\\\/\\\/worldofflowerpots.com\\\/sklep\\\/pflanzgefaesse-aus-beton-leocadia\\\/#breadcrumb\"},\"inLanguage\":\"de\",\"potentialAction\":[{\"@type\":\"ReadAction\",\"target\":[\"https:\\\/\\\/worldofflowerpots.com\\\/sklep\\\/pflanzgefaesse-aus-beton-leocadia\\\/\"]}]},{\"@type\":\"ImageObject\",\"inLanguage\":\"de\",\"@id\":\"https:\\\/\\\/worldofflowerpots.com\\\/sklep\\\/pflanzgefaesse-aus-beton-leocadia\\\/#primaryimage\",\"url\":\"https:\\\/\\\/worldofflowerpots.com\\\/wp-content\\\/uploads\\\/2019\\\/01\\\/pflanzgef\u00e4\u00dfe-aus-beton-Leocadia.jpg\",\"contentUrl\":\"https:\\\/\\\/worldofflowerpots.com\\\/wp-content\\\/uploads\\\/2019\\\/01\\\/pflanzgef\u00e4\u00dfe-aus-beton-Leocadia.jpg\",\"width\":2280,\"height\":1612},{\"@type\":\"BreadcrumbList\",\"@id\":\"https:\\\/\\\/worldofflowerpots.com\\\/sklep\\\/pflanzgefaesse-aus-beton-leocadia\\\/#breadcrumb\",\"itemListElement\":[{\"@type\":\"ListItem\",\"position\":1,\"name\":\"Strona g\u0142\u00f3wna\",\"item\":\"https:\\\/\\\/worldofflowerpots.com\\\/blumenkuebel-grosse-auswahl\\\/\"},{\"@type\":\"ListItem\",\"position\":2,\"name\":\"Shop\",\"item\":\"https:\\\/\\\/worldofflowerpots.com\\\/sortiment\\\/\"},{\"@type\":\"ListItem\",\"position\":3,\"name\":\"Leocadia\"}]},{\"@type\":\"WebSite\",\"@id\":\"https:\\\/\\\/worldofflowerpots.com\\\/#website\",\"url\":\"https:\\\/\\\/worldofflowerpots.com\\\/\",\"name\":\"Blumenk\u00fcbel World of Flowerpots\",\"description\":\"Pflanzk\u00fcbel beton, blumentr\u00f6ge, blumenk\u00fcbel gro\u00df, cortenstahl, fiberglas\",\"potentialAction\":[{\"@type\":\"SearchAction\",\"target\":{\"@type\":\"EntryPoint\",\"urlTemplate\":\"https:\\\/\\\/worldofflowerpots.com\\\/?s={search_term_string}\"},\"query-input\":{\"@type\":\"PropertyValueSpecification\",\"valueRequired\":true,\"valueName\":\"search_term_string\"}}],\"inLanguage\":\"de\"}]}<\/script>\n<!-- \/ Yoast SEO plugin. -->","yoast_head_json":{"title":"Pflanzgef\u00e4\u00dfe aus Beton in f\u00fcnf verschiedenen L\u00e4ngen","description":"Pflanzgef\u00e4\u00dfe aus Beton wo das Fassungsverm\u00f6gen sehr flexibel ist. F\u00fcnf verschiedenen L\u00e4ngen stehen zur Ausfahl in drei Farben","robots":{"index":"index","follow":"follow","max-snippet":"max-snippet:-1","max-image-preview":"max-image-preview:large","max-video-preview":"max-video-preview:-1"},"canonical":"https:\/\/worldofflowerpots.com\/sklep\/pflanzgefaesse-aus-beton-leocadia\/","og_locale":"de_DE","og_type":"article","og_title":"Pflanzgef\u00e4\u00dfe aus Beton in f\u00fcnf verschiedenen L\u00e4ngen","og_description":"Pflanzgef\u00e4\u00dfe aus Beton wo das Fassungsverm\u00f6gen sehr flexibel ist. F\u00fcnf verschiedenen L\u00e4ngen stehen zur Ausfahl in drei Farben","og_url":"https:\/\/worldofflowerpots.com\/sklep\/pflanzgefaesse-aus-beton-leocadia\/","og_site_name":"Blumenk\u00fcbel World of Flowerpots","article_modified_time":"2019-04-16T08:42:14+00:00","og_image":[{"width":2280,"height":1612,"url":"https:\/\/worldofflowerpots.com\/wp-content\/uploads\/2019\/01\/pflanzgef\u00e4\u00dfe-aus-beton-Leocadia.jpg","type":"image\/jpeg"}],"twitter_card":"summary_large_image","twitter_misc":{"Gesch\u00e4tzte Lesezeit":"2\u00a0Minuten"},"schema":{"@context":"https:\/\/schema.org","@graph":[{"@type":"WebPage","@id":"https:\/\/worldofflowerpots.com\/sklep\/pflanzgefaesse-aus-beton-leocadia\/","url":"https:\/\/worldofflowerpots.com\/sklep\/pflanzgefaesse-aus-beton-leocadia\/","name":"Pflanzgef\u00e4\u00dfe aus Beton in f\u00fcnf verschiedenen L\u00e4ngen","isPartOf":{"@id":"https:\/\/worldofflowerpots.com\/#website"},"primaryImageOfPage":{"@id":"https:\/\/worldofflowerpots.com\/sklep\/pflanzgefaesse-aus-beton-leocadia\/#primaryimage"},"image":{"@id":"https:\/\/worldofflowerpots.com\/sklep\/pflanzgefaesse-aus-beton-leocadia\/#primaryimage"},"thumbnailUrl":"https:\/\/worldofflowerpots.com\/wp-content\/uploads\/2019\/01\/pflanzgef\u00e4\u00dfe-aus-beton-Leocadia.jpg","datePublished":"2019-01-18T14:06:24+00:00","dateModified":"2019-04-16T08:42:14+00:00","description":"Pflanzgef\u00e4\u00dfe aus Beton wo das Fassungsverm\u00f6gen sehr flexibel ist. F\u00fcnf verschiedenen L\u00e4ngen stehen zur Ausfahl in drei Farben","breadcrumb":{"@id":"https:\/\/worldofflowerpots.com\/sklep\/pflanzgefaesse-aus-beton-leocadia\/#breadcrumb"},"inLanguage":"de","potentialAction":[{"@type":"ReadAction","target":["https:\/\/worldofflowerpots.com\/sklep\/pflanzgefaesse-aus-beton-leocadia\/"]}]},{"@type":"ImageObject","inLanguage":"de","@id":"https:\/\/worldofflowerpots.com\/sklep\/pflanzgefaesse-aus-beton-leocadia\/#primaryimage","url":"https:\/\/worldofflowerpots.com\/wp-content\/uploads\/2019\/01\/pflanzgef\u00e4\u00dfe-aus-beton-Leocadia.jpg","contentUrl":"https:\/\/worldofflowerpots.com\/wp-content\/uploads\/2019\/01\/pflanzgef\u00e4\u00dfe-aus-beton-Leocadia.jpg","width":2280,"height":1612},{"@type":"BreadcrumbList","@id":"https:\/\/worldofflowerpots.com\/sklep\/pflanzgefaesse-aus-beton-leocadia\/#breadcrumb","itemListElement":[{"@type":"ListItem","position":1,"name":"Strona g\u0142\u00f3wna","item":"https:\/\/worldofflowerpots.com\/blumenkuebel-grosse-auswahl\/"},{"@type":"ListItem","position":2,"name":"Shop","item":"https:\/\/worldofflowerpots.com\/sortiment\/"},{"@type":"ListItem","position":3,"name":"Leocadia"}]},{"@type":"WebSite","@id":"https:\/\/worldofflowerpots.com\/#website","url":"https:\/\/worldofflowerpots.com\/","name":"Blumenk\u00fcbel World of Flowerpots","description":"Pflanzk\u00fcbel beton, blumentr\u00f6ge, blumenk\u00fcbel gro\u00df, cortenstahl, fiberglas","potentialAction":[{"@type":"SearchAction","target":{"@type":"EntryPoint","urlTemplate":"https:\/\/worldofflowerpots.com\/?s={search_term_string}"},"query-input":{"@type":"PropertyValueSpecification","valueRequired":true,"valueName":"search_term_string"}}],"inLanguage":"de"}]}},"_links":{"self":[{"href":"https:\/\/worldofflowerpots.com\/de\/wp-json\/wp\/v2\/product\/59181","targetHints":{"allow":["GET"]}}],"collection":[{"href":"https:\/\/worldofflowerpots.com\/de\/wp-json\/wp\/v2\/product"}],"about":[{"href":"https:\/\/worldofflowerpots.com\/de\/wp-json\/wp\/v2\/types\/product"}],"wp:featuredmedia":[{"embeddable":true,"href":"https:\/\/worldofflowerpots.com\/de\/wp-json\/wp\/v2\/media\/59561"}],"wp:attachment":[{"href":"https:\/\/worldofflowerpots.com\/de\/wp-json\/wp\/v2\/media?parent=59181"}],"wp:term":[{"taxonomy":"product_brand","embeddable":true,"href":"https:\/\/worldofflowerpots.com\/de\/wp-json\/wp\/v2\/product_brand?post=59181"},{"taxonomy":"product_cat","embeddable":true,"href":"https:\/\/worldofflowerpots.com\/de\/wp-json\/wp\/v2\/product_cat?post=59181"},{"taxonomy":"product_tag","embeddable":true,"href":"https:\/\/worldofflowerpots.com\/de\/wp-json\/wp\/v2\/product_tag?post=59181"}],"curies":[{"name":"wp","href":"https:\/\/api.w.org\/{rel}","templated":true}]}}