{"id":50329,"date":"2019-01-07T22:27:44","date_gmt":"2019-01-07T21:27:44","guid":{"rendered":"https:\/\/worldofflowerpots.com\/?page_id=50329"},"modified":"2019-04-16T12:29:24","modified_gmt":"2019-04-16T10:29:24","slug":"ultra-beton-uhpc","status":"publish","type":"page","link":"https:\/\/worldofflowerpots.com\/pl\/ultra-beton-uhpc\/","title":{"rendered":"Ultra Beton &#8211; UHPC"},"content":{"rendered":"<p>[vc_row bg_type=&#8221;image&#8221; parallax_style=&#8221;vcpb-default&#8221; bg_image_new=&#8221;id^52282|url^https:\/\/worldofflowerpots.com\/wp-content\/uploads\/2019\/02\/material-ultrabeton.jpg|caption^null|alt^null|title^material-ultrabeton|description^null&#8221; bg_image_repeat=&#8221;no-repeat&#8221; bg_override=&#8221;ex-full&#8221; enable_overlay=&#8221;enable_overlay_value&#8221; overlay_color=&#8221;rgba(0,0,0,0.2)&#8221; css=&#8221;.vc_custom_1549362706135{padding-top: 150px !important;padding-bottom: 150px !important;}&#8221;][vc_column offset=&#8221;vc_col-lg-offset-1 vc_col-lg-10 vc_col-md-offset-1 vc_col-md-10&#8243;]<div id=\"ultimate-heading-514769f341194e58b\" class=\"uvc-heading ult-adjust-bottom-margin ultimate-heading-514769f341194e58b uvc-9089 \" data-hspacer=\"no_spacer\"  data-halign=\"center\" style=\"text-align:center\"><div class=\"uvc-heading-spacer no_spacer\" style=\"top\"><\/div><div class=\"uvc-main-heading ult-responsive\"  data-ultimate-target='.uvc-heading.ultimate-heading-514769f341194e58b h1'  data-responsive-json-new='{\"font-size\":\"desktop:34px;mobile:24px;\",\"line-height\":\"desktop:44px;mobile:34px;\"}' ><h1 style=\"font-family:&#039;Poppins&#039;;font-weight:300;color:#ffffff;margin-bottom:42px;\">Ultra beton \u2013 kreatywny beton<\/h1><\/div><div class=\"uvc-sub-heading ult-responsive\"  data-ultimate-target='.uvc-heading.ultimate-heading-514769f341194e58b .uvc-sub-heading '  data-responsive-json-new='{\"font-size\":\"desktop:16px;\",\"line-height\":\"desktop:28px;\"}'  style=\"font-family:&#039;Open Sans&#039;;font-weight:normal;font-style:normal;color:#f4f4f4;\"><\/p>\n<div class=\"hidden-mob\">W bran\u017cy budowlanej jest znany od pokole\u0144, czyli beton, powstaj\u0105cy w wyniku po\u0142\u0105czenia cementu, kruszywa, wody i domieszek, kt\u00f3re maj\u0105 nada\u0107 mu odpowiednie w\u0142a\u015bciwo\u015bci.<\/div>\n<div class=\"gap\" style=\"line-height: 10px; height: 10px;\"><\/div>\n<p><a class=\"link-inside\" href=\"https:\/\/worldofflowerpots.com\/sklep\/\">Zobacz donice<\/a><\/div><\/div>[\/vc_column][\/vc_row][vc_row css=&#8221;.vc_custom_1548698054848{border-bottom-width: 1px !important;padding-top: 40px !important;padding-bottom: 20px !important;border-bottom-color: #ededed !important;border-bottom-style: solid !important;}&#8221;][vc_column css=&#8221;.vc_custom_1548516273032{padding-bottom: 30px !important;}&#8221; offset=&#8221;vc_col-lg-offset-1 vc_col-lg-10 vc_col-md-offset-1 vc_col-md-10&#8243;]<div id=\"ultimate-heading-117769f341194e682\" class=\"uvc-heading ult-adjust-bottom-margin ultimate-heading-117769f341194e682 uvc-4921 \" data-hspacer=\"no_spacer\"  data-halign=\"center\" style=\"text-align:center\"><div class=\"uvc-heading-spacer no_spacer\" style=\"top\"><\/div><div class=\"uvc-main-heading ult-responsive\"  data-ultimate-target='.uvc-heading.ultimate-heading-117769f341194e682 h2'  data-responsive-json-new='{\"font-size\":\"desktop:28px;mobile:20px;\",\"line-height\":\"desktop:38px;mobile:30px;\"}' ><h2 style=\"font-family:&#039;Poppins&#039;;font-weight:300;margin-bottom:42px;\">Nowe lekkie tchnienie w betonie<\/h2><\/div><div class=\"uvc-sub-heading ult-responsive\"  data-ultimate-target='.uvc-heading.ultimate-heading-117769f341194e682 .uvc-sub-heading '  data-responsive-json-new='{\"font-size\":\"desktop:16px;\",\"line-height\":\"desktop:28px;\"}'  style=\"font-family:&#039;Open Sans&#039;;font-weight:300;\">Powszechny materia\u0142 budowlany charakteryzuje si\u0119 du\u017cym ci\u0119\u017carem, jednak dzi\u0119ki wykorzystaniu nowoczesnej technologii uda\u0142o si\u0119 zmodyfikowa\u0107 jego parametry i w ten spos\u00f3b\u00a0 powsta\u0142 ultra beton, czyli beton lekki.<\/p>\n<h3>Lepsza termoizolacja i odporno\u015b\u0107 na warunki atmosferyczne.<\/h3>\n<p>Ultra beton charakteryzuje si\u0119 ni\u017cszym przewodnictwem ciep\u0142a, co przek\u0142ada si\u0119 na lepsz\u0105 ochron\u0119 ro\u015blin przed utrat\u0105 ciep\u0142a w ch\u0142odne dni.niezwykle wa\u017cna jest jego odporno\u015b\u0107 na niskie i wysokie temperatury, a tak\u017ce opady. Jest odporny na korozje oraz rdzewienie.<\/p>\n<h3>Niezwyk\u0142a wytrzyma\u0142o\u015b\u0107 ultra betonu.<\/h3>\n<p>UHCP posiada wytrzyma\u0142o\u015b\u0107 150 MPa na \u015bciskanie. Jest odporny na czynniki zewn\u0119trzne takie jak UV czy niskie temperatury. Nie wytrzymuje parcia wody jaka mo\u017ce pozosta\u0107 przez niezagwarantowanie prawid\u0142owego odp\u0142ywu wody.<\/p>\n<h3>Realizacje futurystycznych projekt\u00f3w przy wykorzystaniu ultra betonu.<\/h3>\n<p>Ultra beton to beton kreatywny, pozwalaj\u0105cy na tworzenie bardzo oryginalnych kszta\u0142t\u00f3w, a wi\u0119c znalaz\u0142 on swoje zastosowanie w architekturze i aran\u017cacji wn\u0119trz. Wykonane z niego donice wyr\u00f3\u017cniaj\u0105 si\u0119 naturalnym wygl\u0105dem, jednak nawi\u0105zuj\u0105 do nowoczesno\u015bci i modernizmu przez swoj\u0105 prost\u0105 form\u0119. Dost\u0119pne s\u0105 w 3 wariantach kolorystycznych \u2013 ciemny i jasno-szary oraz g\u0142\u0119boka czer\u0144.<\/div><\/div>[\/vc_column][vc_column css=&#8221;.vc_custom_1545305019274{padding-bottom: 30px !important;}&#8221;]<div class=\"woocommerce columns-4 \"><\/div>[\/vc_column][\/vc_row]<\/p>\n","protected":false},"excerpt":{"rendered":"<p>[vc_row bg_type=&#8221;image&#8221; parallax_style=&#8221;vcpb-default&#8221; bg_image_new=&#8221;id^52282|url^https:\/\/worldofflowerpots.com\/wp-content\/uploads\/2019\/02\/material-ultrabeton.jpg|caption^null|alt^null|title^material-ultrabeton|description^null&#8221; bg_image_repeat=&#8221;no-repeat&#8221; bg_override=&#8221;ex-full&#8221; enable_overlay=&#8221;enable_overlay_value&#8221; overlay_color=&#8221;rgba(0,0,0,0.2)&#8221; css=&#8221;.vc_custom_1549362706135{padding-top: 150px !important;padding-bottom: 150px !important;}&#8221;][vc_column offset=&#8221;vc_col-lg-offset-1 vc_col-lg-10 vc_col-md-offset-1 vc_col-md-10&#8243;][\/vc_column][\/vc_row][vc_row css=&#8221;.vc_custom_1548698054848{border-bottom-width: 1px !important;padding-top: 40px !important;padding-bottom: 20px !important;border-bottom-color: #ededed !important;border-bottom-style: solid !important;}&#8221;][vc_column css=&#8221;.vc_custom_1548516273032{padding-bottom: 30px !important;}&#8221; offset=&#8221;vc_col-lg-offset-1 vc_col-lg-10 vc_col-md-offset-1 vc_col-md-10&#8243;][\/vc_column][vc_column css=&#8221;.vc_custom_1545305019274{padding-bottom: 30px !important;}&#8221;][\/vc_column][\/vc_row]<\/p>\n","protected":false},"author":1,"featured_media":0,"parent":0,"menu_order":0,"comment_status":"closed","ping_status":"closed","template":"","meta":{"_acf_changed":false},"class_list":["post-50329","page","type-page","status-publish","hentry","description-off"],"acf":[],"yoast_head":"<!-- This site is optimized with the Yoast SEO plugin v27.5 - https:\/\/yoast.com\/product\/yoast-seo-wordpress\/ -->\n<title>Ultra beton | Donice World of Flowerpots<\/title>\n<meta name=\"description\" content=\"Ultra beton to beton kreatywny, pozwalaj\u0105cy na tworzenie oryginalnych kszta\u0142t\u00f3w. Znalaz\u0142 on swoje zastosowanie w architekturze i projetach donic.\" \/>\n<meta name=\"robots\" content=\"index, follow, max-snippet:-1, max-image-preview:large, max-video-preview:-1\" \/>\n<link rel=\"canonical\" href=\"https:\/\/worldofflowerpots.com\/ultra-beton-uhpc\/\" \/>\n<meta property=\"og:locale\" content=\"pl_PL\" \/>\n<meta property=\"og:type\" content=\"article\" \/>\n<meta property=\"og:title\" content=\"Ultra beton | Donice World of Flowerpots\" \/>\n<meta property=\"og:description\" content=\"Ultra beton to beton kreatywny, pozwalaj\u0105cy na tworzenie oryginalnych kszta\u0142t\u00f3w. Znalaz\u0142 on swoje zastosowanie w architekturze i projetach donic.\" \/>\n<meta property=\"og:url\" content=\"https:\/\/worldofflowerpots.com\/ultra-beton-uhpc\/\" \/>\n<meta property=\"og:site_name\" content=\"World of Flowerpots\" \/>\n<meta property=\"article:modified_time\" content=\"2019-04-16T10:29:24+00:00\" \/>\n<meta name=\"twitter:card\" content=\"summary_large_image\" \/>\n<meta name=\"twitter:label1\" content=\"Szacowany czas czytania\" \/>\n\t<meta name=\"twitter:data1\" content=\"3 minuty\" \/>\n<script type=\"application\/ld+json\" class=\"yoast-schema-graph\">{\"@context\":\"https:\\\/\\\/schema.org\",\"@graph\":[{\"@type\":\"WebPage\",\"@id\":\"https:\\\/\\\/worldofflowerpots.com\\\/ultra-beton-uhpc\\\/\",\"url\":\"https:\\\/\\\/worldofflowerpots.com\\\/ultra-beton-uhpc\\\/\",\"name\":\"Ultra beton | Donice World of Flowerpots\",\"isPartOf\":{\"@id\":\"https:\\\/\\\/worldofflowerpots.com\\\/#website\"},\"datePublished\":\"2019-01-07T21:27:44+00:00\",\"dateModified\":\"2019-04-16T10:29:24+00:00\",\"description\":\"Ultra beton to beton kreatywny, pozwalaj\u0105cy na tworzenie oryginalnych kszta\u0142t\u00f3w. Znalaz\u0142 on swoje zastosowanie w architekturze i projetach donic.\",\"breadcrumb\":{\"@id\":\"https:\\\/\\\/worldofflowerpots.com\\\/ultra-beton-uhpc\\\/#breadcrumb\"},\"inLanguage\":\"pl-PL\",\"potentialAction\":[{\"@type\":\"ReadAction\",\"target\":[\"https:\\\/\\\/worldofflowerpots.com\\\/ultra-beton-uhpc\\\/\"]}]},{\"@type\":\"BreadcrumbList\",\"@id\":\"https:\\\/\\\/worldofflowerpots.com\\\/ultra-beton-uhpc\\\/#breadcrumb\",\"itemListElement\":[{\"@type\":\"ListItem\",\"position\":1,\"name\":\"Strona g\u0142\u00f3wna\",\"item\":\"https:\\\/\\\/worldofflowerpots.com\\\/\"},{\"@type\":\"ListItem\",\"position\":2,\"name\":\"Ultra Beton &#8211; UHPC\"}]},{\"@type\":\"WebSite\",\"@id\":\"https:\\\/\\\/worldofflowerpots.com\\\/#website\",\"url\":\"https:\\\/\\\/worldofflowerpots.com\\\/\",\"name\":\"World of Flowerpots\",\"description\":\"producent donic ozdobnych\",\"potentialAction\":[{\"@type\":\"SearchAction\",\"target\":{\"@type\":\"EntryPoint\",\"urlTemplate\":\"https:\\\/\\\/worldofflowerpots.com\\\/?s={search_term_string}\"},\"query-input\":{\"@type\":\"PropertyValueSpecification\",\"valueRequired\":true,\"valueName\":\"search_term_string\"}}],\"inLanguage\":\"pl-PL\"}]}<\/script>\n<!-- \/ Yoast SEO plugin. -->","yoast_head_json":{"title":"Ultra beton | Donice World of Flowerpots","description":"Ultra beton to beton kreatywny, pozwalaj\u0105cy na tworzenie oryginalnych kszta\u0142t\u00f3w. Znalaz\u0142 on swoje zastosowanie w architekturze i projetach donic.","robots":{"index":"index","follow":"follow","max-snippet":"max-snippet:-1","max-image-preview":"max-image-preview:large","max-video-preview":"max-video-preview:-1"},"canonical":"https:\/\/worldofflowerpots.com\/ultra-beton-uhpc\/","og_locale":"pl_PL","og_type":"article","og_title":"Ultra beton | Donice World of Flowerpots","og_description":"Ultra beton to beton kreatywny, pozwalaj\u0105cy na tworzenie oryginalnych kszta\u0142t\u00f3w. Znalaz\u0142 on swoje zastosowanie w architekturze i projetach donic.","og_url":"https:\/\/worldofflowerpots.com\/ultra-beton-uhpc\/","og_site_name":"World of Flowerpots","article_modified_time":"2019-04-16T10:29:24+00:00","twitter_card":"summary_large_image","twitter_misc":{"Szacowany czas czytania":"3 minuty"},"schema":{"@context":"https:\/\/schema.org","@graph":[{"@type":"WebPage","@id":"https:\/\/worldofflowerpots.com\/ultra-beton-uhpc\/","url":"https:\/\/worldofflowerpots.com\/ultra-beton-uhpc\/","name":"Ultra beton | Donice World of Flowerpots","isPartOf":{"@id":"https:\/\/worldofflowerpots.com\/#website"},"datePublished":"2019-01-07T21:27:44+00:00","dateModified":"2019-04-16T10:29:24+00:00","description":"Ultra beton to beton kreatywny, pozwalaj\u0105cy na tworzenie oryginalnych kszta\u0142t\u00f3w. Znalaz\u0142 on swoje zastosowanie w architekturze i projetach donic.","breadcrumb":{"@id":"https:\/\/worldofflowerpots.com\/ultra-beton-uhpc\/#breadcrumb"},"inLanguage":"pl-PL","potentialAction":[{"@type":"ReadAction","target":["https:\/\/worldofflowerpots.com\/ultra-beton-uhpc\/"]}]},{"@type":"BreadcrumbList","@id":"https:\/\/worldofflowerpots.com\/ultra-beton-uhpc\/#breadcrumb","itemListElement":[{"@type":"ListItem","position":1,"name":"Strona g\u0142\u00f3wna","item":"https:\/\/worldofflowerpots.com\/"},{"@type":"ListItem","position":2,"name":"Ultra Beton &#8211; UHPC"}]},{"@type":"WebSite","@id":"https:\/\/worldofflowerpots.com\/#website","url":"https:\/\/worldofflowerpots.com\/","name":"World of Flowerpots","description":"producent donic ozdobnych","potentialAction":[{"@type":"SearchAction","target":{"@type":"EntryPoint","urlTemplate":"https:\/\/worldofflowerpots.com\/?s={search_term_string}"},"query-input":{"@type":"PropertyValueSpecification","valueRequired":true,"valueName":"search_term_string"}}],"inLanguage":"pl-PL"}]}},"_links":{"self":[{"href":"https:\/\/worldofflowerpots.com\/pl\/wp-json\/wp\/v2\/pages\/50329","targetHints":{"allow":["GET"]}}],"collection":[{"href":"https:\/\/worldofflowerpots.com\/pl\/wp-json\/wp\/v2\/pages"}],"about":[{"href":"https:\/\/worldofflowerpots.com\/pl\/wp-json\/wp\/v2\/types\/page"}],"author":[{"embeddable":true,"href":"https:\/\/worldofflowerpots.com\/pl\/wp-json\/wp\/v2\/users\/1"}],"replies":[{"embeddable":true,"href":"https:\/\/worldofflowerpots.com\/pl\/wp-json\/wp\/v2\/comments?post=50329"}],"version-history":[{"count":7,"href":"https:\/\/worldofflowerpots.com\/pl\/wp-json\/wp\/v2\/pages\/50329\/revisions"}],"predecessor-version":[{"id":59589,"href":"https:\/\/worldofflowerpots.com\/pl\/wp-json\/wp\/v2\/pages\/50329\/revisions\/59589"}],"wp:attachment":[{"href":"https:\/\/worldofflowerpots.com\/pl\/wp-json\/wp\/v2\/media?parent=50329"}],"curies":[{"name":"wp","href":"https:\/\/api.w.org\/{rel}","templated":true}]}}