{"id":51110,"date":"2019-01-23T13:35:16","date_gmt":"2019-01-23T12:35:16","guid":{"rendered":"https:\/\/worldofflowerpots.com\/?page_id=51110"},"modified":"2019-01-23T13:39:38","modified_gmt":"2019-01-23T12:39:38","slug":"polityka-prywatnosci-2","status":"publish","type":"page","link":"https:\/\/worldofflowerpots.com\/pl\/polityka-prywatnosci-2\/","title":{"rendered":"Polityka prywatno\u015bci"},"content":{"rendered":"<p>[vc_row][vc_column][vc_column_text]<\/p>\n<h2>Polityka Prywatno\u015bci Sklepu z Donicami na Taras i do Ogrodu<\/h2>\n<p><strong>WOF Sp. z o.o. z siedzib\u0105 w K\u0119dzierzynie-Ko\u017ale (kod pocztowy 47-225)<\/strong> ul. Broniewskiego 15, wpisana do rejestru przedsi\u0119biorc\u00f3w Krajowego Rejestru S\u0105dowego prowadzonego przez S\u0105d Rejonowy Pozna\u0144 Nowe Miasto i Wilda w Poznaniu, IX Wydzia\u0142 Gospodarczy KRS pod numerem KRS 0000452062, NIP: 6172203672, REGON 302261238, o kapitale zak\u0142adowym w wysoko\u015bci 10.000,00 z\u0142, przywi\u0105zuje szczeg\u00f3ln\u0105 wag\u0119 do poszanowania prywatno\u015bci u\u017cytkownik\u00f3w odwiedzaj\u0105cych Sklep Internetowy. Zale\u017cy nam, aby ka\u017cdy u\u017cytkownik dok\u0142adnie wiedzia\u0142, jakie dane pozyskujemy i jak mo\u017ce chroni\u0107 swoj\u0105 prywatno\u015b\u0107.<\/p>\n<p>Administratorem danych jest WOF Sp. z o.o. z siedzib\u0105 w K\u0105dzierzyn-Ko\u017ale (kod pocztowy 47-225) ul.Broniewskiego 15.<\/p>\n<p>Serwis mo\u017ce zawiera\u0107 odno\u015bniki do innych stron internetowych. Nie mo\u017cemy ponosi\u0107 odpowiedzialno\u015bci za zasady zachowania prywatno\u015bci obowi\u0105zuj\u0105ce na innych stronach. Zach\u0119camy, by po przej\u015bciu na inn\u0105 stron\u0119 internetow\u0105 zapozna\u0107 si\u0119 z ich polityk\u0105 prywatno\u015bci. Poni\u017cszy tekst okre\u015bla warunki korzystania z naszego serwisu oraz jego polityk\u0119 prywatno\u015bci.<\/p>\n<p><strong>Informacje techniczne<\/strong><\/p>\n<p>Informacje techniczne \u2013 pliki cookie<\/p>\n<p>Podczas korzystania przez Ciebie ze Sklepu Internetowego na Twoim urz\u0105dzeniu ko\u0144cowym (komputerze, smartfonie, tablecie itp.) zapisywane s\u0105 niewielkie pliki (w szczeg\u00f3lno\u015bci tekstowe), zawieraj\u0105ce informacje niezb\u0119dne do prawid\u0142owego korzystania ze Sklepu Internetowego tzw. pliki cookie. Dzi\u0119ki zapisaniu tych plik\u00f3w na Twoim urz\u0105dzeniu mo\u017cliwe jest m. in. zapami\u0119tanie danych logowania, dzi\u0119ki czemu nie b\u0119dziesz musia\u0142 ka\u017cdorazowo wpisywa\u0107 loginu i has\u0142a, zapami\u0119tanie towar\u00f3w dodanych przez Ciebie do koszyka, czy dostosowanie tre\u015bci strony do Twoich zainteresowa\u0144. Dzi\u0119ki plikom cookie mo\u017cliwe jest zbieranie danych statystycznych Sklepu Internetowego, co umo\u017cliwia nam rozwijanie Sklepu zgodnie z preferencjami naszych Klient\u00f3w.<br \/>\nPliki cookie nie zawieraj\u0105 danych identyfikuj\u0105cych Ci\u0119, na ich podstawie nie mo\u017cna ustali\u0107 czyjejkolwiek to\u017csamo\u015bci. Pliki te nie s\u0105 w \u017caden spos\u00f3b szkodliwe dla Twojego urz\u0105dzenia i nie zmieniaj\u0105 jego ustawie\u0144 ani ustawie\u0144 zainstalowanego na nim oprogramowania. Odczytanie zawarto\u015bci tych plik\u00f3w mo\u017cliwe jest jedynie przez serwer, kt\u00f3ry je utworzy\u0142.<br \/>\nW trakcie korzystania przez Ciebie ze Sklepu Internetowego korzystamy z dw\u00f3ch rodzaj\u00f3w plik\u00f3w cookie: sesyjnych oraz sta\u0142ych. Pliki sesyjne to pliki tymczasowe, kt\u00f3re przechowywane s\u0105 w Twoim urz\u0105dzeniu do czasu wylogowania ze Sklepu Internetowego, opuszczenia Sklepu Internetowego lub zamkni\u0119cia przegl\u0105darki. Sta\u0142e pliki s\u0105 przechowywane w Twoim urz\u0105dzeniu przez czas okre\u015blony w parametrach tych plik\u00f3w lub do momentu ich usuni\u0119cia przez Ciebie.<\/p>\n<p>Jakie pliki cookie wykorzystujemy?<\/p>\n<p>Pliki niezb\u0119dne do dzia\u0142ania Sklepu \u2013 pliki te umo\u017cliwiaj\u0105 prawid\u0142owe dzia\u0142anie Sklepu Internetowego, logowanie do Sklepu, nawigowanie po Sklepie, dokonywanie zakup\u00f3w oraz pobieranie ze Sklepu zakupionych plik\u00f3w. Bez ich zapisania na Twoim urz\u0105dzeniu korzystanie ze Sklepu jest niemo\u017cliwe;<\/p>\n<p>Pliki zapewniaj\u0105ce bezpiecze\u0144stwo transakcji dokonywanych w obr\u0119bie Sklepu. Brak tych plik\u00f3w uniemo\u017cliwi bezpieczne dokonanie transakcji;<\/p>\n<p>Pliki statystyczne \u2013 umo\u017cliwiaj\u0105 zbieranie przez nas informacji statystycznych na temat sposobu korzystania ze Sklepu;<\/p>\n<p>Pliki funkcjonalne \u2013 pliki umo\u017cliwiaj\u0105ce zapami\u0119tanie Twoich ustawie\u0144 i preferencji. Dzi\u0119ki zapisaniu tych plik\u00f3w na Twoim urz\u0105dzeniu m. in. nie b\u0119dziesz musia\u0142 ka\u017cdorazowo wpisywa\u0107 loginu i has\u0142a, zostan\u0105 Ci wy\u015bwietlone produkty dostosowane do Twoich zainteresowa\u0144 itp.;<\/p>\n<p>Pliki reklamowe \u2013 pliki umo\u017cliwiaj\u0105ce otrzymanie spersonalizowanej reklamy. Pliki te mog\u0105 by\u0107 wykorzystywane przez Sklep lub przez wsp\u00f3\u0142pracuj\u0105ce ze Sklepem podmioty \u015bwiadcz\u0105ce us\u0142ugi reklamowe, dzi\u0119ki czemu mo\u017ce zosta\u0107 wy\u015bwietlona Ci reklama dostosowana do Twoich zainteresowa\u0144, a ilo\u015b\u0107 wy\u015bwietle\u0144 reklamy mo\u017ce by\u0107 limitowana dzi\u0119ki czemu reklamy b\u0119d\u0105 mniej uci\u0105\u017cliwe itp.<\/p>\n<p>Pliki spo\u0142eczno\u015bciowe \u2013 umo\u017cliwiaj\u0105ce integracj\u0119 serwis\u00f3w spo\u0142eczno\u015bciowych (m. in. Facebook, Google+, Pinterest), z kt\u00f3rych korzystasz, ze Sklepem.<\/p>\n<p>Co zrobi\u0107, je\u015bli nie zgadzasz si\u0119 na zapisywanie plik\u00f3w na Twoim urz\u0105dzeniu?<\/p>\n<p>Najcz\u0119\u015bciej ustawienia przegl\u0105darki domy\u015blnie dopuszczaj\u0105 zapisywanie plik\u00f3w cookie. Je\u017celi nie zgadzasz si\u0119, na zapisywanie tych plik\u00f3w na Twoim urz\u0105dzeniu, musisz odpowiednio zmieni\u0107 ustawienia swojej przegl\u0105darki internetowej. Zmiana mo\u017ce polega\u0107 na niezapisywaniu plik\u00f3w cookie na Twoim urz\u0105dzeniu, b\u0105d\u017a na ka\u017cdorazowym informowaniu Ci\u0119 o zapisaniu danego pliku na Twoim urz\u0105dzeniu. Mo\u017cesz r\u00f3wnie\u017c za ka\u017cdym razem po wizycie w Sklepie usuwa\u0107 pliki ze swojego urz\u0105dzenia. Szczeg\u00f3\u0142owe informacje o mo\u017cliwo\u015bci i sposobach obs\u0142ugi plik\u00f3w cookie dost\u0119pne s\u0105 w ustawieniach oraz w sekcji \u201ePomoc\u201d Twojej przegl\u0105darki internetowej. Pami\u0119taj jednak, \u017ce ograniczenia w stosowaniu plik\u00f3w cookie mog\u0105 utrudni\u0107 lub uniemo\u017cliwi\u0107 korzystanie ze Sklepu.<br \/>\nUstawienia przegl\u0105darki Twojego urz\u0105dzenia pozwalaj\u0105ce na zapisywanie plik\u00f3w oznaczaj\u0105, \u017ce wyra\u017casz zgod\u0119, aby pliki te zapisywane by\u0142y na Twoim urz\u0105dzeniu.<\/p>\n<p>Pozosta\u0142e informacje techniczne<\/p>\n<p>Stosujemy najnowsze technologie i specjalne procedury ochrony danych osobowych. Wykorzystujemy nowoczesne mechanizmy ochrony przekazywanych danych, w tym w szczeg\u00f3lno\u015bci po\u0142\u0105czenia szyfruj\u0105ce.<\/p>\n<p>Twoje dane osobowe s\u0105 przechowywane w bazie danych, w kt\u00f3rej zastosowano \u015brodki techniczne i organizacyjne zapewniaj\u0105ce ochron\u0119 przetwarzanych danych zgodne z wymaganiami okre\u015blonymi przez powszechnie obowi\u0105zuj\u0105ce przepisy prawa dotycz\u0105ce ochrony danych osobowych, w tym rozporz\u0105dzenie Ministra Spraw Wewn\u0119trznych i Administracji z dnia 29 kwietnia 2004 r. w sprawie dokumentacji przetwarzania danych osobowych oraz warunk\u00f3w technicznych i organizacyjnych, jakim powinny odpowiada\u0107 urz\u0105dzenia i systemy informatyczne s\u0142u\u017c\u0105ce do przetwarzania danych osobowych (Dz. U. Nr 100, poz. 1024). Dost\u0119p do bazy maj\u0105 jedynie osoby, posiadaj\u0105ce upowa\u017cnienia nadane przez administratora danych.<\/p>\n<p>Gdy kontaktujesz si\u0119 z nami za pomoc\u0105 formularza kontaktowego, telefonu, poczty e-mail, itp. przekazujesz nam swoje dane osobowe, np. imi\u0119, nazwisko, adres e-mail, itp. Dane te przetwarzane s\u0105:<\/p>\n<ul>\n<li>w zakresie niezb\u0119dnym do nawi\u0105zania, ukszta\u0142towania tre\u015bci, zmiany, rozwi\u0105zania i prawid\u0142owej realizacji us\u0142ug \u015bwiadczonych drog\u0105 elektroniczn\u0105 i realizacji sk\u0142adanych przez Ciebie zam\u00f3wie\u0144;<\/li>\n<li>w celu realizacji sk\u0142adanych przez Ciebie zam\u00f3wie\u0144 na produkty znajduj\u0105ce si\u0119 w asortymencie Sklepu Internetowego;<\/li>\n<li>w celu rozpatrywania sk\u0142adanych przez Ciebie reklamacji oraz zwrotu \u015bwiadcze\u0144 w przypadku odst\u0105pienia od umowy (zwrotu towaru);<\/li>\n<li>je\u017celi wyrazisz zgod\u0119 na otrzymywanie od nas informacji marketingowych, w tym przesy\u0142anie Ci przez nas drog\u0105 elektroniczn\u0105 informacji handlowych, Twoje dane osobowe b\u0119d\u0105 przetwarzane przez nas r\u00f3wnie\u017c w celu przekazywania Ci informacji o naszym sklepie, ofercie i promocjach, a tak\u017ce informacji dotycz\u0105cych produkt\u00f3w i us\u0142ug podmiot\u00f3w wsp\u00f3\u0142pracuj\u0105cych z nami (za nasz\u0105 wiedz\u0105 i wyra\u017anym przyzwoleniem).<\/li>\n<\/ul>\n<p>Podanie danych osobowych jest dobrowolne, jednak\u017ce brak zgody na przetwarzanie przez nas danych osobowych mo\u017ce uniemo\u017cliwi\u0107 nam \u015bwiadczenie Tobie us\u0142ug drog\u0105 elektroniczn\u0105 oraz dokonywanie przez Ciebie zakup\u00f3w w Sklepie Internetowym.<\/p>\n<p><strong>Zasady bezpiecze\u0144stwa <\/strong><\/p>\n<p>WOF Sp. z o.o zapewnia bezpiecze\u0144stwo danych osobowych dzi\u0119ki odpowiednim \u015brodkom technicznym oraz organizacyjnym, maj\u0105cym na celu zapobie\u017cenie bezprawnemu przetwarzaniu danych oraz ich przypadkowej utracie, zniszczeniu oraz uszkodzeniu. Ponadto dok\u0142adamy szczeg\u00f3lnej staranno\u015bci, \u017ceby informacje osobowe by\u0142y:<\/p>\n<ul>\n<li>poprawne i przetwarzane w spos\u00f3b zgodny z prawem,<\/li>\n<li>tylko dla okre\u015blonych cel\u00f3w i nie przetwarzane dalej w spos\u00f3b niezgodny z tymi celami,<\/li>\n<li>adekwatne, odpowiednie i nie nadmiarowe,<\/li>\n<li>dok\u0142adne i aktualne,<\/li>\n<li>nie przechowywane d\u0142u\u017cej ni\u017c to konieczne,<\/li>\n<li>przetwarzane zgodnie z prawami przys\u0142uguj\u0105cymi osobom (kt\u00f3rych dotycz\u0105), w tym zgodnie z prawem do zastrze\u017cenia udost\u0119pniania,<\/li>\n<li>bezpiecznie przechowywane,<\/li>\n<li>nie transferowane bez odpowiedniej ochrony.<\/li>\n<\/ul>\n<p>Pami\u0119taj, \u017ce Tw\u00f3j nick oraz Tw\u00f3j adres e-mail podany jako publiczny b\u0119dzie widoczny dla wszystkich os\u00f3b korzystaj\u0105cych ze Sklepu Internetowego. Je\u015bli nie chcesz udost\u0119pnia\u0107 danych osobowych nieograniczonemu kr\u0119gowi os\u00f3b, nie podawaj ich jako publicznych.<br \/>\nDla Twojego bezpiecze\u0144stwa, pami\u0119taj o:<\/p>\n<ul>\n<li>ustanowieniu loginu i has\u0142a do Twojego konta Klienta uniemo\u017cliwiaj\u0105cych w prosty spos\u00f3b odgadni\u0119cie ich przez osoby trzecie. W szczeg\u00f3lno\u015bci zalecamy stosowanie w ha\u015ble ci\u0105gu znak\u00f3w i cyfr oraz du\u017cych i ma\u0142ych liter;<\/li>\n<li>wylogowaniu si\u0119 ze strony Sklepu Internetowego po zako\u0144czonej sesji (zako\u0144czonych zakupach, dodawaniu wiadomo\u015bci na forum itp.). Samo wy\u0142\u0105czenie okna przegl\u0105darki nie jest r\u00f3wnoznaczne z wylogowaniem si\u0119 ze strony Sklepu Internetowego. Wylogowanie ze strony Sklepu Internetowego nast\u0105pi po klikni\u0119ciu przycisku \u201eWyloguj\u201d, kt\u00f3ry jest umieszczony w prawym g\u00f3rnym rogu strony;<\/li>\n<li>zachowaniu loginu i has\u0142a do konta Klienta w tajemnicy, w tym w szczeg\u00f3lno\u015bci o nieprzekazywaniu danych (loginu, has\u0142a) jakimkolwiek osobom trzecim;<\/li>\n<li>korzystaniu z program\u00f3w antywirusowych, w tym regularnym skanowaniu dysk\u00f3w w poszukiwaniu wirus\u00f3w;<\/li>\n<li>korzystaniu ze strony i Sklepu internetowego wy\u0142\u0105cznie za po\u015brednictwem zaufanych komputer\u00f3w, na kt\u00f3rych zainstalowano wy\u0142\u0105cznie sprawdzone oprogramowanie. Korzystanie z cudzych komputer\u00f3w rodzi ryzyko przechwycenia loginu, has\u0142a lub innych danych, kt\u00f3re podajesz;<\/li>\n<li>je\u015bli jednak korzystasz ze strony lub Sklepu internetowego za pomoc\u0105 obcego komputera, np. w kafejce internetowej, pami\u0119taj o tym, aby nie zapami\u0119tywa\u0107 danych na komputerze i usun\u0105\u0107 histori\u0119 przegl\u0105danych stron. Z zapami\u0119tanych danych mo\u017ce skorzysta\u0107 osoba kt\u00f3ra b\u0119dzie korzysta\u0142a z komputera po Tobie.<\/li>\n<\/ul>\n<p><strong>W jaki spos\u00f3b mo\u017cesz poinformowa\u0107 nas o zmianie danych?<\/strong><\/p>\n<p>Powierzaj\u0105c nam swoje dane osobowe masz prawo wgl\u0105du do nich, prawo \u017c\u0105dania ich aktualizacji oraz prawo \u017c\u0105dania ich usuni\u0119cia. Dane osobowe podane przez Ciebie w koncie Klienta mo\u017cesz samodzielnie edytowa\u0107 i usuwa\u0107 (zak\u0142adka \u201eTwoje konto\u201d). Mo\u017cesz r\u00f3wnie\u017c zwr\u00f3ci\u0107 si\u0119 do nas z \u017c\u0105daniem usuni\u0119cia ca\u0142ego konta Klienta poprzez wys\u0142anie stosownej pro\u015bby na adres e-mail: marketing@worldofflowerpots.com z adresu poczty elektronicznej aktualnie zarejestrowanego w Sklepie Internetowym www.worldofflowerpots.pl. Je\u015bli chcia\u0142by\u015b zrezygnowa\u0107 z otrzymywania newslettera to mo\u017cesz to zrobi\u0107 samodzielnie (zak\u0142adka \u201eTwoje konto\u201d, odno\u015bnik \u201eNewsletter\u201d), kontaktuj\u0105c si\u0119 z Centrum Wsparcia Klienta z adresu poczty elektronicznej aktualnie zarejestrowanego w Sklepie Internetowym. Informacje o sposobie rezygnacji z newslettera wskazane s\u0105 r\u00f3wnie\u017c w stopce ka\u017cdego newslettera.<\/p>\n<p><strong>Zmiany polityki prywatno\u015bci. <\/strong><\/p>\n<p>Zastrzegamy sobie prawo zmiany powy\u017cszej polityki prywatno\u015bci poprzez opublikowanie nowej polityki prywatno\u015bci na tej podstronie.<\/p>\n<p>[\/vc_column_text][\/vc_column][\/vc_row]<\/p>\n","protected":false},"excerpt":{"rendered":"<p>[vc_row][vc_column][vc_column_text] Polityka Prywatno\u015bci Sklepu z Donicami na Taras i do Ogrodu WOF Sp. z o.o. z siedzib\u0105 w K\u0119dzierzynie-Ko\u017ale (kod pocztowy 47-225) ul. Broniewskiego 15, wpisana do rejestru przedsi\u0119biorc\u00f3w Krajowego Rejestru S\u0105dowego prowadzonego przez S\u0105d Rejonowy Pozna\u0144 Nowe Miasto i Wilda w Poznaniu, IX Wydzia\u0142 Gospodarczy KRS pod numerem KRS 0000452062, NIP: 6172203672, REGON 302261238,&hellip;<\/p>\n","protected":false},"author":1,"featured_media":0,"parent":0,"menu_order":0,"comment_status":"closed","ping_status":"closed","template":"","meta":{"_acf_changed":false},"class_list":["post-51110","page","type-page","status-publish","hentry","description-off"],"acf":[],"yoast_head":"<!-- This site is optimized with the Yoast SEO plugin v27.5 - https:\/\/yoast.com\/product\/yoast-seo-wordpress\/ -->\n<title>Polityka prywatno\u015bci | World of Flowerpots - producent donic ozdobnych<\/title>\n<meta name=\"robots\" content=\"index, follow, max-snippet:-1, max-image-preview:large, max-video-preview:-1\" \/>\n<link rel=\"canonical\" href=\"https:\/\/worldofflowerpots.com\/polityka-prywatnosci-2\/\" \/>\n<meta property=\"og:locale\" content=\"pl_PL\" \/>\n<meta property=\"og:type\" content=\"article\" \/>\n<meta property=\"og:title\" content=\"Polityka prywatno\u015bci | World of Flowerpots - producent donic ozdobnych\" \/>\n<meta property=\"og:description\" content=\"[vc_row][vc_column][vc_column_text] Polityka Prywatno\u015bci Sklepu z Donicami na Taras i do Ogrodu WOF Sp. z o.o. z siedzib\u0105 w K\u0119dzierzynie-Ko\u017ale (kod pocztowy 47-225) ul. Broniewskiego 15, wpisana do rejestru przedsi\u0119biorc\u00f3w Krajowego Rejestru S\u0105dowego prowadzonego przez S\u0105d Rejonowy Pozna\u0144 Nowe Miasto i Wilda w Poznaniu, IX Wydzia\u0142 Gospodarczy KRS pod numerem KRS 0000452062, NIP: 6172203672, REGON 302261238,&hellip;\" \/>\n<meta property=\"og:url\" content=\"https:\/\/worldofflowerpots.com\/polityka-prywatnosci-2\/\" \/>\n<meta property=\"og:site_name\" content=\"World of Flowerpots\" \/>\n<meta property=\"article:modified_time\" content=\"2019-01-23T12:39:38+00:00\" \/>\n<meta name=\"twitter:card\" content=\"summary_large_image\" \/>\n<meta name=\"twitter:label1\" content=\"Szacowany czas czytania\" \/>\n\t<meta name=\"twitter:data1\" content=\"9 minut\" \/>\n<script type=\"application\/ld+json\" class=\"yoast-schema-graph\">{\"@context\":\"https:\\\/\\\/schema.org\",\"@graph\":[{\"@type\":\"WebPage\",\"@id\":\"https:\\\/\\\/worldofflowerpots.com\\\/polityka-prywatnosci-2\\\/\",\"url\":\"https:\\\/\\\/worldofflowerpots.com\\\/polityka-prywatnosci-2\\\/\",\"name\":\"Polityka prywatno\u015bci | World of Flowerpots - producent donic ozdobnych\",\"isPartOf\":{\"@id\":\"https:\\\/\\\/worldofflowerpots.com\\\/#website\"},\"datePublished\":\"2019-01-23T12:35:16+00:00\",\"dateModified\":\"2019-01-23T12:39:38+00:00\",\"breadcrumb\":{\"@id\":\"https:\\\/\\\/worldofflowerpots.com\\\/polityka-prywatnosci-2\\\/#breadcrumb\"},\"inLanguage\":\"pl-PL\",\"potentialAction\":[{\"@type\":\"ReadAction\",\"target\":[\"https:\\\/\\\/worldofflowerpots.com\\\/polityka-prywatnosci-2\\\/\"]}]},{\"@type\":\"BreadcrumbList\",\"@id\":\"https:\\\/\\\/worldofflowerpots.com\\\/polityka-prywatnosci-2\\\/#breadcrumb\",\"itemListElement\":[{\"@type\":\"ListItem\",\"position\":1,\"name\":\"Strona g\u0142\u00f3wna\",\"item\":\"https:\\\/\\\/worldofflowerpots.com\\\/\"},{\"@type\":\"ListItem\",\"position\":2,\"name\":\"Polityka prywatno\u015bci\"}]},{\"@type\":\"WebSite\",\"@id\":\"https:\\\/\\\/worldofflowerpots.com\\\/#website\",\"url\":\"https:\\\/\\\/worldofflowerpots.com\\\/\",\"name\":\"World of Flowerpots\",\"description\":\"producent donic ozdobnych\",\"potentialAction\":[{\"@type\":\"SearchAction\",\"target\":{\"@type\":\"EntryPoint\",\"urlTemplate\":\"https:\\\/\\\/worldofflowerpots.com\\\/?s={search_term_string}\"},\"query-input\":{\"@type\":\"PropertyValueSpecification\",\"valueRequired\":true,\"valueName\":\"search_term_string\"}}],\"inLanguage\":\"pl-PL\"}]}<\/script>\n<!-- \/ Yoast SEO plugin. -->","yoast_head_json":{"title":"Polityka prywatno\u015bci | World of Flowerpots - producent donic ozdobnych","robots":{"index":"index","follow":"follow","max-snippet":"max-snippet:-1","max-image-preview":"max-image-preview:large","max-video-preview":"max-video-preview:-1"},"canonical":"https:\/\/worldofflowerpots.com\/polityka-prywatnosci-2\/","og_locale":"pl_PL","og_type":"article","og_title":"Polityka prywatno\u015bci | World of Flowerpots - producent donic ozdobnych","og_description":"[vc_row][vc_column][vc_column_text] Polityka Prywatno\u015bci Sklepu z Donicami na Taras i do Ogrodu WOF Sp. z o.o. z siedzib\u0105 w K\u0119dzierzynie-Ko\u017ale (kod pocztowy 47-225) ul. Broniewskiego 15, wpisana do rejestru przedsi\u0119biorc\u00f3w Krajowego Rejestru S\u0105dowego prowadzonego przez S\u0105d Rejonowy Pozna\u0144 Nowe Miasto i Wilda w Poznaniu, IX Wydzia\u0142 Gospodarczy KRS pod numerem KRS 0000452062, NIP: 6172203672, REGON 302261238,&hellip;","og_url":"https:\/\/worldofflowerpots.com\/polityka-prywatnosci-2\/","og_site_name":"World of Flowerpots","article_modified_time":"2019-01-23T12:39:38+00:00","twitter_card":"summary_large_image","twitter_misc":{"Szacowany czas czytania":"9 minut"},"schema":{"@context":"https:\/\/schema.org","@graph":[{"@type":"WebPage","@id":"https:\/\/worldofflowerpots.com\/polityka-prywatnosci-2\/","url":"https:\/\/worldofflowerpots.com\/polityka-prywatnosci-2\/","name":"Polityka prywatno\u015bci | World of Flowerpots - producent donic ozdobnych","isPartOf":{"@id":"https:\/\/worldofflowerpots.com\/#website"},"datePublished":"2019-01-23T12:35:16+00:00","dateModified":"2019-01-23T12:39:38+00:00","breadcrumb":{"@id":"https:\/\/worldofflowerpots.com\/polityka-prywatnosci-2\/#breadcrumb"},"inLanguage":"pl-PL","potentialAction":[{"@type":"ReadAction","target":["https:\/\/worldofflowerpots.com\/polityka-prywatnosci-2\/"]}]},{"@type":"BreadcrumbList","@id":"https:\/\/worldofflowerpots.com\/polityka-prywatnosci-2\/#breadcrumb","itemListElement":[{"@type":"ListItem","position":1,"name":"Strona g\u0142\u00f3wna","item":"https:\/\/worldofflowerpots.com\/"},{"@type":"ListItem","position":2,"name":"Polityka prywatno\u015bci"}]},{"@type":"WebSite","@id":"https:\/\/worldofflowerpots.com\/#website","url":"https:\/\/worldofflowerpots.com\/","name":"World of Flowerpots","description":"producent donic ozdobnych","potentialAction":[{"@type":"SearchAction","target":{"@type":"EntryPoint","urlTemplate":"https:\/\/worldofflowerpots.com\/?s={search_term_string}"},"query-input":{"@type":"PropertyValueSpecification","valueRequired":true,"valueName":"search_term_string"}}],"inLanguage":"pl-PL"}]}},"_links":{"self":[{"href":"https:\/\/worldofflowerpots.com\/pl\/wp-json\/wp\/v2\/pages\/51110","targetHints":{"allow":["GET"]}}],"collection":[{"href":"https:\/\/worldofflowerpots.com\/pl\/wp-json\/wp\/v2\/pages"}],"about":[{"href":"https:\/\/worldofflowerpots.com\/pl\/wp-json\/wp\/v2\/types\/page"}],"author":[{"embeddable":true,"href":"https:\/\/worldofflowerpots.com\/pl\/wp-json\/wp\/v2\/users\/1"}],"replies":[{"embeddable":true,"href":"https:\/\/worldofflowerpots.com\/pl\/wp-json\/wp\/v2\/comments?post=51110"}],"version-history":[{"count":1,"href":"https:\/\/worldofflowerpots.com\/pl\/wp-json\/wp\/v2\/pages\/51110\/revisions"}],"predecessor-version":[{"id":51111,"href":"https:\/\/worldofflowerpots.com\/pl\/wp-json\/wp\/v2\/pages\/51110\/revisions\/51111"}],"wp:attachment":[{"href":"https:\/\/worldofflowerpots.com\/pl\/wp-json\/wp\/v2\/media?parent=51110"}],"curies":[{"name":"wp","href":"https:\/\/api.w.org\/{rel}","templated":true}]}}