{"id":50749,"date":"2019-01-18T15:06:21","date_gmt":"2019-01-18T14:06:21","guid":{"rendered":"https:\/\/worldofflowerpots.com\/product\/import-placeholder-for-20\/"},"modified":"2019-04-03T15:55:28","modified_gmt":"2019-04-03T13:55:28","slug":"donice-zewnetrzne-duze-z-cortenu-vaso-7","status":"publish","type":"product","link":"https:\/\/worldofflowerpots.com\/pl\/sklep\/donice-zewnetrzne-duze-z-cortenu-vaso-7\/","title":{"rendered":"Donice zewn\u0119trzne du\u017ce z cortenu Vaso 7"},"content":{"rendered":"<h2><strong>Tarasy w z\u0142ocistym odcieniu<\/strong><\/h2>\n<p>Du\u017cy taras wymaga zaaran\u017cowania z odrobin\u0105 wywa\u017conej, aczkolwiek solidnej elegancji. Idealnie nadaj\u0105 si\u0119 do tego donice zewn\u0119trzne du\u017ce z cortenu.\u00a0Jedn\u0105 z nich jest donica Vaso 7 &#8211; stabilna i mocna, cho\u0107 jednocze\u015bnie niepozbawiona smuk\u0142o\u015bci dzi\u0119ki kszta\u0142towi odwr\u00f3conego sto\u017cka. Dzi\u0119ki niej przestrze\u0144 tarasu nabierze wyrazistego charakteru. Wygl\u0105d tej niezwyk\u0142ej donicy ze stali cortenowskiej z miejsca zdecyduje o wygl\u0105dzie ka\u017cdego tarasu czy wi\u0119kszej werandy.<\/p>\n<h2><strong>Niezwyk\u0142e w\u0142a\u015bciwo\u015bci Vaso 7<\/strong><\/h2>\n<p>Wszystkie\u00a0donice zewn\u0119trzne z cortenu\u00a0mog\u0105 stanowi\u0107 inspiracj\u0119 dla otoczenia domu. Przedstawiany model najbardziej nadaje si\u0119 do miejsca, w kt\u00f3rym dom \u0142\u0105czy si\u0119 z ogrodem, czyli tarasu. W\u0105ski odwr\u00f3cony sto\u017cek z bardzo wyrazistym rantem tworzy po\u0142\u0105czenie delikatno\u015bci i konkretu. Nie wida\u0107 w nim na pierwszy rzut oka 55 kilogram\u00f3w wagi i 85 centymetr\u00f3w \u015brednicy, a dzi\u0119ki takim w\u0142a\u015bciwo\u015bciom mo\u017cna umie\u015bci\u0107 nawet na odkrytym tarasie ca\u0142oroczne ro\u015bliny zimozielone sporych rozmiar\u00f3w. Wyposa\u017cono go\u00a0w otwory odp\u0142ywowe i warstw\u0119 wy\u015bcielaj\u0105cego styropianu grubo\u015bci 2 mm, dzi\u0119ki czemu nawet najwi\u0119ksze mrozy nie powinny zaszkodzi\u0107 nasadzeniom. Ju\u017c dwie donice Vaso 7 z ozdobnymi krzewami iglastymi lub kompozycj\u0105 banzai stan\u0105 si\u0119 prawdziw\u0105 ozdob\u0105 ka\u017cdego tarasu.<\/p>\n<h2><strong>Sk\u0105d si\u0119 wzi\u0105\u0142 z\u0142ocisto-rudy odcie\u0144 stali?<\/strong><\/h2>\n<p>Donice zewn\u0119trzne du\u017ce z cortenu\u00a0swe niezwyk\u0142e w\u0142a\u015bciwo\u015bci zawdzi\u0119czaj\u0105 oryginalnemu materia\u0142owi, z kt\u00f3rego zosta\u0142y wykonane.\u00a0Stal cortenowska to zbilansowany stop z zawarto\u015bci\u0105 niklu, chromu, fosforu i zw\u0142aszcza miedzi. Zapewnia on odporno\u015b\u0107 element\u00f3w architektury i otoczenia na dzia\u0142anie czynnik\u00f3w atmosferycznych.\u00a0Efektem tego zestawienia jest\u00a0rdzawy nalot, kt\u00f3ry wbrew pozorom nie jest dowodem na korodowanie materia\u0142u, a specjaln\u0105 pow\u0142ok\u0105 antykorozyjn\u0105. Tym w\u0142a\u015bciwo\u015bciom zawdzi\u0119czamy wyj\u0105tkowy wygl\u0105d donicy Vaso 7, dopasowany zar\u00f3wno do zieleni ro\u015blin, jak i wi\u0119kszo\u015bci niebanalnych elewacji. Matowy, lekko opalizuj\u0105cy z\u0142ocistobr\u0105zowy kolor donicy pe\u0142nej kontrastuj\u0105cej ro\u015blinno\u015bci to \u015bwietny pomys\u0142, od kt\u00f3rego mo\u017cna zacz\u0105\u0107 projektowanie tarasu.<\/p>\n","protected":false},"excerpt":{"rendered":"<p>Donica Vaso 7 z blachy cortenowej o grubo\u015bci 2mm. W dnie posiada otwory odp\u0142ywowe, natomiast jej \u015bcianki ocieplone s\u0105 styropianem o grubo\u015bci 2cm. Wymiary donicy: \u015brednica: 85cm,\u00a0 wysoko\u015b\u0107: 95cm.<\/p>\n","protected":false},"featured_media":57120,"template":"","meta":{"_acf_changed":false},"product_brand":[],"product_cat":[126],"product_tag":[444,449,450],"class_list":{"0":"post-50749","1":"product","2":"type-product","3":"status-publish","4":"has-post-thumbnail","6":"product_cat-donice-ze-stali-corten","7":"product_tag-donice-ogrodowe","8":"product_tag-donice-z-cortenu","9":"product_tag-donice-z-efektem-rdzy","10":"description-off","11":"tm-has-options","13":"first","14":"instock","15":"shipping-taxable","16":"purchasable","17":"product-type-simple"},"acf":[],"yoast_head":"<!-- This site is optimized with the Yoast SEO plugin v27.5 - https:\/\/yoast.com\/product\/yoast-seo-wordpress\/ -->\n<title>Donice Zewn\u0119trzne Du\u017ce z cortenu Vaso 7 - Kszta\u0142t Walca<\/title>\n<meta name=\"description\" content=\"Donice zewn\u0119trzne du\u017ce z cortenu swe niezwyk\u0142e w\u0142a\u015bciwo\u015bci zawdzi\u0119czaj\u0105 oryginalnemu materia\u0142owi, z kt\u00f3rego zosta\u0142y wykonane.\" \/>\n<meta name=\"robots\" content=\"index, follow, max-snippet:-1, max-image-preview:large, max-video-preview:-1\" \/>\n<link rel=\"canonical\" href=\"https:\/\/worldofflowerpots.com\/sklep\/donice-zewnetrzne-duze-z-cortenu-vaso-7\/\" \/>\n<meta property=\"og:locale\" content=\"pl_PL\" \/>\n<meta property=\"og:type\" content=\"article\" \/>\n<meta property=\"og:title\" content=\"Donice Zewn\u0119trzne Du\u017ce z cortenu Vaso 7 - Kszta\u0142t Walca\" \/>\n<meta property=\"og:description\" content=\"Donice zewn\u0119trzne du\u017ce z cortenu swe niezwyk\u0142e w\u0142a\u015bciwo\u015bci zawdzi\u0119czaj\u0105 oryginalnemu materia\u0142owi, z kt\u00f3rego zosta\u0142y wykonane.\" \/>\n<meta property=\"og:url\" content=\"https:\/\/worldofflowerpots.com\/sklep\/donice-zewnetrzne-duze-z-cortenu-vaso-7\/\" \/>\n<meta property=\"og:site_name\" content=\"World of Flowerpots\" \/>\n<meta property=\"article:modified_time\" content=\"2019-04-03T13:55:28+00:00\" \/>\n<meta property=\"og:image\" content=\"https:\/\/worldofflowerpots.com\/wp-content\/uploads\/2019\/01\/Donice-zewn\u0119trzne-du\u017ce-Vaso_7.jpg\" \/>\n\t<meta property=\"og:image:width\" content=\"2280\" \/>\n\t<meta property=\"og:image:height\" content=\"1612\" \/>\n\t<meta property=\"og:image:type\" content=\"image\/jpeg\" \/>\n<meta name=\"twitter:card\" content=\"summary_large_image\" \/>\n<meta name=\"twitter:label1\" content=\"Szacowany czas czytania\" \/>\n\t<meta name=\"twitter:data1\" content=\"2 minuty\" \/>\n<script type=\"application\/ld+json\" class=\"yoast-schema-graph\">{\"@context\":\"https:\\\/\\\/schema.org\",\"@graph\":[{\"@type\":\"WebPage\",\"@id\":\"https:\\\/\\\/worldofflowerpots.com\\\/sklep\\\/donice-zewnetrzne-duze-z-cortenu-vaso-7\\\/\",\"url\":\"https:\\\/\\\/worldofflowerpots.com\\\/sklep\\\/donice-zewnetrzne-duze-z-cortenu-vaso-7\\\/\",\"name\":\"Donice Zewn\u0119trzne Du\u017ce z cortenu Vaso 7 - Kszta\u0142t Walca\",\"isPartOf\":{\"@id\":\"https:\\\/\\\/worldofflowerpots.com\\\/#website\"},\"primaryImageOfPage\":{\"@id\":\"https:\\\/\\\/worldofflowerpots.com\\\/sklep\\\/donice-zewnetrzne-duze-z-cortenu-vaso-7\\\/#primaryimage\"},\"image\":{\"@id\":\"https:\\\/\\\/worldofflowerpots.com\\\/sklep\\\/donice-zewnetrzne-duze-z-cortenu-vaso-7\\\/#primaryimage\"},\"thumbnailUrl\":\"https:\\\/\\\/worldofflowerpots.com\\\/wp-content\\\/uploads\\\/2019\\\/01\\\/Donice-zewn\u0119trzne-du\u017ce-Vaso_7.jpg\",\"datePublished\":\"2019-01-18T14:06:21+00:00\",\"dateModified\":\"2019-04-03T13:55:28+00:00\",\"description\":\"Donice zewn\u0119trzne du\u017ce z cortenu swe niezwyk\u0142e w\u0142a\u015bciwo\u015bci zawdzi\u0119czaj\u0105 oryginalnemu materia\u0142owi, z kt\u00f3rego zosta\u0142y wykonane.\",\"breadcrumb\":{\"@id\":\"https:\\\/\\\/worldofflowerpots.com\\\/sklep\\\/donice-zewnetrzne-duze-z-cortenu-vaso-7\\\/#breadcrumb\"},\"inLanguage\":\"pl-PL\",\"potentialAction\":[{\"@type\":\"ReadAction\",\"target\":[\"https:\\\/\\\/worldofflowerpots.com\\\/sklep\\\/donice-zewnetrzne-duze-z-cortenu-vaso-7\\\/\"]}]},{\"@type\":\"ImageObject\",\"inLanguage\":\"pl-PL\",\"@id\":\"https:\\\/\\\/worldofflowerpots.com\\\/sklep\\\/donice-zewnetrzne-duze-z-cortenu-vaso-7\\\/#primaryimage\",\"url\":\"https:\\\/\\\/worldofflowerpots.com\\\/wp-content\\\/uploads\\\/2019\\\/01\\\/Donice-zewn\u0119trzne-du\u017ce-Vaso_7.jpg\",\"contentUrl\":\"https:\\\/\\\/worldofflowerpots.com\\\/wp-content\\\/uploads\\\/2019\\\/01\\\/Donice-zewn\u0119trzne-du\u017ce-Vaso_7.jpg\",\"width\":2280,\"height\":1612},{\"@type\":\"BreadcrumbList\",\"@id\":\"https:\\\/\\\/worldofflowerpots.com\\\/sklep\\\/donice-zewnetrzne-duze-z-cortenu-vaso-7\\\/#breadcrumb\",\"itemListElement\":[{\"@type\":\"ListItem\",\"position\":1,\"name\":\"Strona g\u0142\u00f3wna\",\"item\":\"https:\\\/\\\/worldofflowerpots.com\\\/\"},{\"@type\":\"ListItem\",\"position\":2,\"name\":\"Sklep\",\"item\":\"https:\\\/\\\/worldofflowerpots.com\\\/sklep\\\/\"},{\"@type\":\"ListItem\",\"position\":3,\"name\":\"Donice zewn\u0119trzne du\u017ce z cortenu Vaso 7\"}]},{\"@type\":\"WebSite\",\"@id\":\"https:\\\/\\\/worldofflowerpots.com\\\/#website\",\"url\":\"https:\\\/\\\/worldofflowerpots.com\\\/\",\"name\":\"World of Flowerpots\",\"description\":\"producent donic ozdobnych\",\"potentialAction\":[{\"@type\":\"SearchAction\",\"target\":{\"@type\":\"EntryPoint\",\"urlTemplate\":\"https:\\\/\\\/worldofflowerpots.com\\\/?s={search_term_string}\"},\"query-input\":{\"@type\":\"PropertyValueSpecification\",\"valueRequired\":true,\"valueName\":\"search_term_string\"}}],\"inLanguage\":\"pl-PL\"}]}<\/script>\n<!-- \/ Yoast SEO plugin. -->","yoast_head_json":{"title":"Donice Zewn\u0119trzne Du\u017ce z cortenu Vaso 7 - Kszta\u0142t Walca","description":"Donice zewn\u0119trzne du\u017ce z cortenu swe niezwyk\u0142e w\u0142a\u015bciwo\u015bci zawdzi\u0119czaj\u0105 oryginalnemu materia\u0142owi, z kt\u00f3rego zosta\u0142y wykonane.","robots":{"index":"index","follow":"follow","max-snippet":"max-snippet:-1","max-image-preview":"max-image-preview:large","max-video-preview":"max-video-preview:-1"},"canonical":"https:\/\/worldofflowerpots.com\/sklep\/donice-zewnetrzne-duze-z-cortenu-vaso-7\/","og_locale":"pl_PL","og_type":"article","og_title":"Donice Zewn\u0119trzne Du\u017ce z cortenu Vaso 7 - Kszta\u0142t Walca","og_description":"Donice zewn\u0119trzne du\u017ce z cortenu swe niezwyk\u0142e w\u0142a\u015bciwo\u015bci zawdzi\u0119czaj\u0105 oryginalnemu materia\u0142owi, z kt\u00f3rego zosta\u0142y wykonane.","og_url":"https:\/\/worldofflowerpots.com\/sklep\/donice-zewnetrzne-duze-z-cortenu-vaso-7\/","og_site_name":"World of Flowerpots","article_modified_time":"2019-04-03T13:55:28+00:00","og_image":[{"width":2280,"height":1612,"url":"https:\/\/worldofflowerpots.com\/wp-content\/uploads\/2019\/01\/Donice-zewn\u0119trzne-du\u017ce-Vaso_7.jpg","type":"image\/jpeg"}],"twitter_card":"summary_large_image","twitter_misc":{"Szacowany czas czytania":"2 minuty"},"schema":{"@context":"https:\/\/schema.org","@graph":[{"@type":"WebPage","@id":"https:\/\/worldofflowerpots.com\/sklep\/donice-zewnetrzne-duze-z-cortenu-vaso-7\/","url":"https:\/\/worldofflowerpots.com\/sklep\/donice-zewnetrzne-duze-z-cortenu-vaso-7\/","name":"Donice Zewn\u0119trzne Du\u017ce z cortenu Vaso 7 - Kszta\u0142t Walca","isPartOf":{"@id":"https:\/\/worldofflowerpots.com\/#website"},"primaryImageOfPage":{"@id":"https:\/\/worldofflowerpots.com\/sklep\/donice-zewnetrzne-duze-z-cortenu-vaso-7\/#primaryimage"},"image":{"@id":"https:\/\/worldofflowerpots.com\/sklep\/donice-zewnetrzne-duze-z-cortenu-vaso-7\/#primaryimage"},"thumbnailUrl":"https:\/\/worldofflowerpots.com\/wp-content\/uploads\/2019\/01\/Donice-zewn\u0119trzne-du\u017ce-Vaso_7.jpg","datePublished":"2019-01-18T14:06:21+00:00","dateModified":"2019-04-03T13:55:28+00:00","description":"Donice zewn\u0119trzne du\u017ce z cortenu swe niezwyk\u0142e w\u0142a\u015bciwo\u015bci zawdzi\u0119czaj\u0105 oryginalnemu materia\u0142owi, z kt\u00f3rego zosta\u0142y wykonane.","breadcrumb":{"@id":"https:\/\/worldofflowerpots.com\/sklep\/donice-zewnetrzne-duze-z-cortenu-vaso-7\/#breadcrumb"},"inLanguage":"pl-PL","potentialAction":[{"@type":"ReadAction","target":["https:\/\/worldofflowerpots.com\/sklep\/donice-zewnetrzne-duze-z-cortenu-vaso-7\/"]}]},{"@type":"ImageObject","inLanguage":"pl-PL","@id":"https:\/\/worldofflowerpots.com\/sklep\/donice-zewnetrzne-duze-z-cortenu-vaso-7\/#primaryimage","url":"https:\/\/worldofflowerpots.com\/wp-content\/uploads\/2019\/01\/Donice-zewn\u0119trzne-du\u017ce-Vaso_7.jpg","contentUrl":"https:\/\/worldofflowerpots.com\/wp-content\/uploads\/2019\/01\/Donice-zewn\u0119trzne-du\u017ce-Vaso_7.jpg","width":2280,"height":1612},{"@type":"BreadcrumbList","@id":"https:\/\/worldofflowerpots.com\/sklep\/donice-zewnetrzne-duze-z-cortenu-vaso-7\/#breadcrumb","itemListElement":[{"@type":"ListItem","position":1,"name":"Strona g\u0142\u00f3wna","item":"https:\/\/worldofflowerpots.com\/"},{"@type":"ListItem","position":2,"name":"Sklep","item":"https:\/\/worldofflowerpots.com\/sklep\/"},{"@type":"ListItem","position":3,"name":"Donice zewn\u0119trzne du\u017ce z cortenu Vaso 7"}]},{"@type":"WebSite","@id":"https:\/\/worldofflowerpots.com\/#website","url":"https:\/\/worldofflowerpots.com\/","name":"World of Flowerpots","description":"producent donic ozdobnych","potentialAction":[{"@type":"SearchAction","target":{"@type":"EntryPoint","urlTemplate":"https:\/\/worldofflowerpots.com\/?s={search_term_string}"},"query-input":{"@type":"PropertyValueSpecification","valueRequired":true,"valueName":"search_term_string"}}],"inLanguage":"pl-PL"}]}},"_links":{"self":[{"href":"https:\/\/worldofflowerpots.com\/pl\/wp-json\/wp\/v2\/product\/50749","targetHints":{"allow":["GET"]}}],"collection":[{"href":"https:\/\/worldofflowerpots.com\/pl\/wp-json\/wp\/v2\/product"}],"about":[{"href":"https:\/\/worldofflowerpots.com\/pl\/wp-json\/wp\/v2\/types\/product"}],"wp:featuredmedia":[{"embeddable":true,"href":"https:\/\/worldofflowerpots.com\/pl\/wp-json\/wp\/v2\/media\/57120"}],"wp:attachment":[{"href":"https:\/\/worldofflowerpots.com\/pl\/wp-json\/wp\/v2\/media?parent=50749"}],"wp:term":[{"taxonomy":"product_brand","embeddable":true,"href":"https:\/\/worldofflowerpots.com\/pl\/wp-json\/wp\/v2\/product_brand?post=50749"},{"taxonomy":"product_cat","embeddable":true,"href":"https:\/\/worldofflowerpots.com\/pl\/wp-json\/wp\/v2\/product_cat?post=50749"},{"taxonomy":"product_tag","embeddable":true,"href":"https:\/\/worldofflowerpots.com\/pl\/wp-json\/wp\/v2\/product_tag?post=50749"}],"curies":[{"name":"wp","href":"https:\/\/api.w.org\/{rel}","templated":true}]}}