{"id":50750,"date":"2019-01-18T15:06:21","date_gmt":"2019-01-18T14:06:21","guid":{"rendered":"https:\/\/worldofflowerpots.com\/product\/import-placeholder-for-63\/"},"modified":"2019-04-03T15:57:26","modified_gmt":"2019-04-03T13:57:26","slug":"donica-stozkowa-z-cortenu-vaso-6","status":"publish","type":"product","link":"https:\/\/worldofflowerpots.com\/pl\/sklep\/donica-stozkowa-z-cortenu-vaso-6\/","title":{"rendered":"Donica sto\u017ckowa z cortenu Vaso 6"},"content":{"rendered":"<h2><strong>Donice ogrodowe ze stali corten<\/strong><\/h2>\n<p>Donice z cortenu mimo, i\u017c pozornie wygl\u0105daj\u0105 na wiekowe, stanowi\u0105 jeden z najpopularniejszych trend\u00f3w architektonicznych. Uwielbiaj\u0105 je nie tylko projektanci, ale r\u00f3wnie\u017c klienci, kt\u00f3rzy pragn\u0105 zachowa\u0107 naturalne pi\u0119kno ro\u015blin. Stanowi\u0105 idealn\u0105 propozycj\u0119 dla otwartych przestrzeni, w kt\u00f3rych ziele\u0144 b\u0119dzie pe\u0142ni\u0142a reprezentacyjn\u0105 funkcj\u0119.\u00a0Donica sto\u017ckowa z cortenu\u00a0jest dowodem na to, \u017ce proste kszta\u0142ty, potrafi\u0105 tworzy\u0107 niebanalne i oryginalne kompozycje. Rdzawy kolor sprawia, \u017ce nawet bez obsadzania mo\u017ce stanowi\u0107 element dekoracyjny. Kontrastuj\u0105c na tle ogrodowej zieleni, nada industrialnego charakteru. Ten produkt pokochaj\u0105 wszyscy mi\u0142o\u015bnicy modernistycznego stylu.<\/p>\n<h2><strong>Nie tylko trend, ale r\u00f3wnie\u017c ogromna funkcjonalno\u015b\u0107<\/strong><\/h2>\n<p>Stal corten charakteryzuje si\u0119 przede wszystkim wytrzyma\u0142o\u015bci\u0105, a tak\u017ce odporno\u015bci\u0105 na korozje. Stanowi tym samym gwarancj\u0119 niezniszczalno\u015bci pod wp\u0142ywem mrozu, wiatru, wilgoci, a nawet s\u0142o\u0144ca. Zmienne warunki atmosferyczne s\u0105 wr\u0119cz jej sprzymierze\u0144cem. To za ich spraw\u0105 pojemnik nabiera niepowtarzalnego charakteru. Na uwag\u0119 zas\u0142uguje fakt, i\u017c\u00a0donica sto\u017ckowa z cortenu, wymaga minimalnego nak\u0142adu pracy oraz piel\u0119gnacji. Malowanie czy konserwacja s\u0105 niepotrzebne. Dzi\u0119ki temu o zakup mog\u0105 pokusi\u0107 si\u0119 r\u00f3wnie\u017c osoby zapracowane. Wszystko to\u00a0sprawia, \u017ce\u00a0oferowany produkt, sta\u0142 si\u0119 niekwestionowanym hitem ogrodowych aran\u017cacji.<\/p>\n<h2><strong>Otw\u00f3rz si\u0119 na nowe pomys\u0142y<\/strong><\/h2>\n<p>Donica sto\u017ckowa z cortenu\u00a0to \u015bwietny wyb\u00f3r nie tylko do ogrodu czy tarasu, ale r\u00f3wnie\u017c w miejscach u\u017cyteczno\u015bci publicznej. Niebanalny pojemnik o\u017cywi oraz uatrakcyjni ka\u017cd\u0105 przestrze\u0144. Ustawiona przed budynkiem zachwyci niejednego go\u015bcia b\u0105d\u017a przechodnia. Z powodzeniem mo\u017cna u\u017cy\u0107 kilku sztuk, otaczaj\u0105c dodatkowo o\u015bwietleniem. Z jednej strony potrafi pos\u0142u\u017cy\u0107 jako t\u0142o, a drugiej sta\u0107 si\u0119 pierwszoplanow\u0105 ekspozycj\u0105. Tego typu produkt, wykorzystamy do uprawy zar\u00f3wno kwiat\u00f3w, jak te\u017c trawy oraz krzew\u00f3w. Nic tak nie ukoi nerw\u00f3w, jak widok ukwieconej, a zarazem klimatycznej przestrzeni. Jedynym ograniczeniem jest wyobra\u017ania. Niemniej jednak unikatowy design, zaspokoi nawet najbardziej wyrafinowane gusta.<\/p>\n","protected":false},"excerpt":{"rendered":"<p>Donica Vaso\u00a0 z blachy cortenowej o grubo\u015bci 2mm. W dnie posiada otwory odp\u0142ywowe, natomiast jej \u015bcianki ocieplone s\u0105 styropianem o grubo\u015bci 2cm. Wymiary donicy: \u015brednica: 85cm,\u00a0 wysoko\u015b\u0107: 95cm.<\/p>\n","protected":false},"featured_media":57130,"template":"","meta":{"_acf_changed":false},"product_brand":[],"product_cat":[126],"product_tag":[444,449,450],"class_list":{"0":"post-50750","1":"product","2":"type-product","3":"status-publish","4":"has-post-thumbnail","6":"product_cat-donice-ze-stali-corten","7":"product_tag-donice-ogrodowe","8":"product_tag-donice-z-cortenu","9":"product_tag-donice-z-efektem-rdzy","10":"description-off","11":"tm-has-options","13":"first","14":"instock","15":"shipping-taxable","16":"purchasable","17":"product-type-simple"},"acf":[],"yoast_head":"<!-- This site is optimized with the Yoast SEO plugin v27.5 - https:\/\/yoast.com\/product\/yoast-seo-wordpress\/ -->\n<title>Donica sto\u017ckowa z cortenu Vaso 6 do Du\u017cych Ro\u015blin Ogrodowych<\/title>\n<meta name=\"description\" content=\"Na uwag\u0119 zas\u0142uguje fakt, i\u017c donica sto\u017ckowa z cortenu, wymaga minimalnego nak\u0142adu pracy oraz piel\u0119gnacji. Malowanie czy konserwacja s\u0105 niepotrzebne.\" \/>\n<meta name=\"robots\" content=\"index, follow, max-snippet:-1, max-image-preview:large, max-video-preview:-1\" \/>\n<link rel=\"canonical\" href=\"https:\/\/worldofflowerpots.com\/sklep\/donica-stozkowa-z-cortenu-vaso-6\/\" \/>\n<meta property=\"og:locale\" content=\"pl_PL\" \/>\n<meta property=\"og:type\" content=\"article\" \/>\n<meta property=\"og:title\" content=\"Donica sto\u017ckowa z cortenu Vaso 6 do Du\u017cych Ro\u015blin Ogrodowych\" \/>\n<meta property=\"og:description\" content=\"Na uwag\u0119 zas\u0142uguje fakt, i\u017c donica sto\u017ckowa z cortenu, wymaga minimalnego nak\u0142adu pracy oraz piel\u0119gnacji. Malowanie czy konserwacja s\u0105 niepotrzebne.\" \/>\n<meta property=\"og:url\" content=\"https:\/\/worldofflowerpots.com\/sklep\/donica-stozkowa-z-cortenu-vaso-6\/\" \/>\n<meta property=\"og:site_name\" content=\"World of Flowerpots\" \/>\n<meta property=\"article:modified_time\" content=\"2019-04-03T13:57:26+00:00\" \/>\n<meta property=\"og:image\" content=\"https:\/\/worldofflowerpots.com\/wp-content\/uploads\/2019\/01\/Donica-sto\u017ckowa-z-cortenu-Vaso_6.jpg\" \/>\n\t<meta property=\"og:image:width\" content=\"2280\" \/>\n\t<meta property=\"og:image:height\" content=\"1612\" \/>\n\t<meta property=\"og:image:type\" content=\"image\/jpeg\" \/>\n<meta name=\"twitter:card\" content=\"summary_large_image\" \/>\n<meta name=\"twitter:label1\" content=\"Szacowany czas czytania\" \/>\n\t<meta name=\"twitter:data1\" content=\"2 minuty\" \/>\n<script type=\"application\/ld+json\" class=\"yoast-schema-graph\">{\"@context\":\"https:\\\/\\\/schema.org\",\"@graph\":[{\"@type\":\"WebPage\",\"@id\":\"https:\\\/\\\/worldofflowerpots.com\\\/sklep\\\/donica-stozkowa-z-cortenu-vaso-6\\\/\",\"url\":\"https:\\\/\\\/worldofflowerpots.com\\\/sklep\\\/donica-stozkowa-z-cortenu-vaso-6\\\/\",\"name\":\"Donica sto\u017ckowa z cortenu Vaso 6 do Du\u017cych Ro\u015blin Ogrodowych\",\"isPartOf\":{\"@id\":\"https:\\\/\\\/worldofflowerpots.com\\\/#website\"},\"primaryImageOfPage\":{\"@id\":\"https:\\\/\\\/worldofflowerpots.com\\\/sklep\\\/donica-stozkowa-z-cortenu-vaso-6\\\/#primaryimage\"},\"image\":{\"@id\":\"https:\\\/\\\/worldofflowerpots.com\\\/sklep\\\/donica-stozkowa-z-cortenu-vaso-6\\\/#primaryimage\"},\"thumbnailUrl\":\"https:\\\/\\\/worldofflowerpots.com\\\/wp-content\\\/uploads\\\/2019\\\/01\\\/Donica-sto\u017ckowa-z-cortenu-Vaso_6.jpg\",\"datePublished\":\"2019-01-18T14:06:21+00:00\",\"dateModified\":\"2019-04-03T13:57:26+00:00\",\"description\":\"Na uwag\u0119 zas\u0142uguje fakt, i\u017c donica sto\u017ckowa z cortenu, wymaga minimalnego nak\u0142adu pracy oraz piel\u0119gnacji. Malowanie czy konserwacja s\u0105 niepotrzebne.\",\"breadcrumb\":{\"@id\":\"https:\\\/\\\/worldofflowerpots.com\\\/sklep\\\/donica-stozkowa-z-cortenu-vaso-6\\\/#breadcrumb\"},\"inLanguage\":\"pl-PL\",\"potentialAction\":[{\"@type\":\"ReadAction\",\"target\":[\"https:\\\/\\\/worldofflowerpots.com\\\/sklep\\\/donica-stozkowa-z-cortenu-vaso-6\\\/\"]}]},{\"@type\":\"ImageObject\",\"inLanguage\":\"pl-PL\",\"@id\":\"https:\\\/\\\/worldofflowerpots.com\\\/sklep\\\/donica-stozkowa-z-cortenu-vaso-6\\\/#primaryimage\",\"url\":\"https:\\\/\\\/worldofflowerpots.com\\\/wp-content\\\/uploads\\\/2019\\\/01\\\/Donica-sto\u017ckowa-z-cortenu-Vaso_6.jpg\",\"contentUrl\":\"https:\\\/\\\/worldofflowerpots.com\\\/wp-content\\\/uploads\\\/2019\\\/01\\\/Donica-sto\u017ckowa-z-cortenu-Vaso_6.jpg\",\"width\":2280,\"height\":1612},{\"@type\":\"BreadcrumbList\",\"@id\":\"https:\\\/\\\/worldofflowerpots.com\\\/sklep\\\/donica-stozkowa-z-cortenu-vaso-6\\\/#breadcrumb\",\"itemListElement\":[{\"@type\":\"ListItem\",\"position\":1,\"name\":\"Strona g\u0142\u00f3wna\",\"item\":\"https:\\\/\\\/worldofflowerpots.com\\\/\"},{\"@type\":\"ListItem\",\"position\":2,\"name\":\"Sklep\",\"item\":\"https:\\\/\\\/worldofflowerpots.com\\\/sklep\\\/\"},{\"@type\":\"ListItem\",\"position\":3,\"name\":\"Donica sto\u017ckowa z cortenu Vaso 6\"}]},{\"@type\":\"WebSite\",\"@id\":\"https:\\\/\\\/worldofflowerpots.com\\\/#website\",\"url\":\"https:\\\/\\\/worldofflowerpots.com\\\/\",\"name\":\"World of Flowerpots\",\"description\":\"producent donic ozdobnych\",\"potentialAction\":[{\"@type\":\"SearchAction\",\"target\":{\"@type\":\"EntryPoint\",\"urlTemplate\":\"https:\\\/\\\/worldofflowerpots.com\\\/?s={search_term_string}\"},\"query-input\":{\"@type\":\"PropertyValueSpecification\",\"valueRequired\":true,\"valueName\":\"search_term_string\"}}],\"inLanguage\":\"pl-PL\"}]}<\/script>\n<!-- \/ Yoast SEO plugin. -->","yoast_head_json":{"title":"Donica sto\u017ckowa z cortenu Vaso 6 do Du\u017cych Ro\u015blin Ogrodowych","description":"Na uwag\u0119 zas\u0142uguje fakt, i\u017c donica sto\u017ckowa z cortenu, wymaga minimalnego nak\u0142adu pracy oraz piel\u0119gnacji. Malowanie czy konserwacja s\u0105 niepotrzebne.","robots":{"index":"index","follow":"follow","max-snippet":"max-snippet:-1","max-image-preview":"max-image-preview:large","max-video-preview":"max-video-preview:-1"},"canonical":"https:\/\/worldofflowerpots.com\/sklep\/donica-stozkowa-z-cortenu-vaso-6\/","og_locale":"pl_PL","og_type":"article","og_title":"Donica sto\u017ckowa z cortenu Vaso 6 do Du\u017cych Ro\u015blin Ogrodowych","og_description":"Na uwag\u0119 zas\u0142uguje fakt, i\u017c donica sto\u017ckowa z cortenu, wymaga minimalnego nak\u0142adu pracy oraz piel\u0119gnacji. Malowanie czy konserwacja s\u0105 niepotrzebne.","og_url":"https:\/\/worldofflowerpots.com\/sklep\/donica-stozkowa-z-cortenu-vaso-6\/","og_site_name":"World of Flowerpots","article_modified_time":"2019-04-03T13:57:26+00:00","og_image":[{"width":2280,"height":1612,"url":"https:\/\/worldofflowerpots.com\/wp-content\/uploads\/2019\/01\/Donica-sto\u017ckowa-z-cortenu-Vaso_6.jpg","type":"image\/jpeg"}],"twitter_card":"summary_large_image","twitter_misc":{"Szacowany czas czytania":"2 minuty"},"schema":{"@context":"https:\/\/schema.org","@graph":[{"@type":"WebPage","@id":"https:\/\/worldofflowerpots.com\/sklep\/donica-stozkowa-z-cortenu-vaso-6\/","url":"https:\/\/worldofflowerpots.com\/sklep\/donica-stozkowa-z-cortenu-vaso-6\/","name":"Donica sto\u017ckowa z cortenu Vaso 6 do Du\u017cych Ro\u015blin Ogrodowych","isPartOf":{"@id":"https:\/\/worldofflowerpots.com\/#website"},"primaryImageOfPage":{"@id":"https:\/\/worldofflowerpots.com\/sklep\/donica-stozkowa-z-cortenu-vaso-6\/#primaryimage"},"image":{"@id":"https:\/\/worldofflowerpots.com\/sklep\/donica-stozkowa-z-cortenu-vaso-6\/#primaryimage"},"thumbnailUrl":"https:\/\/worldofflowerpots.com\/wp-content\/uploads\/2019\/01\/Donica-sto\u017ckowa-z-cortenu-Vaso_6.jpg","datePublished":"2019-01-18T14:06:21+00:00","dateModified":"2019-04-03T13:57:26+00:00","description":"Na uwag\u0119 zas\u0142uguje fakt, i\u017c donica sto\u017ckowa z cortenu, wymaga minimalnego nak\u0142adu pracy oraz piel\u0119gnacji. Malowanie czy konserwacja s\u0105 niepotrzebne.","breadcrumb":{"@id":"https:\/\/worldofflowerpots.com\/sklep\/donica-stozkowa-z-cortenu-vaso-6\/#breadcrumb"},"inLanguage":"pl-PL","potentialAction":[{"@type":"ReadAction","target":["https:\/\/worldofflowerpots.com\/sklep\/donica-stozkowa-z-cortenu-vaso-6\/"]}]},{"@type":"ImageObject","inLanguage":"pl-PL","@id":"https:\/\/worldofflowerpots.com\/sklep\/donica-stozkowa-z-cortenu-vaso-6\/#primaryimage","url":"https:\/\/worldofflowerpots.com\/wp-content\/uploads\/2019\/01\/Donica-sto\u017ckowa-z-cortenu-Vaso_6.jpg","contentUrl":"https:\/\/worldofflowerpots.com\/wp-content\/uploads\/2019\/01\/Donica-sto\u017ckowa-z-cortenu-Vaso_6.jpg","width":2280,"height":1612},{"@type":"BreadcrumbList","@id":"https:\/\/worldofflowerpots.com\/sklep\/donica-stozkowa-z-cortenu-vaso-6\/#breadcrumb","itemListElement":[{"@type":"ListItem","position":1,"name":"Strona g\u0142\u00f3wna","item":"https:\/\/worldofflowerpots.com\/"},{"@type":"ListItem","position":2,"name":"Sklep","item":"https:\/\/worldofflowerpots.com\/sklep\/"},{"@type":"ListItem","position":3,"name":"Donica sto\u017ckowa z cortenu Vaso 6"}]},{"@type":"WebSite","@id":"https:\/\/worldofflowerpots.com\/#website","url":"https:\/\/worldofflowerpots.com\/","name":"World of Flowerpots","description":"producent donic ozdobnych","potentialAction":[{"@type":"SearchAction","target":{"@type":"EntryPoint","urlTemplate":"https:\/\/worldofflowerpots.com\/?s={search_term_string}"},"query-input":{"@type":"PropertyValueSpecification","valueRequired":true,"valueName":"search_term_string"}}],"inLanguage":"pl-PL"}]}},"_links":{"self":[{"href":"https:\/\/worldofflowerpots.com\/pl\/wp-json\/wp\/v2\/product\/50750","targetHints":{"allow":["GET"]}}],"collection":[{"href":"https:\/\/worldofflowerpots.com\/pl\/wp-json\/wp\/v2\/product"}],"about":[{"href":"https:\/\/worldofflowerpots.com\/pl\/wp-json\/wp\/v2\/types\/product"}],"wp:featuredmedia":[{"embeddable":true,"href":"https:\/\/worldofflowerpots.com\/pl\/wp-json\/wp\/v2\/media\/57130"}],"wp:attachment":[{"href":"https:\/\/worldofflowerpots.com\/pl\/wp-json\/wp\/v2\/media?parent=50750"}],"wp:term":[{"taxonomy":"product_brand","embeddable":true,"href":"https:\/\/worldofflowerpots.com\/pl\/wp-json\/wp\/v2\/product_brand?post=50750"},{"taxonomy":"product_cat","embeddable":true,"href":"https:\/\/worldofflowerpots.com\/pl\/wp-json\/wp\/v2\/product_cat?post=50750"},{"taxonomy":"product_tag","embeddable":true,"href":"https:\/\/worldofflowerpots.com\/pl\/wp-json\/wp\/v2\/product_tag?post=50750"}],"curies":[{"name":"wp","href":"https:\/\/api.w.org\/{rel}","templated":true}]}}