{"id":50751,"date":"2019-01-18T15:06:22","date_gmt":"2019-01-18T14:06:22","guid":{"rendered":"https:\/\/worldofflowerpots.com\/product\/import-placeholder-for-64\/"},"modified":"2019-04-03T15:18:04","modified_gmt":"2019-04-03T13:18:04","slug":"doniczki-ze-stali-korten-vaso-5","status":"publish","type":"product","link":"https:\/\/worldofflowerpots.com\/pl\/sklep\/doniczki-ze-stali-korten-vaso-5\/","title":{"rendered":"Doniczki ze stali korten Vaso 5"},"content":{"rendered":"<h2><strong>Zewn\u0119trzna Donica Stalowa Vaso 5<\/strong><\/h2>\n<p>Wybieraj\u0105c donic\u0119, kt\u00f3ra b\u0119dzie przeznaczona ogrod\u00f3w i innych otwartych przestrzeni warto zdecydowa\u0107 si\u0119 na donice wykonane z nowoczesnej blachy cortenowej. Jest to prawdziwy hit w \u015bwiecie architektury krajobrazu i dekorowania ogrod\u00f3w. Bardzo ciekawy jest fakt, \u017ce pocz\u0105tkowo donice s\u0105 koloru rdzawego. Z czasem barwa donicy mo\u017ce si\u0119 zmieni\u0107 i nie mo\u017cna przywidzie\u0107 jaka dok\u0142adnie b\u0119dzie ich barwa w przysz\u0142o\u015bci. Jest to zale\u017cne od \u015brodowiska w jakim si\u0119 znajduje donica. Doniczki ze stali korten charakteryzuj\u0105 si\u0119 wysok\u0105 odporno\u015bci\u0105 na wszelkie warunki pogodowe. Warstwa patyny, kt\u00f3ra z czasem powstaje na powierzchni cortenu wp\u0142ywa na zwolnienie procesu korozji. Jest to bardzo wa\u017cne, poniewa\u017c na zewn\u0105trz doniczki s\u0105 nara\u017cone na nadmiern\u0105 wilgo\u0107. Patynowy nalot mo\u017ce przypomina\u0107 rdz\u0119, jednak nie nale\u017cy myli\u0107 tych poj\u0119\u0107. Cortenowe donice nie wymagaj\u0105, \u017cadnych proces\u00f3w obr\u00f3bki, a z czasem powstaj\u0105 na nich niepowtarzalne zacieki, co nadaj\u0105 im indywidualnego charakteru.<\/p>\n<h2>Tyle donic \u2013 kt\u00f3r\u0105 wybra\u0107?<\/h2>\n<p>Z pewno\u015bci\u0105 \u015bwietnym wyborem jest donica stalowa Vaso 5. Wykonana jest ona z cortenowej blachy najwi\u0119kszej jako\u015bci o grubo\u015bci 2 milimetr\u00f3w. Ma ona okr\u0105g\u0142e dno o \u015brednicy 60 centymetr\u00f3w. Wysoko\u015b\u0107 to 78 centymetr\u00f3w. W dnie znajduj\u0105 si\u0119 odp\u0142ywowe otwory. Istotn\u0105 informacj\u0105 jest to, \u017ce dno donicy jest przyspawane do jej \u015bcian punktowo. Jej por\u0119czny kszta\u0142t \u015bwietnie wpasuje si\u0119 w ka\u017cd\u0105 przestrze\u0144. Jak najbardziej mo\u017cna ni\u0105 udekorowa\u0107 wszelkie ogrody, podjazdy, bramy wjazdowe czy patia. Unikatowy kolor i rdzawa faktura idealnie komponuje si\u0119 z zieleni\u0105 ro\u015blin i podkre\u015bla ich urod\u0119 i ociepla charakter. Z pewno\u015bci\u0105 doniczki ze stali korten b\u0119d\u0105 si\u0119 nadawa\u0142y do u\u017cytku przez d\u0142ugie lata. S\u0105 one r\u00f3wnie\u017c bardzo stabilne i nie ma obawy, \u017ce silny wiatr je przewr\u00f3c\u0105 i nara\u017c\u0105 ro\u015bliny na uszkodzenie.<\/p>\n<p>Doniczki ze stali korten to \u015bwietny wyb\u00f3r, pasuj\u0105cy do ka\u017cdej przestrzeni. Jest nie tylko wytrzyma\u0142a, ale r\u00f3wnie\u017c stylowa i efektowna. Warto jedynie pami\u0119ta\u0107, \u017ceby nie ustawia\u0107 jej w pobli\u017cu powierzchni, kt\u00f3r\u0105 trudno wyczy\u015bci\u0107, poniewa\u017c wspomniany wcze\u015bniej rdzawy nalot z patyny mo\u017ce ubrudzi\u0107 np. kostk\u0119 brukow\u0105 na, kt\u00f3rej doniczka stoi.<\/p>\n","protected":false},"excerpt":{"rendered":"<p>Donica Vaso 5 z blachy cortenowej o grubo\u015bci 2mm. W dnie posiada otwory odp\u0142ywowe, natomiast jej \u015bcianki ocieplone s\u0105 styropianem o grubo\u015bci 2cm. Wymiary donicy: \u015brednica: 80cm,\u00a0 wysoko\u015b\u0107: 78cm.<\/p>\n","protected":false},"featured_media":57019,"template":"","meta":{"_acf_changed":false},"product_brand":[],"product_cat":[126],"product_tag":[444,449,450],"class_list":{"0":"post-50751","1":"product","2":"type-product","3":"status-publish","4":"has-post-thumbnail","6":"product_cat-donice-ze-stali-corten","7":"product_tag-donice-ogrodowe","8":"product_tag-donice-z-cortenu","9":"product_tag-donice-z-efektem-rdzy","10":"description-off","11":"tm-has-options","13":"first","14":"instock","15":"shipping-taxable","16":"purchasable","17":"product-type-simple"},"acf":[],"yoast_head":"<!-- This site is optimized with the Yoast SEO plugin v27.5 - https:\/\/yoast.com\/product\/yoast-seo-wordpress\/ -->\n<title>Doniczki ze Stali Korten Vaso 5 - Ogr\u00f3d, Patio, Podjazd, Brama<\/title>\n<meta name=\"description\" content=\"Doniczki ze stali korten charakteryzuj\u0105 si\u0119 wysok\u0105 odporno\u015bci\u0105 na wszelkie warunki pogodowe. S\u0105 one bardzo stabilne, wi\u0119c silny wiatr ich nie przewr\u00f3ci.\" \/>\n<meta name=\"robots\" content=\"index, follow, max-snippet:-1, max-image-preview:large, max-video-preview:-1\" \/>\n<link rel=\"canonical\" href=\"https:\/\/worldofflowerpots.com\/sklep\/doniczki-ze-stali-korten-vaso-5\/\" \/>\n<meta property=\"og:locale\" content=\"pl_PL\" \/>\n<meta property=\"og:type\" content=\"article\" \/>\n<meta property=\"og:title\" content=\"Doniczki ze Stali Korten Vaso 5 - Ogr\u00f3d, Patio, Podjazd, Brama\" \/>\n<meta property=\"og:description\" content=\"Doniczki ze stali korten charakteryzuj\u0105 si\u0119 wysok\u0105 odporno\u015bci\u0105 na wszelkie warunki pogodowe. S\u0105 one bardzo stabilne, wi\u0119c silny wiatr ich nie przewr\u00f3ci.\" \/>\n<meta property=\"og:url\" content=\"https:\/\/worldofflowerpots.com\/sklep\/doniczki-ze-stali-korten-vaso-5\/\" \/>\n<meta property=\"og:site_name\" content=\"World of Flowerpots\" \/>\n<meta property=\"article:modified_time\" content=\"2019-04-03T13:18:04+00:00\" \/>\n<meta property=\"og:image\" content=\"https:\/\/worldofflowerpots.com\/wp-content\/uploads\/2019\/01\/Doniczki-ze-stali-korten-Vaso_5.jpg\" \/>\n\t<meta property=\"og:image:width\" content=\"2280\" \/>\n\t<meta property=\"og:image:height\" content=\"1612\" \/>\n\t<meta property=\"og:image:type\" content=\"image\/jpeg\" \/>\n<meta name=\"twitter:card\" content=\"summary_large_image\" \/>\n<meta name=\"twitter:label1\" content=\"Szacowany czas czytania\" \/>\n\t<meta name=\"twitter:data1\" content=\"2 minuty\" \/>\n<script type=\"application\/ld+json\" class=\"yoast-schema-graph\">{\"@context\":\"https:\\\/\\\/schema.org\",\"@graph\":[{\"@type\":\"WebPage\",\"@id\":\"https:\\\/\\\/worldofflowerpots.com\\\/sklep\\\/doniczki-ze-stali-korten-vaso-5\\\/\",\"url\":\"https:\\\/\\\/worldofflowerpots.com\\\/sklep\\\/doniczki-ze-stali-korten-vaso-5\\\/\",\"name\":\"Doniczki ze Stali Korten Vaso 5 - Ogr\u00f3d, Patio, Podjazd, Brama\",\"isPartOf\":{\"@id\":\"https:\\\/\\\/worldofflowerpots.com\\\/#website\"},\"primaryImageOfPage\":{\"@id\":\"https:\\\/\\\/worldofflowerpots.com\\\/sklep\\\/doniczki-ze-stali-korten-vaso-5\\\/#primaryimage\"},\"image\":{\"@id\":\"https:\\\/\\\/worldofflowerpots.com\\\/sklep\\\/doniczki-ze-stali-korten-vaso-5\\\/#primaryimage\"},\"thumbnailUrl\":\"https:\\\/\\\/worldofflowerpots.com\\\/wp-content\\\/uploads\\\/2019\\\/01\\\/Doniczki-ze-stali-korten-Vaso_5.jpg\",\"datePublished\":\"2019-01-18T14:06:22+00:00\",\"dateModified\":\"2019-04-03T13:18:04+00:00\",\"description\":\"Doniczki ze stali korten charakteryzuj\u0105 si\u0119 wysok\u0105 odporno\u015bci\u0105 na wszelkie warunki pogodowe. S\u0105 one bardzo stabilne, wi\u0119c silny wiatr ich nie przewr\u00f3ci.\",\"breadcrumb\":{\"@id\":\"https:\\\/\\\/worldofflowerpots.com\\\/sklep\\\/doniczki-ze-stali-korten-vaso-5\\\/#breadcrumb\"},\"inLanguage\":\"pl-PL\",\"potentialAction\":[{\"@type\":\"ReadAction\",\"target\":[\"https:\\\/\\\/worldofflowerpots.com\\\/sklep\\\/doniczki-ze-stali-korten-vaso-5\\\/\"]}]},{\"@type\":\"ImageObject\",\"inLanguage\":\"pl-PL\",\"@id\":\"https:\\\/\\\/worldofflowerpots.com\\\/sklep\\\/doniczki-ze-stali-korten-vaso-5\\\/#primaryimage\",\"url\":\"https:\\\/\\\/worldofflowerpots.com\\\/wp-content\\\/uploads\\\/2019\\\/01\\\/Doniczki-ze-stali-korten-Vaso_5.jpg\",\"contentUrl\":\"https:\\\/\\\/worldofflowerpots.com\\\/wp-content\\\/uploads\\\/2019\\\/01\\\/Doniczki-ze-stali-korten-Vaso_5.jpg\",\"width\":2280,\"height\":1612},{\"@type\":\"BreadcrumbList\",\"@id\":\"https:\\\/\\\/worldofflowerpots.com\\\/sklep\\\/doniczki-ze-stali-korten-vaso-5\\\/#breadcrumb\",\"itemListElement\":[{\"@type\":\"ListItem\",\"position\":1,\"name\":\"Strona g\u0142\u00f3wna\",\"item\":\"https:\\\/\\\/worldofflowerpots.com\\\/\"},{\"@type\":\"ListItem\",\"position\":2,\"name\":\"Sklep\",\"item\":\"https:\\\/\\\/worldofflowerpots.com\\\/sklep\\\/\"},{\"@type\":\"ListItem\",\"position\":3,\"name\":\"Doniczki ze stali korten Vaso 5\"}]},{\"@type\":\"WebSite\",\"@id\":\"https:\\\/\\\/worldofflowerpots.com\\\/#website\",\"url\":\"https:\\\/\\\/worldofflowerpots.com\\\/\",\"name\":\"World of Flowerpots\",\"description\":\"producent donic ozdobnych\",\"potentialAction\":[{\"@type\":\"SearchAction\",\"target\":{\"@type\":\"EntryPoint\",\"urlTemplate\":\"https:\\\/\\\/worldofflowerpots.com\\\/?s={search_term_string}\"},\"query-input\":{\"@type\":\"PropertyValueSpecification\",\"valueRequired\":true,\"valueName\":\"search_term_string\"}}],\"inLanguage\":\"pl-PL\"}]}<\/script>\n<!-- \/ Yoast SEO plugin. -->","yoast_head_json":{"title":"Doniczki ze Stali Korten Vaso 5 - Ogr\u00f3d, Patio, Podjazd, Brama","description":"Doniczki ze stali korten charakteryzuj\u0105 si\u0119 wysok\u0105 odporno\u015bci\u0105 na wszelkie warunki pogodowe. S\u0105 one bardzo stabilne, wi\u0119c silny wiatr ich nie przewr\u00f3ci.","robots":{"index":"index","follow":"follow","max-snippet":"max-snippet:-1","max-image-preview":"max-image-preview:large","max-video-preview":"max-video-preview:-1"},"canonical":"https:\/\/worldofflowerpots.com\/sklep\/doniczki-ze-stali-korten-vaso-5\/","og_locale":"pl_PL","og_type":"article","og_title":"Doniczki ze Stali Korten Vaso 5 - Ogr\u00f3d, Patio, Podjazd, Brama","og_description":"Doniczki ze stali korten charakteryzuj\u0105 si\u0119 wysok\u0105 odporno\u015bci\u0105 na wszelkie warunki pogodowe. S\u0105 one bardzo stabilne, wi\u0119c silny wiatr ich nie przewr\u00f3ci.","og_url":"https:\/\/worldofflowerpots.com\/sklep\/doniczki-ze-stali-korten-vaso-5\/","og_site_name":"World of Flowerpots","article_modified_time":"2019-04-03T13:18:04+00:00","og_image":[{"width":2280,"height":1612,"url":"https:\/\/worldofflowerpots.com\/wp-content\/uploads\/2019\/01\/Doniczki-ze-stali-korten-Vaso_5.jpg","type":"image\/jpeg"}],"twitter_card":"summary_large_image","twitter_misc":{"Szacowany czas czytania":"2 minuty"},"schema":{"@context":"https:\/\/schema.org","@graph":[{"@type":"WebPage","@id":"https:\/\/worldofflowerpots.com\/sklep\/doniczki-ze-stali-korten-vaso-5\/","url":"https:\/\/worldofflowerpots.com\/sklep\/doniczki-ze-stali-korten-vaso-5\/","name":"Doniczki ze Stali Korten Vaso 5 - Ogr\u00f3d, Patio, Podjazd, Brama","isPartOf":{"@id":"https:\/\/worldofflowerpots.com\/#website"},"primaryImageOfPage":{"@id":"https:\/\/worldofflowerpots.com\/sklep\/doniczki-ze-stali-korten-vaso-5\/#primaryimage"},"image":{"@id":"https:\/\/worldofflowerpots.com\/sklep\/doniczki-ze-stali-korten-vaso-5\/#primaryimage"},"thumbnailUrl":"https:\/\/worldofflowerpots.com\/wp-content\/uploads\/2019\/01\/Doniczki-ze-stali-korten-Vaso_5.jpg","datePublished":"2019-01-18T14:06:22+00:00","dateModified":"2019-04-03T13:18:04+00:00","description":"Doniczki ze stali korten charakteryzuj\u0105 si\u0119 wysok\u0105 odporno\u015bci\u0105 na wszelkie warunki pogodowe. S\u0105 one bardzo stabilne, wi\u0119c silny wiatr ich nie przewr\u00f3ci.","breadcrumb":{"@id":"https:\/\/worldofflowerpots.com\/sklep\/doniczki-ze-stali-korten-vaso-5\/#breadcrumb"},"inLanguage":"pl-PL","potentialAction":[{"@type":"ReadAction","target":["https:\/\/worldofflowerpots.com\/sklep\/doniczki-ze-stali-korten-vaso-5\/"]}]},{"@type":"ImageObject","inLanguage":"pl-PL","@id":"https:\/\/worldofflowerpots.com\/sklep\/doniczki-ze-stali-korten-vaso-5\/#primaryimage","url":"https:\/\/worldofflowerpots.com\/wp-content\/uploads\/2019\/01\/Doniczki-ze-stali-korten-Vaso_5.jpg","contentUrl":"https:\/\/worldofflowerpots.com\/wp-content\/uploads\/2019\/01\/Doniczki-ze-stali-korten-Vaso_5.jpg","width":2280,"height":1612},{"@type":"BreadcrumbList","@id":"https:\/\/worldofflowerpots.com\/sklep\/doniczki-ze-stali-korten-vaso-5\/#breadcrumb","itemListElement":[{"@type":"ListItem","position":1,"name":"Strona g\u0142\u00f3wna","item":"https:\/\/worldofflowerpots.com\/"},{"@type":"ListItem","position":2,"name":"Sklep","item":"https:\/\/worldofflowerpots.com\/sklep\/"},{"@type":"ListItem","position":3,"name":"Doniczki ze stali korten Vaso 5"}]},{"@type":"WebSite","@id":"https:\/\/worldofflowerpots.com\/#website","url":"https:\/\/worldofflowerpots.com\/","name":"World of Flowerpots","description":"producent donic ozdobnych","potentialAction":[{"@type":"SearchAction","target":{"@type":"EntryPoint","urlTemplate":"https:\/\/worldofflowerpots.com\/?s={search_term_string}"},"query-input":{"@type":"PropertyValueSpecification","valueRequired":true,"valueName":"search_term_string"}}],"inLanguage":"pl-PL"}]}},"_links":{"self":[{"href":"https:\/\/worldofflowerpots.com\/pl\/wp-json\/wp\/v2\/product\/50751","targetHints":{"allow":["GET"]}}],"collection":[{"href":"https:\/\/worldofflowerpots.com\/pl\/wp-json\/wp\/v2\/product"}],"about":[{"href":"https:\/\/worldofflowerpots.com\/pl\/wp-json\/wp\/v2\/types\/product"}],"wp:featuredmedia":[{"embeddable":true,"href":"https:\/\/worldofflowerpots.com\/pl\/wp-json\/wp\/v2\/media\/57019"}],"wp:attachment":[{"href":"https:\/\/worldofflowerpots.com\/pl\/wp-json\/wp\/v2\/media?parent=50751"}],"wp:term":[{"taxonomy":"product_brand","embeddable":true,"href":"https:\/\/worldofflowerpots.com\/pl\/wp-json\/wp\/v2\/product_brand?post=50751"},{"taxonomy":"product_cat","embeddable":true,"href":"https:\/\/worldofflowerpots.com\/pl\/wp-json\/wp\/v2\/product_cat?post=50751"},{"taxonomy":"product_tag","embeddable":true,"href":"https:\/\/worldofflowerpots.com\/pl\/wp-json\/wp\/v2\/product_tag?post=50751"}],"curies":[{"name":"wp","href":"https:\/\/api.w.org\/{rel}","templated":true}]}}