{"id":50752,"date":"2019-01-18T15:06:22","date_gmt":"2019-01-18T14:06:22","guid":{"rendered":"https:\/\/worldofflowerpots.com\/product\/import-placeholder-for-65\/"},"modified":"2019-04-03T15:29:50","modified_gmt":"2019-04-03T13:29:50","slug":"donice-stalowe-vaso-4","status":"publish","type":"product","link":"https:\/\/worldofflowerpots.com\/pl\/sklep\/donice-stalowe-vaso-4\/","title":{"rendered":"Donice stalowe Vaso 4"},"content":{"rendered":"<h2><strong>Sto\u017ckowa donica z cortenu<\/strong><\/h2>\n<p>Wsp\u00f3\u0142czesne aran\u017cacje wn\u0119trz i ogrod\u00f3w pe\u0142ne s\u0105 ciekawych krzew\u00f3w i drzewek. Palma jest dzi\u015b najcz\u0119\u015bciej wybieran\u0105 ozdob\u0105 ro\u015blinn\u0105 do salonu. Niemniej wa\u017cnym elementem ozdobnym sta\u0142y si\u0119 donice, kt\u00f3rych wyb\u00f3r mo\u017ce przyprawi\u0107 o zawr\u00f3t g\u0142owy. Posiadacze ogrod\u00f3w, wiedz\u0105 jak wa\u017cne w naszym klimacie jest wybieranie odpowiednich donic. Musz\u0105 si\u0119 one r\u00f3wnie \u0142adnie prezentowa\u0107 na zewn\u0105trz jak i w ogrodzie zimowym.<\/p>\n<p>Jesie\u0144 i zima to czas, w kt\u00f3rym cz\u0119sto przenosimy ro\u015bliny doniczkowe z ogrodu do domu. Dlatego dobrze jest zadba\u0107 zawczasu o wyb\u00f3r odpowiedniej donicy, kt\u00f3ra b\u0119dzie pasowa\u0142a tak\u017ce w zamkni\u0119tym ogrodzie lub patio.<\/p>\n<h2><strong>Najlepszy wyb\u00f3r<\/strong><\/h2>\n<p>Sto\u017ckowa donica z cortenu\u00a0mo\u017ce by\u0107 strza\u0142em w dziesi\u0105tk\u0119. Wykonana z blachy cortenowej o grubo\u015bci 2 mm donica o rdzawym kolorze, \u015bwietnie sprawdzi si\u0119 zar\u00f3wno w ogrodzie, jak i we wn\u0119trzu. Rdzawo \u2013 rudawy kolor nadaje otoczeniu klimat \u0142\u0105cz\u0105cy tradycj\u0119 z nowoczesno\u015bci\u0105. Odcie\u0144 starodawnej patyny czyni wn\u0119trze eleganckim i dostojnym, natomiast u\u017cyta do produkcji stal akcentuje nowoczesny charakter.<\/p>\n<p>Wykonanie donicy z hartowanej stali typu corten powoduje, \u017ce jest bardzo wytrzyma\u0142a nawet na trudne warunki atmosferyczne (\u015bnieg, deszcz, wiatr). \u00a0To wa\u017cne, gdy\u017c nie brakuje ich w naszej szeroko\u015bci geograficznej. Ponadto wewn\u0119trzne \u015bcianki\u00a0sto\u017ckowej donicy z cortenu\u00a0ocieplone s\u0105 warstw\u0105 styropianu, dzi\u0119ki czemu korzenie ro\u015bliny nie s\u0105 nara\u017cone na przemro\u017cenia. Solidne wykonanie donicy oraz system izolacyjno-odp\u0142ywowy sprawdzi si\u0119 r\u00f3wnie\u017c w przypadku wi\u0119kszych ro\u015blin.<\/p>\n<h2><strong>Doskona\u0142e zim\u0105 i latem<\/strong><\/h2>\n<p>Kolorystyka wynikaj\u0105ca z po\u0142\u0105czenia czerwieni i br\u0105zu sprawia, \u017ce\u00a0donica z cortenu\u00a0doskonale wkomponowuje si\u0119 w ogr\u00f3d ka\u017cd\u0105 por\u0105 roku. Rdzawe barwy donicy w zestawieniu z soczyst\u0105 zieleni\u0105 wprowadz\u0105 do ogrodu ciep\u0142y, po\u0142udniowy klimat. Z kolei zim\u0105, sto\u017ckowy kszta\u0142t donicy i jej barwy \u015bwietnie zaprezentuj\u0105 si\u0119 z iglakami. Wysoka jako\u015b\u0107 i wytrzyma\u0142o\u015b\u0107 materia\u0142u, z kt\u00f3rego wykonana jest donica, pozwalaj\u0105 bez obaw trzyma\u0107 j\u0105 r\u00f3wnie\u017c na \u015bniegu. Ten rodzaj donicy r\u00f3wnie dobrze sprawdzi si\u0119 jako element ozdobny przed domem, w ogrodzie oraz na tarasie.<\/p>\n","protected":false},"excerpt":{"rendered":"<p>Donica Vaso 4 z blachy cortenowej o grubo\u015bci 2mm. W dnie posiada otwory odp\u0142ywowe, natomiast jej \u015bcianki ocieplone s\u0105 styropianem o grubo\u015bci 2cm. Wymiary donicy: \u015brednica: 60cm,\u00a0 wysoko\u015b\u0107: 60cm.<\/p>\n","protected":false},"featured_media":57029,"template":"","meta":{"_acf_changed":false},"product_brand":[],"product_cat":[126],"product_tag":[444,449,450],"class_list":{"0":"post-50752","1":"product","2":"type-product","3":"status-publish","4":"has-post-thumbnail","6":"product_cat-donice-ze-stali-corten","7":"product_tag-donice-ogrodowe","8":"product_tag-donice-z-cortenu","9":"product_tag-donice-z-efektem-rdzy","10":"description-off","11":"tm-has-options","13":"first","14":"instock","15":"shipping-taxable","16":"purchasable","17":"product-type-simple"},"acf":[],"yoast_head":"<!-- This site is optimized with the Yoast SEO plugin v27.5 - https:\/\/yoast.com\/product\/yoast-seo-wordpress\/ -->\n<title>Sto\u017ckowa donica z cortenu Vaso 4 - Biuro, Patio, Taras<\/title>\n<meta name=\"description\" content=\"Sto\u017ckowa donica z cortenu ma wewn\u0119trzne \u015bcianki ocieplone 2 cm warstw\u0105 styropianu, dzi\u0119ki czemu korzenie ro\u015bliny nie s\u0105 nara\u017cone na przemro\u017cenia.\" \/>\n<meta name=\"robots\" content=\"index, follow, max-snippet:-1, max-image-preview:large, max-video-preview:-1\" \/>\n<link rel=\"canonical\" href=\"https:\/\/worldofflowerpots.com\/sklep\/donice-stalowe-vaso-4\/\" \/>\n<meta property=\"og:locale\" content=\"pl_PL\" \/>\n<meta property=\"og:type\" content=\"article\" \/>\n<meta property=\"og:title\" content=\"Sto\u017ckowa donica z cortenu Vaso 4 - Biuro, Patio, Taras\" \/>\n<meta property=\"og:description\" content=\"Sto\u017ckowa donica z cortenu ma wewn\u0119trzne \u015bcianki ocieplone 2 cm warstw\u0105 styropianu, dzi\u0119ki czemu korzenie ro\u015bliny nie s\u0105 nara\u017cone na przemro\u017cenia.\" \/>\n<meta property=\"og:url\" content=\"https:\/\/worldofflowerpots.com\/sklep\/donice-stalowe-vaso-4\/\" \/>\n<meta property=\"og:site_name\" content=\"World of Flowerpots\" \/>\n<meta property=\"article:modified_time\" content=\"2019-04-03T13:29:50+00:00\" \/>\n<meta property=\"og:image\" content=\"https:\/\/worldofflowerpots.com\/wp-content\/uploads\/2019\/01\/Sto\u017ckowa-donica-z-cortenu-Vaso_4.jpg\" \/>\n\t<meta property=\"og:image:width\" content=\"2280\" \/>\n\t<meta property=\"og:image:height\" content=\"1612\" \/>\n\t<meta property=\"og:image:type\" content=\"image\/jpeg\" \/>\n<meta name=\"twitter:card\" content=\"summary_large_image\" \/>\n<meta name=\"twitter:label1\" content=\"Szacowany czas czytania\" \/>\n\t<meta name=\"twitter:data1\" content=\"2 minuty\" \/>\n<script type=\"application\/ld+json\" class=\"yoast-schema-graph\">{\"@context\":\"https:\\\/\\\/schema.org\",\"@graph\":[{\"@type\":\"WebPage\",\"@id\":\"https:\\\/\\\/worldofflowerpots.com\\\/sklep\\\/donice-stalowe-vaso-4\\\/\",\"url\":\"https:\\\/\\\/worldofflowerpots.com\\\/sklep\\\/donice-stalowe-vaso-4\\\/\",\"name\":\"Sto\u017ckowa donica z cortenu Vaso 4 - Biuro, Patio, Taras\",\"isPartOf\":{\"@id\":\"https:\\\/\\\/worldofflowerpots.com\\\/#website\"},\"primaryImageOfPage\":{\"@id\":\"https:\\\/\\\/worldofflowerpots.com\\\/sklep\\\/donice-stalowe-vaso-4\\\/#primaryimage\"},\"image\":{\"@id\":\"https:\\\/\\\/worldofflowerpots.com\\\/sklep\\\/donice-stalowe-vaso-4\\\/#primaryimage\"},\"thumbnailUrl\":\"https:\\\/\\\/worldofflowerpots.com\\\/wp-content\\\/uploads\\\/2019\\\/01\\\/Sto\u017ckowa-donica-z-cortenu-Vaso_4.jpg\",\"datePublished\":\"2019-01-18T14:06:22+00:00\",\"dateModified\":\"2019-04-03T13:29:50+00:00\",\"description\":\"Sto\u017ckowa donica z cortenu ma wewn\u0119trzne \u015bcianki ocieplone 2 cm warstw\u0105 styropianu, dzi\u0119ki czemu korzenie ro\u015bliny nie s\u0105 nara\u017cone na przemro\u017cenia.\",\"breadcrumb\":{\"@id\":\"https:\\\/\\\/worldofflowerpots.com\\\/sklep\\\/donice-stalowe-vaso-4\\\/#breadcrumb\"},\"inLanguage\":\"pl-PL\",\"potentialAction\":[{\"@type\":\"ReadAction\",\"target\":[\"https:\\\/\\\/worldofflowerpots.com\\\/sklep\\\/donice-stalowe-vaso-4\\\/\"]}]},{\"@type\":\"ImageObject\",\"inLanguage\":\"pl-PL\",\"@id\":\"https:\\\/\\\/worldofflowerpots.com\\\/sklep\\\/donice-stalowe-vaso-4\\\/#primaryimage\",\"url\":\"https:\\\/\\\/worldofflowerpots.com\\\/wp-content\\\/uploads\\\/2019\\\/01\\\/Sto\u017ckowa-donica-z-cortenu-Vaso_4.jpg\",\"contentUrl\":\"https:\\\/\\\/worldofflowerpots.com\\\/wp-content\\\/uploads\\\/2019\\\/01\\\/Sto\u017ckowa-donica-z-cortenu-Vaso_4.jpg\",\"width\":2280,\"height\":1612},{\"@type\":\"BreadcrumbList\",\"@id\":\"https:\\\/\\\/worldofflowerpots.com\\\/sklep\\\/donice-stalowe-vaso-4\\\/#breadcrumb\",\"itemListElement\":[{\"@type\":\"ListItem\",\"position\":1,\"name\":\"Strona g\u0142\u00f3wna\",\"item\":\"https:\\\/\\\/worldofflowerpots.com\\\/\"},{\"@type\":\"ListItem\",\"position\":2,\"name\":\"Sklep\",\"item\":\"https:\\\/\\\/worldofflowerpots.com\\\/sklep\\\/\"},{\"@type\":\"ListItem\",\"position\":3,\"name\":\"Donice stalowe Vaso 4\"}]},{\"@type\":\"WebSite\",\"@id\":\"https:\\\/\\\/worldofflowerpots.com\\\/#website\",\"url\":\"https:\\\/\\\/worldofflowerpots.com\\\/\",\"name\":\"World of Flowerpots\",\"description\":\"producent donic ozdobnych\",\"potentialAction\":[{\"@type\":\"SearchAction\",\"target\":{\"@type\":\"EntryPoint\",\"urlTemplate\":\"https:\\\/\\\/worldofflowerpots.com\\\/?s={search_term_string}\"},\"query-input\":{\"@type\":\"PropertyValueSpecification\",\"valueRequired\":true,\"valueName\":\"search_term_string\"}}],\"inLanguage\":\"pl-PL\"}]}<\/script>\n<!-- \/ Yoast SEO plugin. -->","yoast_head_json":{"title":"Sto\u017ckowa donica z cortenu Vaso 4 - Biuro, Patio, Taras","description":"Sto\u017ckowa donica z cortenu ma wewn\u0119trzne \u015bcianki ocieplone 2 cm warstw\u0105 styropianu, dzi\u0119ki czemu korzenie ro\u015bliny nie s\u0105 nara\u017cone na przemro\u017cenia.","robots":{"index":"index","follow":"follow","max-snippet":"max-snippet:-1","max-image-preview":"max-image-preview:large","max-video-preview":"max-video-preview:-1"},"canonical":"https:\/\/worldofflowerpots.com\/sklep\/donice-stalowe-vaso-4\/","og_locale":"pl_PL","og_type":"article","og_title":"Sto\u017ckowa donica z cortenu Vaso 4 - Biuro, Patio, Taras","og_description":"Sto\u017ckowa donica z cortenu ma wewn\u0119trzne \u015bcianki ocieplone 2 cm warstw\u0105 styropianu, dzi\u0119ki czemu korzenie ro\u015bliny nie s\u0105 nara\u017cone na przemro\u017cenia.","og_url":"https:\/\/worldofflowerpots.com\/sklep\/donice-stalowe-vaso-4\/","og_site_name":"World of Flowerpots","article_modified_time":"2019-04-03T13:29:50+00:00","og_image":[{"width":2280,"height":1612,"url":"https:\/\/worldofflowerpots.com\/wp-content\/uploads\/2019\/01\/Sto\u017ckowa-donica-z-cortenu-Vaso_4.jpg","type":"image\/jpeg"}],"twitter_card":"summary_large_image","twitter_misc":{"Szacowany czas czytania":"2 minuty"},"schema":{"@context":"https:\/\/schema.org","@graph":[{"@type":"WebPage","@id":"https:\/\/worldofflowerpots.com\/sklep\/donice-stalowe-vaso-4\/","url":"https:\/\/worldofflowerpots.com\/sklep\/donice-stalowe-vaso-4\/","name":"Sto\u017ckowa donica z cortenu Vaso 4 - Biuro, Patio, Taras","isPartOf":{"@id":"https:\/\/worldofflowerpots.com\/#website"},"primaryImageOfPage":{"@id":"https:\/\/worldofflowerpots.com\/sklep\/donice-stalowe-vaso-4\/#primaryimage"},"image":{"@id":"https:\/\/worldofflowerpots.com\/sklep\/donice-stalowe-vaso-4\/#primaryimage"},"thumbnailUrl":"https:\/\/worldofflowerpots.com\/wp-content\/uploads\/2019\/01\/Sto\u017ckowa-donica-z-cortenu-Vaso_4.jpg","datePublished":"2019-01-18T14:06:22+00:00","dateModified":"2019-04-03T13:29:50+00:00","description":"Sto\u017ckowa donica z cortenu ma wewn\u0119trzne \u015bcianki ocieplone 2 cm warstw\u0105 styropianu, dzi\u0119ki czemu korzenie ro\u015bliny nie s\u0105 nara\u017cone na przemro\u017cenia.","breadcrumb":{"@id":"https:\/\/worldofflowerpots.com\/sklep\/donice-stalowe-vaso-4\/#breadcrumb"},"inLanguage":"pl-PL","potentialAction":[{"@type":"ReadAction","target":["https:\/\/worldofflowerpots.com\/sklep\/donice-stalowe-vaso-4\/"]}]},{"@type":"ImageObject","inLanguage":"pl-PL","@id":"https:\/\/worldofflowerpots.com\/sklep\/donice-stalowe-vaso-4\/#primaryimage","url":"https:\/\/worldofflowerpots.com\/wp-content\/uploads\/2019\/01\/Sto\u017ckowa-donica-z-cortenu-Vaso_4.jpg","contentUrl":"https:\/\/worldofflowerpots.com\/wp-content\/uploads\/2019\/01\/Sto\u017ckowa-donica-z-cortenu-Vaso_4.jpg","width":2280,"height":1612},{"@type":"BreadcrumbList","@id":"https:\/\/worldofflowerpots.com\/sklep\/donice-stalowe-vaso-4\/#breadcrumb","itemListElement":[{"@type":"ListItem","position":1,"name":"Strona g\u0142\u00f3wna","item":"https:\/\/worldofflowerpots.com\/"},{"@type":"ListItem","position":2,"name":"Sklep","item":"https:\/\/worldofflowerpots.com\/sklep\/"},{"@type":"ListItem","position":3,"name":"Donice stalowe Vaso 4"}]},{"@type":"WebSite","@id":"https:\/\/worldofflowerpots.com\/#website","url":"https:\/\/worldofflowerpots.com\/","name":"World of Flowerpots","description":"producent donic ozdobnych","potentialAction":[{"@type":"SearchAction","target":{"@type":"EntryPoint","urlTemplate":"https:\/\/worldofflowerpots.com\/?s={search_term_string}"},"query-input":{"@type":"PropertyValueSpecification","valueRequired":true,"valueName":"search_term_string"}}],"inLanguage":"pl-PL"}]}},"_links":{"self":[{"href":"https:\/\/worldofflowerpots.com\/pl\/wp-json\/wp\/v2\/product\/50752","targetHints":{"allow":["GET"]}}],"collection":[{"href":"https:\/\/worldofflowerpots.com\/pl\/wp-json\/wp\/v2\/product"}],"about":[{"href":"https:\/\/worldofflowerpots.com\/pl\/wp-json\/wp\/v2\/types\/product"}],"wp:featuredmedia":[{"embeddable":true,"href":"https:\/\/worldofflowerpots.com\/pl\/wp-json\/wp\/v2\/media\/57029"}],"wp:attachment":[{"href":"https:\/\/worldofflowerpots.com\/pl\/wp-json\/wp\/v2\/media?parent=50752"}],"wp:term":[{"taxonomy":"product_brand","embeddable":true,"href":"https:\/\/worldofflowerpots.com\/pl\/wp-json\/wp\/v2\/product_brand?post=50752"},{"taxonomy":"product_cat","embeddable":true,"href":"https:\/\/worldofflowerpots.com\/pl\/wp-json\/wp\/v2\/product_cat?post=50752"},{"taxonomy":"product_tag","embeddable":true,"href":"https:\/\/worldofflowerpots.com\/pl\/wp-json\/wp\/v2\/product_tag?post=50752"}],"curies":[{"name":"wp","href":"https:\/\/api.w.org\/{rel}","templated":true}]}}