{"id":50753,"date":"2019-01-18T15:06:22","date_gmt":"2019-01-18T14:06:22","guid":{"rendered":"https:\/\/worldofflowerpots.com\/product\/import-placeholder-for-67\/"},"modified":"2019-04-03T15:32:17","modified_gmt":"2019-04-03T13:32:17","slug":"duza-okragla-donica-z-cortenu-vaso-3","status":"publish","type":"product","link":"https:\/\/worldofflowerpots.com\/pl\/sklep\/duza-okragla-donica-z-cortenu-vaso-3\/","title":{"rendered":"Du\u017ca okr\u0105g\u0142a donica z cortenu Vaso 3"},"content":{"rendered":"<h2><strong>Donica z dusz\u0105<\/strong><\/h2>\n<p>Du\u017ca okr\u0105g\u0142a donica z cortenu jest produktem, kt\u00f3ry z pewno\u015bci\u0105 spe\u0142nia oczekiwania najwybredniejszych klient\u00f3w. Niecodzienny design po\u0142\u0105czyli\u015bmy z du\u017c\u0105 funkcjonalno\u015bci\u0105. Dzi\u0119ki temu donica znajdzie idealne zastosowanie w pomieszczeniach inspirowanymi stylem industrialnym i nie tylko. Prosty kszta\u0142t walca sprawia, \u017ce mo\u017cna do\u0142\u0105czy\u0107 j\u0105 do dowolnej kompozycji. Zastosowanie blachy cortenowej umo\u017cliwia jej umieszczenie zar\u00f3wno wewn\u0105trz budynk\u00f3w, jak i na zewn\u0105trz. Idealnie spe\u0142ni swoj\u0105 funkcj\u0119 na tarasach i w ogr\u00f3dkach, a dzi\u0119ki specjalnej metodzie wytwarzania\u00a0b\u0119dzie dobrze zabezpieczona przed dzia\u0142aniem warunk\u00f3w atmosferycznych.<\/p>\n<h2><strong>Mocny akcent w odcieniu rdzy<\/strong><\/h2>\n<p>Corten to gatunek stali o podwy\u017cszonej odporno\u015bci na warunki atmosferyczne pokryty warstw\u0105 rdzawego nalotu. Zawarte w nim pierwiastki stopowe takie jak mied\u017a, chrom, nikiel oraz fosfor sprawiaj\u0105, \u017ce stal ta po uzyskaniu rdzawego koloru i faktury mo\u017ce spokojnie zosta\u0107 umiejscowiona na zewn\u0105trz bez obawy o post\u0119puj\u0105ca korozj\u0119. Waga donicy zapewnia stabilizacj\u0119 ca\u0142ej aran\u017cacji &#8211; niezale\u017cnie czy b\u0119d\u0105 to drzewka, czy te\u017c instalacja artystyczna<\/p>\n<h2><strong>Nowoczesno\u015b\u0107 w industrialnym wydaniu<\/strong><\/h2>\n<p>Rozmiary donicy umo\u017cliwiaj\u0105 wykorzystanie jej jako baz\u0119 pod du\u017ce krzaki i drzewa. Technologia, w jakiej zosta\u0142a wyprodukowana przewiduje, a nawet zach\u0119caj\u0105 do zastosowania ich na zewn\u0105trz. Dzi\u0119ki specjalnym otworom w dnie oraz wype\u0142nieniu \u015bcian styropianem, sadzonki s\u0105 chronione przed niekorzystnym dzia\u0142aniem warunk\u00f3w atmosferycznych. Nie s\u0105 to jedyne zastosowania, poniewa\u017c donica ta mo\u017ce idealnie komponowa\u0107 si\u0119 jako element ogrodze\u0144 czy nawet komink\u00f3w. Zastosowana w pomieszczeniu nada mu dusz\u0119 i niepowtarzalny klimat, kt\u00f3ry zostanie doceniony przez odwiedzaj\u0105cych.<\/p>\n<h2><strong>Intensywne doznania<\/strong><\/h2>\n<p>Niepowtarzalny, intensywny rdzawy kolor umo\u017cliwi wyr\u00f3\u017cnienie obiektu. Idealnie b\u0119dzie wsp\u00f3\u0142gra\u0142 w aran\u017cacjach opartych o faktur\u0119 drzewa czy te\u017c w surowych i minimalistycznych pomieszczeniach. Du\u017ca okr\u0105g\u0142a donica z cortenu mo\u017ce nada\u0107 nowe znaczenie ma\u0142ej architekturze oraz wydoby\u0107 niespotykane dot\u0105d walory estetyczne z pozornie zwyczajnych element\u00f3w.<\/p>\n","protected":false},"excerpt":{"rendered":"<p>Donica Vaso 3\u00a0 z blachy cortenowej o grubo\u015bci 2 mm. W dnie posiada otwory odp\u0142ywowe, natomiast jej \u015bcianki ocieplone s\u0105 styropianem o grubo\u015bci 2 cm. Wymiary donicy: \u015brednica: 95 cm,\u00a0 wysoko\u015b\u0107: 100 cm.<\/p>\n","protected":false},"featured_media":57039,"template":"","meta":{"_acf_changed":false},"product_brand":[],"product_cat":[126],"product_tag":[444,449,450],"class_list":{"0":"post-50753","1":"product","2":"type-product","3":"status-publish","4":"has-post-thumbnail","6":"product_cat-donice-ze-stali-corten","7":"product_tag-donice-ogrodowe","8":"product_tag-donice-z-cortenu","9":"product_tag-donice-z-efektem-rdzy","10":"description-off","11":"tm-has-options","13":"first","14":"instock","15":"shipping-taxable","16":"purchasable","17":"product-type-simple"},"acf":[],"yoast_head":"<!-- This site is optimized with the Yoast SEO plugin v27.5 - https:\/\/yoast.com\/product\/yoast-seo-wordpress\/ -->\n<title>Du\u017ca okr\u0105g\u0142a donica z cortenu Vaso 3 - nowoczesno\u015b\u0107 i du\u017ca pojemno\u015b\u0107<\/title>\n<meta name=\"description\" content=\"Du\u017ca okr\u0105g\u0142a donica z cortenu jest produktem, kt\u00f3ry spe\u0142nia oczekiwania klient\u00f3w. Niecodzienny design po\u0142\u0105czyli\u015bmy z du\u017c\u0105 funkcjonalno\u015bci\u0105.\" \/>\n<meta name=\"robots\" content=\"index, follow, max-snippet:-1, max-image-preview:large, max-video-preview:-1\" \/>\n<link rel=\"canonical\" href=\"https:\/\/worldofflowerpots.com\/sklep\/duza-okragla-donica-z-cortenu-vaso-3\/\" \/>\n<meta property=\"og:locale\" content=\"pl_PL\" \/>\n<meta property=\"og:type\" content=\"article\" \/>\n<meta property=\"og:title\" content=\"Du\u017ca okr\u0105g\u0142a donica z cortenu Vaso 3 - nowoczesno\u015b\u0107 i du\u017ca pojemno\u015b\u0107\" \/>\n<meta property=\"og:description\" content=\"Du\u017ca okr\u0105g\u0142a donica z cortenu jest produktem, kt\u00f3ry spe\u0142nia oczekiwania klient\u00f3w. Niecodzienny design po\u0142\u0105czyli\u015bmy z du\u017c\u0105 funkcjonalno\u015bci\u0105.\" \/>\n<meta property=\"og:url\" content=\"https:\/\/worldofflowerpots.com\/sklep\/duza-okragla-donica-z-cortenu-vaso-3\/\" \/>\n<meta property=\"og:site_name\" content=\"World of Flowerpots\" \/>\n<meta property=\"article:modified_time\" content=\"2019-04-03T13:32:17+00:00\" \/>\n<meta property=\"og:image\" content=\"https:\/\/worldofflowerpots.com\/wp-content\/uploads\/2019\/01\/Du\u017ca-okr\u0105g\u0142a-donica-z-cortenu-Vaso_3.jpg\" \/>\n\t<meta property=\"og:image:width\" content=\"2280\" \/>\n\t<meta property=\"og:image:height\" content=\"1612\" \/>\n\t<meta property=\"og:image:type\" content=\"image\/jpeg\" \/>\n<meta name=\"twitter:card\" content=\"summary_large_image\" \/>\n<meta name=\"twitter:label1\" content=\"Szacowany czas czytania\" \/>\n\t<meta name=\"twitter:data1\" content=\"2 minuty\" \/>\n<script type=\"application\/ld+json\" class=\"yoast-schema-graph\">{\"@context\":\"https:\\\/\\\/schema.org\",\"@graph\":[{\"@type\":\"WebPage\",\"@id\":\"https:\\\/\\\/worldofflowerpots.com\\\/sklep\\\/duza-okragla-donica-z-cortenu-vaso-3\\\/\",\"url\":\"https:\\\/\\\/worldofflowerpots.com\\\/sklep\\\/duza-okragla-donica-z-cortenu-vaso-3\\\/\",\"name\":\"Du\u017ca okr\u0105g\u0142a donica z cortenu Vaso 3 - nowoczesno\u015b\u0107 i du\u017ca pojemno\u015b\u0107\",\"isPartOf\":{\"@id\":\"https:\\\/\\\/worldofflowerpots.com\\\/#website\"},\"primaryImageOfPage\":{\"@id\":\"https:\\\/\\\/worldofflowerpots.com\\\/sklep\\\/duza-okragla-donica-z-cortenu-vaso-3\\\/#primaryimage\"},\"image\":{\"@id\":\"https:\\\/\\\/worldofflowerpots.com\\\/sklep\\\/duza-okragla-donica-z-cortenu-vaso-3\\\/#primaryimage\"},\"thumbnailUrl\":\"https:\\\/\\\/worldofflowerpots.com\\\/wp-content\\\/uploads\\\/2019\\\/01\\\/Du\u017ca-okr\u0105g\u0142a-donica-z-cortenu-Vaso_3.jpg\",\"datePublished\":\"2019-01-18T14:06:22+00:00\",\"dateModified\":\"2019-04-03T13:32:17+00:00\",\"description\":\"Du\u017ca okr\u0105g\u0142a donica z cortenu jest produktem, kt\u00f3ry spe\u0142nia oczekiwania klient\u00f3w. Niecodzienny design po\u0142\u0105czyli\u015bmy z du\u017c\u0105 funkcjonalno\u015bci\u0105.\",\"breadcrumb\":{\"@id\":\"https:\\\/\\\/worldofflowerpots.com\\\/sklep\\\/duza-okragla-donica-z-cortenu-vaso-3\\\/#breadcrumb\"},\"inLanguage\":\"pl-PL\",\"potentialAction\":[{\"@type\":\"ReadAction\",\"target\":[\"https:\\\/\\\/worldofflowerpots.com\\\/sklep\\\/duza-okragla-donica-z-cortenu-vaso-3\\\/\"]}]},{\"@type\":\"ImageObject\",\"inLanguage\":\"pl-PL\",\"@id\":\"https:\\\/\\\/worldofflowerpots.com\\\/sklep\\\/duza-okragla-donica-z-cortenu-vaso-3\\\/#primaryimage\",\"url\":\"https:\\\/\\\/worldofflowerpots.com\\\/wp-content\\\/uploads\\\/2019\\\/01\\\/Du\u017ca-okr\u0105g\u0142a-donica-z-cortenu-Vaso_3.jpg\",\"contentUrl\":\"https:\\\/\\\/worldofflowerpots.com\\\/wp-content\\\/uploads\\\/2019\\\/01\\\/Du\u017ca-okr\u0105g\u0142a-donica-z-cortenu-Vaso_3.jpg\",\"width\":2280,\"height\":1612},{\"@type\":\"BreadcrumbList\",\"@id\":\"https:\\\/\\\/worldofflowerpots.com\\\/sklep\\\/duza-okragla-donica-z-cortenu-vaso-3\\\/#breadcrumb\",\"itemListElement\":[{\"@type\":\"ListItem\",\"position\":1,\"name\":\"Strona g\u0142\u00f3wna\",\"item\":\"https:\\\/\\\/worldofflowerpots.com\\\/\"},{\"@type\":\"ListItem\",\"position\":2,\"name\":\"Sklep\",\"item\":\"https:\\\/\\\/worldofflowerpots.com\\\/sklep\\\/\"},{\"@type\":\"ListItem\",\"position\":3,\"name\":\"Du\u017ca okr\u0105g\u0142a donica z cortenu Vaso 3\"}]},{\"@type\":\"WebSite\",\"@id\":\"https:\\\/\\\/worldofflowerpots.com\\\/#website\",\"url\":\"https:\\\/\\\/worldofflowerpots.com\\\/\",\"name\":\"World of Flowerpots\",\"description\":\"producent donic ozdobnych\",\"potentialAction\":[{\"@type\":\"SearchAction\",\"target\":{\"@type\":\"EntryPoint\",\"urlTemplate\":\"https:\\\/\\\/worldofflowerpots.com\\\/?s={search_term_string}\"},\"query-input\":{\"@type\":\"PropertyValueSpecification\",\"valueRequired\":true,\"valueName\":\"search_term_string\"}}],\"inLanguage\":\"pl-PL\"}]}<\/script>\n<!-- \/ Yoast SEO plugin. -->","yoast_head_json":{"title":"Du\u017ca okr\u0105g\u0142a donica z cortenu Vaso 3 - nowoczesno\u015b\u0107 i du\u017ca pojemno\u015b\u0107","description":"Du\u017ca okr\u0105g\u0142a donica z cortenu jest produktem, kt\u00f3ry spe\u0142nia oczekiwania klient\u00f3w. Niecodzienny design po\u0142\u0105czyli\u015bmy z du\u017c\u0105 funkcjonalno\u015bci\u0105.","robots":{"index":"index","follow":"follow","max-snippet":"max-snippet:-1","max-image-preview":"max-image-preview:large","max-video-preview":"max-video-preview:-1"},"canonical":"https:\/\/worldofflowerpots.com\/sklep\/duza-okragla-donica-z-cortenu-vaso-3\/","og_locale":"pl_PL","og_type":"article","og_title":"Du\u017ca okr\u0105g\u0142a donica z cortenu Vaso 3 - nowoczesno\u015b\u0107 i du\u017ca pojemno\u015b\u0107","og_description":"Du\u017ca okr\u0105g\u0142a donica z cortenu jest produktem, kt\u00f3ry spe\u0142nia oczekiwania klient\u00f3w. Niecodzienny design po\u0142\u0105czyli\u015bmy z du\u017c\u0105 funkcjonalno\u015bci\u0105.","og_url":"https:\/\/worldofflowerpots.com\/sklep\/duza-okragla-donica-z-cortenu-vaso-3\/","og_site_name":"World of Flowerpots","article_modified_time":"2019-04-03T13:32:17+00:00","og_image":[{"width":2280,"height":1612,"url":"https:\/\/worldofflowerpots.com\/wp-content\/uploads\/2019\/01\/Du\u017ca-okr\u0105g\u0142a-donica-z-cortenu-Vaso_3.jpg","type":"image\/jpeg"}],"twitter_card":"summary_large_image","twitter_misc":{"Szacowany czas czytania":"2 minuty"},"schema":{"@context":"https:\/\/schema.org","@graph":[{"@type":"WebPage","@id":"https:\/\/worldofflowerpots.com\/sklep\/duza-okragla-donica-z-cortenu-vaso-3\/","url":"https:\/\/worldofflowerpots.com\/sklep\/duza-okragla-donica-z-cortenu-vaso-3\/","name":"Du\u017ca okr\u0105g\u0142a donica z cortenu Vaso 3 - nowoczesno\u015b\u0107 i du\u017ca pojemno\u015b\u0107","isPartOf":{"@id":"https:\/\/worldofflowerpots.com\/#website"},"primaryImageOfPage":{"@id":"https:\/\/worldofflowerpots.com\/sklep\/duza-okragla-donica-z-cortenu-vaso-3\/#primaryimage"},"image":{"@id":"https:\/\/worldofflowerpots.com\/sklep\/duza-okragla-donica-z-cortenu-vaso-3\/#primaryimage"},"thumbnailUrl":"https:\/\/worldofflowerpots.com\/wp-content\/uploads\/2019\/01\/Du\u017ca-okr\u0105g\u0142a-donica-z-cortenu-Vaso_3.jpg","datePublished":"2019-01-18T14:06:22+00:00","dateModified":"2019-04-03T13:32:17+00:00","description":"Du\u017ca okr\u0105g\u0142a donica z cortenu jest produktem, kt\u00f3ry spe\u0142nia oczekiwania klient\u00f3w. Niecodzienny design po\u0142\u0105czyli\u015bmy z du\u017c\u0105 funkcjonalno\u015bci\u0105.","breadcrumb":{"@id":"https:\/\/worldofflowerpots.com\/sklep\/duza-okragla-donica-z-cortenu-vaso-3\/#breadcrumb"},"inLanguage":"pl-PL","potentialAction":[{"@type":"ReadAction","target":["https:\/\/worldofflowerpots.com\/sklep\/duza-okragla-donica-z-cortenu-vaso-3\/"]}]},{"@type":"ImageObject","inLanguage":"pl-PL","@id":"https:\/\/worldofflowerpots.com\/sklep\/duza-okragla-donica-z-cortenu-vaso-3\/#primaryimage","url":"https:\/\/worldofflowerpots.com\/wp-content\/uploads\/2019\/01\/Du\u017ca-okr\u0105g\u0142a-donica-z-cortenu-Vaso_3.jpg","contentUrl":"https:\/\/worldofflowerpots.com\/wp-content\/uploads\/2019\/01\/Du\u017ca-okr\u0105g\u0142a-donica-z-cortenu-Vaso_3.jpg","width":2280,"height":1612},{"@type":"BreadcrumbList","@id":"https:\/\/worldofflowerpots.com\/sklep\/duza-okragla-donica-z-cortenu-vaso-3\/#breadcrumb","itemListElement":[{"@type":"ListItem","position":1,"name":"Strona g\u0142\u00f3wna","item":"https:\/\/worldofflowerpots.com\/"},{"@type":"ListItem","position":2,"name":"Sklep","item":"https:\/\/worldofflowerpots.com\/sklep\/"},{"@type":"ListItem","position":3,"name":"Du\u017ca okr\u0105g\u0142a donica z cortenu Vaso 3"}]},{"@type":"WebSite","@id":"https:\/\/worldofflowerpots.com\/#website","url":"https:\/\/worldofflowerpots.com\/","name":"World of Flowerpots","description":"producent donic ozdobnych","potentialAction":[{"@type":"SearchAction","target":{"@type":"EntryPoint","urlTemplate":"https:\/\/worldofflowerpots.com\/?s={search_term_string}"},"query-input":{"@type":"PropertyValueSpecification","valueRequired":true,"valueName":"search_term_string"}}],"inLanguage":"pl-PL"}]}},"_links":{"self":[{"href":"https:\/\/worldofflowerpots.com\/pl\/wp-json\/wp\/v2\/product\/50753","targetHints":{"allow":["GET"]}}],"collection":[{"href":"https:\/\/worldofflowerpots.com\/pl\/wp-json\/wp\/v2\/product"}],"about":[{"href":"https:\/\/worldofflowerpots.com\/pl\/wp-json\/wp\/v2\/types\/product"}],"wp:featuredmedia":[{"embeddable":true,"href":"https:\/\/worldofflowerpots.com\/pl\/wp-json\/wp\/v2\/media\/57039"}],"wp:attachment":[{"href":"https:\/\/worldofflowerpots.com\/pl\/wp-json\/wp\/v2\/media?parent=50753"}],"wp:term":[{"taxonomy":"product_brand","embeddable":true,"href":"https:\/\/worldofflowerpots.com\/pl\/wp-json\/wp\/v2\/product_brand?post=50753"},{"taxonomy":"product_cat","embeddable":true,"href":"https:\/\/worldofflowerpots.com\/pl\/wp-json\/wp\/v2\/product_cat?post=50753"},{"taxonomy":"product_tag","embeddable":true,"href":"https:\/\/worldofflowerpots.com\/pl\/wp-json\/wp\/v2\/product_tag?post=50753"}],"curies":[{"name":"wp","href":"https:\/\/api.w.org\/{rel}","templated":true}]}}