{"id":50754,"date":"2019-01-18T15:06:22","date_gmt":"2019-01-18T14:06:22","guid":{"rendered":"https:\/\/worldofflowerpots.com\/product\/import-placeholder-for-68\/"},"modified":"2019-04-03T15:34:45","modified_gmt":"2019-04-03T13:34:45","slug":"stal-kortenowska-donica-vaso-2","status":"publish","type":"product","link":"https:\/\/worldofflowerpots.com\/pl\/sklep\/stal-kortenowska-donica-vaso-2\/","title":{"rendered":"Stal kortenowska donica Vaso 2"},"content":{"rendered":"<h2><strong>Vaso 2 &#8211; magia pier\u015bcienia<\/strong><\/h2>\n<p>Stabilna donica o intryguj\u0105cym wygl\u0105dzie &#8211; wygl\u0105d Vaso 2 odpowiada tej kr\u00f3tkiej etykiecie. Donica zawdzi\u0119cza stabilno\u015b\u0107 dwumilimetrowej stali wyj\u0105tkowo odpornej na niesprzyjaj\u0105ce warunki atmosferyczne. Intryguj\u0105cy wygl\u0105d zyska dzi\u0119ki rdzawemu nalotowi i barwie, tak charakterystycznej dla\u00a0materia\u0142u jakim jest stal kortenowska, coraz cz\u0119\u015bciej pojawiaj\u0105cej si\u0119 w przestrzeni obok nas. W efekcie &#8211; praktyczny element wyposa\u017cenia ogrodu lub ma\u0142ej architektury, kt\u00f3rego nie da si\u0119 omin\u0105\u0107 wzrokiem.<\/p>\n<h2><strong>Wyj\u0105tkowo odporna stal<\/strong><\/h2>\n<p>Stal kortenowska\u00a0powsta\u0142a w trosce o odporno\u015b\u0107 element\u00f3w architektury i otoczenia na dzia\u0142anie czynnik\u00f3w atmosferycznych. Bierze si\u0119 ona z zastosowanych w odpowiednich proporcjach dodatk\u00f3w stopu &#8211; fosforu, miedzi, niklu i chromu. Rdzawy nalot, cz\u0119sto budz\u0105cy zdumienie, zapewnia wytworzonym z niej przedmiotom prawie najwy\u017csz\u0105 z mo\u017cliwych ochron\u0119 przed korozj\u0105. Przy okazji zapewnia niepodrabialny efekt wizualny, kt\u00f3ry potrafi zaskoczy\u0107 w wielu rozmaitych ods\u0142onach. Dzi\u0119ki niemu donice ze stali kortenowskiej s\u0105 nie tylko d\u0142ugowieczne, ale i zapewniaj\u0105 oryginaln\u0105\u00a0estetyk\u0119 otoczenia. Poza tym potrafi\u0105 zaskoczy\u0107 funkcjonalno\u015bci\u0105 dzi\u0119ki otworom odp\u0142ywowym i szczelnie ocieplaj\u0105cej warstwie styropianu, chroni\u0105cej ro\u015bliny zimuj\u0105ce przed skutkami mroz\u00f3w.<\/p>\n<h2><strong>Solidny kr\u0105\u017cek stali w twoim otoczeniu<\/strong><\/h2>\n<p>Vaso 2 przypomina &#8211; w zale\u017cno\u015bci od skojarze\u0144 &#8211; masywny walec lub gruby pier\u015bcie\u0144. \u015arednica 80 cm, wysoko\u015b\u0107 78 cm i masa 46 kg czyni\u0105 go idealnym miejscem do nasadze\u0144 \u015bredniej wielko\u015bci ro\u015blin lub ro\u015blin wi\u0119kszych charakteryzuj\u0105cych si\u0119 skromniejszym lub cia\u015bniejszym ukorzenieniem. Mo\u017cna tworzy\u0107 w jego wn\u0119trzu kompozycje ro\u015blinne, tak\u017ce z ro\u015blin p\u0142o\u017c\u0105cych. Stal kortenowska\u00a0sprawi, \u017ce p\u0142omienna barwa donicy stanie si\u0119 \u015bwietnym t\u0142em dla przerastaj\u0105cych jej brzeg ga\u0142\u0105zek. Wi\u0119ksze rozmiary pozwalaj\u0105 widzie\u0107 w tej donicy g\u0142\u00f3wne punkty kompozycyjne na ma\u0142ym dziedzi\u0144cu lub przed fasad\u0105 nowoczesnego w formie. B\u0119dzie tak\u017ce pi\u0119knie wygl\u0105da\u0107 na tle przeszklonego biurowca lub nawet na firmowym patio. Z drugiej strony &#8211; d\u0142ugowieczno\u015b\u0107 i odporno\u015b\u0107\u00a0 Vaso 2 daj\u0105 mo\u017cliwo\u015b\u0107 rozmieszczenia w r\u00f3\u017cnych punktach naturalnego ogrodu. Rdzawy nalot nie powinien k\u0142\u00f3ci\u0107 si\u0119 z panowaniem matki natury.<\/p>\n","protected":false},"excerpt":{"rendered":"<p>Donica Vaso 2 z blachy cortenowej o grubo\u015bci 2 mm. W dnie posiada otwory odp\u0142ywowe, natomiast jej \u015bcianki ocieplone s\u0105 styropianem o grubo\u015bci 2 cm. Wymiary donicy: \u015brednica: 80 cm,\u00a0 wysoko\u015b\u0107: 78 cm.<\/p>\n","protected":false},"featured_media":57049,"template":"","meta":{"_acf_changed":false},"product_brand":[],"product_cat":[126],"product_tag":[444,449,450],"class_list":{"0":"post-50754","1":"product","2":"type-product","3":"status-publish","4":"has-post-thumbnail","6":"product_cat-donice-ze-stali-corten","7":"product_tag-donice-ogrodowe","8":"product_tag-donice-z-cortenu","9":"product_tag-donice-z-efektem-rdzy","10":"description-off","11":"tm-has-options","13":"first","14":"instock","15":"shipping-taxable","16":"purchasable","17":"product-type-simple"},"acf":[],"yoast_head":"<!-- This site is optimized with the Yoast SEO plugin v27.5 - https:\/\/yoast.com\/product\/yoast-seo-wordpress\/ -->\n<title>Klasyczne Donice Stalowe Corten Vaso 2 do Ogrodu - Kszta\u0142t Walca<\/title>\n<meta name=\"description\" content=\"Stal kortenowska sprawi, \u017ce p\u0142omienna barwa donicy stanie si\u0119 \u015bwietnym t\u0142em dla przerastaj\u0105cych jej brzeg kwiat\u00f3w i zielonych ga\u0142\u0105zek.\" \/>\n<meta name=\"robots\" content=\"index, follow, max-snippet:-1, max-image-preview:large, max-video-preview:-1\" \/>\n<link rel=\"canonical\" href=\"https:\/\/worldofflowerpots.com\/sklep\/stal-kortenowska-donica-vaso-2\/\" \/>\n<meta property=\"og:locale\" content=\"pl_PL\" \/>\n<meta property=\"og:type\" content=\"article\" \/>\n<meta property=\"og:title\" content=\"Klasyczne Donice Stalowe Corten Vaso 2 do Ogrodu - Kszta\u0142t Walca\" \/>\n<meta property=\"og:description\" content=\"Stal kortenowska sprawi, \u017ce p\u0142omienna barwa donicy stanie si\u0119 \u015bwietnym t\u0142em dla przerastaj\u0105cych jej brzeg kwiat\u00f3w i zielonych ga\u0142\u0105zek.\" \/>\n<meta property=\"og:url\" content=\"https:\/\/worldofflowerpots.com\/sklep\/stal-kortenowska-donica-vaso-2\/\" \/>\n<meta property=\"og:site_name\" content=\"World of Flowerpots\" \/>\n<meta property=\"article:modified_time\" content=\"2019-04-03T13:34:45+00:00\" \/>\n<meta property=\"og:image\" content=\"https:\/\/worldofflowerpots.com\/wp-content\/uploads\/2019\/01\/Stal-kortenowska-Vaso_2.jpg\" \/>\n\t<meta property=\"og:image:width\" content=\"2280\" \/>\n\t<meta property=\"og:image:height\" content=\"1612\" \/>\n\t<meta property=\"og:image:type\" content=\"image\/jpeg\" \/>\n<meta name=\"twitter:card\" content=\"summary_large_image\" \/>\n<meta name=\"twitter:label1\" content=\"Szacowany czas czytania\" \/>\n\t<meta name=\"twitter:data1\" content=\"2 minuty\" \/>\n<script type=\"application\/ld+json\" class=\"yoast-schema-graph\">{\"@context\":\"https:\\\/\\\/schema.org\",\"@graph\":[{\"@type\":\"WebPage\",\"@id\":\"https:\\\/\\\/worldofflowerpots.com\\\/sklep\\\/stal-kortenowska-donica-vaso-2\\\/\",\"url\":\"https:\\\/\\\/worldofflowerpots.com\\\/sklep\\\/stal-kortenowska-donica-vaso-2\\\/\",\"name\":\"Klasyczne Donice Stalowe Corten Vaso 2 do Ogrodu - Kszta\u0142t Walca\",\"isPartOf\":{\"@id\":\"https:\\\/\\\/worldofflowerpots.com\\\/#website\"},\"primaryImageOfPage\":{\"@id\":\"https:\\\/\\\/worldofflowerpots.com\\\/sklep\\\/stal-kortenowska-donica-vaso-2\\\/#primaryimage\"},\"image\":{\"@id\":\"https:\\\/\\\/worldofflowerpots.com\\\/sklep\\\/stal-kortenowska-donica-vaso-2\\\/#primaryimage\"},\"thumbnailUrl\":\"https:\\\/\\\/worldofflowerpots.com\\\/wp-content\\\/uploads\\\/2019\\\/01\\\/Stal-kortenowska-Vaso_2.jpg\",\"datePublished\":\"2019-01-18T14:06:22+00:00\",\"dateModified\":\"2019-04-03T13:34:45+00:00\",\"description\":\"Stal kortenowska sprawi, \u017ce p\u0142omienna barwa donicy stanie si\u0119 \u015bwietnym t\u0142em dla przerastaj\u0105cych jej brzeg kwiat\u00f3w i zielonych ga\u0142\u0105zek.\",\"breadcrumb\":{\"@id\":\"https:\\\/\\\/worldofflowerpots.com\\\/sklep\\\/stal-kortenowska-donica-vaso-2\\\/#breadcrumb\"},\"inLanguage\":\"pl-PL\",\"potentialAction\":[{\"@type\":\"ReadAction\",\"target\":[\"https:\\\/\\\/worldofflowerpots.com\\\/sklep\\\/stal-kortenowska-donica-vaso-2\\\/\"]}]},{\"@type\":\"ImageObject\",\"inLanguage\":\"pl-PL\",\"@id\":\"https:\\\/\\\/worldofflowerpots.com\\\/sklep\\\/stal-kortenowska-donica-vaso-2\\\/#primaryimage\",\"url\":\"https:\\\/\\\/worldofflowerpots.com\\\/wp-content\\\/uploads\\\/2019\\\/01\\\/Stal-kortenowska-Vaso_2.jpg\",\"contentUrl\":\"https:\\\/\\\/worldofflowerpots.com\\\/wp-content\\\/uploads\\\/2019\\\/01\\\/Stal-kortenowska-Vaso_2.jpg\",\"width\":2280,\"height\":1612},{\"@type\":\"BreadcrumbList\",\"@id\":\"https:\\\/\\\/worldofflowerpots.com\\\/sklep\\\/stal-kortenowska-donica-vaso-2\\\/#breadcrumb\",\"itemListElement\":[{\"@type\":\"ListItem\",\"position\":1,\"name\":\"Strona g\u0142\u00f3wna\",\"item\":\"https:\\\/\\\/worldofflowerpots.com\\\/\"},{\"@type\":\"ListItem\",\"position\":2,\"name\":\"Sklep\",\"item\":\"https:\\\/\\\/worldofflowerpots.com\\\/sklep\\\/\"},{\"@type\":\"ListItem\",\"position\":3,\"name\":\"Stal kortenowska donica Vaso 2\"}]},{\"@type\":\"WebSite\",\"@id\":\"https:\\\/\\\/worldofflowerpots.com\\\/#website\",\"url\":\"https:\\\/\\\/worldofflowerpots.com\\\/\",\"name\":\"World of Flowerpots\",\"description\":\"producent donic ozdobnych\",\"potentialAction\":[{\"@type\":\"SearchAction\",\"target\":{\"@type\":\"EntryPoint\",\"urlTemplate\":\"https:\\\/\\\/worldofflowerpots.com\\\/?s={search_term_string}\"},\"query-input\":{\"@type\":\"PropertyValueSpecification\",\"valueRequired\":true,\"valueName\":\"search_term_string\"}}],\"inLanguage\":\"pl-PL\"}]}<\/script>\n<!-- \/ Yoast SEO plugin. -->","yoast_head_json":{"title":"Klasyczne Donice Stalowe Corten Vaso 2 do Ogrodu - Kszta\u0142t Walca","description":"Stal kortenowska sprawi, \u017ce p\u0142omienna barwa donicy stanie si\u0119 \u015bwietnym t\u0142em dla przerastaj\u0105cych jej brzeg kwiat\u00f3w i zielonych ga\u0142\u0105zek.","robots":{"index":"index","follow":"follow","max-snippet":"max-snippet:-1","max-image-preview":"max-image-preview:large","max-video-preview":"max-video-preview:-1"},"canonical":"https:\/\/worldofflowerpots.com\/sklep\/stal-kortenowska-donica-vaso-2\/","og_locale":"pl_PL","og_type":"article","og_title":"Klasyczne Donice Stalowe Corten Vaso 2 do Ogrodu - Kszta\u0142t Walca","og_description":"Stal kortenowska sprawi, \u017ce p\u0142omienna barwa donicy stanie si\u0119 \u015bwietnym t\u0142em dla przerastaj\u0105cych jej brzeg kwiat\u00f3w i zielonych ga\u0142\u0105zek.","og_url":"https:\/\/worldofflowerpots.com\/sklep\/stal-kortenowska-donica-vaso-2\/","og_site_name":"World of Flowerpots","article_modified_time":"2019-04-03T13:34:45+00:00","og_image":[{"width":2280,"height":1612,"url":"https:\/\/worldofflowerpots.com\/wp-content\/uploads\/2019\/01\/Stal-kortenowska-Vaso_2.jpg","type":"image\/jpeg"}],"twitter_card":"summary_large_image","twitter_misc":{"Szacowany czas czytania":"2 minuty"},"schema":{"@context":"https:\/\/schema.org","@graph":[{"@type":"WebPage","@id":"https:\/\/worldofflowerpots.com\/sklep\/stal-kortenowska-donica-vaso-2\/","url":"https:\/\/worldofflowerpots.com\/sklep\/stal-kortenowska-donica-vaso-2\/","name":"Klasyczne Donice Stalowe Corten Vaso 2 do Ogrodu - Kszta\u0142t Walca","isPartOf":{"@id":"https:\/\/worldofflowerpots.com\/#website"},"primaryImageOfPage":{"@id":"https:\/\/worldofflowerpots.com\/sklep\/stal-kortenowska-donica-vaso-2\/#primaryimage"},"image":{"@id":"https:\/\/worldofflowerpots.com\/sklep\/stal-kortenowska-donica-vaso-2\/#primaryimage"},"thumbnailUrl":"https:\/\/worldofflowerpots.com\/wp-content\/uploads\/2019\/01\/Stal-kortenowska-Vaso_2.jpg","datePublished":"2019-01-18T14:06:22+00:00","dateModified":"2019-04-03T13:34:45+00:00","description":"Stal kortenowska sprawi, \u017ce p\u0142omienna barwa donicy stanie si\u0119 \u015bwietnym t\u0142em dla przerastaj\u0105cych jej brzeg kwiat\u00f3w i zielonych ga\u0142\u0105zek.","breadcrumb":{"@id":"https:\/\/worldofflowerpots.com\/sklep\/stal-kortenowska-donica-vaso-2\/#breadcrumb"},"inLanguage":"pl-PL","potentialAction":[{"@type":"ReadAction","target":["https:\/\/worldofflowerpots.com\/sklep\/stal-kortenowska-donica-vaso-2\/"]}]},{"@type":"ImageObject","inLanguage":"pl-PL","@id":"https:\/\/worldofflowerpots.com\/sklep\/stal-kortenowska-donica-vaso-2\/#primaryimage","url":"https:\/\/worldofflowerpots.com\/wp-content\/uploads\/2019\/01\/Stal-kortenowska-Vaso_2.jpg","contentUrl":"https:\/\/worldofflowerpots.com\/wp-content\/uploads\/2019\/01\/Stal-kortenowska-Vaso_2.jpg","width":2280,"height":1612},{"@type":"BreadcrumbList","@id":"https:\/\/worldofflowerpots.com\/sklep\/stal-kortenowska-donica-vaso-2\/#breadcrumb","itemListElement":[{"@type":"ListItem","position":1,"name":"Strona g\u0142\u00f3wna","item":"https:\/\/worldofflowerpots.com\/"},{"@type":"ListItem","position":2,"name":"Sklep","item":"https:\/\/worldofflowerpots.com\/sklep\/"},{"@type":"ListItem","position":3,"name":"Stal kortenowska donica Vaso 2"}]},{"@type":"WebSite","@id":"https:\/\/worldofflowerpots.com\/#website","url":"https:\/\/worldofflowerpots.com\/","name":"World of Flowerpots","description":"producent donic ozdobnych","potentialAction":[{"@type":"SearchAction","target":{"@type":"EntryPoint","urlTemplate":"https:\/\/worldofflowerpots.com\/?s={search_term_string}"},"query-input":{"@type":"PropertyValueSpecification","valueRequired":true,"valueName":"search_term_string"}}],"inLanguage":"pl-PL"}]}},"_links":{"self":[{"href":"https:\/\/worldofflowerpots.com\/pl\/wp-json\/wp\/v2\/product\/50754","targetHints":{"allow":["GET"]}}],"collection":[{"href":"https:\/\/worldofflowerpots.com\/pl\/wp-json\/wp\/v2\/product"}],"about":[{"href":"https:\/\/worldofflowerpots.com\/pl\/wp-json\/wp\/v2\/types\/product"}],"wp:featuredmedia":[{"embeddable":true,"href":"https:\/\/worldofflowerpots.com\/pl\/wp-json\/wp\/v2\/media\/57049"}],"wp:attachment":[{"href":"https:\/\/worldofflowerpots.com\/pl\/wp-json\/wp\/v2\/media?parent=50754"}],"wp:term":[{"taxonomy":"product_brand","embeddable":true,"href":"https:\/\/worldofflowerpots.com\/pl\/wp-json\/wp\/v2\/product_brand?post=50754"},{"taxonomy":"product_cat","embeddable":true,"href":"https:\/\/worldofflowerpots.com\/pl\/wp-json\/wp\/v2\/product_cat?post=50754"},{"taxonomy":"product_tag","embeddable":true,"href":"https:\/\/worldofflowerpots.com\/pl\/wp-json\/wp\/v2\/product_tag?post=50754"}],"curies":[{"name":"wp","href":"https:\/\/api.w.org\/{rel}","templated":true}]}}