{"id":50755,"date":"2019-01-18T15:06:22","date_gmt":"2019-01-18T14:06:22","guid":{"rendered":"https:\/\/worldofflowerpots.com\/product\/import-placeholder-for-69\/"},"modified":"2019-04-03T15:37:03","modified_gmt":"2019-04-03T13:37:03","slug":"okragla-donica-z-cortenu-vaso-1","status":"publish","type":"product","link":"https:\/\/worldofflowerpots.com\/pl\/sklep\/okragla-donica-z-cortenu-vaso-1\/","title":{"rendered":"Okr\u0105g\u0142a donica z cortenu Vaso 1"},"content":{"rendered":"<h2><strong>Donica z kortenu &#8211; wiele mo\u017cliwo\u015bci<\/strong><\/h2>\n<p>Tajemnica stali cortenowskiej polega na zoptymalizowanym dodaniu czterech pierwiastk\u00f3w stopowych. Mied\u017a, chrom, nikiel i fosfor sprawiaj\u0105, \u017ce to tworzywo jest wyj\u0105tkowo odporne na dzia\u0142anie czynnik\u00f3w atmosferycznych. Rdzawy nalot, wbrew pozorom, nie oznacza korozji, lecz idealn\u0105 ochron\u0119 antykorozyjn\u0105. Dzi\u0119ki niemu donice ze stali cortenowskiej s\u0105 nie tylko d\u0142ugowieczne, ale i zapewniaj\u0105 oryginaln\u0105\u00a0estetyk\u0119.<\/p>\n<h2><strong>Trwa\u0142o\u015b\u0107 i bezpiecze\u0144stwo na lata<\/strong><\/h2>\n<p>Okr\u0105g\u0142a donica z cortenu\u00a0o grubo\u015bci 2 mm w kszta\u0142cie walca &#8211; to najkr\u00f3tszy opis Vaso 1. Kryje si\u0119 za nim jednak wiele praktycznych mo\u017cliwo\u015bci.\u00a0Vaso 1 jest to donica wyj\u0105tkowo przyjazna ro\u015blinom. Mimo mocnego wygl\u0105du i stanowczego charakteru posiada rozwi\u0105zania niezb\u0119dne do prawid\u0142owej piel\u0119gnacji ro\u015blin. Umieszczono w niej otwory odp\u0142ywowe i ocieplaj\u0105c\u0105 warstw\u0119 styropianu, dzi\u0119ki czemu posadzone w niej ro\u015bliny wieloletnie nie b\u0119d\u0105 nara\u017cone na nadmiar ch\u0142odu. Masa 26 kilogram\u00f3w pozwoli ze spokojem my\u015ble\u0107 o stabilno\u015bci wyposa\u017cenia tarasu czy ogrodu. Ten ci\u0119\u017car mo\u017ce by\u0107 dla nas k\u0142opotem tylko wtedy, gdy chcemy zmieni\u0107 aran\u017cacj\u0119 w ogrodzie. Donica nie wymaga renowacji ani zabezpieczania na zim\u0119,<\/p>\n<h2><strong>Klasyczna tuba w kompaktowych rozmiarach<\/strong><\/h2>\n<p>Prosty kszta\u0142t sprawia, \u017ce pojedyncza donica nie absorbuje uwagi, dzi\u0119ki czemu mo\u017cna j\u0105 wykorzysta\u0107 do tworzenia szpaler\u00f3w czy t\u0142a dla rabaty kwiatowej. Kompaktowe rozmiary pozwol\u0105 na ustawienie jej w patio czy na tarasie. Mo\u017cna te\u017c skomponowa\u0107 z kilku donic\u00a0otoczenie frontu posesji albo pozostawi\u0107 je ogrodzie, gdzie b\u0119d\u0105 s\u0142u\u017cy\u0107 przez d\u0142ugie lata. \u015awietnie pasuj\u0105 zar\u00f3wno do minimalistycznego, nowoczesnego otoczenia biurowca, jak i awangardowych\u00a0przydomowych aran\u017cacji.\u00a0Okr\u0105g\u0142a donica z cortenu to tak\u017ce\u00a0rewelacyjny, lekko kontrastuj\u0105cy efekt przy eleganckich bry\u0142ach nowoczesnych budynk\u00f3w mieszkalnych. O\u017cywi na przyk\u0142ad perfekcyjnie przystrzy\u017cony trawnik, a po\u0142\u0105czenie przeszklonej elewacji z efektownym, sprawdzaj\u0105cym si\u0119 w rozmaitych aran\u017cacjach rdzawym kolorem przyniesie nadspodziewany rezultat.<\/p>\n","protected":false},"excerpt":{"rendered":"<p>Donica Vaso 1 z blachy cortenowej o grubo\u015bci 2 mm. W dnie posiada otwory odp\u0142ywowe, natomiast jej \u015bcianki ocieplone s\u0105 styropianem o grubo\u015bci 2 cm. Wymiary donicy: \u015brednica: 60 cm,\u00a0 wysoko\u015b\u0107: 60 cm.<\/p>\n","protected":false},"featured_media":57059,"template":"","meta":{"_acf_changed":false},"product_brand":[],"product_cat":[126],"product_tag":[444,449,450],"class_list":{"0":"post-50755","1":"product","2":"type-product","3":"status-publish","4":"has-post-thumbnail","6":"product_cat-donice-ze-stali-corten","7":"product_tag-donice-ogrodowe","8":"product_tag-donice-z-cortenu","9":"product_tag-donice-z-efektem-rdzy","10":"description-off","11":"tm-has-options","13":"first","14":"instock","15":"shipping-taxable","16":"purchasable","17":"product-type-simple"},"acf":[],"yoast_head":"<!-- This site is optimized with the Yoast SEO plugin v27.5 - https:\/\/yoast.com\/product\/yoast-seo-wordpress\/ -->\n<title>Okr\u0105g\u0142a donica z cortenu Vaso 1 - Uniwersalna, Zaokr\u0105glona<\/title>\n<meta name=\"description\" content=\"Okr\u0105g\u0142a donica z cortenu o grubo\u015bci 2 mm w kszta\u0142cie walca - to najkr\u00f3tszy opis Vaso 1. Kryje si\u0119 za nim jednak wiele praktycznych mo\u017cliwo\u015bci.\" \/>\n<meta name=\"robots\" content=\"index, follow, max-snippet:-1, max-image-preview:large, max-video-preview:-1\" \/>\n<link rel=\"canonical\" href=\"https:\/\/worldofflowerpots.com\/sklep\/okragla-donica-z-cortenu-vaso-1\/\" \/>\n<meta property=\"og:locale\" content=\"pl_PL\" \/>\n<meta property=\"og:type\" content=\"article\" \/>\n<meta property=\"og:title\" content=\"Okr\u0105g\u0142a donica z cortenu Vaso 1 - Uniwersalna, Zaokr\u0105glona\" \/>\n<meta property=\"og:description\" content=\"Okr\u0105g\u0142a donica z cortenu o grubo\u015bci 2 mm w kszta\u0142cie walca - to najkr\u00f3tszy opis Vaso 1. Kryje si\u0119 za nim jednak wiele praktycznych mo\u017cliwo\u015bci.\" \/>\n<meta property=\"og:url\" content=\"https:\/\/worldofflowerpots.com\/sklep\/okragla-donica-z-cortenu-vaso-1\/\" \/>\n<meta property=\"og:site_name\" content=\"World of Flowerpots\" \/>\n<meta property=\"article:modified_time\" content=\"2019-04-03T13:37:03+00:00\" \/>\n<meta property=\"og:image\" content=\"https:\/\/worldofflowerpots.com\/wp-content\/uploads\/2019\/01\/Okr\u0105g\u0142a-donica-z-cortenu-Vaso_1.jpg\" \/>\n\t<meta property=\"og:image:width\" content=\"2280\" \/>\n\t<meta property=\"og:image:height\" content=\"1612\" \/>\n\t<meta property=\"og:image:type\" content=\"image\/jpeg\" \/>\n<meta name=\"twitter:card\" content=\"summary_large_image\" \/>\n<meta name=\"twitter:label1\" content=\"Szacowany czas czytania\" \/>\n\t<meta name=\"twitter:data1\" content=\"2 minuty\" \/>\n<script type=\"application\/ld+json\" class=\"yoast-schema-graph\">{\"@context\":\"https:\\\/\\\/schema.org\",\"@graph\":[{\"@type\":\"WebPage\",\"@id\":\"https:\\\/\\\/worldofflowerpots.com\\\/sklep\\\/okragla-donica-z-cortenu-vaso-1\\\/\",\"url\":\"https:\\\/\\\/worldofflowerpots.com\\\/sklep\\\/okragla-donica-z-cortenu-vaso-1\\\/\",\"name\":\"Okr\u0105g\u0142a donica z cortenu Vaso 1 - Uniwersalna, Zaokr\u0105glona\",\"isPartOf\":{\"@id\":\"https:\\\/\\\/worldofflowerpots.com\\\/#website\"},\"primaryImageOfPage\":{\"@id\":\"https:\\\/\\\/worldofflowerpots.com\\\/sklep\\\/okragla-donica-z-cortenu-vaso-1\\\/#primaryimage\"},\"image\":{\"@id\":\"https:\\\/\\\/worldofflowerpots.com\\\/sklep\\\/okragla-donica-z-cortenu-vaso-1\\\/#primaryimage\"},\"thumbnailUrl\":\"https:\\\/\\\/worldofflowerpots.com\\\/wp-content\\\/uploads\\\/2019\\\/01\\\/Okr\u0105g\u0142a-donica-z-cortenu-Vaso_1.jpg\",\"datePublished\":\"2019-01-18T14:06:22+00:00\",\"dateModified\":\"2019-04-03T13:37:03+00:00\",\"description\":\"Okr\u0105g\u0142a donica z cortenu o grubo\u015bci 2 mm w kszta\u0142cie walca - to najkr\u00f3tszy opis Vaso 1. Kryje si\u0119 za nim jednak wiele praktycznych mo\u017cliwo\u015bci.\",\"breadcrumb\":{\"@id\":\"https:\\\/\\\/worldofflowerpots.com\\\/sklep\\\/okragla-donica-z-cortenu-vaso-1\\\/#breadcrumb\"},\"inLanguage\":\"pl-PL\",\"potentialAction\":[{\"@type\":\"ReadAction\",\"target\":[\"https:\\\/\\\/worldofflowerpots.com\\\/sklep\\\/okragla-donica-z-cortenu-vaso-1\\\/\"]}]},{\"@type\":\"ImageObject\",\"inLanguage\":\"pl-PL\",\"@id\":\"https:\\\/\\\/worldofflowerpots.com\\\/sklep\\\/okragla-donica-z-cortenu-vaso-1\\\/#primaryimage\",\"url\":\"https:\\\/\\\/worldofflowerpots.com\\\/wp-content\\\/uploads\\\/2019\\\/01\\\/Okr\u0105g\u0142a-donica-z-cortenu-Vaso_1.jpg\",\"contentUrl\":\"https:\\\/\\\/worldofflowerpots.com\\\/wp-content\\\/uploads\\\/2019\\\/01\\\/Okr\u0105g\u0142a-donica-z-cortenu-Vaso_1.jpg\",\"width\":2280,\"height\":1612},{\"@type\":\"BreadcrumbList\",\"@id\":\"https:\\\/\\\/worldofflowerpots.com\\\/sklep\\\/okragla-donica-z-cortenu-vaso-1\\\/#breadcrumb\",\"itemListElement\":[{\"@type\":\"ListItem\",\"position\":1,\"name\":\"Strona g\u0142\u00f3wna\",\"item\":\"https:\\\/\\\/worldofflowerpots.com\\\/\"},{\"@type\":\"ListItem\",\"position\":2,\"name\":\"Sklep\",\"item\":\"https:\\\/\\\/worldofflowerpots.com\\\/sklep\\\/\"},{\"@type\":\"ListItem\",\"position\":3,\"name\":\"Okr\u0105g\u0142a donica z cortenu Vaso 1\"}]},{\"@type\":\"WebSite\",\"@id\":\"https:\\\/\\\/worldofflowerpots.com\\\/#website\",\"url\":\"https:\\\/\\\/worldofflowerpots.com\\\/\",\"name\":\"World of Flowerpots\",\"description\":\"producent donic ozdobnych\",\"potentialAction\":[{\"@type\":\"SearchAction\",\"target\":{\"@type\":\"EntryPoint\",\"urlTemplate\":\"https:\\\/\\\/worldofflowerpots.com\\\/?s={search_term_string}\"},\"query-input\":{\"@type\":\"PropertyValueSpecification\",\"valueRequired\":true,\"valueName\":\"search_term_string\"}}],\"inLanguage\":\"pl-PL\"}]}<\/script>\n<!-- \/ Yoast SEO plugin. -->","yoast_head_json":{"title":"Okr\u0105g\u0142a donica z cortenu Vaso 1 - Uniwersalna, Zaokr\u0105glona","description":"Okr\u0105g\u0142a donica z cortenu o grubo\u015bci 2 mm w kszta\u0142cie walca - to najkr\u00f3tszy opis Vaso 1. Kryje si\u0119 za nim jednak wiele praktycznych mo\u017cliwo\u015bci.","robots":{"index":"index","follow":"follow","max-snippet":"max-snippet:-1","max-image-preview":"max-image-preview:large","max-video-preview":"max-video-preview:-1"},"canonical":"https:\/\/worldofflowerpots.com\/sklep\/okragla-donica-z-cortenu-vaso-1\/","og_locale":"pl_PL","og_type":"article","og_title":"Okr\u0105g\u0142a donica z cortenu Vaso 1 - Uniwersalna, Zaokr\u0105glona","og_description":"Okr\u0105g\u0142a donica z cortenu o grubo\u015bci 2 mm w kszta\u0142cie walca - to najkr\u00f3tszy opis Vaso 1. Kryje si\u0119 za nim jednak wiele praktycznych mo\u017cliwo\u015bci.","og_url":"https:\/\/worldofflowerpots.com\/sklep\/okragla-donica-z-cortenu-vaso-1\/","og_site_name":"World of Flowerpots","article_modified_time":"2019-04-03T13:37:03+00:00","og_image":[{"width":2280,"height":1612,"url":"https:\/\/worldofflowerpots.com\/wp-content\/uploads\/2019\/01\/Okr\u0105g\u0142a-donica-z-cortenu-Vaso_1.jpg","type":"image\/jpeg"}],"twitter_card":"summary_large_image","twitter_misc":{"Szacowany czas czytania":"2 minuty"},"schema":{"@context":"https:\/\/schema.org","@graph":[{"@type":"WebPage","@id":"https:\/\/worldofflowerpots.com\/sklep\/okragla-donica-z-cortenu-vaso-1\/","url":"https:\/\/worldofflowerpots.com\/sklep\/okragla-donica-z-cortenu-vaso-1\/","name":"Okr\u0105g\u0142a donica z cortenu Vaso 1 - Uniwersalna, Zaokr\u0105glona","isPartOf":{"@id":"https:\/\/worldofflowerpots.com\/#website"},"primaryImageOfPage":{"@id":"https:\/\/worldofflowerpots.com\/sklep\/okragla-donica-z-cortenu-vaso-1\/#primaryimage"},"image":{"@id":"https:\/\/worldofflowerpots.com\/sklep\/okragla-donica-z-cortenu-vaso-1\/#primaryimage"},"thumbnailUrl":"https:\/\/worldofflowerpots.com\/wp-content\/uploads\/2019\/01\/Okr\u0105g\u0142a-donica-z-cortenu-Vaso_1.jpg","datePublished":"2019-01-18T14:06:22+00:00","dateModified":"2019-04-03T13:37:03+00:00","description":"Okr\u0105g\u0142a donica z cortenu o grubo\u015bci 2 mm w kszta\u0142cie walca - to najkr\u00f3tszy opis Vaso 1. Kryje si\u0119 za nim jednak wiele praktycznych mo\u017cliwo\u015bci.","breadcrumb":{"@id":"https:\/\/worldofflowerpots.com\/sklep\/okragla-donica-z-cortenu-vaso-1\/#breadcrumb"},"inLanguage":"pl-PL","potentialAction":[{"@type":"ReadAction","target":["https:\/\/worldofflowerpots.com\/sklep\/okragla-donica-z-cortenu-vaso-1\/"]}]},{"@type":"ImageObject","inLanguage":"pl-PL","@id":"https:\/\/worldofflowerpots.com\/sklep\/okragla-donica-z-cortenu-vaso-1\/#primaryimage","url":"https:\/\/worldofflowerpots.com\/wp-content\/uploads\/2019\/01\/Okr\u0105g\u0142a-donica-z-cortenu-Vaso_1.jpg","contentUrl":"https:\/\/worldofflowerpots.com\/wp-content\/uploads\/2019\/01\/Okr\u0105g\u0142a-donica-z-cortenu-Vaso_1.jpg","width":2280,"height":1612},{"@type":"BreadcrumbList","@id":"https:\/\/worldofflowerpots.com\/sklep\/okragla-donica-z-cortenu-vaso-1\/#breadcrumb","itemListElement":[{"@type":"ListItem","position":1,"name":"Strona g\u0142\u00f3wna","item":"https:\/\/worldofflowerpots.com\/"},{"@type":"ListItem","position":2,"name":"Sklep","item":"https:\/\/worldofflowerpots.com\/sklep\/"},{"@type":"ListItem","position":3,"name":"Okr\u0105g\u0142a donica z cortenu Vaso 1"}]},{"@type":"WebSite","@id":"https:\/\/worldofflowerpots.com\/#website","url":"https:\/\/worldofflowerpots.com\/","name":"World of Flowerpots","description":"producent donic ozdobnych","potentialAction":[{"@type":"SearchAction","target":{"@type":"EntryPoint","urlTemplate":"https:\/\/worldofflowerpots.com\/?s={search_term_string}"},"query-input":{"@type":"PropertyValueSpecification","valueRequired":true,"valueName":"search_term_string"}}],"inLanguage":"pl-PL"}]}},"_links":{"self":[{"href":"https:\/\/worldofflowerpots.com\/pl\/wp-json\/wp\/v2\/product\/50755","targetHints":{"allow":["GET"]}}],"collection":[{"href":"https:\/\/worldofflowerpots.com\/pl\/wp-json\/wp\/v2\/product"}],"about":[{"href":"https:\/\/worldofflowerpots.com\/pl\/wp-json\/wp\/v2\/types\/product"}],"wp:featuredmedia":[{"embeddable":true,"href":"https:\/\/worldofflowerpots.com\/pl\/wp-json\/wp\/v2\/media\/57059"}],"wp:attachment":[{"href":"https:\/\/worldofflowerpots.com\/pl\/wp-json\/wp\/v2\/media?parent=50755"}],"wp:term":[{"taxonomy":"product_brand","embeddable":true,"href":"https:\/\/worldofflowerpots.com\/pl\/wp-json\/wp\/v2\/product_brand?post=50755"},{"taxonomy":"product_cat","embeddable":true,"href":"https:\/\/worldofflowerpots.com\/pl\/wp-json\/wp\/v2\/product_cat?post=50755"},{"taxonomy":"product_tag","embeddable":true,"href":"https:\/\/worldofflowerpots.com\/pl\/wp-json\/wp\/v2\/product_tag?post=50755"}],"curies":[{"name":"wp","href":"https:\/\/api.w.org\/{rel}","templated":true}]}}