{"id":50756,"date":"2019-01-18T15:06:22","date_gmt":"2019-01-18T14:06:22","guid":{"rendered":"https:\/\/worldofflowerpots.com\/product\/import-placeholder-for-70\/"},"modified":"2019-04-03T15:41:37","modified_gmt":"2019-04-03T13:41:37","slug":"donice-stalowe-corten-cubi-12","status":"publish","type":"product","link":"https:\/\/worldofflowerpots.com\/pl\/sklep\/donice-stalowe-corten-cubi-12\/","title":{"rendered":"Donice Stalowe corten Cubi 12"},"content":{"rendered":"<h2><strong>Donice stalowe corten<\/strong><\/h2>\n<p>Szukasz klasycznej elegancji w po\u0142\u0105czeniu z solidnym wykonaniem? Czy wa\u017cne s\u0105 dla Ciebie detale wizualne w Twoim ogrodzie? Je\u015bli na oba te pytania odpowiedzia\u0142e\u015b twierdz\u0105co, to donice stalowe corten s\u0105 dla Ciebie idealnym rozwi\u0105zaniem! Trwa\u0142o\u015b\u0107 wykonania po\u0142\u0105czona z klasyczn\u0105 elegancj\u0105 nawet najbardziej wybrednego klienta wprawi z zawr\u00f3t g\u0142owy!<br \/>\nDonice stalowe corten przeznaczone s\u0105 zar\u00f3wno dla mniejszych, jak i wi\u0119kszych ro\u015blin ogrodowych. Spe\u0142ni\u0105 wi\u0119c, z ca\u0142\u0105 pewno\u015bci\u0105, wymagania ka\u017cdego wielbiciela ro\u015blinno\u015bci. Jej pod\u0142u\u017cny, prostok\u0105tny kszta\u0142t nada Twojemu ogrodowi szyku i pozwoli stworzy\u0107 ciesz\u0105c\u0105 oko mozaik\u0119 florystyczn\u0105. Stworzony na jej dnie system otwor\u00f3w odp\u0142ywowych i dodatkowa izolacja dwucentymetrow\u0105 warstw\u0105 styropianu sprawi, \u017ce sprosta ona wymaganiom nawet najtrudniejszych ro\u015blin.<\/p>\n<h2><strong>Do domu czy ogrodu?<\/strong><\/h2>\n<p>Donice ogrodowe r\u00f3\u017cni\u0105 si\u0119 od tych stosowanych wewn\u0105trz domu. Musz\u0105 by\u0107 odporne na wp\u0142yw warunk\u00f3w atmosferycznych, kt\u00f3re oferuje nam ka\u017cda pora roku. Donice stalowe corten wykonane s\u0105 z najwy\u017cszej jako\u015bci stali o dodatkowo podwy\u017cszonej trwa\u0142o\u015bci. Pozwala to zapewni\u0107 stabilno\u015b\u0107 i odporno\u015b\u0107 na czynniki takie jak mr\u00f3z, promieniowanie UV, czy wiatr. Stabilno\u015b\u0107 wykonania pozwoli ochroni\u0107 umieszczone w nich ro\u015bliny od warunk\u00f3w atmosferycznych, kt\u00f3re mog\u0142yby je po\u0142ama\u0107 i zniszczy\u0107. Materia\u0142 stalowy chroni tak\u017ce sam\u0105 donic\u0119 przed przewr\u00f3ceniem i uszkodzeniem, ale nie wp\u0142ywa na elegancj\u0119 samego jej wygl\u0105du.<\/p>\n<h2><strong>Aran\u017cacje<\/strong><\/h2>\n<p>Unikalna forma donicy i jej rdzawy koloryt sprawi, \u017ce ka\u017cdy typ umieszczonej w niej ro\u015bliny b\u0119dzie prezentowa\u0142 si\u0119 wyj\u0105tkowo. Donica nie pozostanie oboj\u0119tna wra\u017ceniom wizualnym. Jej klasyczna uniwersalno\u015b\u0107 pozwoli dopie\u015bci\u0107 wygl\u0105d ka\u017cdego ogrodu, patio czy tarasu. Od tej pory jedzenie obiadu w gronie najbli\u017cszych wzbogacone b\u0119dzie o poczucie elegancji otoczenia i dba\u0142o\u015bci o szczeg\u00f3\u0142y. Donice pi\u0119knie wkomponuj\u0105 si\u0119 tak\u017ce ustawione przy drzwiach frontowych domu. Umieszczenie w nich zielonych krzew\u00f3w sprawi, \u017ce ju\u017c od wej\u015bcia b\u0119dziemy mogli cieszy\u0107 si\u0119 pi\u0119knym widokiem, skomponowanej przez nas, natury. Sp\u0119dzanie czasu w przydomowym otoczeniu nigdy jeszcze nie by\u0142o tak przyjemne!<\/p>\n","protected":false},"excerpt":{"rendered":"<p>Donica Cubi 12\u00a0 z blachy cortenowej o grubo\u015bci 2mm. W dnie posiada otwory odp\u0142ywowe, natomiast jej \u015bcianki ocieplone s\u0105 styropianem o grubo\u015bci 2cm. Wymiary donicy:d\u0142ugo\u015b\u0107:90cm, szeroko\u015b\u0107:30cm, wysoko\u015b\u0107:80cm.<\/p>\n","protected":false},"featured_media":57069,"template":"","meta":{"_acf_changed":false},"product_brand":[],"product_cat":[126],"product_tag":[444,449,450],"class_list":{"0":"post-50756","1":"product","2":"type-product","3":"status-publish","4":"has-post-thumbnail","6":"product_cat-donice-ze-stali-corten","7":"product_tag-donice-ogrodowe","8":"product_tag-donice-z-cortenu","9":"product_tag-donice-z-efektem-rdzy","10":"description-off","11":"tm-has-options","13":"first","14":"instock","15":"shipping-taxable","16":"purchasable","17":"product-type-simple"},"acf":[],"yoast_head":"<!-- This site is optimized with the Yoast SEO plugin v27.5 - https:\/\/yoast.com\/product\/yoast-seo-wordpress\/ -->\n<title>Donice Stalowe Corten Cubi 12 Stabilne i Prostok\u0105tne<\/title>\n<meta name=\"description\" content=\"Donice stalowe corten przeznaczone s\u0105 zar\u00f3wno dla mniejszych, jak i wi\u0119kszych ro\u015blin ogrodowych. Spe\u0142ni\u0105 wi\u0119c wymagania ka\u017cdego wielbiciela ro\u015blinno\u015bci.\" \/>\n<meta name=\"robots\" content=\"index, follow, max-snippet:-1, max-image-preview:large, max-video-preview:-1\" \/>\n<link rel=\"canonical\" href=\"https:\/\/worldofflowerpots.com\/sklep\/donice-stalowe-corten-cubi-12\/\" \/>\n<meta property=\"og:locale\" content=\"pl_PL\" \/>\n<meta property=\"og:type\" content=\"article\" \/>\n<meta property=\"og:title\" content=\"Donice Stalowe Corten Cubi 12 Stabilne i Prostok\u0105tne\" \/>\n<meta property=\"og:description\" content=\"Donice stalowe corten przeznaczone s\u0105 zar\u00f3wno dla mniejszych, jak i wi\u0119kszych ro\u015blin ogrodowych. Spe\u0142ni\u0105 wi\u0119c wymagania ka\u017cdego wielbiciela ro\u015blinno\u015bci.\" \/>\n<meta property=\"og:url\" content=\"https:\/\/worldofflowerpots.com\/sklep\/donice-stalowe-corten-cubi-12\/\" \/>\n<meta property=\"og:site_name\" content=\"World of Flowerpots\" \/>\n<meta property=\"article:modified_time\" content=\"2019-04-03T13:41:37+00:00\" \/>\n<meta property=\"og:image\" content=\"https:\/\/worldofflowerpots.com\/wp-content\/uploads\/2019\/01\/Donice-stalowe-corten-Cubi_12.jpg\" \/>\n\t<meta property=\"og:image:width\" content=\"2280\" \/>\n\t<meta property=\"og:image:height\" content=\"1612\" \/>\n\t<meta property=\"og:image:type\" content=\"image\/jpeg\" \/>\n<meta name=\"twitter:card\" content=\"summary_large_image\" \/>\n<meta name=\"twitter:label1\" content=\"Szacowany czas czytania\" \/>\n\t<meta name=\"twitter:data1\" content=\"2 minuty\" \/>\n<script type=\"application\/ld+json\" class=\"yoast-schema-graph\">{\"@context\":\"https:\\\/\\\/schema.org\",\"@graph\":[{\"@type\":\"WebPage\",\"@id\":\"https:\\\/\\\/worldofflowerpots.com\\\/sklep\\\/donice-stalowe-corten-cubi-12\\\/\",\"url\":\"https:\\\/\\\/worldofflowerpots.com\\\/sklep\\\/donice-stalowe-corten-cubi-12\\\/\",\"name\":\"Donice Stalowe Corten Cubi 12 Stabilne i Prostok\u0105tne\",\"isPartOf\":{\"@id\":\"https:\\\/\\\/worldofflowerpots.com\\\/#website\"},\"primaryImageOfPage\":{\"@id\":\"https:\\\/\\\/worldofflowerpots.com\\\/sklep\\\/donice-stalowe-corten-cubi-12\\\/#primaryimage\"},\"image\":{\"@id\":\"https:\\\/\\\/worldofflowerpots.com\\\/sklep\\\/donice-stalowe-corten-cubi-12\\\/#primaryimage\"},\"thumbnailUrl\":\"https:\\\/\\\/worldofflowerpots.com\\\/wp-content\\\/uploads\\\/2019\\\/01\\\/Donice-stalowe-corten-Cubi_12.jpg\",\"datePublished\":\"2019-01-18T14:06:22+00:00\",\"dateModified\":\"2019-04-03T13:41:37+00:00\",\"description\":\"Donice stalowe corten przeznaczone s\u0105 zar\u00f3wno dla mniejszych, jak i wi\u0119kszych ro\u015blin ogrodowych. Spe\u0142ni\u0105 wi\u0119c wymagania ka\u017cdego wielbiciela ro\u015blinno\u015bci.\",\"breadcrumb\":{\"@id\":\"https:\\\/\\\/worldofflowerpots.com\\\/sklep\\\/donice-stalowe-corten-cubi-12\\\/#breadcrumb\"},\"inLanguage\":\"pl-PL\",\"potentialAction\":[{\"@type\":\"ReadAction\",\"target\":[\"https:\\\/\\\/worldofflowerpots.com\\\/sklep\\\/donice-stalowe-corten-cubi-12\\\/\"]}]},{\"@type\":\"ImageObject\",\"inLanguage\":\"pl-PL\",\"@id\":\"https:\\\/\\\/worldofflowerpots.com\\\/sklep\\\/donice-stalowe-corten-cubi-12\\\/#primaryimage\",\"url\":\"https:\\\/\\\/worldofflowerpots.com\\\/wp-content\\\/uploads\\\/2019\\\/01\\\/Donice-stalowe-corten-Cubi_12.jpg\",\"contentUrl\":\"https:\\\/\\\/worldofflowerpots.com\\\/wp-content\\\/uploads\\\/2019\\\/01\\\/Donice-stalowe-corten-Cubi_12.jpg\",\"width\":2280,\"height\":1612},{\"@type\":\"BreadcrumbList\",\"@id\":\"https:\\\/\\\/worldofflowerpots.com\\\/sklep\\\/donice-stalowe-corten-cubi-12\\\/#breadcrumb\",\"itemListElement\":[{\"@type\":\"ListItem\",\"position\":1,\"name\":\"Strona g\u0142\u00f3wna\",\"item\":\"https:\\\/\\\/worldofflowerpots.com\\\/\"},{\"@type\":\"ListItem\",\"position\":2,\"name\":\"Sklep\",\"item\":\"https:\\\/\\\/worldofflowerpots.com\\\/sklep\\\/\"},{\"@type\":\"ListItem\",\"position\":3,\"name\":\"Donice Stalowe corten Cubi 12\"}]},{\"@type\":\"WebSite\",\"@id\":\"https:\\\/\\\/worldofflowerpots.com\\\/#website\",\"url\":\"https:\\\/\\\/worldofflowerpots.com\\\/\",\"name\":\"World of Flowerpots\",\"description\":\"producent donic ozdobnych\",\"potentialAction\":[{\"@type\":\"SearchAction\",\"target\":{\"@type\":\"EntryPoint\",\"urlTemplate\":\"https:\\\/\\\/worldofflowerpots.com\\\/?s={search_term_string}\"},\"query-input\":{\"@type\":\"PropertyValueSpecification\",\"valueRequired\":true,\"valueName\":\"search_term_string\"}}],\"inLanguage\":\"pl-PL\"}]}<\/script>\n<!-- \/ Yoast SEO plugin. -->","yoast_head_json":{"title":"Donice Stalowe Corten Cubi 12 Stabilne i Prostok\u0105tne","description":"Donice stalowe corten przeznaczone s\u0105 zar\u00f3wno dla mniejszych, jak i wi\u0119kszych ro\u015blin ogrodowych. Spe\u0142ni\u0105 wi\u0119c wymagania ka\u017cdego wielbiciela ro\u015blinno\u015bci.","robots":{"index":"index","follow":"follow","max-snippet":"max-snippet:-1","max-image-preview":"max-image-preview:large","max-video-preview":"max-video-preview:-1"},"canonical":"https:\/\/worldofflowerpots.com\/sklep\/donice-stalowe-corten-cubi-12\/","og_locale":"pl_PL","og_type":"article","og_title":"Donice Stalowe Corten Cubi 12 Stabilne i Prostok\u0105tne","og_description":"Donice stalowe corten przeznaczone s\u0105 zar\u00f3wno dla mniejszych, jak i wi\u0119kszych ro\u015blin ogrodowych. Spe\u0142ni\u0105 wi\u0119c wymagania ka\u017cdego wielbiciela ro\u015blinno\u015bci.","og_url":"https:\/\/worldofflowerpots.com\/sklep\/donice-stalowe-corten-cubi-12\/","og_site_name":"World of Flowerpots","article_modified_time":"2019-04-03T13:41:37+00:00","og_image":[{"width":2280,"height":1612,"url":"https:\/\/worldofflowerpots.com\/wp-content\/uploads\/2019\/01\/Donice-stalowe-corten-Cubi_12.jpg","type":"image\/jpeg"}],"twitter_card":"summary_large_image","twitter_misc":{"Szacowany czas czytania":"2 minuty"},"schema":{"@context":"https:\/\/schema.org","@graph":[{"@type":"WebPage","@id":"https:\/\/worldofflowerpots.com\/sklep\/donice-stalowe-corten-cubi-12\/","url":"https:\/\/worldofflowerpots.com\/sklep\/donice-stalowe-corten-cubi-12\/","name":"Donice Stalowe Corten Cubi 12 Stabilne i Prostok\u0105tne","isPartOf":{"@id":"https:\/\/worldofflowerpots.com\/#website"},"primaryImageOfPage":{"@id":"https:\/\/worldofflowerpots.com\/sklep\/donice-stalowe-corten-cubi-12\/#primaryimage"},"image":{"@id":"https:\/\/worldofflowerpots.com\/sklep\/donice-stalowe-corten-cubi-12\/#primaryimage"},"thumbnailUrl":"https:\/\/worldofflowerpots.com\/wp-content\/uploads\/2019\/01\/Donice-stalowe-corten-Cubi_12.jpg","datePublished":"2019-01-18T14:06:22+00:00","dateModified":"2019-04-03T13:41:37+00:00","description":"Donice stalowe corten przeznaczone s\u0105 zar\u00f3wno dla mniejszych, jak i wi\u0119kszych ro\u015blin ogrodowych. Spe\u0142ni\u0105 wi\u0119c wymagania ka\u017cdego wielbiciela ro\u015blinno\u015bci.","breadcrumb":{"@id":"https:\/\/worldofflowerpots.com\/sklep\/donice-stalowe-corten-cubi-12\/#breadcrumb"},"inLanguage":"pl-PL","potentialAction":[{"@type":"ReadAction","target":["https:\/\/worldofflowerpots.com\/sklep\/donice-stalowe-corten-cubi-12\/"]}]},{"@type":"ImageObject","inLanguage":"pl-PL","@id":"https:\/\/worldofflowerpots.com\/sklep\/donice-stalowe-corten-cubi-12\/#primaryimage","url":"https:\/\/worldofflowerpots.com\/wp-content\/uploads\/2019\/01\/Donice-stalowe-corten-Cubi_12.jpg","contentUrl":"https:\/\/worldofflowerpots.com\/wp-content\/uploads\/2019\/01\/Donice-stalowe-corten-Cubi_12.jpg","width":2280,"height":1612},{"@type":"BreadcrumbList","@id":"https:\/\/worldofflowerpots.com\/sklep\/donice-stalowe-corten-cubi-12\/#breadcrumb","itemListElement":[{"@type":"ListItem","position":1,"name":"Strona g\u0142\u00f3wna","item":"https:\/\/worldofflowerpots.com\/"},{"@type":"ListItem","position":2,"name":"Sklep","item":"https:\/\/worldofflowerpots.com\/sklep\/"},{"@type":"ListItem","position":3,"name":"Donice Stalowe corten Cubi 12"}]},{"@type":"WebSite","@id":"https:\/\/worldofflowerpots.com\/#website","url":"https:\/\/worldofflowerpots.com\/","name":"World of Flowerpots","description":"producent donic ozdobnych","potentialAction":[{"@type":"SearchAction","target":{"@type":"EntryPoint","urlTemplate":"https:\/\/worldofflowerpots.com\/?s={search_term_string}"},"query-input":{"@type":"PropertyValueSpecification","valueRequired":true,"valueName":"search_term_string"}}],"inLanguage":"pl-PL"}]}},"_links":{"self":[{"href":"https:\/\/worldofflowerpots.com\/pl\/wp-json\/wp\/v2\/product\/50756","targetHints":{"allow":["GET"]}}],"collection":[{"href":"https:\/\/worldofflowerpots.com\/pl\/wp-json\/wp\/v2\/product"}],"about":[{"href":"https:\/\/worldofflowerpots.com\/pl\/wp-json\/wp\/v2\/types\/product"}],"wp:featuredmedia":[{"embeddable":true,"href":"https:\/\/worldofflowerpots.com\/pl\/wp-json\/wp\/v2\/media\/57069"}],"wp:attachment":[{"href":"https:\/\/worldofflowerpots.com\/pl\/wp-json\/wp\/v2\/media?parent=50756"}],"wp:term":[{"taxonomy":"product_brand","embeddable":true,"href":"https:\/\/worldofflowerpots.com\/pl\/wp-json\/wp\/v2\/product_brand?post=50756"},{"taxonomy":"product_cat","embeddable":true,"href":"https:\/\/worldofflowerpots.com\/pl\/wp-json\/wp\/v2\/product_cat?post=50756"},{"taxonomy":"product_tag","embeddable":true,"href":"https:\/\/worldofflowerpots.com\/pl\/wp-json\/wp\/v2\/product_tag?post=50756"}],"curies":[{"name":"wp","href":"https:\/\/api.w.org\/{rel}","templated":true}]}}