{"id":50757,"date":"2019-01-18T15:06:22","date_gmt":"2019-01-18T14:06:22","guid":{"rendered":"https:\/\/worldofflowerpots.com\/product\/import-placeholder-for-71\/"},"modified":"2019-04-03T15:43:23","modified_gmt":"2019-04-03T13:43:23","slug":"corten-blacha-cubi-11","status":"publish","type":"product","link":"https:\/\/worldofflowerpots.com\/pl\/sklep\/corten-blacha-cubi-11\/","title":{"rendered":"Corten blacha Cubi 11"},"content":{"rendered":"<h2><strong>Cubi 11 &#8211; fundament z cortenu<\/strong><\/h2>\n<p>Du\u017ce donice o kubicznym kszta\u0142cie znajd\u0105 uznanie\u00a0w oczach ka\u017cdego w\u0142a\u015bciciela ogrodu, kt\u00f3ry lubi planowa\u0107 przestrze\u0144. Wa\u017cn\u0105 cech\u0105 Cubi 11\u00a0jest wysoka odporno\u015b\u0107 na najbardziej ekstremalne warunki i zjawiska atmosferyczne.\u00a0Corten (blacha\u00a0o grubo\u015bci 2 mm, niesamowicie odporna na mr\u00f3z i opady) &#8211; to nazwa tworzywa, z kt\u00f3rego wykonano donic\u0119. Ten niezwyk\u0142y materia\u0142 praktycznie nie zmienia swoich\u00a0w\u0142a\u015bciwo\u015bci. Zawdzi\u0119czamy to wyj\u0105tkowemu stopowi gwarantuj\u0105cemu brak korozji, z zawarto\u015bci\u0105 czterech metali: niklu, chromu, miedzi i fosforu.<\/p>\n<h2><strong>Zaskakuj\u0105cy wygl\u0105d cortenu<\/strong><\/h2>\n<p>Donica Cubi 11 to element konstrukcyjny ma\u0142ej architektury, lekki, nieprzyt\u0142aczaj\u0105cy, zachowuj\u0105cy oryginalny kolor.\u00a0Corten, blacha\u00a0o niezwyk\u0142ych w\u0142a\u015bciwo\u015bciach antykorozyjnych, zachowuje te\u017c wyj\u0105tkow\u0105 barw\u0119 i struktur\u0119 powierzchni, szlachetn\u0105, z\u0142ocistobr\u0105zow\u0105. Na pierwszy rzut oka przypomina to rdzawy nalot, ale po d\u0142u\u017cszej obserwacji wida\u0107 wielk\u0105 r\u00f3\u017cnic\u0119. Coraz popularniejsze elementy architektury ogrodowej z blachy kortenowskiej otwieraj\u0105 w naszych ogrodach nowe mo\u017cliwo\u015bci. W\u015br\u00f3d nich linia Cubi wprost stworzona jest do wyznaczania g\u0142\u00f3wnych punkt\u00f3w aran\u017cacji\u00a0ka\u017cdego kr\u00f3lestwa zieleni.<\/p>\n<h2><strong>Umo\u017cliwia wiele kompozycji<\/strong><\/h2>\n<p>Rozmiary 1200 na 500 cm daj\u0105 konkretn\u0105 pojemno\u015b\u0107 &#8211; a\u017c 350 l. Kubatura oraz solidna waga 50 kg przeznaczaj\u0105 t\u0119 donic\u0119 do komponowania brzeg\u00f3w i skrajnych kraw\u0119dzi ogrodu. Donica z cortenu Cubi 11 umo\u017cliwia nasadzenia ro\u015blin o rozbudowanym systemie korzeniowym, kt\u00f3rych w razie rozrostu nie trzeba b\u0119dzie przesadza\u0107. R\u00f3wnie dobrze sprawdzaj\u0105 si\u0119 w niej roz\u0142o\u017cyste krzewinki lub miniaturowe drzewka. Dzi\u0119ki kompaktowym kszta\u0142tom idealnie nadaje si\u0119\u00a0do tworzenia\u00a0 szpaler\u00f3w czy element\u00f3w t\u0142a. Ustawienie kilku donic wzd\u0142u\u017c linii alejki podkre\u015bli jej wertykalny charakter. Mo\u017cna te\u017c inaczej &#8211; pojedyncza donica Cubi 11 sprawdzi si\u0119 jako klomb ustawiony wzd\u0142u\u017c fasady lub przed posesj\u0105. Wtedy najlepiej umie\u015bci\u0107 w niej kompozycj\u0119 \u015brednich ro\u015blin ozdobnych i ni\u017cszych, p\u0142o\u017c\u0105cych, lu\u017ano opadaj\u0105cych przez jej wysokie kraw\u0119dzie.<\/p>\n","protected":false},"excerpt":{"rendered":"<p>Donica Cubi 11 z blachy cortenowej o grubo\u015bci 2 mm. W dnie posiada otwory odp\u0142ywowe, natomiast jej \u015bcianki ocieplone s\u0105 styropianem o grubo\u015bci 2cm. Wymiary donicy: d\u0142ugo\u015b\u0107: 120 cm, szeroko\u015b\u0107: 50 cm, wysoko\u015b\u0107: 60 cm.<\/p>\n","protected":false},"featured_media":57079,"template":"","meta":{"_acf_changed":false},"product_brand":[],"product_cat":[126],"product_tag":[444,449,450],"class_list":{"0":"post-50757","1":"product","2":"type-product","3":"status-publish","4":"has-post-thumbnail","6":"product_cat-donice-ze-stali-corten","7":"product_tag-donice-ogrodowe","8":"product_tag-donice-z-cortenu","9":"product_tag-donice-z-efektem-rdzy","10":"description-off","11":"tm-has-options","13":"first","14":"instock","15":"shipping-taxable","16":"purchasable","17":"product-type-simple"},"acf":[],"yoast_head":"<!-- This site is optimized with the Yoast SEO plugin v27.5 - https:\/\/yoast.com\/product\/yoast-seo-wordpress\/ -->\n<title>Corten Blacha Donice Cubi 11 - Du\u017ce, Prostok\u0105tne, Ogrodowe<\/title>\n<meta name=\"description\" content=\"Corten, blacha o niezwyk\u0142ych w\u0142a\u015bciwo\u015bciach antykorozyjnych, zachowuje te\u017c wyj\u0105tkow\u0105 barw\u0119 i struktur\u0119 powierzchni, szlachetn\u0105, z\u0142ocistobr\u0105zow\u0105\" \/>\n<meta name=\"robots\" content=\"index, follow, max-snippet:-1, max-image-preview:large, max-video-preview:-1\" \/>\n<link rel=\"canonical\" href=\"https:\/\/worldofflowerpots.com\/sklep\/corten-blacha-cubi-11\/\" \/>\n<meta property=\"og:locale\" content=\"pl_PL\" \/>\n<meta property=\"og:type\" content=\"article\" \/>\n<meta property=\"og:title\" content=\"Corten Blacha Donice Cubi 11 - Du\u017ce, Prostok\u0105tne, Ogrodowe\" \/>\n<meta property=\"og:description\" content=\"Corten, blacha o niezwyk\u0142ych w\u0142a\u015bciwo\u015bciach antykorozyjnych, zachowuje te\u017c wyj\u0105tkow\u0105 barw\u0119 i struktur\u0119 powierzchni, szlachetn\u0105, z\u0142ocistobr\u0105zow\u0105\" \/>\n<meta property=\"og:url\" content=\"https:\/\/worldofflowerpots.com\/sklep\/corten-blacha-cubi-11\/\" \/>\n<meta property=\"og:site_name\" content=\"World of Flowerpots\" \/>\n<meta property=\"article:modified_time\" content=\"2019-04-03T13:43:23+00:00\" \/>\n<meta property=\"og:image\" content=\"https:\/\/worldofflowerpots.com\/wp-content\/uploads\/2019\/01\/Blacha-corten-Cubi_11.jpg\" \/>\n\t<meta property=\"og:image:width\" content=\"2280\" \/>\n\t<meta property=\"og:image:height\" content=\"1612\" \/>\n\t<meta property=\"og:image:type\" content=\"image\/jpeg\" \/>\n<meta name=\"twitter:card\" content=\"summary_large_image\" \/>\n<meta name=\"twitter:label1\" content=\"Szacowany czas czytania\" \/>\n\t<meta name=\"twitter:data1\" content=\"2 minuty\" \/>\n<script type=\"application\/ld+json\" class=\"yoast-schema-graph\">{\"@context\":\"https:\\\/\\\/schema.org\",\"@graph\":[{\"@type\":\"WebPage\",\"@id\":\"https:\\\/\\\/worldofflowerpots.com\\\/sklep\\\/corten-blacha-cubi-11\\\/\",\"url\":\"https:\\\/\\\/worldofflowerpots.com\\\/sklep\\\/corten-blacha-cubi-11\\\/\",\"name\":\"Corten Blacha Donice Cubi 11 - Du\u017ce, Prostok\u0105tne, Ogrodowe\",\"isPartOf\":{\"@id\":\"https:\\\/\\\/worldofflowerpots.com\\\/#website\"},\"primaryImageOfPage\":{\"@id\":\"https:\\\/\\\/worldofflowerpots.com\\\/sklep\\\/corten-blacha-cubi-11\\\/#primaryimage\"},\"image\":{\"@id\":\"https:\\\/\\\/worldofflowerpots.com\\\/sklep\\\/corten-blacha-cubi-11\\\/#primaryimage\"},\"thumbnailUrl\":\"https:\\\/\\\/worldofflowerpots.com\\\/wp-content\\\/uploads\\\/2019\\\/01\\\/Blacha-corten-Cubi_11.jpg\",\"datePublished\":\"2019-01-18T14:06:22+00:00\",\"dateModified\":\"2019-04-03T13:43:23+00:00\",\"description\":\"Corten, blacha o niezwyk\u0142ych w\u0142a\u015bciwo\u015bciach antykorozyjnych, zachowuje te\u017c wyj\u0105tkow\u0105 barw\u0119 i struktur\u0119 powierzchni, szlachetn\u0105, z\u0142ocistobr\u0105zow\u0105\",\"breadcrumb\":{\"@id\":\"https:\\\/\\\/worldofflowerpots.com\\\/sklep\\\/corten-blacha-cubi-11\\\/#breadcrumb\"},\"inLanguage\":\"pl-PL\",\"potentialAction\":[{\"@type\":\"ReadAction\",\"target\":[\"https:\\\/\\\/worldofflowerpots.com\\\/sklep\\\/corten-blacha-cubi-11\\\/\"]}]},{\"@type\":\"ImageObject\",\"inLanguage\":\"pl-PL\",\"@id\":\"https:\\\/\\\/worldofflowerpots.com\\\/sklep\\\/corten-blacha-cubi-11\\\/#primaryimage\",\"url\":\"https:\\\/\\\/worldofflowerpots.com\\\/wp-content\\\/uploads\\\/2019\\\/01\\\/Blacha-corten-Cubi_11.jpg\",\"contentUrl\":\"https:\\\/\\\/worldofflowerpots.com\\\/wp-content\\\/uploads\\\/2019\\\/01\\\/Blacha-corten-Cubi_11.jpg\",\"width\":2280,\"height\":1612},{\"@type\":\"BreadcrumbList\",\"@id\":\"https:\\\/\\\/worldofflowerpots.com\\\/sklep\\\/corten-blacha-cubi-11\\\/#breadcrumb\",\"itemListElement\":[{\"@type\":\"ListItem\",\"position\":1,\"name\":\"Strona g\u0142\u00f3wna\",\"item\":\"https:\\\/\\\/worldofflowerpots.com\\\/\"},{\"@type\":\"ListItem\",\"position\":2,\"name\":\"Sklep\",\"item\":\"https:\\\/\\\/worldofflowerpots.com\\\/sklep\\\/\"},{\"@type\":\"ListItem\",\"position\":3,\"name\":\"Corten blacha Cubi 11\"}]},{\"@type\":\"WebSite\",\"@id\":\"https:\\\/\\\/worldofflowerpots.com\\\/#website\",\"url\":\"https:\\\/\\\/worldofflowerpots.com\\\/\",\"name\":\"World of Flowerpots\",\"description\":\"producent donic ozdobnych\",\"potentialAction\":[{\"@type\":\"SearchAction\",\"target\":{\"@type\":\"EntryPoint\",\"urlTemplate\":\"https:\\\/\\\/worldofflowerpots.com\\\/?s={search_term_string}\"},\"query-input\":{\"@type\":\"PropertyValueSpecification\",\"valueRequired\":true,\"valueName\":\"search_term_string\"}}],\"inLanguage\":\"pl-PL\"}]}<\/script>\n<!-- \/ Yoast SEO plugin. -->","yoast_head_json":{"title":"Corten Blacha Donice Cubi 11 - Du\u017ce, Prostok\u0105tne, Ogrodowe","description":"Corten, blacha o niezwyk\u0142ych w\u0142a\u015bciwo\u015bciach antykorozyjnych, zachowuje te\u017c wyj\u0105tkow\u0105 barw\u0119 i struktur\u0119 powierzchni, szlachetn\u0105, z\u0142ocistobr\u0105zow\u0105","robots":{"index":"index","follow":"follow","max-snippet":"max-snippet:-1","max-image-preview":"max-image-preview:large","max-video-preview":"max-video-preview:-1"},"canonical":"https:\/\/worldofflowerpots.com\/sklep\/corten-blacha-cubi-11\/","og_locale":"pl_PL","og_type":"article","og_title":"Corten Blacha Donice Cubi 11 - Du\u017ce, Prostok\u0105tne, Ogrodowe","og_description":"Corten, blacha o niezwyk\u0142ych w\u0142a\u015bciwo\u015bciach antykorozyjnych, zachowuje te\u017c wyj\u0105tkow\u0105 barw\u0119 i struktur\u0119 powierzchni, szlachetn\u0105, z\u0142ocistobr\u0105zow\u0105","og_url":"https:\/\/worldofflowerpots.com\/sklep\/corten-blacha-cubi-11\/","og_site_name":"World of Flowerpots","article_modified_time":"2019-04-03T13:43:23+00:00","og_image":[{"width":2280,"height":1612,"url":"https:\/\/worldofflowerpots.com\/wp-content\/uploads\/2019\/01\/Blacha-corten-Cubi_11.jpg","type":"image\/jpeg"}],"twitter_card":"summary_large_image","twitter_misc":{"Szacowany czas czytania":"2 minuty"},"schema":{"@context":"https:\/\/schema.org","@graph":[{"@type":"WebPage","@id":"https:\/\/worldofflowerpots.com\/sklep\/corten-blacha-cubi-11\/","url":"https:\/\/worldofflowerpots.com\/sklep\/corten-blacha-cubi-11\/","name":"Corten Blacha Donice Cubi 11 - Du\u017ce, Prostok\u0105tne, Ogrodowe","isPartOf":{"@id":"https:\/\/worldofflowerpots.com\/#website"},"primaryImageOfPage":{"@id":"https:\/\/worldofflowerpots.com\/sklep\/corten-blacha-cubi-11\/#primaryimage"},"image":{"@id":"https:\/\/worldofflowerpots.com\/sklep\/corten-blacha-cubi-11\/#primaryimage"},"thumbnailUrl":"https:\/\/worldofflowerpots.com\/wp-content\/uploads\/2019\/01\/Blacha-corten-Cubi_11.jpg","datePublished":"2019-01-18T14:06:22+00:00","dateModified":"2019-04-03T13:43:23+00:00","description":"Corten, blacha o niezwyk\u0142ych w\u0142a\u015bciwo\u015bciach antykorozyjnych, zachowuje te\u017c wyj\u0105tkow\u0105 barw\u0119 i struktur\u0119 powierzchni, szlachetn\u0105, z\u0142ocistobr\u0105zow\u0105","breadcrumb":{"@id":"https:\/\/worldofflowerpots.com\/sklep\/corten-blacha-cubi-11\/#breadcrumb"},"inLanguage":"pl-PL","potentialAction":[{"@type":"ReadAction","target":["https:\/\/worldofflowerpots.com\/sklep\/corten-blacha-cubi-11\/"]}]},{"@type":"ImageObject","inLanguage":"pl-PL","@id":"https:\/\/worldofflowerpots.com\/sklep\/corten-blacha-cubi-11\/#primaryimage","url":"https:\/\/worldofflowerpots.com\/wp-content\/uploads\/2019\/01\/Blacha-corten-Cubi_11.jpg","contentUrl":"https:\/\/worldofflowerpots.com\/wp-content\/uploads\/2019\/01\/Blacha-corten-Cubi_11.jpg","width":2280,"height":1612},{"@type":"BreadcrumbList","@id":"https:\/\/worldofflowerpots.com\/sklep\/corten-blacha-cubi-11\/#breadcrumb","itemListElement":[{"@type":"ListItem","position":1,"name":"Strona g\u0142\u00f3wna","item":"https:\/\/worldofflowerpots.com\/"},{"@type":"ListItem","position":2,"name":"Sklep","item":"https:\/\/worldofflowerpots.com\/sklep\/"},{"@type":"ListItem","position":3,"name":"Corten blacha Cubi 11"}]},{"@type":"WebSite","@id":"https:\/\/worldofflowerpots.com\/#website","url":"https:\/\/worldofflowerpots.com\/","name":"World of Flowerpots","description":"producent donic ozdobnych","potentialAction":[{"@type":"SearchAction","target":{"@type":"EntryPoint","urlTemplate":"https:\/\/worldofflowerpots.com\/?s={search_term_string}"},"query-input":{"@type":"PropertyValueSpecification","valueRequired":true,"valueName":"search_term_string"}}],"inLanguage":"pl-PL"}]}},"_links":{"self":[{"href":"https:\/\/worldofflowerpots.com\/pl\/wp-json\/wp\/v2\/product\/50757","targetHints":{"allow":["GET"]}}],"collection":[{"href":"https:\/\/worldofflowerpots.com\/pl\/wp-json\/wp\/v2\/product"}],"about":[{"href":"https:\/\/worldofflowerpots.com\/pl\/wp-json\/wp\/v2\/types\/product"}],"wp:featuredmedia":[{"embeddable":true,"href":"https:\/\/worldofflowerpots.com\/pl\/wp-json\/wp\/v2\/media\/57079"}],"wp:attachment":[{"href":"https:\/\/worldofflowerpots.com\/pl\/wp-json\/wp\/v2\/media?parent=50757"}],"wp:term":[{"taxonomy":"product_brand","embeddable":true,"href":"https:\/\/worldofflowerpots.com\/pl\/wp-json\/wp\/v2\/product_brand?post=50757"},{"taxonomy":"product_cat","embeddable":true,"href":"https:\/\/worldofflowerpots.com\/pl\/wp-json\/wp\/v2\/product_cat?post=50757"},{"taxonomy":"product_tag","embeddable":true,"href":"https:\/\/worldofflowerpots.com\/pl\/wp-json\/wp\/v2\/product_tag?post=50757"}],"curies":[{"name":"wp","href":"https:\/\/api.w.org\/{rel}","templated":true}]}}