{"id":50758,"date":"2019-01-18T15:06:22","date_gmt":"2019-01-18T14:06:22","guid":{"rendered":"https:\/\/worldofflowerpots.com\/product\/import-placeholder-for-72\/"},"modified":"2019-04-03T15:45:06","modified_gmt":"2019-04-03T13:45:06","slug":"donice-corten-cubi-10","status":"publish","type":"product","link":"https:\/\/worldofflowerpots.com\/pl\/sklep\/donice-corten-cubi-10\/","title":{"rendered":"Donice Corten Cubi 10"},"content":{"rendered":"<h2><strong>Donice corten<\/strong><\/h2>\n<p>Kiedy przychodzi czas na aran\u017cacj\u0119 ogrodu wok\u00f3\u0142 naszego domu, sp\u0119dzamy d\u0142ugie godziny nad kartk\u0105 papieru. Bez ko\u0144ca przemierzamy czelu\u015bcie internetu, ogl\u0105daj\u0105c inspiruj\u0105ce obrazy i porady. Planujemy rozsadzenie drzewek, krzew\u00f3w i kwiat\u00f3w donicowych. Kupujemy najlepsze nasiona traw do zasiania na naszym ogrodzie i dobieramy p\u0142ytki na \u015bcie\u017cki wij\u0105ce si\u0119 pomi\u0119dzy strategicznymi punktami ogrodu. Montujemy altank\u0119, urz\u0105dzamy miejsce do grillowania, piaskownic\u0119 dla dzieci, k\u0105cik dla psa. Jednym z istotnych element\u00f3w wystroju ogrodu czy tarasu s\u0105 ro\u015bliny doniczkowe.<\/p>\n<h2><strong>Jakie donice na zewn\u0105trz?<\/strong><\/h2>\n<p>Donice, kt\u00f3re b\u0119d\u0105 sta\u0142y poza domem powinny by\u0107 przede wszystkim odpowiednio du\u017ce i ci\u0119\u017ckie, aby nie przewraca\u0142y si\u0119 od lada podmuchu wiatru, czy wskutek niesfornej bieganiny dzieci czy zwierz\u0105t. Wynalazkiem ostatnich czas\u00f3w, robi\u0105cym furor\u0119 w polskich ogrodach i na tarasach s\u0105 donice corten.<\/p>\n<h2><strong>Czym jest Corten?<\/strong><\/h2>\n<p>Corten jest bardzo interesuj\u0105cym i spektakularnym tworzywem. Corten to specjalny rodzaj stali, kt\u00f3ry pod wp\u0142ywem wystawienia na czynniki atmosferyczne pokrywa si\u0119 cienk\u0105 warstw\u0105 ozdobnej patyny. \u00a0Jest ona efektem wydzielania si\u0119 na powierzchni tlenk\u00f3w miedzi. Jest to proces kontrolowanego rdzewienia, kt\u00f3re nie przenika w g\u0142\u0105b tworzywa. Podwy\u017cszone w\u0142a\u015bciwo\u015bci antykorozyjne cortenu powoduj\u0105, \u017ce jest on pow\u0142ok\u0105 szczeln\u0105 i trwa\u0142\u0105.\u00a0 Stal ta nie ulega niszczeniu, a ze wzgl\u0119du na swoje w\u0142a\u015bciwo\u015bci, jest coraz cz\u0119\u015bciej wykorzystywana w celu nietuzinkowego ozdobienia przestrzeni.<\/p>\n<p>Jako odporny na wilgo\u0107 oraz zmienne temperatury otoczenia, corten doskonale nadje si\u0119 do wykorzystania na zewn\u0105trz. Donice corten wygl\u0105daj\u0105 bardzo estetycznie, dodaj\u0105c walor\u00f3w ogrodom i tarasom. Mnogo\u015b\u0107 form i kszta\u0142t\u00f3w powoduje, \u017ce dopasujemy je do ka\u017cdej przestrzeni. Stal cortenowska nie wp\u0142ywa na ziemi\u0119 zawart\u0105 w donicy, dlatego te\u017c mog\u0105 rosn\u0105\u0107 w niej zupe\u0142nie dowolne kwiaty, krzewy i inne ro\u015bliny zdobi\u0105ce.<\/p>\n<p>Corten prezentuje si\u0119 szczeg\u00f3lnie udanie w zestawieniu z elementami betonowi, szk\u0142em, a tak\u017ce drewnem. Znakomicie wygl\u0105da na tle ogrodowej zieleni.<\/p>\n","protected":false},"excerpt":{"rendered":"<p>Donica Cubi 10 z blachy cortenowej o grubo\u015bci 2mm. W dnie posiada otwory odp\u0142ywowe, natomiast jej \u015bcianki ocieplone s\u0105 styropianem o grubo\u015bci 2cm. Wymiary donicy:d\u0142ugo\u015b\u0107:120cm, szeroko\u015b\u0107:50cm, wysoko\u015b\u0107:60cm.<\/p>\n","protected":false},"featured_media":57089,"template":"","meta":{"_acf_changed":false},"product_brand":[],"product_cat":[126],"product_tag":[444,449,450],"class_list":{"0":"post-50758","1":"product","2":"type-product","3":"status-publish","4":"has-post-thumbnail","6":"product_cat-donice-ze-stali-corten","7":"product_tag-donice-ogrodowe","8":"product_tag-donice-z-cortenu","9":"product_tag-donice-z-efektem-rdzy","10":"description-off","11":"tm-has-options","13":"first","14":"instock","15":"shipping-taxable","16":"purchasable","17":"product-type-simple"},"acf":[],"yoast_head":"<!-- This site is optimized with the Yoast SEO plugin v27.5 - https:\/\/yoast.com\/product\/yoast-seo-wordpress\/ -->\n<title>Donice Corten Cubi 10 - Klasyczne, Prostok\u0105tne, Uniwersalne<\/title>\n<meta name=\"description\" content=\"Donice corten wygl\u0105daj\u0105 bardzo estetycznie, dodaj\u0105c walor\u00f3w ogrodom i tarasom. Mnogo\u015b\u0107 form i kszta\u0142t\u00f3w powoduje, \u017ce dopasujemy je do ka\u017cdej przestrzeni\" \/>\n<meta name=\"robots\" content=\"index, follow, max-snippet:-1, max-image-preview:large, max-video-preview:-1\" \/>\n<link rel=\"canonical\" href=\"https:\/\/worldofflowerpots.com\/sklep\/donice-corten-cubi-10\/\" \/>\n<meta property=\"og:locale\" content=\"pl_PL\" \/>\n<meta property=\"og:type\" content=\"article\" \/>\n<meta property=\"og:title\" content=\"Donice Corten Cubi 10 - Klasyczne, Prostok\u0105tne, Uniwersalne\" \/>\n<meta property=\"og:description\" content=\"Donice corten wygl\u0105daj\u0105 bardzo estetycznie, dodaj\u0105c walor\u00f3w ogrodom i tarasom. Mnogo\u015b\u0107 form i kszta\u0142t\u00f3w powoduje, \u017ce dopasujemy je do ka\u017cdej przestrzeni\" \/>\n<meta property=\"og:url\" content=\"https:\/\/worldofflowerpots.com\/sklep\/donice-corten-cubi-10\/\" \/>\n<meta property=\"og:site_name\" content=\"World of Flowerpots\" \/>\n<meta property=\"article:modified_time\" content=\"2019-04-03T13:45:06+00:00\" \/>\n<meta property=\"og:image\" content=\"https:\/\/worldofflowerpots.com\/wp-content\/uploads\/2019\/01\/Donice-corten-Cubi_10.jpg\" \/>\n\t<meta property=\"og:image:width\" content=\"2280\" \/>\n\t<meta property=\"og:image:height\" content=\"1612\" \/>\n\t<meta property=\"og:image:type\" content=\"image\/jpeg\" \/>\n<meta name=\"twitter:card\" content=\"summary_large_image\" \/>\n<meta name=\"twitter:label1\" content=\"Szacowany czas czytania\" \/>\n\t<meta name=\"twitter:data1\" content=\"2 minuty\" \/>\n<script type=\"application\/ld+json\" class=\"yoast-schema-graph\">{\"@context\":\"https:\\\/\\\/schema.org\",\"@graph\":[{\"@type\":\"WebPage\",\"@id\":\"https:\\\/\\\/worldofflowerpots.com\\\/sklep\\\/donice-corten-cubi-10\\\/\",\"url\":\"https:\\\/\\\/worldofflowerpots.com\\\/sklep\\\/donice-corten-cubi-10\\\/\",\"name\":\"Donice Corten Cubi 10 - Klasyczne, Prostok\u0105tne, Uniwersalne\",\"isPartOf\":{\"@id\":\"https:\\\/\\\/worldofflowerpots.com\\\/#website\"},\"primaryImageOfPage\":{\"@id\":\"https:\\\/\\\/worldofflowerpots.com\\\/sklep\\\/donice-corten-cubi-10\\\/#primaryimage\"},\"image\":{\"@id\":\"https:\\\/\\\/worldofflowerpots.com\\\/sklep\\\/donice-corten-cubi-10\\\/#primaryimage\"},\"thumbnailUrl\":\"https:\\\/\\\/worldofflowerpots.com\\\/wp-content\\\/uploads\\\/2019\\\/01\\\/Donice-corten-Cubi_10.jpg\",\"datePublished\":\"2019-01-18T14:06:22+00:00\",\"dateModified\":\"2019-04-03T13:45:06+00:00\",\"description\":\"Donice corten wygl\u0105daj\u0105 bardzo estetycznie, dodaj\u0105c walor\u00f3w ogrodom i tarasom. Mnogo\u015b\u0107 form i kszta\u0142t\u00f3w powoduje, \u017ce dopasujemy je do ka\u017cdej przestrzeni\",\"breadcrumb\":{\"@id\":\"https:\\\/\\\/worldofflowerpots.com\\\/sklep\\\/donice-corten-cubi-10\\\/#breadcrumb\"},\"inLanguage\":\"pl-PL\",\"potentialAction\":[{\"@type\":\"ReadAction\",\"target\":[\"https:\\\/\\\/worldofflowerpots.com\\\/sklep\\\/donice-corten-cubi-10\\\/\"]}]},{\"@type\":\"ImageObject\",\"inLanguage\":\"pl-PL\",\"@id\":\"https:\\\/\\\/worldofflowerpots.com\\\/sklep\\\/donice-corten-cubi-10\\\/#primaryimage\",\"url\":\"https:\\\/\\\/worldofflowerpots.com\\\/wp-content\\\/uploads\\\/2019\\\/01\\\/Donice-corten-Cubi_10.jpg\",\"contentUrl\":\"https:\\\/\\\/worldofflowerpots.com\\\/wp-content\\\/uploads\\\/2019\\\/01\\\/Donice-corten-Cubi_10.jpg\",\"width\":2280,\"height\":1612},{\"@type\":\"BreadcrumbList\",\"@id\":\"https:\\\/\\\/worldofflowerpots.com\\\/sklep\\\/donice-corten-cubi-10\\\/#breadcrumb\",\"itemListElement\":[{\"@type\":\"ListItem\",\"position\":1,\"name\":\"Strona g\u0142\u00f3wna\",\"item\":\"https:\\\/\\\/worldofflowerpots.com\\\/\"},{\"@type\":\"ListItem\",\"position\":2,\"name\":\"Sklep\",\"item\":\"https:\\\/\\\/worldofflowerpots.com\\\/sklep\\\/\"},{\"@type\":\"ListItem\",\"position\":3,\"name\":\"Donice Corten Cubi 10\"}]},{\"@type\":\"WebSite\",\"@id\":\"https:\\\/\\\/worldofflowerpots.com\\\/#website\",\"url\":\"https:\\\/\\\/worldofflowerpots.com\\\/\",\"name\":\"World of Flowerpots\",\"description\":\"producent donic ozdobnych\",\"potentialAction\":[{\"@type\":\"SearchAction\",\"target\":{\"@type\":\"EntryPoint\",\"urlTemplate\":\"https:\\\/\\\/worldofflowerpots.com\\\/?s={search_term_string}\"},\"query-input\":{\"@type\":\"PropertyValueSpecification\",\"valueRequired\":true,\"valueName\":\"search_term_string\"}}],\"inLanguage\":\"pl-PL\"}]}<\/script>\n<!-- \/ Yoast SEO plugin. -->","yoast_head_json":{"title":"Donice Corten Cubi 10 - Klasyczne, Prostok\u0105tne, Uniwersalne","description":"Donice corten wygl\u0105daj\u0105 bardzo estetycznie, dodaj\u0105c walor\u00f3w ogrodom i tarasom. Mnogo\u015b\u0107 form i kszta\u0142t\u00f3w powoduje, \u017ce dopasujemy je do ka\u017cdej przestrzeni","robots":{"index":"index","follow":"follow","max-snippet":"max-snippet:-1","max-image-preview":"max-image-preview:large","max-video-preview":"max-video-preview:-1"},"canonical":"https:\/\/worldofflowerpots.com\/sklep\/donice-corten-cubi-10\/","og_locale":"pl_PL","og_type":"article","og_title":"Donice Corten Cubi 10 - Klasyczne, Prostok\u0105tne, Uniwersalne","og_description":"Donice corten wygl\u0105daj\u0105 bardzo estetycznie, dodaj\u0105c walor\u00f3w ogrodom i tarasom. Mnogo\u015b\u0107 form i kszta\u0142t\u00f3w powoduje, \u017ce dopasujemy je do ka\u017cdej przestrzeni","og_url":"https:\/\/worldofflowerpots.com\/sklep\/donice-corten-cubi-10\/","og_site_name":"World of Flowerpots","article_modified_time":"2019-04-03T13:45:06+00:00","og_image":[{"width":2280,"height":1612,"url":"https:\/\/worldofflowerpots.com\/wp-content\/uploads\/2019\/01\/Donice-corten-Cubi_10.jpg","type":"image\/jpeg"}],"twitter_card":"summary_large_image","twitter_misc":{"Szacowany czas czytania":"2 minuty"},"schema":{"@context":"https:\/\/schema.org","@graph":[{"@type":"WebPage","@id":"https:\/\/worldofflowerpots.com\/sklep\/donice-corten-cubi-10\/","url":"https:\/\/worldofflowerpots.com\/sklep\/donice-corten-cubi-10\/","name":"Donice Corten Cubi 10 - Klasyczne, Prostok\u0105tne, Uniwersalne","isPartOf":{"@id":"https:\/\/worldofflowerpots.com\/#website"},"primaryImageOfPage":{"@id":"https:\/\/worldofflowerpots.com\/sklep\/donice-corten-cubi-10\/#primaryimage"},"image":{"@id":"https:\/\/worldofflowerpots.com\/sklep\/donice-corten-cubi-10\/#primaryimage"},"thumbnailUrl":"https:\/\/worldofflowerpots.com\/wp-content\/uploads\/2019\/01\/Donice-corten-Cubi_10.jpg","datePublished":"2019-01-18T14:06:22+00:00","dateModified":"2019-04-03T13:45:06+00:00","description":"Donice corten wygl\u0105daj\u0105 bardzo estetycznie, dodaj\u0105c walor\u00f3w ogrodom i tarasom. Mnogo\u015b\u0107 form i kszta\u0142t\u00f3w powoduje, \u017ce dopasujemy je do ka\u017cdej przestrzeni","breadcrumb":{"@id":"https:\/\/worldofflowerpots.com\/sklep\/donice-corten-cubi-10\/#breadcrumb"},"inLanguage":"pl-PL","potentialAction":[{"@type":"ReadAction","target":["https:\/\/worldofflowerpots.com\/sklep\/donice-corten-cubi-10\/"]}]},{"@type":"ImageObject","inLanguage":"pl-PL","@id":"https:\/\/worldofflowerpots.com\/sklep\/donice-corten-cubi-10\/#primaryimage","url":"https:\/\/worldofflowerpots.com\/wp-content\/uploads\/2019\/01\/Donice-corten-Cubi_10.jpg","contentUrl":"https:\/\/worldofflowerpots.com\/wp-content\/uploads\/2019\/01\/Donice-corten-Cubi_10.jpg","width":2280,"height":1612},{"@type":"BreadcrumbList","@id":"https:\/\/worldofflowerpots.com\/sklep\/donice-corten-cubi-10\/#breadcrumb","itemListElement":[{"@type":"ListItem","position":1,"name":"Strona g\u0142\u00f3wna","item":"https:\/\/worldofflowerpots.com\/"},{"@type":"ListItem","position":2,"name":"Sklep","item":"https:\/\/worldofflowerpots.com\/sklep\/"},{"@type":"ListItem","position":3,"name":"Donice Corten Cubi 10"}]},{"@type":"WebSite","@id":"https:\/\/worldofflowerpots.com\/#website","url":"https:\/\/worldofflowerpots.com\/","name":"World of Flowerpots","description":"producent donic ozdobnych","potentialAction":[{"@type":"SearchAction","target":{"@type":"EntryPoint","urlTemplate":"https:\/\/worldofflowerpots.com\/?s={search_term_string}"},"query-input":{"@type":"PropertyValueSpecification","valueRequired":true,"valueName":"search_term_string"}}],"inLanguage":"pl-PL"}]}},"_links":{"self":[{"href":"https:\/\/worldofflowerpots.com\/pl\/wp-json\/wp\/v2\/product\/50758","targetHints":{"allow":["GET"]}}],"collection":[{"href":"https:\/\/worldofflowerpots.com\/pl\/wp-json\/wp\/v2\/product"}],"about":[{"href":"https:\/\/worldofflowerpots.com\/pl\/wp-json\/wp\/v2\/types\/product"}],"wp:featuredmedia":[{"embeddable":true,"href":"https:\/\/worldofflowerpots.com\/pl\/wp-json\/wp\/v2\/media\/57089"}],"wp:attachment":[{"href":"https:\/\/worldofflowerpots.com\/pl\/wp-json\/wp\/v2\/media?parent=50758"}],"wp:term":[{"taxonomy":"product_brand","embeddable":true,"href":"https:\/\/worldofflowerpots.com\/pl\/wp-json\/wp\/v2\/product_brand?post=50758"},{"taxonomy":"product_cat","embeddable":true,"href":"https:\/\/worldofflowerpots.com\/pl\/wp-json\/wp\/v2\/product_cat?post=50758"},{"taxonomy":"product_tag","embeddable":true,"href":"https:\/\/worldofflowerpots.com\/pl\/wp-json\/wp\/v2\/product_tag?post=50758"}],"curies":[{"name":"wp","href":"https:\/\/api.w.org\/{rel}","templated":true}]}}