{"id":50759,"date":"2019-01-18T15:06:22","date_gmt":"2019-01-18T14:06:22","guid":{"rendered":"https:\/\/worldofflowerpots.com\/product\/import-placeholder-for-73\/"},"modified":"2019-04-03T15:51:20","modified_gmt":"2019-04-03T13:51:20","slug":"donice-prostokatne-z-cortenu-cubi-9","status":"publish","type":"product","link":"https:\/\/worldofflowerpots.com\/pl\/sklep\/donice-prostokatne-z-cortenu-cubi-9\/","title":{"rendered":"Donice prostok\u0105tne z cortenu Cubi 9"},"content":{"rendered":"<p>Aran\u017cacja przestrzeni przed w\u0142asnym domem, swojego ogrodu czy tarasu, nie musi by\u0107 rzecz\u0105 trudn\u0105. Wbrew pozorom mo\u017ce przynie\u015b\u0107 wr\u0119cz sporo zabawy i ko\u0144cowej satysfakcji z wyniki naszych dzia\u0142a\u0144. Aby prawid\u0142owo urz\u0105dzi\u0107 ogr\u00f3d i taras, nale\u017cy pos\u0142ugiwa\u0107 si\u0119 produktami, kt\u00f3re b\u0119d\u0105 odporne na dzia\u0142anie czynnik\u00f3w atmosferycznych. Szczeg\u00f3lnie jest to istotne w przypadku opad\u00f3w deszczu, zalegania \u015bniegu oraz intensywnego letniego s\u0142o\u0144ca i lodowatego mrozu zim\u0105.<\/p>\n<p>Materia\u0142y wykorzystywane do produkcji donic nie zawsze nadaj\u0105 si\u0119 do ekspozycji zewn\u0119trznej. Inaczej rzecz si\u0119 ma z cortenem.<\/p>\n<h2><strong>Dlaczego corten to odpowiednie tworzywo na donice?<\/strong><\/h2>\n<p>Donice prostok\u0105tne z cortenu to coraz cz\u0119stszy widok na przydomowych tarasach i ogr\u00f3dkach. Corten to bardzo specyficzny materia\u0142 stalowy. Ma ono podwy\u017cszone w\u0142a\u015bciwo\u015bci chroni\u0105ce go przed korozj\u0105. Jednak ma on z korozj\u0105 sporo wsp\u00f3lnego, poniewa\u017c podlega kontrolowanemu procesowi rdzewienia powierzchniowego. Tlenki miedzi wytr\u0105caj\u0105c si\u0119 na powierzchni cortenu tworz\u0105 cieniutk\u0105 warstw\u0119, bardzo korzystn\u0105 estetycznie. Jednocze\u015bnie g\u0142\u0119bsze warstwy stali nie ulegaj\u0105 niszcz\u0105cej dzia\u0142alno\u015bci rdzy, przez co takie donice prostok\u0105tne z cortenu zdobi\u0105 ogrody i tarasy przez d\u0142ugie lata.<\/p>\n<h2><strong>Specyfikacja donicy Cubi 9<\/strong><\/h2>\n<p>Cubi 9 to model sporej wielko\u015bci donicy zewn\u0119trznej o d\u0142ugo\u015bci 200 cm, szeroko\u015bci: 50cm i wysoko\u015bci: 60cm. Donica Cubi 9 pomie\u015bci 600 l, a przy tym wa\u017cy 75 kg. Grubo\u015b\u0107 stalowych bok\u00f3w donicy to tylko 2 mm, natomiast wn\u0119trze wy\u015bcielone jest warstw\u0105 styropianu. Ma on zabezpiecza\u0107 zawarto\u015bci donicy przed nadmiernym szybkim przemarzaniem. W dnie rozlokowano otwory odp\u0142ywowe, kt\u00f3rych zadaniem jest odprowadzenie nadmiaru wody znajduj\u0105cej si\u0119 w donicy.<\/p>\n<p>Rdzawe pokrycie powierzchni donicy przypomina wygl\u0105dem patyn\u0119, na taki efekt patynowania w naturalnych warunkach trzeba czeka\u0107 wiele lat. Nasze produkty dostarczane s\u0105 do klienta ju\u017c \u201ezardzewia\u0142e\u201d \u2013 gotowe do obsadzenia. Taki rodzaj pow\u0142oki pasuje to stylu rustykalnego, ale donice prostok\u0105tne z cortenu sprawdz\u0105 si\u0119 znakomicie w wielu kompozycjach w towarzystwie innych struktur. Tekstura zewn\u0119trzna jest bardzo estetyczna i niepowtarzalna, co bezsprzecznie dodaje ogrodom i tarasom uroku.<\/p>\n","protected":false},"excerpt":{"rendered":"<p>Donica Cubi 9\u00a0 z blachy cortenowej o grubo\u015bci 2mm. W dnie posiada otwory odp\u0142ywowe, natomiast jej \u015bcianki ocieplone s\u0105 styropianem o grubo\u015bci 2cm. Wymiary donicy:d\u0142ugo\u015b\u0107:200cm, szeroko\u015b\u0107:50cm, wysoko\u015b\u0107:60cm.<\/p>\n","protected":false},"featured_media":57099,"template":"","meta":{"_acf_changed":false},"product_brand":[],"product_cat":[126],"product_tag":[444,449,450],"class_list":{"0":"post-50759","1":"product","2":"type-product","3":"status-publish","4":"has-post-thumbnail","6":"product_cat-donice-ze-stali-corten","7":"product_tag-donice-ogrodowe","8":"product_tag-donice-z-cortenu","9":"product_tag-donice-z-efektem-rdzy","10":"description-off","11":"tm-has-options","13":"first","14":"instock","15":"shipping-taxable","16":"purchasable","17":"product-type-simple"},"acf":[],"yoast_head":"<!-- This site is optimized with the Yoast SEO plugin v27.5 - https:\/\/yoast.com\/product\/yoast-seo-wordpress\/ -->\n<title>Donice prostok\u0105tne z cortenu Cubi 9 Do Szpaler\u00f3w Ro\u015blin Zielonych<\/title>\n<meta name=\"description\" content=\"Donice prostok\u0105tne z cortenu to coraz cz\u0119stszy widok na przydomowych tarasach i ogr\u00f3dkach. Corten to bardzo specyficzny materia\u0142 stalowy.\" \/>\n<meta name=\"robots\" content=\"index, follow, max-snippet:-1, max-image-preview:large, max-video-preview:-1\" \/>\n<link rel=\"canonical\" href=\"https:\/\/worldofflowerpots.com\/sklep\/donice-prostokatne-z-cortenu-cubi-9\/\" \/>\n<meta property=\"og:locale\" content=\"pl_PL\" \/>\n<meta property=\"og:type\" content=\"article\" \/>\n<meta property=\"og:title\" content=\"Donice prostok\u0105tne z cortenu Cubi 9 Do Szpaler\u00f3w Ro\u015blin Zielonych\" \/>\n<meta property=\"og:description\" content=\"Donice prostok\u0105tne z cortenu to coraz cz\u0119stszy widok na przydomowych tarasach i ogr\u00f3dkach. Corten to bardzo specyficzny materia\u0142 stalowy.\" \/>\n<meta property=\"og:url\" content=\"https:\/\/worldofflowerpots.com\/sklep\/donice-prostokatne-z-cortenu-cubi-9\/\" \/>\n<meta property=\"og:site_name\" content=\"World of Flowerpots\" \/>\n<meta property=\"article:modified_time\" content=\"2019-04-03T13:51:20+00:00\" \/>\n<meta property=\"og:image\" content=\"https:\/\/worldofflowerpots.com\/wp-content\/uploads\/2019\/01\/Donice-prostok\u0105tne-z-cortenu-Cubi_9.jpg\" \/>\n\t<meta property=\"og:image:width\" content=\"2280\" \/>\n\t<meta property=\"og:image:height\" content=\"1612\" \/>\n\t<meta property=\"og:image:type\" content=\"image\/jpeg\" \/>\n<meta name=\"twitter:card\" content=\"summary_large_image\" \/>\n<meta name=\"twitter:label1\" content=\"Szacowany czas czytania\" \/>\n\t<meta name=\"twitter:data1\" content=\"2 minuty\" \/>\n<script type=\"application\/ld+json\" class=\"yoast-schema-graph\">{\"@context\":\"https:\\\/\\\/schema.org\",\"@graph\":[{\"@type\":\"WebPage\",\"@id\":\"https:\\\/\\\/worldofflowerpots.com\\\/sklep\\\/donice-prostokatne-z-cortenu-cubi-9\\\/\",\"url\":\"https:\\\/\\\/worldofflowerpots.com\\\/sklep\\\/donice-prostokatne-z-cortenu-cubi-9\\\/\",\"name\":\"Donice prostok\u0105tne z cortenu Cubi 9 Do Szpaler\u00f3w Ro\u015blin Zielonych\",\"isPartOf\":{\"@id\":\"https:\\\/\\\/worldofflowerpots.com\\\/#website\"},\"primaryImageOfPage\":{\"@id\":\"https:\\\/\\\/worldofflowerpots.com\\\/sklep\\\/donice-prostokatne-z-cortenu-cubi-9\\\/#primaryimage\"},\"image\":{\"@id\":\"https:\\\/\\\/worldofflowerpots.com\\\/sklep\\\/donice-prostokatne-z-cortenu-cubi-9\\\/#primaryimage\"},\"thumbnailUrl\":\"https:\\\/\\\/worldofflowerpots.com\\\/wp-content\\\/uploads\\\/2019\\\/01\\\/Donice-prostok\u0105tne-z-cortenu-Cubi_9.jpg\",\"datePublished\":\"2019-01-18T14:06:22+00:00\",\"dateModified\":\"2019-04-03T13:51:20+00:00\",\"description\":\"Donice prostok\u0105tne z cortenu to coraz cz\u0119stszy widok na przydomowych tarasach i ogr\u00f3dkach. Corten to bardzo specyficzny materia\u0142 stalowy.\",\"breadcrumb\":{\"@id\":\"https:\\\/\\\/worldofflowerpots.com\\\/sklep\\\/donice-prostokatne-z-cortenu-cubi-9\\\/#breadcrumb\"},\"inLanguage\":\"pl-PL\",\"potentialAction\":[{\"@type\":\"ReadAction\",\"target\":[\"https:\\\/\\\/worldofflowerpots.com\\\/sklep\\\/donice-prostokatne-z-cortenu-cubi-9\\\/\"]}]},{\"@type\":\"ImageObject\",\"inLanguage\":\"pl-PL\",\"@id\":\"https:\\\/\\\/worldofflowerpots.com\\\/sklep\\\/donice-prostokatne-z-cortenu-cubi-9\\\/#primaryimage\",\"url\":\"https:\\\/\\\/worldofflowerpots.com\\\/wp-content\\\/uploads\\\/2019\\\/01\\\/Donice-prostok\u0105tne-z-cortenu-Cubi_9.jpg\",\"contentUrl\":\"https:\\\/\\\/worldofflowerpots.com\\\/wp-content\\\/uploads\\\/2019\\\/01\\\/Donice-prostok\u0105tne-z-cortenu-Cubi_9.jpg\",\"width\":2280,\"height\":1612},{\"@type\":\"BreadcrumbList\",\"@id\":\"https:\\\/\\\/worldofflowerpots.com\\\/sklep\\\/donice-prostokatne-z-cortenu-cubi-9\\\/#breadcrumb\",\"itemListElement\":[{\"@type\":\"ListItem\",\"position\":1,\"name\":\"Strona g\u0142\u00f3wna\",\"item\":\"https:\\\/\\\/worldofflowerpots.com\\\/\"},{\"@type\":\"ListItem\",\"position\":2,\"name\":\"Sklep\",\"item\":\"https:\\\/\\\/worldofflowerpots.com\\\/sklep\\\/\"},{\"@type\":\"ListItem\",\"position\":3,\"name\":\"Donice prostok\u0105tne z cortenu Cubi 9\"}]},{\"@type\":\"WebSite\",\"@id\":\"https:\\\/\\\/worldofflowerpots.com\\\/#website\",\"url\":\"https:\\\/\\\/worldofflowerpots.com\\\/\",\"name\":\"World of Flowerpots\",\"description\":\"producent donic ozdobnych\",\"potentialAction\":[{\"@type\":\"SearchAction\",\"target\":{\"@type\":\"EntryPoint\",\"urlTemplate\":\"https:\\\/\\\/worldofflowerpots.com\\\/?s={search_term_string}\"},\"query-input\":{\"@type\":\"PropertyValueSpecification\",\"valueRequired\":true,\"valueName\":\"search_term_string\"}}],\"inLanguage\":\"pl-PL\"}]}<\/script>\n<!-- \/ Yoast SEO plugin. -->","yoast_head_json":{"title":"Donice prostok\u0105tne z cortenu Cubi 9 Do Szpaler\u00f3w Ro\u015blin Zielonych","description":"Donice prostok\u0105tne z cortenu to coraz cz\u0119stszy widok na przydomowych tarasach i ogr\u00f3dkach. Corten to bardzo specyficzny materia\u0142 stalowy.","robots":{"index":"index","follow":"follow","max-snippet":"max-snippet:-1","max-image-preview":"max-image-preview:large","max-video-preview":"max-video-preview:-1"},"canonical":"https:\/\/worldofflowerpots.com\/sklep\/donice-prostokatne-z-cortenu-cubi-9\/","og_locale":"pl_PL","og_type":"article","og_title":"Donice prostok\u0105tne z cortenu Cubi 9 Do Szpaler\u00f3w Ro\u015blin Zielonych","og_description":"Donice prostok\u0105tne z cortenu to coraz cz\u0119stszy widok na przydomowych tarasach i ogr\u00f3dkach. Corten to bardzo specyficzny materia\u0142 stalowy.","og_url":"https:\/\/worldofflowerpots.com\/sklep\/donice-prostokatne-z-cortenu-cubi-9\/","og_site_name":"World of Flowerpots","article_modified_time":"2019-04-03T13:51:20+00:00","og_image":[{"width":2280,"height":1612,"url":"https:\/\/worldofflowerpots.com\/wp-content\/uploads\/2019\/01\/Donice-prostok\u0105tne-z-cortenu-Cubi_9.jpg","type":"image\/jpeg"}],"twitter_card":"summary_large_image","twitter_misc":{"Szacowany czas czytania":"2 minuty"},"schema":{"@context":"https:\/\/schema.org","@graph":[{"@type":"WebPage","@id":"https:\/\/worldofflowerpots.com\/sklep\/donice-prostokatne-z-cortenu-cubi-9\/","url":"https:\/\/worldofflowerpots.com\/sklep\/donice-prostokatne-z-cortenu-cubi-9\/","name":"Donice prostok\u0105tne z cortenu Cubi 9 Do Szpaler\u00f3w Ro\u015blin Zielonych","isPartOf":{"@id":"https:\/\/worldofflowerpots.com\/#website"},"primaryImageOfPage":{"@id":"https:\/\/worldofflowerpots.com\/sklep\/donice-prostokatne-z-cortenu-cubi-9\/#primaryimage"},"image":{"@id":"https:\/\/worldofflowerpots.com\/sklep\/donice-prostokatne-z-cortenu-cubi-9\/#primaryimage"},"thumbnailUrl":"https:\/\/worldofflowerpots.com\/wp-content\/uploads\/2019\/01\/Donice-prostok\u0105tne-z-cortenu-Cubi_9.jpg","datePublished":"2019-01-18T14:06:22+00:00","dateModified":"2019-04-03T13:51:20+00:00","description":"Donice prostok\u0105tne z cortenu to coraz cz\u0119stszy widok na przydomowych tarasach i ogr\u00f3dkach. Corten to bardzo specyficzny materia\u0142 stalowy.","breadcrumb":{"@id":"https:\/\/worldofflowerpots.com\/sklep\/donice-prostokatne-z-cortenu-cubi-9\/#breadcrumb"},"inLanguage":"pl-PL","potentialAction":[{"@type":"ReadAction","target":["https:\/\/worldofflowerpots.com\/sklep\/donice-prostokatne-z-cortenu-cubi-9\/"]}]},{"@type":"ImageObject","inLanguage":"pl-PL","@id":"https:\/\/worldofflowerpots.com\/sklep\/donice-prostokatne-z-cortenu-cubi-9\/#primaryimage","url":"https:\/\/worldofflowerpots.com\/wp-content\/uploads\/2019\/01\/Donice-prostok\u0105tne-z-cortenu-Cubi_9.jpg","contentUrl":"https:\/\/worldofflowerpots.com\/wp-content\/uploads\/2019\/01\/Donice-prostok\u0105tne-z-cortenu-Cubi_9.jpg","width":2280,"height":1612},{"@type":"BreadcrumbList","@id":"https:\/\/worldofflowerpots.com\/sklep\/donice-prostokatne-z-cortenu-cubi-9\/#breadcrumb","itemListElement":[{"@type":"ListItem","position":1,"name":"Strona g\u0142\u00f3wna","item":"https:\/\/worldofflowerpots.com\/"},{"@type":"ListItem","position":2,"name":"Sklep","item":"https:\/\/worldofflowerpots.com\/sklep\/"},{"@type":"ListItem","position":3,"name":"Donice prostok\u0105tne z cortenu Cubi 9"}]},{"@type":"WebSite","@id":"https:\/\/worldofflowerpots.com\/#website","url":"https:\/\/worldofflowerpots.com\/","name":"World of Flowerpots","description":"producent donic ozdobnych","potentialAction":[{"@type":"SearchAction","target":{"@type":"EntryPoint","urlTemplate":"https:\/\/worldofflowerpots.com\/?s={search_term_string}"},"query-input":{"@type":"PropertyValueSpecification","valueRequired":true,"valueName":"search_term_string"}}],"inLanguage":"pl-PL"}]}},"_links":{"self":[{"href":"https:\/\/worldofflowerpots.com\/pl\/wp-json\/wp\/v2\/product\/50759","targetHints":{"allow":["GET"]}}],"collection":[{"href":"https:\/\/worldofflowerpots.com\/pl\/wp-json\/wp\/v2\/product"}],"about":[{"href":"https:\/\/worldofflowerpots.com\/pl\/wp-json\/wp\/v2\/types\/product"}],"wp:featuredmedia":[{"embeddable":true,"href":"https:\/\/worldofflowerpots.com\/pl\/wp-json\/wp\/v2\/media\/57099"}],"wp:attachment":[{"href":"https:\/\/worldofflowerpots.com\/pl\/wp-json\/wp\/v2\/media?parent=50759"}],"wp:term":[{"taxonomy":"product_brand","embeddable":true,"href":"https:\/\/worldofflowerpots.com\/pl\/wp-json\/wp\/v2\/product_brand?post=50759"},{"taxonomy":"product_cat","embeddable":true,"href":"https:\/\/worldofflowerpots.com\/pl\/wp-json\/wp\/v2\/product_cat?post=50759"},{"taxonomy":"product_tag","embeddable":true,"href":"https:\/\/worldofflowerpots.com\/pl\/wp-json\/wp\/v2\/product_tag?post=50759"}],"curies":[{"name":"wp","href":"https:\/\/api.w.org\/{rel}","templated":true}]}}