{"id":50762,"date":"2019-01-18T15:06:23","date_gmt":"2019-01-18T14:06:23","guid":{"rendered":"https:\/\/worldofflowerpots.com\/product\/import-placeholder-for-78\/"},"modified":"2019-04-03T15:11:09","modified_gmt":"2019-04-03T13:11:09","slug":"donice-z-cortenu-cubi-6","status":"publish","type":"product","link":"https:\/\/worldofflowerpots.com\/pl\/sklep\/donice-z-cortenu-cubi-6\/","title":{"rendered":"Donice z cortenu Cubi 6"},"content":{"rendered":"<h2><strong>Donice z cortenu<\/strong><\/h2>\n<p>Wiele os\u00f3b zastanawia si\u0119 w jaki spos\u00f3b przetrzymywa\u0107 du\u017ce ro\u015bliny w ogrodzie lub na tarasie ca\u0142y rok. Wiele z nich nie jest przystosowana do przetrwania zimy bez konieczno\u015bci schowania do wn\u0119trza lub skutecznego os\u0142oni\u0119cia przed \u015bniegiem, deszczem i mrozem. Nowoczesne rozwi\u0105zania pomagaj\u0105 utrzyma\u0107 ogr\u00f3d w dobrej kondycji i znacznie u\u0142atwi\u0107 piel\u0119gnacje ro\u015blin. Osoby aran\u017cuj\u0105ce przestrzenie ogrodowe, bardzo cz\u0119sto poszukuj\u0105 prostych form, materia\u0142\u00f3w i do\u015b\u0107 surowego wzornictwa. Doskona\u0142ym dope\u0142nieniem ka\u017cdego ogrodu jest donica z cortenu Cubi 6.<\/p>\n<h2><strong>Prostota kluczem do pi\u0119kna<\/strong><\/h2>\n<p>Donica Cubi 6 zosta\u0142a wykonana z najwi\u0119ksz\u0105 staranno\u015bci\u0105 o jako\u015b\u0107, dzi\u0119ki czemu jest ona produktem, kt\u00f3ry d\u0142ugo b\u0119dzie cieszy\u0142 oko. Kwadratowe donice s\u0105 jednym z najmodniejszych i najbardziej ponadczasowych rozwi\u0105za\u0144. Szeroka i d\u0142uga na 1 metr pozwala umie\u015bci\u0107 w niej du\u017ce ro\u015bliny, kt\u00f3re zostan\u0105 stabilnie przytrzymywane, dzi\u0119ki 80 centymetrom wysoko\u015bci. Stabilno\u015b\u0107 donicy po\u0142\u0105czona z solidnymi \u015bcianami o grubo\u015bci 2 mm daje najlepsze w\u0142a\u015bciwo\u015bci praktyczne. Styropianowe wype\u0142nienie chroni ro\u015bliny przed zimnem, dzi\u0119ki czemu wi\u0119kszo\u015b\u0107 z nich z \u0142atwo\u015bci\u0105 przetrwa zim\u0119 bez konieczno\u015bci schowania ich do wn\u0119trza.<\/p>\n<p>Klasyczna forma kubika jest bardzo cz\u0119sto wykorzystywana przez architekt\u00f3w, poniewa\u017c doskonale sprawdza si\u0119 we wszystkich przestrzeniach. Z \u0142atwo\u015bci\u0105 zaadaptujemy je do ogrod\u00f3w nowoczesnych, jak i tych typowo klasycznych. Cubi 6 charakteryzuje si\u0119 przede wszystkim niestandardowym kszta\u0142tem jak i wyko\u0144czeniem. Ka\u017cda donica posiada rdzawe wybarwienie, co nadaje niezwyk\u0142ego charakteru ca\u0142ej przestrzeni. Ustawiaj\u0105c j\u0105 na tarasie z \u0142atwo\u015bci\u0105 mo\u017cna po\u0142\u0105czy\u0107 industrialny styl z np. egzotycznymi drzewami.<\/p>\n<h2><strong>Donice najwy\u017cszej jako\u015bci<\/strong><\/h2>\n<p>Donice z cortenu Cubi 6 to przede wszystkim bardzo dobra jako\u015b\u0107. Wykorzystanie najwy\u017cszej jako\u015bci stali i spos\u00f3b wykonania pozwalaj\u0105 na korzystanie z niej przez d\u0142ugie lata. Odporna na warunki atmosferyczne i uszkodzenia mechaniczne, jest jednym z najlepszych ogrodowych rozwi\u0105za\u0144, w kt\u00f3rych zasadzimy ro\u015bliny. Dzi\u0119ki zapewnieniu odp\u0142yw\u00f3w i ociepleniu z powodzeniem mo\u017ce s\u0142u\u017cy\u0107 przez ca\u0142y rok bez konieczno\u015bci chowania ro\u015blin za zim\u0119. Niezwyk\u0142e rdzawe wyko\u0144czenie doskonale wpisuje si\u0119 we wsp\u00f3\u0142czesne trendy.<\/p>\n","protected":false},"excerpt":{"rendered":"<p>Donica Cubi 6 z blachy cortenowej o grubo\u015bci 2mm. W dnie posiada otwory odp\u0142ywowe, natomiast jej \u015bcianki ocieplone s\u0105 styropianem o grubo\u015bci 2cm. Wymiary donicy:d\u0142ugo\u015b\u0107:100cm, szeroko\u015b\u0107:100cm, wysoko\u015b\u0107:80cm.<\/p>\n","protected":false},"featured_media":56989,"template":"","meta":{"_acf_changed":false},"product_brand":[],"product_cat":[126],"product_tag":[444,449,450],"class_list":{"0":"post-50762","1":"product","2":"type-product","3":"status-publish","4":"has-post-thumbnail","6":"product_cat-donice-ze-stali-corten","7":"product_tag-donice-ogrodowe","8":"product_tag-donice-z-cortenu","9":"product_tag-donice-z-efektem-rdzy","10":"description-off","11":"tm-has-options","13":"first","14":"instock","15":"shipping-taxable","16":"purchasable","17":"product-type-simple"},"acf":[],"yoast_head":"<!-- This site is optimized with the Yoast SEO plugin v27.5 - https:\/\/yoast.com\/product\/yoast-seo-wordpress\/ -->\n<title>Du\u017ce Donice z Cortenu Cubi 6 - Klasyczne, Mocne i Pojemne<\/title>\n<meta name=\"description\" content=\"Donice z cortenu Cubi 6 zosta\u0142y wykonane z najwi\u0119ksz\u0105 staranno\u015bci\u0105 o jako\u015b\u0107, dzi\u0119ki czemu s\u0105 one produktami, kt\u00f3ry d\u0142ugo b\u0119d\u0105 cieszy\u0107 oko.\" \/>\n<meta name=\"robots\" content=\"index, follow, max-snippet:-1, max-image-preview:large, max-video-preview:-1\" \/>\n<link rel=\"canonical\" href=\"https:\/\/worldofflowerpots.com\/sklep\/donice-z-cortenu-cubi-6\/\" \/>\n<meta property=\"og:locale\" content=\"pl_PL\" \/>\n<meta property=\"og:type\" content=\"article\" \/>\n<meta property=\"og:title\" content=\"Du\u017ce Donice z Cortenu Cubi 6 - Klasyczne, Mocne i Pojemne\" \/>\n<meta property=\"og:description\" content=\"Donice z cortenu Cubi 6 zosta\u0142y wykonane z najwi\u0119ksz\u0105 staranno\u015bci\u0105 o jako\u015b\u0107, dzi\u0119ki czemu s\u0105 one produktami, kt\u00f3ry d\u0142ugo b\u0119d\u0105 cieszy\u0107 oko.\" \/>\n<meta property=\"og:url\" content=\"https:\/\/worldofflowerpots.com\/sklep\/donice-z-cortenu-cubi-6\/\" \/>\n<meta property=\"og:site_name\" content=\"World of Flowerpots\" \/>\n<meta property=\"article:modified_time\" content=\"2019-04-03T13:11:09+00:00\" \/>\n<meta property=\"og:image\" content=\"https:\/\/worldofflowerpots.com\/wp-content\/uploads\/2019\/01\/Donica-z-cortenu-Cubi_6.jpg\" \/>\n\t<meta property=\"og:image:width\" content=\"2280\" \/>\n\t<meta property=\"og:image:height\" content=\"1612\" \/>\n\t<meta property=\"og:image:type\" content=\"image\/jpeg\" \/>\n<meta name=\"twitter:card\" content=\"summary_large_image\" \/>\n<meta name=\"twitter:label1\" content=\"Szacowany czas czytania\" \/>\n\t<meta name=\"twitter:data1\" content=\"2 minuty\" \/>\n<script type=\"application\/ld+json\" class=\"yoast-schema-graph\">{\"@context\":\"https:\\\/\\\/schema.org\",\"@graph\":[{\"@type\":\"WebPage\",\"@id\":\"https:\\\/\\\/worldofflowerpots.com\\\/sklep\\\/donice-z-cortenu-cubi-6\\\/\",\"url\":\"https:\\\/\\\/worldofflowerpots.com\\\/sklep\\\/donice-z-cortenu-cubi-6\\\/\",\"name\":\"Du\u017ce Donice z Cortenu Cubi 6 - Klasyczne, Mocne i Pojemne\",\"isPartOf\":{\"@id\":\"https:\\\/\\\/worldofflowerpots.com\\\/#website\"},\"primaryImageOfPage\":{\"@id\":\"https:\\\/\\\/worldofflowerpots.com\\\/sklep\\\/donice-z-cortenu-cubi-6\\\/#primaryimage\"},\"image\":{\"@id\":\"https:\\\/\\\/worldofflowerpots.com\\\/sklep\\\/donice-z-cortenu-cubi-6\\\/#primaryimage\"},\"thumbnailUrl\":\"https:\\\/\\\/worldofflowerpots.com\\\/wp-content\\\/uploads\\\/2019\\\/01\\\/Donica-z-cortenu-Cubi_6.jpg\",\"datePublished\":\"2019-01-18T14:06:23+00:00\",\"dateModified\":\"2019-04-03T13:11:09+00:00\",\"description\":\"Donice z cortenu Cubi 6 zosta\u0142y wykonane z najwi\u0119ksz\u0105 staranno\u015bci\u0105 o jako\u015b\u0107, dzi\u0119ki czemu s\u0105 one produktami, kt\u00f3ry d\u0142ugo b\u0119d\u0105 cieszy\u0107 oko.\",\"breadcrumb\":{\"@id\":\"https:\\\/\\\/worldofflowerpots.com\\\/sklep\\\/donice-z-cortenu-cubi-6\\\/#breadcrumb\"},\"inLanguage\":\"pl-PL\",\"potentialAction\":[{\"@type\":\"ReadAction\",\"target\":[\"https:\\\/\\\/worldofflowerpots.com\\\/sklep\\\/donice-z-cortenu-cubi-6\\\/\"]}]},{\"@type\":\"ImageObject\",\"inLanguage\":\"pl-PL\",\"@id\":\"https:\\\/\\\/worldofflowerpots.com\\\/sklep\\\/donice-z-cortenu-cubi-6\\\/#primaryimage\",\"url\":\"https:\\\/\\\/worldofflowerpots.com\\\/wp-content\\\/uploads\\\/2019\\\/01\\\/Donica-z-cortenu-Cubi_6.jpg\",\"contentUrl\":\"https:\\\/\\\/worldofflowerpots.com\\\/wp-content\\\/uploads\\\/2019\\\/01\\\/Donica-z-cortenu-Cubi_6.jpg\",\"width\":2280,\"height\":1612},{\"@type\":\"BreadcrumbList\",\"@id\":\"https:\\\/\\\/worldofflowerpots.com\\\/sklep\\\/donice-z-cortenu-cubi-6\\\/#breadcrumb\",\"itemListElement\":[{\"@type\":\"ListItem\",\"position\":1,\"name\":\"Strona g\u0142\u00f3wna\",\"item\":\"https:\\\/\\\/worldofflowerpots.com\\\/\"},{\"@type\":\"ListItem\",\"position\":2,\"name\":\"Sklep\",\"item\":\"https:\\\/\\\/worldofflowerpots.com\\\/sklep\\\/\"},{\"@type\":\"ListItem\",\"position\":3,\"name\":\"Donice z cortenu Cubi 6\"}]},{\"@type\":\"WebSite\",\"@id\":\"https:\\\/\\\/worldofflowerpots.com\\\/#website\",\"url\":\"https:\\\/\\\/worldofflowerpots.com\\\/\",\"name\":\"World of Flowerpots\",\"description\":\"producent donic ozdobnych\",\"potentialAction\":[{\"@type\":\"SearchAction\",\"target\":{\"@type\":\"EntryPoint\",\"urlTemplate\":\"https:\\\/\\\/worldofflowerpots.com\\\/?s={search_term_string}\"},\"query-input\":{\"@type\":\"PropertyValueSpecification\",\"valueRequired\":true,\"valueName\":\"search_term_string\"}}],\"inLanguage\":\"pl-PL\"}]}<\/script>\n<!-- \/ Yoast SEO plugin. -->","yoast_head_json":{"title":"Du\u017ce Donice z Cortenu Cubi 6 - Klasyczne, Mocne i Pojemne","description":"Donice z cortenu Cubi 6 zosta\u0142y wykonane z najwi\u0119ksz\u0105 staranno\u015bci\u0105 o jako\u015b\u0107, dzi\u0119ki czemu s\u0105 one produktami, kt\u00f3ry d\u0142ugo b\u0119d\u0105 cieszy\u0107 oko.","robots":{"index":"index","follow":"follow","max-snippet":"max-snippet:-1","max-image-preview":"max-image-preview:large","max-video-preview":"max-video-preview:-1"},"canonical":"https:\/\/worldofflowerpots.com\/sklep\/donice-z-cortenu-cubi-6\/","og_locale":"pl_PL","og_type":"article","og_title":"Du\u017ce Donice z Cortenu Cubi 6 - Klasyczne, Mocne i Pojemne","og_description":"Donice z cortenu Cubi 6 zosta\u0142y wykonane z najwi\u0119ksz\u0105 staranno\u015bci\u0105 o jako\u015b\u0107, dzi\u0119ki czemu s\u0105 one produktami, kt\u00f3ry d\u0142ugo b\u0119d\u0105 cieszy\u0107 oko.","og_url":"https:\/\/worldofflowerpots.com\/sklep\/donice-z-cortenu-cubi-6\/","og_site_name":"World of Flowerpots","article_modified_time":"2019-04-03T13:11:09+00:00","og_image":[{"width":2280,"height":1612,"url":"https:\/\/worldofflowerpots.com\/wp-content\/uploads\/2019\/01\/Donica-z-cortenu-Cubi_6.jpg","type":"image\/jpeg"}],"twitter_card":"summary_large_image","twitter_misc":{"Szacowany czas czytania":"2 minuty"},"schema":{"@context":"https:\/\/schema.org","@graph":[{"@type":"WebPage","@id":"https:\/\/worldofflowerpots.com\/sklep\/donice-z-cortenu-cubi-6\/","url":"https:\/\/worldofflowerpots.com\/sklep\/donice-z-cortenu-cubi-6\/","name":"Du\u017ce Donice z Cortenu Cubi 6 - Klasyczne, Mocne i Pojemne","isPartOf":{"@id":"https:\/\/worldofflowerpots.com\/#website"},"primaryImageOfPage":{"@id":"https:\/\/worldofflowerpots.com\/sklep\/donice-z-cortenu-cubi-6\/#primaryimage"},"image":{"@id":"https:\/\/worldofflowerpots.com\/sklep\/donice-z-cortenu-cubi-6\/#primaryimage"},"thumbnailUrl":"https:\/\/worldofflowerpots.com\/wp-content\/uploads\/2019\/01\/Donica-z-cortenu-Cubi_6.jpg","datePublished":"2019-01-18T14:06:23+00:00","dateModified":"2019-04-03T13:11:09+00:00","description":"Donice z cortenu Cubi 6 zosta\u0142y wykonane z najwi\u0119ksz\u0105 staranno\u015bci\u0105 o jako\u015b\u0107, dzi\u0119ki czemu s\u0105 one produktami, kt\u00f3ry d\u0142ugo b\u0119d\u0105 cieszy\u0107 oko.","breadcrumb":{"@id":"https:\/\/worldofflowerpots.com\/sklep\/donice-z-cortenu-cubi-6\/#breadcrumb"},"inLanguage":"pl-PL","potentialAction":[{"@type":"ReadAction","target":["https:\/\/worldofflowerpots.com\/sklep\/donice-z-cortenu-cubi-6\/"]}]},{"@type":"ImageObject","inLanguage":"pl-PL","@id":"https:\/\/worldofflowerpots.com\/sklep\/donice-z-cortenu-cubi-6\/#primaryimage","url":"https:\/\/worldofflowerpots.com\/wp-content\/uploads\/2019\/01\/Donica-z-cortenu-Cubi_6.jpg","contentUrl":"https:\/\/worldofflowerpots.com\/wp-content\/uploads\/2019\/01\/Donica-z-cortenu-Cubi_6.jpg","width":2280,"height":1612},{"@type":"BreadcrumbList","@id":"https:\/\/worldofflowerpots.com\/sklep\/donice-z-cortenu-cubi-6\/#breadcrumb","itemListElement":[{"@type":"ListItem","position":1,"name":"Strona g\u0142\u00f3wna","item":"https:\/\/worldofflowerpots.com\/"},{"@type":"ListItem","position":2,"name":"Sklep","item":"https:\/\/worldofflowerpots.com\/sklep\/"},{"@type":"ListItem","position":3,"name":"Donice z cortenu Cubi 6"}]},{"@type":"WebSite","@id":"https:\/\/worldofflowerpots.com\/#website","url":"https:\/\/worldofflowerpots.com\/","name":"World of Flowerpots","description":"producent donic ozdobnych","potentialAction":[{"@type":"SearchAction","target":{"@type":"EntryPoint","urlTemplate":"https:\/\/worldofflowerpots.com\/?s={search_term_string}"},"query-input":{"@type":"PropertyValueSpecification","valueRequired":true,"valueName":"search_term_string"}}],"inLanguage":"pl-PL"}]}},"_links":{"self":[{"href":"https:\/\/worldofflowerpots.com\/pl\/wp-json\/wp\/v2\/product\/50762","targetHints":{"allow":["GET"]}}],"collection":[{"href":"https:\/\/worldofflowerpots.com\/pl\/wp-json\/wp\/v2\/product"}],"about":[{"href":"https:\/\/worldofflowerpots.com\/pl\/wp-json\/wp\/v2\/types\/product"}],"wp:featuredmedia":[{"embeddable":true,"href":"https:\/\/worldofflowerpots.com\/pl\/wp-json\/wp\/v2\/media\/56989"}],"wp:attachment":[{"href":"https:\/\/worldofflowerpots.com\/pl\/wp-json\/wp\/v2\/media?parent=50762"}],"wp:term":[{"taxonomy":"product_brand","embeddable":true,"href":"https:\/\/worldofflowerpots.com\/pl\/wp-json\/wp\/v2\/product_brand?post=50762"},{"taxonomy":"product_cat","embeddable":true,"href":"https:\/\/worldofflowerpots.com\/pl\/wp-json\/wp\/v2\/product_cat?post=50762"},{"taxonomy":"product_tag","embeddable":true,"href":"https:\/\/worldofflowerpots.com\/pl\/wp-json\/wp\/v2\/product_tag?post=50762"}],"curies":[{"name":"wp","href":"https:\/\/api.w.org\/{rel}","templated":true}]}}