{"id":50763,"date":"2019-01-18T15:06:23","date_gmt":"2019-01-18T14:06:23","guid":{"rendered":"https:\/\/worldofflowerpots.com\/product\/import-placeholder-for-79\/"},"modified":"2019-04-03T15:13:48","modified_gmt":"2019-04-03T13:13:48","slug":"donice-ze-stali-korten-cubi-5","status":"publish","type":"product","link":"https:\/\/worldofflowerpots.com\/pl\/sklep\/donice-ze-stali-korten-cubi-5\/","title":{"rendered":"Donice ze stali korten Cubi 5"},"content":{"rendered":"<h2><strong>Donice ze stali korten<\/strong><\/h2>\n<p>B\u0119d\u0105c posiadaczami ogrodu, w kt\u00f3rym planujemy zadba\u0107 o odpowiedni\u0105 architektur\u0119 krajobrazu poza wyposa\u017ceniem go w odpowiednie ro\u015bliny r\u00f3wnie\u017c nale\u017cy pami\u0119ta\u0107 o dodatkach. Jednym z kluczowych element\u00f3w wyposa\u017cenia ka\u017cdego ogrodu s\u0105 donice. Ustawione w okolicach tarasu, \u015bcie\u017cek, czy w specjalnie wyznaczonych przestrzeniach znacznie dodadz\u0105 charakteru. Donice ze stali korten to doskona\u0142e rozwi\u0105zanie do nowoczesnych, jak i klasycznych ogrod\u00f3w.<\/p>\n<h2><strong>Cechy stalowych donic<\/strong><\/h2>\n<p>Donica wykonana ze stali kortenowej o grubo\u015bci 2mm jest niezwykle wytrzyma\u0142a na uszkodzenia i warunki atmosferyczne. Wysoka jako\u015b\u0107 produktu po\u0142\u0105czona z cechami praktycznymi pozwalaj\u0105 na korzystanie z niej ca\u0142y rok. Od wewn\u0119trznej strony \u015bciany donicy zosta\u0142y ocieplone styropianem o grubo\u015bci 2 centymetr\u00f3w skutecznie chroni nasze ro\u015bliny przed przemarzni\u0119ciem. Donica ze stali korten jest niezwykle ponadczasowym rozwi\u0105zaniem, kt\u00f3re sprawdzi si\u0119 w wielu aran\u017cacjach. Nale\u017cy jednak pami\u0119ta\u0107, \u017ce donica mo\u017ce zabrudzi\u0107 pod\u0142o\u017ce na kt\u00f3rym stoi. Z tego powodu nie zalecamy ustawiania jej na kostce brukowej.<\/p>\n<h2><strong>Doskona\u0142e w\u0142a\u015bciwo\u015bci praktyczne<\/strong><\/h2>\n<p>Forma kwadratu znakomicie wpisuje si\u0119 w nowoczesne ogrody, kt\u00f3re ceni\u0105 sobie proste formy i materia\u0142y. Uniwersalno\u015b\u0107 kszta\u0142tu to nie tylko doskona\u0142y wygl\u0105d, ale dzi\u0119ki temu z \u0142atwo\u015bci\u0105 mo\u017cna ustawi\u0107 je np. pod \u015bcian\u0105 domu. Rdzawe wyko\u0144czenie donicy nadaje charakteru i znacz\u0105co odr\u00f3\u017cnia j\u0105 od innych dost\u0119pnych donic. Z powodzeniem mo\u017cemy zasadzi\u0107 w niej drzewa, krzewy czy inne ro\u015bliny, kt\u00f3re wymagaj\u0105 innej gleby, ni\u017c ta na terenie ogrodu. Donica posiada niezb\u0119dne otwory odp\u0142ywowe, kt\u00f3re skutecznie przepuszcz\u0105 nadmiar dostarczanej wody. Wymiary donicy Cubi 5 to 1 metr wysoko\u015bci, 1 metr szeroko\u015bci, 1 metr d\u0142ugo\u015bci. Stosunkowe spore rozmiary pozwalaj\u0105 na umieszczenie w nich ro\u015blin sporych rozmiar\u00f3w, ale r\u00f3wnie\u017c dzi\u0119ki swoim gabarytom pozwala zachowa\u0107 stabilno\u015b\u0107 donicy. Donica bez wype\u0142nienia wa\u017cy oko\u0142o 80 kilogram\u00f3w, kt\u00f3re w po\u0142\u0105czeniu z kwadratow\u0105 form\u0105 daje ogromne mo\u017cliwo\u015bci.<\/p>\n<p>Nowoczesne donice s\u0105 niezb\u0119dnym elementem wyposa\u017cenia ka\u017cdego ogrodu, dzi\u0119ki kt\u00f3rym znacznie zmieni sw\u00f3j charakter. Dodatkowe elementy w przypadku ogrod\u00f3w s\u0105 r\u00f3wnie wa\u017cne, co przy wyposa\u017ceniu wn\u0119trza naszego domu.<\/p>\n","protected":false},"excerpt":{"rendered":"<p>Donica Cubi 5\u00a0 z blachy cortenowej o grubo\u015bci 2mm. W dnie posiada otwory odp\u0142ywowe, natomiast jej \u015bcianki ocieplone s\u0105 styropianem o grubo\u015bci 2cm. Wymiary donicy:d\u0142ugo\u015b\u0107:100cm, szeroko\u015b\u0107:100cm, wysoko\u015b\u0107:100cm.<\/p>\n","protected":false},"featured_media":56999,"template":"","meta":{"_acf_changed":false},"product_brand":[],"product_cat":[126],"product_tag":[444,449,450],"class_list":{"0":"post-50763","1":"product","2":"type-product","3":"status-publish","4":"has-post-thumbnail","6":"product_cat-donice-ze-stali-corten","7":"product_tag-donice-ogrodowe","8":"product_tag-donice-z-cortenu","9":"product_tag-donice-z-efektem-rdzy","10":"description-off","11":"tm-has-options","13":"first","14":"instock","15":"shipping-taxable","16":"purchasable","17":"product-type-simple"},"acf":[],"yoast_head":"<!-- This site is optimized with the Yoast SEO plugin v27.5 - https:\/\/yoast.com\/product\/yoast-seo-wordpress\/ -->\n<title>Donice ze stali korten Wysokie Zewn\u0119trzne Cubi 5<\/title>\n<meta name=\"description\" content=\"Donice ze stali korten w ponadczasowym kszta\u0142cie kostki, idealne do zastosowania jako dekoracja zewn\u0119trzna. Stosunkowo wysokie, mocne i stabilne.\" \/>\n<meta name=\"robots\" content=\"index, follow, max-snippet:-1, max-image-preview:large, max-video-preview:-1\" \/>\n<link rel=\"canonical\" href=\"https:\/\/worldofflowerpots.com\/sklep\/donice-ze-stali-korten-cubi-5\/\" \/>\n<meta property=\"og:locale\" content=\"pl_PL\" \/>\n<meta property=\"og:type\" content=\"article\" \/>\n<meta property=\"og:title\" content=\"Donice ze stali korten Wysokie Zewn\u0119trzne Cubi 5\" \/>\n<meta property=\"og:description\" content=\"Donice ze stali korten w ponadczasowym kszta\u0142cie kostki, idealne do zastosowania jako dekoracja zewn\u0119trzna. Stosunkowo wysokie, mocne i stabilne.\" \/>\n<meta property=\"og:url\" content=\"https:\/\/worldofflowerpots.com\/sklep\/donice-ze-stali-korten-cubi-5\/\" \/>\n<meta property=\"og:site_name\" content=\"World of Flowerpots\" \/>\n<meta property=\"article:modified_time\" content=\"2019-04-03T13:13:48+00:00\" \/>\n<meta property=\"og:image\" content=\"https:\/\/worldofflowerpots.com\/wp-content\/uploads\/2019\/01\/Donice-ze-stali-korten-Cubi_5.jpg\" \/>\n\t<meta property=\"og:image:width\" content=\"2280\" \/>\n\t<meta property=\"og:image:height\" content=\"1612\" \/>\n\t<meta property=\"og:image:type\" content=\"image\/jpeg\" \/>\n<meta name=\"twitter:card\" content=\"summary_large_image\" \/>\n<meta name=\"twitter:label1\" content=\"Szacowany czas czytania\" \/>\n\t<meta name=\"twitter:data1\" content=\"2 minuty\" \/>\n<script type=\"application\/ld+json\" class=\"yoast-schema-graph\">{\"@context\":\"https:\\\/\\\/schema.org\",\"@graph\":[{\"@type\":\"WebPage\",\"@id\":\"https:\\\/\\\/worldofflowerpots.com\\\/sklep\\\/donice-ze-stali-korten-cubi-5\\\/\",\"url\":\"https:\\\/\\\/worldofflowerpots.com\\\/sklep\\\/donice-ze-stali-korten-cubi-5\\\/\",\"name\":\"Donice ze stali korten Wysokie Zewn\u0119trzne Cubi 5\",\"isPartOf\":{\"@id\":\"https:\\\/\\\/worldofflowerpots.com\\\/#website\"},\"primaryImageOfPage\":{\"@id\":\"https:\\\/\\\/worldofflowerpots.com\\\/sklep\\\/donice-ze-stali-korten-cubi-5\\\/#primaryimage\"},\"image\":{\"@id\":\"https:\\\/\\\/worldofflowerpots.com\\\/sklep\\\/donice-ze-stali-korten-cubi-5\\\/#primaryimage\"},\"thumbnailUrl\":\"https:\\\/\\\/worldofflowerpots.com\\\/wp-content\\\/uploads\\\/2019\\\/01\\\/Donice-ze-stali-korten-Cubi_5.jpg\",\"datePublished\":\"2019-01-18T14:06:23+00:00\",\"dateModified\":\"2019-04-03T13:13:48+00:00\",\"description\":\"Donice ze stali korten w ponadczasowym kszta\u0142cie kostki, idealne do zastosowania jako dekoracja zewn\u0119trzna. Stosunkowo wysokie, mocne i stabilne.\",\"breadcrumb\":{\"@id\":\"https:\\\/\\\/worldofflowerpots.com\\\/sklep\\\/donice-ze-stali-korten-cubi-5\\\/#breadcrumb\"},\"inLanguage\":\"pl-PL\",\"potentialAction\":[{\"@type\":\"ReadAction\",\"target\":[\"https:\\\/\\\/worldofflowerpots.com\\\/sklep\\\/donice-ze-stali-korten-cubi-5\\\/\"]}]},{\"@type\":\"ImageObject\",\"inLanguage\":\"pl-PL\",\"@id\":\"https:\\\/\\\/worldofflowerpots.com\\\/sklep\\\/donice-ze-stali-korten-cubi-5\\\/#primaryimage\",\"url\":\"https:\\\/\\\/worldofflowerpots.com\\\/wp-content\\\/uploads\\\/2019\\\/01\\\/Donice-ze-stali-korten-Cubi_5.jpg\",\"contentUrl\":\"https:\\\/\\\/worldofflowerpots.com\\\/wp-content\\\/uploads\\\/2019\\\/01\\\/Donice-ze-stali-korten-Cubi_5.jpg\",\"width\":2280,\"height\":1612},{\"@type\":\"BreadcrumbList\",\"@id\":\"https:\\\/\\\/worldofflowerpots.com\\\/sklep\\\/donice-ze-stali-korten-cubi-5\\\/#breadcrumb\",\"itemListElement\":[{\"@type\":\"ListItem\",\"position\":1,\"name\":\"Strona g\u0142\u00f3wna\",\"item\":\"https:\\\/\\\/worldofflowerpots.com\\\/\"},{\"@type\":\"ListItem\",\"position\":2,\"name\":\"Sklep\",\"item\":\"https:\\\/\\\/worldofflowerpots.com\\\/sklep\\\/\"},{\"@type\":\"ListItem\",\"position\":3,\"name\":\"Donice ze stali korten Cubi 5\"}]},{\"@type\":\"WebSite\",\"@id\":\"https:\\\/\\\/worldofflowerpots.com\\\/#website\",\"url\":\"https:\\\/\\\/worldofflowerpots.com\\\/\",\"name\":\"World of Flowerpots\",\"description\":\"producent donic ozdobnych\",\"potentialAction\":[{\"@type\":\"SearchAction\",\"target\":{\"@type\":\"EntryPoint\",\"urlTemplate\":\"https:\\\/\\\/worldofflowerpots.com\\\/?s={search_term_string}\"},\"query-input\":{\"@type\":\"PropertyValueSpecification\",\"valueRequired\":true,\"valueName\":\"search_term_string\"}}],\"inLanguage\":\"pl-PL\"}]}<\/script>\n<!-- \/ Yoast SEO plugin. -->","yoast_head_json":{"title":"Donice ze stali korten Wysokie Zewn\u0119trzne Cubi 5","description":"Donice ze stali korten w ponadczasowym kszta\u0142cie kostki, idealne do zastosowania jako dekoracja zewn\u0119trzna. Stosunkowo wysokie, mocne i stabilne.","robots":{"index":"index","follow":"follow","max-snippet":"max-snippet:-1","max-image-preview":"max-image-preview:large","max-video-preview":"max-video-preview:-1"},"canonical":"https:\/\/worldofflowerpots.com\/sklep\/donice-ze-stali-korten-cubi-5\/","og_locale":"pl_PL","og_type":"article","og_title":"Donice ze stali korten Wysokie Zewn\u0119trzne Cubi 5","og_description":"Donice ze stali korten w ponadczasowym kszta\u0142cie kostki, idealne do zastosowania jako dekoracja zewn\u0119trzna. Stosunkowo wysokie, mocne i stabilne.","og_url":"https:\/\/worldofflowerpots.com\/sklep\/donice-ze-stali-korten-cubi-5\/","og_site_name":"World of Flowerpots","article_modified_time":"2019-04-03T13:13:48+00:00","og_image":[{"width":2280,"height":1612,"url":"https:\/\/worldofflowerpots.com\/wp-content\/uploads\/2019\/01\/Donice-ze-stali-korten-Cubi_5.jpg","type":"image\/jpeg"}],"twitter_card":"summary_large_image","twitter_misc":{"Szacowany czas czytania":"2 minuty"},"schema":{"@context":"https:\/\/schema.org","@graph":[{"@type":"WebPage","@id":"https:\/\/worldofflowerpots.com\/sklep\/donice-ze-stali-korten-cubi-5\/","url":"https:\/\/worldofflowerpots.com\/sklep\/donice-ze-stali-korten-cubi-5\/","name":"Donice ze stali korten Wysokie Zewn\u0119trzne Cubi 5","isPartOf":{"@id":"https:\/\/worldofflowerpots.com\/#website"},"primaryImageOfPage":{"@id":"https:\/\/worldofflowerpots.com\/sklep\/donice-ze-stali-korten-cubi-5\/#primaryimage"},"image":{"@id":"https:\/\/worldofflowerpots.com\/sklep\/donice-ze-stali-korten-cubi-5\/#primaryimage"},"thumbnailUrl":"https:\/\/worldofflowerpots.com\/wp-content\/uploads\/2019\/01\/Donice-ze-stali-korten-Cubi_5.jpg","datePublished":"2019-01-18T14:06:23+00:00","dateModified":"2019-04-03T13:13:48+00:00","description":"Donice ze stali korten w ponadczasowym kszta\u0142cie kostki, idealne do zastosowania jako dekoracja zewn\u0119trzna. Stosunkowo wysokie, mocne i stabilne.","breadcrumb":{"@id":"https:\/\/worldofflowerpots.com\/sklep\/donice-ze-stali-korten-cubi-5\/#breadcrumb"},"inLanguage":"pl-PL","potentialAction":[{"@type":"ReadAction","target":["https:\/\/worldofflowerpots.com\/sklep\/donice-ze-stali-korten-cubi-5\/"]}]},{"@type":"ImageObject","inLanguage":"pl-PL","@id":"https:\/\/worldofflowerpots.com\/sklep\/donice-ze-stali-korten-cubi-5\/#primaryimage","url":"https:\/\/worldofflowerpots.com\/wp-content\/uploads\/2019\/01\/Donice-ze-stali-korten-Cubi_5.jpg","contentUrl":"https:\/\/worldofflowerpots.com\/wp-content\/uploads\/2019\/01\/Donice-ze-stali-korten-Cubi_5.jpg","width":2280,"height":1612},{"@type":"BreadcrumbList","@id":"https:\/\/worldofflowerpots.com\/sklep\/donice-ze-stali-korten-cubi-5\/#breadcrumb","itemListElement":[{"@type":"ListItem","position":1,"name":"Strona g\u0142\u00f3wna","item":"https:\/\/worldofflowerpots.com\/"},{"@type":"ListItem","position":2,"name":"Sklep","item":"https:\/\/worldofflowerpots.com\/sklep\/"},{"@type":"ListItem","position":3,"name":"Donice ze stali korten Cubi 5"}]},{"@type":"WebSite","@id":"https:\/\/worldofflowerpots.com\/#website","url":"https:\/\/worldofflowerpots.com\/","name":"World of Flowerpots","description":"producent donic ozdobnych","potentialAction":[{"@type":"SearchAction","target":{"@type":"EntryPoint","urlTemplate":"https:\/\/worldofflowerpots.com\/?s={search_term_string}"},"query-input":{"@type":"PropertyValueSpecification","valueRequired":true,"valueName":"search_term_string"}}],"inLanguage":"pl-PL"}]}},"_links":{"self":[{"href":"https:\/\/worldofflowerpots.com\/pl\/wp-json\/wp\/v2\/product\/50763","targetHints":{"allow":["GET"]}}],"collection":[{"href":"https:\/\/worldofflowerpots.com\/pl\/wp-json\/wp\/v2\/product"}],"about":[{"href":"https:\/\/worldofflowerpots.com\/pl\/wp-json\/wp\/v2\/types\/product"}],"wp:featuredmedia":[{"embeddable":true,"href":"https:\/\/worldofflowerpots.com\/pl\/wp-json\/wp\/v2\/media\/56999"}],"wp:attachment":[{"href":"https:\/\/worldofflowerpots.com\/pl\/wp-json\/wp\/v2\/media?parent=50763"}],"wp:term":[{"taxonomy":"product_brand","embeddable":true,"href":"https:\/\/worldofflowerpots.com\/pl\/wp-json\/wp\/v2\/product_brand?post=50763"},{"taxonomy":"product_cat","embeddable":true,"href":"https:\/\/worldofflowerpots.com\/pl\/wp-json\/wp\/v2\/product_cat?post=50763"},{"taxonomy":"product_tag","embeddable":true,"href":"https:\/\/worldofflowerpots.com\/pl\/wp-json\/wp\/v2\/product_tag?post=50763"}],"curies":[{"name":"wp","href":"https:\/\/api.w.org\/{rel}","templated":true}]}}