{"id":50764,"date":"2019-01-18T15:06:23","date_gmt":"2019-01-18T14:06:23","guid":{"rendered":"https:\/\/worldofflowerpots.com\/product\/import-placeholder-for-80\/"},"modified":"2019-04-03T15:15:37","modified_gmt":"2019-04-03T13:15:37","slug":"donice-stalowe-cubi-4","status":"publish","type":"product","link":"https:\/\/worldofflowerpots.com\/pl\/sklep\/donice-stalowe-cubi-4\/","title":{"rendered":"Donice stalowe Cubi 4"},"content":{"rendered":"<h2>Donica Stalowa Cubi 4<\/h2>\n<p>Chc\u0105c podkre\u015bli\u0107 charakter ka\u017cdej przestrzeni, warto zadba\u0107 o najdrobniejsze szczeg\u00f3\u0142y. W r\u00f3\u017cnych pomieszczeniach bez wzgl\u0119du na ich wielko\u015b\u0107, wzrok przykuwaj\u0105 detale. Projektuj\u0105c w\u0142asny dom i ogr\u00f3d zadbajmy o ekspozycj\u0119 ro\u015blin. Podczas dobierania materia\u0142\u00f3w i element\u00f3w, kt\u00f3re b\u0119d\u0105 stanowi\u0142y ich pod\u0142o\u017ce oraz b\u0119d\u0105 komponowa\u0142y si\u0119 z otoczeniem, dobrym rozwi\u0105zaniem b\u0119d\u0105 donice stalowe.<br \/>\nBardzo dobr\u0105 propozycj\u0105 jest donica Cubi 4. Przy stosunkowo nie du\u017cych rozmiarach posiada spor\u0105 pojemno\u015b\u0107 (500 l), co wp\u0142ywa na jej dopasowanie do wielu przestrzeni. Ergonomiczny kszta\u0142t sprawi, \u017ce b\u0119dzie mo\u017cna umie\u015bci\u0107 j\u0105 na niewielkim tarasie lub w ogrodzie o znacznie wi\u0119kszych rozmiarach. Jej forma pozwala tak\u017ce na wype\u0142nienie nieregularnych przestrzeni, kt\u00f3re cz\u0119sto stanowi\u0105 problem podczas wystroju wn\u0119trz.<\/p>\n<h2>Rdzawa kostka<\/h2>\n<p>Kszta\u0142t klasycznego sze\u015bcianu daje wyraz prostoty, a jednocze\u015bnie potrafi by\u0107 modny i stylowy. Geometryczna budowa wpasuje si\u0119 w wiele rodzaj\u00f3w przestrzeni. Kolejn\u0105 istotn\u0105 cech\u0105, kt\u00f3r\u0105 posiada ta donica stalowa, jest jej odcie\u0144. Naturalny koloryt rdzy zwr\u00f3ci uwag\u0119 ka\u017cdego mi\u0142o\u015bnika ro\u015blin i ogrod\u00f3w. Doskonale wsp\u00f3\u0142gra i podkre\u015bla wszystkie walory. Kolorystyka donicy potrafi roz\u015bwietli\u0107 przestrzenie i nada\u0107 im szlachetnego wyrazu, r\u00f3wnocze\u015bnie ukazuj\u0105c przepych i charakter ro\u015blinno\u015bci. Padaj\u0105ce na ni\u0105 \u015bwiat\u0142o zmienia jej barw\u0119 i mocniej przykuwa wzrok.<br \/>\nDonice stalowe Cubi 4 zachwyc\u0105 niejednego pasjonata ro\u015blin. Ogromne znaczenie nadaj\u0105ce donicom wy\u017csz\u0105 warto\u015b\u0107, ma proces, kt\u00f3remu zosta\u0142a poddana stal. Na jej jako\u015b\u0107 i wygl\u0105d wp\u0142yn\u0119\u0142o dodatkowe hartowanie materia\u0142u. Dzi\u0119ki temu jest ona bardziej wytrzyma\u0142a i odporna na wiele czynnik\u00f3w, m. in. uderzenia czy wstrz\u0105sy. R\u00f3wnie\u017c warunki pogodowe nie stanowi\u0105 dla jej trwa\u0142o\u015bci\u00a0wi\u0119kszego ryzyka.<\/p>\n<h2>Co istotne?<\/h2>\n<p>Donica posiada otwory odp\u0142ywowe, dzi\u0119ki kt\u00f3rym nie musimy dodatkowo ingerowa\u0107 w jej funkcjonalno\u015b\u0107. Nale\u017cy pami\u0119ta\u0107, aby zapewni\u0107 sta\u0142\u0105 szczelno\u015b\u0107 otwor\u00f3w odp\u0142ywowych, zw\u0142aszcza w okresie jesienno \u2013 zimowym. Nadmiar zamarzni\u0119tej wody wp\u0142ywa destrukcyjnie na ka\u017cdy materia\u0142, corten tak\u017ce. Dla lepszej izolacji ciep\u0142a, na \u015bciankach donicy zastosowano styropian o grubo\u015bci 2 cm. Zapewnia to bezpiecze\u0144stwo najbardziej wymagaj\u0105cym ro\u015blinom. Ka\u017cdy z wymiar\u00f3w donicy: wysoko\u015b\u0107, szeroko\u015b\u0107 i d\u0142ugo\u015b\u0107 to 80 cm. Jej pojemno\u015b\u0107 to oko\u0142o 500 litr\u00f3w. Jest stabilna &#8211; wa\u017cy 58 kg. Trwa\u0142a donica stalowa Cubi 4 spe\u0142ni nawet najwi\u0119ksze oczekiwania.<\/p>\n","protected":false},"excerpt":{"rendered":"<p>Donica Cubi 4\u00a0 z blachy cortenowej o grubo\u015bci 2mm. W dnie posiada otwory odp\u0142ywowe, natomiast jej \u015bcianki ocieplone s\u0105 styropianem o grubo\u015bci 2cm. Wymiary donicy:d\u0142ugo\u015b\u0107:80cm, szeroko\u015b\u0107:80cm, wysoko\u015b\u0107:80cm.<\/p>\n","protected":false},"featured_media":57009,"template":"","meta":{"_acf_changed":false},"product_brand":[],"product_cat":[126],"product_tag":[444,449,450],"class_list":{"0":"post-50764","1":"product","2":"type-product","3":"status-publish","4":"has-post-thumbnail","6":"product_cat-donice-ze-stali-corten","7":"product_tag-donice-ogrodowe","8":"product_tag-donice-z-cortenu","9":"product_tag-donice-z-efektem-rdzy","10":"description-off","11":"tm-has-options","13":"first","14":"instock","15":"shipping-taxable","16":"purchasable","17":"product-type-simple"},"acf":[],"yoast_head":"<!-- This site is optimized with the Yoast SEO plugin v27.5 - https:\/\/yoast.com\/product\/yoast-seo-wordpress\/ -->\n<title>Donice Stalowe Corten Cubi 4 TRWA\u0141E I DELIKATNE<\/title>\n<meta name=\"description\" content=\"Donice stalowe Cubi 4 zachwyc\u0105 niejednego pasjonata ro\u015blin. Ogromne znaczenie nadaj\u0105ce donicom wy\u017csz\u0105 warto\u015b\u0107, ma proces, kt\u00f3remu zosta\u0142a poddana stal.\" \/>\n<meta name=\"robots\" content=\"index, follow, max-snippet:-1, max-image-preview:large, max-video-preview:-1\" \/>\n<link rel=\"canonical\" href=\"https:\/\/worldofflowerpots.com\/sklep\/donice-stalowe-cubi-4\/\" \/>\n<meta property=\"og:locale\" content=\"pl_PL\" \/>\n<meta property=\"og:type\" content=\"article\" \/>\n<meta property=\"og:title\" content=\"Donice Stalowe Corten Cubi 4 TRWA\u0141E I DELIKATNE\" \/>\n<meta property=\"og:description\" content=\"Donice stalowe Cubi 4 zachwyc\u0105 niejednego pasjonata ro\u015blin. Ogromne znaczenie nadaj\u0105ce donicom wy\u017csz\u0105 warto\u015b\u0107, ma proces, kt\u00f3remu zosta\u0142a poddana stal.\" \/>\n<meta property=\"og:url\" content=\"https:\/\/worldofflowerpots.com\/sklep\/donice-stalowe-cubi-4\/\" \/>\n<meta property=\"og:site_name\" content=\"World of Flowerpots\" \/>\n<meta property=\"article:modified_time\" content=\"2019-04-03T13:15:37+00:00\" \/>\n<meta property=\"og:image\" content=\"https:\/\/worldofflowerpots.com\/wp-content\/uploads\/2019\/01\/Donice-stalowe-Cubi_4.jpg\" \/>\n\t<meta property=\"og:image:width\" content=\"2280\" \/>\n\t<meta property=\"og:image:height\" content=\"1612\" \/>\n\t<meta property=\"og:image:type\" content=\"image\/jpeg\" \/>\n<meta name=\"twitter:card\" content=\"summary_large_image\" \/>\n<meta name=\"twitter:label1\" content=\"Szacowany czas czytania\" \/>\n\t<meta name=\"twitter:data1\" content=\"2 minuty\" \/>\n<script type=\"application\/ld+json\" class=\"yoast-schema-graph\">{\"@context\":\"https:\\\/\\\/schema.org\",\"@graph\":[{\"@type\":\"WebPage\",\"@id\":\"https:\\\/\\\/worldofflowerpots.com\\\/sklep\\\/donice-stalowe-cubi-4\\\/\",\"url\":\"https:\\\/\\\/worldofflowerpots.com\\\/sklep\\\/donice-stalowe-cubi-4\\\/\",\"name\":\"Donice Stalowe Corten Cubi 4 TRWA\u0141E I DELIKATNE\",\"isPartOf\":{\"@id\":\"https:\\\/\\\/worldofflowerpots.com\\\/#website\"},\"primaryImageOfPage\":{\"@id\":\"https:\\\/\\\/worldofflowerpots.com\\\/sklep\\\/donice-stalowe-cubi-4\\\/#primaryimage\"},\"image\":{\"@id\":\"https:\\\/\\\/worldofflowerpots.com\\\/sklep\\\/donice-stalowe-cubi-4\\\/#primaryimage\"},\"thumbnailUrl\":\"https:\\\/\\\/worldofflowerpots.com\\\/wp-content\\\/uploads\\\/2019\\\/01\\\/Donice-stalowe-Cubi_4.jpg\",\"datePublished\":\"2019-01-18T14:06:23+00:00\",\"dateModified\":\"2019-04-03T13:15:37+00:00\",\"description\":\"Donice stalowe Cubi 4 zachwyc\u0105 niejednego pasjonata ro\u015blin. Ogromne znaczenie nadaj\u0105ce donicom wy\u017csz\u0105 warto\u015b\u0107, ma proces, kt\u00f3remu zosta\u0142a poddana stal.\",\"breadcrumb\":{\"@id\":\"https:\\\/\\\/worldofflowerpots.com\\\/sklep\\\/donice-stalowe-cubi-4\\\/#breadcrumb\"},\"inLanguage\":\"pl-PL\",\"potentialAction\":[{\"@type\":\"ReadAction\",\"target\":[\"https:\\\/\\\/worldofflowerpots.com\\\/sklep\\\/donice-stalowe-cubi-4\\\/\"]}]},{\"@type\":\"ImageObject\",\"inLanguage\":\"pl-PL\",\"@id\":\"https:\\\/\\\/worldofflowerpots.com\\\/sklep\\\/donice-stalowe-cubi-4\\\/#primaryimage\",\"url\":\"https:\\\/\\\/worldofflowerpots.com\\\/wp-content\\\/uploads\\\/2019\\\/01\\\/Donice-stalowe-Cubi_4.jpg\",\"contentUrl\":\"https:\\\/\\\/worldofflowerpots.com\\\/wp-content\\\/uploads\\\/2019\\\/01\\\/Donice-stalowe-Cubi_4.jpg\",\"width\":2280,\"height\":1612},{\"@type\":\"BreadcrumbList\",\"@id\":\"https:\\\/\\\/worldofflowerpots.com\\\/sklep\\\/donice-stalowe-cubi-4\\\/#breadcrumb\",\"itemListElement\":[{\"@type\":\"ListItem\",\"position\":1,\"name\":\"Strona g\u0142\u00f3wna\",\"item\":\"https:\\\/\\\/worldofflowerpots.com\\\/\"},{\"@type\":\"ListItem\",\"position\":2,\"name\":\"Sklep\",\"item\":\"https:\\\/\\\/worldofflowerpots.com\\\/sklep\\\/\"},{\"@type\":\"ListItem\",\"position\":3,\"name\":\"Donice stalowe Cubi 4\"}]},{\"@type\":\"WebSite\",\"@id\":\"https:\\\/\\\/worldofflowerpots.com\\\/#website\",\"url\":\"https:\\\/\\\/worldofflowerpots.com\\\/\",\"name\":\"World of Flowerpots\",\"description\":\"producent donic ozdobnych\",\"potentialAction\":[{\"@type\":\"SearchAction\",\"target\":{\"@type\":\"EntryPoint\",\"urlTemplate\":\"https:\\\/\\\/worldofflowerpots.com\\\/?s={search_term_string}\"},\"query-input\":{\"@type\":\"PropertyValueSpecification\",\"valueRequired\":true,\"valueName\":\"search_term_string\"}}],\"inLanguage\":\"pl-PL\"}]}<\/script>\n<!-- \/ Yoast SEO plugin. -->","yoast_head_json":{"title":"Donice Stalowe Corten Cubi 4 TRWA\u0141E I DELIKATNE","description":"Donice stalowe Cubi 4 zachwyc\u0105 niejednego pasjonata ro\u015blin. Ogromne znaczenie nadaj\u0105ce donicom wy\u017csz\u0105 warto\u015b\u0107, ma proces, kt\u00f3remu zosta\u0142a poddana stal.","robots":{"index":"index","follow":"follow","max-snippet":"max-snippet:-1","max-image-preview":"max-image-preview:large","max-video-preview":"max-video-preview:-1"},"canonical":"https:\/\/worldofflowerpots.com\/sklep\/donice-stalowe-cubi-4\/","og_locale":"pl_PL","og_type":"article","og_title":"Donice Stalowe Corten Cubi 4 TRWA\u0141E I DELIKATNE","og_description":"Donice stalowe Cubi 4 zachwyc\u0105 niejednego pasjonata ro\u015blin. Ogromne znaczenie nadaj\u0105ce donicom wy\u017csz\u0105 warto\u015b\u0107, ma proces, kt\u00f3remu zosta\u0142a poddana stal.","og_url":"https:\/\/worldofflowerpots.com\/sklep\/donice-stalowe-cubi-4\/","og_site_name":"World of Flowerpots","article_modified_time":"2019-04-03T13:15:37+00:00","og_image":[{"width":2280,"height":1612,"url":"https:\/\/worldofflowerpots.com\/wp-content\/uploads\/2019\/01\/Donice-stalowe-Cubi_4.jpg","type":"image\/jpeg"}],"twitter_card":"summary_large_image","twitter_misc":{"Szacowany czas czytania":"2 minuty"},"schema":{"@context":"https:\/\/schema.org","@graph":[{"@type":"WebPage","@id":"https:\/\/worldofflowerpots.com\/sklep\/donice-stalowe-cubi-4\/","url":"https:\/\/worldofflowerpots.com\/sklep\/donice-stalowe-cubi-4\/","name":"Donice Stalowe Corten Cubi 4 TRWA\u0141E I DELIKATNE","isPartOf":{"@id":"https:\/\/worldofflowerpots.com\/#website"},"primaryImageOfPage":{"@id":"https:\/\/worldofflowerpots.com\/sklep\/donice-stalowe-cubi-4\/#primaryimage"},"image":{"@id":"https:\/\/worldofflowerpots.com\/sklep\/donice-stalowe-cubi-4\/#primaryimage"},"thumbnailUrl":"https:\/\/worldofflowerpots.com\/wp-content\/uploads\/2019\/01\/Donice-stalowe-Cubi_4.jpg","datePublished":"2019-01-18T14:06:23+00:00","dateModified":"2019-04-03T13:15:37+00:00","description":"Donice stalowe Cubi 4 zachwyc\u0105 niejednego pasjonata ro\u015blin. Ogromne znaczenie nadaj\u0105ce donicom wy\u017csz\u0105 warto\u015b\u0107, ma proces, kt\u00f3remu zosta\u0142a poddana stal.","breadcrumb":{"@id":"https:\/\/worldofflowerpots.com\/sklep\/donice-stalowe-cubi-4\/#breadcrumb"},"inLanguage":"pl-PL","potentialAction":[{"@type":"ReadAction","target":["https:\/\/worldofflowerpots.com\/sklep\/donice-stalowe-cubi-4\/"]}]},{"@type":"ImageObject","inLanguage":"pl-PL","@id":"https:\/\/worldofflowerpots.com\/sklep\/donice-stalowe-cubi-4\/#primaryimage","url":"https:\/\/worldofflowerpots.com\/wp-content\/uploads\/2019\/01\/Donice-stalowe-Cubi_4.jpg","contentUrl":"https:\/\/worldofflowerpots.com\/wp-content\/uploads\/2019\/01\/Donice-stalowe-Cubi_4.jpg","width":2280,"height":1612},{"@type":"BreadcrumbList","@id":"https:\/\/worldofflowerpots.com\/sklep\/donice-stalowe-cubi-4\/#breadcrumb","itemListElement":[{"@type":"ListItem","position":1,"name":"Strona g\u0142\u00f3wna","item":"https:\/\/worldofflowerpots.com\/"},{"@type":"ListItem","position":2,"name":"Sklep","item":"https:\/\/worldofflowerpots.com\/sklep\/"},{"@type":"ListItem","position":3,"name":"Donice stalowe Cubi 4"}]},{"@type":"WebSite","@id":"https:\/\/worldofflowerpots.com\/#website","url":"https:\/\/worldofflowerpots.com\/","name":"World of Flowerpots","description":"producent donic ozdobnych","potentialAction":[{"@type":"SearchAction","target":{"@type":"EntryPoint","urlTemplate":"https:\/\/worldofflowerpots.com\/?s={search_term_string}"},"query-input":{"@type":"PropertyValueSpecification","valueRequired":true,"valueName":"search_term_string"}}],"inLanguage":"pl-PL"}]}},"_links":{"self":[{"href":"https:\/\/worldofflowerpots.com\/pl\/wp-json\/wp\/v2\/product\/50764","targetHints":{"allow":["GET"]}}],"collection":[{"href":"https:\/\/worldofflowerpots.com\/pl\/wp-json\/wp\/v2\/product"}],"about":[{"href":"https:\/\/worldofflowerpots.com\/pl\/wp-json\/wp\/v2\/types\/product"}],"wp:featuredmedia":[{"embeddable":true,"href":"https:\/\/worldofflowerpots.com\/pl\/wp-json\/wp\/v2\/media\/57009"}],"wp:attachment":[{"href":"https:\/\/worldofflowerpots.com\/pl\/wp-json\/wp\/v2\/media?parent=50764"}],"wp:term":[{"taxonomy":"product_brand","embeddable":true,"href":"https:\/\/worldofflowerpots.com\/pl\/wp-json\/wp\/v2\/product_brand?post=50764"},{"taxonomy":"product_cat","embeddable":true,"href":"https:\/\/worldofflowerpots.com\/pl\/wp-json\/wp\/v2\/product_cat?post=50764"},{"taxonomy":"product_tag","embeddable":true,"href":"https:\/\/worldofflowerpots.com\/pl\/wp-json\/wp\/v2\/product_tag?post=50764"}],"curies":[{"name":"wp","href":"https:\/\/api.w.org\/{rel}","templated":true}]}}