{"id":50765,"date":"2019-01-18T15:06:23","date_gmt":"2019-01-18T14:06:23","guid":{"rendered":"https:\/\/worldofflowerpots.com\/product\/import-placeholder-for-81\/"},"modified":"2019-04-03T15:01:24","modified_gmt":"2019-04-03T13:01:24","slug":"donice-ze-stali-corten-cubi-3","status":"publish","type":"product","link":"https:\/\/worldofflowerpots.com\/pl\/sklep\/donice-ze-stali-corten-cubi-3\/","title":{"rendered":"Donice ze stali corten Cubi 3"},"content":{"rendered":"<h2><strong>Donice ze stali corten \u00a0<\/strong><\/h2>\n<p>Wybieraj\u0105c donic\u0119 do u\u017cytku zewn\u0119trznego coraz wi\u0119cej os\u00f3b decyduje si\u0119 na donice wykonane ze specjalnej stali corten.\u00a0 Jest to prawdziwy hit ostatnich lat w\u015br\u00f3d mi\u0142o\u015bnik\u00f3w architektury krajobrazu i ozdabiania ogrod\u00f3w. Donice wykonane z tego materia\u0142u s\u0105 bardzo odporne na warunki atmosferyczne i uszkodzenia mechaniczne. Powierzchnia donicy pokryta jest specjaln\u0105 patynow\u0105 warstw\u0105, kt\u00f3ra wygl\u0105dem przypomina rdzawy nalot. Jednak nie nale\u017cy myli\u0107 tego zjawiska ze zwyk\u0142\u0105 rdz\u0105, dzia\u0142aj\u0105c\u0105 destrukcyjnie. Ten nalot jest bardzo wa\u017cny, poniewa\u017c wp\u0142ywa na spowolnienie procesu korozji i chroni doniczk\u0119 przed wilgoci\u0105, na kt\u00f3r\u0105 jest nieustannie nara\u017cona. Patynowy nalot uk\u0142ada si\u0119 w niepowtarzalne, fantazyjne zacieki, dlatego nadaje donicy niepowtarzalny urok i charakter. Warto jedynie pami\u0119ta\u0107, aby nie ustawia\u0107 donic ze stali corten w okolicy powierzchni, kt\u00f3ra jest trudna do wyczyszczenia, poniewa\u017c patyna mo\u017ce j\u0105 ubrudzi\u0107.<\/p>\n<h2><strong>Nowoczesna klasyka<\/strong><\/h2>\n<p>Decyduj\u0105c si\u0119 na donice ze stali corten z pewno\u015bci\u0105 \u015bwietnym wyborem b\u0119dzie donica stalowa \u00a0Cubi 3. Jest ona niebywale stylowa, klasyczna, a przy tym nowoczesna. Wykonana jest ona z 2 mm blachy. Ma kszta\u0142t sze\u015bcianu o d\u0142ugo\u015bci, szeroko\u015bci bok\u00f3w oraz wysoko\u015bci 70 centymetr\u00f3w. W dnie donicy znajduj\u0105 si\u0119 specjalne otwory odp\u0142ywowe, a \u015bciany s\u0105 dodatkowo ocieplone styropianem. Jej kszta\u0142t i rozmiar sprawia, ze prezentuje si\u0119 ona \u015bwietnie w ka\u017cdym otoczeniu, zar\u00f3wno w ogrodzie, na tarasie, podje\u017adzie, czy w patio. Regularna, geometryczna budowa sprawia, \u017ce wpasowuje si\u0119 ona idealnie w nowoczesne kanony i pasuje szczeg\u00f3lnie do wsp\u00f3\u0142czesnych projekt\u00f3w architektonicznych. Z kolei rdzawy nalot patyny dodaje jej klasycznego wygl\u0105du. Z tego powodu donice ze stali corten s\u0105 takie unikatowe, wszechstronne i pasuj\u0105ce do starszej, klasycznej jak i nowoczesnej zabudowy. Dodatkowym atutem jest podkre\u015blenie zielonego koloru ro\u015blin i ocieplenie go dzi\u0119ki br\u0105zowemu kolorowy powierzchni zewn\u0119trznej.<\/p>\n<p>Donice ze stali corten to idealny wyb\u00f3r praktycznie dla ka\u017cdego. B\u0119dzie ona spe\u0142nia\u0142a swoj\u0105 funkcj\u0119 przez lata, a przy tym wygl\u0105da\u0142a pi\u0119knie i efektownie.<\/p>\n","protected":false},"excerpt":{"rendered":"<p>Donica Cubi 3\u00a0 z blachy cortenowej o grubo\u015bci 2mm. W dnie posiada otwory odp\u0142ywowe, natomiast jej \u015bcianki ocieplone s\u0105 styropianem o grubo\u015bci 2 cm. Wymiary donicy: d\u0142ugo\u015b\u0107: 70 cm, szeroko\u015b\u0107: 70 cm, wysoko\u015b\u0107: 70 cm.<\/p>\n","protected":false},"featured_media":56949,"template":"","meta":{"_acf_changed":false},"product_brand":[],"product_cat":[126],"product_tag":[444,449,450],"class_list":{"0":"post-50765","1":"product","2":"type-product","3":"status-publish","4":"has-post-thumbnail","6":"product_cat-donice-ze-stali-corten","7":"product_tag-donice-ogrodowe","8":"product_tag-donice-z-cortenu","9":"product_tag-donice-z-efektem-rdzy","10":"description-off","11":"tm-has-options","13":"first","14":"instock","15":"shipping-taxable","16":"purchasable","17":"product-type-simple"},"acf":[],"yoast_head":"<!-- This site is optimized with the Yoast SEO plugin v27.5 - https:\/\/yoast.com\/product\/yoast-seo-wordpress\/ -->\n<title>Donice ze stali corten Cubi 3 do Ogrodu Firmy Klasyczne i Nowoczesne<\/title>\n<meta name=\"description\" content=\"Donice ze stali corten s\u0105 bardzo odporne na warunki atmosferyczne i uszkodzenia mechaniczne, dlatego to dobry wyb\u00f3r na lata. Pasuj\u0105 do ka\u017cdej aran\u017cacji.\" \/>\n<meta name=\"robots\" content=\"index, follow, max-snippet:-1, max-image-preview:large, max-video-preview:-1\" \/>\n<link rel=\"canonical\" href=\"https:\/\/worldofflowerpots.com\/sklep\/donice-ze-stali-corten-cubi-3\/\" \/>\n<meta property=\"og:locale\" content=\"pl_PL\" \/>\n<meta property=\"og:type\" content=\"article\" \/>\n<meta property=\"og:title\" content=\"Donice ze stali corten Cubi 3 do Ogrodu Firmy Klasyczne i Nowoczesne\" \/>\n<meta property=\"og:description\" content=\"Donice ze stali corten s\u0105 bardzo odporne na warunki atmosferyczne i uszkodzenia mechaniczne, dlatego to dobry wyb\u00f3r na lata. Pasuj\u0105 do ka\u017cdej aran\u017cacji.\" \/>\n<meta property=\"og:url\" content=\"https:\/\/worldofflowerpots.com\/sklep\/donice-ze-stali-corten-cubi-3\/\" \/>\n<meta property=\"og:site_name\" content=\"World of Flowerpots\" \/>\n<meta property=\"article:modified_time\" content=\"2019-04-03T13:01:24+00:00\" \/>\n<meta property=\"og:image\" content=\"https:\/\/worldofflowerpots.com\/wp-content\/uploads\/2019\/01\/Donice-ze-stali-corten-Cubi_3.jpg\" \/>\n\t<meta property=\"og:image:width\" content=\"2280\" \/>\n\t<meta property=\"og:image:height\" content=\"1612\" \/>\n\t<meta property=\"og:image:type\" content=\"image\/jpeg\" \/>\n<meta name=\"twitter:card\" content=\"summary_large_image\" \/>\n<meta name=\"twitter:label1\" content=\"Szacowany czas czytania\" \/>\n\t<meta name=\"twitter:data1\" content=\"2 minuty\" \/>\n<script type=\"application\/ld+json\" class=\"yoast-schema-graph\">{\"@context\":\"https:\\\/\\\/schema.org\",\"@graph\":[{\"@type\":\"WebPage\",\"@id\":\"https:\\\/\\\/worldofflowerpots.com\\\/sklep\\\/donice-ze-stali-corten-cubi-3\\\/\",\"url\":\"https:\\\/\\\/worldofflowerpots.com\\\/sklep\\\/donice-ze-stali-corten-cubi-3\\\/\",\"name\":\"Donice ze stali corten Cubi 3 do Ogrodu Firmy Klasyczne i Nowoczesne\",\"isPartOf\":{\"@id\":\"https:\\\/\\\/worldofflowerpots.com\\\/#website\"},\"primaryImageOfPage\":{\"@id\":\"https:\\\/\\\/worldofflowerpots.com\\\/sklep\\\/donice-ze-stali-corten-cubi-3\\\/#primaryimage\"},\"image\":{\"@id\":\"https:\\\/\\\/worldofflowerpots.com\\\/sklep\\\/donice-ze-stali-corten-cubi-3\\\/#primaryimage\"},\"thumbnailUrl\":\"https:\\\/\\\/worldofflowerpots.com\\\/wp-content\\\/uploads\\\/2019\\\/01\\\/Donice-ze-stali-corten-Cubi_3.jpg\",\"datePublished\":\"2019-01-18T14:06:23+00:00\",\"dateModified\":\"2019-04-03T13:01:24+00:00\",\"description\":\"Donice ze stali corten s\u0105 bardzo odporne na warunki atmosferyczne i uszkodzenia mechaniczne, dlatego to dobry wyb\u00f3r na lata. Pasuj\u0105 do ka\u017cdej aran\u017cacji.\",\"breadcrumb\":{\"@id\":\"https:\\\/\\\/worldofflowerpots.com\\\/sklep\\\/donice-ze-stali-corten-cubi-3\\\/#breadcrumb\"},\"inLanguage\":\"pl-PL\",\"potentialAction\":[{\"@type\":\"ReadAction\",\"target\":[\"https:\\\/\\\/worldofflowerpots.com\\\/sklep\\\/donice-ze-stali-corten-cubi-3\\\/\"]}]},{\"@type\":\"ImageObject\",\"inLanguage\":\"pl-PL\",\"@id\":\"https:\\\/\\\/worldofflowerpots.com\\\/sklep\\\/donice-ze-stali-corten-cubi-3\\\/#primaryimage\",\"url\":\"https:\\\/\\\/worldofflowerpots.com\\\/wp-content\\\/uploads\\\/2019\\\/01\\\/Donice-ze-stali-corten-Cubi_3.jpg\",\"contentUrl\":\"https:\\\/\\\/worldofflowerpots.com\\\/wp-content\\\/uploads\\\/2019\\\/01\\\/Donice-ze-stali-corten-Cubi_3.jpg\",\"width\":2280,\"height\":1612},{\"@type\":\"BreadcrumbList\",\"@id\":\"https:\\\/\\\/worldofflowerpots.com\\\/sklep\\\/donice-ze-stali-corten-cubi-3\\\/#breadcrumb\",\"itemListElement\":[{\"@type\":\"ListItem\",\"position\":1,\"name\":\"Strona g\u0142\u00f3wna\",\"item\":\"https:\\\/\\\/worldofflowerpots.com\\\/\"},{\"@type\":\"ListItem\",\"position\":2,\"name\":\"Sklep\",\"item\":\"https:\\\/\\\/worldofflowerpots.com\\\/sklep\\\/\"},{\"@type\":\"ListItem\",\"position\":3,\"name\":\"Donice ze stali corten Cubi 3\"}]},{\"@type\":\"WebSite\",\"@id\":\"https:\\\/\\\/worldofflowerpots.com\\\/#website\",\"url\":\"https:\\\/\\\/worldofflowerpots.com\\\/\",\"name\":\"World of Flowerpots\",\"description\":\"producent donic ozdobnych\",\"potentialAction\":[{\"@type\":\"SearchAction\",\"target\":{\"@type\":\"EntryPoint\",\"urlTemplate\":\"https:\\\/\\\/worldofflowerpots.com\\\/?s={search_term_string}\"},\"query-input\":{\"@type\":\"PropertyValueSpecification\",\"valueRequired\":true,\"valueName\":\"search_term_string\"}}],\"inLanguage\":\"pl-PL\"}]}<\/script>\n<!-- \/ Yoast SEO plugin. -->","yoast_head_json":{"title":"Donice ze stali corten Cubi 3 do Ogrodu Firmy Klasyczne i Nowoczesne","description":"Donice ze stali corten s\u0105 bardzo odporne na warunki atmosferyczne i uszkodzenia mechaniczne, dlatego to dobry wyb\u00f3r na lata. Pasuj\u0105 do ka\u017cdej aran\u017cacji.","robots":{"index":"index","follow":"follow","max-snippet":"max-snippet:-1","max-image-preview":"max-image-preview:large","max-video-preview":"max-video-preview:-1"},"canonical":"https:\/\/worldofflowerpots.com\/sklep\/donice-ze-stali-corten-cubi-3\/","og_locale":"pl_PL","og_type":"article","og_title":"Donice ze stali corten Cubi 3 do Ogrodu Firmy Klasyczne i Nowoczesne","og_description":"Donice ze stali corten s\u0105 bardzo odporne na warunki atmosferyczne i uszkodzenia mechaniczne, dlatego to dobry wyb\u00f3r na lata. Pasuj\u0105 do ka\u017cdej aran\u017cacji.","og_url":"https:\/\/worldofflowerpots.com\/sklep\/donice-ze-stali-corten-cubi-3\/","og_site_name":"World of Flowerpots","article_modified_time":"2019-04-03T13:01:24+00:00","og_image":[{"width":2280,"height":1612,"url":"https:\/\/worldofflowerpots.com\/wp-content\/uploads\/2019\/01\/Donice-ze-stali-corten-Cubi_3.jpg","type":"image\/jpeg"}],"twitter_card":"summary_large_image","twitter_misc":{"Szacowany czas czytania":"2 minuty"},"schema":{"@context":"https:\/\/schema.org","@graph":[{"@type":"WebPage","@id":"https:\/\/worldofflowerpots.com\/sklep\/donice-ze-stali-corten-cubi-3\/","url":"https:\/\/worldofflowerpots.com\/sklep\/donice-ze-stali-corten-cubi-3\/","name":"Donice ze stali corten Cubi 3 do Ogrodu Firmy Klasyczne i Nowoczesne","isPartOf":{"@id":"https:\/\/worldofflowerpots.com\/#website"},"primaryImageOfPage":{"@id":"https:\/\/worldofflowerpots.com\/sklep\/donice-ze-stali-corten-cubi-3\/#primaryimage"},"image":{"@id":"https:\/\/worldofflowerpots.com\/sklep\/donice-ze-stali-corten-cubi-3\/#primaryimage"},"thumbnailUrl":"https:\/\/worldofflowerpots.com\/wp-content\/uploads\/2019\/01\/Donice-ze-stali-corten-Cubi_3.jpg","datePublished":"2019-01-18T14:06:23+00:00","dateModified":"2019-04-03T13:01:24+00:00","description":"Donice ze stali corten s\u0105 bardzo odporne na warunki atmosferyczne i uszkodzenia mechaniczne, dlatego to dobry wyb\u00f3r na lata. Pasuj\u0105 do ka\u017cdej aran\u017cacji.","breadcrumb":{"@id":"https:\/\/worldofflowerpots.com\/sklep\/donice-ze-stali-corten-cubi-3\/#breadcrumb"},"inLanguage":"pl-PL","potentialAction":[{"@type":"ReadAction","target":["https:\/\/worldofflowerpots.com\/sklep\/donice-ze-stali-corten-cubi-3\/"]}]},{"@type":"ImageObject","inLanguage":"pl-PL","@id":"https:\/\/worldofflowerpots.com\/sklep\/donice-ze-stali-corten-cubi-3\/#primaryimage","url":"https:\/\/worldofflowerpots.com\/wp-content\/uploads\/2019\/01\/Donice-ze-stali-corten-Cubi_3.jpg","contentUrl":"https:\/\/worldofflowerpots.com\/wp-content\/uploads\/2019\/01\/Donice-ze-stali-corten-Cubi_3.jpg","width":2280,"height":1612},{"@type":"BreadcrumbList","@id":"https:\/\/worldofflowerpots.com\/sklep\/donice-ze-stali-corten-cubi-3\/#breadcrumb","itemListElement":[{"@type":"ListItem","position":1,"name":"Strona g\u0142\u00f3wna","item":"https:\/\/worldofflowerpots.com\/"},{"@type":"ListItem","position":2,"name":"Sklep","item":"https:\/\/worldofflowerpots.com\/sklep\/"},{"@type":"ListItem","position":3,"name":"Donice ze stali corten Cubi 3"}]},{"@type":"WebSite","@id":"https:\/\/worldofflowerpots.com\/#website","url":"https:\/\/worldofflowerpots.com\/","name":"World of Flowerpots","description":"producent donic ozdobnych","potentialAction":[{"@type":"SearchAction","target":{"@type":"EntryPoint","urlTemplate":"https:\/\/worldofflowerpots.com\/?s={search_term_string}"},"query-input":{"@type":"PropertyValueSpecification","valueRequired":true,"valueName":"search_term_string"}}],"inLanguage":"pl-PL"}]}},"_links":{"self":[{"href":"https:\/\/worldofflowerpots.com\/pl\/wp-json\/wp\/v2\/product\/50765","targetHints":{"allow":["GET"]}}],"collection":[{"href":"https:\/\/worldofflowerpots.com\/pl\/wp-json\/wp\/v2\/product"}],"about":[{"href":"https:\/\/worldofflowerpots.com\/pl\/wp-json\/wp\/v2\/types\/product"}],"wp:featuredmedia":[{"embeddable":true,"href":"https:\/\/worldofflowerpots.com\/pl\/wp-json\/wp\/v2\/media\/56949"}],"wp:attachment":[{"href":"https:\/\/worldofflowerpots.com\/pl\/wp-json\/wp\/v2\/media?parent=50765"}],"wp:term":[{"taxonomy":"product_brand","embeddable":true,"href":"https:\/\/worldofflowerpots.com\/pl\/wp-json\/wp\/v2\/product_brand?post=50765"},{"taxonomy":"product_cat","embeddable":true,"href":"https:\/\/worldofflowerpots.com\/pl\/wp-json\/wp\/v2\/product_cat?post=50765"},{"taxonomy":"product_tag","embeddable":true,"href":"https:\/\/worldofflowerpots.com\/pl\/wp-json\/wp\/v2\/product_tag?post=50765"}],"curies":[{"name":"wp","href":"https:\/\/api.w.org\/{rel}","templated":true}]}}