{"id":50766,"date":"2019-01-18T15:06:23","date_gmt":"2019-01-18T14:06:23","guid":{"rendered":"https:\/\/worldofflowerpots.com\/product\/import-placeholder-for-82\/"},"modified":"2019-04-03T15:03:35","modified_gmt":"2019-04-03T13:03:35","slug":"kwadratowa-donica-z-kortenu-cubi-2","status":"publish","type":"product","link":"https:\/\/worldofflowerpots.com\/pl\/sklep\/kwadratowa-donica-z-kortenu-cubi-2\/","title":{"rendered":"Kwadratowa donica z kortenu Cubi 2"},"content":{"rendered":"<h2><strong>Kwadratowa donica z kortenu Cubi 2<\/strong><\/h2>\n<p>Wszyscy posiadacze ogrod\u00f3w chc\u0105, aby to ich ogr\u00f3d by\u0142 wyj\u0105tkowy. Dobrze dobrane ro\u015bliny, krzewy i kwiaty sprawiaj\u0105, \u017ce estetyka tego miejsca znacznie si\u0119 podnosi. Dobrym pomys\u0142em na wyj\u0105tkowe i nowoczesne udekorowanie ogrodu jest zakup odpowiednio dobranej donicy. Producenci oferuj\u0105 nam donice o r\u00f3\u017cnych kszta\u0142tach, wielko\u015bciach i kolorach. Ale przed wszystkim powinni\u015bmy zwr\u00f3ci\u0107 uwag\u0119 na to z jakiego materia\u0142u s\u0105 one wykonane. Kwadratowa donica z kortenu to po\u0142\u0105czenie oryginalnego i ciekawego wygl\u0105du ze wspania\u0142ymi w\u0142a\u015bciwo\u015bciami materia\u0142u z kt\u00f3rego zosta\u0142a wykonana.<\/p>\n<h2><strong>Stal o podwy\u017cszonej odporno\u015bci<\/strong><\/h2>\n<p>W ogrodzie panuj\u0105 bardzo r\u00f3\u017cne i nie raz trudne warunki pogodowe, a kwadratowa donica z kortenu doskonale sobie z nimi poradzi. Wykorzystanie stali zawieraj\u0105cej odpowiedni\u0105 mieszank\u0119 pierwiastk\u00f3w, kt\u00f3re tworz\u0105 szczeln\u0105 i trwa\u0142\u0105 pow\u0142ok\u0119, daj\u0105 w\u0142a\u015bciwo\u015bci antykorozyjne. Kolejn\u0105 zalet\u0105 jest fakt, i\u017c grube na 2 mm \u015bcianki donicy pozwol\u0105 cieszy\u0107 si\u0119 d\u0142ug\u0105 \u017cywotno\u015bci\u0105 i trwa\u0142o\u015bci\u0105 materia\u0142u. Donica posiada tak\u017ce \u015bcianki ocieplone dwucentymetrow\u0105 warstw\u0105 styropianu co na pewno przyczyni si\u0119 do lepszej izolacji cieplnej dla bardziej wra\u017cliwych na zimno ro\u015blin. Kwadratowy kszta\u0142t i do\u015b\u0107 du\u017ca pojemno\u015b\u0107, bo a\u017c 210 litr\u00f3w pozwoli na stworzenie ciekawej aran\u017cacji. Zar\u00f3wno jedna du\u017ca ro\u015blina jak i kilka mniejszych \u2013 dobrze komponuj\u0105 si\u0119 w donicy.<\/p>\n<p>Rozmiar 60x60x60 cm i waga donicy 36 kg to te\u017c atut, kt\u00f3ry ma wp\u0142yw na stabilno\u015b\u0107 ca\u0142o\u015bci w przypadku silniejszego wiatru. Na dnie donicy Cubi 2 znajduj\u0105 si\u0119 otwory odp\u0142ywowe, kt\u00f3re pozwalaj\u0105 na swobodny odp\u0142yw nadmiaru wody.<\/p>\n<h2><strong>Pojedynczo czy w grupie?<\/strong><\/h2>\n<p>Sposob\u00f3w na aran\u017cacj\u0119 donicy jest wiele. Na pewno dobrze b\u0119dzie si\u0119 komponowa\u0142a na granicach dzia\u0142ki lub te\u017c przy \u015bcianach budynk\u00f3w mieszkalnych. Doskonale prezentuj\u0105 si\u0119 donice ustawione jedna przy drugiej \u2013 tworz\u0105c swego rodzaju mur, czw\u00f3rkami jak i stoj\u0105ce pojedynczo. Oferowana kwadratowa donica z kortenu Cubi 2 nadaje si\u0119 zar\u00f3wno do mniejszych jak i du\u017cych ogrod\u00f3w. Nowoczesny styl i trwa\u0142o\u015b\u0107 u\u017cytych materia\u0142\u00f3w powinna zadowoli\u0107 ka\u017cdego.<\/p>\n","protected":false},"excerpt":{"rendered":"<p>Donica Cubi 2\u00a0 z blachy cortenowej o grubo\u015bci 2mm. W dnie posiada otwory odp\u0142ywowe, natomiast jej \u015bcianki ocieplone s\u0105 styropianem o grubo\u015bci 2cm. Wymiary donicy:d\u0142ugo\u015b\u0107:60cm, szeroko\u015b\u0107:60cm, wysoko\u015b\u0107:60cm.<\/p>\n","protected":false},"featured_media":56959,"template":"","meta":{"_acf_changed":false},"product_brand":[],"product_cat":[126],"product_tag":[444,449,450],"class_list":{"0":"post-50766","1":"product","2":"type-product","3":"status-publish","4":"has-post-thumbnail","6":"product_cat-donice-ze-stali-corten","7":"product_tag-donice-ogrodowe","8":"product_tag-donice-z-cortenu","9":"product_tag-donice-z-efektem-rdzy","10":"description-off","11":"tm-has-options","13":"first","14":"instock","15":"shipping-taxable","16":"purchasable","17":"product-type-simple"},"acf":[],"yoast_head":"<!-- This site is optimized with the Yoast SEO plugin v27.5 - https:\/\/yoast.com\/product\/yoast-seo-wordpress\/ -->\n<title>Kwadratowa donica z kortenu Cubi 2 do Ogrodu Stabilne i Nowoczesne<\/title>\n<meta name=\"description\" content=\"Kwadratowa donica z kortenu to po\u0142\u0105czenie oryginalnego i ciekawego wygl\u0105du ze wspania\u0142ymi w\u0142a\u015bciwo\u015bciami materia\u0142u z kt\u00f3rego zosta\u0142a wykonana.\" \/>\n<meta name=\"robots\" content=\"index, follow, max-snippet:-1, max-image-preview:large, max-video-preview:-1\" \/>\n<link rel=\"canonical\" href=\"https:\/\/worldofflowerpots.com\/sklep\/kwadratowa-donica-z-kortenu-cubi-2\/\" \/>\n<meta property=\"og:locale\" content=\"pl_PL\" \/>\n<meta property=\"og:type\" content=\"article\" \/>\n<meta property=\"og:title\" content=\"Kwadratowa donica z kortenu Cubi 2 do Ogrodu Stabilne i Nowoczesne\" \/>\n<meta property=\"og:description\" content=\"Kwadratowa donica z kortenu to po\u0142\u0105czenie oryginalnego i ciekawego wygl\u0105du ze wspania\u0142ymi w\u0142a\u015bciwo\u015bciami materia\u0142u z kt\u00f3rego zosta\u0142a wykonana.\" \/>\n<meta property=\"og:url\" content=\"https:\/\/worldofflowerpots.com\/sklep\/kwadratowa-donica-z-kortenu-cubi-2\/\" \/>\n<meta property=\"og:site_name\" content=\"World of Flowerpots\" \/>\n<meta property=\"article:modified_time\" content=\"2019-04-03T13:03:35+00:00\" \/>\n<meta property=\"og:image\" content=\"https:\/\/worldofflowerpots.com\/wp-content\/uploads\/2019\/01\/Kwadratowa-donica-z-kortenu-Cubi_2.jpg\" \/>\n\t<meta property=\"og:image:width\" content=\"2280\" \/>\n\t<meta property=\"og:image:height\" content=\"1612\" \/>\n\t<meta property=\"og:image:type\" content=\"image\/jpeg\" \/>\n<meta name=\"twitter:card\" content=\"summary_large_image\" \/>\n<meta name=\"twitter:label1\" content=\"Szacowany czas czytania\" \/>\n\t<meta name=\"twitter:data1\" content=\"2 minuty\" \/>\n<script type=\"application\/ld+json\" class=\"yoast-schema-graph\">{\"@context\":\"https:\\\/\\\/schema.org\",\"@graph\":[{\"@type\":\"WebPage\",\"@id\":\"https:\\\/\\\/worldofflowerpots.com\\\/sklep\\\/kwadratowa-donica-z-kortenu-cubi-2\\\/\",\"url\":\"https:\\\/\\\/worldofflowerpots.com\\\/sklep\\\/kwadratowa-donica-z-kortenu-cubi-2\\\/\",\"name\":\"Kwadratowa donica z kortenu Cubi 2 do Ogrodu Stabilne i Nowoczesne\",\"isPartOf\":{\"@id\":\"https:\\\/\\\/worldofflowerpots.com\\\/#website\"},\"primaryImageOfPage\":{\"@id\":\"https:\\\/\\\/worldofflowerpots.com\\\/sklep\\\/kwadratowa-donica-z-kortenu-cubi-2\\\/#primaryimage\"},\"image\":{\"@id\":\"https:\\\/\\\/worldofflowerpots.com\\\/sklep\\\/kwadratowa-donica-z-kortenu-cubi-2\\\/#primaryimage\"},\"thumbnailUrl\":\"https:\\\/\\\/worldofflowerpots.com\\\/wp-content\\\/uploads\\\/2019\\\/01\\\/Kwadratowa-donica-z-kortenu-Cubi_2.jpg\",\"datePublished\":\"2019-01-18T14:06:23+00:00\",\"dateModified\":\"2019-04-03T13:03:35+00:00\",\"description\":\"Kwadratowa donica z kortenu to po\u0142\u0105czenie oryginalnego i ciekawego wygl\u0105du ze wspania\u0142ymi w\u0142a\u015bciwo\u015bciami materia\u0142u z kt\u00f3rego zosta\u0142a wykonana.\",\"breadcrumb\":{\"@id\":\"https:\\\/\\\/worldofflowerpots.com\\\/sklep\\\/kwadratowa-donica-z-kortenu-cubi-2\\\/#breadcrumb\"},\"inLanguage\":\"pl-PL\",\"potentialAction\":[{\"@type\":\"ReadAction\",\"target\":[\"https:\\\/\\\/worldofflowerpots.com\\\/sklep\\\/kwadratowa-donica-z-kortenu-cubi-2\\\/\"]}]},{\"@type\":\"ImageObject\",\"inLanguage\":\"pl-PL\",\"@id\":\"https:\\\/\\\/worldofflowerpots.com\\\/sklep\\\/kwadratowa-donica-z-kortenu-cubi-2\\\/#primaryimage\",\"url\":\"https:\\\/\\\/worldofflowerpots.com\\\/wp-content\\\/uploads\\\/2019\\\/01\\\/Kwadratowa-donica-z-kortenu-Cubi_2.jpg\",\"contentUrl\":\"https:\\\/\\\/worldofflowerpots.com\\\/wp-content\\\/uploads\\\/2019\\\/01\\\/Kwadratowa-donica-z-kortenu-Cubi_2.jpg\",\"width\":2280,\"height\":1612},{\"@type\":\"BreadcrumbList\",\"@id\":\"https:\\\/\\\/worldofflowerpots.com\\\/sklep\\\/kwadratowa-donica-z-kortenu-cubi-2\\\/#breadcrumb\",\"itemListElement\":[{\"@type\":\"ListItem\",\"position\":1,\"name\":\"Strona g\u0142\u00f3wna\",\"item\":\"https:\\\/\\\/worldofflowerpots.com\\\/\"},{\"@type\":\"ListItem\",\"position\":2,\"name\":\"Sklep\",\"item\":\"https:\\\/\\\/worldofflowerpots.com\\\/sklep\\\/\"},{\"@type\":\"ListItem\",\"position\":3,\"name\":\"Kwadratowa donica z kortenu Cubi 2\"}]},{\"@type\":\"WebSite\",\"@id\":\"https:\\\/\\\/worldofflowerpots.com\\\/#website\",\"url\":\"https:\\\/\\\/worldofflowerpots.com\\\/\",\"name\":\"World of Flowerpots\",\"description\":\"producent donic ozdobnych\",\"potentialAction\":[{\"@type\":\"SearchAction\",\"target\":{\"@type\":\"EntryPoint\",\"urlTemplate\":\"https:\\\/\\\/worldofflowerpots.com\\\/?s={search_term_string}\"},\"query-input\":{\"@type\":\"PropertyValueSpecification\",\"valueRequired\":true,\"valueName\":\"search_term_string\"}}],\"inLanguage\":\"pl-PL\"}]}<\/script>\n<!-- \/ Yoast SEO plugin. -->","yoast_head_json":{"title":"Kwadratowa donica z kortenu Cubi 2 do Ogrodu Stabilne i Nowoczesne","description":"Kwadratowa donica z kortenu to po\u0142\u0105czenie oryginalnego i ciekawego wygl\u0105du ze wspania\u0142ymi w\u0142a\u015bciwo\u015bciami materia\u0142u z kt\u00f3rego zosta\u0142a wykonana.","robots":{"index":"index","follow":"follow","max-snippet":"max-snippet:-1","max-image-preview":"max-image-preview:large","max-video-preview":"max-video-preview:-1"},"canonical":"https:\/\/worldofflowerpots.com\/sklep\/kwadratowa-donica-z-kortenu-cubi-2\/","og_locale":"pl_PL","og_type":"article","og_title":"Kwadratowa donica z kortenu Cubi 2 do Ogrodu Stabilne i Nowoczesne","og_description":"Kwadratowa donica z kortenu to po\u0142\u0105czenie oryginalnego i ciekawego wygl\u0105du ze wspania\u0142ymi w\u0142a\u015bciwo\u015bciami materia\u0142u z kt\u00f3rego zosta\u0142a wykonana.","og_url":"https:\/\/worldofflowerpots.com\/sklep\/kwadratowa-donica-z-kortenu-cubi-2\/","og_site_name":"World of Flowerpots","article_modified_time":"2019-04-03T13:03:35+00:00","og_image":[{"width":2280,"height":1612,"url":"https:\/\/worldofflowerpots.com\/wp-content\/uploads\/2019\/01\/Kwadratowa-donica-z-kortenu-Cubi_2.jpg","type":"image\/jpeg"}],"twitter_card":"summary_large_image","twitter_misc":{"Szacowany czas czytania":"2 minuty"},"schema":{"@context":"https:\/\/schema.org","@graph":[{"@type":"WebPage","@id":"https:\/\/worldofflowerpots.com\/sklep\/kwadratowa-donica-z-kortenu-cubi-2\/","url":"https:\/\/worldofflowerpots.com\/sklep\/kwadratowa-donica-z-kortenu-cubi-2\/","name":"Kwadratowa donica z kortenu Cubi 2 do Ogrodu Stabilne i Nowoczesne","isPartOf":{"@id":"https:\/\/worldofflowerpots.com\/#website"},"primaryImageOfPage":{"@id":"https:\/\/worldofflowerpots.com\/sklep\/kwadratowa-donica-z-kortenu-cubi-2\/#primaryimage"},"image":{"@id":"https:\/\/worldofflowerpots.com\/sklep\/kwadratowa-donica-z-kortenu-cubi-2\/#primaryimage"},"thumbnailUrl":"https:\/\/worldofflowerpots.com\/wp-content\/uploads\/2019\/01\/Kwadratowa-donica-z-kortenu-Cubi_2.jpg","datePublished":"2019-01-18T14:06:23+00:00","dateModified":"2019-04-03T13:03:35+00:00","description":"Kwadratowa donica z kortenu to po\u0142\u0105czenie oryginalnego i ciekawego wygl\u0105du ze wspania\u0142ymi w\u0142a\u015bciwo\u015bciami materia\u0142u z kt\u00f3rego zosta\u0142a wykonana.","breadcrumb":{"@id":"https:\/\/worldofflowerpots.com\/sklep\/kwadratowa-donica-z-kortenu-cubi-2\/#breadcrumb"},"inLanguage":"pl-PL","potentialAction":[{"@type":"ReadAction","target":["https:\/\/worldofflowerpots.com\/sklep\/kwadratowa-donica-z-kortenu-cubi-2\/"]}]},{"@type":"ImageObject","inLanguage":"pl-PL","@id":"https:\/\/worldofflowerpots.com\/sklep\/kwadratowa-donica-z-kortenu-cubi-2\/#primaryimage","url":"https:\/\/worldofflowerpots.com\/wp-content\/uploads\/2019\/01\/Kwadratowa-donica-z-kortenu-Cubi_2.jpg","contentUrl":"https:\/\/worldofflowerpots.com\/wp-content\/uploads\/2019\/01\/Kwadratowa-donica-z-kortenu-Cubi_2.jpg","width":2280,"height":1612},{"@type":"BreadcrumbList","@id":"https:\/\/worldofflowerpots.com\/sklep\/kwadratowa-donica-z-kortenu-cubi-2\/#breadcrumb","itemListElement":[{"@type":"ListItem","position":1,"name":"Strona g\u0142\u00f3wna","item":"https:\/\/worldofflowerpots.com\/"},{"@type":"ListItem","position":2,"name":"Sklep","item":"https:\/\/worldofflowerpots.com\/sklep\/"},{"@type":"ListItem","position":3,"name":"Kwadratowa donica z kortenu Cubi 2"}]},{"@type":"WebSite","@id":"https:\/\/worldofflowerpots.com\/#website","url":"https:\/\/worldofflowerpots.com\/","name":"World of Flowerpots","description":"producent donic ozdobnych","potentialAction":[{"@type":"SearchAction","target":{"@type":"EntryPoint","urlTemplate":"https:\/\/worldofflowerpots.com\/?s={search_term_string}"},"query-input":{"@type":"PropertyValueSpecification","valueRequired":true,"valueName":"search_term_string"}}],"inLanguage":"pl-PL"}]}},"_links":{"self":[{"href":"https:\/\/worldofflowerpots.com\/pl\/wp-json\/wp\/v2\/product\/50766","targetHints":{"allow":["GET"]}}],"collection":[{"href":"https:\/\/worldofflowerpots.com\/pl\/wp-json\/wp\/v2\/product"}],"about":[{"href":"https:\/\/worldofflowerpots.com\/pl\/wp-json\/wp\/v2\/types\/product"}],"wp:featuredmedia":[{"embeddable":true,"href":"https:\/\/worldofflowerpots.com\/pl\/wp-json\/wp\/v2\/media\/56959"}],"wp:attachment":[{"href":"https:\/\/worldofflowerpots.com\/pl\/wp-json\/wp\/v2\/media?parent=50766"}],"wp:term":[{"taxonomy":"product_brand","embeddable":true,"href":"https:\/\/worldofflowerpots.com\/pl\/wp-json\/wp\/v2\/product_brand?post=50766"},{"taxonomy":"product_cat","embeddable":true,"href":"https:\/\/worldofflowerpots.com\/pl\/wp-json\/wp\/v2\/product_cat?post=50766"},{"taxonomy":"product_tag","embeddable":true,"href":"https:\/\/worldofflowerpots.com\/pl\/wp-json\/wp\/v2\/product_tag?post=50766"}],"curies":[{"name":"wp","href":"https:\/\/api.w.org\/{rel}","templated":true}]}}