{"id":50767,"date":"2019-01-18T15:06:23","date_gmt":"2019-01-18T14:06:23","guid":{"rendered":"https:\/\/worldofflowerpots.com\/product\/import-placeholder-for-83\/"},"modified":"2019-04-03T15:06:28","modified_gmt":"2019-04-03T13:06:28","slug":"kwadratowa-donica-z-cortenu-cubi-1","status":"publish","type":"product","link":"https:\/\/worldofflowerpots.com\/pl\/sklep\/kwadratowa-donica-z-cortenu-cubi-1\/","title":{"rendered":"Kwadratowa donica z cortenu Cubi 1"},"content":{"rendered":"<h2><strong>Kwadratowa donica z cortenu<\/strong><\/h2>\n<p>Donica Cubi 1 to przede wszystkim po\u0142\u0105czenie niebanalnego designu z solidno\u015bci\u0105 wykonania. Dzi\u0119ki takim cechom donica zyskuje dwuwymiarowe zadanie. Pierwsze &#8211; to, do czego jest przeznaczona, a drugie &#8211; to w jaki spos\u00f3b wpisuje si\u0119 w architektur\u0119 otoczenia. Nowoczesny kszta\u0142t jej bry\u0142y i rdzawa struktura sprawiaj\u0105, \u017ce nada ona charakteru miejscu, w kt\u00f3rym si\u0119 znajdzie. Blacha cortenowska, dzi\u0119ki kt\u00f3rej donica posiada specyficzn\u0105 rdzaw\u0105 powierzchni\u0119, to znak rozpoznawczy wszystkich donic z serii Corten. Posiada ona wszelkie istotne dla donicy cechy, czyli otwory odp\u0142ywowe oraz odporno\u015b\u0107 na niekorzystne warunki atmosferyczne. Jest odporna szczeg\u00f3lno\u015bci na nisk\u0105 temperatur\u0119 i nie straszny jej deszcz czy \u015bnieg.<\/p>\n<h2><strong>Modne po\u0142\u0105czenia architektoniczne<\/strong><\/h2>\n<p>Kwadratowa donica z cortenu znajdzie swoje miejsce nie tylko w ogrodzie, ale i z powodzeniem zago\u015bci\u0107 mo\u017ce w domu, biurze, czy w sklepie. Idealnie komponuje si\u0119 w przestrzeni otwartej oraz w pomieszczeniach zamkni\u0119tych. Jej kszta\u0142t i kolorystyka z pewno\u015bci\u0105 znajd\u0105 uznanie w\u015br\u00f3d najpopularniejszych trend\u00f3w architektonicznych. Mowa tutaj oczywi\u015bcie o\u00a0 surowym betonie i naturalnym drewnie, gdzie rdzawa struktura Cubi 1 podkre\u015bli i nada przestrzeni nowego wymiaru. Dzi\u0119ki takim cechom, kwadratowa donica z cortenu i jej drapie\u017cny pazur z pewno\u015bci\u0105\u00a0wpisz\u0105 si\u0119 w gusta nawet\u00a0najbardziej wymagaj\u0105cych klient\u00f3w. Mimo bardzo atrakcyjnej strony wizualnej, donica odznacza si\u0119 solidn\u0105 obudow\u0105 wewn\u0119trzn\u0105 i wytrzyma\u0142\u0105 powierzchni\u0105 na zewn\u0105trz.<\/p>\n<h2><strong>Nie tylko na zewn\u0105trz<\/strong><\/h2>\n<p>Do jej produkcji zastosowano mocn\u0105 stal cortenowsk\u0105 o podwy\u017cszonej odporno\u015bci, kt\u00f3ra z pewno\u015bci\u0105 poradzi sobie nawet z najci\u0119\u017cszymi warunkami pogodowymi. Ka\u017cda aran\u017cacja ro\u015blinna z donic\u0105 Cubi 1 na pewno nie b\u0119dzie nudna i banalna &#8211; wr\u0119cz przeciwnie. Dzi\u0119ki temu, \u017ce corten z uwagi na swoje walory estetyczne wykorzystywany jest cz\u0119sto w architekturze, donice w tym stylu idealnie b\u0119d\u0105 si\u0119 komponowa\u0142y nie tylko w ogrodach, ale i we wn\u0119trzach mieszka\u0144, a tak\u017ce biur. Podstawowe cechy donicy Cubi 1, to masa, kt\u00f3ra wynosi 25 kg, rozmiar 500 mm x 500 mm x 500 mm, grubo\u015b\u0107 blachy: 2mm, pojemno\u015b\u0107: 124 l, ilo\u015b\u0107 otwor\u00f3w odp\u0142ywowych: 4.<\/p>\n","protected":false},"excerpt":{"rendered":"<p>Donica Cubi 1 z blachy cortenowej o grubo\u015bci 2 mm. W dnie posiada otwory odp\u0142ywowe, natomiast jej \u015bcianki ocieplone s\u0105 styropianem o grubo\u015bci 2cm. Wymiary donicy: d\u0142ugo\u015b\u0107: 50 cm, szeroko\u015b\u0107: 50 cm, wysoko\u015b\u0107: 50 cm.<\/p>\n","protected":false},"featured_media":56969,"template":"","meta":{"_acf_changed":false},"product_brand":[],"product_cat":[126],"product_tag":[444,449,450],"class_list":{"0":"post-50767","1":"product","2":"type-product","3":"status-publish","4":"has-post-thumbnail","6":"product_cat-donice-ze-stali-corten","7":"product_tag-donice-ogrodowe","8":"product_tag-donice-z-cortenu","9":"product_tag-donice-z-efektem-rdzy","10":"description-off","11":"tm-has-options","13":"first","14":"instock","15":"shipping-taxable","16":"purchasable","17":"product-type-simple"},"acf":[],"yoast_head":"<!-- This site is optimized with the Yoast SEO plugin v27.5 - https:\/\/yoast.com\/product\/yoast-seo-wordpress\/ -->\n<title>Kwadratowa donica z cortenu do ogrodu i na taras Cubi 1<\/title>\n<meta name=\"description\" content=\"Kwadratowa donica z cortenu znajdzie swoje miejsce nie tylko w ogrodzie, ale i z powodzeniem zago\u015bci\u0107 mo\u017ce w domu, biurze, czy w sklepie.\" \/>\n<meta name=\"robots\" content=\"index, follow, max-snippet:-1, max-image-preview:large, max-video-preview:-1\" \/>\n<link rel=\"canonical\" href=\"https:\/\/worldofflowerpots.com\/sklep\/kwadratowa-donica-z-cortenu-cubi-1\/\" \/>\n<meta property=\"og:locale\" content=\"pl_PL\" \/>\n<meta property=\"og:type\" content=\"article\" \/>\n<meta property=\"og:title\" content=\"Kwadratowa donica z cortenu do ogrodu i na taras Cubi 1\" \/>\n<meta property=\"og:description\" content=\"Kwadratowa donica z cortenu znajdzie swoje miejsce nie tylko w ogrodzie, ale i z powodzeniem zago\u015bci\u0107 mo\u017ce w domu, biurze, czy w sklepie.\" \/>\n<meta property=\"og:url\" content=\"https:\/\/worldofflowerpots.com\/sklep\/kwadratowa-donica-z-cortenu-cubi-1\/\" \/>\n<meta property=\"og:site_name\" content=\"World of Flowerpots\" \/>\n<meta property=\"article:modified_time\" content=\"2019-04-03T13:06:28+00:00\" \/>\n<meta property=\"og:image\" content=\"https:\/\/worldofflowerpots.com\/wp-content\/uploads\/2019\/01\/Kwadratowa-donica-z-cortenu-Cubi_1.jpg\" \/>\n\t<meta property=\"og:image:width\" content=\"2280\" \/>\n\t<meta property=\"og:image:height\" content=\"1612\" \/>\n\t<meta property=\"og:image:type\" content=\"image\/jpeg\" \/>\n<meta name=\"twitter:card\" content=\"summary_large_image\" \/>\n<meta name=\"twitter:label1\" content=\"Szacowany czas czytania\" \/>\n\t<meta name=\"twitter:data1\" content=\"2 minuty\" \/>\n<script type=\"application\/ld+json\" class=\"yoast-schema-graph\">{\"@context\":\"https:\\\/\\\/schema.org\",\"@graph\":[{\"@type\":\"WebPage\",\"@id\":\"https:\\\/\\\/worldofflowerpots.com\\\/sklep\\\/kwadratowa-donica-z-cortenu-cubi-1\\\/\",\"url\":\"https:\\\/\\\/worldofflowerpots.com\\\/sklep\\\/kwadratowa-donica-z-cortenu-cubi-1\\\/\",\"name\":\"Kwadratowa donica z cortenu do ogrodu i na taras Cubi 1\",\"isPartOf\":{\"@id\":\"https:\\\/\\\/worldofflowerpots.com\\\/#website\"},\"primaryImageOfPage\":{\"@id\":\"https:\\\/\\\/worldofflowerpots.com\\\/sklep\\\/kwadratowa-donica-z-cortenu-cubi-1\\\/#primaryimage\"},\"image\":{\"@id\":\"https:\\\/\\\/worldofflowerpots.com\\\/sklep\\\/kwadratowa-donica-z-cortenu-cubi-1\\\/#primaryimage\"},\"thumbnailUrl\":\"https:\\\/\\\/worldofflowerpots.com\\\/wp-content\\\/uploads\\\/2019\\\/01\\\/Kwadratowa-donica-z-cortenu-Cubi_1.jpg\",\"datePublished\":\"2019-01-18T14:06:23+00:00\",\"dateModified\":\"2019-04-03T13:06:28+00:00\",\"description\":\"Kwadratowa donica z cortenu znajdzie swoje miejsce nie tylko w ogrodzie, ale i z powodzeniem zago\u015bci\u0107 mo\u017ce w domu, biurze, czy w sklepie.\",\"breadcrumb\":{\"@id\":\"https:\\\/\\\/worldofflowerpots.com\\\/sklep\\\/kwadratowa-donica-z-cortenu-cubi-1\\\/#breadcrumb\"},\"inLanguage\":\"pl-PL\",\"potentialAction\":[{\"@type\":\"ReadAction\",\"target\":[\"https:\\\/\\\/worldofflowerpots.com\\\/sklep\\\/kwadratowa-donica-z-cortenu-cubi-1\\\/\"]}]},{\"@type\":\"ImageObject\",\"inLanguage\":\"pl-PL\",\"@id\":\"https:\\\/\\\/worldofflowerpots.com\\\/sklep\\\/kwadratowa-donica-z-cortenu-cubi-1\\\/#primaryimage\",\"url\":\"https:\\\/\\\/worldofflowerpots.com\\\/wp-content\\\/uploads\\\/2019\\\/01\\\/Kwadratowa-donica-z-cortenu-Cubi_1.jpg\",\"contentUrl\":\"https:\\\/\\\/worldofflowerpots.com\\\/wp-content\\\/uploads\\\/2019\\\/01\\\/Kwadratowa-donica-z-cortenu-Cubi_1.jpg\",\"width\":2280,\"height\":1612},{\"@type\":\"BreadcrumbList\",\"@id\":\"https:\\\/\\\/worldofflowerpots.com\\\/sklep\\\/kwadratowa-donica-z-cortenu-cubi-1\\\/#breadcrumb\",\"itemListElement\":[{\"@type\":\"ListItem\",\"position\":1,\"name\":\"Strona g\u0142\u00f3wna\",\"item\":\"https:\\\/\\\/worldofflowerpots.com\\\/\"},{\"@type\":\"ListItem\",\"position\":2,\"name\":\"Sklep\",\"item\":\"https:\\\/\\\/worldofflowerpots.com\\\/sklep\\\/\"},{\"@type\":\"ListItem\",\"position\":3,\"name\":\"Kwadratowa donica z cortenu Cubi 1\"}]},{\"@type\":\"WebSite\",\"@id\":\"https:\\\/\\\/worldofflowerpots.com\\\/#website\",\"url\":\"https:\\\/\\\/worldofflowerpots.com\\\/\",\"name\":\"World of Flowerpots\",\"description\":\"producent donic ozdobnych\",\"potentialAction\":[{\"@type\":\"SearchAction\",\"target\":{\"@type\":\"EntryPoint\",\"urlTemplate\":\"https:\\\/\\\/worldofflowerpots.com\\\/?s={search_term_string}\"},\"query-input\":{\"@type\":\"PropertyValueSpecification\",\"valueRequired\":true,\"valueName\":\"search_term_string\"}}],\"inLanguage\":\"pl-PL\"}]}<\/script>\n<!-- \/ Yoast SEO plugin. -->","yoast_head_json":{"title":"Kwadratowa donica z cortenu do ogrodu i na taras Cubi 1","description":"Kwadratowa donica z cortenu znajdzie swoje miejsce nie tylko w ogrodzie, ale i z powodzeniem zago\u015bci\u0107 mo\u017ce w domu, biurze, czy w sklepie.","robots":{"index":"index","follow":"follow","max-snippet":"max-snippet:-1","max-image-preview":"max-image-preview:large","max-video-preview":"max-video-preview:-1"},"canonical":"https:\/\/worldofflowerpots.com\/sklep\/kwadratowa-donica-z-cortenu-cubi-1\/","og_locale":"pl_PL","og_type":"article","og_title":"Kwadratowa donica z cortenu do ogrodu i na taras Cubi 1","og_description":"Kwadratowa donica z cortenu znajdzie swoje miejsce nie tylko w ogrodzie, ale i z powodzeniem zago\u015bci\u0107 mo\u017ce w domu, biurze, czy w sklepie.","og_url":"https:\/\/worldofflowerpots.com\/sklep\/kwadratowa-donica-z-cortenu-cubi-1\/","og_site_name":"World of Flowerpots","article_modified_time":"2019-04-03T13:06:28+00:00","og_image":[{"width":2280,"height":1612,"url":"https:\/\/worldofflowerpots.com\/wp-content\/uploads\/2019\/01\/Kwadratowa-donica-z-cortenu-Cubi_1.jpg","type":"image\/jpeg"}],"twitter_card":"summary_large_image","twitter_misc":{"Szacowany czas czytania":"2 minuty"},"schema":{"@context":"https:\/\/schema.org","@graph":[{"@type":"WebPage","@id":"https:\/\/worldofflowerpots.com\/sklep\/kwadratowa-donica-z-cortenu-cubi-1\/","url":"https:\/\/worldofflowerpots.com\/sklep\/kwadratowa-donica-z-cortenu-cubi-1\/","name":"Kwadratowa donica z cortenu do ogrodu i na taras Cubi 1","isPartOf":{"@id":"https:\/\/worldofflowerpots.com\/#website"},"primaryImageOfPage":{"@id":"https:\/\/worldofflowerpots.com\/sklep\/kwadratowa-donica-z-cortenu-cubi-1\/#primaryimage"},"image":{"@id":"https:\/\/worldofflowerpots.com\/sklep\/kwadratowa-donica-z-cortenu-cubi-1\/#primaryimage"},"thumbnailUrl":"https:\/\/worldofflowerpots.com\/wp-content\/uploads\/2019\/01\/Kwadratowa-donica-z-cortenu-Cubi_1.jpg","datePublished":"2019-01-18T14:06:23+00:00","dateModified":"2019-04-03T13:06:28+00:00","description":"Kwadratowa donica z cortenu znajdzie swoje miejsce nie tylko w ogrodzie, ale i z powodzeniem zago\u015bci\u0107 mo\u017ce w domu, biurze, czy w sklepie.","breadcrumb":{"@id":"https:\/\/worldofflowerpots.com\/sklep\/kwadratowa-donica-z-cortenu-cubi-1\/#breadcrumb"},"inLanguage":"pl-PL","potentialAction":[{"@type":"ReadAction","target":["https:\/\/worldofflowerpots.com\/sklep\/kwadratowa-donica-z-cortenu-cubi-1\/"]}]},{"@type":"ImageObject","inLanguage":"pl-PL","@id":"https:\/\/worldofflowerpots.com\/sklep\/kwadratowa-donica-z-cortenu-cubi-1\/#primaryimage","url":"https:\/\/worldofflowerpots.com\/wp-content\/uploads\/2019\/01\/Kwadratowa-donica-z-cortenu-Cubi_1.jpg","contentUrl":"https:\/\/worldofflowerpots.com\/wp-content\/uploads\/2019\/01\/Kwadratowa-donica-z-cortenu-Cubi_1.jpg","width":2280,"height":1612},{"@type":"BreadcrumbList","@id":"https:\/\/worldofflowerpots.com\/sklep\/kwadratowa-donica-z-cortenu-cubi-1\/#breadcrumb","itemListElement":[{"@type":"ListItem","position":1,"name":"Strona g\u0142\u00f3wna","item":"https:\/\/worldofflowerpots.com\/"},{"@type":"ListItem","position":2,"name":"Sklep","item":"https:\/\/worldofflowerpots.com\/sklep\/"},{"@type":"ListItem","position":3,"name":"Kwadratowa donica z cortenu Cubi 1"}]},{"@type":"WebSite","@id":"https:\/\/worldofflowerpots.com\/#website","url":"https:\/\/worldofflowerpots.com\/","name":"World of Flowerpots","description":"producent donic ozdobnych","potentialAction":[{"@type":"SearchAction","target":{"@type":"EntryPoint","urlTemplate":"https:\/\/worldofflowerpots.com\/?s={search_term_string}"},"query-input":{"@type":"PropertyValueSpecification","valueRequired":true,"valueName":"search_term_string"}}],"inLanguage":"pl-PL"}]}},"_links":{"self":[{"href":"https:\/\/worldofflowerpots.com\/pl\/wp-json\/wp\/v2\/product\/50767","targetHints":{"allow":["GET"]}}],"collection":[{"href":"https:\/\/worldofflowerpots.com\/pl\/wp-json\/wp\/v2\/product"}],"about":[{"href":"https:\/\/worldofflowerpots.com\/pl\/wp-json\/wp\/v2\/types\/product"}],"wp:featuredmedia":[{"embeddable":true,"href":"https:\/\/worldofflowerpots.com\/pl\/wp-json\/wp\/v2\/media\/56969"}],"wp:attachment":[{"href":"https:\/\/worldofflowerpots.com\/pl\/wp-json\/wp\/v2\/media?parent=50767"}],"wp:term":[{"taxonomy":"product_brand","embeddable":true,"href":"https:\/\/worldofflowerpots.com\/pl\/wp-json\/wp\/v2\/product_brand?post=50767"},{"taxonomy":"product_cat","embeddable":true,"href":"https:\/\/worldofflowerpots.com\/pl\/wp-json\/wp\/v2\/product_cat?post=50767"},{"taxonomy":"product_tag","embeddable":true,"href":"https:\/\/worldofflowerpots.com\/pl\/wp-json\/wp\/v2\/product_tag?post=50767"}],"curies":[{"name":"wp","href":"https:\/\/api.w.org\/{rel}","templated":true}]}}