{"id":50768,"date":"2019-01-18T15:06:23","date_gmt":"2019-01-18T14:06:23","guid":{"rendered":"https:\/\/worldofflowerpots.com\/product\/import-placeholder-for-125\/"},"modified":"2019-04-16T12:02:59","modified_gmt":"2019-04-16T10:02:59","slug":"doniczki-nowoczesne-gulia","status":"publish","type":"product","link":"https:\/\/worldofflowerpots.com\/pl\/sklep\/doniczki-nowoczesne-gulia\/","title":{"rendered":"Doniczki nowoczesne Gulia"},"content":{"rendered":"<h2><img loading=\"lazy\" decoding=\"async\" class=\"aligncenter wp-image-59007 size-full\" src=\"https:\/\/worldofflowerpots.com\/wp-content\/uploads\/2016\/12\/przygotowanie-donic-do-u\u017cytkowania-2.png\" alt=\"\" width=\"836\" height=\"598\" srcset=\"https:\/\/worldofflowerpots.com\/wp-content\/uploads\/2016\/12\/przygotowanie-donic-do-u\u017cytkowania-2.png 836w, https:\/\/worldofflowerpots.com\/wp-content\/uploads\/2016\/12\/przygotowanie-donic-do-u\u017cytkowania-2-300x215.png 300w, https:\/\/worldofflowerpots.com\/wp-content\/uploads\/2016\/12\/przygotowanie-donic-do-u\u017cytkowania-2-768x549.png 768w, https:\/\/worldofflowerpots.com\/wp-content\/uploads\/2016\/12\/przygotowanie-donic-do-u\u017cytkowania-2-600x429.png 600w\" sizes=\"auto, (max-width: 836px) 100vw, 836px\" \/><\/h2>\n<h2><strong>Nowoczesne doniczki Gulia<\/strong><\/h2>\n<p>Betonowe donice Gulia to \u015bwietny element aran\u017cacji miejskich przestrzeni, skwerk\u00f3w, chodnik\u00f3w, park\u00f3w, a tak\u017ce domowych ogrod\u00f3w, czy taras\u00f3w. Ich delikatny, op\u0142ywowy kszta\u0142t pi\u0119knie komponuje z otoczeniem. Podobnie, materia\u0142 z jakiego s\u0105 wykonane wkomponowuje si\u0119 w krajobraz zar\u00f3wno nowoczesny, jak i tradycyjny, wsz\u0119dzie odnajduj\u0105c swoje charakterystyczne miejsce. Wbrew swoim ci\u0119\u017ckim gabarytom beton to materia\u0142 do\u015b\u0107 plastyczny, kt\u00f3ry \u0142atwo odnajdzie si\u0119 w parze i wieloma innymi materia\u0142ami.<\/p>\n<p>Doniczki nowoczesne Gulia elegancko zaprezentuj\u0105 si\u0119 w przestrzeniach z wykorzystaniem betonu, szk\u0142a, metalu, czy kamienia. Odrobina designerskiej kreatywno\u015bci i efekt gwarantowany, a dodatkowo pomog\u0105 go uzyska\u0107 trzy eleganckie, stonowane kolory w kt\u00f3rych wykonane s\u0105 doniczki. Betonowe doniczki nowoczesne Gulia odnajd\u0105 si\u0119 tak\u017ce w domach, gdzie pi\u0119knie zaprezentuj\u0105 si\u0119 na tle dekoracyjnych p\u0142yt betonowych, farb betonowych, komink\u00f3w, kamiennych, drewnianych, czy szklanych element\u00f3w aran\u017cacji wn\u0119trza mieszkalnego. W domach doniczki Gulia s\u0105 prawdziwym rarytasem designerskim podkre\u015blaj\u0105cym gust i dobry smak gospodarzy. W ogrodach i na tarasach szykownie wygl\u0105daj\u0105 w towarzystwie kamiennych schod\u00f3w i p\u0142yt pod\u0142ogowych, metalowych balustrad, czy por\u0119czy.<\/p>\n<h2>Przemy\u015blana inwestycja<\/h2>\n<p>Donice z betonu architektonicznego to wyroby niezwykle wytrzyma\u0142e, nie straszne im urazy mechaniczne, wandalizm, jaki cz\u0119sto ma miejsce w przestrzeni u\u017cyteczno\u015bci publicznej, zadrapania, czy uszczerbki. Nowoczesne doniczki wykonane z betonu cechuj\u0105 si\u0119 niecodzienn\u0105 wr\u0119cz odporno\u015bci\u0105 na wysokie temperatury, mrozy, wiatry i \u015bniegi. Bardzo \u0142atwo jest je piel\u0119gnowa\u0107, konserwowa\u0107, a gdy si\u0119 zabrudz\u0105, czy zadrapi\u0105 wystarczy je wypolerowa\u0107 i zn\u00f3w wygl\u0105daj\u0105 jak nowe. Doniczki nowoczesne Gulia to inwestycja na lata. Umieszczone w dnie doniczek otwory umo\u017cliwiaj\u0105 swobodny odp\u0142yw wody, tak, \u017ce ro\u015bliny mog\u0105 rozwija\u0107 si\u0119 komfortowo i nie ulega\u0107 nadmiernemu zwilgotnieniu. Beton z jakiego s\u0105 wykonane doniczki jest ci\u0119\u017cki, dlatego nikt \u0142atwo nie pokusi si\u0119 o jego kradzie\u017c, ani o zniszczenie.<\/p>\n","protected":false},"excerpt":{"rendered":"<p>Donica Gulia z betonu (ultra betonu). Wyst\u0119puje w trzech podstawowych kolorach : bia\u0142ym, szarym oraz czarnym. Donica produkowana jest w standardzie z otworami odp\u0142ywowymi. Waga donicy to: 63 kg, a wymiary: d\u0142ugo\u015b\u0107: 118 cm, szeroko\u015b\u0107: 38 cm, wysoko\u015b\u0107: 38,5 cm.<\/p>\n","protected":false},"featured_media":58132,"template":"","meta":{"_acf_changed":false},"product_brand":[],"product_cat":[144],"product_tag":[445,444],"class_list":{"0":"post-50768","1":"product","2":"type-product","3":"status-publish","4":"has-post-thumbnail","6":"product_cat-donice-z-betonu","7":"product_tag-donice-betonowe","8":"product_tag-donice-ogrodowe","9":"description-off","10":"tm-has-options","12":"first","13":"instock","14":"shipping-taxable","15":"purchasable","16":"product-type-simple"},"acf":[],"yoast_head":"<!-- This site is optimized with the Yoast SEO plugin v27.5 - https:\/\/yoast.com\/product\/yoast-seo-wordpress\/ -->\n<title>Betonowe Doniczki Nowoczesne o Delikatnej Konstrukcji Gulia<\/title>\n<meta name=\"description\" content=\"Donice z betonu architektonicznego Gulia o delikatnej konstrukcji idealne do ma\u0142ej architektury: park\u00f3w, skwer\u00f3w oraz dziedzi\u0144c\u00f3w.\" \/>\n<meta name=\"robots\" content=\"index, follow, max-snippet:-1, max-image-preview:large, max-video-preview:-1\" \/>\n<link rel=\"canonical\" href=\"https:\/\/worldofflowerpots.com\/sklep\/doniczki-nowoczesne-gulia\/\" \/>\n<meta property=\"og:locale\" content=\"pl_PL\" \/>\n<meta property=\"og:type\" content=\"article\" \/>\n<meta property=\"og:title\" content=\"Betonowe Doniczki Nowoczesne o Delikatnej Konstrukcji Gulia\" \/>\n<meta property=\"og:description\" content=\"Donice z betonu architektonicznego Gulia o delikatnej konstrukcji idealne do ma\u0142ej architektury: park\u00f3w, skwer\u00f3w oraz dziedzi\u0144c\u00f3w.\" \/>\n<meta property=\"og:url\" content=\"https:\/\/worldofflowerpots.com\/sklep\/doniczki-nowoczesne-gulia\/\" \/>\n<meta property=\"og:site_name\" content=\"World of Flowerpots\" \/>\n<meta property=\"article:modified_time\" content=\"2019-04-16T10:02:59+00:00\" \/>\n<meta property=\"og:image\" content=\"https:\/\/worldofflowerpots.com\/wp-content\/uploads\/2019\/01\/doniczki-nowoczesne-Gulia.jpg\" \/>\n\t<meta property=\"og:image:width\" content=\"1920\" \/>\n\t<meta property=\"og:image:height\" content=\"1080\" \/>\n\t<meta property=\"og:image:type\" content=\"image\/jpeg\" \/>\n<meta name=\"twitter:card\" content=\"summary_large_image\" \/>\n<meta name=\"twitter:label1\" content=\"Szacowany czas czytania\" \/>\n\t<meta name=\"twitter:data1\" content=\"2 minuty\" \/>\n<script type=\"application\/ld+json\" class=\"yoast-schema-graph\">{\"@context\":\"https:\\\/\\\/schema.org\",\"@graph\":[{\"@type\":\"WebPage\",\"@id\":\"https:\\\/\\\/worldofflowerpots.com\\\/sklep\\\/doniczki-nowoczesne-gulia\\\/\",\"url\":\"https:\\\/\\\/worldofflowerpots.com\\\/sklep\\\/doniczki-nowoczesne-gulia\\\/\",\"name\":\"Betonowe Doniczki Nowoczesne o Delikatnej Konstrukcji Gulia\",\"isPartOf\":{\"@id\":\"https:\\\/\\\/worldofflowerpots.com\\\/#website\"},\"primaryImageOfPage\":{\"@id\":\"https:\\\/\\\/worldofflowerpots.com\\\/sklep\\\/doniczki-nowoczesne-gulia\\\/#primaryimage\"},\"image\":{\"@id\":\"https:\\\/\\\/worldofflowerpots.com\\\/sklep\\\/doniczki-nowoczesne-gulia\\\/#primaryimage\"},\"thumbnailUrl\":\"https:\\\/\\\/worldofflowerpots.com\\\/wp-content\\\/uploads\\\/2019\\\/01\\\/doniczki-nowoczesne-Gulia.jpg\",\"datePublished\":\"2019-01-18T14:06:23+00:00\",\"dateModified\":\"2019-04-16T10:02:59+00:00\",\"description\":\"Donice z betonu architektonicznego Gulia o delikatnej konstrukcji idealne do ma\u0142ej architektury: park\u00f3w, skwer\u00f3w oraz dziedzi\u0144c\u00f3w.\",\"breadcrumb\":{\"@id\":\"https:\\\/\\\/worldofflowerpots.com\\\/sklep\\\/doniczki-nowoczesne-gulia\\\/#breadcrumb\"},\"inLanguage\":\"pl-PL\",\"potentialAction\":[{\"@type\":\"ReadAction\",\"target\":[\"https:\\\/\\\/worldofflowerpots.com\\\/sklep\\\/doniczki-nowoczesne-gulia\\\/\"]}]},{\"@type\":\"ImageObject\",\"inLanguage\":\"pl-PL\",\"@id\":\"https:\\\/\\\/worldofflowerpots.com\\\/sklep\\\/doniczki-nowoczesne-gulia\\\/#primaryimage\",\"url\":\"https:\\\/\\\/worldofflowerpots.com\\\/wp-content\\\/uploads\\\/2019\\\/01\\\/doniczki-nowoczesne-Gulia.jpg\",\"contentUrl\":\"https:\\\/\\\/worldofflowerpots.com\\\/wp-content\\\/uploads\\\/2019\\\/01\\\/doniczki-nowoczesne-Gulia.jpg\",\"width\":1920,\"height\":1080},{\"@type\":\"BreadcrumbList\",\"@id\":\"https:\\\/\\\/worldofflowerpots.com\\\/sklep\\\/doniczki-nowoczesne-gulia\\\/#breadcrumb\",\"itemListElement\":[{\"@type\":\"ListItem\",\"position\":1,\"name\":\"Strona g\u0142\u00f3wna\",\"item\":\"https:\\\/\\\/worldofflowerpots.com\\\/\"},{\"@type\":\"ListItem\",\"position\":2,\"name\":\"Sklep\",\"item\":\"https:\\\/\\\/worldofflowerpots.com\\\/sklep\\\/\"},{\"@type\":\"ListItem\",\"position\":3,\"name\":\"Doniczki nowoczesne Gulia\"}]},{\"@type\":\"WebSite\",\"@id\":\"https:\\\/\\\/worldofflowerpots.com\\\/#website\",\"url\":\"https:\\\/\\\/worldofflowerpots.com\\\/\",\"name\":\"World of Flowerpots\",\"description\":\"producent donic ozdobnych\",\"potentialAction\":[{\"@type\":\"SearchAction\",\"target\":{\"@type\":\"EntryPoint\",\"urlTemplate\":\"https:\\\/\\\/worldofflowerpots.com\\\/?s={search_term_string}\"},\"query-input\":{\"@type\":\"PropertyValueSpecification\",\"valueRequired\":true,\"valueName\":\"search_term_string\"}}],\"inLanguage\":\"pl-PL\"}]}<\/script>\n<!-- \/ Yoast SEO plugin. -->","yoast_head_json":{"title":"Betonowe Doniczki Nowoczesne o Delikatnej Konstrukcji Gulia","description":"Donice z betonu architektonicznego Gulia o delikatnej konstrukcji idealne do ma\u0142ej architektury: park\u00f3w, skwer\u00f3w oraz dziedzi\u0144c\u00f3w.","robots":{"index":"index","follow":"follow","max-snippet":"max-snippet:-1","max-image-preview":"max-image-preview:large","max-video-preview":"max-video-preview:-1"},"canonical":"https:\/\/worldofflowerpots.com\/sklep\/doniczki-nowoczesne-gulia\/","og_locale":"pl_PL","og_type":"article","og_title":"Betonowe Doniczki Nowoczesne o Delikatnej Konstrukcji Gulia","og_description":"Donice z betonu architektonicznego Gulia o delikatnej konstrukcji idealne do ma\u0142ej architektury: park\u00f3w, skwer\u00f3w oraz dziedzi\u0144c\u00f3w.","og_url":"https:\/\/worldofflowerpots.com\/sklep\/doniczki-nowoczesne-gulia\/","og_site_name":"World of Flowerpots","article_modified_time":"2019-04-16T10:02:59+00:00","og_image":[{"width":1920,"height":1080,"url":"https:\/\/worldofflowerpots.com\/wp-content\/uploads\/2019\/01\/doniczki-nowoczesne-Gulia.jpg","type":"image\/jpeg"}],"twitter_card":"summary_large_image","twitter_misc":{"Szacowany czas czytania":"2 minuty"},"schema":{"@context":"https:\/\/schema.org","@graph":[{"@type":"WebPage","@id":"https:\/\/worldofflowerpots.com\/sklep\/doniczki-nowoczesne-gulia\/","url":"https:\/\/worldofflowerpots.com\/sklep\/doniczki-nowoczesne-gulia\/","name":"Betonowe Doniczki Nowoczesne o Delikatnej Konstrukcji Gulia","isPartOf":{"@id":"https:\/\/worldofflowerpots.com\/#website"},"primaryImageOfPage":{"@id":"https:\/\/worldofflowerpots.com\/sklep\/doniczki-nowoczesne-gulia\/#primaryimage"},"image":{"@id":"https:\/\/worldofflowerpots.com\/sklep\/doniczki-nowoczesne-gulia\/#primaryimage"},"thumbnailUrl":"https:\/\/worldofflowerpots.com\/wp-content\/uploads\/2019\/01\/doniczki-nowoczesne-Gulia.jpg","datePublished":"2019-01-18T14:06:23+00:00","dateModified":"2019-04-16T10:02:59+00:00","description":"Donice z betonu architektonicznego Gulia o delikatnej konstrukcji idealne do ma\u0142ej architektury: park\u00f3w, skwer\u00f3w oraz dziedzi\u0144c\u00f3w.","breadcrumb":{"@id":"https:\/\/worldofflowerpots.com\/sklep\/doniczki-nowoczesne-gulia\/#breadcrumb"},"inLanguage":"pl-PL","potentialAction":[{"@type":"ReadAction","target":["https:\/\/worldofflowerpots.com\/sklep\/doniczki-nowoczesne-gulia\/"]}]},{"@type":"ImageObject","inLanguage":"pl-PL","@id":"https:\/\/worldofflowerpots.com\/sklep\/doniczki-nowoczesne-gulia\/#primaryimage","url":"https:\/\/worldofflowerpots.com\/wp-content\/uploads\/2019\/01\/doniczki-nowoczesne-Gulia.jpg","contentUrl":"https:\/\/worldofflowerpots.com\/wp-content\/uploads\/2019\/01\/doniczki-nowoczesne-Gulia.jpg","width":1920,"height":1080},{"@type":"BreadcrumbList","@id":"https:\/\/worldofflowerpots.com\/sklep\/doniczki-nowoczesne-gulia\/#breadcrumb","itemListElement":[{"@type":"ListItem","position":1,"name":"Strona g\u0142\u00f3wna","item":"https:\/\/worldofflowerpots.com\/"},{"@type":"ListItem","position":2,"name":"Sklep","item":"https:\/\/worldofflowerpots.com\/sklep\/"},{"@type":"ListItem","position":3,"name":"Doniczki nowoczesne Gulia"}]},{"@type":"WebSite","@id":"https:\/\/worldofflowerpots.com\/#website","url":"https:\/\/worldofflowerpots.com\/","name":"World of Flowerpots","description":"producent donic ozdobnych","potentialAction":[{"@type":"SearchAction","target":{"@type":"EntryPoint","urlTemplate":"https:\/\/worldofflowerpots.com\/?s={search_term_string}"},"query-input":{"@type":"PropertyValueSpecification","valueRequired":true,"valueName":"search_term_string"}}],"inLanguage":"pl-PL"}]}},"_links":{"self":[{"href":"https:\/\/worldofflowerpots.com\/pl\/wp-json\/wp\/v2\/product\/50768","targetHints":{"allow":["GET"]}}],"collection":[{"href":"https:\/\/worldofflowerpots.com\/pl\/wp-json\/wp\/v2\/product"}],"about":[{"href":"https:\/\/worldofflowerpots.com\/pl\/wp-json\/wp\/v2\/types\/product"}],"wp:featuredmedia":[{"embeddable":true,"href":"https:\/\/worldofflowerpots.com\/pl\/wp-json\/wp\/v2\/media\/58132"}],"wp:attachment":[{"href":"https:\/\/worldofflowerpots.com\/pl\/wp-json\/wp\/v2\/media?parent=50768"}],"wp:term":[{"taxonomy":"product_brand","embeddable":true,"href":"https:\/\/worldofflowerpots.com\/pl\/wp-json\/wp\/v2\/product_brand?post=50768"},{"taxonomy":"product_cat","embeddable":true,"href":"https:\/\/worldofflowerpots.com\/pl\/wp-json\/wp\/v2\/product_cat?post=50768"},{"taxonomy":"product_tag","embeddable":true,"href":"https:\/\/worldofflowerpots.com\/pl\/wp-json\/wp\/v2\/product_tag?post=50768"}],"curies":[{"name":"wp","href":"https:\/\/api.w.org\/{rel}","templated":true}]}}