{"id":50769,"date":"2019-01-18T15:06:23","date_gmt":"2019-01-18T14:06:23","guid":{"rendered":"https:\/\/worldofflowerpots.com\/product\/import-placeholder-for-126\/"},"modified":"2019-04-16T12:04:11","modified_gmt":"2019-04-16T10:04:11","slug":"donica-miejska-giuseppe","status":"publish","type":"product","link":"https:\/\/worldofflowerpots.com\/pl\/sklep\/donica-miejska-giuseppe\/","title":{"rendered":"Donica miejska Giuseppe"},"content":{"rendered":"<h2><img loading=\"lazy\" decoding=\"async\" class=\"aligncenter wp-image-59007 size-full\" src=\"https:\/\/worldofflowerpots.com\/wp-content\/uploads\/2016\/12\/przygotowanie-donic-do-u\u017cytkowania-2.png\" alt=\"\" width=\"836\" height=\"598\" srcset=\"https:\/\/worldofflowerpots.com\/wp-content\/uploads\/2016\/12\/przygotowanie-donic-do-u\u017cytkowania-2.png 836w, https:\/\/worldofflowerpots.com\/wp-content\/uploads\/2016\/12\/przygotowanie-donic-do-u\u017cytkowania-2-300x215.png 300w, https:\/\/worldofflowerpots.com\/wp-content\/uploads\/2016\/12\/przygotowanie-donic-do-u\u017cytkowania-2-768x549.png 768w, https:\/\/worldofflowerpots.com\/wp-content\/uploads\/2016\/12\/przygotowanie-donic-do-u\u017cytkowania-2-600x429.png 600w\" sizes=\"auto, (max-width: 836px) 100vw, 836px\" \/><\/h2>\n<h2><strong>Elegancka i klasyczna donica betonowa Giuseppe<\/strong><\/h2>\n<p>Giuseppe to elegancka i klasyczna donica z betonu architektonicznego o pod\u0142u\u017cnym kszta\u0142cie. Ta wytrzyma\u0142a donica to \u015bwietne pole do tworzenia w\u0142asnych kompozycji kwiatowych. Wykonywana jest w trzech podstawowych kolorach: bia\u0142ym, szarym i czarny. Sprawia to, i\u017c idealnie sprawdzi si\u0119 zar\u00f3wno w przydomowym ogr\u00f3dku oraz jako donica miejska. Produkowana jest z dwoma otworami odp\u0142ywowymi. Jest to jedna z naszych najmniejszych betonowych donic pod\u0142u\u017cnych. Przy wadze 88 kg, donica ma 118 cm d\u0142ugo\u015bci, 39 cm szeroko\u015bci oraz 38,5 cm wysoko\u015bci. \u015aciany boczne s\u0105 trapezami, dzi\u0119ki czemu g\u00f3ra donicy jest szersza od podstawy.<\/p>\n<p>Klasyczny kszta\u0142t sprawia, \u017ce Giuseppe jest donic\u0105 uniwersaln\u0105. B\u0119dzie pasowa\u0107 do r\u00f3\u017cnorakich konfiguracji kwiatowych. Idealnie b\u0119dzie si\u0119 komponowa\u0107 zar\u00f3wno z trawnikiem, jak i kostk\u0105 brukow\u0105. Jej uniwersalno\u015b\u0107 sprawia, \u017ce nie jeste\u015bmy niewolnikami jednego uk\u0142adu kwiat\u00f3w przez d\u0142u\u017cszy czas. Rozmiary donicy sprawiaj\u0105, \u017ce opr\u00f3cz kwiat\u00f3w dobrze b\u0119d\u0105 si\u0119 w niej czu\u0142y r\u00f3wnie\u017c ma\u0142e krzewy lub kar\u0142owate drzewka. Po\u0142\u0105czenie eleganckiego designu z funkcjonalno\u015bci\u0105 sprosta oczekiwaniom nawet najbardziej wymagaj\u0105cych konsument\u00f3w.<\/p>\n<h2><strong>Wysoka wytrzyma\u0142o\u015b\u0107<\/strong><\/h2>\n<p>Niebywa\u0142ym plusem donicy Giuseppe jest jej wysoka wytrzyma\u0142o\u015b\u0107. Zawdzi\u0119cza to nie tylko stabilnej podstawie i wysokiej jako\u015bci wykonania, ale r\u00f3wnie\u017c materia\u0142owi z jakiemu zosta\u0142a wykonana. Ultra beton, bo o nim mowa, to surowiec o znakomitych parametrach technicznych. Charakteryzuje si\u0119 nisk\u0105 nasi\u0105kliwo\u015bci\u0105, dzi\u0119ki czemu nie p\u0119ka, je\u015bli zapewnione jest prawid\u0142owe odprowadzenie wody. Cechuje si\u0119 r\u00f3wnie\u017c du\u017c\u0105 odporno\u015bci\u0105 na \u015bcieranie i dzia\u0142anie substancji chemicznych. Giuseppe jest r\u00f3wnie\u017c odporna na czynniki atmosferyczne takie jak deszcz, mr\u00f3z czy upa\u0142. Mo\u017ce wi\u0119c pozostawa\u0107 w idealnym stanie przez d\u0142ugie lata, dzi\u0119ki czemu jest to \u015bwietna donica miejska. Nowoczesna stylistyka oraz surowo\u015b\u0107 formy sprawia, i\u017c jest to elegancki element miejskiej architektury. Wysoka wytrzyma\u0142o\u015b\u0107 produkt\u00f3w z ultra betonu to gwarancja, \u017ce posiadaj\u0105 one wysok\u0105 odporno\u015b\u0107 mechaniczn\u0105, a co za tym idzie s\u0105 bardzo trudne do zniszczenia. G\u0142adka faktura w po\u0142\u0105czeniu z wysok\u0105 odporno\u015bci\u0105 czyni z donicy Giuseppe idealny produkt do ka\u017cdego ogrodu.<\/p>\n","protected":false},"excerpt":{"rendered":"<p>Donica Giuseppe z betonu (ultra betonu). Wyst\u0119puje w trzech podstawowych kolorach: bia\u0142ym, szarym oraz czarnym. Donica produkowana jest w standardzie z otworami odp\u0142ywowymi. Waga donicy to:88 kg, a wymiary: d\u0142ugo\u015b\u0107: 118 cm, szeroko\u015b\u0107: 39 cm, wysoko\u015b\u0107:38,5 cm.<\/p>\n","protected":false},"featured_media":50821,"template":"","meta":{"_acf_changed":false},"product_brand":[],"product_cat":[144],"product_tag":[445,444],"class_list":{"0":"post-50769","1":"product","2":"type-product","3":"status-publish","4":"has-post-thumbnail","6":"product_cat-donice-z-betonu","7":"product_tag-donice-betonowe","8":"product_tag-donice-ogrodowe","9":"description-off","10":"tm-has-options","12":"first","13":"instock","14":"shipping-taxable","15":"purchasable","16":"product-type-simple"},"acf":[],"yoast_head":"<!-- This site is optimized with the Yoast SEO plugin v27.5 - https:\/\/yoast.com\/product\/yoast-seo-wordpress\/ -->\n<title>Donice Betonowe Elegancke Klasyczne Kwiaty Krzewy Drzewka Giuseppe<\/title>\n<meta name=\"description\" content=\"Giuseppe to elegancka i klasyczna pod\u0142u\u017cna donica z betonu architektonicznego, kt\u00f3ra \u015bwietnie si\u0119 sprawdzi jako donica miejska, orgodowa lub tarasowa.\" \/>\n<meta name=\"robots\" content=\"index, follow, max-snippet:-1, max-image-preview:large, max-video-preview:-1\" \/>\n<link rel=\"canonical\" href=\"https:\/\/worldofflowerpots.com\/sklep\/donica-miejska-giuseppe\/\" \/>\n<meta property=\"og:locale\" content=\"pl_PL\" \/>\n<meta property=\"og:type\" content=\"article\" \/>\n<meta property=\"og:title\" content=\"Donice Betonowe Elegancke Klasyczne Kwiaty Krzewy Drzewka Giuseppe\" \/>\n<meta property=\"og:description\" content=\"Giuseppe to elegancka i klasyczna pod\u0142u\u017cna donica z betonu architektonicznego, kt\u00f3ra \u015bwietnie si\u0119 sprawdzi jako donica miejska, orgodowa lub tarasowa.\" \/>\n<meta property=\"og:url\" content=\"https:\/\/worldofflowerpots.com\/sklep\/donica-miejska-giuseppe\/\" \/>\n<meta property=\"og:site_name\" content=\"World of Flowerpots\" \/>\n<meta property=\"article:modified_time\" content=\"2019-04-16T10:04:11+00:00\" \/>\n<meta property=\"og:image\" content=\"https:\/\/worldofflowerpots.com\/wp-content\/uploads\/2019\/01\/Donica-ogrodowa-betonowa-giuseppe-z-polimerobetonu.jpg\" \/>\n\t<meta property=\"og:image:width\" content=\"1920\" \/>\n\t<meta property=\"og:image:height\" content=\"1080\" \/>\n\t<meta property=\"og:image:type\" content=\"image\/jpeg\" \/>\n<meta name=\"twitter:card\" content=\"summary_large_image\" \/>\n<meta name=\"twitter:label1\" content=\"Szacowany czas czytania\" \/>\n\t<meta name=\"twitter:data1\" content=\"2 minuty\" \/>\n<script type=\"application\/ld+json\" class=\"yoast-schema-graph\">{\"@context\":\"https:\\\/\\\/schema.org\",\"@graph\":[{\"@type\":\"WebPage\",\"@id\":\"https:\\\/\\\/worldofflowerpots.com\\\/sklep\\\/donica-miejska-giuseppe\\\/\",\"url\":\"https:\\\/\\\/worldofflowerpots.com\\\/sklep\\\/donica-miejska-giuseppe\\\/\",\"name\":\"Donice Betonowe Elegancke Klasyczne Kwiaty Krzewy Drzewka Giuseppe\",\"isPartOf\":{\"@id\":\"https:\\\/\\\/worldofflowerpots.com\\\/#website\"},\"primaryImageOfPage\":{\"@id\":\"https:\\\/\\\/worldofflowerpots.com\\\/sklep\\\/donica-miejska-giuseppe\\\/#primaryimage\"},\"image\":{\"@id\":\"https:\\\/\\\/worldofflowerpots.com\\\/sklep\\\/donica-miejska-giuseppe\\\/#primaryimage\"},\"thumbnailUrl\":\"https:\\\/\\\/worldofflowerpots.com\\\/wp-content\\\/uploads\\\/2019\\\/01\\\/Donica-ogrodowa-betonowa-giuseppe-z-polimerobetonu.jpg\",\"datePublished\":\"2019-01-18T14:06:23+00:00\",\"dateModified\":\"2019-04-16T10:04:11+00:00\",\"description\":\"Giuseppe to elegancka i klasyczna pod\u0142u\u017cna donica z betonu architektonicznego, kt\u00f3ra \u015bwietnie si\u0119 sprawdzi jako donica miejska, orgodowa lub tarasowa.\",\"breadcrumb\":{\"@id\":\"https:\\\/\\\/worldofflowerpots.com\\\/sklep\\\/donica-miejska-giuseppe\\\/#breadcrumb\"},\"inLanguage\":\"pl-PL\",\"potentialAction\":[{\"@type\":\"ReadAction\",\"target\":[\"https:\\\/\\\/worldofflowerpots.com\\\/sklep\\\/donica-miejska-giuseppe\\\/\"]}]},{\"@type\":\"ImageObject\",\"inLanguage\":\"pl-PL\",\"@id\":\"https:\\\/\\\/worldofflowerpots.com\\\/sklep\\\/donica-miejska-giuseppe\\\/#primaryimage\",\"url\":\"https:\\\/\\\/worldofflowerpots.com\\\/wp-content\\\/uploads\\\/2019\\\/01\\\/Donica-ogrodowa-betonowa-giuseppe-z-polimerobetonu.jpg\",\"contentUrl\":\"https:\\\/\\\/worldofflowerpots.com\\\/wp-content\\\/uploads\\\/2019\\\/01\\\/Donica-ogrodowa-betonowa-giuseppe-z-polimerobetonu.jpg\",\"width\":1920,\"height\":1080},{\"@type\":\"BreadcrumbList\",\"@id\":\"https:\\\/\\\/worldofflowerpots.com\\\/sklep\\\/donica-miejska-giuseppe\\\/#breadcrumb\",\"itemListElement\":[{\"@type\":\"ListItem\",\"position\":1,\"name\":\"Strona g\u0142\u00f3wna\",\"item\":\"https:\\\/\\\/worldofflowerpots.com\\\/\"},{\"@type\":\"ListItem\",\"position\":2,\"name\":\"Sklep\",\"item\":\"https:\\\/\\\/worldofflowerpots.com\\\/sklep\\\/\"},{\"@type\":\"ListItem\",\"position\":3,\"name\":\"Donica miejska Giuseppe\"}]},{\"@type\":\"WebSite\",\"@id\":\"https:\\\/\\\/worldofflowerpots.com\\\/#website\",\"url\":\"https:\\\/\\\/worldofflowerpots.com\\\/\",\"name\":\"World of Flowerpots\",\"description\":\"producent donic ozdobnych\",\"potentialAction\":[{\"@type\":\"SearchAction\",\"target\":{\"@type\":\"EntryPoint\",\"urlTemplate\":\"https:\\\/\\\/worldofflowerpots.com\\\/?s={search_term_string}\"},\"query-input\":{\"@type\":\"PropertyValueSpecification\",\"valueRequired\":true,\"valueName\":\"search_term_string\"}}],\"inLanguage\":\"pl-PL\"}]}<\/script>\n<!-- \/ Yoast SEO plugin. -->","yoast_head_json":{"title":"Donice Betonowe Elegancke Klasyczne Kwiaty Krzewy Drzewka Giuseppe","description":"Giuseppe to elegancka i klasyczna pod\u0142u\u017cna donica z betonu architektonicznego, kt\u00f3ra \u015bwietnie si\u0119 sprawdzi jako donica miejska, orgodowa lub tarasowa.","robots":{"index":"index","follow":"follow","max-snippet":"max-snippet:-1","max-image-preview":"max-image-preview:large","max-video-preview":"max-video-preview:-1"},"canonical":"https:\/\/worldofflowerpots.com\/sklep\/donica-miejska-giuseppe\/","og_locale":"pl_PL","og_type":"article","og_title":"Donice Betonowe Elegancke Klasyczne Kwiaty Krzewy Drzewka Giuseppe","og_description":"Giuseppe to elegancka i klasyczna pod\u0142u\u017cna donica z betonu architektonicznego, kt\u00f3ra \u015bwietnie si\u0119 sprawdzi jako donica miejska, orgodowa lub tarasowa.","og_url":"https:\/\/worldofflowerpots.com\/sklep\/donica-miejska-giuseppe\/","og_site_name":"World of Flowerpots","article_modified_time":"2019-04-16T10:04:11+00:00","og_image":[{"width":1920,"height":1080,"url":"https:\/\/worldofflowerpots.com\/wp-content\/uploads\/2019\/01\/Donica-ogrodowa-betonowa-giuseppe-z-polimerobetonu.jpg","type":"image\/jpeg"}],"twitter_card":"summary_large_image","twitter_misc":{"Szacowany czas czytania":"2 minuty"},"schema":{"@context":"https:\/\/schema.org","@graph":[{"@type":"WebPage","@id":"https:\/\/worldofflowerpots.com\/sklep\/donica-miejska-giuseppe\/","url":"https:\/\/worldofflowerpots.com\/sklep\/donica-miejska-giuseppe\/","name":"Donice Betonowe Elegancke Klasyczne Kwiaty Krzewy Drzewka Giuseppe","isPartOf":{"@id":"https:\/\/worldofflowerpots.com\/#website"},"primaryImageOfPage":{"@id":"https:\/\/worldofflowerpots.com\/sklep\/donica-miejska-giuseppe\/#primaryimage"},"image":{"@id":"https:\/\/worldofflowerpots.com\/sklep\/donica-miejska-giuseppe\/#primaryimage"},"thumbnailUrl":"https:\/\/worldofflowerpots.com\/wp-content\/uploads\/2019\/01\/Donica-ogrodowa-betonowa-giuseppe-z-polimerobetonu.jpg","datePublished":"2019-01-18T14:06:23+00:00","dateModified":"2019-04-16T10:04:11+00:00","description":"Giuseppe to elegancka i klasyczna pod\u0142u\u017cna donica z betonu architektonicznego, kt\u00f3ra \u015bwietnie si\u0119 sprawdzi jako donica miejska, orgodowa lub tarasowa.","breadcrumb":{"@id":"https:\/\/worldofflowerpots.com\/sklep\/donica-miejska-giuseppe\/#breadcrumb"},"inLanguage":"pl-PL","potentialAction":[{"@type":"ReadAction","target":["https:\/\/worldofflowerpots.com\/sklep\/donica-miejska-giuseppe\/"]}]},{"@type":"ImageObject","inLanguage":"pl-PL","@id":"https:\/\/worldofflowerpots.com\/sklep\/donica-miejska-giuseppe\/#primaryimage","url":"https:\/\/worldofflowerpots.com\/wp-content\/uploads\/2019\/01\/Donica-ogrodowa-betonowa-giuseppe-z-polimerobetonu.jpg","contentUrl":"https:\/\/worldofflowerpots.com\/wp-content\/uploads\/2019\/01\/Donica-ogrodowa-betonowa-giuseppe-z-polimerobetonu.jpg","width":1920,"height":1080},{"@type":"BreadcrumbList","@id":"https:\/\/worldofflowerpots.com\/sklep\/donica-miejska-giuseppe\/#breadcrumb","itemListElement":[{"@type":"ListItem","position":1,"name":"Strona g\u0142\u00f3wna","item":"https:\/\/worldofflowerpots.com\/"},{"@type":"ListItem","position":2,"name":"Sklep","item":"https:\/\/worldofflowerpots.com\/sklep\/"},{"@type":"ListItem","position":3,"name":"Donica miejska Giuseppe"}]},{"@type":"WebSite","@id":"https:\/\/worldofflowerpots.com\/#website","url":"https:\/\/worldofflowerpots.com\/","name":"World of Flowerpots","description":"producent donic ozdobnych","potentialAction":[{"@type":"SearchAction","target":{"@type":"EntryPoint","urlTemplate":"https:\/\/worldofflowerpots.com\/?s={search_term_string}"},"query-input":{"@type":"PropertyValueSpecification","valueRequired":true,"valueName":"search_term_string"}}],"inLanguage":"pl-PL"}]}},"_links":{"self":[{"href":"https:\/\/worldofflowerpots.com\/pl\/wp-json\/wp\/v2\/product\/50769","targetHints":{"allow":["GET"]}}],"collection":[{"href":"https:\/\/worldofflowerpots.com\/pl\/wp-json\/wp\/v2\/product"}],"about":[{"href":"https:\/\/worldofflowerpots.com\/pl\/wp-json\/wp\/v2\/types\/product"}],"wp:featuredmedia":[{"embeddable":true,"href":"https:\/\/worldofflowerpots.com\/pl\/wp-json\/wp\/v2\/media\/50821"}],"wp:attachment":[{"href":"https:\/\/worldofflowerpots.com\/pl\/wp-json\/wp\/v2\/media?parent=50769"}],"wp:term":[{"taxonomy":"product_brand","embeddable":true,"href":"https:\/\/worldofflowerpots.com\/pl\/wp-json\/wp\/v2\/product_brand?post=50769"},{"taxonomy":"product_cat","embeddable":true,"href":"https:\/\/worldofflowerpots.com\/pl\/wp-json\/wp\/v2\/product_cat?post=50769"},{"taxonomy":"product_tag","embeddable":true,"href":"https:\/\/worldofflowerpots.com\/pl\/wp-json\/wp\/v2\/product_tag?post=50769"}],"curies":[{"name":"wp","href":"https:\/\/api.w.org\/{rel}","templated":true}]}}