{"id":50770,"date":"2019-01-18T15:06:23","date_gmt":"2019-01-18T14:06:23","guid":{"rendered":"https:\/\/worldofflowerpots.com\/product\/import-placeholder-for-127\/"},"modified":"2019-04-16T12:05:10","modified_gmt":"2019-04-16T10:05:10","slug":"doniczki-ogrodowe-roberto","status":"publish","type":"product","link":"https:\/\/worldofflowerpots.com\/pl\/sklep\/doniczki-ogrodowe-roberto\/","title":{"rendered":"Doniczki ogrodowe Roberto"},"content":{"rendered":"<p><img loading=\"lazy\" decoding=\"async\" class=\"aligncenter wp-image-59007 size-full\" src=\"https:\/\/worldofflowerpots.com\/wp-content\/uploads\/2016\/12\/przygotowanie-donic-do-u\u017cytkowania-2.png\" alt=\"\" width=\"836\" height=\"598\" srcset=\"https:\/\/worldofflowerpots.com\/wp-content\/uploads\/2016\/12\/przygotowanie-donic-do-u\u017cytkowania-2.png 836w, https:\/\/worldofflowerpots.com\/wp-content\/uploads\/2016\/12\/przygotowanie-donic-do-u\u017cytkowania-2-300x215.png 300w, https:\/\/worldofflowerpots.com\/wp-content\/uploads\/2016\/12\/przygotowanie-donic-do-u\u017cytkowania-2-768x549.png 768w, https:\/\/worldofflowerpots.com\/wp-content\/uploads\/2016\/12\/przygotowanie-donic-do-u\u017cytkowania-2-600x429.png 600w\" sizes=\"auto, (max-width: 836px) 100vw, 836px\" \/><\/p>\n<p>Ro\u015blinno\u015b\u0107 umieszczona w ogrodzie w efektownych donicach prezentuje si\u0119 du\u017co bardziej okazale, ni\u017c umieszczona bezpo\u015brednio w gruncie. Warto wi\u0119c pomy\u015ble\u0107 o zakupie nowoczesnych, ozdobnych donic do ogrodu podczas planowania aran\u017cacji swojego ogrodu. Doniczki ogrodowe Roberto \u0142\u0105cz\u0105 w sobie trwa\u0142o\u015b\u0107, prostot\u0119 i nowoczesno\u015b\u0107.<\/p>\n<h2><strong>Efektowna i trwa\u0142a donica Roberto<\/strong><\/h2>\n<p>Donice z betonu architektonicznego maj\u0105 bardzo dobre parametry fizykochemiczne, kt\u00f3re doskonale odpowiadaj\u0105 ich zewn\u0119trznemu wykorzystaniu. Roberto to bardzo efektowna donica o prostej bryle, w kszta\u0142cie prostopad\u0142o\u015bcianu. Gruby beton w trzech wersjach kolorystycznych: antracyt, szaro\u015b\u0107 i biel, b\u0119dzie stanowi\u0142 pi\u0119kne t\u0142o dla efemerycznych, kolorowych ro\u015blin ogrodowych.<\/p>\n<h2><strong>Funkcjonalno\u015b\u0107 przede wszystkim<\/strong><\/h2>\n<p>Beton, z kt\u00f3rego zosta\u0142y wykonane doniczki ogrodowe, wspaniale zabezpiecza ro\u015blin\u0119 przed dewastacj\u0105 ze strony owad\u00f3w &#8211; wysokie \u015bciany zabezpieczaj\u0105 j\u0105 tak\u017ce przed gryzoniami. Co bardzo istotne, taka donica bez problemu mo\u017ce sta\u0107 w ogrodzie przez okr\u0105g\u0142y rok. Wynika to z jej bardzo wysokich walor\u00f3w technicznych. Donicy Roberto niestraszne s\u0105 deszcze, gdy\u017c beton nie nasi\u0105ka wod\u0105. Produkt jest r\u00f3wnie\u017c mrozoodporny. Oznacza to, \u017ce woda nie przenika z zewn\u0105trz przez jej struktur\u0119. Wa\u017cne jest jednak zapewnienie odpowiedniego odprowadzenia wody z wn\u0119trza donicy. Dno donicy jest wyposa\u017cone w otwory odp\u0142ywowe, kt\u00f3re u\u0142atwiaj\u0105 to zadanie. Zabezpieczaj\u0105 one ro\u015blin\u0119 przed nadmiarem wody, spowodowanym ulewnymi deszczami. Jest to bardzo istotne, gdy\u017c zamarzni\u0119ta woda mo\u017ce spowodowa\u0107 rozsadzenie materia\u0142u. Jest to r\u00f3wnie\u017c materia\u0142 wyj\u0105tkowo odporny na promieniowanie UV. Oznacza to, \u017ce donica stoj\u0105ca w pe\u0142nym s\u0142o\u0144cu nie wyblaknie. Nie straszne jej tak\u017ce naprzemienne mokni\u0119cie i wysychanie, bo nie spowoduje to jej skruszenia.<\/p>\n<h2><strong>Sku\u015b si\u0119 na wyj\u0105tkow\u0105 donic\u0119 w swoim ogrodzie<\/strong><\/h2>\n<p>Prosta bry\u0142a, g\u0142adkie \u015bciany i neutralny kolor donicy Roberto czyni\u0105 j\u0105 pojemnikiem na ro\u015bliny niezwykle gustownym, skromnym i klasycznym. Surowo\u015b\u0107 tej bry\u0142y a\u017c prosi o to, by nieco prze\u0142ama\u0107 j\u0105 \u017cywymi kolorami kwiat\u00f3w, zatem donica doskonale pasuje do urz\u0105dzenia ogrodu w stylu prostym, klasycznym i nowoczesnym, gdzie g\u0142\u00f3wn\u0105 rol\u0119 odgrywaj\u0105 ro\u015bliny wkomponowane w neutralne t\u0142o.<\/p>\n","protected":false},"excerpt":{"rendered":"<p>Donica Roberto z betonu (ultra betonu). Wyst\u0119puje w trzech podstawowych kolorach: bia\u0142ym, szarym oraz czarnym. Donica produkowana jest w standardzie z otworami odp\u0142ywowymi. Waga donicy to: 120 kg, a wymiary: d\u0142ugo\u015b\u0107: 100 cm, szeroko\u015b\u0107: 50 cm, wysoko\u015b\u0107: 50 cm.<\/p>\n","protected":false},"featured_media":57926,"template":"","meta":{"_acf_changed":false},"product_brand":[],"product_cat":[144],"product_tag":[445,444],"class_list":{"0":"post-50770","1":"product","2":"type-product","3":"status-publish","4":"has-post-thumbnail","6":"product_cat-donice-z-betonu","7":"product_tag-donice-betonowe","8":"product_tag-donice-ogrodowe","9":"description-off","10":"tm-has-options","12":"first","13":"instock","14":"shipping-taxable","15":"purchasable","16":"product-type-simple"},"acf":[],"yoast_head":"<!-- This site is optimized with the Yoast SEO plugin v27.5 - https:\/\/yoast.com\/product\/yoast-seo-wordpress\/ -->\n<title>Doniczki ogrodowe ROBERTO Nowoczesne, Efektowne, Zewn\u0119trzne<\/title>\n<meta name=\"description\" content=\"Doniczki ogrodowe wykonane z betonu architektonicznego Roberto \u0142\u0105cz\u0105 w sobie trwa\u0142o\u015b\u0107, prostot\u0119, nowoczesno\u015b\u0107 i funkcjonalno\u015b\u0107\" \/>\n<meta name=\"robots\" content=\"index, follow, max-snippet:-1, max-image-preview:large, max-video-preview:-1\" \/>\n<link rel=\"canonical\" href=\"https:\/\/worldofflowerpots.com\/sklep\/doniczki-ogrodowe-roberto\/\" \/>\n<meta property=\"og:locale\" content=\"pl_PL\" \/>\n<meta property=\"og:type\" content=\"article\" \/>\n<meta property=\"og:title\" content=\"Doniczki ogrodowe ROBERTO Nowoczesne, Efektowne, Zewn\u0119trzne\" \/>\n<meta property=\"og:description\" content=\"Doniczki ogrodowe wykonane z betonu architektonicznego Roberto \u0142\u0105cz\u0105 w sobie trwa\u0142o\u015b\u0107, prostot\u0119, nowoczesno\u015b\u0107 i funkcjonalno\u015b\u0107\" \/>\n<meta property=\"og:url\" content=\"https:\/\/worldofflowerpots.com\/sklep\/doniczki-ogrodowe-roberto\/\" \/>\n<meta property=\"og:site_name\" content=\"World of Flowerpots\" \/>\n<meta property=\"article:modified_time\" content=\"2019-04-16T10:05:10+00:00\" \/>\n<meta property=\"og:image\" content=\"https:\/\/worldofflowerpots.com\/wp-content\/uploads\/2019\/01\/doniczki-ogrodowe-Roberto-czarny-1.jpg\" \/>\n\t<meta property=\"og:image:width\" content=\"2280\" \/>\n\t<meta property=\"og:image:height\" content=\"1612\" \/>\n\t<meta property=\"og:image:type\" content=\"image\/jpeg\" \/>\n<meta name=\"twitter:card\" content=\"summary_large_image\" \/>\n<meta name=\"twitter:label1\" content=\"Szacowany czas czytania\" \/>\n\t<meta name=\"twitter:data1\" content=\"2 minuty\" \/>\n<script type=\"application\/ld+json\" class=\"yoast-schema-graph\">{\"@context\":\"https:\\\/\\\/schema.org\",\"@graph\":[{\"@type\":\"WebPage\",\"@id\":\"https:\\\/\\\/worldofflowerpots.com\\\/sklep\\\/doniczki-ogrodowe-roberto\\\/\",\"url\":\"https:\\\/\\\/worldofflowerpots.com\\\/sklep\\\/doniczki-ogrodowe-roberto\\\/\",\"name\":\"Doniczki ogrodowe ROBERTO Nowoczesne, Efektowne, Zewn\u0119trzne\",\"isPartOf\":{\"@id\":\"https:\\\/\\\/worldofflowerpots.com\\\/#website\"},\"primaryImageOfPage\":{\"@id\":\"https:\\\/\\\/worldofflowerpots.com\\\/sklep\\\/doniczki-ogrodowe-roberto\\\/#primaryimage\"},\"image\":{\"@id\":\"https:\\\/\\\/worldofflowerpots.com\\\/sklep\\\/doniczki-ogrodowe-roberto\\\/#primaryimage\"},\"thumbnailUrl\":\"https:\\\/\\\/worldofflowerpots.com\\\/wp-content\\\/uploads\\\/2019\\\/01\\\/doniczki-ogrodowe-Roberto-czarny-1.jpg\",\"datePublished\":\"2019-01-18T14:06:23+00:00\",\"dateModified\":\"2019-04-16T10:05:10+00:00\",\"description\":\"Doniczki ogrodowe wykonane z betonu architektonicznego Roberto \u0142\u0105cz\u0105 w sobie trwa\u0142o\u015b\u0107, prostot\u0119, nowoczesno\u015b\u0107 i funkcjonalno\u015b\u0107\",\"breadcrumb\":{\"@id\":\"https:\\\/\\\/worldofflowerpots.com\\\/sklep\\\/doniczki-ogrodowe-roberto\\\/#breadcrumb\"},\"inLanguage\":\"pl-PL\",\"potentialAction\":[{\"@type\":\"ReadAction\",\"target\":[\"https:\\\/\\\/worldofflowerpots.com\\\/sklep\\\/doniczki-ogrodowe-roberto\\\/\"]}]},{\"@type\":\"ImageObject\",\"inLanguage\":\"pl-PL\",\"@id\":\"https:\\\/\\\/worldofflowerpots.com\\\/sklep\\\/doniczki-ogrodowe-roberto\\\/#primaryimage\",\"url\":\"https:\\\/\\\/worldofflowerpots.com\\\/wp-content\\\/uploads\\\/2019\\\/01\\\/doniczki-ogrodowe-Roberto-czarny-1.jpg\",\"contentUrl\":\"https:\\\/\\\/worldofflowerpots.com\\\/wp-content\\\/uploads\\\/2019\\\/01\\\/doniczki-ogrodowe-Roberto-czarny-1.jpg\",\"width\":2280,\"height\":1612},{\"@type\":\"BreadcrumbList\",\"@id\":\"https:\\\/\\\/worldofflowerpots.com\\\/sklep\\\/doniczki-ogrodowe-roberto\\\/#breadcrumb\",\"itemListElement\":[{\"@type\":\"ListItem\",\"position\":1,\"name\":\"Strona g\u0142\u00f3wna\",\"item\":\"https:\\\/\\\/worldofflowerpots.com\\\/\"},{\"@type\":\"ListItem\",\"position\":2,\"name\":\"Sklep\",\"item\":\"https:\\\/\\\/worldofflowerpots.com\\\/sklep\\\/\"},{\"@type\":\"ListItem\",\"position\":3,\"name\":\"Doniczki ogrodowe Roberto\"}]},{\"@type\":\"WebSite\",\"@id\":\"https:\\\/\\\/worldofflowerpots.com\\\/#website\",\"url\":\"https:\\\/\\\/worldofflowerpots.com\\\/\",\"name\":\"World of Flowerpots\",\"description\":\"producent donic ozdobnych\",\"potentialAction\":[{\"@type\":\"SearchAction\",\"target\":{\"@type\":\"EntryPoint\",\"urlTemplate\":\"https:\\\/\\\/worldofflowerpots.com\\\/?s={search_term_string}\"},\"query-input\":{\"@type\":\"PropertyValueSpecification\",\"valueRequired\":true,\"valueName\":\"search_term_string\"}}],\"inLanguage\":\"pl-PL\"}]}<\/script>\n<!-- \/ Yoast SEO plugin. -->","yoast_head_json":{"title":"Doniczki ogrodowe ROBERTO Nowoczesne, Efektowne, Zewn\u0119trzne","description":"Doniczki ogrodowe wykonane z betonu architektonicznego Roberto \u0142\u0105cz\u0105 w sobie trwa\u0142o\u015b\u0107, prostot\u0119, nowoczesno\u015b\u0107 i funkcjonalno\u015b\u0107","robots":{"index":"index","follow":"follow","max-snippet":"max-snippet:-1","max-image-preview":"max-image-preview:large","max-video-preview":"max-video-preview:-1"},"canonical":"https:\/\/worldofflowerpots.com\/sklep\/doniczki-ogrodowe-roberto\/","og_locale":"pl_PL","og_type":"article","og_title":"Doniczki ogrodowe ROBERTO Nowoczesne, Efektowne, Zewn\u0119trzne","og_description":"Doniczki ogrodowe wykonane z betonu architektonicznego Roberto \u0142\u0105cz\u0105 w sobie trwa\u0142o\u015b\u0107, prostot\u0119, nowoczesno\u015b\u0107 i funkcjonalno\u015b\u0107","og_url":"https:\/\/worldofflowerpots.com\/sklep\/doniczki-ogrodowe-roberto\/","og_site_name":"World of Flowerpots","article_modified_time":"2019-04-16T10:05:10+00:00","og_image":[{"width":2280,"height":1612,"url":"https:\/\/worldofflowerpots.com\/wp-content\/uploads\/2019\/01\/doniczki-ogrodowe-Roberto-czarny-1.jpg","type":"image\/jpeg"}],"twitter_card":"summary_large_image","twitter_misc":{"Szacowany czas czytania":"2 minuty"},"schema":{"@context":"https:\/\/schema.org","@graph":[{"@type":"WebPage","@id":"https:\/\/worldofflowerpots.com\/sklep\/doniczki-ogrodowe-roberto\/","url":"https:\/\/worldofflowerpots.com\/sklep\/doniczki-ogrodowe-roberto\/","name":"Doniczki ogrodowe ROBERTO Nowoczesne, Efektowne, Zewn\u0119trzne","isPartOf":{"@id":"https:\/\/worldofflowerpots.com\/#website"},"primaryImageOfPage":{"@id":"https:\/\/worldofflowerpots.com\/sklep\/doniczki-ogrodowe-roberto\/#primaryimage"},"image":{"@id":"https:\/\/worldofflowerpots.com\/sklep\/doniczki-ogrodowe-roberto\/#primaryimage"},"thumbnailUrl":"https:\/\/worldofflowerpots.com\/wp-content\/uploads\/2019\/01\/doniczki-ogrodowe-Roberto-czarny-1.jpg","datePublished":"2019-01-18T14:06:23+00:00","dateModified":"2019-04-16T10:05:10+00:00","description":"Doniczki ogrodowe wykonane z betonu architektonicznego Roberto \u0142\u0105cz\u0105 w sobie trwa\u0142o\u015b\u0107, prostot\u0119, nowoczesno\u015b\u0107 i funkcjonalno\u015b\u0107","breadcrumb":{"@id":"https:\/\/worldofflowerpots.com\/sklep\/doniczki-ogrodowe-roberto\/#breadcrumb"},"inLanguage":"pl-PL","potentialAction":[{"@type":"ReadAction","target":["https:\/\/worldofflowerpots.com\/sklep\/doniczki-ogrodowe-roberto\/"]}]},{"@type":"ImageObject","inLanguage":"pl-PL","@id":"https:\/\/worldofflowerpots.com\/sklep\/doniczki-ogrodowe-roberto\/#primaryimage","url":"https:\/\/worldofflowerpots.com\/wp-content\/uploads\/2019\/01\/doniczki-ogrodowe-Roberto-czarny-1.jpg","contentUrl":"https:\/\/worldofflowerpots.com\/wp-content\/uploads\/2019\/01\/doniczki-ogrodowe-Roberto-czarny-1.jpg","width":2280,"height":1612},{"@type":"BreadcrumbList","@id":"https:\/\/worldofflowerpots.com\/sklep\/doniczki-ogrodowe-roberto\/#breadcrumb","itemListElement":[{"@type":"ListItem","position":1,"name":"Strona g\u0142\u00f3wna","item":"https:\/\/worldofflowerpots.com\/"},{"@type":"ListItem","position":2,"name":"Sklep","item":"https:\/\/worldofflowerpots.com\/sklep\/"},{"@type":"ListItem","position":3,"name":"Doniczki ogrodowe Roberto"}]},{"@type":"WebSite","@id":"https:\/\/worldofflowerpots.com\/#website","url":"https:\/\/worldofflowerpots.com\/","name":"World of Flowerpots","description":"producent donic ozdobnych","potentialAction":[{"@type":"SearchAction","target":{"@type":"EntryPoint","urlTemplate":"https:\/\/worldofflowerpots.com\/?s={search_term_string}"},"query-input":{"@type":"PropertyValueSpecification","valueRequired":true,"valueName":"search_term_string"}}],"inLanguage":"pl-PL"}]}},"_links":{"self":[{"href":"https:\/\/worldofflowerpots.com\/pl\/wp-json\/wp\/v2\/product\/50770","targetHints":{"allow":["GET"]}}],"collection":[{"href":"https:\/\/worldofflowerpots.com\/pl\/wp-json\/wp\/v2\/product"}],"about":[{"href":"https:\/\/worldofflowerpots.com\/pl\/wp-json\/wp\/v2\/types\/product"}],"wp:featuredmedia":[{"embeddable":true,"href":"https:\/\/worldofflowerpots.com\/pl\/wp-json\/wp\/v2\/media\/57926"}],"wp:attachment":[{"href":"https:\/\/worldofflowerpots.com\/pl\/wp-json\/wp\/v2\/media?parent=50770"}],"wp:term":[{"taxonomy":"product_brand","embeddable":true,"href":"https:\/\/worldofflowerpots.com\/pl\/wp-json\/wp\/v2\/product_brand?post=50770"},{"taxonomy":"product_cat","embeddable":true,"href":"https:\/\/worldofflowerpots.com\/pl\/wp-json\/wp\/v2\/product_cat?post=50770"},{"taxonomy":"product_tag","embeddable":true,"href":"https:\/\/worldofflowerpots.com\/pl\/wp-json\/wp\/v2\/product_tag?post=50770"}],"curies":[{"name":"wp","href":"https:\/\/api.w.org\/{rel}","templated":true}]}}