{"id":50771,"date":"2019-01-18T15:06:23","date_gmt":"2019-01-18T14:06:23","guid":{"rendered":"https:\/\/worldofflowerpots.com\/product\/import-placeholder-for-128\/"},"modified":"2019-04-16T12:06:06","modified_gmt":"2019-04-16T10:06:06","slug":"duza-donica-betonowa-angelo","status":"publish","type":"product","link":"https:\/\/worldofflowerpots.com\/pl\/sklep\/duza-donica-betonowa-angelo\/","title":{"rendered":"Du\u017ce donice betonowe Angelo"},"content":{"rendered":"<p><img loading=\"lazy\" decoding=\"async\" class=\"aligncenter wp-image-59007 size-full\" src=\"https:\/\/worldofflowerpots.com\/wp-content\/uploads\/2016\/12\/przygotowanie-donic-do-u\u017cytkowania-2.png\" alt=\"\" width=\"836\" height=\"598\" srcset=\"https:\/\/worldofflowerpots.com\/wp-content\/uploads\/2016\/12\/przygotowanie-donic-do-u\u017cytkowania-2.png 836w, https:\/\/worldofflowerpots.com\/wp-content\/uploads\/2016\/12\/przygotowanie-donic-do-u\u017cytkowania-2-300x215.png 300w, https:\/\/worldofflowerpots.com\/wp-content\/uploads\/2016\/12\/przygotowanie-donic-do-u\u017cytkowania-2-768x549.png 768w, https:\/\/worldofflowerpots.com\/wp-content\/uploads\/2016\/12\/przygotowanie-donic-do-u\u017cytkowania-2-600x429.png 600w\" sizes=\"auto, (max-width: 836px) 100vw, 836px\" \/><\/p>\n<p>W\u0142asny ogr\u00f3d to marzenie wielu ludzi, a pi\u0119knie zaaran\u017cowany ogr\u00f3d jest szczytem tych marze\u0144. Ostatnimi czasy coraz wi\u0119ksz\u0105 popularno\u015b\u0107 zdobywa du\u017ca donica betonowa, poniewa\u017c jest nie tylko ponadczasowa i praktyczna, ale tak\u017ce \u015bwietnie prezentuje si\u0119 w ka\u017cdym ogrodzie i go idealnie uzupe\u0142nia.<\/p>\n<h3>Donice betonowe Angelo.<\/h3>\n<p>Donice betonowe Angelo sprawdz\u0105 si\u0119 zar\u00f3wno w przydomowych ogrodach, dzia\u0142kach, balkonach jak i na tarasie. Du\u017ce donice betonowe idealnie zabezpieczaj\u0105 ro\u015blinno\u015b\u0107 i kwiaty, s\u0105 praktyczne, a przy tym niezwykle efektowne. Donice Angelo urzekaj\u0105 swoj\u0105 elegancj\u0105, a mo\u017cliwo\u015b\u0107 wyboru kolor\u00f3w pomi\u0119dzy trzema podstawowymi: bia\u0142ym, szarym oraz czarnym sprawia, \u017ce odnajd\u0105 si\u0119 w ka\u017cdym otoczeniu i dopasuj\u0105 do ka\u017cdego klimatu ogrodu, bez wzgl\u0119du na nasze preferencje.<\/p>\n<p>Du\u017ce donice na taras modelu Angelo to tak\u017ce gwarancja jako\u015bci i sta\u0142o\u015bci. Wykonane z betonu s\u0105 ci\u0119\u017ckie, dzi\u0119ki czemu opieraj\u0105 si\u0119 porywistym wiatrom, a tak\u017ce ewentualnym kradzie\u017com. Mimo swojej wagi i rozmiar\u00f3w, nie wydaj\u0105 si\u0119 by\u0107 masywne, wr\u0119cz przeciwnie sprawiaj\u0105 wra\u017cenie lekkich, ale solidnych. Du\u017ce donice betonowe sprawdzaj\u0105 si\u0119 \u015bwietnie w r\u00f3\u017cnych warunkach pogodowych, co jest istotne bior\u0105c pod uwag\u0119 zmienno\u015b\u0107 pogody w Polsce. Donice Angelo s\u0105 mrozoodporne i wytrzyma\u0142e na uszkodzenia, tak\u017ce te mechaniczne. Dzi\u0119ki solidnemu wykonaniu i wysokiej jako\u015bci u\u017cytych materia\u0142\u00f3w donice sprawdzaj\u0105 si\u0119 przez lata.<\/p>\n<h3>Sam wybierz gdzie b\u0119dzie<\/h3>\n<p>Czy maj\u0105 to by\u0107 du\u017ce donice na taras, czy mo\u017ce donice ogrodowe to Angelo sprawdza si\u0119 w ka\u017cdej roli. Bez wzgl\u0119du na to czy planujemy ogr\u00f3d designerski &#8211; du\u017co zieleni, ale ma\u0142o kwiat\u00f3w, czy wr\u0119cz przeciwnie &#8211; stawiamy na kolory i r\u00f3\u017cnorodno\u015b\u0107, to betonowe donice sprawdz\u0105 si\u0119 w ka\u017cdej opcji. Ich prosta, elegancka forma dostosowuje si\u0119 do nowoczesnych ogrod\u00f3w, pe\u0142nych traw i symetrycznych kszta\u0142t\u00f3w, ale tak\u017ce do ogr\u00f3dk\u00f3w \u017cywcem wyj\u0119tych z naszych dzieci\u0119cych wspomnie\u0144.<\/p>\n<p>Ogr\u00f3d to inwestycja, ma cieszy\u0107 przez lata i by\u0107 miejscem relaksu. Warto tak do niego podej\u015b\u0107, a wtedy zyskamy gwarancj\u0119 rado\u015bci z czasu w nim sp\u0119dzonego. Zmienne pory roku oznaczaj\u0105 sporo pracy przygotowawczej i naprawczej, szczeg\u00f3lnie przed i po zimie. Warto jej sobie oszcz\u0119dzi\u0107, na przyk\u0142ad przez wyb\u00f3r odpowiednich donic. Beton sprawdza si\u0119 \u015bwietnie w ogrodach, dzi\u0119ki swojej praktyczno\u015bci i \u0142atwo\u015bci w u\u017cytkowaniu. Spore rozmiary prezentowanej donicy pozwalaj\u0105 tak\u017ce na zasadzenie wi\u0119kszej ilo\u015bci ro\u015blin co daje interesuj\u0105ce mo\u017cliwo\u015bci dowolnego komponowania ro\u015blin i kwiat\u00f3w.<\/p>\n","protected":false},"excerpt":{"rendered":"<p>Donica Angelo z betonu (polimerobetonu). Wyst\u0119puje w trzech podstawowych kolorach : bia\u0142ym, szarym oraz czarnym. Donica produkowana jest w standardzie z otworami odp\u0142ywowymi. Waga donicy to :150 kg, a wymiary : d\u0142ugo\u015b\u0107:120cm, szeroko\u015b\u0107:50cm, wysoko\u015b\u0107:50cm.<\/p>\n","protected":false},"featured_media":57936,"template":"","meta":{"_acf_changed":false},"product_brand":[],"product_cat":[144],"product_tag":[445,444],"class_list":{"0":"post-50771","1":"product","2":"type-product","3":"status-publish","4":"has-post-thumbnail","6":"product_cat-donice-z-betonu","7":"product_tag-donice-betonowe","8":"product_tag-donice-ogrodowe","9":"description-off","10":"tm-has-options","12":"first","13":"instock","14":"shipping-taxable","15":"purchasable","16":"product-type-simple"},"acf":[],"yoast_head":"<!-- This site is optimized with the Yoast SEO plugin v27.5 - https:\/\/yoast.com\/product\/yoast-seo-wordpress\/ -->\n<title>Du\u017ca Donica Betonowa - Kwiaty, Krzewy Ozdobne, Trawy - ANGELO<\/title>\n<meta name=\"description\" content=\"Du\u017ca donica betonowa musi by\u0107 Funkcjonalna, odporna i elegancka. Z tak\u0105 \u0142atwa jest piel\u0119gnacja r\u00f3\u017cnych ro\u015blin: rabaty kwiatowe, trawa, krzewy ozdobne.\" \/>\n<meta name=\"robots\" content=\"index, follow, max-snippet:-1, max-image-preview:large, max-video-preview:-1\" \/>\n<link rel=\"canonical\" href=\"https:\/\/worldofflowerpots.com\/sklep\/duza-donica-betonowa-angelo\/\" \/>\n<meta property=\"og:locale\" content=\"pl_PL\" \/>\n<meta property=\"og:type\" content=\"article\" \/>\n<meta property=\"og:title\" content=\"Du\u017ca Donica Betonowa - Kwiaty, Krzewy Ozdobne, Trawy - ANGELO\" \/>\n<meta property=\"og:description\" content=\"Du\u017ca donica betonowa musi by\u0107 Funkcjonalna, odporna i elegancka. Z tak\u0105 \u0142atwa jest piel\u0119gnacja r\u00f3\u017cnych ro\u015blin: rabaty kwiatowe, trawa, krzewy ozdobne.\" \/>\n<meta property=\"og:url\" content=\"https:\/\/worldofflowerpots.com\/sklep\/duza-donica-betonowa-angelo\/\" \/>\n<meta property=\"og:site_name\" content=\"World of Flowerpots\" \/>\n<meta property=\"article:modified_time\" content=\"2019-04-16T10:06:06+00:00\" \/>\n<meta property=\"og:image\" content=\"https:\/\/worldofflowerpots.com\/wp-content\/uploads\/2019\/01\/du\u017ca-donica-betonowa-Angelo-czarny.jpg\" \/>\n\t<meta property=\"og:image:width\" content=\"2280\" \/>\n\t<meta property=\"og:image:height\" content=\"1612\" \/>\n\t<meta property=\"og:image:type\" content=\"image\/jpeg\" \/>\n<meta name=\"twitter:card\" content=\"summary_large_image\" \/>\n<meta name=\"twitter:label1\" content=\"Szacowany czas czytania\" \/>\n\t<meta name=\"twitter:data1\" content=\"2 minuty\" \/>\n<script type=\"application\/ld+json\" class=\"yoast-schema-graph\">{\"@context\":\"https:\\\/\\\/schema.org\",\"@graph\":[{\"@type\":\"WebPage\",\"@id\":\"https:\\\/\\\/worldofflowerpots.com\\\/sklep\\\/duza-donica-betonowa-angelo\\\/\",\"url\":\"https:\\\/\\\/worldofflowerpots.com\\\/sklep\\\/duza-donica-betonowa-angelo\\\/\",\"name\":\"Du\u017ca Donica Betonowa - Kwiaty, Krzewy Ozdobne, Trawy - ANGELO\",\"isPartOf\":{\"@id\":\"https:\\\/\\\/worldofflowerpots.com\\\/#website\"},\"primaryImageOfPage\":{\"@id\":\"https:\\\/\\\/worldofflowerpots.com\\\/sklep\\\/duza-donica-betonowa-angelo\\\/#primaryimage\"},\"image\":{\"@id\":\"https:\\\/\\\/worldofflowerpots.com\\\/sklep\\\/duza-donica-betonowa-angelo\\\/#primaryimage\"},\"thumbnailUrl\":\"https:\\\/\\\/worldofflowerpots.com\\\/wp-content\\\/uploads\\\/2019\\\/01\\\/du\u017ca-donica-betonowa-Angelo-czarny.jpg\",\"datePublished\":\"2019-01-18T14:06:23+00:00\",\"dateModified\":\"2019-04-16T10:06:06+00:00\",\"description\":\"Du\u017ca donica betonowa musi by\u0107 Funkcjonalna, odporna i elegancka. Z tak\u0105 \u0142atwa jest piel\u0119gnacja r\u00f3\u017cnych ro\u015blin: rabaty kwiatowe, trawa, krzewy ozdobne.\",\"breadcrumb\":{\"@id\":\"https:\\\/\\\/worldofflowerpots.com\\\/sklep\\\/duza-donica-betonowa-angelo\\\/#breadcrumb\"},\"inLanguage\":\"pl-PL\",\"potentialAction\":[{\"@type\":\"ReadAction\",\"target\":[\"https:\\\/\\\/worldofflowerpots.com\\\/sklep\\\/duza-donica-betonowa-angelo\\\/\"]}]},{\"@type\":\"ImageObject\",\"inLanguage\":\"pl-PL\",\"@id\":\"https:\\\/\\\/worldofflowerpots.com\\\/sklep\\\/duza-donica-betonowa-angelo\\\/#primaryimage\",\"url\":\"https:\\\/\\\/worldofflowerpots.com\\\/wp-content\\\/uploads\\\/2019\\\/01\\\/du\u017ca-donica-betonowa-Angelo-czarny.jpg\",\"contentUrl\":\"https:\\\/\\\/worldofflowerpots.com\\\/wp-content\\\/uploads\\\/2019\\\/01\\\/du\u017ca-donica-betonowa-Angelo-czarny.jpg\",\"width\":2280,\"height\":1612},{\"@type\":\"BreadcrumbList\",\"@id\":\"https:\\\/\\\/worldofflowerpots.com\\\/sklep\\\/duza-donica-betonowa-angelo\\\/#breadcrumb\",\"itemListElement\":[{\"@type\":\"ListItem\",\"position\":1,\"name\":\"Strona g\u0142\u00f3wna\",\"item\":\"https:\\\/\\\/worldofflowerpots.com\\\/\"},{\"@type\":\"ListItem\",\"position\":2,\"name\":\"Sklep\",\"item\":\"https:\\\/\\\/worldofflowerpots.com\\\/sklep\\\/\"},{\"@type\":\"ListItem\",\"position\":3,\"name\":\"Du\u017ce donice betonowe Angelo\"}]},{\"@type\":\"WebSite\",\"@id\":\"https:\\\/\\\/worldofflowerpots.com\\\/#website\",\"url\":\"https:\\\/\\\/worldofflowerpots.com\\\/\",\"name\":\"World of Flowerpots\",\"description\":\"producent donic ozdobnych\",\"potentialAction\":[{\"@type\":\"SearchAction\",\"target\":{\"@type\":\"EntryPoint\",\"urlTemplate\":\"https:\\\/\\\/worldofflowerpots.com\\\/?s={search_term_string}\"},\"query-input\":{\"@type\":\"PropertyValueSpecification\",\"valueRequired\":true,\"valueName\":\"search_term_string\"}}],\"inLanguage\":\"pl-PL\"}]}<\/script>\n<!-- \/ Yoast SEO plugin. -->","yoast_head_json":{"title":"Du\u017ca Donica Betonowa - Kwiaty, Krzewy Ozdobne, Trawy - ANGELO","description":"Du\u017ca donica betonowa musi by\u0107 Funkcjonalna, odporna i elegancka. Z tak\u0105 \u0142atwa jest piel\u0119gnacja r\u00f3\u017cnych ro\u015blin: rabaty kwiatowe, trawa, krzewy ozdobne.","robots":{"index":"index","follow":"follow","max-snippet":"max-snippet:-1","max-image-preview":"max-image-preview:large","max-video-preview":"max-video-preview:-1"},"canonical":"https:\/\/worldofflowerpots.com\/sklep\/duza-donica-betonowa-angelo\/","og_locale":"pl_PL","og_type":"article","og_title":"Du\u017ca Donica Betonowa - Kwiaty, Krzewy Ozdobne, Trawy - ANGELO","og_description":"Du\u017ca donica betonowa musi by\u0107 Funkcjonalna, odporna i elegancka. Z tak\u0105 \u0142atwa jest piel\u0119gnacja r\u00f3\u017cnych ro\u015blin: rabaty kwiatowe, trawa, krzewy ozdobne.","og_url":"https:\/\/worldofflowerpots.com\/sklep\/duza-donica-betonowa-angelo\/","og_site_name":"World of Flowerpots","article_modified_time":"2019-04-16T10:06:06+00:00","og_image":[{"width":2280,"height":1612,"url":"https:\/\/worldofflowerpots.com\/wp-content\/uploads\/2019\/01\/du\u017ca-donica-betonowa-Angelo-czarny.jpg","type":"image\/jpeg"}],"twitter_card":"summary_large_image","twitter_misc":{"Szacowany czas czytania":"2 minuty"},"schema":{"@context":"https:\/\/schema.org","@graph":[{"@type":"WebPage","@id":"https:\/\/worldofflowerpots.com\/sklep\/duza-donica-betonowa-angelo\/","url":"https:\/\/worldofflowerpots.com\/sklep\/duza-donica-betonowa-angelo\/","name":"Du\u017ca Donica Betonowa - Kwiaty, Krzewy Ozdobne, Trawy - ANGELO","isPartOf":{"@id":"https:\/\/worldofflowerpots.com\/#website"},"primaryImageOfPage":{"@id":"https:\/\/worldofflowerpots.com\/sklep\/duza-donica-betonowa-angelo\/#primaryimage"},"image":{"@id":"https:\/\/worldofflowerpots.com\/sklep\/duza-donica-betonowa-angelo\/#primaryimage"},"thumbnailUrl":"https:\/\/worldofflowerpots.com\/wp-content\/uploads\/2019\/01\/du\u017ca-donica-betonowa-Angelo-czarny.jpg","datePublished":"2019-01-18T14:06:23+00:00","dateModified":"2019-04-16T10:06:06+00:00","description":"Du\u017ca donica betonowa musi by\u0107 Funkcjonalna, odporna i elegancka. Z tak\u0105 \u0142atwa jest piel\u0119gnacja r\u00f3\u017cnych ro\u015blin: rabaty kwiatowe, trawa, krzewy ozdobne.","breadcrumb":{"@id":"https:\/\/worldofflowerpots.com\/sklep\/duza-donica-betonowa-angelo\/#breadcrumb"},"inLanguage":"pl-PL","potentialAction":[{"@type":"ReadAction","target":["https:\/\/worldofflowerpots.com\/sklep\/duza-donica-betonowa-angelo\/"]}]},{"@type":"ImageObject","inLanguage":"pl-PL","@id":"https:\/\/worldofflowerpots.com\/sklep\/duza-donica-betonowa-angelo\/#primaryimage","url":"https:\/\/worldofflowerpots.com\/wp-content\/uploads\/2019\/01\/du\u017ca-donica-betonowa-Angelo-czarny.jpg","contentUrl":"https:\/\/worldofflowerpots.com\/wp-content\/uploads\/2019\/01\/du\u017ca-donica-betonowa-Angelo-czarny.jpg","width":2280,"height":1612},{"@type":"BreadcrumbList","@id":"https:\/\/worldofflowerpots.com\/sklep\/duza-donica-betonowa-angelo\/#breadcrumb","itemListElement":[{"@type":"ListItem","position":1,"name":"Strona g\u0142\u00f3wna","item":"https:\/\/worldofflowerpots.com\/"},{"@type":"ListItem","position":2,"name":"Sklep","item":"https:\/\/worldofflowerpots.com\/sklep\/"},{"@type":"ListItem","position":3,"name":"Du\u017ce donice betonowe Angelo"}]},{"@type":"WebSite","@id":"https:\/\/worldofflowerpots.com\/#website","url":"https:\/\/worldofflowerpots.com\/","name":"World of Flowerpots","description":"producent donic ozdobnych","potentialAction":[{"@type":"SearchAction","target":{"@type":"EntryPoint","urlTemplate":"https:\/\/worldofflowerpots.com\/?s={search_term_string}"},"query-input":{"@type":"PropertyValueSpecification","valueRequired":true,"valueName":"search_term_string"}}],"inLanguage":"pl-PL"}]}},"_links":{"self":[{"href":"https:\/\/worldofflowerpots.com\/pl\/wp-json\/wp\/v2\/product\/50771","targetHints":{"allow":["GET"]}}],"collection":[{"href":"https:\/\/worldofflowerpots.com\/pl\/wp-json\/wp\/v2\/product"}],"about":[{"href":"https:\/\/worldofflowerpots.com\/pl\/wp-json\/wp\/v2\/types\/product"}],"wp:featuredmedia":[{"embeddable":true,"href":"https:\/\/worldofflowerpots.com\/pl\/wp-json\/wp\/v2\/media\/57936"}],"wp:attachment":[{"href":"https:\/\/worldofflowerpots.com\/pl\/wp-json\/wp\/v2\/media?parent=50771"}],"wp:term":[{"taxonomy":"product_brand","embeddable":true,"href":"https:\/\/worldofflowerpots.com\/pl\/wp-json\/wp\/v2\/product_brand?post=50771"},{"taxonomy":"product_cat","embeddable":true,"href":"https:\/\/worldofflowerpots.com\/pl\/wp-json\/wp\/v2\/product_cat?post=50771"},{"taxonomy":"product_tag","embeddable":true,"href":"https:\/\/worldofflowerpots.com\/pl\/wp-json\/wp\/v2\/product_tag?post=50771"}],"curies":[{"name":"wp","href":"https:\/\/api.w.org\/{rel}","templated":true}]}}