{"id":50772,"date":"2019-01-18T15:06:24","date_gmt":"2019-01-18T14:06:24","guid":{"rendered":"https:\/\/worldofflowerpots.com\/product\/import-placeholder-for-129\/"},"modified":"2019-04-16T11:39:11","modified_gmt":"2019-04-16T09:39:11","slug":"duze-donice-ogrodowe-betonowe-xxl-martina","status":"publish","type":"product","link":"https:\/\/worldofflowerpots.com\/pl\/sklep\/duze-donice-ogrodowe-betonowe-xxl-martina\/","title":{"rendered":"Du\u017ce Donice Ogrodowe Betonowe XXL Martina"},"content":{"rendered":"<h3><img loading=\"lazy\" decoding=\"async\" class=\"aligncenter wp-image-59007 size-full\" src=\"https:\/\/worldofflowerpots.com\/wp-content\/uploads\/2016\/12\/przygotowanie-donic-do-u\u017cytkowania-2.png\" alt=\"\" width=\"836\" height=\"598\" srcset=\"https:\/\/worldofflowerpots.com\/wp-content\/uploads\/2016\/12\/przygotowanie-donic-do-u\u017cytkowania-2.png 836w, https:\/\/worldofflowerpots.com\/wp-content\/uploads\/2016\/12\/przygotowanie-donic-do-u\u017cytkowania-2-300x215.png 300w, https:\/\/worldofflowerpots.com\/wp-content\/uploads\/2016\/12\/przygotowanie-donic-do-u\u017cytkowania-2-768x549.png 768w, https:\/\/worldofflowerpots.com\/wp-content\/uploads\/2016\/12\/przygotowanie-donic-do-u\u017cytkowania-2-600x429.png 600w\" sizes=\"auto, (max-width: 836px) 100vw, 836px\" \/><\/h3>\n<h3>Beton w twoim ogrodzie<\/h3>\n<p>Du\u017ce donice ogrodowe ciesz\u0105 si\u0119\u00a0uznaniem w\u0142a\u015bcicieli ogrod\u00f3w, przede wszystkim ze wzgl\u0119du na wysok\u0105 odporno\u015b\u0107 na nawet najbardziej ekstremaln\u0105 pogod\u0119. Donica betonowa Martina, model w wersji XXL, nie odbiega pod tym wzgl\u0119dem od innych wysokiej jako\u015bci produkt\u00f3w, stworzonych podobnie jak ona z ultra betonu. Jest to materia\u0142, kt\u00f3ry mo\u017cna nazwa\u0107 je\u015bli nie wiecznym, to przynajmniej zachowuj\u0105cym swoje w\u0142a\u015bciwo\u015bci i wygl\u0105d przez bardzo d\u0142ugi czas. Poza tym surowiec ten mo\u017ce da\u0107 obdarzonemu wyobra\u017ani\u0105 projektantowi wiele mo\u017cliwo\u015bci aran\u017cacyjnych.<\/p>\n<p>Gabaryty i waga donicy betonowej XXL Martina (180 kg i 300 l) pozwalaj\u0105 wykorzysta\u0107 j\u0105 do tworzenia aran\u017cacji wyznaczaj\u0105cych skrajne partie ogrodu. Dzi\u0119ki nim mo\u017cna j\u0105 ustawia\u0107 w otwartej przestrzeni, na obszarach komunalnych czy w miejskich parkach. Przy u\u017cyciu tej donicy wyra\u017cenie &#8222;ma\u0142a architektura&#8221; mo\u017ce nabra\u0107 zupe\u0142nie nowego znaczenia. Przy solidnych wymiarach i konkretnych w\u0142a\u015bciwo\u015bciach donica Martina wci\u0105\u017c sprawia wra\u017cenie lekkiej i nieprzyt\u0142\u0105czaj\u0105cej.<\/p>\n<p>Jak wszystkie donice betonowe XXL, Martina dzi\u0119ki swoim wymiarom i korytkowemu kszta\u0142towi daje mo\u017cliwo\u015b\u0107 nasadzenia roz\u0142o\u017cystych krzew\u00f3w lub kar\u0142owatych drzewek bez szkody dla ich p\u00f3\u017aniejszej piel\u0119gnacji. Kompaktowe rozmiary zapraszaj\u0105 do tworzenia r\u00f3\u017cnych konstrukcji, na przyk\u0142ad szpaler\u00f3w, murk\u00f3w oporowych czy kaskad. Ustawione w linii donice sprawdz\u0105 si\u0119 jako wyznacznik kierunku alejki, zw\u0142aszcza je\u015bli przebiega ona niedaleko ogrodzenia. Mo\u017cna te\u017c wyobrazi\u0107 sobie pojedyncz\u0105 donic\u0119 betonow\u0105 Martina jako osobny klomb kwiatowy. Przy nasadzeniu kombinacji odpowiednio dobranych ro\u015blin wysokich i roz\u0142o\u017cystych, ze wzgl\u0119du na zgrabny wygl\u0105d nie b\u0119dzie sprawia\u0142 wra\u017cenia ci\u0119\u017ckiej konstrukcji.<\/p>\n<p>Du\u017ce donice betonowe przy coraz bardziej \u015bwiadomej aran\u017cacji przestrzeni w polskich ogrodach otwieraj\u0105 \u015bwiat zupe\u0142nie nowych mo\u017cliwo\u015bci. W\u015br\u00f3d nich donica betonowa w wersji XXL Martina pe\u0142ni rol\u0119 produktu, od kt\u00f3rego mo\u017cna zacz\u0105\u0107 budowanie koncepcji i wyznaczanie g\u0142\u00f3wnych punkt\u00f3w aran\u017cacji wymarzonego ogrodu.<\/p>\n","protected":false},"excerpt":{"rendered":"<p>Donica Martina z betonu (ultra betonu). Wyst\u0119puje w trzech podstawowych kolorach : bia\u0142ym, szarym oraz czarnym. Donica produkowana jest w standardzie z otworami odp\u0142ywowymi. Waga donicy to :180 kg, a wymiary : d\u0142ugo\u015b\u0107:150cm, szeroko\u015b\u0107:50cm, wysoko\u015b\u0107:50cm.<\/p>\n","protected":false},"featured_media":57886,"template":"","meta":{"_acf_changed":false},"product_brand":[],"product_cat":[144],"product_tag":[445,444],"class_list":{"0":"post-50772","1":"product","2":"type-product","3":"status-publish","4":"has-post-thumbnail","6":"product_cat-donice-z-betonu","7":"product_tag-donice-betonowe","8":"product_tag-donice-ogrodowe","9":"description-off","10":"tm-has-options","12":"first","13":"instock","14":"shipping-taxable","15":"purchasable","16":"product-type-simple"},"acf":[],"yoast_head":"<!-- This site is optimized with the Yoast SEO plugin v27.5 - https:\/\/yoast.com\/product\/yoast-seo-wordpress\/ -->\n<title>Du\u017ce Donice Ogrodowe Betonowe XXL Martina Solidna, Drzewka, Krzewy<\/title>\n<meta name=\"description\" content=\"Donica betonowa Martina to model w wersji XXL. Solidna podstawa, 180 kg wagi oraz a\u017c 300 litr\u00f3w. Idealna pod drzewka kar\u0142owate oraz roz\u0142o\u017cyste krzewy.\" \/>\n<meta name=\"robots\" content=\"index, follow, max-snippet:-1, max-image-preview:large, max-video-preview:-1\" \/>\n<link rel=\"canonical\" href=\"https:\/\/worldofflowerpots.com\/sklep\/duze-donice-ogrodowe-betonowe-xxl-martina\/\" \/>\n<meta property=\"og:locale\" content=\"pl_PL\" \/>\n<meta property=\"og:type\" content=\"article\" \/>\n<meta property=\"og:title\" content=\"Du\u017ce Donice Ogrodowe Betonowe XXL Martina Solidna, Drzewka, Krzewy\" \/>\n<meta property=\"og:description\" content=\"Donica betonowa Martina to model w wersji XXL. Solidna podstawa, 180 kg wagi oraz a\u017c 300 litr\u00f3w. Idealna pod drzewka kar\u0142owate oraz roz\u0142o\u017cyste krzewy.\" \/>\n<meta property=\"og:url\" content=\"https:\/\/worldofflowerpots.com\/sklep\/duze-donice-ogrodowe-betonowe-xxl-martina\/\" \/>\n<meta property=\"og:site_name\" content=\"World of Flowerpots\" \/>\n<meta property=\"article:modified_time\" content=\"2019-04-16T09:39:11+00:00\" \/>\n<meta property=\"og:image\" content=\"https:\/\/worldofflowerpots.com\/wp-content\/uploads\/2019\/01\/du\u017ce-donice-ogrodowe-Martina-czarny.jpg\" \/>\n\t<meta property=\"og:image:width\" content=\"2280\" \/>\n\t<meta property=\"og:image:height\" content=\"1612\" \/>\n\t<meta property=\"og:image:type\" content=\"image\/jpeg\" \/>\n<meta name=\"twitter:card\" content=\"summary_large_image\" \/>\n<meta name=\"twitter:label1\" content=\"Szacowany czas czytania\" \/>\n\t<meta name=\"twitter:data1\" content=\"2 minuty\" \/>\n<script type=\"application\/ld+json\" class=\"yoast-schema-graph\">{\"@context\":\"https:\\\/\\\/schema.org\",\"@graph\":[{\"@type\":\"WebPage\",\"@id\":\"https:\\\/\\\/worldofflowerpots.com\\\/sklep\\\/duze-donice-ogrodowe-betonowe-xxl-martina\\\/\",\"url\":\"https:\\\/\\\/worldofflowerpots.com\\\/sklep\\\/duze-donice-ogrodowe-betonowe-xxl-martina\\\/\",\"name\":\"Du\u017ce Donice Ogrodowe Betonowe XXL Martina Solidna, Drzewka, Krzewy\",\"isPartOf\":{\"@id\":\"https:\\\/\\\/worldofflowerpots.com\\\/#website\"},\"primaryImageOfPage\":{\"@id\":\"https:\\\/\\\/worldofflowerpots.com\\\/sklep\\\/duze-donice-ogrodowe-betonowe-xxl-martina\\\/#primaryimage\"},\"image\":{\"@id\":\"https:\\\/\\\/worldofflowerpots.com\\\/sklep\\\/duze-donice-ogrodowe-betonowe-xxl-martina\\\/#primaryimage\"},\"thumbnailUrl\":\"https:\\\/\\\/worldofflowerpots.com\\\/wp-content\\\/uploads\\\/2019\\\/01\\\/du\u017ce-donice-ogrodowe-Martina-czarny.jpg\",\"datePublished\":\"2019-01-18T14:06:24+00:00\",\"dateModified\":\"2019-04-16T09:39:11+00:00\",\"description\":\"Donica betonowa Martina to model w wersji XXL. Solidna podstawa, 180 kg wagi oraz a\u017c 300 litr\u00f3w. Idealna pod drzewka kar\u0142owate oraz roz\u0142o\u017cyste krzewy.\",\"breadcrumb\":{\"@id\":\"https:\\\/\\\/worldofflowerpots.com\\\/sklep\\\/duze-donice-ogrodowe-betonowe-xxl-martina\\\/#breadcrumb\"},\"inLanguage\":\"pl-PL\",\"potentialAction\":[{\"@type\":\"ReadAction\",\"target\":[\"https:\\\/\\\/worldofflowerpots.com\\\/sklep\\\/duze-donice-ogrodowe-betonowe-xxl-martina\\\/\"]}]},{\"@type\":\"ImageObject\",\"inLanguage\":\"pl-PL\",\"@id\":\"https:\\\/\\\/worldofflowerpots.com\\\/sklep\\\/duze-donice-ogrodowe-betonowe-xxl-martina\\\/#primaryimage\",\"url\":\"https:\\\/\\\/worldofflowerpots.com\\\/wp-content\\\/uploads\\\/2019\\\/01\\\/du\u017ce-donice-ogrodowe-Martina-czarny.jpg\",\"contentUrl\":\"https:\\\/\\\/worldofflowerpots.com\\\/wp-content\\\/uploads\\\/2019\\\/01\\\/du\u017ce-donice-ogrodowe-Martina-czarny.jpg\",\"width\":2280,\"height\":1612},{\"@type\":\"BreadcrumbList\",\"@id\":\"https:\\\/\\\/worldofflowerpots.com\\\/sklep\\\/duze-donice-ogrodowe-betonowe-xxl-martina\\\/#breadcrumb\",\"itemListElement\":[{\"@type\":\"ListItem\",\"position\":1,\"name\":\"Strona g\u0142\u00f3wna\",\"item\":\"https:\\\/\\\/worldofflowerpots.com\\\/\"},{\"@type\":\"ListItem\",\"position\":2,\"name\":\"Sklep\",\"item\":\"https:\\\/\\\/worldofflowerpots.com\\\/sklep\\\/\"},{\"@type\":\"ListItem\",\"position\":3,\"name\":\"Du\u017ce Donice Ogrodowe Betonowe XXL Martina\"}]},{\"@type\":\"WebSite\",\"@id\":\"https:\\\/\\\/worldofflowerpots.com\\\/#website\",\"url\":\"https:\\\/\\\/worldofflowerpots.com\\\/\",\"name\":\"World of Flowerpots\",\"description\":\"producent donic ozdobnych\",\"potentialAction\":[{\"@type\":\"SearchAction\",\"target\":{\"@type\":\"EntryPoint\",\"urlTemplate\":\"https:\\\/\\\/worldofflowerpots.com\\\/?s={search_term_string}\"},\"query-input\":{\"@type\":\"PropertyValueSpecification\",\"valueRequired\":true,\"valueName\":\"search_term_string\"}}],\"inLanguage\":\"pl-PL\"}]}<\/script>\n<!-- \/ Yoast SEO plugin. -->","yoast_head_json":{"title":"Du\u017ce Donice Ogrodowe Betonowe XXL Martina Solidna, Drzewka, Krzewy","description":"Donica betonowa Martina to model w wersji XXL. Solidna podstawa, 180 kg wagi oraz a\u017c 300 litr\u00f3w. Idealna pod drzewka kar\u0142owate oraz roz\u0142o\u017cyste krzewy.","robots":{"index":"index","follow":"follow","max-snippet":"max-snippet:-1","max-image-preview":"max-image-preview:large","max-video-preview":"max-video-preview:-1"},"canonical":"https:\/\/worldofflowerpots.com\/sklep\/duze-donice-ogrodowe-betonowe-xxl-martina\/","og_locale":"pl_PL","og_type":"article","og_title":"Du\u017ce Donice Ogrodowe Betonowe XXL Martina Solidna, Drzewka, Krzewy","og_description":"Donica betonowa Martina to model w wersji XXL. Solidna podstawa, 180 kg wagi oraz a\u017c 300 litr\u00f3w. Idealna pod drzewka kar\u0142owate oraz roz\u0142o\u017cyste krzewy.","og_url":"https:\/\/worldofflowerpots.com\/sklep\/duze-donice-ogrodowe-betonowe-xxl-martina\/","og_site_name":"World of Flowerpots","article_modified_time":"2019-04-16T09:39:11+00:00","og_image":[{"width":2280,"height":1612,"url":"https:\/\/worldofflowerpots.com\/wp-content\/uploads\/2019\/01\/du\u017ce-donice-ogrodowe-Martina-czarny.jpg","type":"image\/jpeg"}],"twitter_card":"summary_large_image","twitter_misc":{"Szacowany czas czytania":"2 minuty"},"schema":{"@context":"https:\/\/schema.org","@graph":[{"@type":"WebPage","@id":"https:\/\/worldofflowerpots.com\/sklep\/duze-donice-ogrodowe-betonowe-xxl-martina\/","url":"https:\/\/worldofflowerpots.com\/sklep\/duze-donice-ogrodowe-betonowe-xxl-martina\/","name":"Du\u017ce Donice Ogrodowe Betonowe XXL Martina Solidna, Drzewka, Krzewy","isPartOf":{"@id":"https:\/\/worldofflowerpots.com\/#website"},"primaryImageOfPage":{"@id":"https:\/\/worldofflowerpots.com\/sklep\/duze-donice-ogrodowe-betonowe-xxl-martina\/#primaryimage"},"image":{"@id":"https:\/\/worldofflowerpots.com\/sklep\/duze-donice-ogrodowe-betonowe-xxl-martina\/#primaryimage"},"thumbnailUrl":"https:\/\/worldofflowerpots.com\/wp-content\/uploads\/2019\/01\/du\u017ce-donice-ogrodowe-Martina-czarny.jpg","datePublished":"2019-01-18T14:06:24+00:00","dateModified":"2019-04-16T09:39:11+00:00","description":"Donica betonowa Martina to model w wersji XXL. Solidna podstawa, 180 kg wagi oraz a\u017c 300 litr\u00f3w. Idealna pod drzewka kar\u0142owate oraz roz\u0142o\u017cyste krzewy.","breadcrumb":{"@id":"https:\/\/worldofflowerpots.com\/sklep\/duze-donice-ogrodowe-betonowe-xxl-martina\/#breadcrumb"},"inLanguage":"pl-PL","potentialAction":[{"@type":"ReadAction","target":["https:\/\/worldofflowerpots.com\/sklep\/duze-donice-ogrodowe-betonowe-xxl-martina\/"]}]},{"@type":"ImageObject","inLanguage":"pl-PL","@id":"https:\/\/worldofflowerpots.com\/sklep\/duze-donice-ogrodowe-betonowe-xxl-martina\/#primaryimage","url":"https:\/\/worldofflowerpots.com\/wp-content\/uploads\/2019\/01\/du\u017ce-donice-ogrodowe-Martina-czarny.jpg","contentUrl":"https:\/\/worldofflowerpots.com\/wp-content\/uploads\/2019\/01\/du\u017ce-donice-ogrodowe-Martina-czarny.jpg","width":2280,"height":1612},{"@type":"BreadcrumbList","@id":"https:\/\/worldofflowerpots.com\/sklep\/duze-donice-ogrodowe-betonowe-xxl-martina\/#breadcrumb","itemListElement":[{"@type":"ListItem","position":1,"name":"Strona g\u0142\u00f3wna","item":"https:\/\/worldofflowerpots.com\/"},{"@type":"ListItem","position":2,"name":"Sklep","item":"https:\/\/worldofflowerpots.com\/sklep\/"},{"@type":"ListItem","position":3,"name":"Du\u017ce Donice Ogrodowe Betonowe XXL Martina"}]},{"@type":"WebSite","@id":"https:\/\/worldofflowerpots.com\/#website","url":"https:\/\/worldofflowerpots.com\/","name":"World of Flowerpots","description":"producent donic ozdobnych","potentialAction":[{"@type":"SearchAction","target":{"@type":"EntryPoint","urlTemplate":"https:\/\/worldofflowerpots.com\/?s={search_term_string}"},"query-input":{"@type":"PropertyValueSpecification","valueRequired":true,"valueName":"search_term_string"}}],"inLanguage":"pl-PL"}]}},"_links":{"self":[{"href":"https:\/\/worldofflowerpots.com\/pl\/wp-json\/wp\/v2\/product\/50772","targetHints":{"allow":["GET"]}}],"collection":[{"href":"https:\/\/worldofflowerpots.com\/pl\/wp-json\/wp\/v2\/product"}],"about":[{"href":"https:\/\/worldofflowerpots.com\/pl\/wp-json\/wp\/v2\/types\/product"}],"wp:featuredmedia":[{"embeddable":true,"href":"https:\/\/worldofflowerpots.com\/pl\/wp-json\/wp\/v2\/media\/57886"}],"wp:attachment":[{"href":"https:\/\/worldofflowerpots.com\/pl\/wp-json\/wp\/v2\/media?parent=50772"}],"wp:term":[{"taxonomy":"product_brand","embeddable":true,"href":"https:\/\/worldofflowerpots.com\/pl\/wp-json\/wp\/v2\/product_brand?post=50772"},{"taxonomy":"product_cat","embeddable":true,"href":"https:\/\/worldofflowerpots.com\/pl\/wp-json\/wp\/v2\/product_cat?post=50772"},{"taxonomy":"product_tag","embeddable":true,"href":"https:\/\/worldofflowerpots.com\/pl\/wp-json\/wp\/v2\/product_tag?post=50772"}],"curies":[{"name":"wp","href":"https:\/\/api.w.org\/{rel}","templated":true}]}}