{"id":50773,"date":"2019-01-18T15:06:24","date_gmt":"2019-01-18T14:06:24","guid":{"rendered":"https:\/\/worldofflowerpots.com\/product\/import-placeholder-for-130\/"},"modified":"2019-04-16T11:40:24","modified_gmt":"2019-04-16T09:40:24","slug":"duze-donice-betonowe-ogrodowe-massimo","status":"publish","type":"product","link":"https:\/\/worldofflowerpots.com\/pl\/sklep\/duze-donice-betonowe-ogrodowe-massimo\/","title":{"rendered":"Du\u017ce donice betonowe ogrodowe Massimo"},"content":{"rendered":"<p><img loading=\"lazy\" decoding=\"async\" class=\"aligncenter wp-image-59007 size-full\" src=\"https:\/\/worldofflowerpots.com\/wp-content\/uploads\/2016\/12\/przygotowanie-donic-do-u\u017cytkowania-2.png\" alt=\"\" width=\"836\" height=\"598\" srcset=\"https:\/\/worldofflowerpots.com\/wp-content\/uploads\/2016\/12\/przygotowanie-donic-do-u\u017cytkowania-2.png 836w, https:\/\/worldofflowerpots.com\/wp-content\/uploads\/2016\/12\/przygotowanie-donic-do-u\u017cytkowania-2-300x215.png 300w, https:\/\/worldofflowerpots.com\/wp-content\/uploads\/2016\/12\/przygotowanie-donic-do-u\u017cytkowania-2-768x549.png 768w, https:\/\/worldofflowerpots.com\/wp-content\/uploads\/2016\/12\/przygotowanie-donic-do-u\u017cytkowania-2-600x429.png 600w\" sizes=\"auto, (max-width: 836px) 100vw, 836px\" \/><\/p>\n<p>Ogr\u00f3d albo nawet ogr\u00f3dek to marzenie wielu ludzi, kt\u00f3rzy w\u0142a\u015bnie tam upatruj\u0105 najlepszego miejsca do relaksu po ca\u0142ym tygodniu pracy. Nic dziwnego, odpowiednio zaaran\u017cowany ogr\u00f3d, nie tylko cieszy oko i sprawia rado\u015b\u0107. Pozwala wypocz\u0105\u0107 i mo\u017ce by\u0107 idealnym miejscem spotka\u0144\u00a0 z rodzin\u0105 b\u0105d\u017a przyjaci\u00f3\u0142mi. Du\u017ce donice betonowe ogrodowe s\u0105 niezwykle pomocne w tworzeniu w\u0142asnej oazy spokoju.<\/p>\n<p>Istnieje wiele szk\u00f3\u0142 aran\u017cacji ogrod\u00f3w, wszystko tak naprawd\u0119 zale\u017cy od nas, naszych zainteresowa\u0144 i preferencji. Mo\u017cemy postawi\u0107 na naturaln\u0105 ziele\u0144, zdominowan\u0105 przez krzaki, krzewy i drzewa. Mo\u017cna zasadzi\u0107 w ogrodzie drzewka i krzewy owocowe, dzi\u0119ki czemu latem mamy nieustany dost\u0119p do zdrowych owoc\u00f3w. Mo\u017cna oczywi\u015bcie wybra\u0107 opcj\u0119 bardziej kolorow\u0105, pe\u0142n\u0105 kwiat\u00f3w i kwitn\u0105cych ro\u015blin, kt\u00f3re dodatkowo przyci\u0105gn\u0105 np. motyle.<\/p>\n<p>Ka\u017cda z tych opcji jest ciekawym rozwi\u0105zaniem, i ka\u017cda z nich wymaga od nas przynajmniej minimalnego wk\u0142adu. Na przyk\u0142ad kwiaty musz\u0105 zosta\u0107 odpowiednio zasadzone. Idealnie do tego nadadz\u0105 si\u0119 nasze du\u017ce donice betonowe ogrodowe, kt\u00f3re s\u0105 dost\u0119pne w naszym sklepie. Klasyczna i funkcjonalna donica Massimo stworzona z ultra betonu to dobry wyb\u00f3r dla os\u00f3b ceni\u0105cych sobie dobre jako\u015bciowo wyroby. Jest to tak\u017ce po\u0142\u0105czenie elegancji, dyskretnej estetyki i u\u017cyteczno\u015bci. Donice Massimo wpasuj\u0105 si\u0119 w ka\u017cdy ogr\u00f3d, nadaj\u0105c mu dodatkowego szyku. Oczywi\u015bcie donice du\u017ce nowoczesne, s\u0105 produkowane z wielu materia\u0142\u00f3w, ale beton posiada liczne zalety, cho\u0107by wymieni\u0107 tylko kilka z nich:<\/p>\n<p>&#8211; donice z betonu to gwarancja zakupu na d\u0142ugi czas. Beton jest odporny na czynniki atmosferyczne, takie jak deszcz, grad, wiatr. Jest tak\u017ce mrozo i ciep\u0142oodporny, wi\u0119c donice betonowe dobrze sprawdzaj\u0105 si\u0119 w polskich warunkach, gdzie mamy cztery, mocno zr\u00f3\u017cnicowane pory roku.<\/p>\n<p>&#8211; beton charakteryzuje si\u0119 spor\u0105 wytrzyma\u0142o\u015bci\u0105 na czynniki zewn\u0119trzne i uszkodzenia mechaniczne.<\/p>\n<p>&#8211; prezentowany model idealnie sprawdzi si\u0119 w ma\u0142ych przydomowych lub dzia\u0142kowych ogr\u00f3dkach, a tak\u017ce wielohektarowych ogrodach.<\/p>\n","protected":false},"excerpt":{"rendered":"<p>Donica Massimo z betonu (ultra betonu). Wyst\u0119puje w trzech podstawowych kolorach : bia\u0142ym, szarym oraz czarnym. Donica produkowana jest w standardzie z otworami odp\u0142ywowymi. Waga donicy to :220 kg, a wymiary : d\u0142ugo\u015b\u0107:200cm, szeroko\u015b\u0107:50cm, wysoko\u015b\u0107:50cm.<\/p>\n","protected":false},"featured_media":57896,"template":"","meta":{"_acf_changed":false},"product_brand":[],"product_cat":[144],"product_tag":[445,444],"class_list":{"0":"post-50773","1":"product","2":"type-product","3":"status-publish","4":"has-post-thumbnail","6":"product_cat-donice-z-betonu","7":"product_tag-donice-betonowe","8":"product_tag-donice-ogrodowe","9":"description-off","10":"tm-has-options","12":"first","13":"instock","14":"shipping-taxable","15":"purchasable","16":"product-type-simple"},"acf":[],"yoast_head":"<!-- This site is optimized with the Yoast SEO plugin v27.5 - https:\/\/yoast.com\/product\/yoast-seo-wordpress\/ -->\n<title>Du\u017ce Donice Betonowe Ogrodowe, Nowoczesne Massimo<\/title>\n<meta name=\"description\" content=\"Donice betonowe wykonane z polimerobetonu . Do aran\u017cacji park\u00f3w, skwer\u00f3w, czy dziedzi\u0144c\u00f3w oraz przede wszystkim piel\u0119gnacj\u0119 ro\u015blin. Klasyczna.\" \/>\n<meta name=\"robots\" content=\"index, follow, max-snippet:-1, max-image-preview:large, max-video-preview:-1\" \/>\n<link rel=\"canonical\" href=\"https:\/\/worldofflowerpots.com\/sklep\/duze-donice-betonowe-ogrodowe-massimo\/\" \/>\n<meta property=\"og:locale\" content=\"pl_PL\" \/>\n<meta property=\"og:type\" content=\"article\" \/>\n<meta property=\"og:title\" content=\"Du\u017ce Donice Betonowe Ogrodowe, Nowoczesne Massimo\" \/>\n<meta property=\"og:description\" content=\"Donice betonowe wykonane z polimerobetonu . Do aran\u017cacji park\u00f3w, skwer\u00f3w, czy dziedzi\u0144c\u00f3w oraz przede wszystkim piel\u0119gnacj\u0119 ro\u015blin. Klasyczna.\" \/>\n<meta property=\"og:url\" content=\"https:\/\/worldofflowerpots.com\/sklep\/duze-donice-betonowe-ogrodowe-massimo\/\" \/>\n<meta property=\"og:site_name\" content=\"World of Flowerpots\" \/>\n<meta property=\"article:modified_time\" content=\"2019-04-16T09:40:24+00:00\" \/>\n<meta property=\"og:image\" content=\"https:\/\/worldofflowerpots.com\/wp-content\/uploads\/2019\/01\/du\u017ce-donice-betonowe-ogrodowe-Massimo-czarny-1.jpg\" \/>\n\t<meta property=\"og:image:width\" content=\"2280\" \/>\n\t<meta property=\"og:image:height\" content=\"1612\" \/>\n\t<meta property=\"og:image:type\" content=\"image\/jpeg\" \/>\n<meta name=\"twitter:card\" content=\"summary_large_image\" \/>\n<meta name=\"twitter:label1\" content=\"Szacowany czas czytania\" \/>\n\t<meta name=\"twitter:data1\" content=\"2 minuty\" \/>\n<script type=\"application\/ld+json\" class=\"yoast-schema-graph\">{\"@context\":\"https:\\\/\\\/schema.org\",\"@graph\":[{\"@type\":\"WebPage\",\"@id\":\"https:\\\/\\\/worldofflowerpots.com\\\/sklep\\\/duze-donice-betonowe-ogrodowe-massimo\\\/\",\"url\":\"https:\\\/\\\/worldofflowerpots.com\\\/sklep\\\/duze-donice-betonowe-ogrodowe-massimo\\\/\",\"name\":\"Du\u017ce Donice Betonowe Ogrodowe, Nowoczesne Massimo\",\"isPartOf\":{\"@id\":\"https:\\\/\\\/worldofflowerpots.com\\\/#website\"},\"primaryImageOfPage\":{\"@id\":\"https:\\\/\\\/worldofflowerpots.com\\\/sklep\\\/duze-donice-betonowe-ogrodowe-massimo\\\/#primaryimage\"},\"image\":{\"@id\":\"https:\\\/\\\/worldofflowerpots.com\\\/sklep\\\/duze-donice-betonowe-ogrodowe-massimo\\\/#primaryimage\"},\"thumbnailUrl\":\"https:\\\/\\\/worldofflowerpots.com\\\/wp-content\\\/uploads\\\/2019\\\/01\\\/du\u017ce-donice-betonowe-ogrodowe-Massimo-czarny-1.jpg\",\"datePublished\":\"2019-01-18T14:06:24+00:00\",\"dateModified\":\"2019-04-16T09:40:24+00:00\",\"description\":\"Donice betonowe wykonane z polimerobetonu . Do aran\u017cacji park\u00f3w, skwer\u00f3w, czy dziedzi\u0144c\u00f3w oraz przede wszystkim piel\u0119gnacj\u0119 ro\u015blin. Klasyczna.\",\"breadcrumb\":{\"@id\":\"https:\\\/\\\/worldofflowerpots.com\\\/sklep\\\/duze-donice-betonowe-ogrodowe-massimo\\\/#breadcrumb\"},\"inLanguage\":\"pl-PL\",\"potentialAction\":[{\"@type\":\"ReadAction\",\"target\":[\"https:\\\/\\\/worldofflowerpots.com\\\/sklep\\\/duze-donice-betonowe-ogrodowe-massimo\\\/\"]}]},{\"@type\":\"ImageObject\",\"inLanguage\":\"pl-PL\",\"@id\":\"https:\\\/\\\/worldofflowerpots.com\\\/sklep\\\/duze-donice-betonowe-ogrodowe-massimo\\\/#primaryimage\",\"url\":\"https:\\\/\\\/worldofflowerpots.com\\\/wp-content\\\/uploads\\\/2019\\\/01\\\/du\u017ce-donice-betonowe-ogrodowe-Massimo-czarny-1.jpg\",\"contentUrl\":\"https:\\\/\\\/worldofflowerpots.com\\\/wp-content\\\/uploads\\\/2019\\\/01\\\/du\u017ce-donice-betonowe-ogrodowe-Massimo-czarny-1.jpg\",\"width\":2280,\"height\":1612},{\"@type\":\"BreadcrumbList\",\"@id\":\"https:\\\/\\\/worldofflowerpots.com\\\/sklep\\\/duze-donice-betonowe-ogrodowe-massimo\\\/#breadcrumb\",\"itemListElement\":[{\"@type\":\"ListItem\",\"position\":1,\"name\":\"Strona g\u0142\u00f3wna\",\"item\":\"https:\\\/\\\/worldofflowerpots.com\\\/\"},{\"@type\":\"ListItem\",\"position\":2,\"name\":\"Sklep\",\"item\":\"https:\\\/\\\/worldofflowerpots.com\\\/sklep\\\/\"},{\"@type\":\"ListItem\",\"position\":3,\"name\":\"Du\u017ce donice betonowe ogrodowe Massimo\"}]},{\"@type\":\"WebSite\",\"@id\":\"https:\\\/\\\/worldofflowerpots.com\\\/#website\",\"url\":\"https:\\\/\\\/worldofflowerpots.com\\\/\",\"name\":\"World of Flowerpots\",\"description\":\"producent donic ozdobnych\",\"potentialAction\":[{\"@type\":\"SearchAction\",\"target\":{\"@type\":\"EntryPoint\",\"urlTemplate\":\"https:\\\/\\\/worldofflowerpots.com\\\/?s={search_term_string}\"},\"query-input\":{\"@type\":\"PropertyValueSpecification\",\"valueRequired\":true,\"valueName\":\"search_term_string\"}}],\"inLanguage\":\"pl-PL\"}]}<\/script>\n<!-- \/ Yoast SEO plugin. -->","yoast_head_json":{"title":"Du\u017ce Donice Betonowe Ogrodowe, Nowoczesne Massimo","description":"Donice betonowe wykonane z polimerobetonu . Do aran\u017cacji park\u00f3w, skwer\u00f3w, czy dziedzi\u0144c\u00f3w oraz przede wszystkim piel\u0119gnacj\u0119 ro\u015blin. Klasyczna.","robots":{"index":"index","follow":"follow","max-snippet":"max-snippet:-1","max-image-preview":"max-image-preview:large","max-video-preview":"max-video-preview:-1"},"canonical":"https:\/\/worldofflowerpots.com\/sklep\/duze-donice-betonowe-ogrodowe-massimo\/","og_locale":"pl_PL","og_type":"article","og_title":"Du\u017ce Donice Betonowe Ogrodowe, Nowoczesne Massimo","og_description":"Donice betonowe wykonane z polimerobetonu . Do aran\u017cacji park\u00f3w, skwer\u00f3w, czy dziedzi\u0144c\u00f3w oraz przede wszystkim piel\u0119gnacj\u0119 ro\u015blin. Klasyczna.","og_url":"https:\/\/worldofflowerpots.com\/sklep\/duze-donice-betonowe-ogrodowe-massimo\/","og_site_name":"World of Flowerpots","article_modified_time":"2019-04-16T09:40:24+00:00","og_image":[{"width":2280,"height":1612,"url":"https:\/\/worldofflowerpots.com\/wp-content\/uploads\/2019\/01\/du\u017ce-donice-betonowe-ogrodowe-Massimo-czarny-1.jpg","type":"image\/jpeg"}],"twitter_card":"summary_large_image","twitter_misc":{"Szacowany czas czytania":"2 minuty"},"schema":{"@context":"https:\/\/schema.org","@graph":[{"@type":"WebPage","@id":"https:\/\/worldofflowerpots.com\/sklep\/duze-donice-betonowe-ogrodowe-massimo\/","url":"https:\/\/worldofflowerpots.com\/sklep\/duze-donice-betonowe-ogrodowe-massimo\/","name":"Du\u017ce Donice Betonowe Ogrodowe, Nowoczesne Massimo","isPartOf":{"@id":"https:\/\/worldofflowerpots.com\/#website"},"primaryImageOfPage":{"@id":"https:\/\/worldofflowerpots.com\/sklep\/duze-donice-betonowe-ogrodowe-massimo\/#primaryimage"},"image":{"@id":"https:\/\/worldofflowerpots.com\/sklep\/duze-donice-betonowe-ogrodowe-massimo\/#primaryimage"},"thumbnailUrl":"https:\/\/worldofflowerpots.com\/wp-content\/uploads\/2019\/01\/du\u017ce-donice-betonowe-ogrodowe-Massimo-czarny-1.jpg","datePublished":"2019-01-18T14:06:24+00:00","dateModified":"2019-04-16T09:40:24+00:00","description":"Donice betonowe wykonane z polimerobetonu . Do aran\u017cacji park\u00f3w, skwer\u00f3w, czy dziedzi\u0144c\u00f3w oraz przede wszystkim piel\u0119gnacj\u0119 ro\u015blin. Klasyczna.","breadcrumb":{"@id":"https:\/\/worldofflowerpots.com\/sklep\/duze-donice-betonowe-ogrodowe-massimo\/#breadcrumb"},"inLanguage":"pl-PL","potentialAction":[{"@type":"ReadAction","target":["https:\/\/worldofflowerpots.com\/sklep\/duze-donice-betonowe-ogrodowe-massimo\/"]}]},{"@type":"ImageObject","inLanguage":"pl-PL","@id":"https:\/\/worldofflowerpots.com\/sklep\/duze-donice-betonowe-ogrodowe-massimo\/#primaryimage","url":"https:\/\/worldofflowerpots.com\/wp-content\/uploads\/2019\/01\/du\u017ce-donice-betonowe-ogrodowe-Massimo-czarny-1.jpg","contentUrl":"https:\/\/worldofflowerpots.com\/wp-content\/uploads\/2019\/01\/du\u017ce-donice-betonowe-ogrodowe-Massimo-czarny-1.jpg","width":2280,"height":1612},{"@type":"BreadcrumbList","@id":"https:\/\/worldofflowerpots.com\/sklep\/duze-donice-betonowe-ogrodowe-massimo\/#breadcrumb","itemListElement":[{"@type":"ListItem","position":1,"name":"Strona g\u0142\u00f3wna","item":"https:\/\/worldofflowerpots.com\/"},{"@type":"ListItem","position":2,"name":"Sklep","item":"https:\/\/worldofflowerpots.com\/sklep\/"},{"@type":"ListItem","position":3,"name":"Du\u017ce donice betonowe ogrodowe Massimo"}]},{"@type":"WebSite","@id":"https:\/\/worldofflowerpots.com\/#website","url":"https:\/\/worldofflowerpots.com\/","name":"World of Flowerpots","description":"producent donic ozdobnych","potentialAction":[{"@type":"SearchAction","target":{"@type":"EntryPoint","urlTemplate":"https:\/\/worldofflowerpots.com\/?s={search_term_string}"},"query-input":{"@type":"PropertyValueSpecification","valueRequired":true,"valueName":"search_term_string"}}],"inLanguage":"pl-PL"}]}},"_links":{"self":[{"href":"https:\/\/worldofflowerpots.com\/pl\/wp-json\/wp\/v2\/product\/50773","targetHints":{"allow":["GET"]}}],"collection":[{"href":"https:\/\/worldofflowerpots.com\/pl\/wp-json\/wp\/v2\/product"}],"about":[{"href":"https:\/\/worldofflowerpots.com\/pl\/wp-json\/wp\/v2\/types\/product"}],"wp:featuredmedia":[{"embeddable":true,"href":"https:\/\/worldofflowerpots.com\/pl\/wp-json\/wp\/v2\/media\/57896"}],"wp:attachment":[{"href":"https:\/\/worldofflowerpots.com\/pl\/wp-json\/wp\/v2\/media?parent=50773"}],"wp:term":[{"taxonomy":"product_brand","embeddable":true,"href":"https:\/\/worldofflowerpots.com\/pl\/wp-json\/wp\/v2\/product_brand?post=50773"},{"taxonomy":"product_cat","embeddable":true,"href":"https:\/\/worldofflowerpots.com\/pl\/wp-json\/wp\/v2\/product_cat?post=50773"},{"taxonomy":"product_tag","embeddable":true,"href":"https:\/\/worldofflowerpots.com\/pl\/wp-json\/wp\/v2\/product_tag?post=50773"}],"curies":[{"name":"wp","href":"https:\/\/api.w.org\/{rel}","templated":true}]}}