{"id":50774,"date":"2019-01-18T15:06:24","date_gmt":"2019-01-18T14:06:24","guid":{"rendered":"https:\/\/worldofflowerpots.com\/product\/import-placeholder-for-131\/"},"modified":"2019-04-16T11:41:25","modified_gmt":"2019-04-16T09:41:25","slug":"duze-donice-ogrodowe-z-betonu-architektonicznego-o-roznej-dlugosci-seria-leocadia","status":"publish","type":"product","link":"https:\/\/worldofflowerpots.com\/pl\/sklep\/duze-donice-ogrodowe-z-betonu-architektonicznego-o-roznej-dlugosci-seria-leocadia\/","title":{"rendered":"Du\u017ce donice ogrodowe z betonu architektonicznego o r\u00f3\u017cnej d\u0142ugo\u015bci seria Leocadia"},"content":{"rendered":"<p><img loading=\"lazy\" decoding=\"async\" class=\"aligncenter wp-image-59007 size-full\" src=\"https:\/\/worldofflowerpots.com\/wp-content\/uploads\/2016\/12\/przygotowanie-donic-do-u\u017cytkowania-2.png\" alt=\"\" width=\"836\" height=\"598\" srcset=\"https:\/\/worldofflowerpots.com\/wp-content\/uploads\/2016\/12\/przygotowanie-donic-do-u\u017cytkowania-2.png 836w, https:\/\/worldofflowerpots.com\/wp-content\/uploads\/2016\/12\/przygotowanie-donic-do-u\u017cytkowania-2-300x215.png 300w, https:\/\/worldofflowerpots.com\/wp-content\/uploads\/2016\/12\/przygotowanie-donic-do-u\u017cytkowania-2-768x549.png 768w, https:\/\/worldofflowerpots.com\/wp-content\/uploads\/2016\/12\/przygotowanie-donic-do-u\u017cytkowania-2-600x429.png 600w\" sizes=\"auto, (max-width: 836px) 100vw, 836px\" \/><\/p>\n<p>Jaka donica b\u0119dzie idealna do Twojego ogrodu? Z pewno\u015bci\u0105 powinna by\u0107 wytrzyma\u0142a, trwa\u0142a, du\u017ca i jak najbardziej u\u017cyteczna. Takie w\u0142a\u015bnie s\u0105 du\u017ce donice ogrodowe betonowe, a jedn\u0105 z nich jest donica z serii Leocadia.<\/p>\n<h2>CECHY CHARAKTERYSTYCZNE DONICY LEOCADIA<\/h2>\n<p>Prostok\u0105tna donica z betonu architektonicznego Leocadia charakteryzuje si\u0119 przede wszystkim ponadczasow\u0105 stylistyk\u0105 oraz uniwersalnym kszta\u0142tem. Dzi\u0119ki temu fantastycznie si\u0119 prezentuje i umo\u017cliwia kreatywn\u0105 aran\u017cacj\u0119 przestrzeni, poniewa\u017c dopasuje si\u0119 do r\u00f3\u017cnego rodzaju ogrod\u00f3w. Przy czym istnieje mo\u017cliwo\u015b\u0107 zam\u00f3wienia donicy w jednej z pi\u0119ciu d\u0142ugo\u015bci, co u\u0142atwia hodowl\u0119 ro\u015blin oraz pozwala ciekawie zagospodarowa\u0107 nawet bardzo du\u017ce powierzchnie zewn\u0119trzne. Ponadto klasyczny design i wysoka jako\u015b\u0107 wykonania sprawia, \u017ce donica doskonale wygl\u0105da przy wej\u015bciu do budynku firmy. \u015awietnie wygl\u0105da tak\u017ce w domowych ogrodach, czy te\u017c dziedzi\u0144cach, nale\u017c\u0105cych do instytucji publicznych.<\/p>\n<h2>DONICE Z BETONU ARCHITEKTONICZNEGO I ICH ZALETY<\/h2>\n<p>Zastosowanie ultra betonu do produkcji tego rodzaju akcesori\u00f3w ogrodniczych nadaje donicom\u00a0wysok\u0105 odporno\u015b\u0107 na czynniki atmosferyczne, oraz mrozoodporno\u015b\u0107 i stabilno\u015b\u0107. Nie bez znaczenia s\u0105 tak\u017ce wytrzyma\u0142o\u015b\u0107 na wszelkiego rodzaju uszkodzenia mechaniczne i trwa\u0142o\u015b\u0107 i estetyczno\u015b\u0107 wykonania. Te cechy donic zapewniaj\u0105 \u0142atwo\u015b\u0107 wkomponowania w r\u00f3\u017cnego rodzaju aran\u017cacje ogrodowe \u2013 donice staj\u0105 si\u0119 nijako uniwersalne w zastosowaniu. Co za tym idzie, wstawienie takiej donicy do naszego ogrodu mo\u017ce by\u0107 nie tylko \u0142adnym i ciekawym dodatkiem w jego wystroju. Mo\u017ce stanowi\u0107 bardzo funkcjonalny i u\u017cyteczny element wyposa\u017cenia.<\/p>\n<h2>MODNE ARAN\u017bACJE OGRODOWE Z DONIC\u0104 BETONOW\u0104<\/h2>\n<p>Tego rodzaju donice szczeg\u00f3lnie sprawdz\u0105 si\u0119 w nowoczesnej przestrzeni, w kt\u00f3rej najistotniejsz\u0105 kwesti\u0105 jest zachowanie minimalizmu kompozycyjnego. Ogr\u00f3d jest uzupe\u0142nieniem domu wi\u0119c pe\u0142ni rol\u0119 elementu architektonicznej kompozycji, podkre\u015blaj\u0105c tym samym tylko jego wszelkie estetyczne walory. Osi\u0105gni\u0119cie tego rodzaju rezultatu jest mo\u017cliwe przede wszystkim dzi\u0119ki zastosowaniu materia\u0142\u00f3w, kt\u00f3re istotnie nawi\u0105zuj\u0105 do wygl\u0105du ca\u0142ego budynku.<\/p>\n","protected":false},"excerpt":{"rendered":"<p>Donica Leocadia betonowa. Wyst\u0119puje w trzech podstawowych kolorach: bia\u0142ym, szarym oraz czarnym. Donica produkowana jest w standardzie z otworami odp\u0142ywowymi.<\/p>\n<p style=\"margin: 0cm; margin-bottom: .0001pt;\">Dost\u0119pne warianty donicy:<\/p>\n<p style=\"margin: 0cm; margin-bottom: .0001pt;\">Leocadia 1000 o wymiarach 1000x400xh:400, waga 103 kg, pojemno\u015b\u0107 123 l<\/p>\n<p style=\"margin: 0cm; margin-bottom: .0001pt;\">Leocadia 1200 o wymiarach 1200x400xh:400, waga 119 kg, pojemno\u015b\u0107 149 l<\/p>\n<p style=\"margin: 0cm; margin-bottom: .0001pt;\">Leocadia 1500 o wymiarach 1500x400xh:400, waga 144 kg, pojemno\u015b\u0107 187 l<\/p>\n<p style=\"margin: 0cm; margin-bottom: .0001pt;\">Leocadia 1800 o wymiarach 1800x400xh:400, waga 168 kg, pojemno\u015b\u0107 220 l<\/p>\n<p style=\"margin: 0cm; margin-bottom: .0001pt;\">Leocadia 2000 o wymiarach 2000x400xh:400, waga 185 kg, pojemno\u015b\u0107 252 l<\/p>\n","protected":false},"featured_media":57906,"template":"","meta":{"_acf_changed":false},"product_brand":[],"product_cat":[144],"product_tag":[445,444],"class_list":{"0":"post-50774","1":"product","2":"type-product","3":"status-publish","4":"has-post-thumbnail","6":"product_cat-donice-z-betonu","7":"product_tag-donice-betonowe","8":"product_tag-donice-ogrodowe","9":"description-off","10":"tm-has-options","12":"first","13":"instock","14":"shipping-taxable","15":"purchasable","16":"product-type-simple"},"acf":[],"yoast_head":"<!-- This site is optimized with the Yoast SEO plugin v27.5 - https:\/\/yoast.com\/product\/yoast-seo-wordpress\/ -->\n<title>Du\u017ce donice ogrodowe z betonu architektonicznego o r\u00f3\u017cnej d\u0142ugo\u015bci<\/title>\n<meta name=\"description\" content=\"Du\u017ce donice betonowe ogrodowe z betonu architektonicznego o dowolnej d\u0142ugo\u015bci u\u0142atwia planowanie i pozwala zagospodarowa\u0107 powierzchnie zewn\u0119trzne.\" \/>\n<meta name=\"robots\" content=\"index, follow, max-snippet:-1, max-image-preview:large, max-video-preview:-1\" \/>\n<link rel=\"canonical\" href=\"https:\/\/worldofflowerpots.com\/sklep\/duze-donice-ogrodowe-z-betonu-architektonicznego-o-roznej-dlugosci-seria-leocadia\/\" \/>\n<meta property=\"og:locale\" content=\"pl_PL\" \/>\n<meta property=\"og:type\" content=\"article\" \/>\n<meta property=\"og:title\" content=\"Du\u017ce donice ogrodowe z betonu architektonicznego o r\u00f3\u017cnej d\u0142ugo\u015bci\" \/>\n<meta property=\"og:description\" content=\"Du\u017ce donice betonowe ogrodowe z betonu architektonicznego o dowolnej d\u0142ugo\u015bci u\u0142atwia planowanie i pozwala zagospodarowa\u0107 powierzchnie zewn\u0119trzne.\" \/>\n<meta property=\"og:url\" content=\"https:\/\/worldofflowerpots.com\/sklep\/duze-donice-ogrodowe-z-betonu-architektonicznego-o-roznej-dlugosci-seria-leocadia\/\" \/>\n<meta property=\"og:site_name\" content=\"World of Flowerpots\" \/>\n<meta property=\"article:modified_time\" content=\"2019-04-16T09:41:25+00:00\" \/>\n<meta property=\"og:image\" content=\"https:\/\/worldofflowerpots.com\/wp-content\/uploads\/2019\/01\/du\u017ce-donice-ogrodowe-betonowe-Leocadia-czarny-1.jpg\" \/>\n\t<meta property=\"og:image:width\" content=\"2280\" \/>\n\t<meta property=\"og:image:height\" content=\"1612\" \/>\n\t<meta property=\"og:image:type\" content=\"image\/jpeg\" \/>\n<meta name=\"twitter:card\" content=\"summary_large_image\" \/>\n<meta name=\"twitter:label1\" content=\"Szacowany czas czytania\" \/>\n\t<meta name=\"twitter:data1\" content=\"2 minuty\" \/>\n<script type=\"application\/ld+json\" class=\"yoast-schema-graph\">{\"@context\":\"https:\\\/\\\/schema.org\",\"@graph\":[{\"@type\":\"WebPage\",\"@id\":\"https:\\\/\\\/worldofflowerpots.com\\\/sklep\\\/duze-donice-ogrodowe-z-betonu-architektonicznego-o-roznej-dlugosci-seria-leocadia\\\/\",\"url\":\"https:\\\/\\\/worldofflowerpots.com\\\/sklep\\\/duze-donice-ogrodowe-z-betonu-architektonicznego-o-roznej-dlugosci-seria-leocadia\\\/\",\"name\":\"Du\u017ce donice ogrodowe z betonu architektonicznego o r\u00f3\u017cnej d\u0142ugo\u015bci\",\"isPartOf\":{\"@id\":\"https:\\\/\\\/worldofflowerpots.com\\\/#website\"},\"primaryImageOfPage\":{\"@id\":\"https:\\\/\\\/worldofflowerpots.com\\\/sklep\\\/duze-donice-ogrodowe-z-betonu-architektonicznego-o-roznej-dlugosci-seria-leocadia\\\/#primaryimage\"},\"image\":{\"@id\":\"https:\\\/\\\/worldofflowerpots.com\\\/sklep\\\/duze-donice-ogrodowe-z-betonu-architektonicznego-o-roznej-dlugosci-seria-leocadia\\\/#primaryimage\"},\"thumbnailUrl\":\"https:\\\/\\\/worldofflowerpots.com\\\/wp-content\\\/uploads\\\/2019\\\/01\\\/du\u017ce-donice-ogrodowe-betonowe-Leocadia-czarny-1.jpg\",\"datePublished\":\"2019-01-18T14:06:24+00:00\",\"dateModified\":\"2019-04-16T09:41:25+00:00\",\"description\":\"Du\u017ce donice betonowe ogrodowe z betonu architektonicznego o dowolnej d\u0142ugo\u015bci u\u0142atwia planowanie i pozwala zagospodarowa\u0107 powierzchnie zewn\u0119trzne.\",\"breadcrumb\":{\"@id\":\"https:\\\/\\\/worldofflowerpots.com\\\/sklep\\\/duze-donice-ogrodowe-z-betonu-architektonicznego-o-roznej-dlugosci-seria-leocadia\\\/#breadcrumb\"},\"inLanguage\":\"pl-PL\",\"potentialAction\":[{\"@type\":\"ReadAction\",\"target\":[\"https:\\\/\\\/worldofflowerpots.com\\\/sklep\\\/duze-donice-ogrodowe-z-betonu-architektonicznego-o-roznej-dlugosci-seria-leocadia\\\/\"]}]},{\"@type\":\"ImageObject\",\"inLanguage\":\"pl-PL\",\"@id\":\"https:\\\/\\\/worldofflowerpots.com\\\/sklep\\\/duze-donice-ogrodowe-z-betonu-architektonicznego-o-roznej-dlugosci-seria-leocadia\\\/#primaryimage\",\"url\":\"https:\\\/\\\/worldofflowerpots.com\\\/wp-content\\\/uploads\\\/2019\\\/01\\\/du\u017ce-donice-ogrodowe-betonowe-Leocadia-czarny-1.jpg\",\"contentUrl\":\"https:\\\/\\\/worldofflowerpots.com\\\/wp-content\\\/uploads\\\/2019\\\/01\\\/du\u017ce-donice-ogrodowe-betonowe-Leocadia-czarny-1.jpg\",\"width\":2280,\"height\":1612},{\"@type\":\"BreadcrumbList\",\"@id\":\"https:\\\/\\\/worldofflowerpots.com\\\/sklep\\\/duze-donice-ogrodowe-z-betonu-architektonicznego-o-roznej-dlugosci-seria-leocadia\\\/#breadcrumb\",\"itemListElement\":[{\"@type\":\"ListItem\",\"position\":1,\"name\":\"Strona g\u0142\u00f3wna\",\"item\":\"https:\\\/\\\/worldofflowerpots.com\\\/\"},{\"@type\":\"ListItem\",\"position\":2,\"name\":\"Sklep\",\"item\":\"https:\\\/\\\/worldofflowerpots.com\\\/sklep\\\/\"},{\"@type\":\"ListItem\",\"position\":3,\"name\":\"Du\u017ce donice ogrodowe z betonu architektonicznego o r\u00f3\u017cnej d\u0142ugo\u015bci seria Leocadia\"}]},{\"@type\":\"WebSite\",\"@id\":\"https:\\\/\\\/worldofflowerpots.com\\\/#website\",\"url\":\"https:\\\/\\\/worldofflowerpots.com\\\/\",\"name\":\"World of Flowerpots\",\"description\":\"producent donic ozdobnych\",\"potentialAction\":[{\"@type\":\"SearchAction\",\"target\":{\"@type\":\"EntryPoint\",\"urlTemplate\":\"https:\\\/\\\/worldofflowerpots.com\\\/?s={search_term_string}\"},\"query-input\":{\"@type\":\"PropertyValueSpecification\",\"valueRequired\":true,\"valueName\":\"search_term_string\"}}],\"inLanguage\":\"pl-PL\"}]}<\/script>\n<!-- \/ Yoast SEO plugin. -->","yoast_head_json":{"title":"Du\u017ce donice ogrodowe z betonu architektonicznego o r\u00f3\u017cnej d\u0142ugo\u015bci","description":"Du\u017ce donice betonowe ogrodowe z betonu architektonicznego o dowolnej d\u0142ugo\u015bci u\u0142atwia planowanie i pozwala zagospodarowa\u0107 powierzchnie zewn\u0119trzne.","robots":{"index":"index","follow":"follow","max-snippet":"max-snippet:-1","max-image-preview":"max-image-preview:large","max-video-preview":"max-video-preview:-1"},"canonical":"https:\/\/worldofflowerpots.com\/sklep\/duze-donice-ogrodowe-z-betonu-architektonicznego-o-roznej-dlugosci-seria-leocadia\/","og_locale":"pl_PL","og_type":"article","og_title":"Du\u017ce donice ogrodowe z betonu architektonicznego o r\u00f3\u017cnej d\u0142ugo\u015bci","og_description":"Du\u017ce donice betonowe ogrodowe z betonu architektonicznego o dowolnej d\u0142ugo\u015bci u\u0142atwia planowanie i pozwala zagospodarowa\u0107 powierzchnie zewn\u0119trzne.","og_url":"https:\/\/worldofflowerpots.com\/sklep\/duze-donice-ogrodowe-z-betonu-architektonicznego-o-roznej-dlugosci-seria-leocadia\/","og_site_name":"World of Flowerpots","article_modified_time":"2019-04-16T09:41:25+00:00","og_image":[{"width":2280,"height":1612,"url":"https:\/\/worldofflowerpots.com\/wp-content\/uploads\/2019\/01\/du\u017ce-donice-ogrodowe-betonowe-Leocadia-czarny-1.jpg","type":"image\/jpeg"}],"twitter_card":"summary_large_image","twitter_misc":{"Szacowany czas czytania":"2 minuty"},"schema":{"@context":"https:\/\/schema.org","@graph":[{"@type":"WebPage","@id":"https:\/\/worldofflowerpots.com\/sklep\/duze-donice-ogrodowe-z-betonu-architektonicznego-o-roznej-dlugosci-seria-leocadia\/","url":"https:\/\/worldofflowerpots.com\/sklep\/duze-donice-ogrodowe-z-betonu-architektonicznego-o-roznej-dlugosci-seria-leocadia\/","name":"Du\u017ce donice ogrodowe z betonu architektonicznego o r\u00f3\u017cnej d\u0142ugo\u015bci","isPartOf":{"@id":"https:\/\/worldofflowerpots.com\/#website"},"primaryImageOfPage":{"@id":"https:\/\/worldofflowerpots.com\/sklep\/duze-donice-ogrodowe-z-betonu-architektonicznego-o-roznej-dlugosci-seria-leocadia\/#primaryimage"},"image":{"@id":"https:\/\/worldofflowerpots.com\/sklep\/duze-donice-ogrodowe-z-betonu-architektonicznego-o-roznej-dlugosci-seria-leocadia\/#primaryimage"},"thumbnailUrl":"https:\/\/worldofflowerpots.com\/wp-content\/uploads\/2019\/01\/du\u017ce-donice-ogrodowe-betonowe-Leocadia-czarny-1.jpg","datePublished":"2019-01-18T14:06:24+00:00","dateModified":"2019-04-16T09:41:25+00:00","description":"Du\u017ce donice betonowe ogrodowe z betonu architektonicznego o dowolnej d\u0142ugo\u015bci u\u0142atwia planowanie i pozwala zagospodarowa\u0107 powierzchnie zewn\u0119trzne.","breadcrumb":{"@id":"https:\/\/worldofflowerpots.com\/sklep\/duze-donice-ogrodowe-z-betonu-architektonicznego-o-roznej-dlugosci-seria-leocadia\/#breadcrumb"},"inLanguage":"pl-PL","potentialAction":[{"@type":"ReadAction","target":["https:\/\/worldofflowerpots.com\/sklep\/duze-donice-ogrodowe-z-betonu-architektonicznego-o-roznej-dlugosci-seria-leocadia\/"]}]},{"@type":"ImageObject","inLanguage":"pl-PL","@id":"https:\/\/worldofflowerpots.com\/sklep\/duze-donice-ogrodowe-z-betonu-architektonicznego-o-roznej-dlugosci-seria-leocadia\/#primaryimage","url":"https:\/\/worldofflowerpots.com\/wp-content\/uploads\/2019\/01\/du\u017ce-donice-ogrodowe-betonowe-Leocadia-czarny-1.jpg","contentUrl":"https:\/\/worldofflowerpots.com\/wp-content\/uploads\/2019\/01\/du\u017ce-donice-ogrodowe-betonowe-Leocadia-czarny-1.jpg","width":2280,"height":1612},{"@type":"BreadcrumbList","@id":"https:\/\/worldofflowerpots.com\/sklep\/duze-donice-ogrodowe-z-betonu-architektonicznego-o-roznej-dlugosci-seria-leocadia\/#breadcrumb","itemListElement":[{"@type":"ListItem","position":1,"name":"Strona g\u0142\u00f3wna","item":"https:\/\/worldofflowerpots.com\/"},{"@type":"ListItem","position":2,"name":"Sklep","item":"https:\/\/worldofflowerpots.com\/sklep\/"},{"@type":"ListItem","position":3,"name":"Du\u017ce donice ogrodowe z betonu architektonicznego o r\u00f3\u017cnej d\u0142ugo\u015bci seria Leocadia"}]},{"@type":"WebSite","@id":"https:\/\/worldofflowerpots.com\/#website","url":"https:\/\/worldofflowerpots.com\/","name":"World of Flowerpots","description":"producent donic ozdobnych","potentialAction":[{"@type":"SearchAction","target":{"@type":"EntryPoint","urlTemplate":"https:\/\/worldofflowerpots.com\/?s={search_term_string}"},"query-input":{"@type":"PropertyValueSpecification","valueRequired":true,"valueName":"search_term_string"}}],"inLanguage":"pl-PL"}]}},"_links":{"self":[{"href":"https:\/\/worldofflowerpots.com\/pl\/wp-json\/wp\/v2\/product\/50774","targetHints":{"allow":["GET"]}}],"collection":[{"href":"https:\/\/worldofflowerpots.com\/pl\/wp-json\/wp\/v2\/product"}],"about":[{"href":"https:\/\/worldofflowerpots.com\/pl\/wp-json\/wp\/v2\/types\/product"}],"wp:featuredmedia":[{"embeddable":true,"href":"https:\/\/worldofflowerpots.com\/pl\/wp-json\/wp\/v2\/media\/57906"}],"wp:attachment":[{"href":"https:\/\/worldofflowerpots.com\/pl\/wp-json\/wp\/v2\/media?parent=50774"}],"wp:term":[{"taxonomy":"product_brand","embeddable":true,"href":"https:\/\/worldofflowerpots.com\/pl\/wp-json\/wp\/v2\/product_brand?post=50774"},{"taxonomy":"product_cat","embeddable":true,"href":"https:\/\/worldofflowerpots.com\/pl\/wp-json\/wp\/v2\/product_cat?post=50774"},{"taxonomy":"product_tag","embeddable":true,"href":"https:\/\/worldofflowerpots.com\/pl\/wp-json\/wp\/v2\/product_tag?post=50774"}],"curies":[{"name":"wp","href":"https:\/\/api.w.org\/{rel}","templated":true}]}}