{"id":50775,"date":"2019-01-18T15:06:24","date_gmt":"2019-01-18T14:06:24","guid":{"rendered":"https:\/\/worldofflowerpots.com\/product\/import-placeholder-for-132\/"},"modified":"2019-04-16T11:53:39","modified_gmt":"2019-04-16T09:53:39","slug":"donica-prostokatna-wysoka-olivia","status":"publish","type":"product","link":"https:\/\/worldofflowerpots.com\/pl\/sklep\/donica-prostokatna-wysoka-olivia\/","title":{"rendered":"Donica prostok\u0105tna wysoka Olivia"},"content":{"rendered":"<h2><img loading=\"lazy\" decoding=\"async\" class=\"aligncenter wp-image-59007 size-full\" src=\"https:\/\/worldofflowerpots.com\/wp-content\/uploads\/2016\/12\/przygotowanie-donic-do-u\u017cytkowania-2.png\" alt=\"\" width=\"836\" height=\"598\" srcset=\"https:\/\/worldofflowerpots.com\/wp-content\/uploads\/2016\/12\/przygotowanie-donic-do-u\u017cytkowania-2.png 836w, https:\/\/worldofflowerpots.com\/wp-content\/uploads\/2016\/12\/przygotowanie-donic-do-u\u017cytkowania-2-300x215.png 300w, https:\/\/worldofflowerpots.com\/wp-content\/uploads\/2016\/12\/przygotowanie-donic-do-u\u017cytkowania-2-768x549.png 768w, https:\/\/worldofflowerpots.com\/wp-content\/uploads\/2016\/12\/przygotowanie-donic-do-u\u017cytkowania-2-600x429.png 600w\" sizes=\"auto, (max-width: 836px) 100vw, 836px\" \/><\/h2>\n<h2><strong>Wysoka donica z betonu architektonicznego<\/strong><\/h2>\n<p>Donica prostok\u0105tna wysoka Olivia jest dost\u0119pna w trzech klasycznych kolorach &#8211; bia\u0142ym, czarnym i szarym. Stabilna i du\u017ca, pozwala na eksponowanie ro\u015blin o znacz\u0105cych rozmiarach. Ze wzgl\u0119du na swoj\u0105 wysoko\u015b\u0107 (80 cm), umo\u017cliwia sadzenie ro\u015blin o rozbudowanym i g\u0142\u0119bokim systemie korzeniowym.<\/p>\n<p>Donica wykonana jest z ultra betonu, kt\u00f3ry odznacza si\u0119 znacznie wi\u0119ksz\u0105 wytrzyma\u0142o\u015bci\u0105 i odporno\u015bci\u0105 na warunki atmosferyczne, ni\u017c zwyk\u0142y beton. Materia\u0142 ten ma bardzo du\u017c\u0105 trwa\u0142o\u015b\u0107, a wilgo\u0107 mu nie szkodzi, wr\u0119cz przeciwnie &#8211; w wilgotnym \u015brodowisku wytrzyma\u0142o\u015b\u0107 betonu po kilkunastu latach mo\u017ce wzrosn\u0105\u0107 nawet o 100% w stosunku do wytrzyma\u0142o\u015bci uzyskanej po miesi\u0105cu od zastygni\u0119cia. Ma on te\u017c bardzo wysok\u0105 wytrzyma\u0142o\u015b\u0107 na \u015bciskanie.<\/p>\n<h2><strong>Indywidualnie i w grupie<\/strong><\/h2>\n<p>Donica Olivia \u015bwietnie prezentuje si\u0119 pojedynczo, ale ze wzgl\u0119du na sw\u00f3j klasyczny kszta\u0142t, idealnie nadaje si\u0119 do zastosowania w charakterze przegrody. Ustawione jedna obok drugiej wzd\u0142u\u017c podjazdu donice, wspaniale b\u0119d\u0105 odgradza\u0142y cz\u0119\u015b\u0107 ogrodu przeznaczon\u0105 do parkowania samochod\u00f3w od strefy rekreacyjnej. Zbudowana w ten spos\u00f3b przegroda jest solidna, ale zielona i stosunkowo \u0142atwo j\u0105 zlikwidowa\u0107 przesuwaj\u0105c donice na inne miejsce. W podobny spos\u00f3b mo\u017cna wydzieli\u0107 wizualnie inne strefy ogrodu &#8211; na przyk\u0142ad obszar uprawny, relaksacyjny czy basenowy. Donice nadaj\u0105 si\u0119 r\u00f3wnie\u017c idealnie do zakrycia w bardzo prosty spos\u00f3b tych miejsc w ogrodzie, kt\u00f3rych nie chcemy pokazywa\u0107. Cho\u0107by kompostownika czy \u015bmietnik\u00f3w.<\/p>\n<h2><strong>Nietypowa bariera tarasowa<\/strong><\/h2>\n<p>Wysokie donice Olivia\u00a0z betonu architektonicznego doskonale nadaj\u0105 si\u0119 do zastosowania zamiast tradycyjnej barierki na tarasach posadowionych na niewielkich wysoko\u015bciach od powierzchni gruntu. W zasadzie nisko po\u0142o\u017cone tarasy i balkony nie wymagaj\u0105 sta\u0142ych zabezpiecze\u0144. Jednak upadek z 50 cm wysoko\u015bci mimo wszystko mo\u017ce mie\u0107 konsekwencje w postaci cho\u0107by skr\u0119conej kostki. Dlatego warto wygrodzi\u0107 taki taras za pomoc\u0105 kilku wysokich donic, kt\u00f3re wyra\u017anie zaznacz\u0105 jego kraniec buduj\u0105c solidn\u0105 przeszkod\u0119. Jednocze\u015bnie donice takie stworz\u0105 przyjemn\u0105 atmosfer\u0119 dzi\u0119ki swojej ascetycznej urodzie i ro\u015blinom, kt\u00f3re w nich rosn\u0105.<\/p>\n","protected":false},"excerpt":{"rendered":"<p>Donica Olivia z betonu (ultra betonu). Wyst\u0119puje w trzech podstawowych kolorach: bia\u0142ym, szarym oraz czarnym. Donica produkowana jest w standardzie z otworami odp\u0142ywowymi. Waga donicy to: 150 kg, a wymiary: d\u0142ugo\u015b\u0107: 100 cm, szeroko\u015b\u0107: 30 cm, wysoko\u015b\u0107: 80 cm.<\/p>\n","protected":false},"featured_media":57916,"template":"","meta":{"_acf_changed":false},"product_brand":[],"product_cat":[144],"product_tag":[445,444],"class_list":{"0":"post-50775","1":"product","2":"type-product","3":"status-publish","4":"has-post-thumbnail","6":"product_cat-donice-z-betonu","7":"product_tag-donice-betonowe","8":"product_tag-donice-ogrodowe","9":"description-off","10":"tm-has-options","12":"first","13":"instock","14":"shipping-taxable","15":"purchasable","16":"product-type-simple"},"acf":[],"yoast_head":"<!-- This site is optimized with the Yoast SEO plugin v27.5 - https:\/\/yoast.com\/product\/yoast-seo-wordpress\/ -->\n<title>Donica Betonowa do Ekspozycji Kwiatowych i Trawiastych OLIVIA<\/title>\n<meta name=\"description\" content=\"Donica Olivia z betonu architektonicznego \u015bwietnie prezentuje si\u0119 pojedynczo, ale te\u017c nadaje si\u0119 do zastosowania w charakterze przegrody.\" \/>\n<meta name=\"robots\" content=\"index, follow, max-snippet:-1, max-image-preview:large, max-video-preview:-1\" \/>\n<link rel=\"canonical\" href=\"https:\/\/worldofflowerpots.com\/sklep\/donica-prostokatna-wysoka-olivia\/\" \/>\n<meta property=\"og:locale\" content=\"pl_PL\" \/>\n<meta property=\"og:type\" content=\"article\" \/>\n<meta property=\"og:title\" content=\"Donica Betonowa do Ekspozycji Kwiatowych i Trawiastych OLIVIA\" \/>\n<meta property=\"og:description\" content=\"Donica Olivia z betonu architektonicznego \u015bwietnie prezentuje si\u0119 pojedynczo, ale te\u017c nadaje si\u0119 do zastosowania w charakterze przegrody.\" \/>\n<meta property=\"og:url\" content=\"https:\/\/worldofflowerpots.com\/sklep\/donica-prostokatna-wysoka-olivia\/\" \/>\n<meta property=\"og:site_name\" content=\"World of Flowerpots\" \/>\n<meta property=\"article:modified_time\" content=\"2019-04-16T09:53:39+00:00\" \/>\n<meta property=\"og:image\" content=\"https:\/\/worldofflowerpots.com\/wp-content\/uploads\/2019\/01\/donica-prostok\u0105tna-wysoka-Olivia-czarny-1.jpg\" \/>\n\t<meta property=\"og:image:width\" content=\"2280\" \/>\n\t<meta property=\"og:image:height\" content=\"1612\" \/>\n\t<meta property=\"og:image:type\" content=\"image\/jpeg\" \/>\n<meta name=\"twitter:card\" content=\"summary_large_image\" \/>\n<meta name=\"twitter:label1\" content=\"Szacowany czas czytania\" \/>\n\t<meta name=\"twitter:data1\" content=\"2 minuty\" \/>\n<script type=\"application\/ld+json\" class=\"yoast-schema-graph\">{\"@context\":\"https:\\\/\\\/schema.org\",\"@graph\":[{\"@type\":\"WebPage\",\"@id\":\"https:\\\/\\\/worldofflowerpots.com\\\/sklep\\\/donica-prostokatna-wysoka-olivia\\\/\",\"url\":\"https:\\\/\\\/worldofflowerpots.com\\\/sklep\\\/donica-prostokatna-wysoka-olivia\\\/\",\"name\":\"Donica Betonowa do Ekspozycji Kwiatowych i Trawiastych OLIVIA\",\"isPartOf\":{\"@id\":\"https:\\\/\\\/worldofflowerpots.com\\\/#website\"},\"primaryImageOfPage\":{\"@id\":\"https:\\\/\\\/worldofflowerpots.com\\\/sklep\\\/donica-prostokatna-wysoka-olivia\\\/#primaryimage\"},\"image\":{\"@id\":\"https:\\\/\\\/worldofflowerpots.com\\\/sklep\\\/donica-prostokatna-wysoka-olivia\\\/#primaryimage\"},\"thumbnailUrl\":\"https:\\\/\\\/worldofflowerpots.com\\\/wp-content\\\/uploads\\\/2019\\\/01\\\/donica-prostok\u0105tna-wysoka-Olivia-czarny-1.jpg\",\"datePublished\":\"2019-01-18T14:06:24+00:00\",\"dateModified\":\"2019-04-16T09:53:39+00:00\",\"description\":\"Donica Olivia z betonu architektonicznego \u015bwietnie prezentuje si\u0119 pojedynczo, ale te\u017c nadaje si\u0119 do zastosowania w charakterze przegrody.\",\"breadcrumb\":{\"@id\":\"https:\\\/\\\/worldofflowerpots.com\\\/sklep\\\/donica-prostokatna-wysoka-olivia\\\/#breadcrumb\"},\"inLanguage\":\"pl-PL\",\"potentialAction\":[{\"@type\":\"ReadAction\",\"target\":[\"https:\\\/\\\/worldofflowerpots.com\\\/sklep\\\/donica-prostokatna-wysoka-olivia\\\/\"]}]},{\"@type\":\"ImageObject\",\"inLanguage\":\"pl-PL\",\"@id\":\"https:\\\/\\\/worldofflowerpots.com\\\/sklep\\\/donica-prostokatna-wysoka-olivia\\\/#primaryimage\",\"url\":\"https:\\\/\\\/worldofflowerpots.com\\\/wp-content\\\/uploads\\\/2019\\\/01\\\/donica-prostok\u0105tna-wysoka-Olivia-czarny-1.jpg\",\"contentUrl\":\"https:\\\/\\\/worldofflowerpots.com\\\/wp-content\\\/uploads\\\/2019\\\/01\\\/donica-prostok\u0105tna-wysoka-Olivia-czarny-1.jpg\",\"width\":2280,\"height\":1612},{\"@type\":\"BreadcrumbList\",\"@id\":\"https:\\\/\\\/worldofflowerpots.com\\\/sklep\\\/donica-prostokatna-wysoka-olivia\\\/#breadcrumb\",\"itemListElement\":[{\"@type\":\"ListItem\",\"position\":1,\"name\":\"Strona g\u0142\u00f3wna\",\"item\":\"https:\\\/\\\/worldofflowerpots.com\\\/\"},{\"@type\":\"ListItem\",\"position\":2,\"name\":\"Sklep\",\"item\":\"https:\\\/\\\/worldofflowerpots.com\\\/sklep\\\/\"},{\"@type\":\"ListItem\",\"position\":3,\"name\":\"Donica prostok\u0105tna wysoka Olivia\"}]},{\"@type\":\"WebSite\",\"@id\":\"https:\\\/\\\/worldofflowerpots.com\\\/#website\",\"url\":\"https:\\\/\\\/worldofflowerpots.com\\\/\",\"name\":\"World of Flowerpots\",\"description\":\"producent donic ozdobnych\",\"potentialAction\":[{\"@type\":\"SearchAction\",\"target\":{\"@type\":\"EntryPoint\",\"urlTemplate\":\"https:\\\/\\\/worldofflowerpots.com\\\/?s={search_term_string}\"},\"query-input\":{\"@type\":\"PropertyValueSpecification\",\"valueRequired\":true,\"valueName\":\"search_term_string\"}}],\"inLanguage\":\"pl-PL\"}]}<\/script>\n<!-- \/ Yoast SEO plugin. -->","yoast_head_json":{"title":"Donica Betonowa do Ekspozycji Kwiatowych i Trawiastych OLIVIA","description":"Donica Olivia z betonu architektonicznego \u015bwietnie prezentuje si\u0119 pojedynczo, ale te\u017c nadaje si\u0119 do zastosowania w charakterze przegrody.","robots":{"index":"index","follow":"follow","max-snippet":"max-snippet:-1","max-image-preview":"max-image-preview:large","max-video-preview":"max-video-preview:-1"},"canonical":"https:\/\/worldofflowerpots.com\/sklep\/donica-prostokatna-wysoka-olivia\/","og_locale":"pl_PL","og_type":"article","og_title":"Donica Betonowa do Ekspozycji Kwiatowych i Trawiastych OLIVIA","og_description":"Donica Olivia z betonu architektonicznego \u015bwietnie prezentuje si\u0119 pojedynczo, ale te\u017c nadaje si\u0119 do zastosowania w charakterze przegrody.","og_url":"https:\/\/worldofflowerpots.com\/sklep\/donica-prostokatna-wysoka-olivia\/","og_site_name":"World of Flowerpots","article_modified_time":"2019-04-16T09:53:39+00:00","og_image":[{"width":2280,"height":1612,"url":"https:\/\/worldofflowerpots.com\/wp-content\/uploads\/2019\/01\/donica-prostok\u0105tna-wysoka-Olivia-czarny-1.jpg","type":"image\/jpeg"}],"twitter_card":"summary_large_image","twitter_misc":{"Szacowany czas czytania":"2 minuty"},"schema":{"@context":"https:\/\/schema.org","@graph":[{"@type":"WebPage","@id":"https:\/\/worldofflowerpots.com\/sklep\/donica-prostokatna-wysoka-olivia\/","url":"https:\/\/worldofflowerpots.com\/sklep\/donica-prostokatna-wysoka-olivia\/","name":"Donica Betonowa do Ekspozycji Kwiatowych i Trawiastych OLIVIA","isPartOf":{"@id":"https:\/\/worldofflowerpots.com\/#website"},"primaryImageOfPage":{"@id":"https:\/\/worldofflowerpots.com\/sklep\/donica-prostokatna-wysoka-olivia\/#primaryimage"},"image":{"@id":"https:\/\/worldofflowerpots.com\/sklep\/donica-prostokatna-wysoka-olivia\/#primaryimage"},"thumbnailUrl":"https:\/\/worldofflowerpots.com\/wp-content\/uploads\/2019\/01\/donica-prostok\u0105tna-wysoka-Olivia-czarny-1.jpg","datePublished":"2019-01-18T14:06:24+00:00","dateModified":"2019-04-16T09:53:39+00:00","description":"Donica Olivia z betonu architektonicznego \u015bwietnie prezentuje si\u0119 pojedynczo, ale te\u017c nadaje si\u0119 do zastosowania w charakterze przegrody.","breadcrumb":{"@id":"https:\/\/worldofflowerpots.com\/sklep\/donica-prostokatna-wysoka-olivia\/#breadcrumb"},"inLanguage":"pl-PL","potentialAction":[{"@type":"ReadAction","target":["https:\/\/worldofflowerpots.com\/sklep\/donica-prostokatna-wysoka-olivia\/"]}]},{"@type":"ImageObject","inLanguage":"pl-PL","@id":"https:\/\/worldofflowerpots.com\/sklep\/donica-prostokatna-wysoka-olivia\/#primaryimage","url":"https:\/\/worldofflowerpots.com\/wp-content\/uploads\/2019\/01\/donica-prostok\u0105tna-wysoka-Olivia-czarny-1.jpg","contentUrl":"https:\/\/worldofflowerpots.com\/wp-content\/uploads\/2019\/01\/donica-prostok\u0105tna-wysoka-Olivia-czarny-1.jpg","width":2280,"height":1612},{"@type":"BreadcrumbList","@id":"https:\/\/worldofflowerpots.com\/sklep\/donica-prostokatna-wysoka-olivia\/#breadcrumb","itemListElement":[{"@type":"ListItem","position":1,"name":"Strona g\u0142\u00f3wna","item":"https:\/\/worldofflowerpots.com\/"},{"@type":"ListItem","position":2,"name":"Sklep","item":"https:\/\/worldofflowerpots.com\/sklep\/"},{"@type":"ListItem","position":3,"name":"Donica prostok\u0105tna wysoka Olivia"}]},{"@type":"WebSite","@id":"https:\/\/worldofflowerpots.com\/#website","url":"https:\/\/worldofflowerpots.com\/","name":"World of Flowerpots","description":"producent donic ozdobnych","potentialAction":[{"@type":"SearchAction","target":{"@type":"EntryPoint","urlTemplate":"https:\/\/worldofflowerpots.com\/?s={search_term_string}"},"query-input":{"@type":"PropertyValueSpecification","valueRequired":true,"valueName":"search_term_string"}}],"inLanguage":"pl-PL"}]}},"_links":{"self":[{"href":"https:\/\/worldofflowerpots.com\/pl\/wp-json\/wp\/v2\/product\/50775","targetHints":{"allow":["GET"]}}],"collection":[{"href":"https:\/\/worldofflowerpots.com\/pl\/wp-json\/wp\/v2\/product"}],"about":[{"href":"https:\/\/worldofflowerpots.com\/pl\/wp-json\/wp\/v2\/types\/product"}],"wp:featuredmedia":[{"embeddable":true,"href":"https:\/\/worldofflowerpots.com\/pl\/wp-json\/wp\/v2\/media\/57916"}],"wp:attachment":[{"href":"https:\/\/worldofflowerpots.com\/pl\/wp-json\/wp\/v2\/media?parent=50775"}],"wp:term":[{"taxonomy":"product_brand","embeddable":true,"href":"https:\/\/worldofflowerpots.com\/pl\/wp-json\/wp\/v2\/product_brand?post=50775"},{"taxonomy":"product_cat","embeddable":true,"href":"https:\/\/worldofflowerpots.com\/pl\/wp-json\/wp\/v2\/product_cat?post=50775"},{"taxonomy":"product_tag","embeddable":true,"href":"https:\/\/worldofflowerpots.com\/pl\/wp-json\/wp\/v2\/product_tag?post=50775"}],"curies":[{"name":"wp","href":"https:\/\/api.w.org\/{rel}","templated":true}]}}