{"id":50776,"date":"2019-01-18T15:06:24","date_gmt":"2019-01-18T14:06:24","guid":{"rendered":"https:\/\/worldofflowerpots.com\/product\/import-placeholder-for-133\/"},"modified":"2019-04-16T11:54:56","modified_gmt":"2019-04-16T09:54:56","slug":"betonowe-donice-giovanna","status":"publish","type":"product","link":"https:\/\/worldofflowerpots.com\/pl\/sklep\/betonowe-donice-giovanna\/","title":{"rendered":"Betonowe donice Giovanna"},"content":{"rendered":"<p><img loading=\"lazy\" decoding=\"async\" class=\"aligncenter wp-image-59007 size-full\" src=\"https:\/\/worldofflowerpots.com\/wp-content\/uploads\/2016\/12\/przygotowanie-donic-do-u\u017cytkowania-2.png\" alt=\"\" width=\"836\" height=\"598\" srcset=\"https:\/\/worldofflowerpots.com\/wp-content\/uploads\/2016\/12\/przygotowanie-donic-do-u\u017cytkowania-2.png 836w, https:\/\/worldofflowerpots.com\/wp-content\/uploads\/2016\/12\/przygotowanie-donic-do-u\u017cytkowania-2-300x215.png 300w, https:\/\/worldofflowerpots.com\/wp-content\/uploads\/2016\/12\/przygotowanie-donic-do-u\u017cytkowania-2-768x549.png 768w, https:\/\/worldofflowerpots.com\/wp-content\/uploads\/2016\/12\/przygotowanie-donic-do-u\u017cytkowania-2-600x429.png 600w\" sizes=\"auto, (max-width: 836px) 100vw, 836px\" \/><\/p>\n<p>Betonowe donice\u00a0s\u0105 nowatorskim i atrakcyjnym trendem ogrodniczym. Ze wzgl\u0119du na swoje walory, zyskuj\u0105 coraz wi\u0119ksze grono zwolennik\u00f3w. Stanowi\u0105 bezkonkurencyjn\u0105 propozycj\u0119, aran\u017cacji tarasu lub miejsc o du\u017cych przestrzeniach. Sprawdz\u0105 si\u0119 nie tylko na zewn\u0105trz, ale r\u00f3wnie\u017c jako designerski dodatek we wn\u0119trzach. Donica betonowa Giovanna stworzy ciekaw\u0105 oraz niepowtarzaln\u0105 aran\u017cacj\u0119. Pe\u0142ni tym samym idealn\u0105 baz\u0119 do efektownych kompozycji ro\u015blinnych. Minimalistyczna forma oraz unikatowy wygl\u0105d betonu, znajdzie zastosowanie w obiektach prywatnych, jak te\u017c komercyjnych.<\/p>\n<h3><strong>Solidna i wytrzyma\u0142a donica Giovanna<\/strong><\/h3>\n<p>Donica charakteryzuje si\u0119 wysok\u0105 odporno\u015bci\u0105 na niekorzystne warunki atmosferyczne. Nie straszny jej wiatr, s\u0142o\u0144ce, deszcz czy mr\u00f3z. \u00a0Solidna konstrukcja, gwarantuje ochron\u0119 przed r\u00f3\u017cnorodnymi uszkodzeniami mechanicznymi b\u0105d\u017a aktami wandalizmu. Co wi\u0119cej jest bardzo trwa\u0142a i nie wymaga czyszczenia ani specjalnej piel\u0119gnacji. Beton architektoniczny pozostaje czysty i schludny przez wiele sezon\u00f3w. Przek\u0142ada si\u0119 to na bezproblemowe, ca\u0142oroczne u\u017cytkowanie. Niew\u0105tpliwymi atutem jest po\u0142\u0105czenie wysokiej funkcjonalno\u015bci z oryginalnym designem. Ponadto dost\u0119pno\u015b\u0107 w klasycznych kolorach, u\u0142atwia aran\u017cacj\u0119 przestrzeni dopasowanej do indywidualnych preferencji.<\/p>\n<h3><strong>Integralna ca\u0142o\u015b\u0107 z otoczeniem<\/strong><\/h3>\n<p>Smuk\u0142a budowa w kszta\u0142cie sto\u017cka, sprawia, \u017ce oferowany model, znakomicie prezentuje si\u0119 w ma\u0142ych i otwartych przestrzeniach. Przykuje wzrok oraz uwag\u0119 niejednego przechodnia. Wobec tego jest to idealny pomys\u0142 na od\u015bwie\u017cenie monotonii. Mo\u017cna j\u0105 umie\u015bci\u0107 wsz\u0119dzie tam, gdzie otoczenia wymaga uatrakcyjnienia oraz o\u017cywienia. Nie tylko poprzez zamieszczenie kwiat\u00f3w lub innych ro\u015blin, ale r\u00f3wnie\u017c niekonwencjonalne,\u00a0betonowe donice. Sprawdz\u0105 si\u0119 obsadzone zar\u00f3wno zio\u0142ami, jak te\u017c ozdobnymi trawami. R\u00f3wnie\u017c ozdobne krzewy b\u0119d\u0105 dobr\u0105 propozycj\u0105. Otw\u00f3r odp\u0142ywowy w dnie donicy, umo\u017cliwia posadzenie ro\u015blinno\u015bci o zr\u00f3\u017cnicowanych warunkach glebowych. Niemniej jednak, nale\u017cy pami\u0119ta\u0107, \u017ce tego typu wyroby, nie stanowi\u0105 element\u00f3w konstrukcyjnych, a wy\u0142\u0105cznie dekoracyjne.<\/p>\n","protected":false},"excerpt":{"rendered":"<p>Donica Giovanna z betonu (ultra betonu). Wyst\u0119puje w trzech podstawowych kolorach: bia\u0142ym, szarym oraz czarnym. Donica produkowana jest w standardzie z otworami odp\u0142ywowymi. Waga donicy to:50 kg, a wymiary: \u015brednica: 60 cm, wysoko\u015b\u0107: 56 cm.<\/p>\n","protected":false},"featured_media":58102,"template":"","meta":{"_acf_changed":false},"product_brand":[],"product_cat":[144],"product_tag":[445,444],"class_list":{"0":"post-50776","1":"product","2":"type-product","3":"status-publish","4":"has-post-thumbnail","6":"product_cat-donice-z-betonu","7":"product_tag-donice-betonowe","8":"product_tag-donice-ogrodowe","9":"description-off","10":"tm-has-options","12":"first","13":"instock","14":"shipping-taxable","15":"purchasable","16":"product-type-simple"},"acf":[],"yoast_head":"<!-- This site is optimized with the Yoast SEO plugin v27.5 - https:\/\/yoast.com\/product\/yoast-seo-wordpress\/ -->\n<title>Donice Betonowe Tradycyjne Klasyczne GIOVANNA<\/title>\n<meta name=\"description\" content=\"Donica Giovanna jest bardzo trwa\u0142a, nie wymaga czyszczenia ani piel\u0119gnacji. Beton architektoniczny pozostaje czysty i schludny przez wiele sezon\u00f3w.\" \/>\n<meta name=\"robots\" content=\"index, follow, max-snippet:-1, max-image-preview:large, max-video-preview:-1\" \/>\n<link rel=\"canonical\" href=\"https:\/\/worldofflowerpots.com\/sklep\/betonowe-donice-giovanna\/\" \/>\n<meta property=\"og:locale\" content=\"pl_PL\" \/>\n<meta property=\"og:type\" content=\"article\" \/>\n<meta property=\"og:title\" content=\"Donice Betonowe Tradycyjne Klasyczne GIOVANNA\" \/>\n<meta property=\"og:description\" content=\"Donica Giovanna jest bardzo trwa\u0142a, nie wymaga czyszczenia ani piel\u0119gnacji. Beton architektoniczny pozostaje czysty i schludny przez wiele sezon\u00f3w.\" \/>\n<meta property=\"og:url\" content=\"https:\/\/worldofflowerpots.com\/sklep\/betonowe-donice-giovanna\/\" \/>\n<meta property=\"og:site_name\" content=\"World of Flowerpots\" \/>\n<meta property=\"article:modified_time\" content=\"2019-04-16T09:54:56+00:00\" \/>\n<meta property=\"og:image\" content=\"https:\/\/worldofflowerpots.com\/wp-content\/uploads\/2019\/01\/betonowe-donice-Giovanna.jpg\" \/>\n\t<meta property=\"og:image:width\" content=\"1920\" \/>\n\t<meta property=\"og:image:height\" content=\"1080\" \/>\n\t<meta property=\"og:image:type\" content=\"image\/jpeg\" \/>\n<meta name=\"twitter:card\" content=\"summary_large_image\" \/>\n<meta name=\"twitter:label1\" content=\"Szacowany czas czytania\" \/>\n\t<meta name=\"twitter:data1\" content=\"2 minuty\" \/>\n<script type=\"application\/ld+json\" class=\"yoast-schema-graph\">{\"@context\":\"https:\\\/\\\/schema.org\",\"@graph\":[{\"@type\":\"WebPage\",\"@id\":\"https:\\\/\\\/worldofflowerpots.com\\\/sklep\\\/betonowe-donice-giovanna\\\/\",\"url\":\"https:\\\/\\\/worldofflowerpots.com\\\/sklep\\\/betonowe-donice-giovanna\\\/\",\"name\":\"Donice Betonowe Tradycyjne Klasyczne GIOVANNA\",\"isPartOf\":{\"@id\":\"https:\\\/\\\/worldofflowerpots.com\\\/#website\"},\"primaryImageOfPage\":{\"@id\":\"https:\\\/\\\/worldofflowerpots.com\\\/sklep\\\/betonowe-donice-giovanna\\\/#primaryimage\"},\"image\":{\"@id\":\"https:\\\/\\\/worldofflowerpots.com\\\/sklep\\\/betonowe-donice-giovanna\\\/#primaryimage\"},\"thumbnailUrl\":\"https:\\\/\\\/worldofflowerpots.com\\\/wp-content\\\/uploads\\\/2019\\\/01\\\/betonowe-donice-Giovanna.jpg\",\"datePublished\":\"2019-01-18T14:06:24+00:00\",\"dateModified\":\"2019-04-16T09:54:56+00:00\",\"description\":\"Donica Giovanna jest bardzo trwa\u0142a, nie wymaga czyszczenia ani piel\u0119gnacji. Beton architektoniczny pozostaje czysty i schludny przez wiele sezon\u00f3w.\",\"breadcrumb\":{\"@id\":\"https:\\\/\\\/worldofflowerpots.com\\\/sklep\\\/betonowe-donice-giovanna\\\/#breadcrumb\"},\"inLanguage\":\"pl-PL\",\"potentialAction\":[{\"@type\":\"ReadAction\",\"target\":[\"https:\\\/\\\/worldofflowerpots.com\\\/sklep\\\/betonowe-donice-giovanna\\\/\"]}]},{\"@type\":\"ImageObject\",\"inLanguage\":\"pl-PL\",\"@id\":\"https:\\\/\\\/worldofflowerpots.com\\\/sklep\\\/betonowe-donice-giovanna\\\/#primaryimage\",\"url\":\"https:\\\/\\\/worldofflowerpots.com\\\/wp-content\\\/uploads\\\/2019\\\/01\\\/betonowe-donice-Giovanna.jpg\",\"contentUrl\":\"https:\\\/\\\/worldofflowerpots.com\\\/wp-content\\\/uploads\\\/2019\\\/01\\\/betonowe-donice-Giovanna.jpg\",\"width\":1920,\"height\":1080},{\"@type\":\"BreadcrumbList\",\"@id\":\"https:\\\/\\\/worldofflowerpots.com\\\/sklep\\\/betonowe-donice-giovanna\\\/#breadcrumb\",\"itemListElement\":[{\"@type\":\"ListItem\",\"position\":1,\"name\":\"Strona g\u0142\u00f3wna\",\"item\":\"https:\\\/\\\/worldofflowerpots.com\\\/\"},{\"@type\":\"ListItem\",\"position\":2,\"name\":\"Sklep\",\"item\":\"https:\\\/\\\/worldofflowerpots.com\\\/sklep\\\/\"},{\"@type\":\"ListItem\",\"position\":3,\"name\":\"Betonowe donice Giovanna\"}]},{\"@type\":\"WebSite\",\"@id\":\"https:\\\/\\\/worldofflowerpots.com\\\/#website\",\"url\":\"https:\\\/\\\/worldofflowerpots.com\\\/\",\"name\":\"World of Flowerpots\",\"description\":\"producent donic ozdobnych\",\"potentialAction\":[{\"@type\":\"SearchAction\",\"target\":{\"@type\":\"EntryPoint\",\"urlTemplate\":\"https:\\\/\\\/worldofflowerpots.com\\\/?s={search_term_string}\"},\"query-input\":{\"@type\":\"PropertyValueSpecification\",\"valueRequired\":true,\"valueName\":\"search_term_string\"}}],\"inLanguage\":\"pl-PL\"}]}<\/script>\n<!-- \/ Yoast SEO plugin. -->","yoast_head_json":{"title":"Donice Betonowe Tradycyjne Klasyczne GIOVANNA","description":"Donica Giovanna jest bardzo trwa\u0142a, nie wymaga czyszczenia ani piel\u0119gnacji. Beton architektoniczny pozostaje czysty i schludny przez wiele sezon\u00f3w.","robots":{"index":"index","follow":"follow","max-snippet":"max-snippet:-1","max-image-preview":"max-image-preview:large","max-video-preview":"max-video-preview:-1"},"canonical":"https:\/\/worldofflowerpots.com\/sklep\/betonowe-donice-giovanna\/","og_locale":"pl_PL","og_type":"article","og_title":"Donice Betonowe Tradycyjne Klasyczne GIOVANNA","og_description":"Donica Giovanna jest bardzo trwa\u0142a, nie wymaga czyszczenia ani piel\u0119gnacji. Beton architektoniczny pozostaje czysty i schludny przez wiele sezon\u00f3w.","og_url":"https:\/\/worldofflowerpots.com\/sklep\/betonowe-donice-giovanna\/","og_site_name":"World of Flowerpots","article_modified_time":"2019-04-16T09:54:56+00:00","og_image":[{"width":1920,"height":1080,"url":"https:\/\/worldofflowerpots.com\/wp-content\/uploads\/2019\/01\/betonowe-donice-Giovanna.jpg","type":"image\/jpeg"}],"twitter_card":"summary_large_image","twitter_misc":{"Szacowany czas czytania":"2 minuty"},"schema":{"@context":"https:\/\/schema.org","@graph":[{"@type":"WebPage","@id":"https:\/\/worldofflowerpots.com\/sklep\/betonowe-donice-giovanna\/","url":"https:\/\/worldofflowerpots.com\/sklep\/betonowe-donice-giovanna\/","name":"Donice Betonowe Tradycyjne Klasyczne GIOVANNA","isPartOf":{"@id":"https:\/\/worldofflowerpots.com\/#website"},"primaryImageOfPage":{"@id":"https:\/\/worldofflowerpots.com\/sklep\/betonowe-donice-giovanna\/#primaryimage"},"image":{"@id":"https:\/\/worldofflowerpots.com\/sklep\/betonowe-donice-giovanna\/#primaryimage"},"thumbnailUrl":"https:\/\/worldofflowerpots.com\/wp-content\/uploads\/2019\/01\/betonowe-donice-Giovanna.jpg","datePublished":"2019-01-18T14:06:24+00:00","dateModified":"2019-04-16T09:54:56+00:00","description":"Donica Giovanna jest bardzo trwa\u0142a, nie wymaga czyszczenia ani piel\u0119gnacji. Beton architektoniczny pozostaje czysty i schludny przez wiele sezon\u00f3w.","breadcrumb":{"@id":"https:\/\/worldofflowerpots.com\/sklep\/betonowe-donice-giovanna\/#breadcrumb"},"inLanguage":"pl-PL","potentialAction":[{"@type":"ReadAction","target":["https:\/\/worldofflowerpots.com\/sklep\/betonowe-donice-giovanna\/"]}]},{"@type":"ImageObject","inLanguage":"pl-PL","@id":"https:\/\/worldofflowerpots.com\/sklep\/betonowe-donice-giovanna\/#primaryimage","url":"https:\/\/worldofflowerpots.com\/wp-content\/uploads\/2019\/01\/betonowe-donice-Giovanna.jpg","contentUrl":"https:\/\/worldofflowerpots.com\/wp-content\/uploads\/2019\/01\/betonowe-donice-Giovanna.jpg","width":1920,"height":1080},{"@type":"BreadcrumbList","@id":"https:\/\/worldofflowerpots.com\/sklep\/betonowe-donice-giovanna\/#breadcrumb","itemListElement":[{"@type":"ListItem","position":1,"name":"Strona g\u0142\u00f3wna","item":"https:\/\/worldofflowerpots.com\/"},{"@type":"ListItem","position":2,"name":"Sklep","item":"https:\/\/worldofflowerpots.com\/sklep\/"},{"@type":"ListItem","position":3,"name":"Betonowe donice Giovanna"}]},{"@type":"WebSite","@id":"https:\/\/worldofflowerpots.com\/#website","url":"https:\/\/worldofflowerpots.com\/","name":"World of Flowerpots","description":"producent donic ozdobnych","potentialAction":[{"@type":"SearchAction","target":{"@type":"EntryPoint","urlTemplate":"https:\/\/worldofflowerpots.com\/?s={search_term_string}"},"query-input":{"@type":"PropertyValueSpecification","valueRequired":true,"valueName":"search_term_string"}}],"inLanguage":"pl-PL"}]}},"_links":{"self":[{"href":"https:\/\/worldofflowerpots.com\/pl\/wp-json\/wp\/v2\/product\/50776","targetHints":{"allow":["GET"]}}],"collection":[{"href":"https:\/\/worldofflowerpots.com\/pl\/wp-json\/wp\/v2\/product"}],"about":[{"href":"https:\/\/worldofflowerpots.com\/pl\/wp-json\/wp\/v2\/types\/product"}],"wp:featuredmedia":[{"embeddable":true,"href":"https:\/\/worldofflowerpots.com\/pl\/wp-json\/wp\/v2\/media\/58102"}],"wp:attachment":[{"href":"https:\/\/worldofflowerpots.com\/pl\/wp-json\/wp\/v2\/media?parent=50776"}],"wp:term":[{"taxonomy":"product_brand","embeddable":true,"href":"https:\/\/worldofflowerpots.com\/pl\/wp-json\/wp\/v2\/product_brand?post=50776"},{"taxonomy":"product_cat","embeddable":true,"href":"https:\/\/worldofflowerpots.com\/pl\/wp-json\/wp\/v2\/product_cat?post=50776"},{"taxonomy":"product_tag","embeddable":true,"href":"https:\/\/worldofflowerpots.com\/pl\/wp-json\/wp\/v2\/product_tag?post=50776"}],"curies":[{"name":"wp","href":"https:\/\/api.w.org\/{rel}","templated":true}]}}