{"id":50777,"date":"2019-01-18T15:06:24","date_gmt":"2019-01-18T14:06:24","guid":{"rendered":"https:\/\/worldofflowerpots.com\/product\/import-placeholder-for-134\/"},"modified":"2019-04-16T12:00:11","modified_gmt":"2019-04-16T10:00:11","slug":"donica-betonowa-giacomo","status":"publish","type":"product","link":"https:\/\/worldofflowerpots.com\/pl\/sklep\/donica-betonowa-giacomo\/","title":{"rendered":"Donica Betonowa Giacomo"},"content":{"rendered":"<p><img loading=\"lazy\" decoding=\"async\" class=\"aligncenter wp-image-59007 size-full\" src=\"https:\/\/worldofflowerpots.com\/wp-content\/uploads\/2016\/12\/przygotowanie-donic-do-u\u017cytkowania-2.png\" alt=\"\" width=\"836\" height=\"598\" srcset=\"https:\/\/worldofflowerpots.com\/wp-content\/uploads\/2016\/12\/przygotowanie-donic-do-u\u017cytkowania-2.png 836w, https:\/\/worldofflowerpots.com\/wp-content\/uploads\/2016\/12\/przygotowanie-donic-do-u\u017cytkowania-2-300x215.png 300w, https:\/\/worldofflowerpots.com\/wp-content\/uploads\/2016\/12\/przygotowanie-donic-do-u\u017cytkowania-2-768x549.png 768w, https:\/\/worldofflowerpots.com\/wp-content\/uploads\/2016\/12\/przygotowanie-donic-do-u\u017cytkowania-2-600x429.png 600w\" sizes=\"auto, (max-width: 836px) 100vw, 836px\" \/><\/p>\n<p>Donica betonowa Giacomo to trwa\u0142y i niezwykle estetyczny spos\u00f3b na dekoracj\u0119 ogrodu. Proponowany przez nas model jest dost\u0119pny w trzech wariantach kolorystycznych \u2013 bia\u0142ym, czarnym oraz szarym. Proponowany model wa\u017cy 80 kilogram\u00f3w, a jej pojemno\u015b\u0107 wynosi 192 litry.<\/p>\n<h2><strong>Donica z betonu architektonicznego\u00a0\u2013 w sam raz na zimowe dni<\/strong><\/h2>\n<p>Donica zosta\u0142a wykonana z tworzywa odpornego na mr\u00f3z oraz inne szkodliwe czynniki otoczenia. Produkt wyr\u00f3\u017cnia si\u0119 poprzez sw\u00f3j nowoczesny wygl\u0105d i przemy\u015blany, por\u0119czny kszta\u0142t. Przy ich tworzeniu wzi\u0119li\u015bmy pod uwag\u0119 najmniejsze szczeg\u00f3\u0142y dotycz\u0105ce designu, jak i u\u017cyteczno\u015bci. Dzi\u0119ki temu\u00a0donica betonowa Giacomo wyr\u00f3\u017cnia si\u0119 unikatowym wykonaniem. Jest niezwykle wytrzyma\u0142a, dlatego sprawdza si\u0119 jako zewn\u0119trzna ozdoba niezale\u017cnie od pory roku. B\u0119dzie pi\u0119knie prezentowa\u0142a si\u0119 latem, jak i zim\u0105.<\/p>\n<h2><strong>Uniwersalna ozdoba do zielonych teren\u00f3w<\/strong><\/h2>\n<p>Poprzez sw\u00f3j ponadczasowy wygl\u0105d oraz wysokiej jako\u015bci wykonanie\u00a0donica betonowa\u00a0Giacomo to ozdoba o uniwersalnym przeznaczeniu. \u015awietnie prezentuje si\u0119 w prywatnym ogrodzie, jak i w przestrzeni publicznej. Mo\u017cemy udekorowa\u0107 ni\u0105 zar\u00f3wno przydomowy taras, jak i niewielki skwer przed biurowcem. Klasyczny kszta\u0142t sprawia, \u017ce model Giacomo pasuje do r\u00f3\u017cnych aran\u017cacji ogrodu, zawsze uwydatniaj\u0105c przy tym pi\u0119kno ro\u015blin. Przy u\u017cyciu tej donicy przesadzanie kwiat\u00f3w jest niezwykle \u0142atwe i wygodne.<\/p>\n<h2><strong>Aran\u017cacja ogrodu z donic\u0105 betonow\u0105 \u2013 nasze propozycje<\/strong><\/h2>\n<p>Donice ogrodowe nadaj\u0105 zielonej przestrzeni indywidualnego stylu i charakteru. To dobry spos\u00f3b na to, aby przedstawi\u0107 w\u0142asn\u0105 wizj\u0119 danego miejsca. Donica z betonu pasuje przede wszystkim do przestrzeni w nowoczesnym stylu. Jej uniwersalny kszta\u0142t sprawia, \u017ce \u015bwietnie sprawdzi si\u0119 r\u00f3wnie\u017c w klasycznych aran\u017cacjach ogrodu. Surowy beton i \u017cywe, zielone ro\u015bliny tworz\u0105 ciekawy kontrast, kt\u00f3ry urozmaici wygl\u0105d wszystkich zielonych teren\u00f3w. Jednocze\u015bnie donica jest na tyle obszerna, \u017ce z powodzeniem umie\u015bcimy na niej dowoln\u0105 kompozycj\u0119 ro\u015blinn\u0105. Dodatkowym atutem jest to, \u017ce\u00a0donica betonowa\u00a0nie wymaga szczeg\u00f3lnej troski z naszej strony \u2013 wystarczy co jaki\u015b czas usun\u0105\u0107 z niej zabrudzenia.<\/p>\n","protected":false},"excerpt":{"rendered":"<p>Donica Giacomo z betonu (ultra betonu). Wyst\u0119puje w trzech podstawowych kolorach : bia\u0142ym, szarym oraz czarnym. Donica produkowana jest w standardzie z otworami odp\u0142ywowymi. Waga donicy to: 80 kg, a wymiary: \u015brednica: 72 cm, wysoko\u015b\u0107: 78 cm.<\/p>\n","protected":false},"featured_media":58112,"template":"","meta":{"_acf_changed":false},"product_brand":[],"product_cat":[144],"product_tag":[445,444],"class_list":{"0":"post-50777","1":"product","2":"type-product","3":"status-publish","4":"has-post-thumbnail","6":"product_cat-donice-z-betonu","7":"product_tag-donice-betonowe","8":"product_tag-donice-ogrodowe","9":"description-off","10":"tm-has-options","12":"first","13":"instock","14":"shipping-taxable","15":"purchasable","16":"product-type-simple"},"acf":[],"yoast_head":"<!-- This site is optimized with the Yoast SEO plugin v27.5 - https:\/\/yoast.com\/product\/yoast-seo-wordpress\/ -->\n<title>Donica Betonowa Klasyczna Elegancka Mrozoodporna GIACOMO<\/title>\n<meta name=\"description\" content=\"Mrozoodporna donica betonowa Giacomo. Po\u0142\u0105czenie klasycznego designu z najwy\u017csz\u0105 jako\u015bci\u0105 betonu architektonicznego oraz praktycznym kszta\u0142tem.\" \/>\n<meta name=\"robots\" content=\"index, follow, max-snippet:-1, max-image-preview:large, max-video-preview:-1\" \/>\n<link rel=\"canonical\" href=\"https:\/\/worldofflowerpots.com\/sklep\/donica-betonowa-giacomo\/\" \/>\n<meta property=\"og:locale\" content=\"pl_PL\" \/>\n<meta property=\"og:type\" content=\"article\" \/>\n<meta property=\"og:title\" content=\"Donica Betonowa Klasyczna Elegancka Mrozoodporna GIACOMO\" \/>\n<meta property=\"og:description\" content=\"Mrozoodporna donica betonowa Giacomo. Po\u0142\u0105czenie klasycznego designu z najwy\u017csz\u0105 jako\u015bci\u0105 betonu architektonicznego oraz praktycznym kszta\u0142tem.\" \/>\n<meta property=\"og:url\" content=\"https:\/\/worldofflowerpots.com\/sklep\/donica-betonowa-giacomo\/\" \/>\n<meta property=\"og:site_name\" content=\"World of Flowerpots\" \/>\n<meta property=\"article:modified_time\" content=\"2019-04-16T10:00:11+00:00\" \/>\n<meta property=\"og:image\" content=\"https:\/\/worldofflowerpots.com\/wp-content\/uploads\/2019\/01\/donica-betonowa-Giacomo.jpg\" \/>\n\t<meta property=\"og:image:width\" content=\"1920\" \/>\n\t<meta property=\"og:image:height\" content=\"1080\" \/>\n\t<meta property=\"og:image:type\" content=\"image\/jpeg\" \/>\n<meta name=\"twitter:card\" content=\"summary_large_image\" \/>\n<meta name=\"twitter:label1\" content=\"Szacowany czas czytania\" \/>\n\t<meta name=\"twitter:data1\" content=\"2 minuty\" \/>\n<script type=\"application\/ld+json\" class=\"yoast-schema-graph\">{\"@context\":\"https:\\\/\\\/schema.org\",\"@graph\":[{\"@type\":\"WebPage\",\"@id\":\"https:\\\/\\\/worldofflowerpots.com\\\/sklep\\\/donica-betonowa-giacomo\\\/\",\"url\":\"https:\\\/\\\/worldofflowerpots.com\\\/sklep\\\/donica-betonowa-giacomo\\\/\",\"name\":\"Donica Betonowa Klasyczna Elegancka Mrozoodporna GIACOMO\",\"isPartOf\":{\"@id\":\"https:\\\/\\\/worldofflowerpots.com\\\/#website\"},\"primaryImageOfPage\":{\"@id\":\"https:\\\/\\\/worldofflowerpots.com\\\/sklep\\\/donica-betonowa-giacomo\\\/#primaryimage\"},\"image\":{\"@id\":\"https:\\\/\\\/worldofflowerpots.com\\\/sklep\\\/donica-betonowa-giacomo\\\/#primaryimage\"},\"thumbnailUrl\":\"https:\\\/\\\/worldofflowerpots.com\\\/wp-content\\\/uploads\\\/2019\\\/01\\\/donica-betonowa-Giacomo.jpg\",\"datePublished\":\"2019-01-18T14:06:24+00:00\",\"dateModified\":\"2019-04-16T10:00:11+00:00\",\"description\":\"Mrozoodporna donica betonowa Giacomo. Po\u0142\u0105czenie klasycznego designu z najwy\u017csz\u0105 jako\u015bci\u0105 betonu architektonicznego oraz praktycznym kszta\u0142tem.\",\"breadcrumb\":{\"@id\":\"https:\\\/\\\/worldofflowerpots.com\\\/sklep\\\/donica-betonowa-giacomo\\\/#breadcrumb\"},\"inLanguage\":\"pl-PL\",\"potentialAction\":[{\"@type\":\"ReadAction\",\"target\":[\"https:\\\/\\\/worldofflowerpots.com\\\/sklep\\\/donica-betonowa-giacomo\\\/\"]}]},{\"@type\":\"ImageObject\",\"inLanguage\":\"pl-PL\",\"@id\":\"https:\\\/\\\/worldofflowerpots.com\\\/sklep\\\/donica-betonowa-giacomo\\\/#primaryimage\",\"url\":\"https:\\\/\\\/worldofflowerpots.com\\\/wp-content\\\/uploads\\\/2019\\\/01\\\/donica-betonowa-Giacomo.jpg\",\"contentUrl\":\"https:\\\/\\\/worldofflowerpots.com\\\/wp-content\\\/uploads\\\/2019\\\/01\\\/donica-betonowa-Giacomo.jpg\",\"width\":1920,\"height\":1080},{\"@type\":\"BreadcrumbList\",\"@id\":\"https:\\\/\\\/worldofflowerpots.com\\\/sklep\\\/donica-betonowa-giacomo\\\/#breadcrumb\",\"itemListElement\":[{\"@type\":\"ListItem\",\"position\":1,\"name\":\"Strona g\u0142\u00f3wna\",\"item\":\"https:\\\/\\\/worldofflowerpots.com\\\/\"},{\"@type\":\"ListItem\",\"position\":2,\"name\":\"Sklep\",\"item\":\"https:\\\/\\\/worldofflowerpots.com\\\/sklep\\\/\"},{\"@type\":\"ListItem\",\"position\":3,\"name\":\"Donica Betonowa Giacomo\"}]},{\"@type\":\"WebSite\",\"@id\":\"https:\\\/\\\/worldofflowerpots.com\\\/#website\",\"url\":\"https:\\\/\\\/worldofflowerpots.com\\\/\",\"name\":\"World of Flowerpots\",\"description\":\"producent donic ozdobnych\",\"potentialAction\":[{\"@type\":\"SearchAction\",\"target\":{\"@type\":\"EntryPoint\",\"urlTemplate\":\"https:\\\/\\\/worldofflowerpots.com\\\/?s={search_term_string}\"},\"query-input\":{\"@type\":\"PropertyValueSpecification\",\"valueRequired\":true,\"valueName\":\"search_term_string\"}}],\"inLanguage\":\"pl-PL\"}]}<\/script>\n<!-- \/ Yoast SEO plugin. -->","yoast_head_json":{"title":"Donica Betonowa Klasyczna Elegancka Mrozoodporna GIACOMO","description":"Mrozoodporna donica betonowa Giacomo. Po\u0142\u0105czenie klasycznego designu z najwy\u017csz\u0105 jako\u015bci\u0105 betonu architektonicznego oraz praktycznym kszta\u0142tem.","robots":{"index":"index","follow":"follow","max-snippet":"max-snippet:-1","max-image-preview":"max-image-preview:large","max-video-preview":"max-video-preview:-1"},"canonical":"https:\/\/worldofflowerpots.com\/sklep\/donica-betonowa-giacomo\/","og_locale":"pl_PL","og_type":"article","og_title":"Donica Betonowa Klasyczna Elegancka Mrozoodporna GIACOMO","og_description":"Mrozoodporna donica betonowa Giacomo. Po\u0142\u0105czenie klasycznego designu z najwy\u017csz\u0105 jako\u015bci\u0105 betonu architektonicznego oraz praktycznym kszta\u0142tem.","og_url":"https:\/\/worldofflowerpots.com\/sklep\/donica-betonowa-giacomo\/","og_site_name":"World of Flowerpots","article_modified_time":"2019-04-16T10:00:11+00:00","og_image":[{"width":1920,"height":1080,"url":"https:\/\/worldofflowerpots.com\/wp-content\/uploads\/2019\/01\/donica-betonowa-Giacomo.jpg","type":"image\/jpeg"}],"twitter_card":"summary_large_image","twitter_misc":{"Szacowany czas czytania":"2 minuty"},"schema":{"@context":"https:\/\/schema.org","@graph":[{"@type":"WebPage","@id":"https:\/\/worldofflowerpots.com\/sklep\/donica-betonowa-giacomo\/","url":"https:\/\/worldofflowerpots.com\/sklep\/donica-betonowa-giacomo\/","name":"Donica Betonowa Klasyczna Elegancka Mrozoodporna GIACOMO","isPartOf":{"@id":"https:\/\/worldofflowerpots.com\/#website"},"primaryImageOfPage":{"@id":"https:\/\/worldofflowerpots.com\/sklep\/donica-betonowa-giacomo\/#primaryimage"},"image":{"@id":"https:\/\/worldofflowerpots.com\/sklep\/donica-betonowa-giacomo\/#primaryimage"},"thumbnailUrl":"https:\/\/worldofflowerpots.com\/wp-content\/uploads\/2019\/01\/donica-betonowa-Giacomo.jpg","datePublished":"2019-01-18T14:06:24+00:00","dateModified":"2019-04-16T10:00:11+00:00","description":"Mrozoodporna donica betonowa Giacomo. Po\u0142\u0105czenie klasycznego designu z najwy\u017csz\u0105 jako\u015bci\u0105 betonu architektonicznego oraz praktycznym kszta\u0142tem.","breadcrumb":{"@id":"https:\/\/worldofflowerpots.com\/sklep\/donica-betonowa-giacomo\/#breadcrumb"},"inLanguage":"pl-PL","potentialAction":[{"@type":"ReadAction","target":["https:\/\/worldofflowerpots.com\/sklep\/donica-betonowa-giacomo\/"]}]},{"@type":"ImageObject","inLanguage":"pl-PL","@id":"https:\/\/worldofflowerpots.com\/sklep\/donica-betonowa-giacomo\/#primaryimage","url":"https:\/\/worldofflowerpots.com\/wp-content\/uploads\/2019\/01\/donica-betonowa-Giacomo.jpg","contentUrl":"https:\/\/worldofflowerpots.com\/wp-content\/uploads\/2019\/01\/donica-betonowa-Giacomo.jpg","width":1920,"height":1080},{"@type":"BreadcrumbList","@id":"https:\/\/worldofflowerpots.com\/sklep\/donica-betonowa-giacomo\/#breadcrumb","itemListElement":[{"@type":"ListItem","position":1,"name":"Strona g\u0142\u00f3wna","item":"https:\/\/worldofflowerpots.com\/"},{"@type":"ListItem","position":2,"name":"Sklep","item":"https:\/\/worldofflowerpots.com\/sklep\/"},{"@type":"ListItem","position":3,"name":"Donica Betonowa Giacomo"}]},{"@type":"WebSite","@id":"https:\/\/worldofflowerpots.com\/#website","url":"https:\/\/worldofflowerpots.com\/","name":"World of Flowerpots","description":"producent donic ozdobnych","potentialAction":[{"@type":"SearchAction","target":{"@type":"EntryPoint","urlTemplate":"https:\/\/worldofflowerpots.com\/?s={search_term_string}"},"query-input":{"@type":"PropertyValueSpecification","valueRequired":true,"valueName":"search_term_string"}}],"inLanguage":"pl-PL"}]}},"_links":{"self":[{"href":"https:\/\/worldofflowerpots.com\/pl\/wp-json\/wp\/v2\/product\/50777","targetHints":{"allow":["GET"]}}],"collection":[{"href":"https:\/\/worldofflowerpots.com\/pl\/wp-json\/wp\/v2\/product"}],"about":[{"href":"https:\/\/worldofflowerpots.com\/pl\/wp-json\/wp\/v2\/types\/product"}],"wp:featuredmedia":[{"embeddable":true,"href":"https:\/\/worldofflowerpots.com\/pl\/wp-json\/wp\/v2\/media\/58112"}],"wp:attachment":[{"href":"https:\/\/worldofflowerpots.com\/pl\/wp-json\/wp\/v2\/media?parent=50777"}],"wp:term":[{"taxonomy":"product_brand","embeddable":true,"href":"https:\/\/worldofflowerpots.com\/pl\/wp-json\/wp\/v2\/product_brand?post=50777"},{"taxonomy":"product_cat","embeddable":true,"href":"https:\/\/worldofflowerpots.com\/pl\/wp-json\/wp\/v2\/product_cat?post=50777"},{"taxonomy":"product_tag","embeddable":true,"href":"https:\/\/worldofflowerpots.com\/pl\/wp-json\/wp\/v2\/product_tag?post=50777"}],"curies":[{"name":"wp","href":"https:\/\/api.w.org\/{rel}","templated":true}]}}