{"id":50778,"date":"2019-01-18T15:06:24","date_gmt":"2019-01-18T14:06:24","guid":{"rendered":"https:\/\/worldofflowerpots.com\/product\/import-placeholder-for-135\/"},"modified":"2019-04-16T12:01:24","modified_gmt":"2019-04-16T10:01:24","slug":"nowoczesna-donica-betonowa-pietro","status":"publish","type":"product","link":"https:\/\/worldofflowerpots.com\/pl\/sklep\/nowoczesna-donica-betonowa-pietro\/","title":{"rendered":"Nowoczesna Donica Betonowa Pietro"},"content":{"rendered":"<p><img loading=\"lazy\" decoding=\"async\" class=\"aligncenter wp-image-59007 size-full\" src=\"https:\/\/worldofflowerpots.com\/wp-content\/uploads\/2016\/12\/przygotowanie-donic-do-u\u017cytkowania-2.png\" alt=\"\" width=\"836\" height=\"598\" srcset=\"https:\/\/worldofflowerpots.com\/wp-content\/uploads\/2016\/12\/przygotowanie-donic-do-u\u017cytkowania-2.png 836w, https:\/\/worldofflowerpots.com\/wp-content\/uploads\/2016\/12\/przygotowanie-donic-do-u\u017cytkowania-2-300x215.png 300w, https:\/\/worldofflowerpots.com\/wp-content\/uploads\/2016\/12\/przygotowanie-donic-do-u\u017cytkowania-2-768x549.png 768w, https:\/\/worldofflowerpots.com\/wp-content\/uploads\/2016\/12\/przygotowanie-donic-do-u\u017cytkowania-2-600x429.png 600w\" sizes=\"auto, (max-width: 836px) 100vw, 836px\" \/><\/p>\n<p>Ogr\u00f3d to nie tylko miejsce, gdzie si\u0119 mo\u017cna zrelaksowa\u0107 samemu lub podczas rodzinno przyjacielskich spotka\u0144. Ogrodnictwo coraz cz\u0119\u015bciej staje si\u0119 pasj\u0105 sam\u0105 w sobie, a uprawianie i dbanie o ro\u015blinno\u015b\u0107 sposobem na sp\u0119dzenie wolnego czasu. Im \u0142adniejszy i lepiej zadbany ogr\u00f3d, tym przyjemniej sp\u0119dza si\u0119 w nim czas. Wa\u017cnym czynnikiem jest dob\u00f3r odpowiednich donic i innych element\u00f3w wp\u0142ywaj\u0105cych na wygl\u0105d ca\u0142o\u015bci. Do du\u017cych ogrod\u00f3w pi\u0119knie sprawdzaj\u0105 si\u0119 nasze donice betonowe XXL.<\/p>\n<h2>Donice z betonu.<\/h2>\n<p>Nowoczesna donica betonowa Pietro to idealne rozwi\u0105zanie dla wszystkich os\u00f3b ceni\u0105cych sobie jako\u015b\u0107 i solidno\u015b\u0107 wykonania bez kompromisu z og\u00f3lnym wygl\u0105dem i funkcjonalno\u015bci\u0105 produktu. Dzi\u0119ki u\u017cyciu ultra betonu donice Pietro s\u0105 nie tylko wytrzyma\u0142e, ale tak\u017ce cechuj\u0105 si\u0119 nowoczesnym stylem i przyci\u0105gaj\u0105 uwag\u0119. Du\u017ce donice betonowe to tak\u017ce mo\u017cliwo\u015b\u0107 dowolnego \u0142\u0105czenia i komponowania ro\u015blinno\u015bci wed\u0142ug naszego uznania. Z kolei mo\u017cliwo\u015b\u0107 wyboru pomi\u0119dzy trzema kolorami (bia\u0142y, szary i czarny) sprawia, \u017ce donice z betonu dopasuj\u0105 si\u0119 kolorystycznie do ka\u017cdego klimatu i charakteru ogrodu.<\/p>\n<h2>Du\u017ce donice betonowe nie tylko do ogrodu.<\/h2>\n<p>Imponuj\u0105ce rozmiary donic Pietro, mo\u017cliwo\u015b\u0107 doboru kolor\u00f3w i solidna jako\u015b\u0107 wykonania sprawiaj\u0105, \u017ce donice te sprawdz\u0105 si\u0119 nie tylko w ogrodzie, ale tak\u017ce teoretycznie mniej przyjaznym i trudniejszym do utrzymania otoczeniu. Park w mie\u015bcie, bulwar, budynki u\u017cyteczno\u015bci publicznej to takie miejsca, w kt\u00f3rych donice czy nawet sama ro\u015blinno\u015b\u0107 jest nara\u017cona na r\u00f3\u017cne czynniki atmosferyczne i zewn\u0119trzne. Deszcz, \u015bnieg, gradobicie, silne wiatry, a tak\u017ce dzia\u0142alno\u015b\u0107 cz\u0142owieka albo zwierz\u0105t mo\u017ce wp\u0142ywa\u0107 na \u017cywotno\u015b\u0107 ro\u015blin i stopie\u0144 zniszczenia donic. Du\u017ce donice betonowe Pietro poradz\u0105 sobie jednak w takich warunkach, dzi\u0119ki zastosowaniu ultra betonu, kt\u00f3ry jest trwalszy od zwyk\u0142ego betonu. Ponadto waga i rozmiar donic skutecznie zniech\u0119ca do pr\u00f3b ich ewentualnej kradzie\u017cy. Du\u017ca waga wytrzyma tak\u017ce mocne podmuchy wiatru.<\/p>\n<p>Nowoczesna donica betonowa Pietro jest \u015bwietnym rozwi\u0105zaniem zar\u00f3wno do przydomowych ogrod\u00f3w, jak i do miejsc cz\u0119\u015bciej ucz\u0119szczanych. Jej spore rozmiary pozwalaj\u0105 na zasadzenie r\u00f3\u017cnorodnej ro\u015blinno\u015bci, pocz\u0105wszy od niewielkich drzew owocowych albo ozdobnych, przez roz\u0142o\u017cyste krzewy i nowoczesne trawy, a na swojskich kwiatach ko\u0144cz\u0105c. Ich zakup jest gwarancj\u0105 d\u0142ugoletniego u\u017cytkowania.<\/p>\n<p>Ogr\u00f3d to cz\u0119sto inwestycja na lata i jako takiej nale\u017cy jej si\u0119 specjalne traktowanie. Zakup odpowiednich narz\u0119dzi i produkt\u00f3w to nie wszystko, warto zadba\u0107 o jako\u015b\u0107 tych rzeczy, \u017ceby cieszy\u0142y oko przez d\u0142ugie lata i nie wymaga\u0142y dodatkowej pracy po ka\u017cdym sezonie.<\/p>\n","protected":false},"excerpt":{"rendered":"<p>Donica Pietro z betonu (ultra betonu). Wyst\u0119puje w trzech podstawowych kolorach: bia\u0142ym, szarym oraz czarnym. Donica produkowana jest w standardzie z otworami odp\u0142ywowymi. Waga donicy to: 200 kg, a wymiary:\u00a0 \u015brednica: 126,5cm, wysoko\u015b\u0107: 84cm.<\/p>\n","protected":false},"featured_media":58122,"template":"","meta":{"_acf_changed":false},"product_brand":[],"product_cat":[144],"product_tag":[445,444],"class_list":{"0":"post-50778","1":"product","2":"type-product","3":"status-publish","4":"has-post-thumbnail","6":"product_cat-donice-z-betonu","7":"product_tag-donice-betonowe","8":"product_tag-donice-ogrodowe","9":"description-off","10":"tm-has-options","12":"first","13":"instock","14":"shipping-taxable","15":"purchasable","16":"product-type-simple"},"acf":[],"yoast_head":"<!-- This site is optimized with the Yoast SEO plugin v27.5 - https:\/\/yoast.com\/product\/yoast-seo-wordpress\/ -->\n<title>Nowoczesna donica betonowa Pietro - Du\u017ca i Funkcjonalna<\/title>\n<meta name=\"description\" content=\"Idealnie g\u0142adka powierzchnia, nowoczesna stylistyka, funkcjonalno\u015b\u0107. Nowoczesna donica betonowa Pietro o du\u017cych rozmiarach i \u015brednicy.\" \/>\n<meta name=\"robots\" content=\"index, follow, max-snippet:-1, max-image-preview:large, max-video-preview:-1\" \/>\n<link rel=\"canonical\" href=\"https:\/\/worldofflowerpots.com\/sklep\/nowoczesna-donica-betonowa-pietro\/\" \/>\n<meta property=\"og:locale\" content=\"pl_PL\" \/>\n<meta property=\"og:type\" content=\"article\" \/>\n<meta property=\"og:title\" content=\"Nowoczesna donica betonowa Pietro - Du\u017ca i Funkcjonalna\" \/>\n<meta property=\"og:description\" content=\"Idealnie g\u0142adka powierzchnia, nowoczesna stylistyka, funkcjonalno\u015b\u0107. Nowoczesna donica betonowa Pietro o du\u017cych rozmiarach i \u015brednicy.\" \/>\n<meta property=\"og:url\" content=\"https:\/\/worldofflowerpots.com\/sklep\/nowoczesna-donica-betonowa-pietro\/\" \/>\n<meta property=\"og:site_name\" content=\"World of Flowerpots\" \/>\n<meta property=\"article:modified_time\" content=\"2019-04-16T10:01:24+00:00\" \/>\n<meta property=\"og:image\" content=\"https:\/\/worldofflowerpots.com\/wp-content\/uploads\/2019\/01\/Nowoczesna-donica-betonowa-Pietro.jpg\" \/>\n\t<meta property=\"og:image:width\" content=\"1920\" \/>\n\t<meta property=\"og:image:height\" content=\"1080\" \/>\n\t<meta property=\"og:image:type\" content=\"image\/jpeg\" \/>\n<meta name=\"twitter:card\" content=\"summary_large_image\" \/>\n<meta name=\"twitter:label1\" content=\"Szacowany czas czytania\" \/>\n\t<meta name=\"twitter:data1\" content=\"2 minuty\" \/>\n<script type=\"application\/ld+json\" class=\"yoast-schema-graph\">{\"@context\":\"https:\\\/\\\/schema.org\",\"@graph\":[{\"@type\":\"WebPage\",\"@id\":\"https:\\\/\\\/worldofflowerpots.com\\\/sklep\\\/nowoczesna-donica-betonowa-pietro\\\/\",\"url\":\"https:\\\/\\\/worldofflowerpots.com\\\/sklep\\\/nowoczesna-donica-betonowa-pietro\\\/\",\"name\":\"Nowoczesna donica betonowa Pietro - Du\u017ca i Funkcjonalna\",\"isPartOf\":{\"@id\":\"https:\\\/\\\/worldofflowerpots.com\\\/#website\"},\"primaryImageOfPage\":{\"@id\":\"https:\\\/\\\/worldofflowerpots.com\\\/sklep\\\/nowoczesna-donica-betonowa-pietro\\\/#primaryimage\"},\"image\":{\"@id\":\"https:\\\/\\\/worldofflowerpots.com\\\/sklep\\\/nowoczesna-donica-betonowa-pietro\\\/#primaryimage\"},\"thumbnailUrl\":\"https:\\\/\\\/worldofflowerpots.com\\\/wp-content\\\/uploads\\\/2019\\\/01\\\/Nowoczesna-donica-betonowa-Pietro.jpg\",\"datePublished\":\"2019-01-18T14:06:24+00:00\",\"dateModified\":\"2019-04-16T10:01:24+00:00\",\"description\":\"Idealnie g\u0142adka powierzchnia, nowoczesna stylistyka, funkcjonalno\u015b\u0107. Nowoczesna donica betonowa Pietro o du\u017cych rozmiarach i \u015brednicy.\",\"breadcrumb\":{\"@id\":\"https:\\\/\\\/worldofflowerpots.com\\\/sklep\\\/nowoczesna-donica-betonowa-pietro\\\/#breadcrumb\"},\"inLanguage\":\"pl-PL\",\"potentialAction\":[{\"@type\":\"ReadAction\",\"target\":[\"https:\\\/\\\/worldofflowerpots.com\\\/sklep\\\/nowoczesna-donica-betonowa-pietro\\\/\"]}]},{\"@type\":\"ImageObject\",\"inLanguage\":\"pl-PL\",\"@id\":\"https:\\\/\\\/worldofflowerpots.com\\\/sklep\\\/nowoczesna-donica-betonowa-pietro\\\/#primaryimage\",\"url\":\"https:\\\/\\\/worldofflowerpots.com\\\/wp-content\\\/uploads\\\/2019\\\/01\\\/Nowoczesna-donica-betonowa-Pietro.jpg\",\"contentUrl\":\"https:\\\/\\\/worldofflowerpots.com\\\/wp-content\\\/uploads\\\/2019\\\/01\\\/Nowoczesna-donica-betonowa-Pietro.jpg\",\"width\":1920,\"height\":1080},{\"@type\":\"BreadcrumbList\",\"@id\":\"https:\\\/\\\/worldofflowerpots.com\\\/sklep\\\/nowoczesna-donica-betonowa-pietro\\\/#breadcrumb\",\"itemListElement\":[{\"@type\":\"ListItem\",\"position\":1,\"name\":\"Strona g\u0142\u00f3wna\",\"item\":\"https:\\\/\\\/worldofflowerpots.com\\\/\"},{\"@type\":\"ListItem\",\"position\":2,\"name\":\"Sklep\",\"item\":\"https:\\\/\\\/worldofflowerpots.com\\\/sklep\\\/\"},{\"@type\":\"ListItem\",\"position\":3,\"name\":\"Nowoczesna Donica Betonowa Pietro\"}]},{\"@type\":\"WebSite\",\"@id\":\"https:\\\/\\\/worldofflowerpots.com\\\/#website\",\"url\":\"https:\\\/\\\/worldofflowerpots.com\\\/\",\"name\":\"World of Flowerpots\",\"description\":\"producent donic ozdobnych\",\"potentialAction\":[{\"@type\":\"SearchAction\",\"target\":{\"@type\":\"EntryPoint\",\"urlTemplate\":\"https:\\\/\\\/worldofflowerpots.com\\\/?s={search_term_string}\"},\"query-input\":{\"@type\":\"PropertyValueSpecification\",\"valueRequired\":true,\"valueName\":\"search_term_string\"}}],\"inLanguage\":\"pl-PL\"}]}<\/script>\n<!-- \/ Yoast SEO plugin. -->","yoast_head_json":{"title":"Nowoczesna donica betonowa Pietro - Du\u017ca i Funkcjonalna","description":"Idealnie g\u0142adka powierzchnia, nowoczesna stylistyka, funkcjonalno\u015b\u0107. Nowoczesna donica betonowa Pietro o du\u017cych rozmiarach i \u015brednicy.","robots":{"index":"index","follow":"follow","max-snippet":"max-snippet:-1","max-image-preview":"max-image-preview:large","max-video-preview":"max-video-preview:-1"},"canonical":"https:\/\/worldofflowerpots.com\/sklep\/nowoczesna-donica-betonowa-pietro\/","og_locale":"pl_PL","og_type":"article","og_title":"Nowoczesna donica betonowa Pietro - Du\u017ca i Funkcjonalna","og_description":"Idealnie g\u0142adka powierzchnia, nowoczesna stylistyka, funkcjonalno\u015b\u0107. Nowoczesna donica betonowa Pietro o du\u017cych rozmiarach i \u015brednicy.","og_url":"https:\/\/worldofflowerpots.com\/sklep\/nowoczesna-donica-betonowa-pietro\/","og_site_name":"World of Flowerpots","article_modified_time":"2019-04-16T10:01:24+00:00","og_image":[{"width":1920,"height":1080,"url":"https:\/\/worldofflowerpots.com\/wp-content\/uploads\/2019\/01\/Nowoczesna-donica-betonowa-Pietro.jpg","type":"image\/jpeg"}],"twitter_card":"summary_large_image","twitter_misc":{"Szacowany czas czytania":"2 minuty"},"schema":{"@context":"https:\/\/schema.org","@graph":[{"@type":"WebPage","@id":"https:\/\/worldofflowerpots.com\/sklep\/nowoczesna-donica-betonowa-pietro\/","url":"https:\/\/worldofflowerpots.com\/sklep\/nowoczesna-donica-betonowa-pietro\/","name":"Nowoczesna donica betonowa Pietro - Du\u017ca i Funkcjonalna","isPartOf":{"@id":"https:\/\/worldofflowerpots.com\/#website"},"primaryImageOfPage":{"@id":"https:\/\/worldofflowerpots.com\/sklep\/nowoczesna-donica-betonowa-pietro\/#primaryimage"},"image":{"@id":"https:\/\/worldofflowerpots.com\/sklep\/nowoczesna-donica-betonowa-pietro\/#primaryimage"},"thumbnailUrl":"https:\/\/worldofflowerpots.com\/wp-content\/uploads\/2019\/01\/Nowoczesna-donica-betonowa-Pietro.jpg","datePublished":"2019-01-18T14:06:24+00:00","dateModified":"2019-04-16T10:01:24+00:00","description":"Idealnie g\u0142adka powierzchnia, nowoczesna stylistyka, funkcjonalno\u015b\u0107. Nowoczesna donica betonowa Pietro o du\u017cych rozmiarach i \u015brednicy.","breadcrumb":{"@id":"https:\/\/worldofflowerpots.com\/sklep\/nowoczesna-donica-betonowa-pietro\/#breadcrumb"},"inLanguage":"pl-PL","potentialAction":[{"@type":"ReadAction","target":["https:\/\/worldofflowerpots.com\/sklep\/nowoczesna-donica-betonowa-pietro\/"]}]},{"@type":"ImageObject","inLanguage":"pl-PL","@id":"https:\/\/worldofflowerpots.com\/sklep\/nowoczesna-donica-betonowa-pietro\/#primaryimage","url":"https:\/\/worldofflowerpots.com\/wp-content\/uploads\/2019\/01\/Nowoczesna-donica-betonowa-Pietro.jpg","contentUrl":"https:\/\/worldofflowerpots.com\/wp-content\/uploads\/2019\/01\/Nowoczesna-donica-betonowa-Pietro.jpg","width":1920,"height":1080},{"@type":"BreadcrumbList","@id":"https:\/\/worldofflowerpots.com\/sklep\/nowoczesna-donica-betonowa-pietro\/#breadcrumb","itemListElement":[{"@type":"ListItem","position":1,"name":"Strona g\u0142\u00f3wna","item":"https:\/\/worldofflowerpots.com\/"},{"@type":"ListItem","position":2,"name":"Sklep","item":"https:\/\/worldofflowerpots.com\/sklep\/"},{"@type":"ListItem","position":3,"name":"Nowoczesna Donica Betonowa Pietro"}]},{"@type":"WebSite","@id":"https:\/\/worldofflowerpots.com\/#website","url":"https:\/\/worldofflowerpots.com\/","name":"World of Flowerpots","description":"producent donic ozdobnych","potentialAction":[{"@type":"SearchAction","target":{"@type":"EntryPoint","urlTemplate":"https:\/\/worldofflowerpots.com\/?s={search_term_string}"},"query-input":{"@type":"PropertyValueSpecification","valueRequired":true,"valueName":"search_term_string"}}],"inLanguage":"pl-PL"}]}},"_links":{"self":[{"href":"https:\/\/worldofflowerpots.com\/pl\/wp-json\/wp\/v2\/product\/50778","targetHints":{"allow":["GET"]}}],"collection":[{"href":"https:\/\/worldofflowerpots.com\/pl\/wp-json\/wp\/v2\/product"}],"about":[{"href":"https:\/\/worldofflowerpots.com\/pl\/wp-json\/wp\/v2\/types\/product"}],"wp:featuredmedia":[{"embeddable":true,"href":"https:\/\/worldofflowerpots.com\/pl\/wp-json\/wp\/v2\/media\/58122"}],"wp:attachment":[{"href":"https:\/\/worldofflowerpots.com\/pl\/wp-json\/wp\/v2\/media?parent=50778"}],"wp:term":[{"taxonomy":"product_brand","embeddable":true,"href":"https:\/\/worldofflowerpots.com\/pl\/wp-json\/wp\/v2\/product_brand?post=50778"},{"taxonomy":"product_cat","embeddable":true,"href":"https:\/\/worldofflowerpots.com\/pl\/wp-json\/wp\/v2\/product_cat?post=50778"},{"taxonomy":"product_tag","embeddable":true,"href":"https:\/\/worldofflowerpots.com\/pl\/wp-json\/wp\/v2\/product_tag?post=50778"}],"curies":[{"name":"wp","href":"https:\/\/api.w.org\/{rel}","templated":true}]}}