{"id":50785,"date":"2019-01-18T15:06:45","date_gmt":"2019-01-18T14:06:45","guid":{"rendered":"https:\/\/worldofflowerpots.com\/product\/import-placeholder-for-136\/"},"modified":"2019-04-16T11:36:47","modified_gmt":"2019-04-16T09:36:47","slug":"donice-betonowe-okragle-rebecca","status":"publish","type":"product","link":"https:\/\/worldofflowerpots.com\/pl\/sklep\/donice-betonowe-okragle-rebecca\/","title":{"rendered":"Donice betonowe okr\u0105g\u0142e Rebecca"},"content":{"rendered":"<p><img loading=\"lazy\" decoding=\"async\" class=\"aligncenter wp-image-59007 size-full\" src=\"https:\/\/worldofflowerpots.com\/wp-content\/uploads\/2016\/12\/przygotowanie-donic-do-u\u017cytkowania-2.png\" alt=\"\" width=\"836\" height=\"598\" srcset=\"https:\/\/worldofflowerpots.com\/wp-content\/uploads\/2016\/12\/przygotowanie-donic-do-u\u017cytkowania-2.png 836w, https:\/\/worldofflowerpots.com\/wp-content\/uploads\/2016\/12\/przygotowanie-donic-do-u\u017cytkowania-2-300x215.png 300w, https:\/\/worldofflowerpots.com\/wp-content\/uploads\/2016\/12\/przygotowanie-donic-do-u\u017cytkowania-2-768x549.png 768w, https:\/\/worldofflowerpots.com\/wp-content\/uploads\/2016\/12\/przygotowanie-donic-do-u\u017cytkowania-2-600x429.png 600w\" sizes=\"auto, (max-width: 836px) 100vw, 836px\" \/><\/p>\n<p>Donica Betonowa Rebecca z ultra betonu to najwy\u017cszej jako\u015bci donica betonowa okr\u0105g\u0142a. Wykonana z betonu mrozoodpornego o wysokiej wytrzyma\u0142o\u015bci. Do wyboru w trzech uniwersalnych kolorach: szarym, bia\u0142ym oraz czarnym. Donica posiada otw\u00f3r odp\u0142ywowy w dnie, co pozwala na uj\u015bcie nadmiaru wody. Waga donicy: 75 kg. \u015arednica (u g\u00f3ry): 66 cm. \u015arednica podstawy: 44 cm. Wysoko\u015b\u0107: 66,5 cm. Pojemno\u015b\u0107: 126 litr\u00f3w.<\/p>\n<h2><strong>Nowoczesny design<\/strong><\/h2>\n<p>Wygl\u0105d donicy zaprojektowali\u015bmy tak, aby spe\u0142nia\u0142 wymogi nowoczesnego designu, ale te\u017c dope\u0142nia\u0142 klasyczne aran\u017cacje. Donice betonowe okr\u0105g\u0142e doskonale dopasowuj\u0105 si\u0119 do aran\u017cacji w stylu wsp\u00f3\u0142czesnym jak i klasycznym. Ka\u017cda z donic ze wzgl\u0119du na zastosowany materia\u0142 wygl\u0105da inaczej co czyni j\u0105 wyj\u0105tkow\u0105. Uniwersalne kolory dopasowuj\u0105 si\u0119 do wszystkich koncepcji architektury ogrodowej i tarasowej.<\/p>\n<h2><strong>Najwy\u017csza jako\u015b\u0107 wykonania<\/strong><\/h2>\n<p>Mr\u00f3z cz\u0119sto niszczy elementy aran\u017cacji tarasu. Dlatego do produkcji Donicy Rebecca zastosowano beton z mrozoodporny i niezwykle wytrzyma\u0142y. Sprawia to, \u017ce nie oprze si\u0119 ona nawet najbardziej ekstremalnym warunkom atmosferycznym. Jest odporna na wilgo\u0107 oraz du\u017ce nas\u0142onecznienie. Warunki pogodowe nie wp\u0142ywaj\u0105 na zmiany wygl\u0105du donicy. Nabywaj\u0105c Donice Betonowe okr\u0105g\u0142e Rebecca, nabywa si\u0119 r\u00f3wnie\u017c pewno\u015b\u0107 co do niezmiennego wygl\u0105du tarasu po zimie. Kolor naszych donic jest taki sam przez wiele lat. Donica nie wymaga \u017cadnych dzia\u0142a\u0144 piel\u0119gnacyjnych ani impregnacji. Ewentualne zabrudzenia wystarczy sp\u0142uka\u0107 czyst\u0105 wod\u0105.<\/p>\n<h2><strong>Aran\u017cacja tarasu i ogrodu<\/strong><\/h2>\n<p>Ka\u017cda z naszych donic betonowych to ma\u0142e dzie\u0142o sztuki, poniewa\u017c ka\u017cda jest niepowtarzalna i r\u00f3\u017cni si\u0119 szczeg\u00f3\u0142ami. Donice betonowe okr\u0105g\u0142e s\u0105 wyj\u0105tkowo pi\u0119kne, co w po\u0142\u0105czeniu z zadban\u0105 ro\u015blinno\u015bci\u0105 tworzy osza\u0142amiaj\u0105cy efekt. Efekt kt\u00f3ry zachwyca ka\u017cdego dnia. Donice betonowe stanowi\u0105 wspania\u0142y wyr\u00f3\u017cnik aran\u017cacji ka\u017cdego rodzaju tarasu lub ogrodu. Charakteryzuj\u0105 si\u0119 du\u017c\u0105 uniwersalno\u015bci\u0105 i szerokimi mo\u017cliwo\u015bciami zastosowania. Dzi\u0119ki nim sprawisz, \u017ce Tw\u00f3j taras lub ogr\u00f3d nabierze nowego blasku.<\/p>\n","protected":false},"excerpt":{"rendered":"<p>Donica Rebecca z ultra betonu. Wyst\u0119puje w trzech podstawowych kolorach: bia\u0142ym, szarym oraz czarnym. Donica produkowana jest w standardzie z otworem odp\u0142ywowym. Waga donicy to: 75 kg, a wymiary: \u015brednica: 66 cm, wysoko\u015b\u0107: 66,5 cm.<\/p>\n","protected":false},"featured_media":58082,"template":"","meta":{"_acf_changed":false},"product_brand":[],"product_cat":[144],"product_tag":[445,444],"class_list":{"0":"post-50785","1":"product","2":"type-product","3":"status-publish","4":"has-post-thumbnail","6":"product_cat-donice-z-betonu","7":"product_tag-donice-betonowe","8":"product_tag-donice-ogrodowe","9":"description-off","10":"tm-has-options","12":"first","13":"instock","14":"shipping-taxable","15":"purchasable","16":"product-type-simple"},"acf":[],"yoast_head":"<!-- This site is optimized with the Yoast SEO plugin v27.5 - https:\/\/yoast.com\/product\/yoast-seo-wordpress\/ -->\n<title>Donice Betonowe Okr\u0105g\u0142e do ka\u017cdej przestrzeni REBECCA<\/title>\n<meta name=\"description\" content=\"Donica Betonowa Rebecca z ultra betonu to najwy\u017cszej jako\u015bci donica betonowa okr\u0105g\u0142a. Wykonana z betonu mrozoodpornego o wysokiej wytrzyma\u0142o\u015bci.\" \/>\n<meta name=\"robots\" content=\"index, follow, max-snippet:-1, max-image-preview:large, max-video-preview:-1\" \/>\n<link rel=\"canonical\" href=\"https:\/\/worldofflowerpots.com\/sklep\/donice-betonowe-okragle-rebecca\/\" \/>\n<meta property=\"og:locale\" content=\"pl_PL\" \/>\n<meta property=\"og:type\" content=\"article\" \/>\n<meta property=\"og:title\" content=\"Donice Betonowe Okr\u0105g\u0142e do ka\u017cdej przestrzeni REBECCA\" \/>\n<meta property=\"og:description\" content=\"Donica Betonowa Rebecca z ultra betonu to najwy\u017cszej jako\u015bci donica betonowa okr\u0105g\u0142a. Wykonana z betonu mrozoodpornego o wysokiej wytrzyma\u0142o\u015bci.\" \/>\n<meta property=\"og:url\" content=\"https:\/\/worldofflowerpots.com\/sklep\/donice-betonowe-okragle-rebecca\/\" \/>\n<meta property=\"og:site_name\" content=\"World of Flowerpots\" \/>\n<meta property=\"article:modified_time\" content=\"2019-04-16T09:36:47+00:00\" \/>\n<meta property=\"og:image\" content=\"https:\/\/worldofflowerpots.com\/wp-content\/uploads\/2019\/01\/donice-betonowe-okr\u0105g\u0142e-Rebecca.jpg\" \/>\n\t<meta property=\"og:image:width\" content=\"1920\" \/>\n\t<meta property=\"og:image:height\" content=\"1080\" \/>\n\t<meta property=\"og:image:type\" content=\"image\/jpeg\" \/>\n<meta name=\"twitter:card\" content=\"summary_large_image\" \/>\n<meta name=\"twitter:label1\" content=\"Szacowany czas czytania\" \/>\n\t<meta name=\"twitter:data1\" content=\"2 minuty\" \/>\n<script type=\"application\/ld+json\" class=\"yoast-schema-graph\">{\"@context\":\"https:\\\/\\\/schema.org\",\"@graph\":[{\"@type\":\"WebPage\",\"@id\":\"https:\\\/\\\/worldofflowerpots.com\\\/sklep\\\/donice-betonowe-okragle-rebecca\\\/\",\"url\":\"https:\\\/\\\/worldofflowerpots.com\\\/sklep\\\/donice-betonowe-okragle-rebecca\\\/\",\"name\":\"Donice Betonowe Okr\u0105g\u0142e do ka\u017cdej przestrzeni REBECCA\",\"isPartOf\":{\"@id\":\"https:\\\/\\\/worldofflowerpots.com\\\/#website\"},\"primaryImageOfPage\":{\"@id\":\"https:\\\/\\\/worldofflowerpots.com\\\/sklep\\\/donice-betonowe-okragle-rebecca\\\/#primaryimage\"},\"image\":{\"@id\":\"https:\\\/\\\/worldofflowerpots.com\\\/sklep\\\/donice-betonowe-okragle-rebecca\\\/#primaryimage\"},\"thumbnailUrl\":\"https:\\\/\\\/worldofflowerpots.com\\\/wp-content\\\/uploads\\\/2019\\\/01\\\/donice-betonowe-okr\u0105g\u0142e-Rebecca.jpg\",\"datePublished\":\"2019-01-18T14:06:45+00:00\",\"dateModified\":\"2019-04-16T09:36:47+00:00\",\"description\":\"Donica Betonowa Rebecca z ultra betonu to najwy\u017cszej jako\u015bci donica betonowa okr\u0105g\u0142a. Wykonana z betonu mrozoodpornego o wysokiej wytrzyma\u0142o\u015bci.\",\"breadcrumb\":{\"@id\":\"https:\\\/\\\/worldofflowerpots.com\\\/sklep\\\/donice-betonowe-okragle-rebecca\\\/#breadcrumb\"},\"inLanguage\":\"pl-PL\",\"potentialAction\":[{\"@type\":\"ReadAction\",\"target\":[\"https:\\\/\\\/worldofflowerpots.com\\\/sklep\\\/donice-betonowe-okragle-rebecca\\\/\"]}]},{\"@type\":\"ImageObject\",\"inLanguage\":\"pl-PL\",\"@id\":\"https:\\\/\\\/worldofflowerpots.com\\\/sklep\\\/donice-betonowe-okragle-rebecca\\\/#primaryimage\",\"url\":\"https:\\\/\\\/worldofflowerpots.com\\\/wp-content\\\/uploads\\\/2019\\\/01\\\/donice-betonowe-okr\u0105g\u0142e-Rebecca.jpg\",\"contentUrl\":\"https:\\\/\\\/worldofflowerpots.com\\\/wp-content\\\/uploads\\\/2019\\\/01\\\/donice-betonowe-okr\u0105g\u0142e-Rebecca.jpg\",\"width\":1920,\"height\":1080},{\"@type\":\"BreadcrumbList\",\"@id\":\"https:\\\/\\\/worldofflowerpots.com\\\/sklep\\\/donice-betonowe-okragle-rebecca\\\/#breadcrumb\",\"itemListElement\":[{\"@type\":\"ListItem\",\"position\":1,\"name\":\"Strona g\u0142\u00f3wna\",\"item\":\"https:\\\/\\\/worldofflowerpots.com\\\/\"},{\"@type\":\"ListItem\",\"position\":2,\"name\":\"Sklep\",\"item\":\"https:\\\/\\\/worldofflowerpots.com\\\/sklep\\\/\"},{\"@type\":\"ListItem\",\"position\":3,\"name\":\"Donice betonowe okr\u0105g\u0142e Rebecca\"}]},{\"@type\":\"WebSite\",\"@id\":\"https:\\\/\\\/worldofflowerpots.com\\\/#website\",\"url\":\"https:\\\/\\\/worldofflowerpots.com\\\/\",\"name\":\"World of Flowerpots\",\"description\":\"producent donic ozdobnych\",\"potentialAction\":[{\"@type\":\"SearchAction\",\"target\":{\"@type\":\"EntryPoint\",\"urlTemplate\":\"https:\\\/\\\/worldofflowerpots.com\\\/?s={search_term_string}\"},\"query-input\":{\"@type\":\"PropertyValueSpecification\",\"valueRequired\":true,\"valueName\":\"search_term_string\"}}],\"inLanguage\":\"pl-PL\"}]}<\/script>\n<!-- \/ Yoast SEO plugin. -->","yoast_head_json":{"title":"Donice Betonowe Okr\u0105g\u0142e do ka\u017cdej przestrzeni REBECCA","description":"Donica Betonowa Rebecca z ultra betonu to najwy\u017cszej jako\u015bci donica betonowa okr\u0105g\u0142a. Wykonana z betonu mrozoodpornego o wysokiej wytrzyma\u0142o\u015bci.","robots":{"index":"index","follow":"follow","max-snippet":"max-snippet:-1","max-image-preview":"max-image-preview:large","max-video-preview":"max-video-preview:-1"},"canonical":"https:\/\/worldofflowerpots.com\/sklep\/donice-betonowe-okragle-rebecca\/","og_locale":"pl_PL","og_type":"article","og_title":"Donice Betonowe Okr\u0105g\u0142e do ka\u017cdej przestrzeni REBECCA","og_description":"Donica Betonowa Rebecca z ultra betonu to najwy\u017cszej jako\u015bci donica betonowa okr\u0105g\u0142a. Wykonana z betonu mrozoodpornego o wysokiej wytrzyma\u0142o\u015bci.","og_url":"https:\/\/worldofflowerpots.com\/sklep\/donice-betonowe-okragle-rebecca\/","og_site_name":"World of Flowerpots","article_modified_time":"2019-04-16T09:36:47+00:00","og_image":[{"width":1920,"height":1080,"url":"https:\/\/worldofflowerpots.com\/wp-content\/uploads\/2019\/01\/donice-betonowe-okr\u0105g\u0142e-Rebecca.jpg","type":"image\/jpeg"}],"twitter_card":"summary_large_image","twitter_misc":{"Szacowany czas czytania":"2 minuty"},"schema":{"@context":"https:\/\/schema.org","@graph":[{"@type":"WebPage","@id":"https:\/\/worldofflowerpots.com\/sklep\/donice-betonowe-okragle-rebecca\/","url":"https:\/\/worldofflowerpots.com\/sklep\/donice-betonowe-okragle-rebecca\/","name":"Donice Betonowe Okr\u0105g\u0142e do ka\u017cdej przestrzeni REBECCA","isPartOf":{"@id":"https:\/\/worldofflowerpots.com\/#website"},"primaryImageOfPage":{"@id":"https:\/\/worldofflowerpots.com\/sklep\/donice-betonowe-okragle-rebecca\/#primaryimage"},"image":{"@id":"https:\/\/worldofflowerpots.com\/sklep\/donice-betonowe-okragle-rebecca\/#primaryimage"},"thumbnailUrl":"https:\/\/worldofflowerpots.com\/wp-content\/uploads\/2019\/01\/donice-betonowe-okr\u0105g\u0142e-Rebecca.jpg","datePublished":"2019-01-18T14:06:45+00:00","dateModified":"2019-04-16T09:36:47+00:00","description":"Donica Betonowa Rebecca z ultra betonu to najwy\u017cszej jako\u015bci donica betonowa okr\u0105g\u0142a. Wykonana z betonu mrozoodpornego o wysokiej wytrzyma\u0142o\u015bci.","breadcrumb":{"@id":"https:\/\/worldofflowerpots.com\/sklep\/donice-betonowe-okragle-rebecca\/#breadcrumb"},"inLanguage":"pl-PL","potentialAction":[{"@type":"ReadAction","target":["https:\/\/worldofflowerpots.com\/sklep\/donice-betonowe-okragle-rebecca\/"]}]},{"@type":"ImageObject","inLanguage":"pl-PL","@id":"https:\/\/worldofflowerpots.com\/sklep\/donice-betonowe-okragle-rebecca\/#primaryimage","url":"https:\/\/worldofflowerpots.com\/wp-content\/uploads\/2019\/01\/donice-betonowe-okr\u0105g\u0142e-Rebecca.jpg","contentUrl":"https:\/\/worldofflowerpots.com\/wp-content\/uploads\/2019\/01\/donice-betonowe-okr\u0105g\u0142e-Rebecca.jpg","width":1920,"height":1080},{"@type":"BreadcrumbList","@id":"https:\/\/worldofflowerpots.com\/sklep\/donice-betonowe-okragle-rebecca\/#breadcrumb","itemListElement":[{"@type":"ListItem","position":1,"name":"Strona g\u0142\u00f3wna","item":"https:\/\/worldofflowerpots.com\/"},{"@type":"ListItem","position":2,"name":"Sklep","item":"https:\/\/worldofflowerpots.com\/sklep\/"},{"@type":"ListItem","position":3,"name":"Donice betonowe okr\u0105g\u0142e Rebecca"}]},{"@type":"WebSite","@id":"https:\/\/worldofflowerpots.com\/#website","url":"https:\/\/worldofflowerpots.com\/","name":"World of Flowerpots","description":"producent donic ozdobnych","potentialAction":[{"@type":"SearchAction","target":{"@type":"EntryPoint","urlTemplate":"https:\/\/worldofflowerpots.com\/?s={search_term_string}"},"query-input":{"@type":"PropertyValueSpecification","valueRequired":true,"valueName":"search_term_string"}}],"inLanguage":"pl-PL"}]}},"_links":{"self":[{"href":"https:\/\/worldofflowerpots.com\/pl\/wp-json\/wp\/v2\/product\/50785","targetHints":{"allow":["GET"]}}],"collection":[{"href":"https:\/\/worldofflowerpots.com\/pl\/wp-json\/wp\/v2\/product"}],"about":[{"href":"https:\/\/worldofflowerpots.com\/pl\/wp-json\/wp\/v2\/types\/product"}],"wp:featuredmedia":[{"embeddable":true,"href":"https:\/\/worldofflowerpots.com\/pl\/wp-json\/wp\/v2\/media\/58082"}],"wp:attachment":[{"href":"https:\/\/worldofflowerpots.com\/pl\/wp-json\/wp\/v2\/media?parent=50785"}],"wp:term":[{"taxonomy":"product_brand","embeddable":true,"href":"https:\/\/worldofflowerpots.com\/pl\/wp-json\/wp\/v2\/product_brand?post=50785"},{"taxonomy":"product_cat","embeddable":true,"href":"https:\/\/worldofflowerpots.com\/pl\/wp-json\/wp\/v2\/product_cat?post=50785"},{"taxonomy":"product_tag","embeddable":true,"href":"https:\/\/worldofflowerpots.com\/pl\/wp-json\/wp\/v2\/product_tag?post=50785"}],"curies":[{"name":"wp","href":"https:\/\/api.w.org\/{rel}","templated":true}]}}