{"id":50786,"date":"2019-01-18T15:06:45","date_gmt":"2019-01-18T14:06:45","guid":{"rendered":"https:\/\/worldofflowerpots.com\/product\/import-placeholder-for-137\/"},"modified":"2019-04-16T11:37:49","modified_gmt":"2019-04-16T09:37:49","slug":"donice-ogrodowe-betonowe-ricardo","status":"publish","type":"product","link":"https:\/\/worldofflowerpots.com\/pl\/sklep\/donice-ogrodowe-betonowe-ricardo\/","title":{"rendered":"Donice ogrodowe betonowe Ricardo"},"content":{"rendered":"<p><img loading=\"lazy\" decoding=\"async\" class=\"aligncenter wp-image-59007 size-full\" src=\"https:\/\/worldofflowerpots.com\/wp-content\/uploads\/2016\/12\/przygotowanie-donic-do-u\u017cytkowania-2.png\" alt=\"\" width=\"836\" height=\"598\" srcset=\"https:\/\/worldofflowerpots.com\/wp-content\/uploads\/2016\/12\/przygotowanie-donic-do-u\u017cytkowania-2.png 836w, https:\/\/worldofflowerpots.com\/wp-content\/uploads\/2016\/12\/przygotowanie-donic-do-u\u017cytkowania-2-300x215.png 300w, https:\/\/worldofflowerpots.com\/wp-content\/uploads\/2016\/12\/przygotowanie-donic-do-u\u017cytkowania-2-768x549.png 768w, https:\/\/worldofflowerpots.com\/wp-content\/uploads\/2016\/12\/przygotowanie-donic-do-u\u017cytkowania-2-600x429.png 600w\" sizes=\"auto, (max-width: 836px) 100vw, 836px\" \/><\/p>\n<p>Jak sprawi\u0107 by taras lub ogr\u00f3d zach\u0119ca\u0142 do wyj\u015bcia i przebywania w nim? Postawi\u0107 na pi\u0119kn\u0105 kompozycj\u0119 ro\u015blin oraz ich odpowiedni\u0105 aran\u017cacj\u0119. Chodzi tu nie tylko o ziele\u0144 rosn\u0105c\u0105 w gruncie, ale r\u00f3wnie\u017c tak\u0105, kt\u00f3ra ro\u015bnie w donicach. Powinny one tworzy\u0107 przenikaj\u0105c\u0105 si\u0119 ca\u0142o\u015b\u0107. W tym wypadku najlepiej postawi\u0107 na donice ogrodowe betonowe. Tworzywo to daje gwarancj\u0119, \u017ce przetrwa niskie i wysokie temperatury, a przy tym b\u0119dzie niezmiennie cieszy\u0107 oko i podkre\u015bla\u0107 urod\u0119 ro\u015bliny, kt\u00f3ra w nim ro\u015bnie.<\/p>\n<h2>Ultra beton<\/h2>\n<p>U\u017cyty do produkcji donic ultra beton to idealny materia\u0142 do zastosowania na zewn\u0105trz. Cechuje si\u0119 wysok\u0105 wytrzyma\u0142o\u015bci\u0105, znikom\u0105 nasi\u0105kliwo\u015bci\u0105 oraz odporno\u015bci\u0105 na czynnik zewn\u0119trzne. Dlatego donice ogrodowe wykonane z tego rodzaju betonu s\u0105 d\u0142ugowieczne i mrozoodporne. Dzi\u0119ki temu donica nie zmienia ani wygl\u0105du ani nie traci w\u0142a\u015bciwo\u015bci. Wr\u0119cz przeciwnie \u2013 nabiera coraz wi\u0119kszej wytrzyma\u0142o\u015bci z biegiem czasu. Co wa\u017cne ultra beton ma idealnie g\u0142adk\u0105 powierzchni\u0119, co jednocze\u015bnie daje mu trwa\u0142o\u015b\u0107, ale r\u00f3wnie\u017c elegancj\u0119.<\/p>\n<h2>Klasyczny kszta\u0142t<\/h2>\n<p>Donica Ricardo to dobry wyb\u00f3r dla os\u00f3b ceni\u0105cych proste formy. Klasyczny kszta\u0142t \u015bwietnie dopasuje si\u0119 do ka\u017cdego projektu przestrzeni zielonej, niewa\u017cne czy to przydomowy ogr\u00f3d czy taras w biurowcu albo miejski park. Kszta\u0142t nawi\u0105zuje do tradycyjnych doniczek na kwiaty. Jednak u\u017cyty beton architektoniczny nadaje szlachetno\u015bci donicy Ricardo.<\/p>\n<p>Donice Ricardo s\u0105 w trzech uniwersalnych kolorach: bia\u0142ym, szarym i czarnym. Taki zestaw kolorystyczny to dobre t\u0142o dla zieleni we wszystkich jej odcieniach. Przy tym wszystkie trzy kolory dobrze dopasuj\u0105 si\u0119 do wszelkich barw fasad.<\/p>\n<p>Donica Ricardo ma w dnie otw\u00f3r odp\u0142ywowy, dzi\u0119ki czemu system korzeniowy ma zapewniony w\u0142a\u015bciwy poziom nawil\u017cenia. Rozmiary donicy Ricardo sprawiaj\u0105, \u017ce nadaje si\u0119 nawet do zasadzenia wi\u0119kszych krzew\u00f3w czy ma\u0142ych drzewek. G\u0142adkie powierzchnie naczynia \u015bwietnie wydob\u0119d\u0105 urod\u0119 ro\u015bliny posadzonej w donicy.<\/p>\n<p>Donice ogrodowe betonowe to \u015bwietny wyb\u00f3r, kt\u00f3ry nada ogrodowi, tarasowi oraz innym terenom zielonym stylu i elegancji. Spo\u015br\u00f3d wielu modeli warto postawi\u0107 na donic\u0119 Ricardo. Donica ta to idealny wyb\u00f3r dla os\u00f3b, kt\u00f3re lubi\u0105 ponadczasowy styl i uniwersaln\u0105 form\u0119.<\/p>\n","protected":false},"excerpt":{"rendered":"<p>Donica Ricardo z betonu (ultra betonu). Wyst\u0119puje w trzech podstawowych kolorach: bia\u0142ym, szarym oraz czarnym. Donica produkowana jest w standardzie z otworami odp\u0142ywowymi. Waga donicy to: 92 kg, a wymiary: \u015brednica: 77 cm, wysoko\u015b\u0107: 87 cm.<\/p>\n","protected":false},"featured_media":58092,"template":"","meta":{"_acf_changed":false},"product_brand":[],"product_cat":[144],"product_tag":[445,444],"class_list":{"0":"post-50786","1":"product","2":"type-product","3":"status-publish","4":"has-post-thumbnail","6":"product_cat-donice-z-betonu","7":"product_tag-donice-betonowe","8":"product_tag-donice-ogrodowe","9":"description-off","10":"tm-has-options","12":"first","13":"instock","14":"shipping-taxable","15":"purchasable","16":"product-type-simple"},"acf":[],"yoast_head":"<!-- This site is optimized with the Yoast SEO plugin v27.5 - https:\/\/yoast.com\/product\/yoast-seo-wordpress\/ -->\n<title>Donica Betonowa RICARDO Klasyczna, Wytrzyma\u0142a i Elegancka<\/title>\n<meta name=\"description\" content=\"Kszta\u0142t nawi\u0105zuje do tradycyjnych doniczek na kwiaty. Jednak u\u017cyty beton architektoniczny nadaje szlachetno\u015bci donicy Ricardo.\" \/>\n<meta name=\"robots\" content=\"index, follow, max-snippet:-1, max-image-preview:large, max-video-preview:-1\" \/>\n<link rel=\"canonical\" href=\"https:\/\/worldofflowerpots.com\/sklep\/donice-ogrodowe-betonowe-ricardo\/\" \/>\n<meta property=\"og:locale\" content=\"pl_PL\" \/>\n<meta property=\"og:type\" content=\"article\" \/>\n<meta property=\"og:title\" content=\"Donica Betonowa RICARDO Klasyczna, Wytrzyma\u0142a i Elegancka\" \/>\n<meta property=\"og:description\" content=\"Kszta\u0142t nawi\u0105zuje do tradycyjnych doniczek na kwiaty. Jednak u\u017cyty beton architektoniczny nadaje szlachetno\u015bci donicy Ricardo.\" \/>\n<meta property=\"og:url\" content=\"https:\/\/worldofflowerpots.com\/sklep\/donice-ogrodowe-betonowe-ricardo\/\" \/>\n<meta property=\"og:site_name\" content=\"World of Flowerpots\" \/>\n<meta property=\"article:modified_time\" content=\"2019-04-16T09:37:49+00:00\" \/>\n<meta property=\"og:image\" content=\"https:\/\/worldofflowerpots.com\/wp-content\/uploads\/2019\/01\/donice-ogrodowe-betonowe-Ricardo.jpg\" \/>\n\t<meta property=\"og:image:width\" content=\"1920\" \/>\n\t<meta property=\"og:image:height\" content=\"1080\" \/>\n\t<meta property=\"og:image:type\" content=\"image\/jpeg\" \/>\n<meta name=\"twitter:card\" content=\"summary_large_image\" \/>\n<meta name=\"twitter:label1\" content=\"Szacowany czas czytania\" \/>\n\t<meta name=\"twitter:data1\" content=\"2 minuty\" \/>\n<script type=\"application\/ld+json\" class=\"yoast-schema-graph\">{\"@context\":\"https:\\\/\\\/schema.org\",\"@graph\":[{\"@type\":\"WebPage\",\"@id\":\"https:\\\/\\\/worldofflowerpots.com\\\/sklep\\\/donice-ogrodowe-betonowe-ricardo\\\/\",\"url\":\"https:\\\/\\\/worldofflowerpots.com\\\/sklep\\\/donice-ogrodowe-betonowe-ricardo\\\/\",\"name\":\"Donica Betonowa RICARDO Klasyczna, Wytrzyma\u0142a i Elegancka\",\"isPartOf\":{\"@id\":\"https:\\\/\\\/worldofflowerpots.com\\\/#website\"},\"primaryImageOfPage\":{\"@id\":\"https:\\\/\\\/worldofflowerpots.com\\\/sklep\\\/donice-ogrodowe-betonowe-ricardo\\\/#primaryimage\"},\"image\":{\"@id\":\"https:\\\/\\\/worldofflowerpots.com\\\/sklep\\\/donice-ogrodowe-betonowe-ricardo\\\/#primaryimage\"},\"thumbnailUrl\":\"https:\\\/\\\/worldofflowerpots.com\\\/wp-content\\\/uploads\\\/2019\\\/01\\\/donice-ogrodowe-betonowe-Ricardo.jpg\",\"datePublished\":\"2019-01-18T14:06:45+00:00\",\"dateModified\":\"2019-04-16T09:37:49+00:00\",\"description\":\"Kszta\u0142t nawi\u0105zuje do tradycyjnych doniczek na kwiaty. Jednak u\u017cyty beton architektoniczny nadaje szlachetno\u015bci donicy Ricardo.\",\"breadcrumb\":{\"@id\":\"https:\\\/\\\/worldofflowerpots.com\\\/sklep\\\/donice-ogrodowe-betonowe-ricardo\\\/#breadcrumb\"},\"inLanguage\":\"pl-PL\",\"potentialAction\":[{\"@type\":\"ReadAction\",\"target\":[\"https:\\\/\\\/worldofflowerpots.com\\\/sklep\\\/donice-ogrodowe-betonowe-ricardo\\\/\"]}]},{\"@type\":\"ImageObject\",\"inLanguage\":\"pl-PL\",\"@id\":\"https:\\\/\\\/worldofflowerpots.com\\\/sklep\\\/donice-ogrodowe-betonowe-ricardo\\\/#primaryimage\",\"url\":\"https:\\\/\\\/worldofflowerpots.com\\\/wp-content\\\/uploads\\\/2019\\\/01\\\/donice-ogrodowe-betonowe-Ricardo.jpg\",\"contentUrl\":\"https:\\\/\\\/worldofflowerpots.com\\\/wp-content\\\/uploads\\\/2019\\\/01\\\/donice-ogrodowe-betonowe-Ricardo.jpg\",\"width\":1920,\"height\":1080},{\"@type\":\"BreadcrumbList\",\"@id\":\"https:\\\/\\\/worldofflowerpots.com\\\/sklep\\\/donice-ogrodowe-betonowe-ricardo\\\/#breadcrumb\",\"itemListElement\":[{\"@type\":\"ListItem\",\"position\":1,\"name\":\"Strona g\u0142\u00f3wna\",\"item\":\"https:\\\/\\\/worldofflowerpots.com\\\/\"},{\"@type\":\"ListItem\",\"position\":2,\"name\":\"Sklep\",\"item\":\"https:\\\/\\\/worldofflowerpots.com\\\/sklep\\\/\"},{\"@type\":\"ListItem\",\"position\":3,\"name\":\"Donice ogrodowe betonowe Ricardo\"}]},{\"@type\":\"WebSite\",\"@id\":\"https:\\\/\\\/worldofflowerpots.com\\\/#website\",\"url\":\"https:\\\/\\\/worldofflowerpots.com\\\/\",\"name\":\"World of Flowerpots\",\"description\":\"producent donic ozdobnych\",\"potentialAction\":[{\"@type\":\"SearchAction\",\"target\":{\"@type\":\"EntryPoint\",\"urlTemplate\":\"https:\\\/\\\/worldofflowerpots.com\\\/?s={search_term_string}\"},\"query-input\":{\"@type\":\"PropertyValueSpecification\",\"valueRequired\":true,\"valueName\":\"search_term_string\"}}],\"inLanguage\":\"pl-PL\"}]}<\/script>\n<!-- \/ Yoast SEO plugin. -->","yoast_head_json":{"title":"Donica Betonowa RICARDO Klasyczna, Wytrzyma\u0142a i Elegancka","description":"Kszta\u0142t nawi\u0105zuje do tradycyjnych doniczek na kwiaty. Jednak u\u017cyty beton architektoniczny nadaje szlachetno\u015bci donicy Ricardo.","robots":{"index":"index","follow":"follow","max-snippet":"max-snippet:-1","max-image-preview":"max-image-preview:large","max-video-preview":"max-video-preview:-1"},"canonical":"https:\/\/worldofflowerpots.com\/sklep\/donice-ogrodowe-betonowe-ricardo\/","og_locale":"pl_PL","og_type":"article","og_title":"Donica Betonowa RICARDO Klasyczna, Wytrzyma\u0142a i Elegancka","og_description":"Kszta\u0142t nawi\u0105zuje do tradycyjnych doniczek na kwiaty. Jednak u\u017cyty beton architektoniczny nadaje szlachetno\u015bci donicy Ricardo.","og_url":"https:\/\/worldofflowerpots.com\/sklep\/donice-ogrodowe-betonowe-ricardo\/","og_site_name":"World of Flowerpots","article_modified_time":"2019-04-16T09:37:49+00:00","og_image":[{"width":1920,"height":1080,"url":"https:\/\/worldofflowerpots.com\/wp-content\/uploads\/2019\/01\/donice-ogrodowe-betonowe-Ricardo.jpg","type":"image\/jpeg"}],"twitter_card":"summary_large_image","twitter_misc":{"Szacowany czas czytania":"2 minuty"},"schema":{"@context":"https:\/\/schema.org","@graph":[{"@type":"WebPage","@id":"https:\/\/worldofflowerpots.com\/sklep\/donice-ogrodowe-betonowe-ricardo\/","url":"https:\/\/worldofflowerpots.com\/sklep\/donice-ogrodowe-betonowe-ricardo\/","name":"Donica Betonowa RICARDO Klasyczna, Wytrzyma\u0142a i Elegancka","isPartOf":{"@id":"https:\/\/worldofflowerpots.com\/#website"},"primaryImageOfPage":{"@id":"https:\/\/worldofflowerpots.com\/sklep\/donice-ogrodowe-betonowe-ricardo\/#primaryimage"},"image":{"@id":"https:\/\/worldofflowerpots.com\/sklep\/donice-ogrodowe-betonowe-ricardo\/#primaryimage"},"thumbnailUrl":"https:\/\/worldofflowerpots.com\/wp-content\/uploads\/2019\/01\/donice-ogrodowe-betonowe-Ricardo.jpg","datePublished":"2019-01-18T14:06:45+00:00","dateModified":"2019-04-16T09:37:49+00:00","description":"Kszta\u0142t nawi\u0105zuje do tradycyjnych doniczek na kwiaty. Jednak u\u017cyty beton architektoniczny nadaje szlachetno\u015bci donicy Ricardo.","breadcrumb":{"@id":"https:\/\/worldofflowerpots.com\/sklep\/donice-ogrodowe-betonowe-ricardo\/#breadcrumb"},"inLanguage":"pl-PL","potentialAction":[{"@type":"ReadAction","target":["https:\/\/worldofflowerpots.com\/sklep\/donice-ogrodowe-betonowe-ricardo\/"]}]},{"@type":"ImageObject","inLanguage":"pl-PL","@id":"https:\/\/worldofflowerpots.com\/sklep\/donice-ogrodowe-betonowe-ricardo\/#primaryimage","url":"https:\/\/worldofflowerpots.com\/wp-content\/uploads\/2019\/01\/donice-ogrodowe-betonowe-Ricardo.jpg","contentUrl":"https:\/\/worldofflowerpots.com\/wp-content\/uploads\/2019\/01\/donice-ogrodowe-betonowe-Ricardo.jpg","width":1920,"height":1080},{"@type":"BreadcrumbList","@id":"https:\/\/worldofflowerpots.com\/sklep\/donice-ogrodowe-betonowe-ricardo\/#breadcrumb","itemListElement":[{"@type":"ListItem","position":1,"name":"Strona g\u0142\u00f3wna","item":"https:\/\/worldofflowerpots.com\/"},{"@type":"ListItem","position":2,"name":"Sklep","item":"https:\/\/worldofflowerpots.com\/sklep\/"},{"@type":"ListItem","position":3,"name":"Donice ogrodowe betonowe Ricardo"}]},{"@type":"WebSite","@id":"https:\/\/worldofflowerpots.com\/#website","url":"https:\/\/worldofflowerpots.com\/","name":"World of Flowerpots","description":"producent donic ozdobnych","potentialAction":[{"@type":"SearchAction","target":{"@type":"EntryPoint","urlTemplate":"https:\/\/worldofflowerpots.com\/?s={search_term_string}"},"query-input":{"@type":"PropertyValueSpecification","valueRequired":true,"valueName":"search_term_string"}}],"inLanguage":"pl-PL"}]}},"_links":{"self":[{"href":"https:\/\/worldofflowerpots.com\/pl\/wp-json\/wp\/v2\/product\/50786","targetHints":{"allow":["GET"]}}],"collection":[{"href":"https:\/\/worldofflowerpots.com\/pl\/wp-json\/wp\/v2\/product"}],"about":[{"href":"https:\/\/worldofflowerpots.com\/pl\/wp-json\/wp\/v2\/types\/product"}],"wp:featuredmedia":[{"embeddable":true,"href":"https:\/\/worldofflowerpots.com\/pl\/wp-json\/wp\/v2\/media\/58092"}],"wp:attachment":[{"href":"https:\/\/worldofflowerpots.com\/pl\/wp-json\/wp\/v2\/media?parent=50786"}],"wp:term":[{"taxonomy":"product_brand","embeddable":true,"href":"https:\/\/worldofflowerpots.com\/pl\/wp-json\/wp\/v2\/product_brand?post=50786"},{"taxonomy":"product_cat","embeddable":true,"href":"https:\/\/worldofflowerpots.com\/pl\/wp-json\/wp\/v2\/product_cat?post=50786"},{"taxonomy":"product_tag","embeddable":true,"href":"https:\/\/worldofflowerpots.com\/pl\/wp-json\/wp\/v2\/product_tag?post=50786"}],"curies":[{"name":"wp","href":"https:\/\/api.w.org\/{rel}","templated":true}]}}