{"id":50787,"date":"2019-01-18T15:06:46","date_gmt":"2019-01-18T14:06:46","guid":{"rendered":"https:\/\/worldofflowerpots.com\/product\/import-placeholder-for-138\/"},"modified":"2019-04-16T11:33:26","modified_gmt":"2019-04-16T09:33:26","slug":"klasyczne-duze-donice-na-taras-luciano","status":"publish","type":"product","link":"https:\/\/worldofflowerpots.com\/pl\/sklep\/klasyczne-duze-donice-na-taras-luciano\/","title":{"rendered":"Du\u017ce donice na Taras Luciano"},"content":{"rendered":"<p><img loading=\"lazy\" decoding=\"async\" class=\"aligncenter wp-image-59007 size-full\" src=\"https:\/\/worldofflowerpots.com\/wp-content\/uploads\/2016\/12\/przygotowanie-donic-do-u\u017cytkowania-2.png\" alt=\"\" width=\"836\" height=\"598\" srcset=\"https:\/\/worldofflowerpots.com\/wp-content\/uploads\/2016\/12\/przygotowanie-donic-do-u\u017cytkowania-2.png 836w, https:\/\/worldofflowerpots.com\/wp-content\/uploads\/2016\/12\/przygotowanie-donic-do-u\u017cytkowania-2-300x215.png 300w, https:\/\/worldofflowerpots.com\/wp-content\/uploads\/2016\/12\/przygotowanie-donic-do-u\u017cytkowania-2-768x549.png 768w, https:\/\/worldofflowerpots.com\/wp-content\/uploads\/2016\/12\/przygotowanie-donic-do-u\u017cytkowania-2-600x429.png 600w\" sizes=\"auto, (max-width: 836px) 100vw, 836px\" \/><\/p>\n<p>O tym, jak prezentuje si\u0119 przestrze\u0144 miejska decyduj\u0105 nie tylko budynki, ale r\u00f3wnie\u017c ziele\u0144 i ro\u015blinno\u015b\u0107. Stworzenie pi\u0119knej aran\u017cacji przestrzeni zielonej to klucz do og\u00f3lnej prezentacji danego miejsca. Istnieje wiele sposob\u00f3w na to, aby o\u017cywi\u0107 ka\u017cd\u0105 okolic\u0119. Jednym z nich jest wykorzystanie donic betonowych.<\/p>\n<h2>DONICE OGRODOWE<\/h2>\n<p>Du\u017ce donice na taras ciesz\u0105 si\u0119 sporym zainteresowaniem. Ka\u017cdy pragnie stworzy\u0107 przepi\u0119kn\u0105 przestrze\u0144 wok\u00f3\u0142 swojego domu. Ogr\u00f3d jest miejscem, kt\u00f3re wymaga takiej samej uwagi, jak i pomieszczenia w domu. Tutaj z pomoc\u0105 przychodz\u0105 donice ogrodowe. Jedn\u0105 z takich donic jest klasyczna betonowa donica Luciano. Dost\u0119pna jest w trzech podstawowych kolorach: bia\u0142ym, szarym i czarnym. Te klasyczne i eleganckie kolory pozwalaj\u0105 na stworzenie estetycznej i schludnej aran\u017cacji. Donica Luciano jest produkowana w standardzie z otworami odp\u0142ywowymi.<\/p>\n<h2>DONICA ODPORNA NA WARUNKU ZEWN\u0118TRZNE<\/h2>\n<p>Du\u017ce donice na taras mog\u0105 by\u0107 wykonane z wielu r\u00f3\u017cnych materia\u0142\u00f3w. Jednak tym, co jest najwa\u017cniejsze, jest ich wytrzyma\u0142o\u015b\u0107 na warunki zewn\u0119trzne. Model Luciano jest klasyczn\u0105 donic\u0105 sto\u017ckow\u0105, wykonan\u0105 z ultra betonu lub polimerobetonu. To tworzywo charakteryzuje si\u0119 bardzo wysokimi parametrami mrozoodporno\u015bci oraz wytrzyma\u0142o\u015bci na uszkodzenia mechaniczne. Poza walorami jako\u015bciowymi, atutem donicy jest kszta\u0142t, kt\u00f3ry u\u0142atwia hodowl\u0119. \u0141atwe staje si\u0119 przesadzanie ro\u015blin \u015bredniej wielko\u015bci, g\u0142\u00f3wnie krzew\u00f3w oraz ma\u0142ych drzewek.<\/p>\n<h2>SZYK I ELEGANCJA<\/h2>\n<p>Luciano to donica betonowa, posiadaj\u0105ca eleganck\u0105 faktur\u0119, kt\u00f3ra doskonale prezentuje si\u0119 zar\u00f3wno w przestrzeni miejskiej, jak i domowej oraz biznesowej. Subtelna i stonowana kolorystyka sprawia, \u017ce pomimo do\u015b\u0107 sporych gabaryt\u00f3w, donica dyskretnie komponuje si\u0119 z innymi elementami ma\u0142ej architektury oraz ca\u0142ym krajobrazem, dodaj\u0105c mu szyku i elegancji.<\/p>\n<h2>ARAN\u017bACJA PRZESTRZENI Z WYKORZYSTANIEM DONICY LUCIANO<\/h2>\n<p>Du\u017ce donice na taras s\u0105 ch\u0119tnie wykorzystywanym elementem tworzenia zielonego krajobrazu. Donica Luciano \u015bwietnie prezentuje si\u0119 na drewnianym tarasie. Jednak jej kszta\u0142t i kolory sprawiaj\u0105, \u017ce mo\u017ce by\u0107 wykorzystana w\u0142a\u015bciwie w ka\u017cdej przestrzeni. Wygl\u0105da \u015bwietnie w szeregu kilku donic, pe\u0142nych kolorowych kwiat\u00f3w. Wspaniale wsp\u00f3\u0142gra z kamieniami, \u017cwirkiem lub marmurem. Ograniczeniem wykorzystania donicy Luciano jest tylko wyobra\u017ania projektanta.<\/p>\n","protected":false},"excerpt":{"rendered":"<p>Donica Luciano z betonu. Wyst\u0119puje w trzech podstawowych kolorach: bia\u0142ym, szarym oraz czarnym. Donica produkowana jest w standardzie z otworami odp\u0142ywowymi. Waga donicy to: 85 kg, a wymiary: \u015brednica: 139 cm, wysoko\u015b\u0107: 98 cm.<\/p>\n","protected":false},"featured_media":58052,"template":"","meta":{"_acf_changed":false},"product_brand":[],"product_cat":[144],"product_tag":[445,444],"class_list":{"0":"post-50787","1":"product","2":"type-product","3":"status-publish","4":"has-post-thumbnail","6":"product_cat-donice-z-betonu","7":"product_tag-donice-betonowe","8":"product_tag-donice-ogrodowe","9":"description-off","10":"tm-has-options","12":"first","13":"instock","14":"shipping-taxable","15":"purchasable","16":"product-type-simple"},"acf":[],"yoast_head":"<!-- This site is optimized with the Yoast SEO plugin v27.5 - https:\/\/yoast.com\/product\/yoast-seo-wordpress\/ -->\n<title>Du\u017ce Donice na Taras Sto\u017ckowe - Bardzo Odporne LUCIANO<\/title>\n<meta name=\"description\" content=\"Du\u017ce donice na taras mog\u0105 by\u0107 wykonane z wielu r\u00f3\u017cnych materia\u0142\u00f3w. Jednak tym, co jest najwa\u017cniejsze, jest ich wytrzyma\u0142o\u015b\u0107 na warunki zewn\u0119trzne.\" \/>\n<meta name=\"robots\" content=\"index, follow, max-snippet:-1, max-image-preview:large, max-video-preview:-1\" \/>\n<link rel=\"canonical\" href=\"https:\/\/worldofflowerpots.com\/sklep\/klasyczne-duze-donice-na-taras-luciano\/\" \/>\n<meta property=\"og:locale\" content=\"pl_PL\" \/>\n<meta property=\"og:type\" content=\"article\" \/>\n<meta property=\"og:title\" content=\"Du\u017ce Donice na Taras Sto\u017ckowe - Bardzo Odporne LUCIANO\" \/>\n<meta property=\"og:description\" content=\"Du\u017ce donice na taras mog\u0105 by\u0107 wykonane z wielu r\u00f3\u017cnych materia\u0142\u00f3w. Jednak tym, co jest najwa\u017cniejsze, jest ich wytrzyma\u0142o\u015b\u0107 na warunki zewn\u0119trzne.\" \/>\n<meta property=\"og:url\" content=\"https:\/\/worldofflowerpots.com\/sklep\/klasyczne-duze-donice-na-taras-luciano\/\" \/>\n<meta property=\"og:site_name\" content=\"World of Flowerpots\" \/>\n<meta property=\"article:modified_time\" content=\"2019-04-16T09:33:26+00:00\" \/>\n<meta property=\"og:image\" content=\"https:\/\/worldofflowerpots.com\/wp-content\/uploads\/2019\/01\/Du\u017ce-donice-na-taras-Luciano.jpg\" \/>\n\t<meta property=\"og:image:width\" content=\"1920\" \/>\n\t<meta property=\"og:image:height\" content=\"1080\" \/>\n\t<meta property=\"og:image:type\" content=\"image\/jpeg\" \/>\n<meta name=\"twitter:card\" content=\"summary_large_image\" \/>\n<meta name=\"twitter:label1\" content=\"Szacowany czas czytania\" \/>\n\t<meta name=\"twitter:data1\" content=\"2 minuty\" \/>\n<script type=\"application\/ld+json\" class=\"yoast-schema-graph\">{\"@context\":\"https:\\\/\\\/schema.org\",\"@graph\":[{\"@type\":\"WebPage\",\"@id\":\"https:\\\/\\\/worldofflowerpots.com\\\/sklep\\\/klasyczne-duze-donice-na-taras-luciano\\\/\",\"url\":\"https:\\\/\\\/worldofflowerpots.com\\\/sklep\\\/klasyczne-duze-donice-na-taras-luciano\\\/\",\"name\":\"Du\u017ce Donice na Taras Sto\u017ckowe - Bardzo Odporne LUCIANO\",\"isPartOf\":{\"@id\":\"https:\\\/\\\/worldofflowerpots.com\\\/#website\"},\"primaryImageOfPage\":{\"@id\":\"https:\\\/\\\/worldofflowerpots.com\\\/sklep\\\/klasyczne-duze-donice-na-taras-luciano\\\/#primaryimage\"},\"image\":{\"@id\":\"https:\\\/\\\/worldofflowerpots.com\\\/sklep\\\/klasyczne-duze-donice-na-taras-luciano\\\/#primaryimage\"},\"thumbnailUrl\":\"https:\\\/\\\/worldofflowerpots.com\\\/wp-content\\\/uploads\\\/2019\\\/01\\\/Du\u017ce-donice-na-taras-Luciano.jpg\",\"datePublished\":\"2019-01-18T14:06:46+00:00\",\"dateModified\":\"2019-04-16T09:33:26+00:00\",\"description\":\"Du\u017ce donice na taras mog\u0105 by\u0107 wykonane z wielu r\u00f3\u017cnych materia\u0142\u00f3w. Jednak tym, co jest najwa\u017cniejsze, jest ich wytrzyma\u0142o\u015b\u0107 na warunki zewn\u0119trzne.\",\"breadcrumb\":{\"@id\":\"https:\\\/\\\/worldofflowerpots.com\\\/sklep\\\/klasyczne-duze-donice-na-taras-luciano\\\/#breadcrumb\"},\"inLanguage\":\"pl-PL\",\"potentialAction\":[{\"@type\":\"ReadAction\",\"target\":[\"https:\\\/\\\/worldofflowerpots.com\\\/sklep\\\/klasyczne-duze-donice-na-taras-luciano\\\/\"]}]},{\"@type\":\"ImageObject\",\"inLanguage\":\"pl-PL\",\"@id\":\"https:\\\/\\\/worldofflowerpots.com\\\/sklep\\\/klasyczne-duze-donice-na-taras-luciano\\\/#primaryimage\",\"url\":\"https:\\\/\\\/worldofflowerpots.com\\\/wp-content\\\/uploads\\\/2019\\\/01\\\/Du\u017ce-donice-na-taras-Luciano.jpg\",\"contentUrl\":\"https:\\\/\\\/worldofflowerpots.com\\\/wp-content\\\/uploads\\\/2019\\\/01\\\/Du\u017ce-donice-na-taras-Luciano.jpg\",\"width\":1920,\"height\":1080},{\"@type\":\"BreadcrumbList\",\"@id\":\"https:\\\/\\\/worldofflowerpots.com\\\/sklep\\\/klasyczne-duze-donice-na-taras-luciano\\\/#breadcrumb\",\"itemListElement\":[{\"@type\":\"ListItem\",\"position\":1,\"name\":\"Strona g\u0142\u00f3wna\",\"item\":\"https:\\\/\\\/worldofflowerpots.com\\\/\"},{\"@type\":\"ListItem\",\"position\":2,\"name\":\"Sklep\",\"item\":\"https:\\\/\\\/worldofflowerpots.com\\\/sklep\\\/\"},{\"@type\":\"ListItem\",\"position\":3,\"name\":\"Du\u017ce donice na Taras Luciano\"}]},{\"@type\":\"WebSite\",\"@id\":\"https:\\\/\\\/worldofflowerpots.com\\\/#website\",\"url\":\"https:\\\/\\\/worldofflowerpots.com\\\/\",\"name\":\"World of Flowerpots\",\"description\":\"producent donic ozdobnych\",\"potentialAction\":[{\"@type\":\"SearchAction\",\"target\":{\"@type\":\"EntryPoint\",\"urlTemplate\":\"https:\\\/\\\/worldofflowerpots.com\\\/?s={search_term_string}\"},\"query-input\":{\"@type\":\"PropertyValueSpecification\",\"valueRequired\":true,\"valueName\":\"search_term_string\"}}],\"inLanguage\":\"pl-PL\"}]}<\/script>\n<!-- \/ Yoast SEO plugin. -->","yoast_head_json":{"title":"Du\u017ce Donice na Taras Sto\u017ckowe - Bardzo Odporne LUCIANO","description":"Du\u017ce donice na taras mog\u0105 by\u0107 wykonane z wielu r\u00f3\u017cnych materia\u0142\u00f3w. Jednak tym, co jest najwa\u017cniejsze, jest ich wytrzyma\u0142o\u015b\u0107 na warunki zewn\u0119trzne.","robots":{"index":"index","follow":"follow","max-snippet":"max-snippet:-1","max-image-preview":"max-image-preview:large","max-video-preview":"max-video-preview:-1"},"canonical":"https:\/\/worldofflowerpots.com\/sklep\/klasyczne-duze-donice-na-taras-luciano\/","og_locale":"pl_PL","og_type":"article","og_title":"Du\u017ce Donice na Taras Sto\u017ckowe - Bardzo Odporne LUCIANO","og_description":"Du\u017ce donice na taras mog\u0105 by\u0107 wykonane z wielu r\u00f3\u017cnych materia\u0142\u00f3w. Jednak tym, co jest najwa\u017cniejsze, jest ich wytrzyma\u0142o\u015b\u0107 na warunki zewn\u0119trzne.","og_url":"https:\/\/worldofflowerpots.com\/sklep\/klasyczne-duze-donice-na-taras-luciano\/","og_site_name":"World of Flowerpots","article_modified_time":"2019-04-16T09:33:26+00:00","og_image":[{"width":1920,"height":1080,"url":"https:\/\/worldofflowerpots.com\/wp-content\/uploads\/2019\/01\/Du\u017ce-donice-na-taras-Luciano.jpg","type":"image\/jpeg"}],"twitter_card":"summary_large_image","twitter_misc":{"Szacowany czas czytania":"2 minuty"},"schema":{"@context":"https:\/\/schema.org","@graph":[{"@type":"WebPage","@id":"https:\/\/worldofflowerpots.com\/sklep\/klasyczne-duze-donice-na-taras-luciano\/","url":"https:\/\/worldofflowerpots.com\/sklep\/klasyczne-duze-donice-na-taras-luciano\/","name":"Du\u017ce Donice na Taras Sto\u017ckowe - Bardzo Odporne LUCIANO","isPartOf":{"@id":"https:\/\/worldofflowerpots.com\/#website"},"primaryImageOfPage":{"@id":"https:\/\/worldofflowerpots.com\/sklep\/klasyczne-duze-donice-na-taras-luciano\/#primaryimage"},"image":{"@id":"https:\/\/worldofflowerpots.com\/sklep\/klasyczne-duze-donice-na-taras-luciano\/#primaryimage"},"thumbnailUrl":"https:\/\/worldofflowerpots.com\/wp-content\/uploads\/2019\/01\/Du\u017ce-donice-na-taras-Luciano.jpg","datePublished":"2019-01-18T14:06:46+00:00","dateModified":"2019-04-16T09:33:26+00:00","description":"Du\u017ce donice na taras mog\u0105 by\u0107 wykonane z wielu r\u00f3\u017cnych materia\u0142\u00f3w. Jednak tym, co jest najwa\u017cniejsze, jest ich wytrzyma\u0142o\u015b\u0107 na warunki zewn\u0119trzne.","breadcrumb":{"@id":"https:\/\/worldofflowerpots.com\/sklep\/klasyczne-duze-donice-na-taras-luciano\/#breadcrumb"},"inLanguage":"pl-PL","potentialAction":[{"@type":"ReadAction","target":["https:\/\/worldofflowerpots.com\/sklep\/klasyczne-duze-donice-na-taras-luciano\/"]}]},{"@type":"ImageObject","inLanguage":"pl-PL","@id":"https:\/\/worldofflowerpots.com\/sklep\/klasyczne-duze-donice-na-taras-luciano\/#primaryimage","url":"https:\/\/worldofflowerpots.com\/wp-content\/uploads\/2019\/01\/Du\u017ce-donice-na-taras-Luciano.jpg","contentUrl":"https:\/\/worldofflowerpots.com\/wp-content\/uploads\/2019\/01\/Du\u017ce-donice-na-taras-Luciano.jpg","width":1920,"height":1080},{"@type":"BreadcrumbList","@id":"https:\/\/worldofflowerpots.com\/sklep\/klasyczne-duze-donice-na-taras-luciano\/#breadcrumb","itemListElement":[{"@type":"ListItem","position":1,"name":"Strona g\u0142\u00f3wna","item":"https:\/\/worldofflowerpots.com\/"},{"@type":"ListItem","position":2,"name":"Sklep","item":"https:\/\/worldofflowerpots.com\/sklep\/"},{"@type":"ListItem","position":3,"name":"Du\u017ce donice na Taras Luciano"}]},{"@type":"WebSite","@id":"https:\/\/worldofflowerpots.com\/#website","url":"https:\/\/worldofflowerpots.com\/","name":"World of Flowerpots","description":"producent donic ozdobnych","potentialAction":[{"@type":"SearchAction","target":{"@type":"EntryPoint","urlTemplate":"https:\/\/worldofflowerpots.com\/?s={search_term_string}"},"query-input":{"@type":"PropertyValueSpecification","valueRequired":true,"valueName":"search_term_string"}}],"inLanguage":"pl-PL"}]}},"_links":{"self":[{"href":"https:\/\/worldofflowerpots.com\/pl\/wp-json\/wp\/v2\/product\/50787","targetHints":{"allow":["GET"]}}],"collection":[{"href":"https:\/\/worldofflowerpots.com\/pl\/wp-json\/wp\/v2\/product"}],"about":[{"href":"https:\/\/worldofflowerpots.com\/pl\/wp-json\/wp\/v2\/types\/product"}],"wp:featuredmedia":[{"embeddable":true,"href":"https:\/\/worldofflowerpots.com\/pl\/wp-json\/wp\/v2\/media\/58052"}],"wp:attachment":[{"href":"https:\/\/worldofflowerpots.com\/pl\/wp-json\/wp\/v2\/media?parent=50787"}],"wp:term":[{"taxonomy":"product_brand","embeddable":true,"href":"https:\/\/worldofflowerpots.com\/pl\/wp-json\/wp\/v2\/product_brand?post=50787"},{"taxonomy":"product_cat","embeddable":true,"href":"https:\/\/worldofflowerpots.com\/pl\/wp-json\/wp\/v2\/product_cat?post=50787"},{"taxonomy":"product_tag","embeddable":true,"href":"https:\/\/worldofflowerpots.com\/pl\/wp-json\/wp\/v2\/product_tag?post=50787"}],"curies":[{"name":"wp","href":"https:\/\/api.w.org\/{rel}","templated":true}]}}